{"id":4448,"date":"2023-05-17T06:02:36","date_gmt":"2023-05-17T10:02:36","guid":{"rendered":"https:\/\/www.rbcwealthmanagement.com\/en-ca\/?page_id=4448"},"modified":"2025-05-09T15:56:36","modified_gmt":"2025-05-09T19:56:36","slug":"resolving-your-concerns","status":"publish","type":"page","link":"https:\/\/www.rbcwealthmanagement.com\/en-ca\/dominion-securities\/resolving-your-concerns","title":{"rendered":"Resolving your concerns &#8211; RBC Dominion Securities"},"content":{"rendered":"\n<div class=\"wp-block-rbcwm-hero-block rbc-hero-wm  rbc-hero-overlap rbc-hero-overlap-mobile rbc-hero-kxdpk1gz6 hide-mobile-energy-lines\"><style>\n\t\t.rbc-hero-kxdpk1gz6.is-style-rbc-hero-gradient::before {\n\t\t\tbackground: linear-gradient(90deg, #023169 20%, rgba(94, 120, 131, 0) 60%);\n\t\t}\n\n\t\t.rbc-hero-kxdpk1gz6.is-style-rbc-hero-gradient.rbc-hero-has-image-bleed::before {\n\t\t\tbackground: linear-gradient(90deg, #023169 20%, rgba(94, 120, 131, 0) 60%);\n\t\t}\n\n\t\t.rbc-hero-kxdpk1gz6.is-style-rbc-hero-gradient.rbc-hero-has-image-bottom::before {\n\t\t\tbackground: linear-gradient(180deg, #023169 20%, rgba(94, 120, 131, 0) 60%);\n\t\t}\n\n\t\t.rbc-hero-kxdpk1gz6 .rbc-hero-energy-lines.rbc-hero-energy-lines-left {\n\t\t\ttransform: scaleX(-1);\n\t\t}\n\n\t\t@media (max-width: 991px) {\n\t\t\t.rbc-hero-kxdpk1gz6.is-style-rbc-hero-gradient::before,\n\t\t\t.rbc-hero-kxdpk1gz6.is-style-rbc-hero-gradient.rbc-hero-has-image-bottom::before,\n\t\t\t.rbc-hero-kxdpk1gz6.is-style-rbc-hero-gradient.rbc-hero-has-image-bleed::before {\n\t\t\t\tbackground: none;\n\t\t\t}\n\n\t\t\t.rbc-hero-kxdpk1gz6.rbc-hero-has-image-full.hide-mobile-energy-lines .rbc-hero-energy-lines {\n\t\t\t\tdisplay: none;\n\t\t\t}\n\n\t\t\t.wp-block-rbcwm-hero-block.rbc-hero-kxdpk1gz6.is-style-rbc-hero-gradient .rbc-hero-img-wrap::after {\n\t\t\t\tbackground: linear-gradient( 0deg, #023169 0%, rgba(94, 120, 131, 0) 25% );\n\t\t\t}\n\t\t\t\n\t\t\t.wp-block-rbcwm-hero-block.rbc-hero-kxdpk1gz6.is-style-rbc-hero-gradient.rbc-hero-has-image-bottom .rbc-hero-img-wrap::before,\n            .wp-block-rbcwm-hero-block.rbc-hero-kxdpk1gz6.is-style-rbc-hero-gradient.rbc-hero-has-image-bottom .container .rbc-hero-img-wrap::before {\n\t\t\t\tbackground: linear-gradient( 180deg, #023169 0%, rgba( 94, 120, 131, 0 ) 25% );\n\t\t\t}\n\t\t\t\n\t\t\t.wp-block-rbcwm-hero-block.rbc-hero-kxdpk1gz6.is-style-rbc-hero-gradient .rbc-hero-card {\n\t\t\t\tbackground: #023169;\n\t\t\t}\n\t\t}\n\t<\/style><div class=\"container\"><div class=\"row no-gutters\"><div class=\"col-lg-12 rbc-hero-card-content\"><div class=\"rbc-card rbc-hero-card rbc-hero has-content\"><div class=\"rbc-card-wrap\"><div class=\"rbc-card-body\"><div class=\"rbc-hero-body-content\"><h1 class=\"rbc-hero-title\"><span>RBC Dominion Securities Inc. (\u201cRBC DS\u201d) <strong>\u00a0<\/strong>\u2013 Client Complaint Examination and Resolution Policy Overview<\/span><\/h1><\/div><\/div><\/div><\/div><\/div><div class=\"rbc-hero-img-wrap col-lg-5 order-2 order-lg-1\"><\/div><\/div><\/div><\/div>\n\n\n\n<section class=\"wp-block-rbcwm-rbc-block rbc-block rbc-block-grey has-block-grey-background-color has-background\"><div class=\"container\"><div class=\"row \"><div class=\"col-lg-12\">\n<div class=\"row justify-content-between wrap blockId-843cf523-367d-40e6-8193-812be580d457\">\n<div class=\"wp-block-rbcwm-column col-lg-8\">\n<p>The members of RBC believe that all of us\u2014our clients and ourselves\u2014stand to gain by being in contact, whether it\u2019s to answer a question, solve a problem or share a success story. While we welcome any positive comments you have, it is equally important for us to know when you have a problem so we can resolve it and retain your confidence. We use your feedback to continuously improve the quality of the products and services we provide to you and other clients. In addition, it is important to us to implement policies that will treat all clients in an equitable and fair manner.<\/p>\n\n\n\n<p>The following is an overview of the RBC DS complaint examination and resolution policy.<\/p>\n\n\n\n<ul class=\"wp-block-list\">\n<li>Written client complaints can be submitted by mail, fax or e-mail directly to your RBC DS Branch Manager, the RBC Wealth Management Financial Services Inc. (\u201cRBC WMFS\u201d) VP &amp; Regional Sales Manager (for insurance related complaints), or to the attention of the RBC DS Compliance Department at 155 Wellington Street West, P.O. Box 150, Toronto, Ontario, M5V 3K7. Verbal complaints will also be reviewed internally to determine any appropriate course of resolution.<\/li>\n\n\n\n<li>All client complaints are recorded in a client complaint register.<\/li>\n\n\n\n<li>Where applicable, an acknowledgement letter, including the RBC DS Client Complaint Examination and Resolution Policy Overview and the Canadian Investment Regulatory Organization (\u201cCIRO\u201d) brochure entitled \u201cHow to Make a Complaint\u201d are sent to you within 5 business days. This brochure is also provided to you at account opening and is available on the CIRO website at <a href=\"http:\/\/www.ciro.ca\/office-investor\/how-make-complaint\" target=\"_blank\" rel=\"noreferrer noopener\">www.ciro.ca\/office-investor\/how-make-complaint<\/a>.<\/li>\n\n\n\n<li>We review all complaints fairly having regard to the relevant facts we\u2019ve obtained, which may include information obtained from you, your RBC DS record and documents, and statements obtained from our representatives, other staff members or any other source.<\/li>\n\n\n\n<li>The primary contact for your complaint will be the RBC DS Branch Manager or the RBC WMFS VP &amp; Regional Sales Manager and\/or the RBC DS Compliance Officer assigned. It will be their responsibility to investigate and formally respond in writing to the complainant. The RBC DS Chief Compliance Officer is the Designated Complaints Officer who has ultimate responsibility for managing the client complaint process.<\/li>\n\n\n\n<li>Should you have any concerns with the handling of your complaint during this process, these concerns should be directed to:<br>\n<ul style=\"padding-top:var(--wp--preset--spacing--40);padding-bottom:var(--wp--preset--spacing--40)\" class=\"wp-block-list is-style-list-unstyled\">\n<li>Designated Complaints Officer<\/li>\n\n\n\n<li>c\/o RBC DS Compliance,<\/li>\n\n\n\n<li>155 Wellington Street West,<\/li>\n\n\n\n<li>P.O. Box 150, Toronto, Ontario M5V 3K7<br><\/li>\n<\/ul>\n<\/li>\n\n\n\n<li>If you reside outside of Quebec, we will respond to your complaint as soon as possible, however, our complaint examination process may take up to 90 calendar days depending on the complexity of the matter. We will provide you with a status update if your complaint is going to take us longer than 90 calendar days to respond and provide you with the revised expected response timeframe. If you reside in Quebec, we will respond to your complaint as soon as possible and no later than 60 calendar days, except in exceptional circumstances or circumstances beyond our control, when we will provide a response no later than 90 calendar days following receipt of your complaint.<\/li>\n\n\n\n<li>Contact us if you have any questions or comments regarding our response. If we present an offer as part of our response to your complaint, we will provide a reasonable timeline for you to assess and respond to the offer. If you reside in Quebec, once we reach an agreement with you to resolve your complaint, we will give effect to the agreement within 30 calendar days unless a different time period is agreed upon.<\/li>\n\n\n\n<li>If you do not receive RBC DS\u2019 final response to you within 90 calendar days if you reside outside of Quebec or 60 calendar days if you reside in Quebec, or you are not satisfied with our response to your concerns, you may choose to escalate your complaint to the <strong>Ombudsman for Banking Services and Investments<\/strong> (\u201cOBSI\u201d) for their review. Complaints related to insurance investment products are not reviewed by the OBSI; for further details, please consult the OBSI website here: <a href=\"http:\/\/www.obsi.ca\" target=\"_blank\" rel=\"noreferrer noopener\">www.obsi.ca<\/a>.<\/li>\n<\/ul>\n\n\n\n<p>The OBSI is a free, independent service for resolving investment disputes impartially and can recommend compensation up to a limit of $350,000. You have up to 180 days after receiving RBC DS\u2019s final response to submit your complaint to the OBSI.\u00a0 The OBSI may be contacted as follows:<\/p>\n\n\n\n<p style=\"padding-top:var(--wp--preset--spacing--40);padding-bottom:var(--wp--preset--spacing--40)\">Toll-free telephone: 1-888-451-4519<br>Email: <a href=\"mailto:ombudsman@obsi.ca\">ombudsman@obsi.ca<\/a><br>Website: <a href=\"http:\/\/www.obsi.ca\">http:\/\/www.obsi.ca<\/a><br>Fax: 1-888-422-2865<br>Mail: 20 Queen Street West, Suite 2400, P.O. Box 8, Toronto, ON M5H 3R3<\/p>\n\n\n\n<ul class=\"wp-block-list\">\n<li>You may make a complaint to the Canadian Investment Regulatory Organization (CIRO) at any time. The CIRO will investigate your complaint and take enforcement action where appropriate. The CIRO can be contacted as follows:<br>\n<ul style=\"padding-top:var(--wp--preset--spacing--40);padding-bottom:var(--wp--preset--spacing--40)\" class=\"wp-block-list is-style-list-unstyled\">\n<li>Complete the online complaint form at <a href=\"https:\/\/www.ciro.ca\/office-investor\/how-make-complaint\" target=\"_blank\" rel=\"noreferrer noopener\">https:\/\/www.ciro.ca\/office-investor\/how-make-complaint<\/a><\/li>\n\n\n\n<li>By email at <a href=\"mailto:info@ciro.ca\">info@ciro.ca<\/a><\/li>\n\n\n\n<li>By telephone at 1-877-442-4322<\/li>\n\n\n\n<li>By fax at 1-888-497-6172<\/li>\n\n\n\n<li style=\"padding-top:0;padding-bottom:0\">By mail: 40 Temperance Street, Suite 2600, Toronto, ON M5H 0B4<\/li>\n<\/ul>\n<\/li>\n<\/ul>\n\n\n\n<ul class=\"wp-block-list\">\n<li>If you reside in Quebec, you may at any time request that your complaint file be transferred to the <strong>Autorit\u00e9 des march\u00e9s financiers<\/strong> (\u201cAMF\u201d). We are required to send the complaint record to the AMF no later than 15 calendar days following receipt of your request. Once your file is transferred, the AMF will review it, recommend dispute resolution services, and could offer you mediation services if it deems it appropriate, with the agreement of the parties involved. Mediation is an amicable settlement process in which a mediator helps the parties reach a satisfactory agreement. Transferring your file to the AMF does not interrupt the prescriptive period for civil remedies. The AMF may be contacted as follows:<br>\n<ul style=\"padding-top:var(--wp--preset--spacing--40);padding-bottom:var(--wp--preset--spacing--40)\" class=\"wp-block-list is-style-list-unstyled\">\n<li>Qu\u00e9bec City: 418-525-0337 or 2640 boulevard Laurier, bureau 400 Qu\u00e9bec (Qu\u00e9bec) G1V 5C1<\/li>\n\n\n\n<li>Montr\u00e9al: 514-395-0337 or 800 rue du Square-Victoria, bureau 2200 Montr\u00e9al (Qu\u00e9bec) H3C 0B4<\/li>\n\n\n\n<li>Toll-free telephone: 1-877-525-0337<\/li>\n\n\n\n<li>Fax: 418-525-9512 or 514-873-3090<\/li>\n\n\n\n<li>Online at <a href=\"https:\/\/lautorite.qc.ca\/en\/general-public\/contact-us\" target=\"_blank\" rel=\"noreferrer noopener\">https:\/\/lautorite.qc.ca\/en\/general-public\/contact-us<\/a><\/li>\n\n\n\n<li>Email: <a href=\"mailto:information@lautorite.qc.ca\">information@lautorite.qc.ca<\/a><\/li>\n<\/ul>\n<\/li>\n<\/ul>\n\n\n\n<p>Our Compliance department will act as the respondent to the AMF.<\/p>\n\n\n\n<ul class=\"wp-block-list\">\n<li>You may also pursue legal action and seek independent legal counsel to advise you of your options and recourse including information regarding the applicable limitation periods in your province\/territory.<\/li>\n\n\n\n<li>Upon receipt of RBC DS\u2019 response, if you are not in agreement with our resolution, you also have the option to escalate your concerns to the RBC Client Complaints Appeal Office (CCAO) which is the most senior designated office appointed to address appealed complaints within RBC. If you choose to do so, we will forward your complaint on your behalf to the CCAO. The CCAO is an internal office employed by Royal Bank of Canada (RBC) and is not an independent dispute resolution service. The CCAO\u2019s services are completely voluntary and free. The CCAO can only review your concern after you have received a response from RBC DS. The estimated time that the CCAO takes to review and provide a response to matters is within 90 days upon receipt of the complaint; however, complex investigations may take longer to resolve.<\/li>\n\n\n\n<li>You may escalate your complaint to the OBSI, CIRO, or AMF, as applicable, without going to the CCAO. If you escalate the matter to the CCAO, the limitation periods for escalation to the OBSI or commencement of a civil action continue to run while the CCAO reviews your complaint. This may impact your ability to pursue a future civil claim. We advise you to consult your legal counsel accordingly.<\/li>\n\n\n\n<li>Our Compliance department will report client complaints to the regulators as required.<\/li>\n<\/ul>\n\n\n\n<p>Please note that if you hold a bank product with RBC DS, RBC DS may use your information to manage any dissatisfaction or complaint you may raise in connection with your account, including disclosing information about your investments and\/or your account with RBC DS to an RBC Company or third-party financial institution.<\/p>\n<\/div>\n<\/div>\n<\/div><\/div><\/div><\/section>\n\n\n\n<section class=\"wp-block-rbcwm-rbc-block rbc-block rbc-footer-footnotes rbc-block-small  rbc-block-grey\"><div class=\"container\"><div class=\"row \"><div class=\"col-lg-12\">\n<div class=\"wp-block-group wrap caption row is-layout-flow wp-block-group-is-layout-flow\">\n<div class=\"wp-block-rbcwm-columns container\"><div class=\"row wrap blockId-f762aa26-0dac-45d2-a8c2-23f416ed2683\">\n<div class=\"wp-block-rbcwm-column col-lg-12 wrap\">\n<ul class=\"list-inline wp-block-list\">\n<li>Regulated by:<\/li>\n\n\n\n<li><a href=\"https:\/\/www.cipf.ca\/\" target=\"_blank\" rel=\"noreferrer noopener\"><img loading=\"lazy\" decoding=\"async\" width=\"150\" height=\"96\" class=\"wp-image-2359\" src=\"https:\/\/www.rbcwealthmanagement.com\/en-ca\/wp-content\/uploads\/sites\/5\/2023\/02\/cipf-member-logo-en.png\" style=\"width:80%\" alt=\"\"><\/a><\/li>\n\n\n\n<li><a href=\"https:\/\/www.ciro.ca\/\" target=\"_blank\" rel=\"noreferrer noopener\"><img decoding=\"async\" class=\"wp-image-2361\" style=\"width: 382px;\" src=\"https:\/\/www.rbcwealthmanagement.com\/en-ca\/wp-content\/uploads\/sites\/5\/2023\/02\/ciro-logo-en.png\" alt=\"\"><\/a><\/li>\n<\/ul>\n<\/div>\n<\/div><\/div>\n<\/div>\n<\/div><\/div><\/div><\/section>\n","protected":false},"excerpt":{"rendered":"<p>How to let us know when you have a problem so we can resolve it and retain your confidence.<\/p>\n","protected":false},"author":4,"featured_media":0,"parent":17,"menu_order":0,"comment_status":"closed","ping_status":"closed","template":"","meta":{"_acf_changed":false,"editor_notices":[],"rbc_url_alias":"","footnotes":""},"rbcwm_content_owner":[],"class_list":["post-4448","page","type-page","status-publish","hentry"],"acf":[],"yoast_head":"<!-- This site is optimized with the Yoast SEO Premium plugin v24.8 (Yoast SEO v26.8) - https:\/\/yoast.com\/product\/yoast-seo-premium-wordpress\/ -->\n<title>Resolving your concerns - RBC Dominion Securities - RBC Wealth Management<\/title>\n<meta name=\"description\" content=\"How to let us know when you have a problem so we can resolve it and retain your confidence.\" \/>\n<meta name=\"robots\" content=\"index, follow, max-snippet:-1, max-image-preview:large, max-video-preview:-1\" \/>\n<link rel=\"canonical\" href=\"https:\/\/www.rbcwealthmanagement.com\/en-ca\/dominion-securities\/resolving-your-concerns\" \/>\n<meta property=\"og:locale\" content=\"en_US\" \/>\n<meta property=\"og:type\" content=\"article\" \/>\n<meta property=\"og:title\" content=\"Resolving your concerns - RBC Dominion Securities\" \/>\n<meta property=\"og:description\" content=\"How to let us know when you have a problem so we can resolve it and retain your confidence.\" \/>\n<meta property=\"og:url\" content=\"https:\/\/www.rbcwealthmanagement.com\/en-ca\/dominion-securities\/resolving-your-concerns\" \/>\n<meta property=\"og:site_name\" content=\"RBC Wealth Management\" \/>\n<meta property=\"article:modified_time\" content=\"2025-05-09T19:56:36+00:00\" \/>\n<meta property=\"og:image\" content=\"https:\/\/www.rbcwealthmanagement.com\/en-ca\/wp-content\/uploads\/sites\/5\/2023\/02\/share-logo-1200x630-1.png\" \/>\n\t<meta property=\"og:image:width\" content=\"1200\" \/>\n\t<meta property=\"og:image:height\" content=\"630\" \/>\n\t<meta property=\"og:image:type\" content=\"image\/png\" \/>\n<meta name=\"twitter:card\" content=\"summary_large_image\" \/>\n<meta name=\"twitter:label1\" content=\"Est. reading time\" \/>\n\t<meta name=\"twitter:data1\" content=\"7 minutes\" \/>\n<script type=\"application\/ld+json\" class=\"yoast-schema-graph\">{\"@context\":\"https:\/\/schema.org\",\"@graph\":[{\"@type\":\"WebPage\",\"@id\":\"https:\/\/www.rbcwealthmanagement.com\/en-ca\/dominion-securities\/resolving-your-concerns\",\"url\":\"https:\/\/www.rbcwealthmanagement.com\/en-ca\/dominion-securities\/resolving-your-concerns\",\"name\":\"Resolving your concerns - RBC Dominion Securities - RBC Wealth Management\",\"isPartOf\":{\"@id\":\"https:\/\/www.rbcwealthmanagement.com\/en-ca\/#website\"},\"datePublished\":\"2023-05-17T10:02:36+00:00\",\"dateModified\":\"2025-05-09T19:56:36+00:00\",\"description\":\"How to let us know when you have a problem so we can resolve it and retain your confidence.\",\"breadcrumb\":{\"@id\":\"https:\/\/www.rbcwealthmanagement.com\/en-ca\/dominion-securities\/resolving-your-concerns#breadcrumb\"},\"inLanguage\":\"en-CA\",\"potentialAction\":[{\"@type\":\"ReadAction\",\"target\":[\"https:\/\/www.rbcwealthmanagement.com\/en-ca\/dominion-securities\/resolving-your-concerns\"]}]},{\"@type\":\"BreadcrumbList\",\"@id\":\"https:\/\/www.rbcwealthmanagement.com\/en-ca\/dominion-securities\/resolving-your-concerns#breadcrumb\",\"itemListElement\":[{\"@type\":\"ListItem\",\"position\":1,\"name\":\"Home\",\"item\":\"https:\/\/www.rbcwealthmanagement.com\/en-ca\/\"},{\"@type\":\"ListItem\",\"position\":2,\"name\":\"RBC Dominion Securities\",\"item\":\"https:\/\/www.rbcwealthmanagement.com\/en-ca\/dominion-securities\"},{\"@type\":\"ListItem\",\"position\":3,\"name\":\"Resolving your concerns &#8211; RBC Dominion Securities\"}]},{\"@type\":\"WebSite\",\"@id\":\"https:\/\/www.rbcwealthmanagement.com\/en-ca\/#website\",\"url\":\"https:\/\/www.rbcwealthmanagement.com\/en-ca\/\",\"name\":\"RBC Wealth Management\",\"description\":\"\",\"publisher\":{\"@id\":\"https:\/\/www.rbcwealthmanagement.com\/en-ca\/#organization\"},\"potentialAction\":[{\"@type\":\"SearchAction\",\"target\":{\"@type\":\"EntryPoint\",\"urlTemplate\":\"https:\/\/www.rbcwealthmanagement.com\/en-ca\/?s={search_term_string}\"},\"query-input\":{\"@type\":\"PropertyValueSpecification\",\"valueRequired\":true,\"valueName\":\"search_term_string\"}}],\"inLanguage\":\"en-CA\"},{\"@type\":\"Organization\",\"@id\":\"https:\/\/www.rbcwealthmanagement.com\/en-ca\/#organization\",\"name\":\"RBC Wealth Management\",\"alternateName\":\"RBC Wealth Management\",\"url\":\"https:\/\/www.rbcwealthmanagement.com\/en-ca\/\",\"logo\":{\"@type\":\"ImageObject\",\"inLanguage\":\"en-CA\",\"@id\":\"https:\/\/www.rbcwealthmanagement.com\/en-ca\/#\/schema\/logo\/image\/\",\"url\":\"https:\/\/www.rbcwealthmanagement.com\/en-ca\/wp-content\/uploads\/sites\/5\/2023\/02\/rbc.png\",\"contentUrl\":\"https:\/\/www.rbcwealthmanagement.com\/en-ca\/wp-content\/uploads\/sites\/5\/2023\/02\/rbc.png\",\"width\":3000,\"height\":2000,\"caption\":\"RBC Wealth Management\"},\"image\":{\"@id\":\"https:\/\/www.rbcwealthmanagement.com\/en-ca\/#\/schema\/logo\/image\/\"}}]}<\/script>\n<!-- \/ Yoast SEO Premium plugin. -->","yoast_head_json":{"title":"Resolving your concerns - RBC Dominion Securities - RBC Wealth Management","description":"How to let us know when you have a problem so we can resolve it and retain your confidence.","robots":{"index":"index","follow":"follow","max-snippet":"max-snippet:-1","max-image-preview":"max-image-preview:large","max-video-preview":"max-video-preview:-1"},"canonical":"https:\/\/www.rbcwealthmanagement.com\/en-ca\/dominion-securities\/resolving-your-concerns","og_locale":"en_US","og_type":"article","og_title":"Resolving your concerns - RBC Dominion Securities","og_description":"How to let us know when you have a problem so we can resolve it and retain your confidence.","og_url":"https:\/\/www.rbcwealthmanagement.com\/en-ca\/dominion-securities\/resolving-your-concerns","og_site_name":"RBC Wealth Management","article_modified_time":"2025-05-09T19:56:36+00:00","og_image":[{"width":1200,"height":630,"url":"https:\/\/www.rbcwealthmanagement.com\/en-ca\/wp-content\/uploads\/sites\/5\/2023\/02\/share-logo-1200x630-1.png","type":"image\/png"}],"twitter_card":"summary_large_image","twitter_misc":{"Est. reading time":"7 minutes"},"schema":{"@context":"https:\/\/schema.org","@graph":[{"@type":"WebPage","@id":"https:\/\/www.rbcwealthmanagement.com\/en-ca\/dominion-securities\/resolving-your-concerns","url":"https:\/\/www.rbcwealthmanagement.com\/en-ca\/dominion-securities\/resolving-your-concerns","name":"Resolving your concerns - RBC Dominion Securities - RBC Wealth Management","isPartOf":{"@id":"https:\/\/www.rbcwealthmanagement.com\/en-ca\/#website"},"datePublished":"2023-05-17T10:02:36+00:00","dateModified":"2025-05-09T19:56:36+00:00","description":"How to let us know when you have a problem so we can resolve it and retain your confidence.","breadcrumb":{"@id":"https:\/\/www.rbcwealthmanagement.com\/en-ca\/dominion-securities\/resolving-your-concerns#breadcrumb"},"inLanguage":"en-CA","potentialAction":[{"@type":"ReadAction","target":["https:\/\/www.rbcwealthmanagement.com\/en-ca\/dominion-securities\/resolving-your-concerns"]}]},{"@type":"BreadcrumbList","@id":"https:\/\/www.rbcwealthmanagement.com\/en-ca\/dominion-securities\/resolving-your-concerns#breadcrumb","itemListElement":[{"@type":"ListItem","position":1,"name":"Home","item":"https:\/\/www.rbcwealthmanagement.com\/en-ca\/"},{"@type":"ListItem","position":2,"name":"RBC Dominion Securities","item":"https:\/\/www.rbcwealthmanagement.com\/en-ca\/dominion-securities"},{"@type":"ListItem","position":3,"name":"Resolving your concerns &#8211; RBC Dominion Securities"}]},{"@type":"WebSite","@id":"https:\/\/www.rbcwealthmanagement.com\/en-ca\/#website","url":"https:\/\/www.rbcwealthmanagement.com\/en-ca\/","name":"RBC Wealth Management","description":"","publisher":{"@id":"https:\/\/www.rbcwealthmanagement.com\/en-ca\/#organization"},"potentialAction":[{"@type":"SearchAction","target":{"@type":"EntryPoint","urlTemplate":"https:\/\/www.rbcwealthmanagement.com\/en-ca\/?s={search_term_string}"},"query-input":{"@type":"PropertyValueSpecification","valueRequired":true,"valueName":"search_term_string"}}],"inLanguage":"en-CA"},{"@type":"Organization","@id":"https:\/\/www.rbcwealthmanagement.com\/en-ca\/#organization","name":"RBC Wealth Management","alternateName":"RBC Wealth Management","url":"https:\/\/www.rbcwealthmanagement.com\/en-ca\/","logo":{"@type":"ImageObject","inLanguage":"en-CA","@id":"https:\/\/www.rbcwealthmanagement.com\/en-ca\/#\/schema\/logo\/image\/","url":"https:\/\/www.rbcwealthmanagement.com\/en-ca\/wp-content\/uploads\/sites\/5\/2023\/02\/rbc.png","contentUrl":"https:\/\/www.rbcwealthmanagement.com\/en-ca\/wp-content\/uploads\/sites\/5\/2023\/02\/rbc.png","width":3000,"height":2000,"caption":"RBC Wealth Management"},"image":{"@id":"https:\/\/www.rbcwealthmanagement.com\/en-ca\/#\/schema\/logo\/image\/"}}]}},"jetpack_sharing_enabled":true,"publishpress_future_action":{"enabled":false,"date":"2026-05-05 02:58:47","action":"change-status","newStatus":"draft","terms":[],"taxonomy":"rbcwm_content_owner","extraData":[]},"publishpress_future_workflow_manual_trigger":{"enabledWorkflows":[]},"distributor_meta":false,"distributor_terms":false,"distributor_media":false,"distributor_original_site_name":"RBC Wealth Management","distributor_original_site_url":"https:\/\/www.rbcwealthmanagement.com\/en-ca","push-errors":false,"last_revision_date":"2026-02-23 10:05:51","_links":{"self":[{"href":"https:\/\/www.rbcwealthmanagement.com\/en-ca\/wp-json\/wp\/v2\/pages\/4448","targetHints":{"allow":["GET"]}}],"collection":[{"href":"https:\/\/www.rbcwealthmanagement.com\/en-ca\/wp-json\/wp\/v2\/pages"}],"about":[{"href":"https:\/\/www.rbcwealthmanagement.com\/en-ca\/wp-json\/wp\/v2\/types\/page"}],"author":[{"embeddable":true,"href":"https:\/\/www.rbcwealthmanagement.com\/en-ca\/wp-json\/wp\/v2\/users\/4"}],"replies":[{"embeddable":true,"href":"https:\/\/www.rbcwealthmanagement.com\/en-ca\/wp-json\/wp\/v2\/comments?post=4448"}],"version-history":[{"count":21,"href":"https:\/\/www.rbcwealthmanagement.com\/en-ca\/wp-json\/wp\/v2\/pages\/4448\/revisions"}],"predecessor-version":[{"id":31818,"href":"https:\/\/www.rbcwealthmanagement.com\/en-ca\/wp-json\/wp\/v2\/pages\/4448\/revisions\/31818"}],"up":[{"embeddable":true,"href":"https:\/\/www.rbcwealthmanagement.com\/en-ca\/wp-json\/wp\/v2\/pages\/17"}],"wp:attachment":[{"href":"https:\/\/www.rbcwealthmanagement.com\/en-ca\/wp-json\/wp\/v2\/media?parent=4448"}],"wp:term":[{"taxonomy":"rbcwm_content_owner","embeddable":true,"href":"https:\/\/www.rbcwealthmanagement.com\/en-ca\/wp-json\/wp\/v2\/rbcwm_content_owner?post=4448"}],"curies":[{"name":"wp","href":"https:\/\/api.w.org\/{rel}","templated":true}]}}