{"id":15678,"date":"2023-09-25T10:52:17","date_gmt":"2023-09-25T14:52:17","guid":{"rendered":"https:\/\/www.rbcwealthmanagement.com\/fr-ca\/?page_id=15678"},"modified":"2025-06-24T17:07:13","modified_gmt":"2025-06-24T21:07:13","slug":"fondations-de-bienfaisance","status":"publish","type":"page","link":"https:\/\/www.rbcwealthmanagement.com\/fr-ca\/videos\/charitable-giving-and-foundations","title":{"rendered":"Fondations de bienfaisance"},"content":{"rendered":"\n<div class=\"wp-block-rbcwm-hero-block rbc-hero-wm  rbc-hero-overlap rbc-hero-overlap-mobile rbc-hero-1e3xmu867 hide-mobile-energy-lines\"><style>\n\t\t.rbc-hero-1e3xmu867.is-style-rbc-hero-gradient::before {\n\t\t\tbackground: linear-gradient(90deg, #023169 20%, rgba(94, 120, 131, 0) 60%);\n\t\t}\n\n\t\t.rbc-hero-1e3xmu867.is-style-rbc-hero-gradient.rbc-hero-has-image-bleed::before {\n\t\t\tbackground: linear-gradient(90deg, #023169 20%, rgba(94, 120, 131, 0) 60%);\n\t\t}\n\n\t\t.rbc-hero-1e3xmu867.is-style-rbc-hero-gradient.rbc-hero-has-image-bottom::before {\n\t\t\tbackground: linear-gradient(180deg, #023169 20%, rgba(94, 120, 131, 0) 60%);\n\t\t}\n\n\t\t.rbc-hero-1e3xmu867 .rbc-hero-energy-lines.rbc-hero-energy-lines-left {\n\t\t\ttransform: scaleX(-1);\n\t\t}\n\n\t\t@media (max-width: 991px) {\n\t\t\t.rbc-hero-1e3xmu867.is-style-rbc-hero-gradient::before,\n\t\t\t.rbc-hero-1e3xmu867.is-style-rbc-hero-gradient.rbc-hero-has-image-bottom::before,\n\t\t\t.rbc-hero-1e3xmu867.is-style-rbc-hero-gradient.rbc-hero-has-image-bleed::before {\n\t\t\t\tbackground: none;\n\t\t\t}\n\n\t\t\t.rbc-hero-1e3xmu867.rbc-hero-has-image-full.hide-mobile-energy-lines .rbc-hero-energy-lines {\n\t\t\t\tdisplay: none;\n\t\t\t}\n\n\t\t\t.wp-block-rbcwm-hero-block.rbc-hero-1e3xmu867.is-style-rbc-hero-gradient .rbc-hero-img-wrap::after {\n\t\t\t\tbackground: linear-gradient( 0deg, #023169 0%, rgba(94, 120, 131, 0) 25% );\n\t\t\t}\n\t\t\t\n\t\t\t.wp-block-rbcwm-hero-block.rbc-hero-1e3xmu867.is-style-rbc-hero-gradient.rbc-hero-has-image-bottom .rbc-hero-img-wrap::before,\n            .wp-block-rbcwm-hero-block.rbc-hero-1e3xmu867.is-style-rbc-hero-gradient.rbc-hero-has-image-bottom .container .rbc-hero-img-wrap::before {\n\t\t\t\tbackground: linear-gradient( 180deg, #023169 0%, rgba( 94, 120, 131, 0 ) 25% );\n\t\t\t}\n\t\t\t\n\t\t\t.wp-block-rbcwm-hero-block.rbc-hero-1e3xmu867.is-style-rbc-hero-gradient .rbc-hero-card {\n\t\t\t\tbackground: #023169;\n\t\t\t}\n\t\t}\n\t<\/style><div class=\"container\"><div class=\"row no-gutters\"><div class=\"col-lg-12 rbc-hero-card-content\"><div class=\"rbc-card rbc-hero-card rbc-hero has-content\"><div class=\"rbc-card-wrap\"><div class=\"rbc-card-body\"><div class=\"rbc-hero-body-content\"><h1 class=\"rbc-hero-title\"><span>Fondations de bienfaisance<\/span><\/h1>\n<p class=\"is-style-hero-subtitle\"><\/p>\n<\/div><\/div><\/div><\/div><\/div><div class=\"rbc-hero-img-wrap col-lg-5 order-2 order-lg-1\"><\/div><\/div><\/div><\/div>\n\n\n\n<section class=\"wp-block-rbcwm-rbc-block rbc-block rbc-block-grey has-block-grey-background-color has-background\"><div class=\"container\"><div class=\"row \"><div class=\"col-lg-12\">\n<div class=\"row wrap blockId-07e991f8-321f-40e0-9c08-1a6b2025f291\">\n<div class=\"wp-block-rbcwm-column col-lg-8\">\n<p class=\"is-style-intro\">\u00c9l\u00e9ments \u00e0 prendre en consid\u00e9ration lors de la cr\u00e9ation d\u2019une fondation de bienfaisance.<\/p>\n\n\n\t\t<!-- Start of Brightcove Player -->\n\t\t\t\t\t\t<div style=\"display: block; position: relative; min-width: 0px; max-width: 690px;\">\n\t\t\t\t\t<div style=\"padding-top: 56%; \">\n\t\t\t\t\t\t<video-js\n\t\t\t\t\t\t\t\tid=\"6090716916001\"\n\t\t\t\t\t\t\t\tdata-video-id=\"6090716916001\" data-account=\"3187797751001\"\n\t\t\t\t\t\t\t\tdata-player=\"r00PT6QDgm\"\n\t\t\t\t\t\t\t\tdata-usage=\"cms:WordPress:6.9.4:2.8.8:javascript\"\n\t\t\t\t\t\t\t\tdata-embed=\"default\" class=\"video-js\"\n\t\t\t\t\t\t\t\tdata-application-id=\"\"\n\t\t\t\t\t\t\t\tcontrols   \t\t\t\t\t\t\t\tstyle=\"width: 100%; height: 388px; position: absolute; top: 0; bottom: 0; right: 0; left: 0;\">\n\t\t\t\t\t\t<\/video-js>\n\n\t\t\t\t\t\t<script src=\"https:\/\/players.brightcove.net\/3187797751001\/r00PT6QDgm_default\/index.min.js\"><\/script> \t\t\t\t\t<\/div>\n\t\t\t\t<\/div>\n\t\t\t\t\t\t<!-- End of Brightcove Player -->\n\t\t<\/div>\n\n\n\n<div class=\"wp-block-rbcwm-column col-lg-8 mt-3\">\n<div class=\"wp-block-rbcwm-expandable-block rbc-expandable\">\n<div id=\"\" class=\"wp-block-rbcwm-expandable-block-title rbc-expandable-trigger rbc-expandable-arrow-wrap\"><button aria-expanded=\"false\" aria-controls=\"-content\" data-target=\"-content\" data-duration=\"400\" class=\"rbc-expandable-trigger-button\">\n<h3 class=\"wp-block-heading h4\" id=\"h-\"><\/h3>\n<span class=\"rbc-display body-size c-secondary mt-quarter\" data-open-text=\"Transcription\" data-close-text=\"Transcription\">Transcription<\/span><div class=\"rbc-icon rbc-expandable-arrow rbc-expandable-arrow-right\"><i class=\"rbc-icon-img fal fa-angle-down\"><\/i><\/div><\/button><\/div>\n\n\n\n<div id=\"5650cb46-content\" aria-labelledby=\"5650cb46\" class=\"wp-block-rbcwm-expandable-block-content rbc-expandable-content rbc-expandable-content-inner-style content-5650cb46-71e4-4a43-b384-8bd1ccf2b51a\"><div class=\"rbc-expandable-content-body\">\n<p>Vous avez certainement d\u00e9j\u00e0 appuy\u00e9 des causes caritatives d\u2019une fa\u00e7on ou d\u2019une autre. Avez-vous d\u00e9j\u00e0 consid\u00e9r\u00e9 une strat\u00e9gie philanthropique plus officielle ? Vous pourriez en profiter pour \u00e9duquer et impliquer la prochaine g\u00e9n\u00e9ration.<\/p>\n\n\n\n<p>Dans ce cas, votre famille pourrait \u00eatre int\u00e9ress\u00e9e \u00e0 mettre en place une fondation de bienfaisance. Celle-ci pourrait \u00eatre soit publique, soit priv\u00e9e, selon vos besoins.<\/p>\n\n\n\n<p>Les deux options vous permettent d\u2019y contribuer et de recevoir des re\u00e7us pour fins d\u2019imp\u00f4ts. Les deux vous permettent \u00e9galement d\u2019accepter des dons mon\u00e9taires, des dons de titres inscrits en bourse et de fonds mutuels avantageux au plan fiscal \u2014 ainsi que des assurances-vie.<\/p>\n\n\n\n<p>Le capital de votre fondation sera investi selon une approche \u00e9quilibr\u00e9e et les dons seront accord\u00e9s annuellement \u00e0 des organismes de bienfaisance auxquels s\u2019int\u00e9resse votre famille.<\/p>\n\n\n\n<p>Dans le cas d\u2019une fondation publique, ou d\u2019un \u00ab fonds orient\u00e9 par le donateur \u00bb, toute l\u2019administration et la production de rapports seront prises en charge, laissant aussi l\u2019option de demeurer anonyme. Les fondations priv\u00e9es, elles, n\u00e9cessitent que vous soyez responsable de l\u2019administration du fonds et de la production de rapports annuels au public.<\/p>\n\n\n\n<p>Si vous cherchez \u00e0 vous impliquer activement dans les activit\u00e9s philanthropiques, une fondation priv\u00e9e pourrait \u00eatre indiqu\u00e9e.<\/p>\n\n\n\n<p>Si vous recherchez principalement les avantages fiscaux et l\u2019h\u00e9ritage que vous permet une fondation de bienfaisance \u2014 avec moins d\u2019administration \u2014 consid\u00e9rez plut\u00f4t une fondation publique.<\/p>\n<\/div><\/div>\n<\/div>\n<\/div>\n<\/div>\n<\/div><\/div><\/div><\/section>\n","protected":false},"excerpt":{"rendered":"","protected":false},"author":11,"featured_media":0,"parent":0,"menu_order":0,"comment_status":"closed","ping_status":"closed","template":"","meta":{"_acf_changed":false,"editor_notices":[],"rbc_url_alias":"videos\/charitable-giving-and-foundations","footnotes":""},"rbcwm_content_owner":[],"class_list":["post-15678","page","type-page","status-publish","hentry"],"acf":[],"yoast_head":"<!-- This site is optimized with the Yoast SEO Premium plugin v24.8 (Yoast SEO v26.8) - https:\/\/yoast.com\/product\/yoast-seo-premium-wordpress\/ -->\n<title>Fondations de bienfaisance - RBC Gestion de patrimoine<\/title>\n<meta name=\"robots\" content=\"index, follow, max-snippet:-1, max-image-preview:large, max-video-preview:-1\" \/>\n<link rel=\"canonical\" href=\"https:\/\/www.rbcwealthmanagement.com\/fr-ca\/videos\/charitable-giving-and-foundations\" \/>\n<meta property=\"og:locale\" content=\"fr_CA\" \/>\n<meta property=\"og:type\" content=\"article\" \/>\n<meta property=\"og:title\" content=\"Fondations de bienfaisance\" \/>\n<meta property=\"og:url\" content=\"https:\/\/www.rbcwealthmanagement.com\/fr-ca\/videos\/charitable-giving-and-foundations\" \/>\n<meta property=\"og:site_name\" content=\"RBC Gestion de patrimoine\" \/>\n<meta property=\"article:modified_time\" content=\"2025-06-24T21:07:13+00:00\" \/>\n<meta property=\"og:image\" content=\"https:\/\/www.rbcwealthmanagement.com\/fr-ca\/wp-content\/uploads\/sites\/6\/2023\/02\/share-logo-1200x630-1.png\" \/>\n\t<meta property=\"og:image:width\" content=\"1200\" \/>\n\t<meta property=\"og:image:height\" content=\"630\" \/>\n\t<meta property=\"og:image:type\" content=\"image\/png\" \/>\n<meta name=\"twitter:card\" content=\"summary_large_image\" \/>\n<meta name=\"twitter:label1\" content=\"Est. reading time\" \/>\n\t<meta name=\"twitter:data1\" content=\"2 minutes\" \/>\n<script type=\"application\/ld+json\" class=\"yoast-schema-graph\">{\"@context\":\"https:\/\/schema.org\",\"@graph\":[{\"@type\":\"WebPage\",\"@id\":\"https:\/\/www.rbcwealthmanagement.com\/fr-ca\/videos\/charitable-giving-and-foundations\",\"url\":\"https:\/\/www.rbcwealthmanagement.com\/fr-ca\/videos\/charitable-giving-and-foundations\",\"name\":\"Fondations de bienfaisance - RBC Gestion de patrimoine\",\"isPartOf\":{\"@id\":\"https:\/\/www.rbcwealthmanagement.com\/fr-ca\/#website\"},\"datePublished\":\"2023-09-25T14:52:17+00:00\",\"dateModified\":\"2025-06-24T21:07:13+00:00\",\"breadcrumb\":{\"@id\":\"https:\/\/www.rbcwealthmanagement.com\/fr-ca\/videos\/charitable-giving-and-foundations#breadcrumb\"},\"inLanguage\":\"fr-CA\",\"potentialAction\":[{\"@type\":\"ReadAction\",\"target\":[\"https:\/\/www.rbcwealthmanagement.com\/fr-ca\/videos\/charitable-giving-and-foundations\"]}]},{\"@type\":\"BreadcrumbList\",\"@id\":\"https:\/\/www.rbcwealthmanagement.com\/fr-ca\/videos\/charitable-giving-and-foundations#breadcrumb\",\"itemListElement\":[{\"@type\":\"ListItem\",\"position\":1,\"name\":\"Home\",\"item\":\"https:\/\/www.rbcwealthmanagement.com\/fr-ca\/\"},{\"@type\":\"ListItem\",\"position\":2,\"name\":\"Fondations de bienfaisance\"}]},{\"@type\":\"WebSite\",\"@id\":\"https:\/\/www.rbcwealthmanagement.com\/fr-ca\/#website\",\"url\":\"https:\/\/www.rbcwealthmanagement.com\/fr-ca\/\",\"name\":\"RBC Gestion de patrimoine\",\"description\":\"\",\"publisher\":{\"@id\":\"https:\/\/www.rbcwealthmanagement.com\/fr-ca\/#organization\"},\"potentialAction\":[{\"@type\":\"SearchAction\",\"target\":{\"@type\":\"EntryPoint\",\"urlTemplate\":\"https:\/\/www.rbcwealthmanagement.com\/fr-ca\/?s={search_term_string}\"},\"query-input\":{\"@type\":\"PropertyValueSpecification\",\"valueRequired\":true,\"valueName\":\"search_term_string\"}}],\"inLanguage\":\"fr-CA\"},{\"@type\":\"Organization\",\"@id\":\"https:\/\/www.rbcwealthmanagement.com\/fr-ca\/#organization\",\"name\":\"RBC Gestion de Patrimoine\",\"alternateName\":\"RBC Gestion de Patrimoine\",\"url\":\"https:\/\/www.rbcwealthmanagement.com\/fr-ca\/\",\"logo\":{\"@type\":\"ImageObject\",\"inLanguage\":\"fr-CA\",\"@id\":\"https:\/\/www.rbcwealthmanagement.com\/fr-ca\/#\/schema\/logo\/image\/\",\"url\":\"https:\/\/www.rbcwealthmanagement.com\/fr-ca\/wp-content\/uploads\/sites\/6\/2023\/02\/rbc.png\",\"contentUrl\":\"https:\/\/www.rbcwealthmanagement.com\/fr-ca\/wp-content\/uploads\/sites\/6\/2023\/02\/rbc.png\",\"width\":3000,\"height\":2000,\"caption\":\"RBC Gestion de Patrimoine\"},\"image\":{\"@id\":\"https:\/\/www.rbcwealthmanagement.com\/fr-ca\/#\/schema\/logo\/image\/\"}}]}<\/script>\n<!-- \/ Yoast SEO Premium plugin. -->","yoast_head_json":{"title":"Fondations de bienfaisance - RBC Gestion de patrimoine","robots":{"index":"index","follow":"follow","max-snippet":"max-snippet:-1","max-image-preview":"max-image-preview:large","max-video-preview":"max-video-preview:-1"},"canonical":"https:\/\/www.rbcwealthmanagement.com\/fr-ca\/videos\/charitable-giving-and-foundations","og_locale":"fr_CA","og_type":"article","og_title":"Fondations de bienfaisance","og_url":"https:\/\/www.rbcwealthmanagement.com\/fr-ca\/videos\/charitable-giving-and-foundations","og_site_name":"RBC Gestion de patrimoine","article_modified_time":"2025-06-24T21:07:13+00:00","og_image":[{"width":1200,"height":630,"url":"https:\/\/www.rbcwealthmanagement.com\/fr-ca\/wp-content\/uploads\/sites\/6\/2023\/02\/share-logo-1200x630-1.png","type":"image\/png"}],"twitter_card":"summary_large_image","twitter_misc":{"Est. reading time":"2 minutes"},"schema":{"@context":"https:\/\/schema.org","@graph":[{"@type":"WebPage","@id":"https:\/\/www.rbcwealthmanagement.com\/fr-ca\/videos\/charitable-giving-and-foundations","url":"https:\/\/www.rbcwealthmanagement.com\/fr-ca\/videos\/charitable-giving-and-foundations","name":"Fondations de bienfaisance - RBC Gestion de patrimoine","isPartOf":{"@id":"https:\/\/www.rbcwealthmanagement.com\/fr-ca\/#website"},"datePublished":"2023-09-25T14:52:17+00:00","dateModified":"2025-06-24T21:07:13+00:00","breadcrumb":{"@id":"https:\/\/www.rbcwealthmanagement.com\/fr-ca\/videos\/charitable-giving-and-foundations#breadcrumb"},"inLanguage":"fr-CA","potentialAction":[{"@type":"ReadAction","target":["https:\/\/www.rbcwealthmanagement.com\/fr-ca\/videos\/charitable-giving-and-foundations"]}]},{"@type":"BreadcrumbList","@id":"https:\/\/www.rbcwealthmanagement.com\/fr-ca\/videos\/charitable-giving-and-foundations#breadcrumb","itemListElement":[{"@type":"ListItem","position":1,"name":"Home","item":"https:\/\/www.rbcwealthmanagement.com\/fr-ca\/"},{"@type":"ListItem","position":2,"name":"Fondations de bienfaisance"}]},{"@type":"WebSite","@id":"https:\/\/www.rbcwealthmanagement.com\/fr-ca\/#website","url":"https:\/\/www.rbcwealthmanagement.com\/fr-ca\/","name":"RBC Gestion de patrimoine","description":"","publisher":{"@id":"https:\/\/www.rbcwealthmanagement.com\/fr-ca\/#organization"},"potentialAction":[{"@type":"SearchAction","target":{"@type":"EntryPoint","urlTemplate":"https:\/\/www.rbcwealthmanagement.com\/fr-ca\/?s={search_term_string}"},"query-input":{"@type":"PropertyValueSpecification","valueRequired":true,"valueName":"search_term_string"}}],"inLanguage":"fr-CA"},{"@type":"Organization","@id":"https:\/\/www.rbcwealthmanagement.com\/fr-ca\/#organization","name":"RBC Gestion de Patrimoine","alternateName":"RBC Gestion de Patrimoine","url":"https:\/\/www.rbcwealthmanagement.com\/fr-ca\/","logo":{"@type":"ImageObject","inLanguage":"fr-CA","@id":"https:\/\/www.rbcwealthmanagement.com\/fr-ca\/#\/schema\/logo\/image\/","url":"https:\/\/www.rbcwealthmanagement.com\/fr-ca\/wp-content\/uploads\/sites\/6\/2023\/02\/rbc.png","contentUrl":"https:\/\/www.rbcwealthmanagement.com\/fr-ca\/wp-content\/uploads\/sites\/6\/2023\/02\/rbc.png","width":3000,"height":2000,"caption":"RBC Gestion de Patrimoine"},"image":{"@id":"https:\/\/www.rbcwealthmanagement.com\/fr-ca\/#\/schema\/logo\/image\/"}}]}},"jetpack_sharing_enabled":true,"publishpress_future_action":{"enabled":false,"date":"2026-04-20 11:55:15","action":"change-status","newStatus":"draft","terms":[],"taxonomy":"rbcwm_content_owner","extraData":[]},"publishpress_future_workflow_manual_trigger":{"enabledWorkflows":[]},"distributor_meta":false,"distributor_terms":false,"distributor_media":false,"distributor_original_site_name":"RBC Gestion de patrimoine","distributor_original_site_url":"https:\/\/www.rbcwealthmanagement.com\/fr-ca","push-errors":false,"last_revision_date":"2025-06-24 17:07:12","_links":{"self":[{"href":"https:\/\/www.rbcwealthmanagement.com\/fr-ca\/wp-json\/wp\/v2\/pages\/15678","targetHints":{"allow":["GET"]}}],"collection":[{"href":"https:\/\/www.rbcwealthmanagement.com\/fr-ca\/wp-json\/wp\/v2\/pages"}],"about":[{"href":"https:\/\/www.rbcwealthmanagement.com\/fr-ca\/wp-json\/wp\/v2\/types\/page"}],"author":[{"embeddable":true,"href":"https:\/\/www.rbcwealthmanagement.com\/fr-ca\/wp-json\/wp\/v2\/users\/11"}],"replies":[{"embeddable":true,"href":"https:\/\/www.rbcwealthmanagement.com\/fr-ca\/wp-json\/wp\/v2\/comments?post=15678"}],"version-history":[{"count":9,"href":"https:\/\/www.rbcwealthmanagement.com\/fr-ca\/wp-json\/wp\/v2\/pages\/15678\/revisions"}],"predecessor-version":[{"id":28428,"href":"https:\/\/www.rbcwealthmanagement.com\/fr-ca\/wp-json\/wp\/v2\/pages\/15678\/revisions\/28428"}],"wp:attachment":[{"href":"https:\/\/www.rbcwealthmanagement.com\/fr-ca\/wp-json\/wp\/v2\/media?parent=15678"}],"wp:term":[{"taxonomy":"rbcwm_content_owner","embeddable":true,"href":"https:\/\/www.rbcwealthmanagement.com\/fr-ca\/wp-json\/wp\/v2\/rbcwm_content_owner?post=15678"}],"curies":[{"name":"wp","href":"https:\/\/api.w.org\/{rel}","templated":true}]}}