{"id":18886,"date":"2023-10-20T13:49:18","date_gmt":"2023-10-20T17:49:18","guid":{"rendered":"https:\/\/www.rbcwealthmanagement.com\/fr-ca\/?page_id=18886"},"modified":"2025-06-24T16:44:51","modified_gmt":"2025-06-24T20:44:51","slug":"private-banking-international","status":"publish","type":"page","link":"https:\/\/www.rbcwealthmanagement.com\/fr-ca\/private-banking\/private-banking-international","title":{"rendered":"Banque priv\u00e9e \u2013 International"},"content":{"rendered":"\n<div class=\"wp-block-rbcwm-hero-block rbc-hero-wm  rbc-hero-overlap rbc-hero-overlap-mobile rbc-hero-ebjktyft6 hide-mobile-energy-lines\"><style>\n\t\t.rbc-hero-ebjktyft6.is-style-rbc-hero-gradient::before {\n\t\t\tbackground: linear-gradient(90deg, #023169 20%, rgba(94, 120, 131, 0) 60%);\n\t\t}\n\n\t\t.rbc-hero-ebjktyft6.is-style-rbc-hero-gradient.rbc-hero-has-image-bleed::before {\n\t\t\tbackground: linear-gradient(90deg, #023169 20%, rgba(94, 120, 131, 0) 60%);\n\t\t}\n\n\t\t.rbc-hero-ebjktyft6.is-style-rbc-hero-gradient.rbc-hero-has-image-bottom::before {\n\t\t\tbackground: linear-gradient(180deg, #023169 20%, rgba(94, 120, 131, 0) 60%);\n\t\t}\n\n\t\t.rbc-hero-ebjktyft6 .rbc-hero-energy-lines.rbc-hero-energy-lines-left {\n\t\t\ttransform: scaleX(-1);\n\t\t}\n\n\t\t@media (max-width: 991px) {\n\t\t\t.rbc-hero-ebjktyft6.is-style-rbc-hero-gradient::before,\n\t\t\t.rbc-hero-ebjktyft6.is-style-rbc-hero-gradient.rbc-hero-has-image-bottom::before,\n\t\t\t.rbc-hero-ebjktyft6.is-style-rbc-hero-gradient.rbc-hero-has-image-bleed::before {\n\t\t\t\tbackground: none;\n\t\t\t}\n\n\t\t\t.rbc-hero-ebjktyft6.rbc-hero-has-image-full.hide-mobile-energy-lines .rbc-hero-energy-lines {\n\t\t\t\tdisplay: none;\n\t\t\t}\n\n\t\t\t.wp-block-rbcwm-hero-block.rbc-hero-ebjktyft6.is-style-rbc-hero-gradient .rbc-hero-img-wrap::after {\n\t\t\t\tbackground: linear-gradient( 0deg, #023169 0%, rgba(94, 120, 131, 0) 25% );\n\t\t\t}\n\t\t\t\n\t\t\t.wp-block-rbcwm-hero-block.rbc-hero-ebjktyft6.is-style-rbc-hero-gradient.rbc-hero-has-image-bottom .rbc-hero-img-wrap::before,\n            .wp-block-rbcwm-hero-block.rbc-hero-ebjktyft6.is-style-rbc-hero-gradient.rbc-hero-has-image-bottom .container .rbc-hero-img-wrap::before {\n\t\t\t\tbackground: linear-gradient( 180deg, #023169 0%, rgba( 94, 120, 131, 0 ) 25% );\n\t\t\t}\n\t\t\t\n\t\t\t.wp-block-rbcwm-hero-block.rbc-hero-ebjktyft6.is-style-rbc-hero-gradient .rbc-hero-card {\n\t\t\t\tbackground: #023169;\n\t\t\t}\n\t\t}\n\t<\/style><div class=\"container\"><div class=\"row no-gutters\"><div class=\"col-lg-12 rbc-hero-card-content\"><div class=\"rbc-card rbc-hero-card rbc-hero has-content\"><div class=\"rbc-card-wrap\"><div class=\"rbc-card-body\"><div class=\"rbc-hero-body-content\"><h1 class=\"rbc-hero-title\"><span>Banque priv\u00e9e \u2013 International<\/span><\/h1>\n<p class=\"is-style-hero-subtitle\">Forte de la port\u00e9e mondiale de la Banque Royale du Canada, RBC Banque priv\u00e9e offre un soutien aux clients internationaux gr\u00e2ce \u00e0 sa gamme de solutions de services bancaires et de gestion de patrimoine.<\/p>\n<\/div><\/div><\/div><\/div><\/div><div class=\"rbc-hero-img-wrap col-lg-5 order-2 order-lg-1\"><\/div><\/div><\/div><\/div>\n\n\n\n<section class=\"wp-block-rbcwm-rbc-block rbc-block rbc-block-grey has-block-grey-background-color has-background\"><div class=\"container\"><div class=\"row \"><div class=\"col-lg-12\"><div class=\"wrap\">\n<style> .blockId-5ccc90db-753a-48e3-91ef-f8318c0d294c { display: flex } <\/style><div class=\"row blockId-5ccc90db-753a-48e3-91ef-f8318c0d294c\">\n<div class=\"wp-block-rbcwm-column col-lg-8\">\t\t<!-- Start of Brightcove Player -->\n\t\t\t\t\t\t<div style=\"display: block; position: relative; min-width: 0px; max-width: 640px;\">\n\t\t\t\t\t<div style=\"padding-top: 56%; \">\n\t\t\t\t\t\t<video-js\n\t\t\t\t\t\t\t\tid=\"6339268002112\"\n\t\t\t\t\t\t\t\tdata-video-id=\"6339268002112\" data-account=\"3187797751001\"\n\t\t\t\t\t\t\t\tdata-player=\"r00PT6QDgm\"\n\t\t\t\t\t\t\t\tdata-usage=\"cms:WordPress:6.9.4:2.8.8:javascript\"\n\t\t\t\t\t\t\t\tdata-embed=\"default\" class=\"video-js\"\n\t\t\t\t\t\t\t\tdata-application-id=\"\"\n\t\t\t\t\t\t\t\tcontrols   \t\t\t\t\t\t\t\tstyle=\"width: 100%; height: 360px; position: absolute; top: 0; bottom: 0; right: 0; left: 0;\">\n\t\t\t\t\t\t<\/video-js>\n\n\t\t\t\t\t\t<script src=\"https:\/\/players.brightcove.net\/3187797751001\/r00PT6QDgm_default\/index.min.js\"><\/script> \t\t\t\t\t<\/div>\n\t\t\t\t<\/div>\n\t\t\t\t\t\t<!-- End of Brightcove Player -->\n\t\t<\/div>\n\n\n\n<div class=\"wp-block-rbcwm-column col-lg-8 mt-3\"><\/div>\n<\/div>\n<\/div><\/div><\/div><\/div><\/section>\n","protected":false},"excerpt":{"rendered":"","protected":false},"author":30,"featured_media":0,"parent":0,"menu_order":0,"comment_status":"closed","ping_status":"closed","template":"","meta":{"_acf_changed":false,"editor_notices":[],"rbc_url_alias":"private-banking\/private-banking-international","footnotes":""},"rbcwm_content_owner":[],"class_list":["post-18886","page","type-page","status-publish","hentry"],"acf":[],"yoast_head":"<!-- This site is optimized with the Yoast SEO Premium plugin v24.8 (Yoast SEO v26.8) - https:\/\/yoast.com\/product\/yoast-seo-premium-wordpress\/ -->\n<title>Banque priv\u00e9e \u2013 International - RBC Gestion de patrimoine<\/title>\n<meta name=\"robots\" content=\"index, follow, max-snippet:-1, max-image-preview:large, max-video-preview:-1\" \/>\n<link rel=\"canonical\" href=\"https:\/\/www.rbcwealthmanagement.com\/fr-ca\/private-banking\/private-banking-international\" \/>\n<meta property=\"og:locale\" content=\"fr_CA\" \/>\n<meta property=\"og:type\" content=\"article\" \/>\n<meta property=\"og:title\" content=\"Banque priv\u00e9e \u2013 International\" \/>\n<meta property=\"og:url\" content=\"https:\/\/www.rbcwealthmanagement.com\/fr-ca\/private-banking\/private-banking-international\" \/>\n<meta property=\"og:site_name\" content=\"RBC Gestion de patrimoine\" \/>\n<meta property=\"article:modified_time\" content=\"2025-06-24T20:44:51+00:00\" \/>\n<meta property=\"og:image\" content=\"https:\/\/www.rbcwealthmanagement.com\/fr-ca\/wp-content\/uploads\/sites\/6\/2023\/02\/share-logo-1200x630-1.png\" \/>\n\t<meta property=\"og:image:width\" content=\"1200\" \/>\n\t<meta property=\"og:image:height\" content=\"630\" \/>\n\t<meta property=\"og:image:type\" content=\"image\/png\" \/>\n<meta name=\"twitter:card\" content=\"summary_large_image\" \/>\n<meta name=\"twitter:label1\" content=\"Est. reading time\" \/>\n\t<meta name=\"twitter:data1\" content=\"1 minute\" \/>\n<script type=\"application\/ld+json\" class=\"yoast-schema-graph\">{\"@context\":\"https:\/\/schema.org\",\"@graph\":[{\"@type\":\"WebPage\",\"@id\":\"https:\/\/www.rbcwealthmanagement.com\/fr-ca\/private-banking\/private-banking-international\",\"url\":\"https:\/\/www.rbcwealthmanagement.com\/fr-ca\/private-banking\/private-banking-international\",\"name\":\"Banque priv\u00e9e \u2013 International - RBC Gestion de patrimoine\",\"isPartOf\":{\"@id\":\"https:\/\/www.rbcwealthmanagement.com\/fr-ca\/#website\"},\"datePublished\":\"2023-10-20T17:49:18+00:00\",\"dateModified\":\"2025-06-24T20:44:51+00:00\",\"breadcrumb\":{\"@id\":\"https:\/\/www.rbcwealthmanagement.com\/fr-ca\/private-banking\/private-banking-international#breadcrumb\"},\"inLanguage\":\"fr-CA\",\"potentialAction\":[{\"@type\":\"ReadAction\",\"target\":[\"https:\/\/www.rbcwealthmanagement.com\/fr-ca\/private-banking\/private-banking-international\"]}]},{\"@type\":\"BreadcrumbList\",\"@id\":\"https:\/\/www.rbcwealthmanagement.com\/fr-ca\/private-banking\/private-banking-international#breadcrumb\",\"itemListElement\":[{\"@type\":\"ListItem\",\"position\":1,\"name\":\"Home\",\"item\":\"https:\/\/www.rbcwealthmanagement.com\/fr-ca\/\"},{\"@type\":\"ListItem\",\"position\":2,\"name\":\"Banque priv\u00e9e \u2013 International\"}]},{\"@type\":\"WebSite\",\"@id\":\"https:\/\/www.rbcwealthmanagement.com\/fr-ca\/#website\",\"url\":\"https:\/\/www.rbcwealthmanagement.com\/fr-ca\/\",\"name\":\"RBC Gestion de patrimoine\",\"description\":\"\",\"publisher\":{\"@id\":\"https:\/\/www.rbcwealthmanagement.com\/fr-ca\/#organization\"},\"potentialAction\":[{\"@type\":\"SearchAction\",\"target\":{\"@type\":\"EntryPoint\",\"urlTemplate\":\"https:\/\/www.rbcwealthmanagement.com\/fr-ca\/?s={search_term_string}\"},\"query-input\":{\"@type\":\"PropertyValueSpecification\",\"valueRequired\":true,\"valueName\":\"search_term_string\"}}],\"inLanguage\":\"fr-CA\"},{\"@type\":\"Organization\",\"@id\":\"https:\/\/www.rbcwealthmanagement.com\/fr-ca\/#organization\",\"name\":\"RBC Gestion de Patrimoine\",\"alternateName\":\"RBC Gestion de Patrimoine\",\"url\":\"https:\/\/www.rbcwealthmanagement.com\/fr-ca\/\",\"logo\":{\"@type\":\"ImageObject\",\"inLanguage\":\"fr-CA\",\"@id\":\"https:\/\/www.rbcwealthmanagement.com\/fr-ca\/#\/schema\/logo\/image\/\",\"url\":\"https:\/\/www.rbcwealthmanagement.com\/fr-ca\/wp-content\/uploads\/sites\/6\/2023\/02\/rbc.png\",\"contentUrl\":\"https:\/\/www.rbcwealthmanagement.com\/fr-ca\/wp-content\/uploads\/sites\/6\/2023\/02\/rbc.png\",\"width\":3000,\"height\":2000,\"caption\":\"RBC Gestion de Patrimoine\"},\"image\":{\"@id\":\"https:\/\/www.rbcwealthmanagement.com\/fr-ca\/#\/schema\/logo\/image\/\"}}]}<\/script>\n<!-- \/ Yoast SEO Premium plugin. -->","yoast_head_json":{"title":"Banque priv\u00e9e \u2013 International - RBC Gestion de patrimoine","robots":{"index":"index","follow":"follow","max-snippet":"max-snippet:-1","max-image-preview":"max-image-preview:large","max-video-preview":"max-video-preview:-1"},"canonical":"https:\/\/www.rbcwealthmanagement.com\/fr-ca\/private-banking\/private-banking-international","og_locale":"fr_CA","og_type":"article","og_title":"Banque priv\u00e9e \u2013 International","og_url":"https:\/\/www.rbcwealthmanagement.com\/fr-ca\/private-banking\/private-banking-international","og_site_name":"RBC Gestion de patrimoine","article_modified_time":"2025-06-24T20:44:51+00:00","og_image":[{"width":1200,"height":630,"url":"https:\/\/www.rbcwealthmanagement.com\/fr-ca\/wp-content\/uploads\/sites\/6\/2023\/02\/share-logo-1200x630-1.png","type":"image\/png"}],"twitter_card":"summary_large_image","twitter_misc":{"Est. reading time":"1 minute"},"schema":{"@context":"https:\/\/schema.org","@graph":[{"@type":"WebPage","@id":"https:\/\/www.rbcwealthmanagement.com\/fr-ca\/private-banking\/private-banking-international","url":"https:\/\/www.rbcwealthmanagement.com\/fr-ca\/private-banking\/private-banking-international","name":"Banque priv\u00e9e \u2013 International - RBC Gestion de patrimoine","isPartOf":{"@id":"https:\/\/www.rbcwealthmanagement.com\/fr-ca\/#website"},"datePublished":"2023-10-20T17:49:18+00:00","dateModified":"2025-06-24T20:44:51+00:00","breadcrumb":{"@id":"https:\/\/www.rbcwealthmanagement.com\/fr-ca\/private-banking\/private-banking-international#breadcrumb"},"inLanguage":"fr-CA","potentialAction":[{"@type":"ReadAction","target":["https:\/\/www.rbcwealthmanagement.com\/fr-ca\/private-banking\/private-banking-international"]}]},{"@type":"BreadcrumbList","@id":"https:\/\/www.rbcwealthmanagement.com\/fr-ca\/private-banking\/private-banking-international#breadcrumb","itemListElement":[{"@type":"ListItem","position":1,"name":"Home","item":"https:\/\/www.rbcwealthmanagement.com\/fr-ca\/"},{"@type":"ListItem","position":2,"name":"Banque priv\u00e9e \u2013 International"}]},{"@type":"WebSite","@id":"https:\/\/www.rbcwealthmanagement.com\/fr-ca\/#website","url":"https:\/\/www.rbcwealthmanagement.com\/fr-ca\/","name":"RBC Gestion de patrimoine","description":"","publisher":{"@id":"https:\/\/www.rbcwealthmanagement.com\/fr-ca\/#organization"},"potentialAction":[{"@type":"SearchAction","target":{"@type":"EntryPoint","urlTemplate":"https:\/\/www.rbcwealthmanagement.com\/fr-ca\/?s={search_term_string}"},"query-input":{"@type":"PropertyValueSpecification","valueRequired":true,"valueName":"search_term_string"}}],"inLanguage":"fr-CA"},{"@type":"Organization","@id":"https:\/\/www.rbcwealthmanagement.com\/fr-ca\/#organization","name":"RBC Gestion de Patrimoine","alternateName":"RBC Gestion de Patrimoine","url":"https:\/\/www.rbcwealthmanagement.com\/fr-ca\/","logo":{"@type":"ImageObject","inLanguage":"fr-CA","@id":"https:\/\/www.rbcwealthmanagement.com\/fr-ca\/#\/schema\/logo\/image\/","url":"https:\/\/www.rbcwealthmanagement.com\/fr-ca\/wp-content\/uploads\/sites\/6\/2023\/02\/rbc.png","contentUrl":"https:\/\/www.rbcwealthmanagement.com\/fr-ca\/wp-content\/uploads\/sites\/6\/2023\/02\/rbc.png","width":3000,"height":2000,"caption":"RBC Gestion de Patrimoine"},"image":{"@id":"https:\/\/www.rbcwealthmanagement.com\/fr-ca\/#\/schema\/logo\/image\/"}}]}},"jetpack_sharing_enabled":true,"publishpress_future_action":{"enabled":false,"date":"2026-04-30 22:37:40","action":"change-status","newStatus":"draft","terms":[],"taxonomy":"rbcwm_content_owner","extraData":[]},"publishpress_future_workflow_manual_trigger":{"enabledWorkflows":[]},"distributor_meta":false,"distributor_terms":false,"distributor_media":false,"distributor_original_site_name":"RBC Gestion de patrimoine","distributor_original_site_url":"https:\/\/www.rbcwealthmanagement.com\/fr-ca","push-errors":false,"last_revision_date":"2025-06-24 16:44:50","_links":{"self":[{"href":"https:\/\/www.rbcwealthmanagement.com\/fr-ca\/wp-json\/wp\/v2\/pages\/18886","targetHints":{"allow":["GET"]}}],"collection":[{"href":"https:\/\/www.rbcwealthmanagement.com\/fr-ca\/wp-json\/wp\/v2\/pages"}],"about":[{"href":"https:\/\/www.rbcwealthmanagement.com\/fr-ca\/wp-json\/wp\/v2\/types\/page"}],"author":[{"embeddable":true,"href":"https:\/\/www.rbcwealthmanagement.com\/fr-ca\/wp-json\/wp\/v2\/users\/30"}],"replies":[{"embeddable":true,"href":"https:\/\/www.rbcwealthmanagement.com\/fr-ca\/wp-json\/wp\/v2\/comments?post=18886"}],"version-history":[{"count":2,"href":"https:\/\/www.rbcwealthmanagement.com\/fr-ca\/wp-json\/wp\/v2\/pages\/18886\/revisions"}],"predecessor-version":[{"id":26069,"href":"https:\/\/www.rbcwealthmanagement.com\/fr-ca\/wp-json\/wp\/v2\/pages\/18886\/revisions\/26069"}],"wp:attachment":[{"href":"https:\/\/www.rbcwealthmanagement.com\/fr-ca\/wp-json\/wp\/v2\/media?parent=18886"}],"wp:term":[{"taxonomy":"rbcwm_content_owner","embeddable":true,"href":"https:\/\/www.rbcwealthmanagement.com\/fr-ca\/wp-json\/wp\/v2\/rbcwm_content_owner?post=18886"}],"curies":[{"name":"wp","href":"https:\/\/api.w.org\/{rel}","templated":true}]}}