{"id":19767,"date":"2024-01-19T14:30:31","date_gmt":"2024-01-19T19:30:31","guid":{"rendered":"https:\/\/www.rbcwealthmanagement.com\/fr-ca\/?page_id=19767"},"modified":"2024-01-19T14:31:34","modified_gmt":"2024-01-19T19:31:34","slug":"emetteurs-lies-et-associes","status":"publish","type":"page","link":"https:\/\/www.rbcwealthmanagement.com\/fr-ca\/phn\/issuers-disclosure","title":{"rendered":"\u00c9metteurs li\u00e9s et associ\u00e9s"},"content":{"rendered":"\n<div class=\"wp-block-rbcwm-hero-block rbc-hero-wm  rbc-hero-overlap rbc-hero-overlap-mobile\"><div class=\"container\"><div class=\"row no-gutters\"><div class=\"col-lg-12\"><div class=\"rbc-card rbc-hero-card rbc-hero\"><div class=\"rbc-card-wrap\"><div class=\"rbc-card-body\"><div class=\"rbc-hero-body-content\"><h1 class=\"rbc-hero-title\"><span>\u00c9metteurs li\u00e9s et associ\u00e9s<\/span><\/h1><\/div><\/div><\/div><\/div><\/div><\/div><\/div><\/div>\n\n\n\n<section class=\"wp-block-rbcwm-rbc-block rbc-block rbc-block-grey has-block-grey-background-color has-background\"><div class=\"container\"><div class=\"row \"><div class=\"col-lg-12\">\n<div class=\"row no-gutters wrap blockId-31fa883e-385b-4db0-9450-89adbb3cbb87\">\n<div class=\"wp-block-rbcwm-column col-lg-8\">\n<p>RBC Phillips, Hager &amp; North Services-conseils en placements inc. (\u00ab&nbsp;RBC PH&amp;N SCP&nbsp;\u00bb) et RBC Private Counsel (USA) Inc. (\u00ab&nbsp;RBC PC USA&nbsp;\u00bb) (chacune \u00e9tant une \u00ab&nbsp;soci\u00e9t\u00e9&nbsp;\u00bb) effectuent \u00e0 l\u2019occasion des op\u00e9rations sur les titres d\u2019\u00e9metteurs avec lesquels elles ou d\u2019autres parties li\u00e9es \u00e0 la soci\u00e9t\u00e9 sont li\u00e9es ou associ\u00e9es ou conseillent les clients \u00e0 cet \u00e9gard.<\/p>\n\n\n\n<p>Un \u00e9metteur est \u00ab&nbsp;li\u00e9&nbsp;\u00bb \u00e0 la soci\u00e9t\u00e9 si, en raison de la propri\u00e9t\u00e9 de titres, de son influence ou de son contr\u00f4le sur des titres avec droit de vote,<\/p>\n\n\n\n<ul class=\"wp-block-list\">\n<li>la soci\u00e9t\u00e9 peut contr\u00f4ler cet \u00e9metteur,<\/li>\n\n\n\n<li>cet \u00e9metteur peut contr\u00f4ler la soci\u00e9t\u00e9 ou<\/li>\n\n\n\n<li>une m\u00eame tierce partie peut contr\u00f4ler l\u2019\u00e9metteur et la soci\u00e9t\u00e9.<\/li>\n<\/ul>\n\n\n\n<p>Un \u00e9metteur est \u00ab&nbsp;associ\u00e9&nbsp;\u00bb \u00e0 la soci\u00e9t\u00e9 si, du fait d\u2019un endettement ou d\u2019un autre lien, un souscripteur raisonnable \u00e9ventuel de titres de l\u2019\u00e9metteur associ\u00e9 a des doutes sur l\u2019ind\u00e9pendance de la soci\u00e9t\u00e9 \u00e0 l\u2019\u00e9gard de l\u2019\u00e9metteur.<\/p>\n\n\n\n<p>La soci\u00e9t\u00e9 veillera \u00e0 ce que toute op\u00e9ration dans votre compte relative aux titres d\u2019\u00e9metteurs li\u00e9s ou associ\u00e9s soit en conformit\u00e9 avec les objectifs de placement, les lignes directrices, les restrictions et toute autre disposition de votre \u00e9nonc\u00e9 de politique de placement et de vos conventions de compte.<\/p>\n\n\n\n<p>Chaque soci\u00e9t\u00e9 est une filiale indirecte en propri\u00e9t\u00e9 exclusive de la Banque Royale du Canada (RBC), qui est un \u00e9metteur li\u00e9 \u00e0 la soci\u00e9t\u00e9 et un \u00e9metteur assujetti au sens des lois applicables sur les valeurs mobili\u00e8res. Chaque soci\u00e9t\u00e9 est \u00e9galement affili\u00e9e \u00e0 la Soci\u00e9t\u00e9 Trust Royal du Canada et \u00e0 la Compagnie Trust Royal, lesquelles sont des filiales directes en propri\u00e9t\u00e9 exclusive de RBC. On s\u2019attend \u00e0 ce que RBC puisse avoir une influence d\u00e9terminante sur les fonds d\u2019investissement auxquels elle fournit un capital d\u2019amor\u00e7age \u00e0 l\u2019occasion.<\/p>\n\n\n\n<p>Pour obtenir la liste des \u00e9metteurs reli\u00e9s et associ\u00e9s, veuillez vous reporter aux documents\u00a0<a href=\"https:\/\/www.rbcwealthmanagement.com\/assets\/wp-content\/uploads\/documents\/ri_and_ci_list.pdf\" target=\"_blank\" rel=\"noreferrer noopener\">Liste des \u00e9metteurs reli\u00e9s\u00a0<\/a>,\u00a0<a href=\"https:\/\/www.rbcwealthmanagement.com\/assets\/wp-content\/uploads\/documents\/ds\/ci-list-equity.pdf\" target=\"_blank\" rel=\"noreferrer noopener\">Liste des \u00e9metteurs associ\u00e9s \u2013 capitaux\u00a0<\/a>\u00a0et\u00a0<a href=\"https:\/\/www.rbcwealthmanagement.com\/assets\/wp-content\/uploads\/documents\/ds\/ci-list-debt.pdf\" target=\"_blank\" rel=\"noreferrer noopener\">Liste des \u00e9metteurs associ\u00e9s \u2013 dettes<\/a>,\u00a0<a href=\"https:\/\/www.rbcgam.com\/fr\/ca\/products\/mutual-funds\/index\" class=\"link-external\" target=\"_blank\" rel=\"noreferrer noopener\">RBC GMA-fonds g\u00e9r\u00e9s<\/a>,\u00a0<a href=\"https:\/\/www.rbcgam.com\/fr\/ca\/products\/alternative-investments\/index\" class=\"link-external\" target=\"_blank\" rel=\"noreferrer noopener\">RBC GMA-fonds alternatifs g\u00e9r\u00e9s<\/a>,\u00a0<a href=\"https:\/\/www.rbcgam.com\/fr\/ca\/about-us\/about-rbc-ishares\" class=\"link-external\" target=\"_blank\" rel=\"noreferrer noopener\">RBC iShares<\/a><\/p>\n<\/div>\n<\/div>\n<\/div><\/div><\/div><\/section>\n","protected":false},"excerpt":{"rendered":"","protected":false},"author":21,"featured_media":0,"parent":24,"menu_order":0,"comment_status":"closed","ping_status":"closed","template":"","meta":{"_acf_changed":false,"editor_notices":[],"rbc_url_alias":"phn\/issuers-disclosure","footnotes":""},"rbcwm_content_owner":[],"class_list":["post-19767","page","type-page","status-publish","hentry"],"acf":[],"yoast_head":"<!-- This site is optimized with the Yoast SEO Premium plugin v24.8 (Yoast SEO v26.8) - https:\/\/yoast.com\/product\/yoast-seo-premium-wordpress\/ -->\n<title>\u00c9metteurs li\u00e9s et associ\u00e9s - RBC Gestion de patrimoine<\/title>\n<meta name=\"robots\" content=\"index, follow, max-snippet:-1, max-image-preview:large, max-video-preview:-1\" \/>\n<link rel=\"canonical\" href=\"https:\/\/www.rbcwealthmanagement.com\/fr-ca\/phn\/issuers-disclosure\" \/>\n<meta property=\"og:locale\" content=\"fr_CA\" \/>\n<meta property=\"og:type\" content=\"article\" \/>\n<meta property=\"og:title\" content=\"\u00c9metteurs li\u00e9s et associ\u00e9s\" \/>\n<meta property=\"og:url\" content=\"https:\/\/www.rbcwealthmanagement.com\/fr-ca\/phn\/issuers-disclosure\" \/>\n<meta property=\"og:site_name\" content=\"RBC Gestion de patrimoine\" \/>\n<meta property=\"article:modified_time\" content=\"2024-01-19T19:31:34+00:00\" \/>\n<meta property=\"og:image\" content=\"https:\/\/www.rbcwealthmanagement.com\/fr-ca\/wp-content\/uploads\/sites\/6\/2023\/02\/share-logo-1200x630-1.png\" \/>\n\t<meta property=\"og:image:width\" content=\"1200\" \/>\n\t<meta property=\"og:image:height\" content=\"630\" \/>\n\t<meta property=\"og:image:type\" content=\"image\/png\" \/>\n<meta name=\"twitter:card\" content=\"summary_large_image\" \/>\n<meta name=\"twitter:label1\" content=\"Est. reading time\" \/>\n\t<meta name=\"twitter:data1\" content=\"2 minutes\" \/>\n<script type=\"application\/ld+json\" class=\"yoast-schema-graph\">{\"@context\":\"https:\/\/schema.org\",\"@graph\":[{\"@type\":\"WebPage\",\"@id\":\"https:\/\/www.rbcwealthmanagement.com\/fr-ca\/phn\/issuers-disclosure\",\"url\":\"https:\/\/www.rbcwealthmanagement.com\/fr-ca\/phn\/issuers-disclosure\",\"name\":\"\u00c9metteurs li\u00e9s et associ\u00e9s - RBC Gestion de patrimoine\",\"isPartOf\":{\"@id\":\"https:\/\/www.rbcwealthmanagement.com\/fr-ca\/#website\"},\"datePublished\":\"2024-01-19T19:30:31+00:00\",\"dateModified\":\"2024-01-19T19:31:34+00:00\",\"breadcrumb\":{\"@id\":\"https:\/\/www.rbcwealthmanagement.com\/fr-ca\/phn\/issuers-disclosure#breadcrumb\"},\"inLanguage\":\"fr-CA\",\"potentialAction\":[{\"@type\":\"ReadAction\",\"target\":[\"https:\/\/www.rbcwealthmanagement.com\/fr-ca\/phn\/issuers-disclosure\"]}]},{\"@type\":\"BreadcrumbList\",\"@id\":\"https:\/\/www.rbcwealthmanagement.com\/fr-ca\/phn\/issuers-disclosure#breadcrumb\",\"itemListElement\":[{\"@type\":\"ListItem\",\"position\":1,\"name\":\"Home\",\"item\":\"https:\/\/www.rbcwealthmanagement.com\/fr-ca\/\"},{\"@type\":\"ListItem\",\"position\":2,\"name\":\"PH&#038;N Services-conseils en placements\",\"item\":\"https:\/\/www.rbcwealthmanagement.com\/fr-ca\/phn\"},{\"@type\":\"ListItem\",\"position\":3,\"name\":\"\u00c9metteurs li\u00e9s et associ\u00e9s\"}]},{\"@type\":\"WebSite\",\"@id\":\"https:\/\/www.rbcwealthmanagement.com\/fr-ca\/#website\",\"url\":\"https:\/\/www.rbcwealthmanagement.com\/fr-ca\/\",\"name\":\"RBC Gestion de patrimoine\",\"description\":\"\",\"publisher\":{\"@id\":\"https:\/\/www.rbcwealthmanagement.com\/fr-ca\/#organization\"},\"potentialAction\":[{\"@type\":\"SearchAction\",\"target\":{\"@type\":\"EntryPoint\",\"urlTemplate\":\"https:\/\/www.rbcwealthmanagement.com\/fr-ca\/?s={search_term_string}\"},\"query-input\":{\"@type\":\"PropertyValueSpecification\",\"valueRequired\":true,\"valueName\":\"search_term_string\"}}],\"inLanguage\":\"fr-CA\"},{\"@type\":\"Organization\",\"@id\":\"https:\/\/www.rbcwealthmanagement.com\/fr-ca\/#organization\",\"name\":\"RBC Gestion de Patrimoine\",\"alternateName\":\"RBC Gestion de Patrimoine\",\"url\":\"https:\/\/www.rbcwealthmanagement.com\/fr-ca\/\",\"logo\":{\"@type\":\"ImageObject\",\"inLanguage\":\"fr-CA\",\"@id\":\"https:\/\/www.rbcwealthmanagement.com\/fr-ca\/#\/schema\/logo\/image\/\",\"url\":\"https:\/\/www.rbcwealthmanagement.com\/fr-ca\/wp-content\/uploads\/sites\/6\/2023\/02\/rbc.png\",\"contentUrl\":\"https:\/\/www.rbcwealthmanagement.com\/fr-ca\/wp-content\/uploads\/sites\/6\/2023\/02\/rbc.png\",\"width\":3000,\"height\":2000,\"caption\":\"RBC Gestion de Patrimoine\"},\"image\":{\"@id\":\"https:\/\/www.rbcwealthmanagement.com\/fr-ca\/#\/schema\/logo\/image\/\"}}]}<\/script>\n<!-- \/ Yoast SEO Premium plugin. -->","yoast_head_json":{"title":"\u00c9metteurs li\u00e9s et associ\u00e9s - RBC Gestion de patrimoine","robots":{"index":"index","follow":"follow","max-snippet":"max-snippet:-1","max-image-preview":"max-image-preview:large","max-video-preview":"max-video-preview:-1"},"canonical":"https:\/\/www.rbcwealthmanagement.com\/fr-ca\/phn\/issuers-disclosure","og_locale":"fr_CA","og_type":"article","og_title":"\u00c9metteurs li\u00e9s et associ\u00e9s","og_url":"https:\/\/www.rbcwealthmanagement.com\/fr-ca\/phn\/issuers-disclosure","og_site_name":"RBC Gestion de patrimoine","article_modified_time":"2024-01-19T19:31:34+00:00","og_image":[{"width":1200,"height":630,"url":"https:\/\/www.rbcwealthmanagement.com\/fr-ca\/wp-content\/uploads\/sites\/6\/2023\/02\/share-logo-1200x630-1.png","type":"image\/png"}],"twitter_card":"summary_large_image","twitter_misc":{"Est. reading time":"2 minutes"},"schema":{"@context":"https:\/\/schema.org","@graph":[{"@type":"WebPage","@id":"https:\/\/www.rbcwealthmanagement.com\/fr-ca\/phn\/issuers-disclosure","url":"https:\/\/www.rbcwealthmanagement.com\/fr-ca\/phn\/issuers-disclosure","name":"\u00c9metteurs li\u00e9s et associ\u00e9s - RBC Gestion de patrimoine","isPartOf":{"@id":"https:\/\/www.rbcwealthmanagement.com\/fr-ca\/#website"},"datePublished":"2024-01-19T19:30:31+00:00","dateModified":"2024-01-19T19:31:34+00:00","breadcrumb":{"@id":"https:\/\/www.rbcwealthmanagement.com\/fr-ca\/phn\/issuers-disclosure#breadcrumb"},"inLanguage":"fr-CA","potentialAction":[{"@type":"ReadAction","target":["https:\/\/www.rbcwealthmanagement.com\/fr-ca\/phn\/issuers-disclosure"]}]},{"@type":"BreadcrumbList","@id":"https:\/\/www.rbcwealthmanagement.com\/fr-ca\/phn\/issuers-disclosure#breadcrumb","itemListElement":[{"@type":"ListItem","position":1,"name":"Home","item":"https:\/\/www.rbcwealthmanagement.com\/fr-ca\/"},{"@type":"ListItem","position":2,"name":"PH&#038;N Services-conseils en placements","item":"https:\/\/www.rbcwealthmanagement.com\/fr-ca\/phn"},{"@type":"ListItem","position":3,"name":"\u00c9metteurs li\u00e9s et associ\u00e9s"}]},{"@type":"WebSite","@id":"https:\/\/www.rbcwealthmanagement.com\/fr-ca\/#website","url":"https:\/\/www.rbcwealthmanagement.com\/fr-ca\/","name":"RBC Gestion de patrimoine","description":"","publisher":{"@id":"https:\/\/www.rbcwealthmanagement.com\/fr-ca\/#organization"},"potentialAction":[{"@type":"SearchAction","target":{"@type":"EntryPoint","urlTemplate":"https:\/\/www.rbcwealthmanagement.com\/fr-ca\/?s={search_term_string}"},"query-input":{"@type":"PropertyValueSpecification","valueRequired":true,"valueName":"search_term_string"}}],"inLanguage":"fr-CA"},{"@type":"Organization","@id":"https:\/\/www.rbcwealthmanagement.com\/fr-ca\/#organization","name":"RBC Gestion de Patrimoine","alternateName":"RBC Gestion de Patrimoine","url":"https:\/\/www.rbcwealthmanagement.com\/fr-ca\/","logo":{"@type":"ImageObject","inLanguage":"fr-CA","@id":"https:\/\/www.rbcwealthmanagement.com\/fr-ca\/#\/schema\/logo\/image\/","url":"https:\/\/www.rbcwealthmanagement.com\/fr-ca\/wp-content\/uploads\/sites\/6\/2023\/02\/rbc.png","contentUrl":"https:\/\/www.rbcwealthmanagement.com\/fr-ca\/wp-content\/uploads\/sites\/6\/2023\/02\/rbc.png","width":3000,"height":2000,"caption":"RBC Gestion de Patrimoine"},"image":{"@id":"https:\/\/www.rbcwealthmanagement.com\/fr-ca\/#\/schema\/logo\/image\/"}}]}},"jetpack_sharing_enabled":true,"publishpress_future_action":{"enabled":false,"date":"2026-04-29 12:43:20","action":"change-status","newStatus":"draft","terms":[],"taxonomy":"rbcwm_content_owner","extraData":[]},"publishpress_future_workflow_manual_trigger":{"enabledWorkflows":[]},"distributor_meta":false,"distributor_terms":false,"distributor_media":false,"distributor_original_site_name":"RBC Gestion de patrimoine","distributor_original_site_url":"https:\/\/www.rbcwealthmanagement.com\/fr-ca","push-errors":false,"last_revision_date":"2024-01-19 14:31:33","_links":{"self":[{"href":"https:\/\/www.rbcwealthmanagement.com\/fr-ca\/wp-json\/wp\/v2\/pages\/19767","targetHints":{"allow":["GET"]}}],"collection":[{"href":"https:\/\/www.rbcwealthmanagement.com\/fr-ca\/wp-json\/wp\/v2\/pages"}],"about":[{"href":"https:\/\/www.rbcwealthmanagement.com\/fr-ca\/wp-json\/wp\/v2\/types\/page"}],"author":[{"embeddable":true,"href":"https:\/\/www.rbcwealthmanagement.com\/fr-ca\/wp-json\/wp\/v2\/users\/21"}],"replies":[{"embeddable":true,"href":"https:\/\/www.rbcwealthmanagement.com\/fr-ca\/wp-json\/wp\/v2\/comments?post=19767"}],"version-history":[{"count":7,"href":"https:\/\/www.rbcwealthmanagement.com\/fr-ca\/wp-json\/wp\/v2\/pages\/19767\/revisions"}],"predecessor-version":[{"id":19780,"href":"https:\/\/www.rbcwealthmanagement.com\/fr-ca\/wp-json\/wp\/v2\/pages\/19767\/revisions\/19780"}],"up":[{"embeddable":true,"href":"https:\/\/www.rbcwealthmanagement.com\/fr-ca\/wp-json\/wp\/v2\/pages\/24"}],"wp:attachment":[{"href":"https:\/\/www.rbcwealthmanagement.com\/fr-ca\/wp-json\/wp\/v2\/media?parent=19767"}],"wp:term":[{"taxonomy":"rbcwm_content_owner","embeddable":true,"href":"https:\/\/www.rbcwealthmanagement.com\/fr-ca\/wp-json\/wp\/v2\/rbcwm_content_owner?post=19767"}],"curies":[{"name":"wp","href":"https:\/\/api.w.org\/{rel}","templated":true}]}}