{"id":20,"date":"2023-02-13T15:29:47","date_gmt":"2021-11-22T13:18:32","guid":{"rendered":"https:\/\/www.rbcwealthmanagement.com\/fr-ca\/?page_id=20"},"modified":"2025-08-06T17:57:19","modified_gmt":"2025-08-06T21:57:19","slug":"contact","status":"publish","type":"page","link":"https:\/\/www.rbcwealthmanagement.com\/fr-ca\/contact","title":{"rendered":"Nous joindre"},"content":{"rendered":"\n<div class=\"wp-block-rbcwm-hero-block rbc-hero-wm rbc-hero-has-image-bleed rbc-hero-overlap rbc-hero-overlap-mobile rbc-hero-iwiim6gzh hide-mobile-energy-lines\"><style>\n\t\t.rbc-hero-iwiim6gzh.is-style-rbc-hero-gradient::before {\n\t\t\tbackground: linear-gradient(90deg, #023169 20%, rgba(94, 120, 131, 0) 60%);\n\t\t}\n\n\t\t.rbc-hero-iwiim6gzh.is-style-rbc-hero-gradient.rbc-hero-has-image-bleed::before {\n\t\t\tbackground: linear-gradient(90deg, #023169 20%, rgba(94, 120, 131, 0) 60%);\n\t\t}\n\n\t\t.rbc-hero-iwiim6gzh.is-style-rbc-hero-gradient.rbc-hero-has-image-bottom::before {\n\t\t\tbackground: linear-gradient(180deg, #023169 20%, rgba(94, 120, 131, 0) 60%);\n\t\t}\n\n\t\t.rbc-hero-iwiim6gzh .rbc-hero-energy-lines.rbc-hero-energy-lines-left {\n\t\t\ttransform: scaleX(-1);\n\t\t}\n\n\t\t@media (max-width: 991px) {\n\t\t\t.rbc-hero-iwiim6gzh.is-style-rbc-hero-gradient::before,\n\t\t\t.rbc-hero-iwiim6gzh.is-style-rbc-hero-gradient.rbc-hero-has-image-bottom::before,\n\t\t\t.rbc-hero-iwiim6gzh.is-style-rbc-hero-gradient.rbc-hero-has-image-bleed::before {\n\t\t\t\tbackground: none;\n\t\t\t}\n\n\t\t\t.rbc-hero-iwiim6gzh.rbc-hero-has-image-full.hide-mobile-energy-lines .rbc-hero-energy-lines {\n\t\t\t\tdisplay: none;\n\t\t\t}\n\n\t\t\t.wp-block-rbcwm-hero-block.rbc-hero-iwiim6gzh.is-style-rbc-hero-gradient .rbc-hero-img-wrap::after {\n\t\t\t\tbackground: linear-gradient( 0deg, #023169 0%, rgba(94, 120, 131, 0) 25% );\n\t\t\t}\n\t\t\t\n\t\t\t.wp-block-rbcwm-hero-block.rbc-hero-iwiim6gzh.is-style-rbc-hero-gradient.rbc-hero-has-image-bottom .rbc-hero-img-wrap::before,\n            .wp-block-rbcwm-hero-block.rbc-hero-iwiim6gzh.is-style-rbc-hero-gradient.rbc-hero-has-image-bottom .container .rbc-hero-img-wrap::before {\n\t\t\t\tbackground: linear-gradient( 180deg, #023169 0%, rgba( 94, 120, 131, 0 ) 25% );\n\t\t\t}\n\t\t\t\n\t\t\t.wp-block-rbcwm-hero-block.rbc-hero-iwiim6gzh.is-style-rbc-hero-gradient .rbc-hero-card {\n\t\t\t\tbackground: #023169;\n\t\t\t}\n\t\t}\n\t<\/style><div class=\"container\"><div class=\"row no-gutters\"><div class=\"col-lg-7 rbc-hero-card-content\"><div class=\"rbc-card rbc-hero-card rbc-hero has-content\"><div class=\"rbc-card-wrap\"><div class=\"rbc-card-body\"><div class=\"rbc-hero-body-content\"><h1 class=\"rbc-hero-title\"><span>Parlons de votre avenir financier<\/span><\/h1><span class=\"rbc-hero-category\"><span>Nous joindre<\/span><\/span><hr class=\"rbc-hero-hr hr-mini bdr-accent\"\/>\n<p class=\"has-large-font-size\">Dites-nous comment vous souhaitez commencer la discussion et nous vous contacterons d\u2019ici deux jours ouvrables.<\/p>\n<\/div><\/div><\/div><\/div><\/div><div class=\"rbc-hero-img-wrap col-lg-5 order-2 order-lg-1\"><div class=\"rbc-hero-img bleed-img-right  rbc-hero-img-desktop-top-center rbc-hero-img-mobile-top-center\" style=\"background-image:url(https:\/\/www.rbcwealthmanagement.com\/en-ca\/wp-content\/uploads\/sites\/5\/2023\/03\/woman-listening-to-female-financial-advisor.webp?w=1600)\"><\/div><\/div><\/div><\/div><\/div>\n\n\n\n<script>\n\nwindow.addEventListener('message', (event) => {\n  \/\/ Validate the origin of the message\n\/\/event.origin !== 'https:\/\/cloud.wmc.rbc.com\n  if (event.origin !== 'https:\/\/cloud.wmc.rbc.com') return;\n\n  \/\/ Process the received response\n  console.log('Response received from child window:', event.data);\n    if(event.data.task===\"form_submitted\"){\n        console.log(\"submitted\")\ndocument.getElementsByClassName('hide-p')[0].style.display = 'none';\ndocument.getElementsByClassName('hide-p')[1].style.display = 'none';\n\n    }\n});\n<\/script>\n\n\n\n<section class=\"wp-block-rbcwm-rbc-block alignfull rbc-block rbc-block-grey has-block-grey-background-color has-background\"><div class=\"container\"><div class=\"row \"><div class=\"col-lg-7\">\n<p class=\"has-text-align-right hide-p\">* Zones obligatoires<\/p>\n\n\n\n<h2 class=\"wp-block-heading hide-p\">Que pouvons-nous vous aider ?<\/h2>\n\n\n\t\t<iframe src=\"https:\/\/cloud.wmc.rbc.com\/contactus_fr\"\n\t\t  id=\"sizetracker\"\n\t\t  allowfullscreen\n\t\t  width=\"100%\"\n\t\t  frameborder=\"0\"\n\t\t  title=\"Iframe form\"\n\t\t  scrolling=\"no\"\n\t\t  data-params-list=\"utm_id,gclid\"\n\t\t\tstyle=\"height: 500px;\"\n\t\t>\n\t\t<\/iframe>\n\t\t<\/div><\/div><\/div><\/section>\n\n\n\n<section class=\"wp-block-rbcwm-rbc-block rbc-block rbc-block-flush-bottom rbc-block-has-overlap\"><div class=\"container\"><div class=\"row justify-content-center\"><div class=\"col-lg-12\">\n<header class=\"wp-block-rbcwm-block-header row rbc-block-header\"><div class=\"col-lg-12\">\n\n<h2 class=\"wp-block-heading\" id=\"h-nous-joindre\">Nous joindre<\/h2>\n\n<\/div><\/header>\n\n\n\n<div class=\"wp-block-rbcwm-columns container\"><div class=\"row blockId-793c9f01-c98d-4e2f-a02c-731737678367\">\n<div class=\"wp-block-rbcwm-column col-lg-12\">\n<div class=\"wp-block-rbcwm-card rbc-card overlap-bottom\" data-observe=\"{&quot;add&quot;:&quot;ani-opacity-up&quot;,&quot;remove&quot;:&quot;ani-opacity-up-from&quot;}\"><div class=\"rbc-card-wrap\"><div class=\"rbc-card-body rbc-card-flush\"><div>\n<div class=\"wp-block-rbcwm-columns container row wrap rbc-block-spacer\"><div class=\"row blockId-91335ad3-8d0d-4180-b4e6-685200235b3b\">\n<div class=\"wp-block-rbcwm-column col-md-6 col-lg-4 mb-2-half mb-lg-0\">\n<h3 class=\"wp-block-heading h5\">Cherchez-vous un conseiller ou une succursale en particulier ?<\/h3>\n\n\n\n<ul class=\"wp-block-list list-links list-spaced-condensed\">\n<li><a href=\"https:\/\/www.rbcwealthmanagement.com\/fr-ca\/find-an-advisor\" data-type=\"URL\" data-id=\"https:\/\/www.rbcwealthmanagement.com\/fr-ca\/find-an-advisor\" class=\"link-chev\">R\u00e9pertoire des conseillers en placement de Dominion valeurs mobili\u00e8res<\/a><\/li>\n\n\n\n<li><a href=\"https:\/\/rbcphnsp.rbcgestiondepatrimoine.com\/\" class=\"link-chev\">R\u00e9pertoire des conseillers en placement RBC PH&amp;N SCP<\/a><\/li>\n\n\n\n<li><a href=\"https:\/\/contact.rbcwealthmanagement.com\/locator\/gestionprivee\/\" class=\"link-chev\">R\u00e9pertoire des banquiers priv\u00e9s<\/a><\/li>\n\n\n\n<li><a href=\"https:\/\/contact.rbcwealthmanagement.com\/royaltrust\/fr\/?_ga=2.144022965.1090752810.1634496323-822162872.1634496323\" class=\"link-chev\">Trust Royal<\/a><\/li>\n<\/ul>\n<\/div>\n\n\n\n<div class=\"wp-block-rbcwm-column col-lg-8\">\n<h3 class=\"wp-block-heading h5\">Cherchez-vous des conseils et l\u2019expertise d\u2019un conseiller en Gestion de patrimoine ?<\/h3>\n\n\n\n<p>Pour les actifs investissables de pr\u00e8s de 500 000 $ ou plus, remplissez le formulaire \u00ab Laissez-nous vous contacter \u00bb ci-dessus ou appelez-nous au&nbsp;<a href=\"tel:1-833-654-2566\">1 833 654-2566<\/a>, du lundi au vendredi, de 9 h \u00e0 16 h (HNE).<\/p>\n\n\n\n<h3 class=\"wp-block-heading h5\">Pr\u00e9f\u00e9rez-vous une plateforme de placement en ligne facile \u00e0 utiliser et avec un vrai soutien humain ?<\/h3>\n\n\n\n<p>Visitez le site&nbsp;<a href=\"https:\/\/www.rbcinvestease.com\/fr\/\" target=\"_blank\" rel=\"noreferrer noopener\" class=\"link-external\">RBC Investi-Clic<\/a> pour ouvrir un compte ou composez le&nbsp;<a href=\"tel:1-800-769-2531\">1 800 769-2531<\/a>.<\/p>\n\n\n\n<h3 class=\"wp-block-heading h5\">Pr\u00e9f\u00e9rez-vous effectuer vous-m\u00eame vos op\u00e9rations de placement en ligne ?<\/h3>\n\n\n\n<p>Visitez le site&nbsp;<a href=\"https:\/\/www.rbcplacementsendirect.com\/contact-us.html\" target=\"_blank\" rel=\"noreferrer noopener\" class=\"link-external\">RBC Placements en Direct<\/a> pour commencer \u00e0 n\u00e9gocier d\u00e8s aujourd\u2019hui ou composez le&nbsp;<a href=\"tel:1-800-769-2560\">1 800 769-2560<\/a>.<\/p>\n\n\n\n<h3 class=\"wp-block-heading h5\">Vous ne savez quel service de placement RBC vous convient&nbsp;?<\/h3>\n\n\n\n<p>R\u00e9pondez \u00e0 quelques questions pour&nbsp;<a href=\"https:\/\/apps.royalbank.com\/apps\/investments\/get-matched\/?lang=fr&amp;?utm_source=wm_contact\" target=\"_blank\" rel=\"noreferrer noopener\" class=\"link-external\">trouver le service de placement qui vous convient<\/a>.<\/p>\n\n\n\n<h3 class=\"wp-block-heading h5\">Avez-vous besoin de communiquer avec RBC Banque Royale ?<\/h3>\n\n\n\n<p>Trouvez une&nbsp;<a href=\"https:\/\/maps.rbcbanqueroyale.com\/?_ga=2.143159094.204696514.1627394957-2353894.1612815658\" target=\"_blank\" rel=\"noreferrer noopener\" class=\"link-external\">succursale pr\u00e8s de chez vous<\/a> ou composez le&nbsp;<a href=\"tel:1-800-769-2511\">1 800 769-2511<\/a>.<\/p>\n<\/div>\n<\/div><\/div>\n<\/div><\/div><\/div><\/div>\n<\/div>\n<\/div><\/div>\n<\/div><\/div><\/div><\/section>\n","protected":false},"excerpt":{"rendered":"<p>Planifiez votre avenir financier avec les conseils et l\u2019expertise d\u2019un conseiller sp\u00e9cialis\u00e9 de RBC Gestion de patrimoine. Communiquez avec nous d\u00e8s aujourd\u2019hui.<\/p>\n","protected":false},"author":4,"featured_media":0,"parent":0,"menu_order":0,"comment_status":"closed","ping_status":"closed","template":"","meta":{"_acf_changed":false,"editor_notices":[],"rbc_url_alias":"contact","footnotes":""},"rbcwm_content_owner":[],"class_list":["post-20","page","type-page","status-publish","hentry"],"acf":[],"yoast_head":"<!-- This site is optimized with the Yoast SEO Premium plugin v24.8 (Yoast SEO v26.8) - https:\/\/yoast.com\/product\/yoast-seo-premium-wordpress\/ -->\n<title>Nous joindre \u2013 RBC Gestion de patrimoine<\/title>\n<meta name=\"description\" content=\"Planifiez votre avenir financier avec les conseils et l\u2019expertise d\u2019un conseiller sp\u00e9cialis\u00e9 de RBC Gestion de patrimoine. Communiquez avec nous d\u00e8s aujourd\u2019hui.\" \/>\n<meta name=\"robots\" content=\"index, follow, max-snippet:-1, max-image-preview:large, max-video-preview:-1\" \/>\n<link rel=\"canonical\" href=\"https:\/\/www.rbcwealthmanagement.com\/fr-ca\/contact\" \/>\n<meta property=\"og:locale\" content=\"fr_CA\" \/>\n<meta property=\"og:type\" content=\"article\" \/>\n<meta property=\"og:title\" content=\"Nous joindre\" \/>\n<meta property=\"og:description\" content=\"Planifiez votre avenir financier avec les conseils et l\u2019expertise d\u2019un conseiller sp\u00e9cialis\u00e9 de RBC Gestion de patrimoine. Communiquez avec nous d\u00e8s aujourd\u2019hui.\" \/>\n<meta property=\"og:url\" content=\"https:\/\/www.rbcwealthmanagement.com\/fr-ca\/contact\" \/>\n<meta property=\"og:site_name\" content=\"RBC Gestion de patrimoine\" \/>\n<meta property=\"article:modified_time\" content=\"2025-08-06T21:57:19+00:00\" \/>\n<meta property=\"og:image\" content=\"https:\/\/www.rbcwealthmanagement.com\/fr-ca\/wp-content\/uploads\/sites\/6\/2023\/02\/share-logo-1200x630-1.png\" \/>\n\t<meta property=\"og:image:width\" content=\"1200\" \/>\n\t<meta property=\"og:image:height\" content=\"630\" \/>\n\t<meta property=\"og:image:type\" content=\"image\/png\" \/>\n<meta name=\"twitter:card\" content=\"summary_large_image\" \/>\n<meta name=\"twitter:title\" content=\"Nous joindre\" \/>\n<meta name=\"twitter:description\" content=\"Planifiez votre avenir financier avec les conseils et l\u2019expertise d\u2019un conseiller sp\u00e9cialis\u00e9 de RBC Gestion de patrimoine. Communiquez avec nous d\u00e8s aujourd\u2019hui.\" \/>\n<meta name=\"twitter:label1\" content=\"Est. reading time\" \/>\n\t<meta name=\"twitter:data1\" content=\"2 minutes\" \/>\n<script type=\"application\/ld+json\" class=\"yoast-schema-graph\">{\"@context\":\"https:\/\/schema.org\",\"@graph\":[{\"@type\":\"WebPage\",\"@id\":\"https:\/\/www.rbcwealthmanagement.com\/fr-ca\/contact\",\"url\":\"https:\/\/www.rbcwealthmanagement.com\/fr-ca\/contact\",\"name\":\"Nous joindre \u2013 RBC Gestion de patrimoine\",\"isPartOf\":{\"@id\":\"https:\/\/www.rbcwealthmanagement.com\/fr-ca\/#website\"},\"datePublished\":\"2021-11-22T13:18:32+00:00\",\"dateModified\":\"2025-08-06T21:57:19+00:00\",\"description\":\"Planifiez votre avenir financier avec les conseils et l\u2019expertise d\u2019un conseiller sp\u00e9cialis\u00e9 de RBC Gestion de patrimoine. Communiquez avec nous d\u00e8s aujourd\u2019hui.\",\"breadcrumb\":{\"@id\":\"https:\/\/www.rbcwealthmanagement.com\/fr-ca\/contact#breadcrumb\"},\"inLanguage\":\"fr-CA\",\"potentialAction\":[{\"@type\":\"ReadAction\",\"target\":[\"https:\/\/www.rbcwealthmanagement.com\/fr-ca\/contact\"]}]},{\"@type\":\"BreadcrumbList\",\"@id\":\"https:\/\/www.rbcwealthmanagement.com\/fr-ca\/contact#breadcrumb\",\"itemListElement\":[{\"@type\":\"ListItem\",\"position\":1,\"name\":\"Home\",\"item\":\"https:\/\/www.rbcwealthmanagement.com\/fr-ca\/\"},{\"@type\":\"ListItem\",\"position\":2,\"name\":\"Nous joindre\"}]},{\"@type\":\"WebSite\",\"@id\":\"https:\/\/www.rbcwealthmanagement.com\/fr-ca\/#website\",\"url\":\"https:\/\/www.rbcwealthmanagement.com\/fr-ca\/\",\"name\":\"RBC Gestion de patrimoine\",\"description\":\"\",\"publisher\":{\"@id\":\"https:\/\/www.rbcwealthmanagement.com\/fr-ca\/#organization\"},\"potentialAction\":[{\"@type\":\"SearchAction\",\"target\":{\"@type\":\"EntryPoint\",\"urlTemplate\":\"https:\/\/www.rbcwealthmanagement.com\/fr-ca\/?s={search_term_string}\"},\"query-input\":{\"@type\":\"PropertyValueSpecification\",\"valueRequired\":true,\"valueName\":\"search_term_string\"}}],\"inLanguage\":\"fr-CA\"},{\"@type\":\"Organization\",\"@id\":\"https:\/\/www.rbcwealthmanagement.com\/fr-ca\/#organization\",\"name\":\"RBC Gestion de Patrimoine\",\"alternateName\":\"RBC Gestion de Patrimoine\",\"url\":\"https:\/\/www.rbcwealthmanagement.com\/fr-ca\/\",\"logo\":{\"@type\":\"ImageObject\",\"inLanguage\":\"fr-CA\",\"@id\":\"https:\/\/www.rbcwealthmanagement.com\/fr-ca\/#\/schema\/logo\/image\/\",\"url\":\"https:\/\/www.rbcwealthmanagement.com\/fr-ca\/wp-content\/uploads\/sites\/6\/2023\/02\/rbc.png\",\"contentUrl\":\"https:\/\/www.rbcwealthmanagement.com\/fr-ca\/wp-content\/uploads\/sites\/6\/2023\/02\/rbc.png\",\"width\":3000,\"height\":2000,\"caption\":\"RBC Gestion de Patrimoine\"},\"image\":{\"@id\":\"https:\/\/www.rbcwealthmanagement.com\/fr-ca\/#\/schema\/logo\/image\/\"}}]}<\/script>\n<!-- \/ Yoast SEO Premium plugin. -->","yoast_head_json":{"title":"Nous joindre \u2013 RBC Gestion de patrimoine","description":"Planifiez votre avenir financier avec les conseils et l\u2019expertise d\u2019un conseiller sp\u00e9cialis\u00e9 de RBC Gestion de patrimoine. Communiquez avec nous d\u00e8s aujourd\u2019hui.","robots":{"index":"index","follow":"follow","max-snippet":"max-snippet:-1","max-image-preview":"max-image-preview:large","max-video-preview":"max-video-preview:-1"},"canonical":"https:\/\/www.rbcwealthmanagement.com\/fr-ca\/contact","og_locale":"fr_CA","og_type":"article","og_title":"Nous joindre","og_description":"Planifiez votre avenir financier avec les conseils et l\u2019expertise d\u2019un conseiller sp\u00e9cialis\u00e9 de RBC Gestion de patrimoine. Communiquez avec nous d\u00e8s aujourd\u2019hui.","og_url":"https:\/\/www.rbcwealthmanagement.com\/fr-ca\/contact","og_site_name":"RBC Gestion de patrimoine","article_modified_time":"2025-08-06T21:57:19+00:00","og_image":[{"width":1200,"height":630,"url":"https:\/\/www.rbcwealthmanagement.com\/fr-ca\/wp-content\/uploads\/sites\/6\/2023\/02\/share-logo-1200x630-1.png","type":"image\/png"}],"twitter_card":"summary_large_image","twitter_title":"Nous joindre","twitter_description":"Planifiez votre avenir financier avec les conseils et l\u2019expertise d\u2019un conseiller sp\u00e9cialis\u00e9 de RBC Gestion de patrimoine. Communiquez avec nous d\u00e8s aujourd\u2019hui.","twitter_misc":{"Est. reading time":"2 minutes"},"schema":{"@context":"https:\/\/schema.org","@graph":[{"@type":"WebPage","@id":"https:\/\/www.rbcwealthmanagement.com\/fr-ca\/contact","url":"https:\/\/www.rbcwealthmanagement.com\/fr-ca\/contact","name":"Nous joindre \u2013 RBC Gestion de patrimoine","isPartOf":{"@id":"https:\/\/www.rbcwealthmanagement.com\/fr-ca\/#website"},"datePublished":"2021-11-22T13:18:32+00:00","dateModified":"2025-08-06T21:57:19+00:00","description":"Planifiez votre avenir financier avec les conseils et l\u2019expertise d\u2019un conseiller sp\u00e9cialis\u00e9 de RBC Gestion de patrimoine. Communiquez avec nous d\u00e8s aujourd\u2019hui.","breadcrumb":{"@id":"https:\/\/www.rbcwealthmanagement.com\/fr-ca\/contact#breadcrumb"},"inLanguage":"fr-CA","potentialAction":[{"@type":"ReadAction","target":["https:\/\/www.rbcwealthmanagement.com\/fr-ca\/contact"]}]},{"@type":"BreadcrumbList","@id":"https:\/\/www.rbcwealthmanagement.com\/fr-ca\/contact#breadcrumb","itemListElement":[{"@type":"ListItem","position":1,"name":"Home","item":"https:\/\/www.rbcwealthmanagement.com\/fr-ca\/"},{"@type":"ListItem","position":2,"name":"Nous joindre"}]},{"@type":"WebSite","@id":"https:\/\/www.rbcwealthmanagement.com\/fr-ca\/#website","url":"https:\/\/www.rbcwealthmanagement.com\/fr-ca\/","name":"RBC Gestion de patrimoine","description":"","publisher":{"@id":"https:\/\/www.rbcwealthmanagement.com\/fr-ca\/#organization"},"potentialAction":[{"@type":"SearchAction","target":{"@type":"EntryPoint","urlTemplate":"https:\/\/www.rbcwealthmanagement.com\/fr-ca\/?s={search_term_string}"},"query-input":{"@type":"PropertyValueSpecification","valueRequired":true,"valueName":"search_term_string"}}],"inLanguage":"fr-CA"},{"@type":"Organization","@id":"https:\/\/www.rbcwealthmanagement.com\/fr-ca\/#organization","name":"RBC Gestion de Patrimoine","alternateName":"RBC Gestion de Patrimoine","url":"https:\/\/www.rbcwealthmanagement.com\/fr-ca\/","logo":{"@type":"ImageObject","inLanguage":"fr-CA","@id":"https:\/\/www.rbcwealthmanagement.com\/fr-ca\/#\/schema\/logo\/image\/","url":"https:\/\/www.rbcwealthmanagement.com\/fr-ca\/wp-content\/uploads\/sites\/6\/2023\/02\/rbc.png","contentUrl":"https:\/\/www.rbcwealthmanagement.com\/fr-ca\/wp-content\/uploads\/sites\/6\/2023\/02\/rbc.png","width":3000,"height":2000,"caption":"RBC Gestion de Patrimoine"},"image":{"@id":"https:\/\/www.rbcwealthmanagement.com\/fr-ca\/#\/schema\/logo\/image\/"}}]}},"jetpack_sharing_enabled":true,"publishpress_future_action":{"enabled":false,"date":"2026-04-12 05:56:41","action":"change-status","newStatus":"draft","terms":[],"taxonomy":"rbcwm_content_owner","extraData":[]},"publishpress_future_workflow_manual_trigger":{"enabledWorkflows":[]},"distributor_meta":false,"distributor_terms":false,"distributor_media":false,"distributor_original_site_name":"RBC Gestion de patrimoine","distributor_original_site_url":"https:\/\/www.rbcwealthmanagement.com\/fr-ca","push-errors":false,"last_revision_date":"2025-08-06 17:57:18","_links":{"self":[{"href":"https:\/\/www.rbcwealthmanagement.com\/fr-ca\/wp-json\/wp\/v2\/pages\/20","targetHints":{"allow":["GET"]}}],"collection":[{"href":"https:\/\/www.rbcwealthmanagement.com\/fr-ca\/wp-json\/wp\/v2\/pages"}],"about":[{"href":"https:\/\/www.rbcwealthmanagement.com\/fr-ca\/wp-json\/wp\/v2\/types\/page"}],"author":[{"embeddable":true,"href":"https:\/\/www.rbcwealthmanagement.com\/fr-ca\/wp-json\/wp\/v2\/users\/4"}],"replies":[{"embeddable":true,"href":"https:\/\/www.rbcwealthmanagement.com\/fr-ca\/wp-json\/wp\/v2\/comments?post=20"}],"version-history":[{"count":30,"href":"https:\/\/www.rbcwealthmanagement.com\/fr-ca\/wp-json\/wp\/v2\/pages\/20\/revisions"}],"predecessor-version":[{"id":26595,"href":"https:\/\/www.rbcwealthmanagement.com\/fr-ca\/wp-json\/wp\/v2\/pages\/20\/revisions\/26595"}],"wp:attachment":[{"href":"https:\/\/www.rbcwealthmanagement.com\/fr-ca\/wp-json\/wp\/v2\/media?parent=20"}],"wp:term":[{"taxonomy":"rbcwm_content_owner","embeddable":true,"href":"https:\/\/www.rbcwealthmanagement.com\/fr-ca\/wp-json\/wp\/v2\/rbcwm_content_owner?post=20"}],"curies":[{"name":"wp","href":"https:\/\/api.w.org\/{rel}","templated":true}]}}