{"id":20687,"date":"2024-04-03T17:02:11","date_gmt":"2024-04-03T21:02:11","guid":{"rendered":"https:\/\/www.rbcwealthmanagement.com\/fr-ca\/?page_id=20687"},"modified":"2025-06-24T17:02:37","modified_gmt":"2025-06-24T21:02:37","slug":"rbc-private-banking-who-we-are","status":"publish","type":"page","link":"https:\/\/www.rbcwealthmanagement.com\/fr-ca\/private-banking\/who-we-are","title":{"rendered":"RBC Private Banking: Who we are"},"content":{"rendered":"\n<div class=\"wp-block-rbcwm-hero-block rbc-hero-wm  rbc-hero-overlap rbc-hero-overlap-mobile rbc-hero-cxi3kzj4t hide-mobile-energy-lines\"><style>\n\t\t.rbc-hero-cxi3kzj4t.is-style-rbc-hero-gradient::before {\n\t\t\tbackground: linear-gradient(90deg, #023169 20%, rgba(94, 120, 131, 0) 60%);\n\t\t}\n\n\t\t.rbc-hero-cxi3kzj4t.is-style-rbc-hero-gradient.rbc-hero-has-image-bleed::before {\n\t\t\tbackground: linear-gradient(90deg, #023169 20%, rgba(94, 120, 131, 0) 60%);\n\t\t}\n\n\t\t.rbc-hero-cxi3kzj4t.is-style-rbc-hero-gradient.rbc-hero-has-image-bottom::before {\n\t\t\tbackground: linear-gradient(180deg, #023169 20%, rgba(94, 120, 131, 0) 60%);\n\t\t}\n\n\t\t.rbc-hero-cxi3kzj4t .rbc-hero-energy-lines.rbc-hero-energy-lines-left {\n\t\t\ttransform: scaleX(-1);\n\t\t}\n\n\t\t@media (max-width: 991px) {\n\t\t\t.rbc-hero-cxi3kzj4t.is-style-rbc-hero-gradient::before,\n\t\t\t.rbc-hero-cxi3kzj4t.is-style-rbc-hero-gradient.rbc-hero-has-image-bottom::before,\n\t\t\t.rbc-hero-cxi3kzj4t.is-style-rbc-hero-gradient.rbc-hero-has-image-bleed::before {\n\t\t\t\tbackground: none;\n\t\t\t}\n\n\t\t\t.rbc-hero-cxi3kzj4t.rbc-hero-has-image-full.hide-mobile-energy-lines .rbc-hero-energy-lines {\n\t\t\t\tdisplay: none;\n\t\t\t}\n\n\t\t\t.wp-block-rbcwm-hero-block.rbc-hero-cxi3kzj4t.is-style-rbc-hero-gradient .rbc-hero-img-wrap::after {\n\t\t\t\tbackground: linear-gradient( 0deg, #023169 0%, rgba(94, 120, 131, 0) 25% );\n\t\t\t}\n\t\t\t\n\t\t\t.wp-block-rbcwm-hero-block.rbc-hero-cxi3kzj4t.is-style-rbc-hero-gradient.rbc-hero-has-image-bottom .rbc-hero-img-wrap::before,\n            .wp-block-rbcwm-hero-block.rbc-hero-cxi3kzj4t.is-style-rbc-hero-gradient.rbc-hero-has-image-bottom .container .rbc-hero-img-wrap::before {\n\t\t\t\tbackground: linear-gradient( 180deg, #023169 0%, rgba( 94, 120, 131, 0 ) 25% );\n\t\t\t}\n\t\t\t\n\t\t\t.wp-block-rbcwm-hero-block.rbc-hero-cxi3kzj4t.is-style-rbc-hero-gradient .rbc-hero-card {\n\t\t\t\tbackground: #023169;\n\t\t\t}\n\t\t}\n\t<\/style><div class=\"container\"><div class=\"row no-gutters\"><div class=\"col-lg-12 rbc-hero-card-content\"><div class=\"rbc-card rbc-hero-card rbc-hero has-content\"><div class=\"rbc-card-wrap\"><div class=\"rbc-card-body\"><div class=\"rbc-hero-body-content\"><h1 class=\"rbc-hero-title\"><span>Banque priv\u00e9e:<br>Qui nous sommes<\/span><\/h1>\n<p><\/p>\n\n\n\n<p>Avec nos partenaires de RBC Gestion de patrimoine, notre \u00e9quipe offre des conseils et des solutions sur un vaste \u00e9ventail de services bancaires, des transactions courantes aux solutions complexes en mati\u00e8re de cr\u00e9dit, de planification successorale et d\u2019entreprise, de philanthropie et de solutions transfronti\u00e8res.<\/p>\n<\/div><\/div><\/div><\/div><\/div><div class=\"rbc-hero-img-wrap col-lg-5 order-2 order-lg-1\"><\/div><\/div><\/div><\/div>\n\n\n\n<section class=\"wp-block-rbcwm-rbc-block rbc-block rbc-block-flush-bottom rbc-block-grey overlap-bottom has-block-grey-background-color has-background\"><div class=\"container\"><div class=\"row \"><div class=\"col-lg-12\"><div class=\"wrap\">\t\t<!-- Start of Brightcove Player -->\n\t\t\t\t\t\t<div style=\"display: block; position: relative; min-width: 0px; max-width: 640px;\">\n\t\t\t\t\t<div style=\"padding-top: 56%; \">\n\t\t\t\t\t\t<video-js\n\t\t\t\t\t\t\t\tid=\"6349333332112\"\n\t\t\t\t\t\t\t\tdata-video-id=\"6349333332112\" data-account=\"3187797751001\"\n\t\t\t\t\t\t\t\tdata-player=\"r00PT6QDgm\"\n\t\t\t\t\t\t\t\tdata-usage=\"cms:WordPress:6.9.4:2.8.8:javascript\"\n\t\t\t\t\t\t\t\tdata-embed=\"default\" class=\"video-js\"\n\t\t\t\t\t\t\t\tdata-application-id=\"\"\n\t\t\t\t\t\t\t\tcontrols   \t\t\t\t\t\t\t\tstyle=\"width: 100%; height: 360px; position: absolute; top: 0; bottom: 0; right: 0; left: 0;\">\n\t\t\t\t\t\t<\/video-js>\n\n\t\t\t\t\t\t<script src=\"https:\/\/players.brightcove.net\/3187797751001\/r00PT6QDgm_default\/index.min.js\"><\/script> \t\t\t\t\t<\/div>\n\t\t\t\t<\/div>\n\t\t\t\t\t\t<!-- End of Brightcove Player -->\n\t\t\n\n\n<div style=\"height:50px\" aria-hidden=\"true\" class=\"wp-block-spacer\"><\/div>\n\n\n\n<p><\/p>\n<\/div><\/div><\/div><\/div><\/section>\n\n\n\n<section class=\"wp-block-rbcwm-rbc-block alignfull rbc-block rbc-block-flush-bottom rbc-block-grey rbc-block-has-overlap rbc-block-small has-block-grey-background-color has-background\"><div class=\"container\"><div class=\"row justify-content-center\"><div class=\"col-lg-12\">\n<div class=\"wp-block-rbcwm-rbc-button rbc-button-block row no-gutters align-items-end b-white blockId-33aeab15-f91d-42fa-97c7-8e35ce4e1c06 blockId-661180b6-28b3-4f31-b386-a8033fe74ec3 blockId-2eb2d4dd-090c-4fc4-b389-aa22ffd66e99 blockId-9a6d435f-4de8-4ecd-9438-72b17061e72d blockId-60716a92-413a-470f-87bf-512feb7029d1 blockId-04bf7958-f99a-4242-8d50-99405915f2b5 blockId-695622b7-9219-4563-a9ba-db0fd6d1210f blockId-63d54e1e-2661-4549-bbbb-0b9232e4db56 blockId-bb18127f-733e-4c56-a839-0af2eebc8ca2 blockId-307e15fa-134e-4a41-9e17-d8c17b387ddf blockId-3e1660da-cf1f-4c5b-8ef5-6f6f4b707567 blockId-7b53dfba-ff20-44b1-aae0-c89e556a38ea blockId-286980eb-3c23-45b3-bf18-c3caa1c56e9c blockId-f9776415-151f-4608-a5c4-83b445e63428 blockId-4ac9dac3-198b-4ab9-92ea-e3c20d2c0565 blockId-05856aa4-e0de-419b-8528-f74981ec27d1 blockId-016e8829-52bf-4016-a1e8-a17f71abf0df blockId-3d506971-77ed-4b8d-99e3-855ee3940076 blockId-a64b4794-5990-4a06-ae89-56021293f7c2 rbc-block-has-overlap overlap-bottom\"><div class=\"rbc-card\"><div class=\"rbc-card-wrap\"><div class=\"rbc-card-body\"><div class=\"row\"><div class=\"col-lg-8\"><h3 class=\"mb-0 rbc-button-block-title\"><span>Planifions votre r\u00e9ussite<\/span><\/h3><hr class=\"hr-mini my-1-half bdr-warm-grey\"\/>\n<p class=\"paragraph-intro\">D\u00e9couvrez le traitement pr\u00e9f\u00e9rentiel et les avantages exclusifs qui attendent la client\u00e8le de Banque priv\u00e9e.<\/p>\n<\/div><\/div><\/div><\/div><\/div><div class=\"col-lg-7\"><a href=\"\/fr-ca\/private-banking\" class=\"rbc-button rbc-button-block-cta rbc-button-large rbc-button-warm-grey rbc-button-block\" rel=\"noopener\"><div class=\"rbc-icon rbc-button-icon-right\"><i aria-hidden=\"true\" role=\"img\" class=\"rbc-icon-img fal fa-fal fa-angle-right\"><\/i><\/div><span>Renseignez-vous<\/span><\/a><\/div><\/div>\n<\/div><\/div><\/div><\/section>\n","protected":false},"excerpt":{"rendered":"","protected":false},"author":17,"featured_media":0,"parent":0,"menu_order":0,"comment_status":"closed","ping_status":"closed","template":"","meta":{"_acf_changed":false,"editor_notices":[],"rbc_url_alias":"private-banking\/who-we-are","footnotes":""},"rbcwm_content_owner":[],"class_list":["post-20687","page","type-page","status-publish","hentry"],"acf":[],"yoast_head":"<!-- This site is optimized with the Yoast SEO Premium plugin v24.8 (Yoast SEO v26.8) - https:\/\/yoast.com\/product\/yoast-seo-premium-wordpress\/ -->\n<title>RBC Private Banking: Who we are - RBC Gestion de patrimoine<\/title>\n<meta name=\"robots\" content=\"index, follow, max-snippet:-1, max-image-preview:large, max-video-preview:-1\" \/>\n<link rel=\"canonical\" href=\"https:\/\/www.rbcwealthmanagement.com\/fr-ca\/private-banking\/who-we-are\" \/>\n<meta property=\"og:locale\" content=\"fr_CA\" \/>\n<meta property=\"og:type\" content=\"article\" \/>\n<meta property=\"og:title\" content=\"RBC Private Banking: Who we are\" \/>\n<meta property=\"og:url\" content=\"https:\/\/www.rbcwealthmanagement.com\/fr-ca\/private-banking\/who-we-are\" \/>\n<meta property=\"og:site_name\" content=\"RBC Gestion de patrimoine\" \/>\n<meta property=\"article:modified_time\" content=\"2025-06-24T21:02:37+00:00\" \/>\n<meta property=\"og:image\" content=\"https:\/\/www.rbcwealthmanagement.com\/fr-ca\/wp-content\/uploads\/sites\/6\/2023\/02\/share-logo-1200x630-1.png\" \/>\n\t<meta property=\"og:image:width\" content=\"1200\" \/>\n\t<meta property=\"og:image:height\" content=\"630\" \/>\n\t<meta property=\"og:image:type\" content=\"image\/png\" \/>\n<meta name=\"twitter:card\" content=\"summary_large_image\" \/>\n<meta name=\"twitter:label1\" content=\"Est. reading time\" \/>\n\t<meta name=\"twitter:data1\" content=\"1 minute\" \/>\n<script type=\"application\/ld+json\" class=\"yoast-schema-graph\">{\"@context\":\"https:\/\/schema.org\",\"@graph\":[{\"@type\":\"WebPage\",\"@id\":\"https:\/\/www.rbcwealthmanagement.com\/fr-ca\/private-banking\/who-we-are\",\"url\":\"https:\/\/www.rbcwealthmanagement.com\/fr-ca\/private-banking\/who-we-are\",\"name\":\"RBC Private Banking: Who we are - RBC Gestion de patrimoine\",\"isPartOf\":{\"@id\":\"https:\/\/www.rbcwealthmanagement.com\/fr-ca\/#website\"},\"datePublished\":\"2024-04-03T21:02:11+00:00\",\"dateModified\":\"2025-06-24T21:02:37+00:00\",\"breadcrumb\":{\"@id\":\"https:\/\/www.rbcwealthmanagement.com\/fr-ca\/private-banking\/who-we-are#breadcrumb\"},\"inLanguage\":\"fr-CA\",\"potentialAction\":[{\"@type\":\"ReadAction\",\"target\":[\"https:\/\/www.rbcwealthmanagement.com\/fr-ca\/private-banking\/who-we-are\"]}]},{\"@type\":\"BreadcrumbList\",\"@id\":\"https:\/\/www.rbcwealthmanagement.com\/fr-ca\/private-banking\/who-we-are#breadcrumb\",\"itemListElement\":[{\"@type\":\"ListItem\",\"position\":1,\"name\":\"Home\",\"item\":\"https:\/\/www.rbcwealthmanagement.com\/fr-ca\/\"},{\"@type\":\"ListItem\",\"position\":2,\"name\":\"RBC Private Banking: Who we are\"}]},{\"@type\":\"WebSite\",\"@id\":\"https:\/\/www.rbcwealthmanagement.com\/fr-ca\/#website\",\"url\":\"https:\/\/www.rbcwealthmanagement.com\/fr-ca\/\",\"name\":\"RBC Gestion de patrimoine\",\"description\":\"\",\"publisher\":{\"@id\":\"https:\/\/www.rbcwealthmanagement.com\/fr-ca\/#organization\"},\"potentialAction\":[{\"@type\":\"SearchAction\",\"target\":{\"@type\":\"EntryPoint\",\"urlTemplate\":\"https:\/\/www.rbcwealthmanagement.com\/fr-ca\/?s={search_term_string}\"},\"query-input\":{\"@type\":\"PropertyValueSpecification\",\"valueRequired\":true,\"valueName\":\"search_term_string\"}}],\"inLanguage\":\"fr-CA\"},{\"@type\":\"Organization\",\"@id\":\"https:\/\/www.rbcwealthmanagement.com\/fr-ca\/#organization\",\"name\":\"RBC Gestion de Patrimoine\",\"alternateName\":\"RBC Gestion de Patrimoine\",\"url\":\"https:\/\/www.rbcwealthmanagement.com\/fr-ca\/\",\"logo\":{\"@type\":\"ImageObject\",\"inLanguage\":\"fr-CA\",\"@id\":\"https:\/\/www.rbcwealthmanagement.com\/fr-ca\/#\/schema\/logo\/image\/\",\"url\":\"https:\/\/www.rbcwealthmanagement.com\/fr-ca\/wp-content\/uploads\/sites\/6\/2023\/02\/rbc.png\",\"contentUrl\":\"https:\/\/www.rbcwealthmanagement.com\/fr-ca\/wp-content\/uploads\/sites\/6\/2023\/02\/rbc.png\",\"width\":3000,\"height\":2000,\"caption\":\"RBC Gestion de Patrimoine\"},\"image\":{\"@id\":\"https:\/\/www.rbcwealthmanagement.com\/fr-ca\/#\/schema\/logo\/image\/\"}}]}<\/script>\n<!-- \/ Yoast SEO Premium plugin. -->","yoast_head_json":{"title":"RBC Private Banking: Who we are - RBC Gestion de patrimoine","robots":{"index":"index","follow":"follow","max-snippet":"max-snippet:-1","max-image-preview":"max-image-preview:large","max-video-preview":"max-video-preview:-1"},"canonical":"https:\/\/www.rbcwealthmanagement.com\/fr-ca\/private-banking\/who-we-are","og_locale":"fr_CA","og_type":"article","og_title":"RBC Private Banking: Who we are","og_url":"https:\/\/www.rbcwealthmanagement.com\/fr-ca\/private-banking\/who-we-are","og_site_name":"RBC Gestion de patrimoine","article_modified_time":"2025-06-24T21:02:37+00:00","og_image":[{"width":1200,"height":630,"url":"https:\/\/www.rbcwealthmanagement.com\/fr-ca\/wp-content\/uploads\/sites\/6\/2023\/02\/share-logo-1200x630-1.png","type":"image\/png"}],"twitter_card":"summary_large_image","twitter_misc":{"Est. reading time":"1 minute"},"schema":{"@context":"https:\/\/schema.org","@graph":[{"@type":"WebPage","@id":"https:\/\/www.rbcwealthmanagement.com\/fr-ca\/private-banking\/who-we-are","url":"https:\/\/www.rbcwealthmanagement.com\/fr-ca\/private-banking\/who-we-are","name":"RBC Private Banking: Who we are - RBC Gestion de patrimoine","isPartOf":{"@id":"https:\/\/www.rbcwealthmanagement.com\/fr-ca\/#website"},"datePublished":"2024-04-03T21:02:11+00:00","dateModified":"2025-06-24T21:02:37+00:00","breadcrumb":{"@id":"https:\/\/www.rbcwealthmanagement.com\/fr-ca\/private-banking\/who-we-are#breadcrumb"},"inLanguage":"fr-CA","potentialAction":[{"@type":"ReadAction","target":["https:\/\/www.rbcwealthmanagement.com\/fr-ca\/private-banking\/who-we-are"]}]},{"@type":"BreadcrumbList","@id":"https:\/\/www.rbcwealthmanagement.com\/fr-ca\/private-banking\/who-we-are#breadcrumb","itemListElement":[{"@type":"ListItem","position":1,"name":"Home","item":"https:\/\/www.rbcwealthmanagement.com\/fr-ca\/"},{"@type":"ListItem","position":2,"name":"RBC Private Banking: Who we are"}]},{"@type":"WebSite","@id":"https:\/\/www.rbcwealthmanagement.com\/fr-ca\/#website","url":"https:\/\/www.rbcwealthmanagement.com\/fr-ca\/","name":"RBC Gestion de patrimoine","description":"","publisher":{"@id":"https:\/\/www.rbcwealthmanagement.com\/fr-ca\/#organization"},"potentialAction":[{"@type":"SearchAction","target":{"@type":"EntryPoint","urlTemplate":"https:\/\/www.rbcwealthmanagement.com\/fr-ca\/?s={search_term_string}"},"query-input":{"@type":"PropertyValueSpecification","valueRequired":true,"valueName":"search_term_string"}}],"inLanguage":"fr-CA"},{"@type":"Organization","@id":"https:\/\/www.rbcwealthmanagement.com\/fr-ca\/#organization","name":"RBC Gestion de Patrimoine","alternateName":"RBC Gestion de Patrimoine","url":"https:\/\/www.rbcwealthmanagement.com\/fr-ca\/","logo":{"@type":"ImageObject","inLanguage":"fr-CA","@id":"https:\/\/www.rbcwealthmanagement.com\/fr-ca\/#\/schema\/logo\/image\/","url":"https:\/\/www.rbcwealthmanagement.com\/fr-ca\/wp-content\/uploads\/sites\/6\/2023\/02\/rbc.png","contentUrl":"https:\/\/www.rbcwealthmanagement.com\/fr-ca\/wp-content\/uploads\/sites\/6\/2023\/02\/rbc.png","width":3000,"height":2000,"caption":"RBC Gestion de Patrimoine"},"image":{"@id":"https:\/\/www.rbcwealthmanagement.com\/fr-ca\/#\/schema\/logo\/image\/"}}]}},"jetpack_sharing_enabled":true,"publishpress_future_action":{"enabled":false,"date":"2026-05-11 13:13:52","action":"change-status","newStatus":"draft","terms":[],"taxonomy":"rbcwm_content_owner","extraData":[]},"publishpress_future_workflow_manual_trigger":{"enabledWorkflows":[]},"distributor_meta":false,"distributor_terms":false,"distributor_media":false,"distributor_original_site_name":"RBC Gestion de patrimoine","distributor_original_site_url":"https:\/\/www.rbcwealthmanagement.com\/fr-ca","push-errors":false,"last_revision_date":"2025-06-24 17:02:36","_links":{"self":[{"href":"https:\/\/www.rbcwealthmanagement.com\/fr-ca\/wp-json\/wp\/v2\/pages\/20687","targetHints":{"allow":["GET"]}}],"collection":[{"href":"https:\/\/www.rbcwealthmanagement.com\/fr-ca\/wp-json\/wp\/v2\/pages"}],"about":[{"href":"https:\/\/www.rbcwealthmanagement.com\/fr-ca\/wp-json\/wp\/v2\/types\/page"}],"author":[{"embeddable":true,"href":"https:\/\/www.rbcwealthmanagement.com\/fr-ca\/wp-json\/wp\/v2\/users\/17"}],"replies":[{"embeddable":true,"href":"https:\/\/www.rbcwealthmanagement.com\/fr-ca\/wp-json\/wp\/v2\/comments?post=20687"}],"version-history":[{"count":13,"href":"https:\/\/www.rbcwealthmanagement.com\/fr-ca\/wp-json\/wp\/v2\/pages\/20687\/revisions"}],"predecessor-version":[{"id":26081,"href":"https:\/\/www.rbcwealthmanagement.com\/fr-ca\/wp-json\/wp\/v2\/pages\/20687\/revisions\/26081"}],"wp:attachment":[{"href":"https:\/\/www.rbcwealthmanagement.com\/fr-ca\/wp-json\/wp\/v2\/media?parent=20687"}],"wp:term":[{"taxonomy":"rbcwm_content_owner","embeddable":true,"href":"https:\/\/www.rbcwealthmanagement.com\/fr-ca\/wp-json\/wp\/v2\/rbcwm_content_owner?post=20687"}],"curies":[{"name":"wp","href":"https:\/\/api.w.org\/{rel}","templated":true}]}}