{"id":24424,"date":"2025-03-26T09:21:54","date_gmt":"2025-03-26T13:21:54","guid":{"rendered":"https:\/\/www.rbcwealthmanagement.com\/fr-ca\/?page_id=24424"},"modified":"2026-02-10T16:04:10","modified_gmt":"2026-02-10T21:04:10","slug":"choosing-an-executor-or-acting-as-one","status":"publish","type":"page","link":"https:\/\/www.rbcwealthmanagement.com\/fr-ca\/royal-trust\/choosing-an-executor-or-acting-as-one","title":{"rendered":"Faut-il choisir un liquidateur* ou agir soi-m\u00eame \u00e0 ce titre\u00a0?\u00a0"},"content":{"rendered":"\n<div class=\"wp-block-rbcwm-hero-block rbc-hero-wm rbc-hero-has-image-bleed rbc-hero-overlap rbc-hero-overlap-mobile rbc-hero-wolblilam hide-mobile-energy-lines is-style-cta is-style-cta-slot is-style-cta-text rbc-hero-pb\" data-location_id=\"Faut-il choisir un liquidateur* ou agir soi-m\u00eame \u00e0 ce titre?\"><style>\n\t\t.rbc-hero-wolblilam.is-style-rbc-hero-gradient::before {\n\t\t\tbackground: linear-gradient(90deg, #023169 20%, rgba(94, 120, 131, 0) 60%);\n\t\t}\n\n\t\t.rbc-hero-wolblilam.is-style-rbc-hero-gradient.rbc-hero-has-image-bleed::before {\n\t\t\tbackground: linear-gradient(90deg, #023169 20%, rgba(94, 120, 131, 0) 60%);\n\t\t}\n\n\t\t.rbc-hero-wolblilam.is-style-rbc-hero-gradient.rbc-hero-has-image-bottom::before {\n\t\t\tbackground: linear-gradient(180deg, #023169 20%, rgba(94, 120, 131, 0) 60%);\n\t\t}\n\n\t\t.rbc-hero-wolblilam .rbc-hero-energy-lines.rbc-hero-energy-lines-left {\n\t\t\ttransform: scaleX(-1);\n\t\t}\n\n\t\t@media (max-width: 991px) {\n\t\t\t.rbc-hero-wolblilam.is-style-rbc-hero-gradient::before,\n\t\t\t.rbc-hero-wolblilam.is-style-rbc-hero-gradient.rbc-hero-has-image-bottom::before,\n\t\t\t.rbc-hero-wolblilam.is-style-rbc-hero-gradient.rbc-hero-has-image-bleed::before {\n\t\t\t\tbackground: none;\n\t\t\t}\n\n\t\t\t.rbc-hero-wolblilam.rbc-hero-has-image-full.hide-mobile-energy-lines .rbc-hero-energy-lines {\n\t\t\t\tdisplay: none;\n\t\t\t}\n\n\t\t\t.wp-block-rbcwm-hero-block.rbc-hero-wolblilam.is-style-rbc-hero-gradient .rbc-hero-img-wrap::after {\n\t\t\t\tbackground: linear-gradient( 0deg, #023169 0%, rgba(94, 120, 131, 0) 25% );\n\t\t\t}\n\t\t\t\n\t\t\t.wp-block-rbcwm-hero-block.rbc-hero-wolblilam.is-style-rbc-hero-gradient.rbc-hero-has-image-bottom .rbc-hero-img-wrap::before,\n            .wp-block-rbcwm-hero-block.rbc-hero-wolblilam.is-style-rbc-hero-gradient.rbc-hero-has-image-bottom .container .rbc-hero-img-wrap::before {\n\t\t\t\tbackground: linear-gradient( 180deg, #023169 0%, rgba( 94, 120, 131, 0 ) 25% );\n\t\t\t}\n\t\t\t\n\t\t\t.wp-block-rbcwm-hero-block.rbc-hero-wolblilam.is-style-rbc-hero-gradient .rbc-hero-card {\n\t\t\t\tbackground: #023169;\n\t\t\t}\n\t\t}\n\t<\/style><div class=\"container\"><div class=\"row no-gutters\"><div class=\"col-lg-7 rbc-hero-card-content\"><div class=\"rbc-card rbc-hero-card rbc-hero has-content\"><div class=\"rbc-card-wrap\"><div class=\"rbc-card-body\"><div class=\"rbc-hero-body-content\"><h1 class=\"rbc-hero-title\"><span>Faut-il choisir un liquidateur* ou agir soi-m\u00eame \u00e0 ce titre\u00a0?<\/span><\/h1>\n<p>Le r\u00e8glement d\u2019une succession est une t\u00e2che ardue. Si vous songez \u00e0 d\u00e9signer une personne comme liquidateur de votre testament ou si vous-m\u00eame agissez \u00e0 ce titre, nous pouvons vous aider.<\/p>\n<\/div><\/div><\/div><\/div><\/div><div class=\"rbc-hero-img-wrap col-lg-5 order-2 order-lg-1\"><div class=\"rbc-hero-img bleed-img-right  \" style=\"background-image:url(https:\/\/www.rbcwealthmanagement.com\/fr-ca\/wp-content\/uploads\/sites\/6\/2024\/12\/elderly-couple-at-home-meeting-with-financial-advisor-3210x2140-1.webp?w=1600)\"><\/div><\/div><div class=\"align-self-end order-lg-3 col-lg-7 cta-text\"><div class=\"rbc-button-block row no-gutters align-items-end rbc-hero-button-overlap overlap-top\"><div class=\"col-lg\"><a href=\"https:\/\/www.rbcwealthmanagement.com\/fr-ca\/royal-trust\/contact\" class=\"rbc-button  rbc-button-large rbc-button-primary rbc-button-block rbc-button-block-cta\"><div class=\"rbc-icon rbc-button-icon-right\"><i aria-hidden=\"true\" role=\"img\" class=\"rbc-icon-img fa-angle-right fal\"><\/i><\/div>Demander un appel<\/a><\/div><\/div><\/div><div class=\"order-4 align-self-end col-lg-5 cta-slot-text\"><div class=\"rbc-button-block row no-gutters align-items-end rbc-block-image-button-overlap overlap-top\"><div class=\"rbc-button-block-text-col d-flex col-lg\"><div class=\"rbc-button-block-text flex-grow-1\"><div><span>ou composez <a href=\"tel:18558336511\">1-855-833-6511<\/a><\/span><\/div><\/div><\/div><\/div><\/div><\/div><\/div><\/div>\n\n\n\n<section class=\"wp-block-rbcwm-rbc-block rbc-block rbc-block-flush-bottom rbc-block-grey overlap-top has-block-grey-background-color has-background\" data-location_id=\" - Single column\"><div class=\"container\"><div class=\"row \"><div class=\"col-lg-12\">\n<div class=\"wp-block-rbcwm-columns container\"><div class=\"row justify-content-center blockId-07031f8f-5fa6-4e55-b2a2-48c5de4c1bf2\">\n<div class=\"wp-block-rbcwm-column col-lg-6\" style=\"padding-top:0;padding-right:var(--wp--preset--spacing--50);padding-bottom:0;padding-left:var(--wp--preset--spacing--50)\">\n<h3 class=\"wp-block-heading\" id=\"h-choisissez-un-professionnel\"><strong>Choisissez un professionnel<\/strong><\/h3>\n\n\n\n<p>Un professionnel de RBC Trust Royal peut vous aider \u00e0 \u00e9valuer ce que cela implique, vous offrir un soutien personnalis\u00e9 et veiller \u00e0 ce que le r\u00e8glement de votre succession soit le plus avantageux possible pour vos b\u00e9n\u00e9ficiaires.<\/p>\n\n\n\n<p>Nous pouvons agir \u00e0 titre de liquidateur unique, de coliquidateur avec une autre personne ou d\u2019agent du liquidateur.<\/p>\n\n\n\n<p>Un liquidateur pourrait devoir&nbsp;:<\/p>\n\n\n\n<ul class=\"wp-block-list\">\n<li>Ex\u00e9cuter les derni\u00e8res volont\u00e9s<\/li>\n\n\n\n<li>Proc\u00e9der \u00e0 l\u2019homologation<sup>1<\/sup> du testament<\/li>\n\n\n\n<li>Trouver les actifs, y compris les placements et les produits d\u2019assurance<\/li>\n\n\n\n<li>G\u00e9rer la dynamique et les probl\u00e8mes familiaux<\/li>\n\n\n\n<li>Pr\u00e9parer et soumettre les d\u00e9clarations des revenus<\/li>\n\n\n\n<li>Faire la liste des dettes et des passifs<\/li>\n\n\n\n<li>Distribuer la succession<\/li>\n\n\n\n<li>Cr\u00e9er des fiducies conform\u00e9ment au testament<\/li>\n<\/ul>\n<\/div>\n\n\n\n<div class=\"wp-block-rbcwm-column col-lg-6 has-block-grey-background-color has-background\">\n<div style=\"height:15px\" aria-hidden=\"true\" class=\"wp-block-spacer\"><\/div>\n\n\n\n<h4 class=\"wp-block-heading\" id=\"h-types-de-liquidateurs\"><strong>Types de liquidateurs<\/strong><\/h4>\n\n\n\n<ul class=\"wp-block-list\">\n<li class=\"has-theme-color has-text-color has-link-color wp-elements-3c741a90b35c1bfd943b23343c368854\"><strong>Liquidateur unique<\/strong>&nbsp;: Nous pouvons agir ind\u00e9pendamment pour faire respecter vos volont\u00e9s.<\/li>\n\n\n\n<li><strong>Coliquidateur&nbsp;:<\/strong> Nous pouvons agir conjointement avec une autre personne pour faire respecter vos volont\u00e9s.<\/li>\n\n\n\n<li><strong>Liquidateur suppl\u00e9ant&nbsp;:<\/strong> Nous pouvons agir dans le cas o\u00f9 le liquidateur que vous aviez initialement d\u00e9sign\u00e9 ne veut pas ou ne peut pas prendre en charge cette responsabilit\u00e9.<\/li>\n\n\n\n<li class=\"has-theme-color has-text-color has-link-color wp-elements-c2ccb6ff16fd89258caa7ad6d790f17d\"><strong>Agent du liquidateur&nbsp;:<\/strong> Nous pouvons vous aider en tant que liquidateur<sup>2<\/sup> en assumant les fonctions que vous nous confierez, quelle que soit leur envergure, et vous conserverez le pouvoir de prendre la d\u00e9cision finale.<\/li>\n<\/ul>\n<\/div>\n<\/div><\/div>\n<\/div><\/div><\/div><\/section>\n\n\n\n<section class=\"wp-block-rbcwm-rbc-block rbc-block rbc-block-flush-bottom rbc-block-grey overlap-bottom rbc-block-has-overlap rbc-block-small has-block-grey-background-color has-background\" data-location_id=\"Request a call - Contact Us CTA\"><div class=\"container\"><div class=\"row \"><div class=\"col-lg-12\">\n<div class=\"wp-block-rbcwm-rbc-button alignfull rbc-button-block row no-gutters align-items-end b-white blockId-b28891f3-3d95-4f03-9dd2-7a4dbf23409a blockId-a3e4c1cb-9bdd-4894-8413-519208637c5e blockId-b5a42262-4762-4fc0-9dd7-2ef292accd17 blockId-3bfa4c79-268e-4175-800a-a0ee8b35615b overlap-bottom\"><div class=\"rbc-card\"><div class=\"rbc-card-wrap\"><div class=\"rbc-card-body\"><div class=\"row\"><div class=\"col-lg-8\"><h3 class=\"mb-0 rbc-button-block-title\"><span>Laissez-nous vous guider.<\/span><\/h3><hr class=\"hr-mini my-1-half bdr-warm-grey\"\/>\n<p class=\"paragraph-intro\">Nos professionnels chevronn\u00e9s de RBC Trust Royal peuvent vous aider. N\u2019h\u00e9sitez pas \u00e0 vous renseigner sur les tarifs concurrentiels et les rabais que nous offrons si vous d\u00e9tenez des actifs \u00e0 RBC.<\/p>\n<\/div><\/div><\/div><\/div><\/div><div class=\"col-lg-7\"><a href=\"https:\/\/www.rbcwealthmanagement.com\/fr-ca\/royal-trust\/contact\" target=\"_self\" class=\"rbc-button rbc-button-block-cta rbc-button-large rbc-button-warm-grey rbc-button-block\" rel=\"noopener\"><div class=\"rbc-icon rbc-button-icon-right\"><i aria-hidden=\"true\" role=\"img\" class=\"rbc-icon-img fal fa-fal fa-angle-right\"><\/i><\/div><span>Demander un appel<\/span><\/a><\/div><div class=\"rbc-button-block-text-col d-flex col-lg-5\"><div class=\"rbc-button-block-text flex-grow-1\"><div><span><a href=\"tel:18558336511\">1-855-833-6511<\/a><\/span><\/div><\/div><\/div><\/div>\n<\/div><\/div><\/div><\/section>\n\n\n\n<p><\/p>\n\n\n\n<section class=\"wp-block-rbcwm-rbc-block rbc-block rbc-block-flush-top rbc-block-grey has-block-grey-background-color has-background\" data-location_id=\" - Single column\"><div class=\"container\"><div class=\"row \"><div class=\"col-lg-12\">\n<div style=\"height:67px\" aria-hidden=\"true\" class=\"wp-block-spacer\"><\/div>\n\n\n\n<p class=\"is-style-disclaimer\">* En Ontario, l\u2019ex\u00e9cuteur testamentaire est appel\u00e9 le fiduciaire de la succession testamentaire. Au Qu\u00e9bec, l\u2019ex\u00e9cuteur testamentaire est appel\u00e9 liquidateur.&nbsp;<br>1. L\u2019homologation n\u2019est pas requise dans le cas des testaments notari\u00e9s du Qu\u00e9bec et pourrait, dans des circonstances particuli\u00e8res, ne pas \u00eatre exig\u00e9e dans d\u2019autres territoires.<br>2. Au Qu\u00e9bec, \u00ab&nbsp;liquidateur&nbsp;\u00bb&nbsp;; en Ontario, \u00ab&nbsp;fiduciaire de la succession testamentaire&nbsp;\u00bb.<\/p>\n\n\n\n<p class=\"is-style-disclaimer\">RBC Trust&nbsp;Royal et RBC Gestion de patrimoine sont des secteurs op\u00e9rationnels de Banque Royale du Canada. Veuillez cliquer sur le lien \u00ab&nbsp;Conditions d\u2019utilisation&nbsp;\u00bb qui figure au bas de cette page pour obtenir plus d\u2019information sur les entit\u00e9s qui sont des soci\u00e9t\u00e9s membres de RBC Gestion de patrimoine. Nous n\u2019approuvons ni ne recommandons le contenu de cette publication, qui est fourni \u00e0 titre d\u2019information seulement et ne vise pas \u00e0 donner des conseils.<\/p>\n\n\n\n<p class=\"is-style-disclaimer\">\u00ae&nbsp;\/&nbsp;<sup>MC<\/sup>&nbsp;Marque(s) de commerce de Banque Royale du Canada, utilis\u00e9e(s) sous licence. \u00a9&nbsp;Banque&nbsp;Royale du Canada,&nbsp;2025. Tous droits r\u00e9serv\u00e9s.<\/p>\n<\/div><\/div><\/div><\/section>\n","protected":false},"excerpt":{"rendered":"","protected":false},"author":35,"featured_media":24455,"parent":0,"menu_order":0,"comment_status":"closed","ping_status":"closed","template":"","meta":{"_acf_changed":false,"editor_notices":[],"rbc_url_alias":"royal-trust\/choosing-an-executor-or-acting-as-one","footnotes":""},"rbcwm_content_owner":[677],"class_list":["post-24424","page","type-page","status-publish","has-post-thumbnail","hentry","rbcwm_content_owner-royal-trust"],"acf":[],"yoast_head":"<!-- This site is optimized with the Yoast SEO Premium plugin v24.8 (Yoast SEO v26.8) - https:\/\/yoast.com\/product\/yoast-seo-premium-wordpress\/ -->\n<title>Faut-il choisir un liquidateur* ou agir soi-m\u00eame \u00e0 ce titre\u00a0?\u00a0 - RBC Gestion de patrimoine<\/title>\n<meta name=\"description\" content=\"Le r\u00e8glement d\u2019une succession est une t\u00e2che ardue. Si vous songez \u00e0 d\u00e9signer une personne comme liquidateur de votre testament ou si vous-m\u00eame agissez \u00e0 ce titre, nous pouvons vous aider.\" \/>\n<meta name=\"robots\" content=\"noindex, nofollow\" \/>\n<meta property=\"og:locale\" content=\"fr_CA\" \/>\n<meta property=\"og:type\" content=\"article\" \/>\n<meta property=\"og:title\" content=\"Faut-il choisir un liquidateur* ou agir soi-m\u00eame \u00e0 ce titre\u00a0?\u00a0\" \/>\n<meta property=\"og:description\" content=\"Le r\u00e8glement d\u2019une succession est une t\u00e2che ardue. Si vous songez \u00e0 d\u00e9signer une personne comme liquidateur de votre testament ou si vous-m\u00eame agissez \u00e0 ce titre, nous pouvons vous aider.\" \/>\n<meta property=\"og:url\" content=\"https:\/\/www.rbcwealthmanagement.com\/fr-ca\/royal-trust\/choosing-an-executor-or-acting-as-one\" \/>\n<meta property=\"og:site_name\" content=\"RBC Gestion de patrimoine\" \/>\n<meta property=\"article:modified_time\" content=\"2026-02-10T21:04:10+00:00\" \/>\n<meta property=\"og:image\" content=\"https:\/\/www.rbcwealthmanagement.com\/fr-ca\/wp-content\/uploads\/sites\/6\/2024\/12\/elderly-couple-at-home-meeting-with-financial-advisor-3210x2140-1.webp\" \/>\n\t<meta property=\"og:image:width\" content=\"960\" \/>\n\t<meta property=\"og:image:height\" content=\"640\" \/>\n\t<meta property=\"og:image:type\" content=\"image\/webp\" \/>\n<meta name=\"twitter:card\" content=\"summary_large_image\" \/>\n<meta name=\"twitter:label1\" content=\"Est. reading time\" \/>\n\t<meta name=\"twitter:data1\" content=\"3 minutes\" \/>\n<script type=\"application\/ld+json\" class=\"yoast-schema-graph\">{\"@context\":\"https:\/\/schema.org\",\"@graph\":[{\"@type\":\"WebPage\",\"@id\":\"https:\/\/www.rbcwealthmanagement.com\/fr-ca\/royal-trust\/choosing-an-executor-or-acting-as-one\",\"url\":\"https:\/\/www.rbcwealthmanagement.com\/fr-ca\/royal-trust\/choosing-an-executor-or-acting-as-one\",\"name\":\"Faut-il choisir un liquidateur* ou agir soi-m\u00eame \u00e0 ce titre\u00a0?\u00a0 - RBC Gestion de patrimoine\",\"isPartOf\":{\"@id\":\"https:\/\/www.rbcwealthmanagement.com\/fr-ca\/#website\"},\"primaryImageOfPage\":{\"@id\":\"https:\/\/www.rbcwealthmanagement.com\/fr-ca\/royal-trust\/choosing-an-executor-or-acting-as-one#primaryimage\"},\"image\":{\"@id\":\"https:\/\/www.rbcwealthmanagement.com\/fr-ca\/royal-trust\/choosing-an-executor-or-acting-as-one#primaryimage\"},\"thumbnailUrl\":\"https:\/\/www.rbcwealthmanagement.com\/fr-ca\/wp-content\/uploads\/sites\/6\/2024\/12\/elderly-couple-at-home-meeting-with-financial-advisor-3210x2140-1.webp\",\"datePublished\":\"2025-03-26T13:21:54+00:00\",\"dateModified\":\"2026-02-10T21:04:10+00:00\",\"description\":\"Le r\u00e8glement d\u2019une succession est une t\u00e2che ardue. Si vous songez \u00e0 d\u00e9signer une personne comme liquidateur de votre testament ou si vous-m\u00eame agissez \u00e0 ce titre, nous pouvons vous aider.\",\"breadcrumb\":{\"@id\":\"https:\/\/www.rbcwealthmanagement.com\/fr-ca\/royal-trust\/choosing-an-executor-or-acting-as-one#breadcrumb\"},\"inLanguage\":\"fr-CA\",\"potentialAction\":[{\"@type\":\"ReadAction\",\"target\":[\"https:\/\/www.rbcwealthmanagement.com\/fr-ca\/royal-trust\/choosing-an-executor-or-acting-as-one\"]}]},{\"@type\":\"ImageObject\",\"inLanguage\":\"fr-CA\",\"@id\":\"https:\/\/www.rbcwealthmanagement.com\/fr-ca\/royal-trust\/choosing-an-executor-or-acting-as-one#primaryimage\",\"url\":\"https:\/\/www.rbcwealthmanagement.com\/fr-ca\/wp-content\/uploads\/sites\/6\/2024\/12\/elderly-couple-at-home-meeting-with-financial-advisor-3210x2140-1.webp\",\"contentUrl\":\"https:\/\/www.rbcwealthmanagement.com\/fr-ca\/wp-content\/uploads\/sites\/6\/2024\/12\/elderly-couple-at-home-meeting-with-financial-advisor-3210x2140-1.webp\",\"width\":960,\"height\":640,\"caption\":\"couple de personnes \u00e2g\u00e9es \u00e0 la maison rencontre avec le conseiller financier\"},{\"@type\":\"BreadcrumbList\",\"@id\":\"https:\/\/www.rbcwealthmanagement.com\/fr-ca\/royal-trust\/choosing-an-executor-or-acting-as-one#breadcrumb\",\"itemListElement\":[{\"@type\":\"ListItem\",\"position\":1,\"name\":\"Home\",\"item\":\"https:\/\/www.rbcwealthmanagement.com\/fr-ca\/\"},{\"@type\":\"ListItem\",\"position\":2,\"name\":\"Faut-il choisir un liquidateur* ou agir soi-m\u00eame \u00e0 ce titre\u00a0?\u00a0\"}]},{\"@type\":\"WebSite\",\"@id\":\"https:\/\/www.rbcwealthmanagement.com\/fr-ca\/#website\",\"url\":\"https:\/\/www.rbcwealthmanagement.com\/fr-ca\/\",\"name\":\"RBC Gestion de patrimoine\",\"description\":\"\",\"publisher\":{\"@id\":\"https:\/\/www.rbcwealthmanagement.com\/fr-ca\/#organization\"},\"potentialAction\":[{\"@type\":\"SearchAction\",\"target\":{\"@type\":\"EntryPoint\",\"urlTemplate\":\"https:\/\/www.rbcwealthmanagement.com\/fr-ca\/?s={search_term_string}\"},\"query-input\":{\"@type\":\"PropertyValueSpecification\",\"valueRequired\":true,\"valueName\":\"search_term_string\"}}],\"inLanguage\":\"fr-CA\"},{\"@type\":\"Organization\",\"@id\":\"https:\/\/www.rbcwealthmanagement.com\/fr-ca\/#organization\",\"name\":\"RBC Gestion de Patrimoine\",\"alternateName\":\"RBC Gestion de Patrimoine\",\"url\":\"https:\/\/www.rbcwealthmanagement.com\/fr-ca\/\",\"logo\":{\"@type\":\"ImageObject\",\"inLanguage\":\"fr-CA\",\"@id\":\"https:\/\/www.rbcwealthmanagement.com\/fr-ca\/#\/schema\/logo\/image\/\",\"url\":\"https:\/\/www.rbcwealthmanagement.com\/fr-ca\/wp-content\/uploads\/sites\/6\/2023\/02\/rbc.png\",\"contentUrl\":\"https:\/\/www.rbcwealthmanagement.com\/fr-ca\/wp-content\/uploads\/sites\/6\/2023\/02\/rbc.png\",\"width\":3000,\"height\":2000,\"caption\":\"RBC Gestion de Patrimoine\"},\"image\":{\"@id\":\"https:\/\/www.rbcwealthmanagement.com\/fr-ca\/#\/schema\/logo\/image\/\"}}]}<\/script>\n<!-- \/ Yoast SEO Premium plugin. -->","yoast_head_json":{"title":"Faut-il choisir un liquidateur* ou agir soi-m\u00eame \u00e0 ce titre\u00a0?\u00a0 - RBC Gestion de patrimoine","description":"Le r\u00e8glement d\u2019une succession est une t\u00e2che ardue. Si vous songez \u00e0 d\u00e9signer une personne comme liquidateur de votre testament ou si vous-m\u00eame agissez \u00e0 ce titre, nous pouvons vous aider.","robots":{"index":"noindex","follow":"nofollow"},"og_locale":"fr_CA","og_type":"article","og_title":"Faut-il choisir un liquidateur* ou agir soi-m\u00eame \u00e0 ce titre\u00a0?\u00a0","og_description":"Le r\u00e8glement d\u2019une succession est une t\u00e2che ardue. Si vous songez \u00e0 d\u00e9signer une personne comme liquidateur de votre testament ou si vous-m\u00eame agissez \u00e0 ce titre, nous pouvons vous aider.","og_url":"https:\/\/www.rbcwealthmanagement.com\/fr-ca\/royal-trust\/choosing-an-executor-or-acting-as-one","og_site_name":"RBC Gestion de patrimoine","article_modified_time":"2026-02-10T21:04:10+00:00","og_image":[{"width":960,"height":640,"url":"https:\/\/www.rbcwealthmanagement.com\/fr-ca\/wp-content\/uploads\/sites\/6\/2024\/12\/elderly-couple-at-home-meeting-with-financial-advisor-3210x2140-1.webp","type":"image\/webp"}],"twitter_card":"summary_large_image","twitter_misc":{"Est. reading time":"3 minutes"},"schema":{"@context":"https:\/\/schema.org","@graph":[{"@type":"WebPage","@id":"https:\/\/www.rbcwealthmanagement.com\/fr-ca\/royal-trust\/choosing-an-executor-or-acting-as-one","url":"https:\/\/www.rbcwealthmanagement.com\/fr-ca\/royal-trust\/choosing-an-executor-or-acting-as-one","name":"Faut-il choisir un liquidateur* ou agir soi-m\u00eame \u00e0 ce titre\u00a0?\u00a0 - RBC Gestion de patrimoine","isPartOf":{"@id":"https:\/\/www.rbcwealthmanagement.com\/fr-ca\/#website"},"primaryImageOfPage":{"@id":"https:\/\/www.rbcwealthmanagement.com\/fr-ca\/royal-trust\/choosing-an-executor-or-acting-as-one#primaryimage"},"image":{"@id":"https:\/\/www.rbcwealthmanagement.com\/fr-ca\/royal-trust\/choosing-an-executor-or-acting-as-one#primaryimage"},"thumbnailUrl":"https:\/\/www.rbcwealthmanagement.com\/fr-ca\/wp-content\/uploads\/sites\/6\/2024\/12\/elderly-couple-at-home-meeting-with-financial-advisor-3210x2140-1.webp","datePublished":"2025-03-26T13:21:54+00:00","dateModified":"2026-02-10T21:04:10+00:00","description":"Le r\u00e8glement d\u2019une succession est une t\u00e2che ardue. Si vous songez \u00e0 d\u00e9signer une personne comme liquidateur de votre testament ou si vous-m\u00eame agissez \u00e0 ce titre, nous pouvons vous aider.","breadcrumb":{"@id":"https:\/\/www.rbcwealthmanagement.com\/fr-ca\/royal-trust\/choosing-an-executor-or-acting-as-one#breadcrumb"},"inLanguage":"fr-CA","potentialAction":[{"@type":"ReadAction","target":["https:\/\/www.rbcwealthmanagement.com\/fr-ca\/royal-trust\/choosing-an-executor-or-acting-as-one"]}]},{"@type":"ImageObject","inLanguage":"fr-CA","@id":"https:\/\/www.rbcwealthmanagement.com\/fr-ca\/royal-trust\/choosing-an-executor-or-acting-as-one#primaryimage","url":"https:\/\/www.rbcwealthmanagement.com\/fr-ca\/wp-content\/uploads\/sites\/6\/2024\/12\/elderly-couple-at-home-meeting-with-financial-advisor-3210x2140-1.webp","contentUrl":"https:\/\/www.rbcwealthmanagement.com\/fr-ca\/wp-content\/uploads\/sites\/6\/2024\/12\/elderly-couple-at-home-meeting-with-financial-advisor-3210x2140-1.webp","width":960,"height":640,"caption":"couple de personnes \u00e2g\u00e9es \u00e0 la maison rencontre avec le conseiller financier"},{"@type":"BreadcrumbList","@id":"https:\/\/www.rbcwealthmanagement.com\/fr-ca\/royal-trust\/choosing-an-executor-or-acting-as-one#breadcrumb","itemListElement":[{"@type":"ListItem","position":1,"name":"Home","item":"https:\/\/www.rbcwealthmanagement.com\/fr-ca\/"},{"@type":"ListItem","position":2,"name":"Faut-il choisir un liquidateur* ou agir soi-m\u00eame \u00e0 ce titre\u00a0?\u00a0"}]},{"@type":"WebSite","@id":"https:\/\/www.rbcwealthmanagement.com\/fr-ca\/#website","url":"https:\/\/www.rbcwealthmanagement.com\/fr-ca\/","name":"RBC Gestion de patrimoine","description":"","publisher":{"@id":"https:\/\/www.rbcwealthmanagement.com\/fr-ca\/#organization"},"potentialAction":[{"@type":"SearchAction","target":{"@type":"EntryPoint","urlTemplate":"https:\/\/www.rbcwealthmanagement.com\/fr-ca\/?s={search_term_string}"},"query-input":{"@type":"PropertyValueSpecification","valueRequired":true,"valueName":"search_term_string"}}],"inLanguage":"fr-CA"},{"@type":"Organization","@id":"https:\/\/www.rbcwealthmanagement.com\/fr-ca\/#organization","name":"RBC Gestion de Patrimoine","alternateName":"RBC Gestion de Patrimoine","url":"https:\/\/www.rbcwealthmanagement.com\/fr-ca\/","logo":{"@type":"ImageObject","inLanguage":"fr-CA","@id":"https:\/\/www.rbcwealthmanagement.com\/fr-ca\/#\/schema\/logo\/image\/","url":"https:\/\/www.rbcwealthmanagement.com\/fr-ca\/wp-content\/uploads\/sites\/6\/2023\/02\/rbc.png","contentUrl":"https:\/\/www.rbcwealthmanagement.com\/fr-ca\/wp-content\/uploads\/sites\/6\/2023\/02\/rbc.png","width":3000,"height":2000,"caption":"RBC Gestion de Patrimoine"},"image":{"@id":"https:\/\/www.rbcwealthmanagement.com\/fr-ca\/#\/schema\/logo\/image\/"}}]}},"jetpack_sharing_enabled":true,"publishpress_future_action":{"enabled":false,"date":"2026-04-12 13:21:01","action":"change-status","newStatus":"draft","terms":[],"taxonomy":"rbcwm_content_owner","extraData":[]},"publishpress_future_workflow_manual_trigger":{"enabledWorkflows":[]},"distributor_meta":false,"distributor_terms":false,"distributor_media":false,"distributor_original_site_name":"RBC Gestion de patrimoine","distributor_original_site_url":"https:\/\/www.rbcwealthmanagement.com\/fr-ca","push-errors":false,"last_revision_date":"2026-02-10 16:04:08","_links":{"self":[{"href":"https:\/\/www.rbcwealthmanagement.com\/fr-ca\/wp-json\/wp\/v2\/pages\/24424","targetHints":{"allow":["GET"]}}],"collection":[{"href":"https:\/\/www.rbcwealthmanagement.com\/fr-ca\/wp-json\/wp\/v2\/pages"}],"about":[{"href":"https:\/\/www.rbcwealthmanagement.com\/fr-ca\/wp-json\/wp\/v2\/types\/page"}],"author":[{"embeddable":true,"href":"https:\/\/www.rbcwealthmanagement.com\/fr-ca\/wp-json\/wp\/v2\/users\/35"}],"replies":[{"embeddable":true,"href":"https:\/\/www.rbcwealthmanagement.com\/fr-ca\/wp-json\/wp\/v2\/comments?post=24424"}],"version-history":[{"count":39,"href":"https:\/\/www.rbcwealthmanagement.com\/fr-ca\/wp-json\/wp\/v2\/pages\/24424\/revisions"}],"predecessor-version":[{"id":28398,"href":"https:\/\/www.rbcwealthmanagement.com\/fr-ca\/wp-json\/wp\/v2\/pages\/24424\/revisions\/28398"}],"wp:featuredmedia":[{"embeddable":true,"href":"https:\/\/www.rbcwealthmanagement.com\/fr-ca\/wp-json\/wp\/v2\/media\/24455"}],"wp:attachment":[{"href":"https:\/\/www.rbcwealthmanagement.com\/fr-ca\/wp-json\/wp\/v2\/media?parent=24424"}],"wp:term":[{"taxonomy":"rbcwm_content_owner","embeddable":true,"href":"https:\/\/www.rbcwealthmanagement.com\/fr-ca\/wp-json\/wp\/v2\/rbcwm_content_owner?post=24424"}],"curies":[{"name":"wp","href":"https:\/\/api.w.org\/{rel}","templated":true}]}}