{"id":24816,"date":"2025-02-21T10:55:41","date_gmt":"2025-02-21T15:55:41","guid":{"rendered":"https:\/\/www.rbcwealthmanagement.com\/fr-ca\/?page_id=24816"},"modified":"2025-03-10T14:27:40","modified_gmt":"2025-03-10T18:27:40","slug":"wmo-how-to-guide","status":"publish","type":"page","link":"https:\/\/www.rbcwealthmanagement.com\/fr-ca\/wmo-how-to-guide","title":{"rendered":"RBC Gestion de patrimoine en ligne &#8211; guide pratique"},"content":{"rendered":"\n<div class=\"wp-block-rbcwm-hero-block rbc-hero-wm  rbc-hero-overlap rbc-hero-overlap-mobile rbc-hero-zgi8trhc9 hide-mobile-energy-lines\"><style>\n\t\t.rbc-hero-zgi8trhc9.is-style-rbc-hero-gradient::before {\n\t\t\tbackground: linear-gradient(90deg, #023169 20%, rgba(94, 120, 131, 0) 60%);\n\t\t}\n\n\t\t.rbc-hero-zgi8trhc9.is-style-rbc-hero-gradient.rbc-hero-has-image-bleed::before {\n\t\t\tbackground: linear-gradient(90deg, #023169 20%, rgba(94, 120, 131, 0) 60%);\n\t\t}\n\n\t\t.rbc-hero-zgi8trhc9.is-style-rbc-hero-gradient.rbc-hero-has-image-bottom::before {\n\t\t\tbackground: linear-gradient(180deg, #023169 20%, rgba(94, 120, 131, 0) 60%);\n\t\t}\n\n\t\t.rbc-hero-zgi8trhc9 .rbc-hero-energy-lines.rbc-hero-energy-lines-left {\n\t\t\ttransform: scaleX(-1);\n\t\t}\n\n\t\t@media (max-width: 991px) {\n\t\t\t.rbc-hero-zgi8trhc9.is-style-rbc-hero-gradient::before,\n\t\t\t.rbc-hero-zgi8trhc9.is-style-rbc-hero-gradient.rbc-hero-has-image-bottom::before,\n\t\t\t.rbc-hero-zgi8trhc9.is-style-rbc-hero-gradient.rbc-hero-has-image-bleed::before {\n\t\t\t\tbackground: none;\n\t\t\t}\n\n\t\t\t.rbc-hero-zgi8trhc9.rbc-hero-has-image-full.hide-mobile-energy-lines .rbc-hero-energy-lines {\n\t\t\t\tdisplay: none;\n\t\t\t}\n\n\t\t\t.wp-block-rbcwm-hero-block.rbc-hero-zgi8trhc9.is-style-rbc-hero-gradient .rbc-hero-img-wrap::after {\n\t\t\t\tbackground: linear-gradient( 0deg, #023169 0%, rgba(94, 120, 131, 0) 25% );\n\t\t\t}\n\t\t\t\n\t\t\t.wp-block-rbcwm-hero-block.rbc-hero-zgi8trhc9.is-style-rbc-hero-gradient.rbc-hero-has-image-bottom .rbc-hero-img-wrap::before,\n            .wp-block-rbcwm-hero-block.rbc-hero-zgi8trhc9.is-style-rbc-hero-gradient.rbc-hero-has-image-bottom .container .rbc-hero-img-wrap::before {\n\t\t\t\tbackground: linear-gradient( 180deg, #023169 0%, rgba( 94, 120, 131, 0 ) 25% );\n\t\t\t}\n\t\t\t\n\t\t\t.wp-block-rbcwm-hero-block.rbc-hero-zgi8trhc9.is-style-rbc-hero-gradient .rbc-hero-card {\n\t\t\t\tbackground: #023169;\n\t\t\t}\n\t\t}\n\t<\/style><div class=\"container\"><div class=\"row no-gutters\"><div class=\"col-lg-12 rbc-hero-card-content\"><div class=\"rbc-card rbc-hero-card rbc-hero has-content\"><div class=\"rbc-card-wrap\"><div class=\"rbc-card-body\"><div class=\"rbc-hero-body-content\"><h1 class=\"rbc-hero-title\" id=\"par-ou-commencer\"><span>Par o\u00f9 commencer<\/span><\/h1><span class=\"rbc-hero-category\"><span>RBC Gestion de patrimoine en ligne<\/span><\/span><hr class=\"rbc-hero-hr hr-mini bdr-accent\"\/>\n<p>Gr\u00e2ce \u00e0 RBC Gestion de patrimoine en ligne, vous pouvez consulter vos comptes de chez vous, en toute s\u00e9curit\u00e9 et au moment qui vous convient, \u00e0 partir de votre ordinateur, tablette ou appareil mobile.<\/p>\n<\/div><\/div><\/div><\/div><\/div><div class=\"rbc-hero-img-wrap col-lg-5 order-2 order-lg-1\"><\/div><\/div><\/div><\/div>\n\n\n\n<section class=\"wp-block-rbcwm-rbc-block rbc-block rbc-block-grey has-block-grey-background-color has-background\" data-location_id=\"Getting started\"><div class=\"container\"><div class=\"row \"><div class=\"col-lg-12\">\n<div class=\"wp-block-rbcwm-columns container has-block-grey-background-color has-background\"><div class=\"row blockId-3d6b3cd6-ab84-4f66-b9be-6008ec7659de\">\n<div class=\"wp-block-rbcwm-column col-lg-9\"><div class=\"rbcwm-toc-nav-wrap d-lg-none\"><div class=\"rbcwm-toc-nav-inner\"><button class=\"rbcwm-toc-nav-button\"><\/button><ul class=\"rbcwm-toc-nav\"><li><a href=\"#h-etape-1-nbsp-cliquez-pour-ouvrir-une-session\">\u00c9tape 1&nbsp;: Cliquez pour ouvrir une session<\/a><\/li><li><a href=\"#h-etape-2-nbsp-inscrivez-vous-a-l-acces-en-ligne\">\u00c9tape 2&nbsp;: Inscrivez-vous \u00e0 l\u2019acc\u00e8s en ligne<\/a><\/li><li><a href=\"#h-etape-3-nbsp-entrez-les-details-du-compte\">\u00c9tape 3&nbsp;: Entrez les d\u00e9tails du compte<\/a><\/li><li><a href=\"#h-etape-4-nbsp-creez-un-mot-de-passe\">\u00c9tape 4&nbsp;: Cr\u00e9ez un mot de passe<\/a><\/li><li><a href=\"#h-etape-5-nbsp-configurez-les-questions-d-identification-personnelle\">\u00c9tape 5&nbsp;: Configurez les questions d\u2019identification personnelle<\/a><\/li><\/ul><\/div><\/div>\n\n\n<section class=\"wp-block-rbcwm-rbc-block rbc-block rbc-block-grey has-block-grey-background-color has-background\"><div class=\"container\"><div class=\"row justify-content-center\"><div class=\"col-lg-12\"><div class=\"wrap\">\n<h2 class=\"wp-block-heading\" id=\"h-comment-m-inscrire\">Comment m\u2019inscrire<\/h2>\n\n\n\n<h4 class=\"wp-block-heading\" id=\"h-etape-1-nbsp-cliquez-pour-ouvrir-une-session\">\u00c9tape 1&nbsp;: Cliquez pour ouvrir une session<\/h4>\n\n\n\n<p>Visitez <a href=\"https:\/\/www.rbcwealthmanagement.com\/fr-ca\/\" data-type=\"link\" data-id=\"https:\/\/www.rbcwealthmanagement.com\/fr-ca\/\">www.rbcwealthmanagement.com\/fr-ca\/<\/a>. Cliquez sur le bouton <strong>\u00ab\u00a0Se connecter\u00a0\u00bb<\/strong> (dans le coin sup\u00e9rieur droit) et s\u00e9lectionnez l\u2019entreprise RBC avec laquelle vous faites affaire.<\/p>\n\n\n\n<figure class=\"wp-block-image size-full\"><img loading=\"lazy\" decoding=\"async\" width=\"446\" height=\"427\" src=\"https:\/\/www.rbcwealthmanagement.com\/fr-ca\/wp-content\/uploads\/sites\/6\/2025\/02\/wmo-click-to-sign-in-french.png\" alt=\"cliquez pour vous connecter\" class=\"wp-image-24833\" srcset=\"https:\/\/www.rbcwealthmanagement.com\/fr-ca\/wp-content\/uploads\/sites\/6\/2025\/02\/wmo-click-to-sign-in-french.png 446w, https:\/\/www.rbcwealthmanagement.com\/fr-ca\/wp-content\/uploads\/sites\/6\/2025\/02\/wmo-click-to-sign-in-french.png?resize=300,287 300w\" sizes=\"auto, (max-width: 446px) 100vw, 446px\" \/><\/figure>\n\n\n\n<p><\/p>\n\n\n\n<h4 class=\"wp-block-heading\" id=\"h-etape-2-nbsp-inscrivez-vous-a-l-acces-en-ligne\">\u00c9tape 2&nbsp;: Inscrivez-vous \u00e0 l\u2019acc\u00e8s en ligne<\/h4>\n\n\n\n<p>\u00c0 la page d\u2019ouverture de session, cliquez sur <strong>\u00ab&nbsp;S\u2019inscrire \u00e0 l\u2019acc\u00e8s en ligne&nbsp;\u00bb<\/strong>.<\/p>\n\n\n\n<p>Si vous ouvrez une session \u00e0 l\u2019aide du mot de passe temporaire, saisissez-le ici ainsi que le num\u00e9ro de votre carte-client.<\/p>\n\n\n\n<p><em>Nota&nbsp;: Votre mot de passe sera valide pendant 48&nbsp;heures apr\u00e8s sa r\u00e9ception.<\/em><\/p>\n\n\n\n<p><\/p>\n\n\n\n<figure class=\"wp-block-image size-full is-resized\"><img loading=\"lazy\" decoding=\"async\" width=\"413\" height=\"399\" src=\"https:\/\/www.rbcwealthmanagement.com\/fr-ca\/wp-content\/uploads\/sites\/6\/2025\/02\/wmo-enrol-for-online-fr.png\" alt=\"Inscrivez-vous \u00e0 l\u2019acc\u00e8s en ligne\" class=\"wp-image-24835\" style=\"width:327px;height:auto\" srcset=\"https:\/\/www.rbcwealthmanagement.com\/fr-ca\/wp-content\/uploads\/sites\/6\/2025\/02\/wmo-enrol-for-online-fr.png 413w, https:\/\/www.rbcwealthmanagement.com\/fr-ca\/wp-content\/uploads\/sites\/6\/2025\/02\/wmo-enrol-for-online-fr.png?resize=300,290 300w\" sizes=\"auto, (max-width: 413px) 100vw, 413px\" \/><\/figure>\n\n\n\n<p><\/p>\n\n\n\n<h4 class=\"wp-block-heading\" id=\"h-etape-3-nbsp-entrez-les-details-du-compte\">\u00c9tape 3&nbsp;: Entrez les d\u00e9tails du compte<\/h4>\n\n\n\n<p>Saisissez les renseignements suivants et cliquez sur <strong>\u00ab&nbsp;Continuer&nbsp;\u00bb<\/strong>.<\/p>\n\n\n\n<p>Si vous avez ouvert votre session \u00e0 l\u2019aide d\u2019un mot de passe temporaire, veuillez passer \u00e0 l\u2019\u00e9tape&nbsp;4.<\/p>\n\n\n\n<figure class=\"wp-block-image size-full is-resized\"><img loading=\"lazy\" decoding=\"async\" width=\"565\" height=\"682\" src=\"https:\/\/www.rbcwealthmanagement.com\/fr-ca\/wp-content\/uploads\/sites\/6\/2025\/02\/wmo-sign-in-fr.png\" alt=\"Se connecter\" class=\"wp-image-24827\" style=\"width:330px;height:auto\" srcset=\"https:\/\/www.rbcwealthmanagement.com\/fr-ca\/wp-content\/uploads\/sites\/6\/2025\/02\/wmo-sign-in-fr.png 565w, https:\/\/www.rbcwealthmanagement.com\/fr-ca\/wp-content\/uploads\/sites\/6\/2025\/02\/wmo-sign-in-fr.png?resize=249,300 249w\" sizes=\"auto, (max-width: 565px) 100vw, 565px\" \/><\/figure>\n\n\n\n<p><\/p>\n\n\n\n<h4 class=\"wp-block-heading\" id=\"h-etape-4-nbsp-creez-un-mot-de-passe\">\u00c9tape 4&nbsp;: Cr\u00e9ez un mot de passe<\/h4>\n\n\n\n<p>Cr\u00e9ez un mot de passe confidentiel.<\/p>\n\n\n\n<figure class=\"wp-block-image size-full is-resized\"><img loading=\"lazy\" decoding=\"async\" width=\"574\" height=\"674\" src=\"https:\/\/www.rbcwealthmanagement.com\/fr-ca\/wp-content\/uploads\/sites\/6\/2025\/02\/wmo-create-password-fr.png\" alt=\"cr\u00e9er un mot de passe\" class=\"wp-image-24824\" style=\"width:412px;height:auto\" srcset=\"https:\/\/www.rbcwealthmanagement.com\/fr-ca\/wp-content\/uploads\/sites\/6\/2025\/02\/wmo-create-password-fr.png 574w, https:\/\/www.rbcwealthmanagement.com\/fr-ca\/wp-content\/uploads\/sites\/6\/2025\/02\/wmo-create-password-fr.png?resize=255,300 255w\" sizes=\"auto, (max-width: 574px) 100vw, 574px\" \/><\/figure>\n\n\n\n<p><\/p>\n\n\n\n<h4 class=\"wp-block-heading\" id=\"h-etape-5-nbsp-configurez-les-questions-d-identification-personnelle\">\u00c9tape 5&nbsp;: Configurez les questions d\u2019identification personnelle<\/h4>\n\n\n\n<p>Configurez les questions d\u2019identification personnelle pour une protection accrue.<\/p>\n\n\n\n<figure class=\"wp-block-image size-full is-resized\"><img loading=\"lazy\" decoding=\"async\" width=\"589\" height=\"936\" src=\"https:\/\/www.rbcwealthmanagement.com\/fr-ca\/wp-content\/uploads\/sites\/6\/2025\/02\/wmo-verification-questions-fr.png\" alt=\"entrer des questions de v\u00e9rification\" class=\"wp-image-24822\" style=\"width:406px;height:auto\" srcset=\"https:\/\/www.rbcwealthmanagement.com\/fr-ca\/wp-content\/uploads\/sites\/6\/2025\/02\/wmo-verification-questions-fr.png 589w, https:\/\/www.rbcwealthmanagement.com\/fr-ca\/wp-content\/uploads\/sites\/6\/2025\/02\/wmo-verification-questions-fr.png?resize=189,300 189w\" sizes=\"auto, (max-width: 589px) 100vw, 589px\" \/><\/figure>\n\n\n\n<p>Nota&nbsp;: Afin de renforcer la s\u00e9curit\u00e9, nous vous demanderons parfois de r\u00e9pondre \u00e0 une question d\u2019identification personnelle au moment d\u2019ouvrir une session, notamment si vous n\u2019utilisez pas votre ordinateur habituel ou si vous devez r\u00e9initialiser votre mot de passe.<\/p>\n\n\n\n<p><\/p>\n\n\n\n<p><strong>C\u2019est tout !<\/strong><\/p>\n\n\n\n<p>Si vous avez des questions ou si vous avez besoin d\u2019aide pour vous commencer, veuillez communiquer avec votre \u00e9quipe de RBC Gestion de patrimoine.<\/p>\n<\/div><\/div><\/div><\/div><\/section>\n<\/div>\n\n\n\n<div class=\"wp-block-rbcwm-column col-lg-3\"><div class=\"d-none d-lg-block rbcwm-toc-wrap static\"><div class=\"rbcwm-toc-wrap-inner\"><ul class=\"rbcwm-toc\"><li><a href=\"#h-etape-1-nbsp-cliquez-pour-ouvrir-une-session\">\u00c9tape 1&nbsp;: Cliquez pour ouvrir une session<\/a><\/li><li><a href=\"#h-etape-2-nbsp-inscrivez-vous-a-l-acces-en-ligne\">\u00c9tape 2&nbsp;: Inscrivez-vous \u00e0 l\u2019acc\u00e8s en ligne<\/a><\/li><li><a href=\"#h-etape-3-nbsp-entrez-les-details-du-compte\">\u00c9tape 3&nbsp;: Entrez les d\u00e9tails du compte<\/a><\/li><li><a href=\"#h-etape-4-nbsp-creez-un-mot-de-passe\">\u00c9tape 4&nbsp;: Cr\u00e9ez un mot de passe<\/a><\/li><li><a href=\"#h-etape-5-nbsp-configurez-les-questions-d-identification-personnelle\">\u00c9tape 5&nbsp;: Configurez les questions d\u2019identification personnelle<\/a><\/li><li class=\"shadow\"><a href=\"#\"><\/a><\/li><\/ul><\/div><\/div><\/div>\n<\/div><\/div>\n<\/div><\/div><\/div><\/section>\n","protected":false},"excerpt":{"rendered":"<p>Gr\u00e2ce \u00e0 RBC Gestion de patrimoine en ligne, vous pouvez consulter vos comptes de chez vous, en toute s\u00e9curit\u00e9 et au moment qui vous convient, \u00e0 partir de votre ordinateur, tablette ou appareil mobile.<\/p>\n","protected":false},"author":26,"featured_media":24462,"parent":0,"menu_order":0,"comment_status":"closed","ping_status":"closed","template":"","meta":{"_acf_changed":false,"editor_notices":[],"rbc_url_alias":"","footnotes":""},"rbcwm_content_owner":[],"class_list":["post-24816","page","type-page","status-publish","has-post-thumbnail","hentry"],"acf":[],"yoast_head":"<!-- This site is optimized with the Yoast SEO Premium plugin v24.8 (Yoast SEO v26.8) - https:\/\/yoast.com\/product\/yoast-seo-premium-wordpress\/ -->\n<title>RBC Gestion de patrimoine en ligne - guide pratique - RBC Gestion de patrimoine<\/title>\n<meta name=\"description\" content=\"Gr\u00e2ce \u00e0 RBC Gestion de patrimoine en ligne, vous pouvez consulter vos comptes de chez vous, en toute s\u00e9curit\u00e9 et au moment qui vous convient, \u00e0 partir de votre ordinateur, tablette ou appareil mobile.\" \/>\n<meta name=\"robots\" content=\"index, follow, max-snippet:-1, max-image-preview:large, max-video-preview:-1\" \/>\n<link rel=\"canonical\" href=\"https:\/\/www.rbcwealthmanagement.com\/fr-ca\/wmo-how-to-guide\" \/>\n<meta property=\"og:locale\" content=\"fr_CA\" \/>\n<meta property=\"og:type\" content=\"article\" \/>\n<meta property=\"og:title\" content=\"RBC Gestion de patrimoine en ligne - guide pratique\" \/>\n<meta property=\"og:description\" content=\"Gr\u00e2ce \u00e0 RBC Gestion de patrimoine en ligne, vous pouvez consulter vos comptes de chez vous, en toute s\u00e9curit\u00e9 et au moment qui vous convient, \u00e0 partir de votre ordinateur, tablette ou appareil mobile.\" \/>\n<meta property=\"og:url\" content=\"https:\/\/www.rbcwealthmanagement.com\/fr-ca\/wmo-how-to-guide\" \/>\n<meta property=\"og:site_name\" content=\"RBC Gestion de patrimoine\" \/>\n<meta property=\"article:modified_time\" content=\"2025-03-10T18:27:40+00:00\" \/>\n<meta property=\"og:image\" content=\"https:\/\/www.rbcwealthmanagement.com\/fr-ca\/wp-content\/uploads\/sites\/6\/2024\/12\/asian-woman-smiling-while-working-on-laptop-at-cafe-3210x2140-1.jpg\" \/>\n\t<meta property=\"og:image:width\" content=\"3210\" \/>\n\t<meta property=\"og:image:height\" content=\"2140\" \/>\n\t<meta property=\"og:image:type\" content=\"image\/jpeg\" \/>\n<meta name=\"twitter:card\" content=\"summary_large_image\" \/>\n<meta name=\"twitter:label1\" content=\"Est. reading time\" \/>\n\t<meta name=\"twitter:data1\" content=\"3 minutes\" \/>\n<script type=\"application\/ld+json\" class=\"yoast-schema-graph\">{\"@context\":\"https:\/\/schema.org\",\"@graph\":[{\"@type\":\"WebPage\",\"@id\":\"https:\/\/www.rbcwealthmanagement.com\/fr-ca\/wmo-how-to-guide\",\"url\":\"https:\/\/www.rbcwealthmanagement.com\/fr-ca\/wmo-how-to-guide\",\"name\":\"RBC Gestion de patrimoine en ligne - guide pratique - RBC Gestion de patrimoine\",\"isPartOf\":{\"@id\":\"https:\/\/www.rbcwealthmanagement.com\/fr-ca\/#website\"},\"primaryImageOfPage\":{\"@id\":\"https:\/\/www.rbcwealthmanagement.com\/fr-ca\/wmo-how-to-guide#primaryimage\"},\"image\":{\"@id\":\"https:\/\/www.rbcwealthmanagement.com\/fr-ca\/wmo-how-to-guide#primaryimage\"},\"thumbnailUrl\":\"https:\/\/www.rbcwealthmanagement.com\/fr-ca\/wp-content\/uploads\/sites\/6\/2024\/12\/asian-woman-smiling-while-working-on-laptop-at-cafe-3210x2140-1.jpg\",\"datePublished\":\"2025-02-21T15:55:41+00:00\",\"dateModified\":\"2025-03-10T18:27:40+00:00\",\"description\":\"Gr\u00e2ce \u00e0 RBC Gestion de patrimoine en ligne, vous pouvez consulter vos comptes de chez vous, en toute s\u00e9curit\u00e9 et au moment qui vous convient, \u00e0 partir de votre ordinateur, tablette ou appareil mobile.\",\"breadcrumb\":{\"@id\":\"https:\/\/www.rbcwealthmanagement.com\/fr-ca\/wmo-how-to-guide#breadcrumb\"},\"inLanguage\":\"fr-CA\",\"potentialAction\":[{\"@type\":\"ReadAction\",\"target\":[\"https:\/\/www.rbcwealthmanagement.com\/fr-ca\/wmo-how-to-guide\"]}]},{\"@type\":\"ImageObject\",\"inLanguage\":\"fr-CA\",\"@id\":\"https:\/\/www.rbcwealthmanagement.com\/fr-ca\/wmo-how-to-guide#primaryimage\",\"url\":\"https:\/\/www.rbcwealthmanagement.com\/fr-ca\/wp-content\/uploads\/sites\/6\/2024\/12\/asian-woman-smiling-while-working-on-laptop-at-cafe-3210x2140-1.jpg\",\"contentUrl\":\"https:\/\/www.rbcwealthmanagement.com\/fr-ca\/wp-content\/uploads\/sites\/6\/2024\/12\/asian-woman-smiling-while-working-on-laptop-at-cafe-3210x2140-1.jpg\",\"width\":3210,\"height\":2140,\"caption\":\"A young Asian woman is sitting at a desk in an office and smiling to something off camera. She has dark wavy hair that she's wearing up. She is holding her glasses in one hand, and resting her other hand on her laptop. A coffee in a white mug sits beside the laptop. She is wearing a white pinstripe blazer over a white shirt and dark blue jeans.\"},{\"@type\":\"BreadcrumbList\",\"@id\":\"https:\/\/www.rbcwealthmanagement.com\/fr-ca\/wmo-how-to-guide#breadcrumb\",\"itemListElement\":[{\"@type\":\"ListItem\",\"position\":1,\"name\":\"Home\",\"item\":\"https:\/\/www.rbcwealthmanagement.com\/fr-ca\/\"},{\"@type\":\"ListItem\",\"position\":2,\"name\":\"RBC Gestion de patrimoine en ligne &#8211; guide pratique\"}]},{\"@type\":\"WebSite\",\"@id\":\"https:\/\/www.rbcwealthmanagement.com\/fr-ca\/#website\",\"url\":\"https:\/\/www.rbcwealthmanagement.com\/fr-ca\/\",\"name\":\"RBC Gestion de patrimoine\",\"description\":\"\",\"publisher\":{\"@id\":\"https:\/\/www.rbcwealthmanagement.com\/fr-ca\/#organization\"},\"potentialAction\":[{\"@type\":\"SearchAction\",\"target\":{\"@type\":\"EntryPoint\",\"urlTemplate\":\"https:\/\/www.rbcwealthmanagement.com\/fr-ca\/?s={search_term_string}\"},\"query-input\":{\"@type\":\"PropertyValueSpecification\",\"valueRequired\":true,\"valueName\":\"search_term_string\"}}],\"inLanguage\":\"fr-CA\"},{\"@type\":\"Organization\",\"@id\":\"https:\/\/www.rbcwealthmanagement.com\/fr-ca\/#organization\",\"name\":\"RBC Gestion de Patrimoine\",\"alternateName\":\"RBC Gestion de Patrimoine\",\"url\":\"https:\/\/www.rbcwealthmanagement.com\/fr-ca\/\",\"logo\":{\"@type\":\"ImageObject\",\"inLanguage\":\"fr-CA\",\"@id\":\"https:\/\/www.rbcwealthmanagement.com\/fr-ca\/#\/schema\/logo\/image\/\",\"url\":\"https:\/\/www.rbcwealthmanagement.com\/fr-ca\/wp-content\/uploads\/sites\/6\/2023\/02\/rbc.png\",\"contentUrl\":\"https:\/\/www.rbcwealthmanagement.com\/fr-ca\/wp-content\/uploads\/sites\/6\/2023\/02\/rbc.png\",\"width\":3000,\"height\":2000,\"caption\":\"RBC Gestion de Patrimoine\"},\"image\":{\"@id\":\"https:\/\/www.rbcwealthmanagement.com\/fr-ca\/#\/schema\/logo\/image\/\"}}]}<\/script>\n<!-- \/ Yoast SEO Premium plugin. -->","yoast_head_json":{"title":"RBC Gestion de patrimoine en ligne - guide pratique - RBC Gestion de patrimoine","description":"Gr\u00e2ce \u00e0 RBC Gestion de patrimoine en ligne, vous pouvez consulter vos comptes de chez vous, en toute s\u00e9curit\u00e9 et au moment qui vous convient, \u00e0 partir de votre ordinateur, tablette ou appareil mobile.","robots":{"index":"index","follow":"follow","max-snippet":"max-snippet:-1","max-image-preview":"max-image-preview:large","max-video-preview":"max-video-preview:-1"},"canonical":"https:\/\/www.rbcwealthmanagement.com\/fr-ca\/wmo-how-to-guide","og_locale":"fr_CA","og_type":"article","og_title":"RBC Gestion de patrimoine en ligne - guide pratique","og_description":"Gr\u00e2ce \u00e0 RBC Gestion de patrimoine en ligne, vous pouvez consulter vos comptes de chez vous, en toute s\u00e9curit\u00e9 et au moment qui vous convient, \u00e0 partir de votre ordinateur, tablette ou appareil mobile.","og_url":"https:\/\/www.rbcwealthmanagement.com\/fr-ca\/wmo-how-to-guide","og_site_name":"RBC Gestion de patrimoine","article_modified_time":"2025-03-10T18:27:40+00:00","og_image":[{"width":3210,"height":2140,"url":"https:\/\/www.rbcwealthmanagement.com\/fr-ca\/wp-content\/uploads\/sites\/6\/2024\/12\/asian-woman-smiling-while-working-on-laptop-at-cafe-3210x2140-1.jpg","type":"image\/jpeg"}],"twitter_card":"summary_large_image","twitter_misc":{"Est. reading time":"3 minutes"},"schema":{"@context":"https:\/\/schema.org","@graph":[{"@type":"WebPage","@id":"https:\/\/www.rbcwealthmanagement.com\/fr-ca\/wmo-how-to-guide","url":"https:\/\/www.rbcwealthmanagement.com\/fr-ca\/wmo-how-to-guide","name":"RBC Gestion de patrimoine en ligne - guide pratique - RBC Gestion de patrimoine","isPartOf":{"@id":"https:\/\/www.rbcwealthmanagement.com\/fr-ca\/#website"},"primaryImageOfPage":{"@id":"https:\/\/www.rbcwealthmanagement.com\/fr-ca\/wmo-how-to-guide#primaryimage"},"image":{"@id":"https:\/\/www.rbcwealthmanagement.com\/fr-ca\/wmo-how-to-guide#primaryimage"},"thumbnailUrl":"https:\/\/www.rbcwealthmanagement.com\/fr-ca\/wp-content\/uploads\/sites\/6\/2024\/12\/asian-woman-smiling-while-working-on-laptop-at-cafe-3210x2140-1.jpg","datePublished":"2025-02-21T15:55:41+00:00","dateModified":"2025-03-10T18:27:40+00:00","description":"Gr\u00e2ce \u00e0 RBC Gestion de patrimoine en ligne, vous pouvez consulter vos comptes de chez vous, en toute s\u00e9curit\u00e9 et au moment qui vous convient, \u00e0 partir de votre ordinateur, tablette ou appareil mobile.","breadcrumb":{"@id":"https:\/\/www.rbcwealthmanagement.com\/fr-ca\/wmo-how-to-guide#breadcrumb"},"inLanguage":"fr-CA","potentialAction":[{"@type":"ReadAction","target":["https:\/\/www.rbcwealthmanagement.com\/fr-ca\/wmo-how-to-guide"]}]},{"@type":"ImageObject","inLanguage":"fr-CA","@id":"https:\/\/www.rbcwealthmanagement.com\/fr-ca\/wmo-how-to-guide#primaryimage","url":"https:\/\/www.rbcwealthmanagement.com\/fr-ca\/wp-content\/uploads\/sites\/6\/2024\/12\/asian-woman-smiling-while-working-on-laptop-at-cafe-3210x2140-1.jpg","contentUrl":"https:\/\/www.rbcwealthmanagement.com\/fr-ca\/wp-content\/uploads\/sites\/6\/2024\/12\/asian-woman-smiling-while-working-on-laptop-at-cafe-3210x2140-1.jpg","width":3210,"height":2140,"caption":"A young Asian woman is sitting at a desk in an office and smiling to something off camera. She has dark wavy hair that she's wearing up. She is holding her glasses in one hand, and resting her other hand on her laptop. A coffee in a white mug sits beside the laptop. She is wearing a white pinstripe blazer over a white shirt and dark blue jeans."},{"@type":"BreadcrumbList","@id":"https:\/\/www.rbcwealthmanagement.com\/fr-ca\/wmo-how-to-guide#breadcrumb","itemListElement":[{"@type":"ListItem","position":1,"name":"Home","item":"https:\/\/www.rbcwealthmanagement.com\/fr-ca\/"},{"@type":"ListItem","position":2,"name":"RBC Gestion de patrimoine en ligne &#8211; guide pratique"}]},{"@type":"WebSite","@id":"https:\/\/www.rbcwealthmanagement.com\/fr-ca\/#website","url":"https:\/\/www.rbcwealthmanagement.com\/fr-ca\/","name":"RBC Gestion de patrimoine","description":"","publisher":{"@id":"https:\/\/www.rbcwealthmanagement.com\/fr-ca\/#organization"},"potentialAction":[{"@type":"SearchAction","target":{"@type":"EntryPoint","urlTemplate":"https:\/\/www.rbcwealthmanagement.com\/fr-ca\/?s={search_term_string}"},"query-input":{"@type":"PropertyValueSpecification","valueRequired":true,"valueName":"search_term_string"}}],"inLanguage":"fr-CA"},{"@type":"Organization","@id":"https:\/\/www.rbcwealthmanagement.com\/fr-ca\/#organization","name":"RBC Gestion de Patrimoine","alternateName":"RBC Gestion de Patrimoine","url":"https:\/\/www.rbcwealthmanagement.com\/fr-ca\/","logo":{"@type":"ImageObject","inLanguage":"fr-CA","@id":"https:\/\/www.rbcwealthmanagement.com\/fr-ca\/#\/schema\/logo\/image\/","url":"https:\/\/www.rbcwealthmanagement.com\/fr-ca\/wp-content\/uploads\/sites\/6\/2023\/02\/rbc.png","contentUrl":"https:\/\/www.rbcwealthmanagement.com\/fr-ca\/wp-content\/uploads\/sites\/6\/2023\/02\/rbc.png","width":3000,"height":2000,"caption":"RBC Gestion de Patrimoine"},"image":{"@id":"https:\/\/www.rbcwealthmanagement.com\/fr-ca\/#\/schema\/logo\/image\/"}}]}},"jetpack_sharing_enabled":true,"publishpress_future_action":{"enabled":false,"date":"2026-04-21 22:40:46","action":"change-status","newStatus":"draft","terms":[],"taxonomy":"rbcwm_content_owner","extraData":[]},"publishpress_future_workflow_manual_trigger":{"enabledWorkflows":[]},"distributor_meta":false,"distributor_terms":false,"distributor_media":false,"distributor_original_site_name":"RBC Gestion de patrimoine","distributor_original_site_url":"https:\/\/www.rbcwealthmanagement.com\/fr-ca","push-errors":false,"last_revision_date":"2025-03-10 14:27:39","_links":{"self":[{"href":"https:\/\/www.rbcwealthmanagement.com\/fr-ca\/wp-json\/wp\/v2\/pages\/24816","targetHints":{"allow":["GET"]}}],"collection":[{"href":"https:\/\/www.rbcwealthmanagement.com\/fr-ca\/wp-json\/wp\/v2\/pages"}],"about":[{"href":"https:\/\/www.rbcwealthmanagement.com\/fr-ca\/wp-json\/wp\/v2\/types\/page"}],"author":[{"embeddable":true,"href":"https:\/\/www.rbcwealthmanagement.com\/fr-ca\/wp-json\/wp\/v2\/users\/26"}],"replies":[{"embeddable":true,"href":"https:\/\/www.rbcwealthmanagement.com\/fr-ca\/wp-json\/wp\/v2\/comments?post=24816"}],"version-history":[{"count":28,"href":"https:\/\/www.rbcwealthmanagement.com\/fr-ca\/wp-json\/wp\/v2\/pages\/24816\/revisions"}],"predecessor-version":[{"id":25053,"href":"https:\/\/www.rbcwealthmanagement.com\/fr-ca\/wp-json\/wp\/v2\/pages\/24816\/revisions\/25053"}],"wp:featuredmedia":[{"embeddable":true,"href":"https:\/\/www.rbcwealthmanagement.com\/fr-ca\/wp-json\/wp\/v2\/media\/24462"}],"wp:attachment":[{"href":"https:\/\/www.rbcwealthmanagement.com\/fr-ca\/wp-json\/wp\/v2\/media?parent=24816"}],"wp:term":[{"taxonomy":"rbcwm_content_owner","embeddable":true,"href":"https:\/\/www.rbcwealthmanagement.com\/fr-ca\/wp-json\/wp\/v2\/rbcwm_content_owner?post=24816"}],"curies":[{"name":"wp","href":"https:\/\/api.w.org\/{rel}","templated":true}]}}