{"id":25183,"date":"2025-04-01T14:45:00","date_gmt":"2025-04-01T18:45:00","guid":{"rendered":"https:\/\/www.rbcwealthmanagement.com\/fr-ca\/?page_id=25183"},"modified":"2025-07-14T12:36:46","modified_gmt":"2025-07-14T16:36:46","slug":"royal-trust-contact","status":"publish","type":"page","link":"https:\/\/www.rbcwealthmanagement.com\/fr-ca\/royal-trust\/contact","title":{"rendered":"Nous joindre &#8211; RBC Trust Royal"},"content":{"rendered":"\n<div class=\"wp-block-rbcwm-hero-block rbc-hero-wm rbc-hero-has-image-bleed rbc-hero-overlap rbc-hero-overlap-mobile rbc-hero-1eccxtedm hide-mobile-energy-lines\"><style>\n\t\t.rbc-hero-1eccxtedm.is-style-rbc-hero-gradient::before {\n\t\t\tbackground: linear-gradient(90deg, #023169 20%, rgba(94, 120, 131, 0) 60%);\n\t\t}\n\n\t\t.rbc-hero-1eccxtedm.is-style-rbc-hero-gradient.rbc-hero-has-image-bleed::before {\n\t\t\tbackground: linear-gradient(90deg, #023169 20%, rgba(94, 120, 131, 0) 60%);\n\t\t}\n\n\t\t.rbc-hero-1eccxtedm.is-style-rbc-hero-gradient.rbc-hero-has-image-bottom::before {\n\t\t\tbackground: linear-gradient(180deg, #023169 20%, rgba(94, 120, 131, 0) 60%);\n\t\t}\n\n\t\t.rbc-hero-1eccxtedm .rbc-hero-energy-lines.rbc-hero-energy-lines-left {\n\t\t\ttransform: scaleX(-1);\n\t\t}\n\n\t\t@media (max-width: 991px) {\n\t\t\t.rbc-hero-1eccxtedm.is-style-rbc-hero-gradient::before,\n\t\t\t.rbc-hero-1eccxtedm.is-style-rbc-hero-gradient.rbc-hero-has-image-bottom::before,\n\t\t\t.rbc-hero-1eccxtedm.is-style-rbc-hero-gradient.rbc-hero-has-image-bleed::before {\n\t\t\t\tbackground: none;\n\t\t\t}\n\n\t\t\t.rbc-hero-1eccxtedm.rbc-hero-has-image-full.hide-mobile-energy-lines .rbc-hero-energy-lines {\n\t\t\t\tdisplay: none;\n\t\t\t}\n\n\t\t\t.wp-block-rbcwm-hero-block.rbc-hero-1eccxtedm.is-style-rbc-hero-gradient .rbc-hero-img-wrap::after {\n\t\t\t\tbackground: linear-gradient( 0deg, #023169 0%, rgba(94, 120, 131, 0) 25% );\n\t\t\t}\n\t\t\t\n\t\t\t.wp-block-rbcwm-hero-block.rbc-hero-1eccxtedm.is-style-rbc-hero-gradient.rbc-hero-has-image-bottom .rbc-hero-img-wrap::before,\n            .wp-block-rbcwm-hero-block.rbc-hero-1eccxtedm.is-style-rbc-hero-gradient.rbc-hero-has-image-bottom .container .rbc-hero-img-wrap::before {\n\t\t\t\tbackground: linear-gradient( 180deg, #023169 0%, rgba( 94, 120, 131, 0 ) 25% );\n\t\t\t}\n\t\t\t\n\t\t\t.wp-block-rbcwm-hero-block.rbc-hero-1eccxtedm.is-style-rbc-hero-gradient .rbc-hero-card {\n\t\t\t\tbackground: #023169;\n\t\t\t}\n\t\t}\n\t<\/style><div class=\"container\"><div class=\"row no-gutters\"><div class=\"col-lg-7 rbc-hero-card-content\"><div class=\"rbc-card rbc-hero-card rbc-hero has-content\"><div class=\"rbc-card-wrap\"><div class=\"rbc-card-body\"><div class=\"rbc-hero-body-content\"><h1 class=\"rbc-hero-title\"><span>Communiquez avec nous<\/span><\/h1><span class=\"rbc-hero-category\"><span>Nous joindre<\/span><\/span><hr class=\"rbc-hero-hr hr-mini bdr-accent\"\/>\n<p>Nous aimerions avoir de vos nouvelles.<\/p>\n<\/div><\/div><\/div><\/div><\/div><div class=\"rbc-hero-img-wrap col-lg-5 order-2 order-lg-1\"><div class=\"rbc-hero-img bleed-img-right  rbc-hero-img-desktop-center-left rbc-hero-img-mobile-bottom-center\" style=\"background-image:url(https:\/\/www.rbcwealthmanagement.com\/fr-ca\/wp-content\/uploads\/sites\/6\/2025\/06\/senior-couple-looking-at-phone-contact.jpg?w=1600)\"><\/div><\/div><\/div><\/div><\/div>\n\n\n\n<script>\r\n\r\nwindow.addEventListener('message', (event) => {\r\n  \/\/ Validate the origin of the message\r\n  if (event.origin !== 'https:\/\/cloud.wmc.rbc.com') return;\r\n\r\n  \/\/ Process the received response\r\n  console.log('Response received from child window:', event.data);\r\n    if(event.data.task===\"form_submitted\"){\r\n        console.log(\"submitted\")\r\ndocument.getElementsByClassName('hide-p')[0].style.display = 'none';\r\n\r\n    }\r\n});\r\n<\/script>\n\n\n\n<section class=\"wp-block-rbcwm-rbc-block rbc-block rbc-block-grey has-block-grey-background-color has-background\"><div class=\"container\"><div class=\"row \"><div class=\"col-lg-12\">\n<div class=\"wp-block-group hide-p is-nowrap is-layout-flex wp-container-core-group-is-layout-ad2f72ca wp-block-group-is-layout-flex\">\n<div class=\"wp-block-rbcwm-columns container\"><div class=\"row blockId-5458f6ac-f60c-4cf7-aba7-dea172049d16\">\n<div class=\"wp-block-rbcwm-column col-lg-12\">\n<p class=\"has-text-align-right hide-p\">* Zones obligatoires<\/p>\n\n\n\n<h2 class=\"wp-block-heading\" id=\"h-vous-ne-savez-pas-par-ou-commencer-nous-pouvons-vous-aider\">Vous ne savez pas par o\u00f9 commencer ?<br>Nous pouvons vous aider.<\/h2>\n\n\n\n<p class=\"hide-p\"><em>Les professionnels de RBC Trust Royal vous offrent un soutien, des conseils et des services sp\u00e9cialis\u00e9s pour faciliter vos d\u00e9marches et celles de vos proches.<\/em><br><br>Appelez-nous d\u00e8s aujourd\u2019hui au\u00a0<a href=\"tel:1-855-833-6511\">1 855 833-6511<\/a>\u00a0ou remplissez une demande de contact et nous vous r\u00e9pondrons rapidement.<\/p>\n\n\n\n<p class=\"hide-p\">Pour signaler le d\u00e9c\u00e8s d\u2019un client de RBC Banque Royale ou vous renseigner sur la succession d\u2019un client, veuillez communiquer avec le Centre d\u2019expertise en successions de RBC, qui est le service successoral de RBC, au <a href=\"tel:1-866-953-8271\">1&nbsp;866 953-8271<\/a>. Pour signaler le d\u00e9c\u00e8s ou l\u2019incapacit\u00e9 d\u2019un client de RBC Trust Royal, veuillez composer le <a href=\"tel:1-855-833-6511\">1&nbsp;855 833-6511<\/a>.<\/p>\n\n\n\n<div style=\"height:10px\" aria-hidden=\"true\" class=\"wp-block-spacer\"><\/div>\n<\/div>\n<\/div><\/div>\n<\/div>\n\n\n\n<div id=\"contact-form-parent\" class=\"wp-block-group is-nowrap is-layout-flex wp-container-core-group-is-layout-ad2f72ca wp-block-group-is-layout-flex\">\n<div class=\"wp-block-rbcwm-columns container\"><div class=\"row blockId-9495ad10-7df3-44c5-be10-3e884b5fe164\">\n<div class=\"wp-block-rbcwm-column col-lg-8\">\t\t<iframe src=\"https:\/\/cloud.wmc.rbc.com\/contactusrtfr\"\n\t\t  id=\"sizetracker\"\n\t\t  allowfullscreen\n\t\t  width=\"100%\"\n\t\t  frameborder=\"0\"\n\t\t  title=\"Iframe form\"\n\t\t  scrolling=\"no\"\n\t\t  data-params-list=\"utm_id,gclid\"\n\t\t\tstyle=\"height: 500px;\"\n\t\t>\n\t\t<\/iframe>\n\t\t<\/div>\n<\/div><\/div>\n<\/div>\n\n\n\n<div id=\"result-article\" class=\"wp-block-group d-none is-content-justification-center is-nowrap is-layout-flex wp-container-core-group-is-layout-94bc23d7 wp-block-group-is-layout-flex\">\n\t\t<div class=\"row\">\n\t\t\t<div class=\"col-lg-12\">\n\t\t\t\t<div class=\"row overlap-bottom\">\n\t\t\t\t\t\n<div class=\"rbc-media-card-col rbc-card-col-my col-lg-4 col-md-6\">\n\t<div class=\"rbc-card rbc-media-card rbc-card-hover rbc-media-card-stacked-vertical\">\n\t\t<div draggable=\"false\" class=\"rbc-card-wrap\">\n\t\t\t<div class=\"rbc-card-body rbc-hero-img-background-position\">\n\t\t\t\t\t\t\t\t<div class=\"rbc-media-card-image\" style=\"background-image: url('https:\/\/www.rbcwealthmanagement.com\/fr-ca\/wp-content\/uploads\/sites\/6\/2023\/04\/framed-family-photos-on-mantle-in-page.jpg?w=778');\"><\/div>\n\t\t\t\t\t\t\t<h3 class=\"rbc-media-card-title rbc-media-card-title-wrap\"><span class=\"rbc-media-card-title-link\"><span>R\u00e9daction d\u2019un testament : Six conseils pour vous aider \u00e0 laisser un h\u00e9ritage durable<\/span><\/span><\/h3>\t\t\t\t<span class=\"category rbc-media-card-category\">\n\t\t\t\t\tPlanification successorale\t\t\t\t<\/span>\n\t\t\t\t\t\t\t\t\t<a href=\"https:\/\/www.rbcwealthmanagement.com\/fr-ca\/insights\/redaction-dun-testament-six-conseils-pour-vous-aider-a-laisser-un-heritage-durable\" class=\"rbc-media-card-footer-link align-self-end link-chev rbc-card-link-full\">\n\t\t\t\t\t\t<span class=\"rbc-media-card-cta-link\">\n\t\t\t\t\t\t\t5 minutes de lecture\t\t\t\t\t\t\t<div class=\"rbc-icon\">\n\t\t\t\t\t\t\t\t<i aria-hidden=\"true\" role=\"img\" class=\"rbc-icon-img fal fa-angle-right\"><\/i>\n\t\t\t\t\t\t\t<\/div>\n\t\t\t\t\t\t\t<span class=\"sr-only\">&#8211; R\u00e9daction d\u2019un testament : Six conseils pour vous aider \u00e0 laisser un h\u00e9ritage durable<\/span>\n\t\t\t\t\t\t<\/span>\n\t\t\t\t\t<\/a>\n\t\t\t\t\t\t\t<\/div>\n\t\t<\/div>\n\t<\/div>\n<\/div>\n\n<div class=\"rbc-media-card-col rbc-card-col-my col-lg-4 col-md-6\">\n\t<div class=\"rbc-card rbc-media-card rbc-card-hover rbc-media-card-stacked-vertical\">\n\t\t<div draggable=\"false\" class=\"rbc-card-wrap\">\n\t\t\t<div class=\"rbc-card-body rbc-hero-img-background-position\">\n\t\t\t\t\t\t\t\t<div class=\"rbc-media-card-image\" style=\"background-image: url('https:\/\/www.rbcwealthmanagement.com\/fr-ca\/wp-content\/uploads\/sites\/6\/2017\/10\/couple-discussing-paperwork-at-kitchen-table.jpg?w=1024');\"><\/div>\n\t\t\t\t\t\t\t<h3 class=\"rbc-media-card-title rbc-media-card-title-wrap\"><span class=\"rbc-media-card-title-link\"><span>Qu\u2019est-ce qu\u2019un ex\u00e9cuteur testamentaire\u00a0? Ce qu\u2019il faut savoir<\/span><\/span><\/h3>\t\t\t\t<span class=\"category rbc-media-card-category\">\n\t\t\t\t\tPlanification successorale\t\t\t\t<\/span>\n\t\t\t\t\t\t\t\t\t<a href=\"https:\/\/www.rbcwealthmanagement.com\/fr-ca\/insights\/on-vous-a-nomme-executeur-testamentaire-ce-que-vous-devez-savoir\" class=\"rbc-media-card-footer-link align-self-end link-chev rbc-card-link-full\">\n\t\t\t\t\t\t<span class=\"rbc-media-card-cta-link\">\n\t\t\t\t\t\t\t9 minutes de lecture\t\t\t\t\t\t\t<div class=\"rbc-icon\">\n\t\t\t\t\t\t\t\t<i aria-hidden=\"true\" role=\"img\" class=\"rbc-icon-img fal fa-angle-right\"><\/i>\n\t\t\t\t\t\t\t<\/div>\n\t\t\t\t\t\t\t<span class=\"sr-only\">&#8211; Qu\u2019est-ce qu\u2019un ex\u00e9cuteur testamentaire\u00a0? Ce qu\u2019il faut savoir<\/span>\n\t\t\t\t\t\t<\/span>\n\t\t\t\t\t<\/a>\n\t\t\t\t\t\t\t<\/div>\n\t\t<\/div>\n\t<\/div>\n<\/div>\n\n<div class=\"rbc-media-card-col rbc-card-col-my col-lg-4 col-md-6\">\n\t<div class=\"rbc-card rbc-media-card rbc-card-hover rbc-media-card-stacked-vertical\">\n\t\t<div draggable=\"false\" class=\"rbc-card-wrap\">\n\t\t\t<div class=\"rbc-card-body rbc-hero-img-background-position\">\n\t\t\t\t\t\t\t\t<div class=\"rbc-media-card-image\" style=\"background-image: url('https:\/\/www.rbcwealthmanagement.com\/fr-ca\/wp-content\/uploads\/sites\/6\/2023\/02\/senior-woman-answering-smart-phone-with-man-in-background.jpg?w=1024');\"><\/div>\n\t\t\t\t\t\t\t<h3 class=\"rbc-media-card-title rbc-media-card-title-wrap\"><span class=\"rbc-media-card-title-link\"><span>Comment se prot\u00e9ger et prot\u00e9ger les a\u00een\u00e9s de l\u2019exploitation financi\u00e8re<\/span><\/span><\/h3>\t\t\t\t<span class=\"category rbc-media-card-category\">\n\t\t\t\t\tServices aux a\u00een\u00e9s\t\t\t\t<\/span>\n\t\t\t\t\t\t\t\t\t<a href=\"https:\/\/www.rbcwealthmanagement.com\/fr-ca\/insights\/holiday-scams-how-seniors-can-protect-themselves\" class=\"rbc-media-card-footer-link align-self-end link-chev rbc-card-link-full\">\n\t\t\t\t\t\t<span class=\"rbc-media-card-cta-link\">\n\t\t\t\t\t\t\t9 minutes de lecture\t\t\t\t\t\t\t<div class=\"rbc-icon\">\n\t\t\t\t\t\t\t\t<i aria-hidden=\"true\" role=\"img\" class=\"rbc-icon-img fal fa-angle-right\"><\/i>\n\t\t\t\t\t\t\t<\/div>\n\t\t\t\t\t\t\t<span class=\"sr-only\">&#8211; Comment se prot\u00e9ger et prot\u00e9ger les a\u00een\u00e9s de l\u2019exploitation financi\u00e8re<\/span>\n\t\t\t\t\t\t<\/span>\n\t\t\t\t\t<\/a>\n\t\t\t\t\t\t\t<\/div>\n\t\t<\/div>\n\t<\/div>\n<\/div>\n\n\t\t\t\t\t\t\t\t\t\t\t\t\t\t<\/div>\n\t\t\t<\/div>\n\t\t<\/div>\n\n\t\t<\/div>\n<\/div><\/div><\/div><\/section>\n\n\n\n<p><\/p>\n","protected":false},"excerpt":{"rendered":"","protected":false},"author":18,"featured_media":0,"parent":0,"menu_order":0,"comment_status":"closed","ping_status":"closed","template":"","meta":{"_acf_changed":false,"editor_notices":[],"rbc_url_alias":"royal-trust\/contact","footnotes":""},"rbcwm_content_owner":[677],"class_list":["post-25183","page","type-page","status-publish","hentry","rbcwm_content_owner-royal-trust"],"acf":[],"yoast_head":"<!-- This site is optimized with the Yoast SEO Premium plugin v24.8 (Yoast SEO v26.8) - https:\/\/yoast.com\/product\/yoast-seo-premium-wordpress\/ -->\n<title>Nous joindre - RBC Trust Royal - RBC Gestion de patrimoine<\/title>\n<meta name=\"robots\" content=\"index, follow, max-snippet:-1, max-image-preview:large, max-video-preview:-1\" \/>\n<link rel=\"canonical\" href=\"https:\/\/www.rbcwealthmanagement.com\/fr-ca\/royal-trust\/contact\" \/>\n<meta property=\"og:locale\" content=\"fr_CA\" \/>\n<meta property=\"og:type\" content=\"article\" \/>\n<meta property=\"og:title\" content=\"Nous joindre - RBC Trust Royal\" \/>\n<meta property=\"og:url\" content=\"https:\/\/www.rbcwealthmanagement.com\/fr-ca\/royal-trust\/contact\" \/>\n<meta property=\"og:site_name\" content=\"RBC Gestion de patrimoine\" \/>\n<meta property=\"article:modified_time\" content=\"2025-07-14T16:36:46+00:00\" \/>\n<meta property=\"og:image\" content=\"https:\/\/www.rbcwealthmanagement.com\/fr-ca\/wp-content\/uploads\/sites\/6\/2023\/02\/share-logo-1200x630-1.png\" \/>\n\t<meta property=\"og:image:width\" content=\"1200\" \/>\n\t<meta property=\"og:image:height\" content=\"630\" \/>\n\t<meta property=\"og:image:type\" content=\"image\/png\" \/>\n<meta name=\"twitter:card\" content=\"summary_large_image\" \/>\n<meta name=\"twitter:label1\" content=\"Est. reading time\" \/>\n\t<meta name=\"twitter:data1\" content=\"1 minute\" \/>\n<script type=\"application\/ld+json\" class=\"yoast-schema-graph\">{\"@context\":\"https:\/\/schema.org\",\"@graph\":[{\"@type\":\"WebPage\",\"@id\":\"https:\/\/www.rbcwealthmanagement.com\/fr-ca\/royal-trust\/contact\",\"url\":\"https:\/\/www.rbcwealthmanagement.com\/fr-ca\/royal-trust\/contact\",\"name\":\"Nous joindre - RBC Trust Royal - RBC Gestion de patrimoine\",\"isPartOf\":{\"@id\":\"https:\/\/www.rbcwealthmanagement.com\/fr-ca\/#website\"},\"datePublished\":\"2025-04-01T18:45:00+00:00\",\"dateModified\":\"2025-07-14T16:36:46+00:00\",\"breadcrumb\":{\"@id\":\"https:\/\/www.rbcwealthmanagement.com\/fr-ca\/royal-trust\/contact#breadcrumb\"},\"inLanguage\":\"fr-CA\",\"potentialAction\":[{\"@type\":\"ReadAction\",\"target\":[\"https:\/\/www.rbcwealthmanagement.com\/fr-ca\/royal-trust\/contact\"]}]},{\"@type\":\"BreadcrumbList\",\"@id\":\"https:\/\/www.rbcwealthmanagement.com\/fr-ca\/royal-trust\/contact#breadcrumb\",\"itemListElement\":[{\"@type\":\"ListItem\",\"position\":1,\"name\":\"Home\",\"item\":\"https:\/\/www.rbcwealthmanagement.com\/fr-ca\/\"},{\"@type\":\"ListItem\",\"position\":2,\"name\":\"Nous joindre &#8211; RBC Trust Royal\"}]},{\"@type\":\"WebSite\",\"@id\":\"https:\/\/www.rbcwealthmanagement.com\/fr-ca\/#website\",\"url\":\"https:\/\/www.rbcwealthmanagement.com\/fr-ca\/\",\"name\":\"RBC Gestion de patrimoine\",\"description\":\"\",\"publisher\":{\"@id\":\"https:\/\/www.rbcwealthmanagement.com\/fr-ca\/#organization\"},\"potentialAction\":[{\"@type\":\"SearchAction\",\"target\":{\"@type\":\"EntryPoint\",\"urlTemplate\":\"https:\/\/www.rbcwealthmanagement.com\/fr-ca\/?s={search_term_string}\"},\"query-input\":{\"@type\":\"PropertyValueSpecification\",\"valueRequired\":true,\"valueName\":\"search_term_string\"}}],\"inLanguage\":\"fr-CA\"},{\"@type\":\"Organization\",\"@id\":\"https:\/\/www.rbcwealthmanagement.com\/fr-ca\/#organization\",\"name\":\"RBC Gestion de Patrimoine\",\"alternateName\":\"RBC Gestion de Patrimoine\",\"url\":\"https:\/\/www.rbcwealthmanagement.com\/fr-ca\/\",\"logo\":{\"@type\":\"ImageObject\",\"inLanguage\":\"fr-CA\",\"@id\":\"https:\/\/www.rbcwealthmanagement.com\/fr-ca\/#\/schema\/logo\/image\/\",\"url\":\"https:\/\/www.rbcwealthmanagement.com\/fr-ca\/wp-content\/uploads\/sites\/6\/2023\/02\/rbc.png\",\"contentUrl\":\"https:\/\/www.rbcwealthmanagement.com\/fr-ca\/wp-content\/uploads\/sites\/6\/2023\/02\/rbc.png\",\"width\":3000,\"height\":2000,\"caption\":\"RBC Gestion de Patrimoine\"},\"image\":{\"@id\":\"https:\/\/www.rbcwealthmanagement.com\/fr-ca\/#\/schema\/logo\/image\/\"}}]}<\/script>\n<!-- \/ Yoast SEO Premium plugin. -->","yoast_head_json":{"title":"Nous joindre - RBC Trust Royal - RBC Gestion de patrimoine","robots":{"index":"index","follow":"follow","max-snippet":"max-snippet:-1","max-image-preview":"max-image-preview:large","max-video-preview":"max-video-preview:-1"},"canonical":"https:\/\/www.rbcwealthmanagement.com\/fr-ca\/royal-trust\/contact","og_locale":"fr_CA","og_type":"article","og_title":"Nous joindre - RBC Trust Royal","og_url":"https:\/\/www.rbcwealthmanagement.com\/fr-ca\/royal-trust\/contact","og_site_name":"RBC Gestion de patrimoine","article_modified_time":"2025-07-14T16:36:46+00:00","og_image":[{"width":1200,"height":630,"url":"https:\/\/www.rbcwealthmanagement.com\/fr-ca\/wp-content\/uploads\/sites\/6\/2023\/02\/share-logo-1200x630-1.png","type":"image\/png"}],"twitter_card":"summary_large_image","twitter_misc":{"Est. reading time":"1 minute"},"schema":{"@context":"https:\/\/schema.org","@graph":[{"@type":"WebPage","@id":"https:\/\/www.rbcwealthmanagement.com\/fr-ca\/royal-trust\/contact","url":"https:\/\/www.rbcwealthmanagement.com\/fr-ca\/royal-trust\/contact","name":"Nous joindre - RBC Trust Royal - RBC Gestion de patrimoine","isPartOf":{"@id":"https:\/\/www.rbcwealthmanagement.com\/fr-ca\/#website"},"datePublished":"2025-04-01T18:45:00+00:00","dateModified":"2025-07-14T16:36:46+00:00","breadcrumb":{"@id":"https:\/\/www.rbcwealthmanagement.com\/fr-ca\/royal-trust\/contact#breadcrumb"},"inLanguage":"fr-CA","potentialAction":[{"@type":"ReadAction","target":["https:\/\/www.rbcwealthmanagement.com\/fr-ca\/royal-trust\/contact"]}]},{"@type":"BreadcrumbList","@id":"https:\/\/www.rbcwealthmanagement.com\/fr-ca\/royal-trust\/contact#breadcrumb","itemListElement":[{"@type":"ListItem","position":1,"name":"Home","item":"https:\/\/www.rbcwealthmanagement.com\/fr-ca\/"},{"@type":"ListItem","position":2,"name":"Nous joindre &#8211; RBC Trust Royal"}]},{"@type":"WebSite","@id":"https:\/\/www.rbcwealthmanagement.com\/fr-ca\/#website","url":"https:\/\/www.rbcwealthmanagement.com\/fr-ca\/","name":"RBC Gestion de patrimoine","description":"","publisher":{"@id":"https:\/\/www.rbcwealthmanagement.com\/fr-ca\/#organization"},"potentialAction":[{"@type":"SearchAction","target":{"@type":"EntryPoint","urlTemplate":"https:\/\/www.rbcwealthmanagement.com\/fr-ca\/?s={search_term_string}"},"query-input":{"@type":"PropertyValueSpecification","valueRequired":true,"valueName":"search_term_string"}}],"inLanguage":"fr-CA"},{"@type":"Organization","@id":"https:\/\/www.rbcwealthmanagement.com\/fr-ca\/#organization","name":"RBC Gestion de Patrimoine","alternateName":"RBC Gestion de Patrimoine","url":"https:\/\/www.rbcwealthmanagement.com\/fr-ca\/","logo":{"@type":"ImageObject","inLanguage":"fr-CA","@id":"https:\/\/www.rbcwealthmanagement.com\/fr-ca\/#\/schema\/logo\/image\/","url":"https:\/\/www.rbcwealthmanagement.com\/fr-ca\/wp-content\/uploads\/sites\/6\/2023\/02\/rbc.png","contentUrl":"https:\/\/www.rbcwealthmanagement.com\/fr-ca\/wp-content\/uploads\/sites\/6\/2023\/02\/rbc.png","width":3000,"height":2000,"caption":"RBC Gestion de Patrimoine"},"image":{"@id":"https:\/\/www.rbcwealthmanagement.com\/fr-ca\/#\/schema\/logo\/image\/"}}]}},"jetpack_sharing_enabled":true,"publishpress_future_action":{"enabled":false,"date":"2026-04-12 14:45:19","action":"change-status","newStatus":"draft","terms":[],"taxonomy":"rbcwm_content_owner","extraData":[]},"publishpress_future_workflow_manual_trigger":{"enabledWorkflows":[]},"distributor_meta":false,"distributor_terms":false,"distributor_media":false,"distributor_original_site_name":"RBC Gestion de patrimoine","distributor_original_site_url":"https:\/\/www.rbcwealthmanagement.com\/fr-ca","push-errors":false,"last_revision_date":"2025-07-14 12:36:44","_links":{"self":[{"href":"https:\/\/www.rbcwealthmanagement.com\/fr-ca\/wp-json\/wp\/v2\/pages\/25183","targetHints":{"allow":["GET"]}}],"collection":[{"href":"https:\/\/www.rbcwealthmanagement.com\/fr-ca\/wp-json\/wp\/v2\/pages"}],"about":[{"href":"https:\/\/www.rbcwealthmanagement.com\/fr-ca\/wp-json\/wp\/v2\/types\/page"}],"author":[{"embeddable":true,"href":"https:\/\/www.rbcwealthmanagement.com\/fr-ca\/wp-json\/wp\/v2\/users\/18"}],"replies":[{"embeddable":true,"href":"https:\/\/www.rbcwealthmanagement.com\/fr-ca\/wp-json\/wp\/v2\/comments?post=25183"}],"version-history":[{"count":19,"href":"https:\/\/www.rbcwealthmanagement.com\/fr-ca\/wp-json\/wp\/v2\/pages\/25183\/revisions"}],"predecessor-version":[{"id":26427,"href":"https:\/\/www.rbcwealthmanagement.com\/fr-ca\/wp-json\/wp\/v2\/pages\/25183\/revisions\/26427"}],"wp:attachment":[{"href":"https:\/\/www.rbcwealthmanagement.com\/fr-ca\/wp-json\/wp\/v2\/media?parent=25183"}],"wp:term":[{"taxonomy":"rbcwm_content_owner","embeddable":true,"href":"https:\/\/www.rbcwealthmanagement.com\/fr-ca\/wp-json\/wp\/v2\/rbcwm_content_owner?post=25183"}],"curies":[{"name":"wp","href":"https:\/\/api.w.org\/{rel}","templated":true}]}}