{"id":26832,"date":"2025-09-11T13:45:58","date_gmt":"2025-09-11T17:45:58","guid":{"rendered":"https:\/\/www.rbcwealthmanagement.com\/fr-ca\/?page_id=26832"},"modified":"2025-09-11T13:45:59","modified_gmt":"2025-09-11T17:45:59","slug":"rbc-avion-concierge-client-faq","status":"publish","type":"page","link":"https:\/\/www.rbcwealthmanagement.com\/fr-ca\/rbc-avion-concierge-client-faq","title":{"rendered":"Conciergerie Avion RBC \u2013 FAQ client"},"content":{"rendered":"\n<div class=\"wp-block-rbcwm-hero-block rbc-hero-wm  rbc-hero-overlap rbc-hero-overlap-mobile rbc-hero-0ncbcaarg hide-mobile-energy-lines\"><style>\n\t\t.rbc-hero-0ncbcaarg.is-style-rbc-hero-gradient::before {\n\t\t\tbackground: linear-gradient(90deg, #023169 20%, rgba(94, 120, 131, 0) 60%);\n\t\t}\n\n\t\t.rbc-hero-0ncbcaarg.is-style-rbc-hero-gradient.rbc-hero-has-image-bleed::before {\n\t\t\tbackground: linear-gradient(90deg, #023169 20%, rgba(94, 120, 131, 0) 60%);\n\t\t}\n\n\t\t.rbc-hero-0ncbcaarg.is-style-rbc-hero-gradient.rbc-hero-has-image-bottom::before {\n\t\t\tbackground: linear-gradient(180deg, #023169 20%, rgba(94, 120, 131, 0) 60%);\n\t\t}\n\n\t\t.rbc-hero-0ncbcaarg .rbc-hero-energy-lines.rbc-hero-energy-lines-left {\n\t\t\ttransform: scaleX(-1);\n\t\t}\n\n\t\t@media (max-width: 991px) {\n\t\t\t.rbc-hero-0ncbcaarg.is-style-rbc-hero-gradient::before,\n\t\t\t.rbc-hero-0ncbcaarg.is-style-rbc-hero-gradient.rbc-hero-has-image-bottom::before,\n\t\t\t.rbc-hero-0ncbcaarg.is-style-rbc-hero-gradient.rbc-hero-has-image-bleed::before {\n\t\t\t\tbackground: none;\n\t\t\t}\n\n\t\t\t.rbc-hero-0ncbcaarg.rbc-hero-has-image-full.hide-mobile-energy-lines .rbc-hero-energy-lines {\n\t\t\t\tdisplay: none;\n\t\t\t}\n\n\t\t\t.wp-block-rbcwm-hero-block.rbc-hero-0ncbcaarg.is-style-rbc-hero-gradient .rbc-hero-img-wrap::after {\n\t\t\t\tbackground: linear-gradient( 0deg, #023169 0%, rgba(94, 120, 131, 0) 25% );\n\t\t\t}\n\t\t\t\n\t\t\t.wp-block-rbcwm-hero-block.rbc-hero-0ncbcaarg.is-style-rbc-hero-gradient.rbc-hero-has-image-bottom .rbc-hero-img-wrap::before,\n            .wp-block-rbcwm-hero-block.rbc-hero-0ncbcaarg.is-style-rbc-hero-gradient.rbc-hero-has-image-bottom .container .rbc-hero-img-wrap::before {\n\t\t\t\tbackground: linear-gradient( 180deg, #023169 0%, rgba( 94, 120, 131, 0 ) 25% );\n\t\t\t}\n\t\t\t\n\t\t\t.wp-block-rbcwm-hero-block.rbc-hero-0ncbcaarg.is-style-rbc-hero-gradient .rbc-hero-card {\n\t\t\t\tbackground: #023169;\n\t\t\t}\n\t\t}\n\t<\/style><div class=\"container\"><div class=\"row no-gutters\"><div class=\"col-lg-12 rbc-hero-card-content\"><div class=\"rbc-card rbc-hero-card rbc-hero has-content\"><div class=\"rbc-card-wrap\"><div class=\"rbc-card-body\"><div class=\"rbc-hero-body-content\"><h1 class=\"rbc-hero-title\"><span>Conciergerie Avion RBC: <br>FAQ client<\/span><\/h1>\n<p><\/p>\n<p class=\"rbc-hero-by-line\"><span>  <\/span><\/p><p class=\"rbc-hero-text\"><span> <\/span><\/p><\/div><\/div><\/div><\/div><\/div><div class=\"rbc-hero-img-wrap undefined\"><\/div><\/div><\/div><\/div>\n\n\n\n<section class=\"wp-block-rbcwm-rbc-block rbc-block rbc-block-grey has-block-grey-background-color has-background\"><div class=\"container\"><div class=\"row \"><div class=\"col-lg-12\">\n<div class=\"row justify-content-between no-gutters blockId-7387cc79-fecd-4088-9c12-c84883b44374\">\n<div class=\"wp-block-rbcwm-column col-lg-8\"><div class=\"wrap\">\n<h3 class=\"wp-block-heading\" id=\"h-avec-qui-dois-je-communiquer-si-je-dois-faire-une-reservation-nbsp\"><strong>Avec qui dois-je communiquer si je dois faire une r\u00e9servation&nbsp;?<\/strong><\/h3>\n\n\n\n<figure class=\"wp-block-rbcwm-table\"><table class=\"b-beige table table-striped table-border-horizontal table-border-vertical\"><tbody><tr><td>R\u00e9servations \u00e0 compter du 1<sup>er<\/sup>&nbsp;octobre&nbsp;2025:<\/td><td>Communiquez avec Conciergerie Avion RBC au 1&nbsp;844&nbsp;388-2198 ou par courriel \u00e0 <a href=\"mailto:contact@rbcavionconcierge.com\">contact@rbcavionconcierge.com<\/a>.<br>Service en tout temps par t\u00e9l\u00e9phone et par courriel.<\/td><\/tr><\/tbody><\/table><\/figure>\n\n\n\n<p><strong><strong>Avez-vous une r\u00e9servation effectu\u00e9e avant le 1<sup>er<\/sup>&nbsp;octobre&nbsp;2025&nbsp;?<\/strong> <\/strong><a href=\"#modifier-une-r\u00e9servation-existante\" data-type=\"internal\" data-id=\"#modifier-une-r\u00e9servation-existante\">Cliquez ici.<\/a><a id=\"_msocom_1\"><\/a><\/p>\n\n\n\n<h4 class=\"wp-block-heading\" id=\"h-qu-offre-conciergerie-avion-rbc-nbsp\"><strong>Qu\u2019offre Conciergerie Avion RBC&nbsp;?<\/strong><\/h4>\n\n\n\n<ul class=\"wp-block-list\">\n<li><strong>Un point de contact unique&nbsp;:<\/strong> un seul service du plus important prestataire mondial de conciergerie et de style de vie donnant acc\u00e8s \u00e0 des prestations et des exp\u00e9riences v\u00e9ritablement exclusives et haut de gamme.<\/li>\n\n\n\n<li><strong>Des concierges chevronn\u00e9s de premier ordre&nbsp;:<\/strong> une \u00e9quipe hautement sp\u00e9cialis\u00e9e dans les voyages et exp\u00e9riences de luxe offrant des relations client-conseiller personnalis\u00e9es, avec pour objectif de b\u00e2tir des liens durables et authentiques avec leurs clients.<\/li>\n\n\n\n<li><strong>Prestation de services personnalis\u00e9s&nbsp;:<\/strong>&nbsp;un acc\u00e8s en tout temps aux services par t\u00e9l\u00e9phone ou par courriel en anglais, fran\u00e7ais, mandarin ou cantonnais. Toutes les demandes sont trait\u00e9es au moyen d\u2019un syst\u00e8me unifi\u00e9 qui facilite les suivis et favorise la continuit\u00e9.<\/li>\n\n\n\n<li><strong>Des marques de luxe&nbsp;:<\/strong>&nbsp;acc\u00e8s \u00e0 des exp\u00e9riences VIP exclusives, des partenariats directs avec plus de 3&nbsp;500&nbsp;marques de luxe, et des \u00e9v\u00e9nements sur invitation seulement dans diverses cat\u00e9gories comme le sport, les d\u00e9fil\u00e9s de mode et les concerts intimistes. Conciergerie Avion RBC fait partie du r\u00e9seau mondial Virtuoso, expert en voyages de luxe et exp\u00e9riences uniques donnant acc\u00e8s aux programmes de voyage les plus prestigieux.<\/li>\n<\/ul>\n\n\n\n<h4 class=\"wp-block-heading\" id=\"h-vais-je-avoir-un-concierge-attitre-par-conciergerie-avion-rbc-nbsp\">Vais-je avoir un concierge attitr\u00e9 par Conciergerie Avion RBC&nbsp;?<\/h4>\n\n\n\n<p>Conciergerie Avion RBC jumelle les clients dont il ne s\u2019agit pas de la premi\u00e8re r\u00e9servation avec le concierge qui les a servis ant\u00e9rieurement, si c\u2019est possible. Toutefois, chaque membre de l\u2019\u00e9quipe a acc\u00e8s \u00e0 votre profil pour r\u00e9pondre \u00e0 vos besoins.<\/p>\n\n\n\n<h4 class=\"wp-block-heading\" id=\"h-puis-je-echanger-des-points-avion-recompenses-pour-les-achats-effectues-par-l-intermediaire-de-conciergerie-avion-rbc-nbsp\">Puis-je \u00e9changer des points Avion R\u00e9compenses pour les achats effectu\u00e9s par l\u2019interm\u00e9diaire de Conciergerie Avion RBC&nbsp;?<\/h4>\n\n\n\n<p>Oui. Vous pouvez les \u00e9changer au m\u00eame de primes-voyages. L\u2019\u00e9change sera port\u00e9 \u00e0 votre carte de cr\u00e9dit RBC, suivi d\u2019un cr\u00e9dit sur relev\u00e9 de compte en fonction du nombre de points \u00e9chang\u00e9s.<\/p>\n\n\n\n<ul class=\"wp-block-list\">\n<li>Billet d\u2019avion&nbsp;: 100&nbsp;points Avion = 1,50&nbsp;$&nbsp;CA<\/li>\n\n\n\n<li>Billet d\u2019avion en classe affaires&nbsp;: 100&nbsp;points = 2&nbsp;$&nbsp;CA<\/li>\n\n\n\n<li>Autres produits de voyage&nbsp;: 100&nbsp;points Avion = 1&nbsp;$&nbsp;CA<\/li>\n<\/ul>\n\n\n\n<h4 class=\"wp-block-heading\" id=\"h-puis-je-effectuer-des-reservations-en-libre-service-au-moyen-de-l-appli-mobile-avion-recompenses-ou-du-site-avionrecompenses-com-nbsp\">Puis-je effectuer des r\u00e9servations en libre-service au moyen de l\u2019appli mobile Avion R\u00e9compenses ou du site avionrecompenses.com&nbsp;?<\/h4>\n\n\n\n<p>Oui. Vous pouvez continuer de faire vous-m\u00eame des r\u00e9servations au moyen de l\u2019appli Avion R\u00e9compenses ou du site <a href=\"https:\/\/www.avionrewards.com\/index.html\">avionrecompenses.com<\/a>. Vous obtiendrez les taux du <a href=\"https:\/\/www.avionrewards.com\/travel\/redemptionSchedule.html\" target=\"_blank\" rel=\"noreferrer noopener\">bar\u00e8me d\u2019\u00e9change des primes voyages a\u00e9riens<\/a>&nbsp;ou, pour les billets en classe affaires, le taux de 2&nbsp;$&nbsp;CA par tranche de 100&nbsp;points Avion \u00e9chang\u00e9s. Le service offert pour les r\u00e9servations en libre-service continuera d\u2019\u00eatre accessible au 1&nbsp;877&nbsp;636-2870. Veuillez noter que l\u2019\u00e9quipe de Conciergerie Avion RBC n\u2019a pas acc\u00e8s aux r\u00e9servations effectu\u00e9es en libre-service et ne peut pas les modifier.<\/p>\n\n\n\n<h4 class=\"wp-block-heading\" id=\"h-quelles-sont-les-heures-d-ouverture-du-service-conciergerie-avion-rbc-nbsp\">Quelles sont les heures d\u2019ouverture du service Conciergerie Avion RBC&nbsp;?<\/h4>\n\n\n\n<p>Les services de Conciergerie Avion RBC sont disponibles en tout temps par t\u00e9l\u00e9phone ou par courriel en anglais, en fran\u00e7ais, en cantonnais ou en mandarin. Afin d\u2019assurer une disponibilit\u00e9 en cantonnais ou en mandarin, nous recommandons d\u2019envoyer un courriel \u00e0 <a href=\"mailto:contact@rbcavionconcierge.com\">contact@rbcavionconcierge.com<\/a> 24 \u00e0 48&nbsp;heures \u00e0 l\u2019avance pour coordonner un rendez-vous. Si votre besoin est urgent et qu\u2019aucun concierge parlant votre langue n\u2019est, Conciergerie Avion RBC communiquera avec vous par l\u2019interm\u00e9diaire d\u2019un service d\u2019interpr\u00e9tation en direct.&nbsp;<\/p>\n\n\n\n<h4 class=\"wp-block-heading\" id=\"h-peut-on-communiquer-par-courriel-avec-un-concierge-nbsp\"><strong>Peut-on communiquer par courriel avec un concierge&nbsp;?<\/strong><\/h4>\n\n\n\n<p>Oui. Vous pouvez communiquer avec un concierge par courriel \u00e0 <a href=\"mailto:contact@rbcavionconcierge.com\">contact@rbcavionconcierge.com<\/a> ou en appelant le 1&nbsp;844&nbsp;388-2198.<\/p>\n\n\n\n<h4 class=\"wp-block-heading\" id=\"h-a-quel-numero-dois-je-telephoner-si-je-me-trouve-a-l-exterieur-du-canada-et-des-etats-unis-nbsp\">\u00c0 quel num\u00e9ro dois-je t\u00e9l\u00e9phoner si je me trouve \u00e0 l\u2019ext\u00e9rieur du Canada et des \u00c9tats-Unis&nbsp;?<\/h4>\n\n\n\n<p>Veuillez composer le 416&nbsp;974-5944 et suivre les instructions.<\/p>\n\n\n\n<p>Composez le 1&nbsp;844&nbsp;388-2198 si vous vous trouvez au Canada ou aux \u00c9tats-Unis.<\/p>\n\n\n\n<h4 class=\"wp-block-heading\" id=\"h-puis-je-designer-un-delegue-pour-faire-une-reservation-en-mon-nom-nbsp\">Puis-je d\u00e9signer un d\u00e9l\u00e9gu\u00e9 pour faire une r\u00e9servation en mon nom&nbsp;?<\/h4>\n\n\n\n<div class=\"anchor\" tabindex=\"-1\"><\/div>\n\n\n\n<p>Oui. Communiquez directement avec le service de conciergerie, ou avec votre banquier priv\u00e9, pour faire ajouter le d\u00e9l\u00e9gu\u00e9 \u00e0 votre profil.<\/p>\n\n\n\n<h4 class=\"wp-block-heading\" id=\"modifier-une-r\u00e9servation-existante\">Avec qui dois-je communiquer si je veux modifier une r\u00e9servation existante&nbsp;?<\/h4>\n\n\n\n<p>Pour votre commodit\u00e9, les r\u00e9servations existantes effectu\u00e9es avant le 1<sup>er<\/sup>&nbsp;octobre continueront d\u2019\u00eatre trait\u00e9es par les fournisseurs correspondants.<\/p>\n\n\n\n<p>Veuillez consulter le tableau ci-dessous si vous devez modifier une r\u00e9servation effectu\u00e9e avant le 1<sup>er<\/sup>&nbsp;octobre.<\/p>\n\n\n\n<figure class=\"wp-block-rbcwm-table\"><table class=\"b-beige table table-striped table-border-horizontal table-border-vertical\"><tbody><tr><td>R\u00e9servation de voyage faite aupr\u00e8s de Conciergerie de voyage Avion R\u00e9compenses <em>pour Banque priv\u00e9e<\/em><\/td><td>Pour les r\u00e9servations effectu\u00e9es aupr\u00e8s de Conciergerie de voyage Avion R\u00e9compenses <em>pour Banque priv\u00e9e<\/em>, veuillez envoyer un courriel \u00e0 <a href=\"mailto:concierge@pbavionrewards.com\">concierge@pbavionrewards.com<\/a> si vous devez modifier une r\u00e9servation existante.<br><br>Heures de disponibilit\u00e9 de Conciergerie de voyage Avion R\u00e9compenses <em>pour Banque priv\u00e9e<\/em>\u00a0:<br>Du lundi au vendredi, de 9\u00a0h \u00e0 18\u00a0h (HE), jusqu\u2019au 28\u00a0f\u00e9vrier\u00a02026.<br><br><strong>Mise \u00e0 jour\u00a0:<\/strong> \u00c0 compter du 1<sup>er<\/sup>\u00a0mars\u00a02026, vous devrez communiquer par courriel \u00e0 l\u2019adresse <a href=\"mailto:concierge@pbavionrewards.com\">concierge@pbavionrewards.com<\/a> pour obtenir de l\u2019aide concernant des r\u00e9servations existantes.<\/td><\/tr><tr><td>R\u00e9servations autres que les r\u00e9servations de voyage aupr\u00e8s de Conciergerie RBC<\/td><td><strong>Mise \u00e0 jour\u00a0:<\/strong> Pour obtenir de l\u2019aide concernant des r\u00e9servations existantes de restaurants, d\u2019\u00e9v\u00e9nements, de magasinage ou de voyages effectu\u00e9es aupr\u00e8s de Conciergerie RBC, veuillez \u00e9crire \u00e0 <a href=\"mailto:aftercare@tenconcierge.com\" target=\"_blank\" rel=\"noreferrer noopener\">aftercare@tenconcierge.com<\/a> pour obtenir de l\u2019aide.<br><br>Heures de disponibilit\u00e9 de Conciergerie RBC\u00a0:<br>En tout temps, par courriel seulement<\/td><\/tr><tr><td>R\u00e9servation de voyage faite aupr\u00e8s de Conciergerie de voyage Avion R\u00e9compenses<\/td><td>Les changements apport\u00e9s aux r\u00e9servations de voyage effectu\u00e9es par l\u2019interm\u00e9diaire du site Web ou de l\u2019appli mobile Avion R\u00e9compenses continuent de se faire de la m\u00eame mani\u00e8re.<br><br>Utilisez l\u2019appli Avion R\u00e9compenses ou le site Web avionrecompenses.com pour apporter des changements.<br><br>Vous pouvez \u00e9galement composer le 1\u00a0877\u00a0636-2870.<br><br>Heures d\u2019ouverture \u00a0:<br><br>Du lundi au vendredi, de 7\u00a0h \u00e0 minuit (HE)<br><br>Le samedi et le dimanche, de 7\u00a0h \u00e0 21\u00a0h (HE)<\/td><\/tr><\/tbody><\/table><\/figure>\n<\/div><\/div>\n<\/div>\n<\/div><\/div><\/div><\/section>\n","protected":false},"excerpt":{"rendered":"","protected":false},"author":26,"featured_media":0,"parent":0,"menu_order":0,"comment_status":"closed","ping_status":"closed","template":"","meta":{"_acf_changed":false,"editor_notices":[],"rbc_url_alias":"rbc-avion-concierge-client-faq","footnotes":""},"rbcwm_content_owner":[],"class_list":["post-26832","page","type-page","status-publish","hentry"],"acf":[],"yoast_head":"<!-- This site is optimized with the Yoast SEO Premium plugin v24.8 (Yoast SEO v26.8) - https:\/\/yoast.com\/product\/yoast-seo-premium-wordpress\/ -->\n<title>Conciergerie Avion RBC \u2013 FAQ client - RBC Gestion de patrimoine<\/title>\n<meta name=\"robots\" content=\"index, follow, max-snippet:-1, max-image-preview:large, max-video-preview:-1\" \/>\n<link rel=\"canonical\" href=\"https:\/\/www.rbcwealthmanagement.com\/fr-ca\/rbc-avion-concierge-client-faq\" \/>\n<meta property=\"og:locale\" content=\"fr_CA\" \/>\n<meta property=\"og:type\" content=\"article\" \/>\n<meta property=\"og:title\" content=\"Conciergerie Avion RBC \u2013 FAQ client\" \/>\n<meta property=\"og:url\" content=\"https:\/\/www.rbcwealthmanagement.com\/fr-ca\/rbc-avion-concierge-client-faq\" \/>\n<meta property=\"og:site_name\" content=\"RBC Gestion de patrimoine\" \/>\n<meta property=\"article:modified_time\" content=\"2025-09-11T17:45:59+00:00\" \/>\n<meta property=\"og:image\" content=\"https:\/\/www.rbcwealthmanagement.com\/fr-ca\/wp-content\/uploads\/sites\/6\/2023\/02\/share-logo-1200x630-1.png\" \/>\n\t<meta property=\"og:image:width\" content=\"1200\" \/>\n\t<meta property=\"og:image:height\" content=\"630\" \/>\n\t<meta property=\"og:image:type\" content=\"image\/png\" \/>\n<meta name=\"twitter:card\" content=\"summary_large_image\" \/>\n<meta name=\"twitter:label1\" content=\"Est. reading time\" \/>\n\t<meta name=\"twitter:data1\" content=\"5 minutes\" \/>\n<script type=\"application\/ld+json\" class=\"yoast-schema-graph\">{\"@context\":\"https:\/\/schema.org\",\"@graph\":[{\"@type\":\"WebPage\",\"@id\":\"https:\/\/www.rbcwealthmanagement.com\/fr-ca\/rbc-avion-concierge-client-faq\",\"url\":\"https:\/\/www.rbcwealthmanagement.com\/fr-ca\/rbc-avion-concierge-client-faq\",\"name\":\"Conciergerie Avion RBC \u2013 FAQ client - RBC Gestion de patrimoine\",\"isPartOf\":{\"@id\":\"https:\/\/www.rbcwealthmanagement.com\/fr-ca\/#website\"},\"datePublished\":\"2025-09-11T17:45:58+00:00\",\"dateModified\":\"2025-09-11T17:45:59+00:00\",\"breadcrumb\":{\"@id\":\"https:\/\/www.rbcwealthmanagement.com\/fr-ca\/rbc-avion-concierge-client-faq#breadcrumb\"},\"inLanguage\":\"fr-CA\",\"potentialAction\":[{\"@type\":\"ReadAction\",\"target\":[\"https:\/\/www.rbcwealthmanagement.com\/fr-ca\/rbc-avion-concierge-client-faq\"]}]},{\"@type\":\"BreadcrumbList\",\"@id\":\"https:\/\/www.rbcwealthmanagement.com\/fr-ca\/rbc-avion-concierge-client-faq#breadcrumb\",\"itemListElement\":[{\"@type\":\"ListItem\",\"position\":1,\"name\":\"Home\",\"item\":\"https:\/\/www.rbcwealthmanagement.com\/fr-ca\/\"},{\"@type\":\"ListItem\",\"position\":2,\"name\":\"Conciergerie Avion RBC \u2013 FAQ client\"}]},{\"@type\":\"WebSite\",\"@id\":\"https:\/\/www.rbcwealthmanagement.com\/fr-ca\/#website\",\"url\":\"https:\/\/www.rbcwealthmanagement.com\/fr-ca\/\",\"name\":\"RBC Gestion de patrimoine\",\"description\":\"\",\"publisher\":{\"@id\":\"https:\/\/www.rbcwealthmanagement.com\/fr-ca\/#organization\"},\"potentialAction\":[{\"@type\":\"SearchAction\",\"target\":{\"@type\":\"EntryPoint\",\"urlTemplate\":\"https:\/\/www.rbcwealthmanagement.com\/fr-ca\/?s={search_term_string}\"},\"query-input\":{\"@type\":\"PropertyValueSpecification\",\"valueRequired\":true,\"valueName\":\"search_term_string\"}}],\"inLanguage\":\"fr-CA\"},{\"@type\":\"Organization\",\"@id\":\"https:\/\/www.rbcwealthmanagement.com\/fr-ca\/#organization\",\"name\":\"RBC Gestion de Patrimoine\",\"alternateName\":\"RBC Gestion de Patrimoine\",\"url\":\"https:\/\/www.rbcwealthmanagement.com\/fr-ca\/\",\"logo\":{\"@type\":\"ImageObject\",\"inLanguage\":\"fr-CA\",\"@id\":\"https:\/\/www.rbcwealthmanagement.com\/fr-ca\/#\/schema\/logo\/image\/\",\"url\":\"https:\/\/www.rbcwealthmanagement.com\/fr-ca\/wp-content\/uploads\/sites\/6\/2023\/02\/rbc.png\",\"contentUrl\":\"https:\/\/www.rbcwealthmanagement.com\/fr-ca\/wp-content\/uploads\/sites\/6\/2023\/02\/rbc.png\",\"width\":3000,\"height\":2000,\"caption\":\"RBC Gestion de Patrimoine\"},\"image\":{\"@id\":\"https:\/\/www.rbcwealthmanagement.com\/fr-ca\/#\/schema\/logo\/image\/\"}}]}<\/script>\n<!-- \/ Yoast SEO Premium plugin. -->","yoast_head_json":{"title":"Conciergerie Avion RBC \u2013 FAQ client - RBC Gestion de patrimoine","robots":{"index":"index","follow":"follow","max-snippet":"max-snippet:-1","max-image-preview":"max-image-preview:large","max-video-preview":"max-video-preview:-1"},"canonical":"https:\/\/www.rbcwealthmanagement.com\/fr-ca\/rbc-avion-concierge-client-faq","og_locale":"fr_CA","og_type":"article","og_title":"Conciergerie Avion RBC \u2013 FAQ client","og_url":"https:\/\/www.rbcwealthmanagement.com\/fr-ca\/rbc-avion-concierge-client-faq","og_site_name":"RBC Gestion de patrimoine","article_modified_time":"2025-09-11T17:45:59+00:00","og_image":[{"width":1200,"height":630,"url":"https:\/\/www.rbcwealthmanagement.com\/fr-ca\/wp-content\/uploads\/sites\/6\/2023\/02\/share-logo-1200x630-1.png","type":"image\/png"}],"twitter_card":"summary_large_image","twitter_misc":{"Est. reading time":"5 minutes"},"schema":{"@context":"https:\/\/schema.org","@graph":[{"@type":"WebPage","@id":"https:\/\/www.rbcwealthmanagement.com\/fr-ca\/rbc-avion-concierge-client-faq","url":"https:\/\/www.rbcwealthmanagement.com\/fr-ca\/rbc-avion-concierge-client-faq","name":"Conciergerie Avion RBC \u2013 FAQ client - RBC Gestion de patrimoine","isPartOf":{"@id":"https:\/\/www.rbcwealthmanagement.com\/fr-ca\/#website"},"datePublished":"2025-09-11T17:45:58+00:00","dateModified":"2025-09-11T17:45:59+00:00","breadcrumb":{"@id":"https:\/\/www.rbcwealthmanagement.com\/fr-ca\/rbc-avion-concierge-client-faq#breadcrumb"},"inLanguage":"fr-CA","potentialAction":[{"@type":"ReadAction","target":["https:\/\/www.rbcwealthmanagement.com\/fr-ca\/rbc-avion-concierge-client-faq"]}]},{"@type":"BreadcrumbList","@id":"https:\/\/www.rbcwealthmanagement.com\/fr-ca\/rbc-avion-concierge-client-faq#breadcrumb","itemListElement":[{"@type":"ListItem","position":1,"name":"Home","item":"https:\/\/www.rbcwealthmanagement.com\/fr-ca\/"},{"@type":"ListItem","position":2,"name":"Conciergerie Avion RBC \u2013 FAQ client"}]},{"@type":"WebSite","@id":"https:\/\/www.rbcwealthmanagement.com\/fr-ca\/#website","url":"https:\/\/www.rbcwealthmanagement.com\/fr-ca\/","name":"RBC Gestion de patrimoine","description":"","publisher":{"@id":"https:\/\/www.rbcwealthmanagement.com\/fr-ca\/#organization"},"potentialAction":[{"@type":"SearchAction","target":{"@type":"EntryPoint","urlTemplate":"https:\/\/www.rbcwealthmanagement.com\/fr-ca\/?s={search_term_string}"},"query-input":{"@type":"PropertyValueSpecification","valueRequired":true,"valueName":"search_term_string"}}],"inLanguage":"fr-CA"},{"@type":"Organization","@id":"https:\/\/www.rbcwealthmanagement.com\/fr-ca\/#organization","name":"RBC Gestion de Patrimoine","alternateName":"RBC Gestion de Patrimoine","url":"https:\/\/www.rbcwealthmanagement.com\/fr-ca\/","logo":{"@type":"ImageObject","inLanguage":"fr-CA","@id":"https:\/\/www.rbcwealthmanagement.com\/fr-ca\/#\/schema\/logo\/image\/","url":"https:\/\/www.rbcwealthmanagement.com\/fr-ca\/wp-content\/uploads\/sites\/6\/2023\/02\/rbc.png","contentUrl":"https:\/\/www.rbcwealthmanagement.com\/fr-ca\/wp-content\/uploads\/sites\/6\/2023\/02\/rbc.png","width":3000,"height":2000,"caption":"RBC Gestion de Patrimoine"},"image":{"@id":"https:\/\/www.rbcwealthmanagement.com\/fr-ca\/#\/schema\/logo\/image\/"}}]}},"jetpack_sharing_enabled":true,"publishpress_future_action":{"enabled":false,"date":"2026-05-07 14:39:11","action":"change-status","newStatus":"draft","terms":[],"taxonomy":"rbcwm_content_owner","extraData":[]},"publishpress_future_workflow_manual_trigger":{"enabledWorkflows":[]},"distributor_meta":false,"distributor_terms":false,"distributor_media":false,"distributor_original_site_name":"RBC Gestion de patrimoine","distributor_original_site_url":"https:\/\/www.rbcwealthmanagement.com\/fr-ca","push-errors":false,"last_revision_date":"2026-03-03 11:09:48","_links":{"self":[{"href":"https:\/\/www.rbcwealthmanagement.com\/fr-ca\/wp-json\/wp\/v2\/pages\/26832","targetHints":{"allow":["GET"]}}],"collection":[{"href":"https:\/\/www.rbcwealthmanagement.com\/fr-ca\/wp-json\/wp\/v2\/pages"}],"about":[{"href":"https:\/\/www.rbcwealthmanagement.com\/fr-ca\/wp-json\/wp\/v2\/types\/page"}],"author":[{"embeddable":true,"href":"https:\/\/www.rbcwealthmanagement.com\/fr-ca\/wp-json\/wp\/v2\/users\/26"}],"replies":[{"embeddable":true,"href":"https:\/\/www.rbcwealthmanagement.com\/fr-ca\/wp-json\/wp\/v2\/comments?post=26832"}],"version-history":[{"count":7,"href":"https:\/\/www.rbcwealthmanagement.com\/fr-ca\/wp-json\/wp\/v2\/pages\/26832\/revisions"}],"predecessor-version":[{"id":28478,"href":"https:\/\/www.rbcwealthmanagement.com\/fr-ca\/wp-json\/wp\/v2\/pages\/26832\/revisions\/28478"}],"wp:attachment":[{"href":"https:\/\/www.rbcwealthmanagement.com\/fr-ca\/wp-json\/wp\/v2\/media?parent=26832"}],"wp:term":[{"taxonomy":"rbcwm_content_owner","embeddable":true,"href":"https:\/\/www.rbcwealthmanagement.com\/fr-ca\/wp-json\/wp\/v2\/rbcwm_content_owner?post=26832"}],"curies":[{"name":"wp","href":"https:\/\/api.w.org\/{rel}","templated":true}]}}