{"id":26867,"date":"2025-09-29T11:38:54","date_gmt":"2025-09-29T15:38:54","guid":{"rendered":"https:\/\/www.rbcwealthmanagement.com\/fr-ca\/?page_id=26867"},"modified":"2025-09-29T11:39:38","modified_gmt":"2025-09-29T15:39:38","slug":"cybersecurity","status":"publish","type":"page","link":"https:\/\/www.rbcwealthmanagement.com\/fr-ca\/cybersecurity","title":{"rendered":"Cybers\u00e9curit\u00e9\u00a0: Cybers\u00e9curit\u00e9\u00a0: Comment RBC vous prot\u00e8ge"},"content":{"rendered":"\n<div class=\"wp-block-rbcwm-hero-block rbc-hero-wm  rbc-hero-overlap rbc-hero-overlap-mobile rbc-hero-2jvzcssyr hide-mobile-energy-lines\"><style>\n\t\t.rbc-hero-2jvzcssyr.is-style-rbc-hero-gradient::before {\n\t\t\tbackground: linear-gradient(90deg, #023169 20%, rgba(94, 120, 131, 0) 60%);\n\t\t}\n\n\t\t.rbc-hero-2jvzcssyr.is-style-rbc-hero-gradient.rbc-hero-has-image-bleed::before {\n\t\t\tbackground: linear-gradient(90deg, #023169 20%, rgba(94, 120, 131, 0) 60%);\n\t\t}\n\n\t\t.rbc-hero-2jvzcssyr.is-style-rbc-hero-gradient.rbc-hero-has-image-bottom::before {\n\t\t\tbackground: linear-gradient(180deg, #023169 20%, rgba(94, 120, 131, 0) 60%);\n\t\t}\n\n\t\t.rbc-hero-2jvzcssyr .rbc-hero-energy-lines.rbc-hero-energy-lines-left {\n\t\t\ttransform: scaleX(-1);\n\t\t}\n\n\t\t@media (max-width: 991px) {\n\t\t\t.rbc-hero-2jvzcssyr.is-style-rbc-hero-gradient::before,\n\t\t\t.rbc-hero-2jvzcssyr.is-style-rbc-hero-gradient.rbc-hero-has-image-bottom::before,\n\t\t\t.rbc-hero-2jvzcssyr.is-style-rbc-hero-gradient.rbc-hero-has-image-bleed::before {\n\t\t\t\tbackground: none;\n\t\t\t}\n\n\t\t\t.rbc-hero-2jvzcssyr.rbc-hero-has-image-full.hide-mobile-energy-lines .rbc-hero-energy-lines {\n\t\t\t\tdisplay: none;\n\t\t\t}\n\n\t\t\t.wp-block-rbcwm-hero-block.rbc-hero-2jvzcssyr.is-style-rbc-hero-gradient .rbc-hero-img-wrap::after {\n\t\t\t\tbackground: linear-gradient( 0deg, #023169 0%, rgba(94, 120, 131, 0) 25% );\n\t\t\t}\n\t\t\t\n\t\t\t.wp-block-rbcwm-hero-block.rbc-hero-2jvzcssyr.is-style-rbc-hero-gradient.rbc-hero-has-image-bottom .rbc-hero-img-wrap::before,\n            .wp-block-rbcwm-hero-block.rbc-hero-2jvzcssyr.is-style-rbc-hero-gradient.rbc-hero-has-image-bottom .container .rbc-hero-img-wrap::before {\n\t\t\t\tbackground: linear-gradient( 180deg, #023169 0%, rgba( 94, 120, 131, 0 ) 25% );\n\t\t\t}\n\t\t\t\n\t\t\t.wp-block-rbcwm-hero-block.rbc-hero-2jvzcssyr.is-style-rbc-hero-gradient .rbc-hero-card {\n\t\t\t\tbackground: #023169;\n\t\t\t}\n\t\t}\n\t<\/style><div class=\"container\"><div class=\"row no-gutters\"><div class=\"col-lg-12 rbc-hero-card-content\"><div class=\"rbc-card rbc-hero-card rbc-hero has-content\"><div class=\"rbc-card-wrap\"><div class=\"rbc-card-body\"><div class=\"rbc-hero-body-content\"><h1 class=\"rbc-hero-title\"><span>Cybers\u00e9curit\u00e9\u00a0: Comment RBC vous prot\u00e8ge<\/span><\/h1><\/div><\/div><\/div><\/div><\/div><div class=\"rbc-hero-img-wrap col-lg-5 order-2 order-lg-1\"><\/div><\/div><\/div><\/div>\n\n\n\n<section class=\"wp-block-rbcwm-rbc-block rbc-block rbc-block-grey has-block-grey-background-color has-background\"><div class=\"container\"><div class=\"row justify-content-center\"><div class=\"col-lg-12\">\n<div class=\"wp-block-rbcwm-columns container\"><div class=\"row justify-content-between wrap blockId-c6ac585d-155e-4c8b-8a89-3e428a420034\">\n<div class=\"wp-block-rbcwm-column col-lg-4 mt-3 mt-lg-0 order-2 order-lg-0\">\t\t<nav class=\"rbc-sidebar\">\n\t\t\t<ul class=\"menu\">\n\t\t\t\t\t\t\t\t\t<li class=\"menu-item  active\"><a href=\"https:\/\/www.rbcwealthmanagement.com\/fr-ca\/cybersecurity\">Cybers\u00e9curit\u00e9\u00a0: Comment RBC vous prot\u00e8ge<\/a>\n\t\t\t\t\t\t\t\t\t\t\t<\/li>\n\t\t\t\t\t\t\t\t\t\t<li class=\"menu-item  \"><a href=\"https:\/\/www.rbcwealthmanagement.com\/fr-ca\/cybersecurity\/how-to-protect-yourself-online\">Protection en ligne<\/a>\n\t\t\t\t\t\t\t\t\t\t\t<\/li>\n\t\t\t\t\t\t\t\t\t\t<li class=\"menu-item  \"><a href=\"https:\/\/www.rbcwealthmanagement.com\/fr-ca\/cybersecurity\/how-criminals-make-contact\">Comment les cybercriminels prennent contact<\/a>\n\t\t\t\t\t\t\t\t\t\t\t\t\t\t<ul class=\"sub-menu\">\n\t\t\t\t\t\t\t\t\t\t\t\t\t\t\t\t\t\t\t<li class=\"sub-menu-item \"><a href=\"https:\/\/www.rbcwealthmanagement.com\/fr-ca\/cybersecurity\/email-scams\">Escroquerie par courriel<\/a><\/li>\n\t\t\t\t\t\t\t\t\t\t\t\t\t\t\t\t\t\t\t\t<li class=\"sub-menu-item \"><a href=\"https:\/\/www.rbcwealthmanagement.com\/fr-ca\/cybersecurity\/phone-and-messaging-scams\">Escroqueries par t\u00e9l\u00e9phone et par messagerie texte<\/a><\/li>\n\t\t\t\t\t\t\t\t\t\t\t\t\t\t\t\t\t\t\t\t<li class=\"sub-menu-item \"><a href=\"https:\/\/www.rbcwealthmanagement.com\/fr-ca\/cybersecurity\/social-media-scams\">Escroqueries sur les m\u00e9dias sociaux<\/a><\/li>\n\t\t\t\t\t\t\t\t\t\t\t\t\t\t\t\t\t\t\t\t<li class=\"sub-menu-item \"><a href=\"https:\/\/www.rbcwealthmanagement.com\/fr-ca\/cybersecurity\/online-dating-scams\">Escroqueries amoureuses en ligne<\/a><\/li>\n\t\t\t\t\t\t\t\t\t\t\t\t\t\t\t\t\t\t\t\t<li class=\"sub-menu-item \"><a href=\"https:\/\/www.rbcwealthmanagement.com\/fr-ca\/cybersecurity\/tax-scams\">Escroqueries fiscales<\/a><\/li>\n\t\t\t\t\t\t\t\t\t\t\t\t\t\t\t\t\t\t<\/ul>\n\t\t\t\t\t\t\t\t\t\t\t\t<\/li>\n\t\t\t\t\t\t\t\t<\/ul>\n\t\t<\/nav>\n\t\t<\/div>\n\n\n\n<div class=\"wp-block-rbcwm-column col-lg-7\">\n<h3 class=\"wp-block-heading\" id=\"h-comment-rbc-gestion-de-patrimoine-vous-protege\">Comment RBC Gestion de patrimoine vous prot\u00e8ge<\/h3>\n\n\n\n<p>\u00c0 RBC Gestion de patrimoine, l\u2019une de nos grandes priorit\u00e9s est de prot\u00e9ger les renseignements personnels en notre possession. Notre \u00e9quipe de cybers\u00e9curit\u00e9 est d\u00e9termin\u00e9e \u00e0 maintenir des mesures de s\u00e9curit\u00e9 pour vous prot\u00e9ger et pour vous permettre d\u2019acc\u00e9der \u00e0 nos services en tout temps.&nbsp;<\/p>\n\n\n\n<h4 class=\"wp-block-heading\" id=\"h-notre-engagement-envers-nos-clients\">Notre engagement envers nos clients<\/h4>\n\n\n\n<p>Nous continuons d\u2019investir dans nos cybercapacit\u00e9s et de les faire \u00e9voluer pour rester au fait des menaces et de la r\u00e9glementation. Nous am\u00e9liorons nos capacit\u00e9s conform\u00e9ment au cadre du National Institute of Standards and Technology (NIST). Ces mesures nous permettent de prot\u00e9ger davantage nos clients et nos activit\u00e9s. Nous faisons concorder nos programmes et nos activit\u00e9s avec le cadre du NIST, qui traite de l\u2019identification et de la d\u00e9tection des cybermenaces, de la protection contre les cybermenaces, de la gestion des cybermenaces et de la reprise des activit\u00e9s apr\u00e8s une cyberattaque. Dans le domaine de la cybers\u00e9curit\u00e9, nous visons trois objectifs, soit le recrutement et la sensibilisation des talents, l\u2019\u00e9tablissement de partenariats strat\u00e9giques et avec le milieu universitaire, et la collaboration interfonctionnelle dans le cadre de la gestion des cybermenaces.<\/p>\n\n\n\n<h4 class=\"wp-block-heading\" id=\"h-notre-strategie-de-cybersecurite\">Notre strat\u00e9gie de cybers\u00e9curit\u00e9<\/h4>\n\n\n\n<p>Partout dans le monde, les cyberattaques sont de plus en plus fr\u00e9quentes et sophistiqu\u00e9es. Elles peuvent entra\u00eener des interruptions des activit\u00e9s, des interruptions de service, des vols de propri\u00e9t\u00e9 intellectuelle et de renseignements confidentiels, des litiges et des atteintes \u00e0 la r\u00e9putation. Nous continuons d\u2019am\u00e9liorer nos capacit\u00e9s en mati\u00e8re de s\u00e9curit\u00e9, de renseigner nos clients et nos employ\u00e9s, et d\u2019approfondir nos relations avec des parties prenantes externes afin que nos cyberd\u00e9fenses demeurent efficaces pour contrer les menaces qui visent le secteur financier.<\/p>\n\n\n\n<p>Nous demeurons vigilants et nous investissons dans la cybers\u00e9curit\u00e9 pour diverses raisons, notamment la sophistication des attaques externes, l\u2019adoption de nouvelles technologies (apprentissage automatique, infonuagique, etc.), la complexit\u00e9 croissante de la gestion d\u2019\u00e9cosyst\u00e8mes par des tiers et la r\u00e9glementation dans le monde. Nous continuons d\u2019accro\u00eetre nos capacit\u00e9s de cyberd\u00e9fense afin de soutenir nos mod\u00e8les d\u2019affaires, de prot\u00e9ger RBC&nbsp;Gestion de patrimoine et ses clients, et d\u2019am\u00e9liorer l\u2019Exp\u00e9rience client \u00e0 l\u2019\u00e9chelle mondiale. Nous y parvenons en investissant continuellement dans les cybertechnologies, en informant et en sensibilisant nos clients et nos employ\u00e9s, et en tirant parti des technologies \u00e9mergentes.<\/p>\n\n\n\n<p>\u00c0 RBC Gestion de patrimoine, la protection des renseignements personnels va bien au-del\u00e0 de la protection des activit\u00e9s financi\u00e8res des clients. Afin que la s\u00e9curit\u00e9 demeure une priorit\u00e9, des processus complets sont en place, notamment en lien avec les \u00e9l\u00e9ments suivants&nbsp;:<\/p>\n\n\n\n<ul class=\"wp-block-list\">\n<li>Cr\u00e9ation et maintien d\u2019\u00e9quipes de s\u00e9curit\u00e9 attitr\u00e9es de calibre mondial<\/li>\n\n\n\n<li>D\u00e9ploiement de m\u00e9thodes d\u2019authentification de pointe (biom\u00e9triques, comportementales, fond\u00e9es sur le risque)<\/li>\n\n\n\n<li>Utilisation d\u2019une technologie \u00e0 couches multiples<\/li>\n\n\n\n<li>Chiffrement des donn\u00e9es \u00e0 tous les niveaux de l\u2019architecture \u2013 au repos, en mouvement, par le biais des op\u00e9rations et des communications<\/li>\n<\/ul>\n\n\n\n<p>Nous croyons que la cybers\u00e9curit\u00e9 est une composante essentielle de notre r\u00e9ussite et de la relation de confiance que nous avons \u00e9tablie avec vous. C\u2019est pourquoi nous nous employons \u00e0 investir dans les ressources et les outils n\u00e9cessaires pour vous prot\u00e9ger, vous et vos renseignements.<\/p>\n\n\n\n<section class=\"wp-block-rbcwm-rbc-block rbc-block rbc-block-well rbc-block-small rbc-mid-page-cta has-white-background-color has-background\"><div class=\"\"><div class=\"row \"><div class=\"col-lg-12\">\n<p class=\"cta-content\">Pour en savoir plus, consultez notre&nbsp;guide sur le rel\u00e8vement en cas de fraude et d\u2019escroquerie. Travaillons ensemble pour r\u00e9duire vos risques et assurer votre tranquillit\u00e9 d\u2019esprit.<\/p>\n\n\n\n<div class=\"wp-block-buttons is-layout-flex wp-block-buttons-is-layout-flex\" style=\"margin-top:var(--wp--preset--spacing--50)\">\n<a class=\"wp-block-button rbc-button-no-icon rbc-mid-page-button is-style-secondary rbc-button rbc-button-secondary\" href=\"https:\/\/www.rbcwealthmanagement.com\/assets\/wp-content\/uploads\/documents\/what-to-do-scam-fraud-wmc-fr.pdf\" target=\"_blank\" rel=\"noreferrer noopener\">Consulter le guide<\/a>\n<\/div>\n<\/div><\/div><\/div><\/section>\n<\/div>\n<\/div><\/div>\n<\/div><\/div><\/div><\/section>\n\n\n\n<p><\/p>\n","protected":false},"excerpt":{"rendered":"","protected":false},"author":26,"featured_media":0,"parent":0,"menu_order":0,"comment_status":"closed","ping_status":"closed","template":"","meta":{"_acf_changed":false,"editor_notices":[],"rbc_url_alias":"","footnotes":""},"rbcwm_content_owner":[],"class_list":["post-26867","page","type-page","status-publish","hentry"],"acf":[],"yoast_head":"<!-- This site is optimized with the Yoast SEO Premium plugin v24.8 (Yoast SEO v26.8) - https:\/\/yoast.com\/product\/yoast-seo-premium-wordpress\/ -->\n<title>Cybers\u00e9curit\u00e9\u00a0: Cybers\u00e9curit\u00e9\u00a0: Comment RBC vous prot\u00e8ge - RBC Gestion de patrimoine<\/title>\n<meta name=\"robots\" content=\"index, follow, max-snippet:-1, max-image-preview:large, max-video-preview:-1\" \/>\n<link rel=\"canonical\" href=\"https:\/\/www.rbcwealthmanagement.com\/fr-ca\/cybersecurity\" \/>\n<meta property=\"og:locale\" content=\"fr_CA\" \/>\n<meta property=\"og:type\" content=\"article\" \/>\n<meta property=\"og:title\" content=\"Cybers\u00e9curit\u00e9\u00a0: Cybers\u00e9curit\u00e9\u00a0: Comment RBC vous prot\u00e8ge\" \/>\n<meta property=\"og:url\" content=\"https:\/\/www.rbcwealthmanagement.com\/fr-ca\/cybersecurity\" \/>\n<meta property=\"og:site_name\" content=\"RBC Gestion de patrimoine\" \/>\n<meta property=\"article:modified_time\" content=\"2025-09-29T15:39:38+00:00\" \/>\n<meta property=\"og:image\" content=\"https:\/\/www.rbcwealthmanagement.com\/fr-ca\/wp-content\/uploads\/sites\/6\/2023\/02\/share-logo-1200x630-1.png\" \/>\n\t<meta property=\"og:image:width\" content=\"1200\" \/>\n\t<meta property=\"og:image:height\" content=\"630\" \/>\n\t<meta property=\"og:image:type\" content=\"image\/png\" \/>\n<meta name=\"twitter:card\" content=\"summary_large_image\" \/>\n<meta name=\"twitter:label1\" content=\"Est. reading time\" \/>\n\t<meta name=\"twitter:data1\" content=\"3 minutes\" \/>\n<script type=\"application\/ld+json\" class=\"yoast-schema-graph\">{\"@context\":\"https:\/\/schema.org\",\"@graph\":[{\"@type\":\"WebPage\",\"@id\":\"https:\/\/www.rbcwealthmanagement.com\/fr-ca\/cybersecurity\",\"url\":\"https:\/\/www.rbcwealthmanagement.com\/fr-ca\/cybersecurity\",\"name\":\"Cybers\u00e9curit\u00e9\u00a0: Cybers\u00e9curit\u00e9\u00a0: Comment RBC vous prot\u00e8ge - RBC Gestion de patrimoine\",\"isPartOf\":{\"@id\":\"https:\/\/www.rbcwealthmanagement.com\/fr-ca\/#website\"},\"datePublished\":\"2025-09-29T15:38:54+00:00\",\"dateModified\":\"2025-09-29T15:39:38+00:00\",\"breadcrumb\":{\"@id\":\"https:\/\/www.rbcwealthmanagement.com\/fr-ca\/cybersecurity#breadcrumb\"},\"inLanguage\":\"fr-CA\",\"potentialAction\":[{\"@type\":\"ReadAction\",\"target\":[\"https:\/\/www.rbcwealthmanagement.com\/fr-ca\/cybersecurity\"]}]},{\"@type\":\"BreadcrumbList\",\"@id\":\"https:\/\/www.rbcwealthmanagement.com\/fr-ca\/cybersecurity#breadcrumb\",\"itemListElement\":[{\"@type\":\"ListItem\",\"position\":1,\"name\":\"Home\",\"item\":\"https:\/\/www.rbcwealthmanagement.com\/fr-ca\/\"},{\"@type\":\"ListItem\",\"position\":2,\"name\":\"Cybers\u00e9curit\u00e9\u00a0: Cybers\u00e9curit\u00e9\u00a0: Comment RBC vous prot\u00e8ge\"}]},{\"@type\":\"WebSite\",\"@id\":\"https:\/\/www.rbcwealthmanagement.com\/fr-ca\/#website\",\"url\":\"https:\/\/www.rbcwealthmanagement.com\/fr-ca\/\",\"name\":\"RBC Gestion de patrimoine\",\"description\":\"\",\"publisher\":{\"@id\":\"https:\/\/www.rbcwealthmanagement.com\/fr-ca\/#organization\"},\"potentialAction\":[{\"@type\":\"SearchAction\",\"target\":{\"@type\":\"EntryPoint\",\"urlTemplate\":\"https:\/\/www.rbcwealthmanagement.com\/fr-ca\/?s={search_term_string}\"},\"query-input\":{\"@type\":\"PropertyValueSpecification\",\"valueRequired\":true,\"valueName\":\"search_term_string\"}}],\"inLanguage\":\"fr-CA\"},{\"@type\":\"Organization\",\"@id\":\"https:\/\/www.rbcwealthmanagement.com\/fr-ca\/#organization\",\"name\":\"RBC Gestion de Patrimoine\",\"alternateName\":\"RBC Gestion de Patrimoine\",\"url\":\"https:\/\/www.rbcwealthmanagement.com\/fr-ca\/\",\"logo\":{\"@type\":\"ImageObject\",\"inLanguage\":\"fr-CA\",\"@id\":\"https:\/\/www.rbcwealthmanagement.com\/fr-ca\/#\/schema\/logo\/image\/\",\"url\":\"https:\/\/www.rbcwealthmanagement.com\/fr-ca\/wp-content\/uploads\/sites\/6\/2023\/02\/rbc.png\",\"contentUrl\":\"https:\/\/www.rbcwealthmanagement.com\/fr-ca\/wp-content\/uploads\/sites\/6\/2023\/02\/rbc.png\",\"width\":3000,\"height\":2000,\"caption\":\"RBC Gestion de Patrimoine\"},\"image\":{\"@id\":\"https:\/\/www.rbcwealthmanagement.com\/fr-ca\/#\/schema\/logo\/image\/\"}}]}<\/script>\n<!-- \/ Yoast SEO Premium plugin. -->","yoast_head_json":{"title":"Cybers\u00e9curit\u00e9\u00a0: Cybers\u00e9curit\u00e9\u00a0: Comment RBC vous prot\u00e8ge - RBC Gestion de patrimoine","robots":{"index":"index","follow":"follow","max-snippet":"max-snippet:-1","max-image-preview":"max-image-preview:large","max-video-preview":"max-video-preview:-1"},"canonical":"https:\/\/www.rbcwealthmanagement.com\/fr-ca\/cybersecurity","og_locale":"fr_CA","og_type":"article","og_title":"Cybers\u00e9curit\u00e9\u00a0: Cybers\u00e9curit\u00e9\u00a0: Comment RBC vous prot\u00e8ge","og_url":"https:\/\/www.rbcwealthmanagement.com\/fr-ca\/cybersecurity","og_site_name":"RBC Gestion de patrimoine","article_modified_time":"2025-09-29T15:39:38+00:00","og_image":[{"width":1200,"height":630,"url":"https:\/\/www.rbcwealthmanagement.com\/fr-ca\/wp-content\/uploads\/sites\/6\/2023\/02\/share-logo-1200x630-1.png","type":"image\/png"}],"twitter_card":"summary_large_image","twitter_misc":{"Est. reading time":"3 minutes"},"schema":{"@context":"https:\/\/schema.org","@graph":[{"@type":"WebPage","@id":"https:\/\/www.rbcwealthmanagement.com\/fr-ca\/cybersecurity","url":"https:\/\/www.rbcwealthmanagement.com\/fr-ca\/cybersecurity","name":"Cybers\u00e9curit\u00e9\u00a0: Cybers\u00e9curit\u00e9\u00a0: Comment RBC vous prot\u00e8ge - RBC Gestion de patrimoine","isPartOf":{"@id":"https:\/\/www.rbcwealthmanagement.com\/fr-ca\/#website"},"datePublished":"2025-09-29T15:38:54+00:00","dateModified":"2025-09-29T15:39:38+00:00","breadcrumb":{"@id":"https:\/\/www.rbcwealthmanagement.com\/fr-ca\/cybersecurity#breadcrumb"},"inLanguage":"fr-CA","potentialAction":[{"@type":"ReadAction","target":["https:\/\/www.rbcwealthmanagement.com\/fr-ca\/cybersecurity"]}]},{"@type":"BreadcrumbList","@id":"https:\/\/www.rbcwealthmanagement.com\/fr-ca\/cybersecurity#breadcrumb","itemListElement":[{"@type":"ListItem","position":1,"name":"Home","item":"https:\/\/www.rbcwealthmanagement.com\/fr-ca\/"},{"@type":"ListItem","position":2,"name":"Cybers\u00e9curit\u00e9\u00a0: Cybers\u00e9curit\u00e9\u00a0: Comment RBC vous prot\u00e8ge"}]},{"@type":"WebSite","@id":"https:\/\/www.rbcwealthmanagement.com\/fr-ca\/#website","url":"https:\/\/www.rbcwealthmanagement.com\/fr-ca\/","name":"RBC Gestion de patrimoine","description":"","publisher":{"@id":"https:\/\/www.rbcwealthmanagement.com\/fr-ca\/#organization"},"potentialAction":[{"@type":"SearchAction","target":{"@type":"EntryPoint","urlTemplate":"https:\/\/www.rbcwealthmanagement.com\/fr-ca\/?s={search_term_string}"},"query-input":{"@type":"PropertyValueSpecification","valueRequired":true,"valueName":"search_term_string"}}],"inLanguage":"fr-CA"},{"@type":"Organization","@id":"https:\/\/www.rbcwealthmanagement.com\/fr-ca\/#organization","name":"RBC Gestion de Patrimoine","alternateName":"RBC Gestion de Patrimoine","url":"https:\/\/www.rbcwealthmanagement.com\/fr-ca\/","logo":{"@type":"ImageObject","inLanguage":"fr-CA","@id":"https:\/\/www.rbcwealthmanagement.com\/fr-ca\/#\/schema\/logo\/image\/","url":"https:\/\/www.rbcwealthmanagement.com\/fr-ca\/wp-content\/uploads\/sites\/6\/2023\/02\/rbc.png","contentUrl":"https:\/\/www.rbcwealthmanagement.com\/fr-ca\/wp-content\/uploads\/sites\/6\/2023\/02\/rbc.png","width":3000,"height":2000,"caption":"RBC Gestion de Patrimoine"},"image":{"@id":"https:\/\/www.rbcwealthmanagement.com\/fr-ca\/#\/schema\/logo\/image\/"}}]}},"jetpack_sharing_enabled":true,"publishpress_future_action":{"enabled":false,"date":"2026-04-11 02:13:03","action":"change-status","newStatus":"draft","terms":[],"taxonomy":"rbcwm_content_owner","extraData":[]},"publishpress_future_workflow_manual_trigger":{"enabledWorkflows":[]},"distributor_meta":false,"distributor_terms":false,"distributor_media":false,"distributor_original_site_name":"RBC Gestion de patrimoine","distributor_original_site_url":"https:\/\/www.rbcwealthmanagement.com\/fr-ca","push-errors":false,"last_revision_date":"2025-09-29 11:39:37","_links":{"self":[{"href":"https:\/\/www.rbcwealthmanagement.com\/fr-ca\/wp-json\/wp\/v2\/pages\/26867","targetHints":{"allow":["GET"]}}],"collection":[{"href":"https:\/\/www.rbcwealthmanagement.com\/fr-ca\/wp-json\/wp\/v2\/pages"}],"about":[{"href":"https:\/\/www.rbcwealthmanagement.com\/fr-ca\/wp-json\/wp\/v2\/types\/page"}],"author":[{"embeddable":true,"href":"https:\/\/www.rbcwealthmanagement.com\/fr-ca\/wp-json\/wp\/v2\/users\/26"}],"replies":[{"embeddable":true,"href":"https:\/\/www.rbcwealthmanagement.com\/fr-ca\/wp-json\/wp\/v2\/comments?post=26867"}],"version-history":[{"count":3,"href":"https:\/\/www.rbcwealthmanagement.com\/fr-ca\/wp-json\/wp\/v2\/pages\/26867\/revisions"}],"predecessor-version":[{"id":27015,"href":"https:\/\/www.rbcwealthmanagement.com\/fr-ca\/wp-json\/wp\/v2\/pages\/26867\/revisions\/27015"}],"wp:attachment":[{"href":"https:\/\/www.rbcwealthmanagement.com\/fr-ca\/wp-json\/wp\/v2\/media?parent=26867"}],"wp:term":[{"taxonomy":"rbcwm_content_owner","embeddable":true,"href":"https:\/\/www.rbcwealthmanagement.com\/fr-ca\/wp-json\/wp\/v2\/rbcwm_content_owner?post=26867"}],"curies":[{"name":"wp","href":"https:\/\/api.w.org\/{rel}","templated":true}]}}