{"id":26870,"date":"2025-09-29T12:57:40","date_gmt":"2025-09-29T16:57:40","guid":{"rendered":"https:\/\/www.rbcwealthmanagement.com\/fr-ca\/?page_id=26870"},"modified":"2025-09-29T12:58:19","modified_gmt":"2025-09-29T16:58:19","slug":"cybersecurity-how-to-protect-yourself-online","status":"publish","type":"page","link":"https:\/\/www.rbcwealthmanagement.com\/fr-ca\/cybersecurity\/how-to-protect-yourself-online","title":{"rendered":"Cybers\u00e9curit\u00e9\u00a0: Protection en ligne"},"content":{"rendered":"\n<div class=\"wp-block-rbcwm-hero-block rbc-hero-wm  rbc-hero-overlap rbc-hero-overlap-mobile rbc-hero-j3k7r6ccn hide-mobile-energy-lines\"><style>\n\t\t.rbc-hero-j3k7r6ccn.is-style-rbc-hero-gradient::before {\n\t\t\tbackground: linear-gradient(90deg, #023169 20%, rgba(94, 120, 131, 0) 60%);\n\t\t}\n\n\t\t.rbc-hero-j3k7r6ccn.is-style-rbc-hero-gradient.rbc-hero-has-image-bleed::before {\n\t\t\tbackground: linear-gradient(90deg, #023169 20%, rgba(94, 120, 131, 0) 60%);\n\t\t}\n\n\t\t.rbc-hero-j3k7r6ccn.is-style-rbc-hero-gradient.rbc-hero-has-image-bottom::before {\n\t\t\tbackground: linear-gradient(180deg, #023169 20%, rgba(94, 120, 131, 0) 60%);\n\t\t}\n\n\t\t.rbc-hero-j3k7r6ccn .rbc-hero-energy-lines.rbc-hero-energy-lines-left {\n\t\t\ttransform: scaleX(-1);\n\t\t}\n\n\t\t@media (max-width: 991px) {\n\t\t\t.rbc-hero-j3k7r6ccn.is-style-rbc-hero-gradient::before,\n\t\t\t.rbc-hero-j3k7r6ccn.is-style-rbc-hero-gradient.rbc-hero-has-image-bottom::before,\n\t\t\t.rbc-hero-j3k7r6ccn.is-style-rbc-hero-gradient.rbc-hero-has-image-bleed::before {\n\t\t\t\tbackground: none;\n\t\t\t}\n\n\t\t\t.rbc-hero-j3k7r6ccn.rbc-hero-has-image-full.hide-mobile-energy-lines .rbc-hero-energy-lines {\n\t\t\t\tdisplay: none;\n\t\t\t}\n\n\t\t\t.wp-block-rbcwm-hero-block.rbc-hero-j3k7r6ccn.is-style-rbc-hero-gradient .rbc-hero-img-wrap::after {\n\t\t\t\tbackground: linear-gradient( 0deg, #023169 0%, rgba(94, 120, 131, 0) 25% );\n\t\t\t}\n\t\t\t\n\t\t\t.wp-block-rbcwm-hero-block.rbc-hero-j3k7r6ccn.is-style-rbc-hero-gradient.rbc-hero-has-image-bottom .rbc-hero-img-wrap::before,\n            .wp-block-rbcwm-hero-block.rbc-hero-j3k7r6ccn.is-style-rbc-hero-gradient.rbc-hero-has-image-bottom .container .rbc-hero-img-wrap::before {\n\t\t\t\tbackground: linear-gradient( 180deg, #023169 0%, rgba( 94, 120, 131, 0 ) 25% );\n\t\t\t}\n\t\t\t\n\t\t\t.wp-block-rbcwm-hero-block.rbc-hero-j3k7r6ccn.is-style-rbc-hero-gradient .rbc-hero-card {\n\t\t\t\tbackground: #023169;\n\t\t\t}\n\t\t}\n\t<\/style><div class=\"container\"><div class=\"row no-gutters\"><div class=\"col-lg-12 rbc-hero-card-content\"><div class=\"rbc-card rbc-hero-card rbc-hero has-content\"><div class=\"rbc-card-wrap\"><div class=\"rbc-card-body\"><div class=\"rbc-hero-body-content\"><h1 class=\"rbc-hero-title\"><span>Cybers\u00e9curit\u00e9\u00a0: Protection en ligne<\/span><\/h1><\/div><\/div><\/div><\/div><\/div><div class=\"rbc-hero-img-wrap col-lg-5 order-2 order-lg-1\"><\/div><\/div><\/div><\/div>\n\n\n\n<section class=\"wp-block-rbcwm-rbc-block rbc-block rbc-block-grey has-block-grey-background-color has-background\"><div class=\"container\"><div class=\"row justify-content-center\"><div class=\"col-lg-12\">\n<div class=\"wp-block-rbcwm-columns container\"><div class=\"row justify-content-between wrap blockId-12587689-1e80-445f-9b05-c32f35dd6d6e\">\n<div class=\"wp-block-rbcwm-column col-lg-4 mt-3 mt-lg-0 order-2 order-lg-0\">\t\t<nav class=\"rbc-sidebar\">\n\t\t\t<ul class=\"menu\">\n\t\t\t\t\t\t\t\t\t<li class=\"menu-item  \"><a href=\"https:\/\/www.rbcwealthmanagement.com\/fr-ca\/cybersecurity\">Cybers\u00e9curit\u00e9\u00a0: Comment RBC vous prot\u00e8ge<\/a>\n\t\t\t\t\t\t\t\t\t\t\t<\/li>\n\t\t\t\t\t\t\t\t\t\t<li class=\"menu-item  active\"><a href=\"https:\/\/www.rbcwealthmanagement.com\/fr-ca\/cybersecurity\/how-to-protect-yourself-online\">Protection en ligne<\/a>\n\t\t\t\t\t\t\t\t\t\t\t<\/li>\n\t\t\t\t\t\t\t\t\t\t<li class=\"menu-item  \"><a href=\"https:\/\/www.rbcwealthmanagement.com\/fr-ca\/cybersecurity\/how-criminals-make-contact\">Comment les cybercriminels prennent contact<\/a>\n\t\t\t\t\t\t\t\t\t\t\t\t\t\t<ul class=\"sub-menu\">\n\t\t\t\t\t\t\t\t\t\t\t\t\t\t\t\t\t\t\t<li class=\"sub-menu-item \"><a href=\"https:\/\/www.rbcwealthmanagement.com\/fr-ca\/cybersecurity\/email-scams\">Escroquerie par courriel<\/a><\/li>\n\t\t\t\t\t\t\t\t\t\t\t\t\t\t\t\t\t\t\t\t<li class=\"sub-menu-item \"><a href=\"https:\/\/www.rbcwealthmanagement.com\/fr-ca\/cybersecurity\/phone-and-messaging-scams\">Escroqueries par t\u00e9l\u00e9phone et par messagerie texte<\/a><\/li>\n\t\t\t\t\t\t\t\t\t\t\t\t\t\t\t\t\t\t\t\t<li class=\"sub-menu-item \"><a href=\"https:\/\/www.rbcwealthmanagement.com\/fr-ca\/cybersecurity\/social-media-scams\">Escroqueries sur les m\u00e9dias sociaux<\/a><\/li>\n\t\t\t\t\t\t\t\t\t\t\t\t\t\t\t\t\t\t\t\t<li class=\"sub-menu-item \"><a href=\"https:\/\/www.rbcwealthmanagement.com\/fr-ca\/cybersecurity\/online-dating-scams\">Escroqueries amoureuses en ligne<\/a><\/li>\n\t\t\t\t\t\t\t\t\t\t\t\t\t\t\t\t\t\t\t\t<li class=\"sub-menu-item \"><a href=\"https:\/\/www.rbcwealthmanagement.com\/fr-ca\/cybersecurity\/tax-scams\">Escroqueries fiscales<\/a><\/li>\n\t\t\t\t\t\t\t\t\t\t\t\t\t\t\t\t\t\t<\/ul>\n\t\t\t\t\t\t\t\t\t\t\t\t<\/li>\n\t\t\t\t\t\t\t\t<\/ul>\n\t\t<\/nav>\n\t\t<\/div>\n\n\n\n<div class=\"wp-block-rbcwm-column col-lg-7\">\n<h3 class=\"wp-block-heading\" id=\"h-protection-en-ligne\">Protection en ligne<\/h3>\n\n\n\n<h4 class=\"wp-block-heading\" id=\"h-apprenez-a-vous-defendre-contre-les-cybercriminels\">Apprenez \u00e0 vous d\u00e9fendre contre les cybercriminels<\/h4>\n\n\n\n<p>Pour vous prot\u00e9ger contre les cybercriminels, il est essentiel que vous assuriez votre s\u00e9curit\u00e9 en ligne. Comme RBC s\u2019engage \u00e0 assurer la s\u00e9curit\u00e9 de vos renseignements financiers, vous pouvez prendre des mesures simples pour vous prot\u00e9ger de fa\u00e7on proactive. Utilisez les liens du sous-menu pour en savoir plus sur les mesures que vous pouvez prendre&nbsp;:<\/p>\n\n\n\n<ul class=\"wp-block-list\">\n<li>Prot\u00e9ger vos renseignements en ligne<\/li>\n\n\n\n<li>Cr\u00e9er des mots de passe forts et prot\u00e9ger vos courriels<\/li>\n\n\n\n<li>\u00c9viter les r\u00e9seaux Wi-Fi publics<\/li>\n\n\n\n<li>Prot\u00e9ger vos appareils mobiles<\/li>\n\n\n\n<li>Faire preuve de vigilance lors d\u2019achats en ligne<\/li>\n\n\n\n<li>Vous prot\u00e9ger sur les m\u00e9dias sociaux <\/li>\n<\/ul>\n<\/div>\n<\/div><\/div>\n<\/div><\/div><\/div><\/section>\n\n\n\n<section class=\"wp-block-rbcwm-rbc-block rbc-block rbc-block-flush-top rbc-block-grey has-block-grey-background-color has-background\" data-location_id=\"Our businesses - Article text cards\"><div class=\"container\"><div class=\"row \"><div class=\"col-lg-12\">\n<header class=\"wp-block-rbcwm-block-header row rbc-block-header\"><div class=\"col-lg-12\">\n<div class=\"row\">\n\n<h2 class=\"wp-block-heading rbc-block-header-title col-lg-12\" id=\"h-ressources-connexes\">Ressources connexes<\/h2>\n\n<\/div>\n<\/div><\/header>\n\n\n\n<div class=\"row blockId-8f1e2d31-6c19-4937-a048-c08b6c85e9f5\">\n<div class=\"wp-block-rbcwm-column col-lg-12\">\n<div class=\"wp-block-rbcwm-media-card-columns wrap\"><div class=\"row\">\n<div class=\"wp-block-rbcwm-media-card rbc-card-col-my rbc-media-card-col col-lg-4 col-md-6 col-12\" data-attr-open-new-tab=\"true\"><div class=\"rbc-card rbc-media-card rbc-card-hover rbc-media-card-stacked-vertical \" data-observe=\"{&quot;add&quot;:&quot;ani-card-up&quot;,&quot;remove&quot;:&quot;ani-card-up-from&quot;}\"><div class=\"rbc-card-wrap\"><div class=\"rbc-card-body \"><div aria-label=\"an image of https:\/\/www.rbcwealthmanagement.com\/en-ca\/wp-content\/uploads\/sites\/5\/2023\/02\/iphone-with-cyber-security-login-screen-and-laptop-in-background-1.jpg\" role=\"img\" class=\"rbc-media-card-image\" style=\"background-image:url(https:\/\/www.rbcwealthmanagement.com\/en-ca\/wp-content\/uploads\/sites\/5\/2023\/02\/iphone-with-cyber-security-login-screen-and-laptop-in-background-1.jpg)\"><\/div><h3 class=\"rbc-media-card-title rbc-media-card-title-wrap h4\"><a href=\"https:\/\/www.rbcroyalbank.com\/fr-ca\/mes-finances-dabord\/academie-financiere\/cybersecurite\/comprendre-la-cybersecurite\/cybersecurite-notions-essentielles-3\/\" class=\"rbc-media-card-title-link link-chev rbc-card-link-full\"><span>Vid\u00e9o &#8211; Cybers\u00e9curit\u00e9 : notions essentielles<\/span><div id=\"rbc93\" class=\"rbc-icon\"><i id=\"rbc93Icon\" aria-hidden=\"true\" role-img-alt=\"img\" class=\"rbc-icon-img fal fa-angle-right\"><\/i><\/div><\/a><\/h3><p class=\"\">Conseils pour rester vigilant et en s\u00e9curit\u00e9 lorsque vous communiquez en ligne.<\/p><\/div><\/div><\/div><\/div>\n\n\n\n<div class=\"wp-block-rbcwm-media-card rbc-card-col-my rbc-media-card-col col-lg-4 col-md-6 col-12\" data-attr-open-new-tab=\"true\"><div class=\"rbc-card rbc-media-card rbc-card-hover rbc-media-card-stacked-vertical \" data-observe=\"{&quot;add&quot;:&quot;ani-card-up&quot;,&quot;remove&quot;:&quot;ani-card-up-from&quot;}\"><div class=\"rbc-card-wrap\"><div class=\"rbc-card-body \"><div aria-label=\"an image of https:\/\/www.rbcwealthmanagement.com\/en-ca\/wp-content\/uploads\/sites\/5\/2020\/10\/woman-looking-at-security-screen-on-laptop.jpg\" role=\"img\" class=\"rbc-media-card-image\" style=\"background-image:url(https:\/\/www.rbcwealthmanagement.com\/en-ca\/wp-content\/uploads\/sites\/5\/2020\/10\/woman-looking-at-security-screen-on-laptop.jpg)\"><\/div><h3 class=\"rbc-media-card-title rbc-media-card-title-wrap h4\"><a href=\"https:\/\/www.rbcroyalbank.com\/fr-ca\/mes-finances-dabord\/academie-financiere\/cybersecurite\/comprendre-la-cybersecurite\/quatre-etapes-pour-proteger-les-aines-contre-la-cybercriminalite\/?_gl=1%2A1k2jorb%2A_gcl_au%2AMTk5MDYxNjg1NC4xNzUzMTA2MjYy%2A_ga%2AMTAxNTA2Nzc4OC4xNzIxODMwNTQx%2A_ga_B090R41779%2AczE3NTgwNTM5MjMkbzEwNTYkZzEkdDE3NTgwNTQ1NjYkajYwJGwwJGgw\" class=\"rbc-media-card-title-link link-chev rbc-card-link-full\"><span>Vid\u00e9o &#8211; Quatre \u00e9tapes pour prot\u00e9ger les a\u00een\u00e9s contre la cybercriminalit\u00e9<\/span><div id=\"rbc93\" class=\"rbc-icon\"><i id=\"rbc93Icon\" aria-hidden=\"true\" role-img-alt=\"img\" class=\"rbc-icon-img fal fa-angle-right\"><\/i><\/div><\/a><\/h3><p class=\"\">Conseils pour rester vigilant et en s\u00e9curit\u00e9 lorsque vous communiquez en ligne.<\/p><\/div><\/div><\/div><\/div>\n\n\n\n<div class=\"wp-block-rbcwm-media-card rbc-card-col-my rbc-media-card-col col-lg-4 col-md-6 col-12\" data-attr-open-new-tab=\"true\"><div class=\"rbc-card rbc-media-card rbc-card-hover rbc-media-card-stacked-vertical \" data-observe=\"{&quot;add&quot;:&quot;ani-card-up&quot;,&quot;remove&quot;:&quot;ani-card-up-from&quot;}\"><div class=\"rbc-card-wrap\"><div class=\"rbc-card-body \"><div aria-label=\"an image of https:\/\/www.rbcwealthmanagement.com\/en-ca\/wp-content\/uploads\/sites\/5\/2025\/08\/cyber-security-smb.png\" role=\"img\" class=\"rbc-media-card-image\" style=\"background-image:url(https:\/\/www.rbcwealthmanagement.com\/en-ca\/wp-content\/uploads\/sites\/5\/2025\/08\/cyber-security-smb.png)\"><\/div><h3 class=\"rbc-media-card-title rbc-media-card-title-wrap h4\"><a href=\"https:\/\/www.rbcroyalbank.com\/fr-ca\/mes-finances-dabord\/academie-financiere\/cybersecurite\/comprendre-la-cybersecurite\/les-cyber-arnaques-et-la-technologie-ce-que-les-petites-et-moyennes-entreprises-doivent-savoir\/?_gl=1%2A57xh3s%2A_gcl_au%2AMTk5MDYxNjg1NC4xNzUzMTA2MjYy%2A_ga%2AMTAxNTA2Nzc4OC4xNzIxODMwNTQx%2A_ga_B090R41779%2AczE3NTgwNTM5MjMkbzEwNTYkZzEkdDE3NTgwNTQ2NjEkajQ0JGwwJGgw\" class=\"rbc-media-card-title-link link-chev rbc-card-link-full\"><span>Les cyber-arnaques et la technologie<\/span><div id=\"rbc93\" class=\"rbc-icon\"><i id=\"rbc93Icon\" aria-hidden=\"true\" role-img-alt=\"img\" class=\"rbc-icon-img fal fa-angle-right\"><\/i><\/div><\/a><\/h3><p class=\"\">Ce \u00e0 quoi les petites et moyennes entreprises devraient faire attention.<\/p><\/div><\/div><\/div><\/div>\n<\/div><\/div>\n<\/div>\n<\/div>\n<\/div><\/div><\/div><\/section>\n","protected":false},"excerpt":{"rendered":"","protected":false},"author":35,"featured_media":0,"parent":0,"menu_order":0,"comment_status":"closed","ping_status":"closed","template":"","meta":{"_acf_changed":false,"editor_notices":[],"rbc_url_alias":"cybersecurity\/how-to-protect-yourself-online","footnotes":""},"rbcwm_content_owner":[],"class_list":["post-26870","page","type-page","status-publish","hentry"],"acf":[],"yoast_head":"<!-- This site is optimized with the Yoast SEO Premium plugin v24.8 (Yoast SEO v26.8) - https:\/\/yoast.com\/product\/yoast-seo-premium-wordpress\/ -->\n<title>Cybers\u00e9curit\u00e9\u00a0: Protection en ligne - RBC Gestion de patrimoine<\/title>\n<meta name=\"robots\" content=\"index, follow, max-snippet:-1, max-image-preview:large, max-video-preview:-1\" \/>\n<link rel=\"canonical\" href=\"https:\/\/www.rbcwealthmanagement.com\/fr-ca\/cybersecurity\/how-to-protect-yourself-online\" \/>\n<meta property=\"og:locale\" content=\"fr_CA\" \/>\n<meta property=\"og:type\" content=\"article\" \/>\n<meta property=\"og:title\" content=\"Cybers\u00e9curit\u00e9\u00a0: Protection en ligne\" \/>\n<meta property=\"og:url\" content=\"https:\/\/www.rbcwealthmanagement.com\/fr-ca\/cybersecurity\/how-to-protect-yourself-online\" \/>\n<meta property=\"og:site_name\" content=\"RBC Gestion de patrimoine\" \/>\n<meta property=\"article:modified_time\" content=\"2025-09-29T16:58:19+00:00\" \/>\n<meta property=\"og:image\" content=\"https:\/\/www.rbcwealthmanagement.com\/fr-ca\/wp-content\/uploads\/sites\/6\/2023\/02\/share-logo-1200x630-1.png\" \/>\n\t<meta property=\"og:image:width\" content=\"1200\" \/>\n\t<meta property=\"og:image:height\" content=\"630\" \/>\n\t<meta property=\"og:image:type\" content=\"image\/png\" \/>\n<meta name=\"twitter:card\" content=\"summary_large_image\" \/>\n<meta name=\"twitter:label1\" content=\"Est. reading time\" \/>\n\t<meta name=\"twitter:data1\" content=\"1 minute\" \/>\n<script type=\"application\/ld+json\" class=\"yoast-schema-graph\">{\"@context\":\"https:\/\/schema.org\",\"@graph\":[{\"@type\":\"WebPage\",\"@id\":\"https:\/\/www.rbcwealthmanagement.com\/fr-ca\/cybersecurity\/how-to-protect-yourself-online\",\"url\":\"https:\/\/www.rbcwealthmanagement.com\/fr-ca\/cybersecurity\/how-to-protect-yourself-online\",\"name\":\"Cybers\u00e9curit\u00e9\u00a0: Protection en ligne - RBC Gestion de patrimoine\",\"isPartOf\":{\"@id\":\"https:\/\/www.rbcwealthmanagement.com\/fr-ca\/#website\"},\"datePublished\":\"2025-09-29T16:57:40+00:00\",\"dateModified\":\"2025-09-29T16:58:19+00:00\",\"breadcrumb\":{\"@id\":\"https:\/\/www.rbcwealthmanagement.com\/fr-ca\/cybersecurity\/how-to-protect-yourself-online#breadcrumb\"},\"inLanguage\":\"fr-CA\",\"potentialAction\":[{\"@type\":\"ReadAction\",\"target\":[\"https:\/\/www.rbcwealthmanagement.com\/fr-ca\/cybersecurity\/how-to-protect-yourself-online\"]}]},{\"@type\":\"BreadcrumbList\",\"@id\":\"https:\/\/www.rbcwealthmanagement.com\/fr-ca\/cybersecurity\/how-to-protect-yourself-online#breadcrumb\",\"itemListElement\":[{\"@type\":\"ListItem\",\"position\":1,\"name\":\"Home\",\"item\":\"https:\/\/www.rbcwealthmanagement.com\/fr-ca\/\"},{\"@type\":\"ListItem\",\"position\":2,\"name\":\"Cybers\u00e9curit\u00e9\u00a0: Protection en ligne\"}]},{\"@type\":\"WebSite\",\"@id\":\"https:\/\/www.rbcwealthmanagement.com\/fr-ca\/#website\",\"url\":\"https:\/\/www.rbcwealthmanagement.com\/fr-ca\/\",\"name\":\"RBC Gestion de patrimoine\",\"description\":\"\",\"publisher\":{\"@id\":\"https:\/\/www.rbcwealthmanagement.com\/fr-ca\/#organization\"},\"potentialAction\":[{\"@type\":\"SearchAction\",\"target\":{\"@type\":\"EntryPoint\",\"urlTemplate\":\"https:\/\/www.rbcwealthmanagement.com\/fr-ca\/?s={search_term_string}\"},\"query-input\":{\"@type\":\"PropertyValueSpecification\",\"valueRequired\":true,\"valueName\":\"search_term_string\"}}],\"inLanguage\":\"fr-CA\"},{\"@type\":\"Organization\",\"@id\":\"https:\/\/www.rbcwealthmanagement.com\/fr-ca\/#organization\",\"name\":\"RBC Gestion de Patrimoine\",\"alternateName\":\"RBC Gestion de Patrimoine\",\"url\":\"https:\/\/www.rbcwealthmanagement.com\/fr-ca\/\",\"logo\":{\"@type\":\"ImageObject\",\"inLanguage\":\"fr-CA\",\"@id\":\"https:\/\/www.rbcwealthmanagement.com\/fr-ca\/#\/schema\/logo\/image\/\",\"url\":\"https:\/\/www.rbcwealthmanagement.com\/fr-ca\/wp-content\/uploads\/sites\/6\/2023\/02\/rbc.png\",\"contentUrl\":\"https:\/\/www.rbcwealthmanagement.com\/fr-ca\/wp-content\/uploads\/sites\/6\/2023\/02\/rbc.png\",\"width\":3000,\"height\":2000,\"caption\":\"RBC Gestion de Patrimoine\"},\"image\":{\"@id\":\"https:\/\/www.rbcwealthmanagement.com\/fr-ca\/#\/schema\/logo\/image\/\"}}]}<\/script>\n<!-- \/ Yoast SEO Premium plugin. -->","yoast_head_json":{"title":"Cybers\u00e9curit\u00e9\u00a0: Protection en ligne - RBC Gestion de patrimoine","robots":{"index":"index","follow":"follow","max-snippet":"max-snippet:-1","max-image-preview":"max-image-preview:large","max-video-preview":"max-video-preview:-1"},"canonical":"https:\/\/www.rbcwealthmanagement.com\/fr-ca\/cybersecurity\/how-to-protect-yourself-online","og_locale":"fr_CA","og_type":"article","og_title":"Cybers\u00e9curit\u00e9\u00a0: Protection en ligne","og_url":"https:\/\/www.rbcwealthmanagement.com\/fr-ca\/cybersecurity\/how-to-protect-yourself-online","og_site_name":"RBC Gestion de patrimoine","article_modified_time":"2025-09-29T16:58:19+00:00","og_image":[{"width":1200,"height":630,"url":"https:\/\/www.rbcwealthmanagement.com\/fr-ca\/wp-content\/uploads\/sites\/6\/2023\/02\/share-logo-1200x630-1.png","type":"image\/png"}],"twitter_card":"summary_large_image","twitter_misc":{"Est. reading time":"1 minute"},"schema":{"@context":"https:\/\/schema.org","@graph":[{"@type":"WebPage","@id":"https:\/\/www.rbcwealthmanagement.com\/fr-ca\/cybersecurity\/how-to-protect-yourself-online","url":"https:\/\/www.rbcwealthmanagement.com\/fr-ca\/cybersecurity\/how-to-protect-yourself-online","name":"Cybers\u00e9curit\u00e9\u00a0: Protection en ligne - RBC Gestion de patrimoine","isPartOf":{"@id":"https:\/\/www.rbcwealthmanagement.com\/fr-ca\/#website"},"datePublished":"2025-09-29T16:57:40+00:00","dateModified":"2025-09-29T16:58:19+00:00","breadcrumb":{"@id":"https:\/\/www.rbcwealthmanagement.com\/fr-ca\/cybersecurity\/how-to-protect-yourself-online#breadcrumb"},"inLanguage":"fr-CA","potentialAction":[{"@type":"ReadAction","target":["https:\/\/www.rbcwealthmanagement.com\/fr-ca\/cybersecurity\/how-to-protect-yourself-online"]}]},{"@type":"BreadcrumbList","@id":"https:\/\/www.rbcwealthmanagement.com\/fr-ca\/cybersecurity\/how-to-protect-yourself-online#breadcrumb","itemListElement":[{"@type":"ListItem","position":1,"name":"Home","item":"https:\/\/www.rbcwealthmanagement.com\/fr-ca\/"},{"@type":"ListItem","position":2,"name":"Cybers\u00e9curit\u00e9\u00a0: Protection en ligne"}]},{"@type":"WebSite","@id":"https:\/\/www.rbcwealthmanagement.com\/fr-ca\/#website","url":"https:\/\/www.rbcwealthmanagement.com\/fr-ca\/","name":"RBC Gestion de patrimoine","description":"","publisher":{"@id":"https:\/\/www.rbcwealthmanagement.com\/fr-ca\/#organization"},"potentialAction":[{"@type":"SearchAction","target":{"@type":"EntryPoint","urlTemplate":"https:\/\/www.rbcwealthmanagement.com\/fr-ca\/?s={search_term_string}"},"query-input":{"@type":"PropertyValueSpecification","valueRequired":true,"valueName":"search_term_string"}}],"inLanguage":"fr-CA"},{"@type":"Organization","@id":"https:\/\/www.rbcwealthmanagement.com\/fr-ca\/#organization","name":"RBC Gestion de Patrimoine","alternateName":"RBC Gestion de Patrimoine","url":"https:\/\/www.rbcwealthmanagement.com\/fr-ca\/","logo":{"@type":"ImageObject","inLanguage":"fr-CA","@id":"https:\/\/www.rbcwealthmanagement.com\/fr-ca\/#\/schema\/logo\/image\/","url":"https:\/\/www.rbcwealthmanagement.com\/fr-ca\/wp-content\/uploads\/sites\/6\/2023\/02\/rbc.png","contentUrl":"https:\/\/www.rbcwealthmanagement.com\/fr-ca\/wp-content\/uploads\/sites\/6\/2023\/02\/rbc.png","width":3000,"height":2000,"caption":"RBC Gestion de Patrimoine"},"image":{"@id":"https:\/\/www.rbcwealthmanagement.com\/fr-ca\/#\/schema\/logo\/image\/"}}]}},"jetpack_sharing_enabled":true,"publishpress_future_action":{"enabled":false,"date":"2026-04-21 18:06:36","action":"change-status","newStatus":"draft","terms":[],"taxonomy":"rbcwm_content_owner","extraData":[]},"publishpress_future_workflow_manual_trigger":{"enabledWorkflows":[]},"distributor_meta":false,"distributor_terms":false,"distributor_media":false,"distributor_original_site_name":"RBC Gestion de patrimoine","distributor_original_site_url":"https:\/\/www.rbcwealthmanagement.com\/fr-ca","push-errors":false,"last_revision_date":"2025-09-29 12:58:18","_links":{"self":[{"href":"https:\/\/www.rbcwealthmanagement.com\/fr-ca\/wp-json\/wp\/v2\/pages\/26870","targetHints":{"allow":["GET"]}}],"collection":[{"href":"https:\/\/www.rbcwealthmanagement.com\/fr-ca\/wp-json\/wp\/v2\/pages"}],"about":[{"href":"https:\/\/www.rbcwealthmanagement.com\/fr-ca\/wp-json\/wp\/v2\/types\/page"}],"author":[{"embeddable":true,"href":"https:\/\/www.rbcwealthmanagement.com\/fr-ca\/wp-json\/wp\/v2\/users\/35"}],"replies":[{"embeddable":true,"href":"https:\/\/www.rbcwealthmanagement.com\/fr-ca\/wp-json\/wp\/v2\/comments?post=26870"}],"version-history":[{"count":8,"href":"https:\/\/www.rbcwealthmanagement.com\/fr-ca\/wp-json\/wp\/v2\/pages\/26870\/revisions"}],"predecessor-version":[{"id":27018,"href":"https:\/\/www.rbcwealthmanagement.com\/fr-ca\/wp-json\/wp\/v2\/pages\/26870\/revisions\/27018"}],"wp:attachment":[{"href":"https:\/\/www.rbcwealthmanagement.com\/fr-ca\/wp-json\/wp\/v2\/media?parent=26870"}],"wp:term":[{"taxonomy":"rbcwm_content_owner","embeddable":true,"href":"https:\/\/www.rbcwealthmanagement.com\/fr-ca\/wp-json\/wp\/v2\/rbcwm_content_owner?post=26870"}],"curies":[{"name":"wp","href":"https:\/\/api.w.org\/{rel}","templated":true}]}}