{"id":26877,"date":"2025-09-29T13:15:01","date_gmt":"2025-09-29T17:15:01","guid":{"rendered":"https:\/\/www.rbcwealthmanagement.com\/fr-ca\/?page_id=26877"},"modified":"2025-09-29T13:15:02","modified_gmt":"2025-09-29T17:15:02","slug":"cybersecurity-secure-your-information","status":"publish","type":"page","link":"https:\/\/www.rbcwealthmanagement.com\/fr-ca\/cybersecurity\/secure-your-information","title":{"rendered":"Cybers\u00e9curit\u00e9\u00a0: Protection des renseignements"},"content":{"rendered":"\n<div class=\"wp-block-rbcwm-hero-block rbc-hero-wm  rbc-hero-overlap rbc-hero-overlap-mobile rbc-hero-cy15lfzwv hide-mobile-energy-lines\"><style>\n\t\t.rbc-hero-cy15lfzwv.is-style-rbc-hero-gradient::before {\n\t\t\tbackground: linear-gradient(90deg, #023169 20%, rgba(94, 120, 131, 0) 60%);\n\t\t}\n\n\t\t.rbc-hero-cy15lfzwv.is-style-rbc-hero-gradient.rbc-hero-has-image-bleed::before {\n\t\t\tbackground: linear-gradient(90deg, #023169 20%, rgba(94, 120, 131, 0) 60%);\n\t\t}\n\n\t\t.rbc-hero-cy15lfzwv.is-style-rbc-hero-gradient.rbc-hero-has-image-bottom::before {\n\t\t\tbackground: linear-gradient(180deg, #023169 20%, rgba(94, 120, 131, 0) 60%);\n\t\t}\n\n\t\t.rbc-hero-cy15lfzwv .rbc-hero-energy-lines.rbc-hero-energy-lines-left {\n\t\t\ttransform: scaleX(-1);\n\t\t}\n\n\t\t@media (max-width: 991px) {\n\t\t\t.rbc-hero-cy15lfzwv.is-style-rbc-hero-gradient::before,\n\t\t\t.rbc-hero-cy15lfzwv.is-style-rbc-hero-gradient.rbc-hero-has-image-bottom::before,\n\t\t\t.rbc-hero-cy15lfzwv.is-style-rbc-hero-gradient.rbc-hero-has-image-bleed::before {\n\t\t\t\tbackground: none;\n\t\t\t}\n\n\t\t\t.rbc-hero-cy15lfzwv.rbc-hero-has-image-full.hide-mobile-energy-lines .rbc-hero-energy-lines {\n\t\t\t\tdisplay: none;\n\t\t\t}\n\n\t\t\t.wp-block-rbcwm-hero-block.rbc-hero-cy15lfzwv.is-style-rbc-hero-gradient .rbc-hero-img-wrap::after {\n\t\t\t\tbackground: linear-gradient( 0deg, #023169 0%, rgba(94, 120, 131, 0) 25% );\n\t\t\t}\n\t\t\t\n\t\t\t.wp-block-rbcwm-hero-block.rbc-hero-cy15lfzwv.is-style-rbc-hero-gradient.rbc-hero-has-image-bottom .rbc-hero-img-wrap::before,\n            .wp-block-rbcwm-hero-block.rbc-hero-cy15lfzwv.is-style-rbc-hero-gradient.rbc-hero-has-image-bottom .container .rbc-hero-img-wrap::before {\n\t\t\t\tbackground: linear-gradient( 180deg, #023169 0%, rgba( 94, 120, 131, 0 ) 25% );\n\t\t\t}\n\t\t\t\n\t\t\t.wp-block-rbcwm-hero-block.rbc-hero-cy15lfzwv.is-style-rbc-hero-gradient .rbc-hero-card {\n\t\t\t\tbackground: #023169;\n\t\t\t}\n\t\t}\n\t<\/style><div class=\"container\"><div class=\"row no-gutters\"><div class=\"col-lg-12 rbc-hero-card-content\"><div class=\"rbc-card rbc-hero-card rbc-hero has-content\"><div class=\"rbc-card-wrap\"><div class=\"rbc-card-body\"><div class=\"rbc-hero-body-content\"><h1 class=\"rbc-hero-title\"><span>Cybers\u00e9curit\u00e9\u00a0: Protection des renseignements<\/span><\/h1><\/div><\/div><\/div><\/div><\/div><div class=\"rbc-hero-img-wrap col-lg-5 order-2 order-lg-1\"><\/div><\/div><\/div><\/div>\n\n\n\n<section class=\"wp-block-rbcwm-rbc-block rbc-block rbc-block-grey has-block-grey-background-color has-background\"><div class=\"container\"><div class=\"row justify-content-center\"><div class=\"col-lg-12\">\n<div class=\"wp-block-rbcwm-columns container\"><div class=\"row justify-content-between wrap blockId-072f3a07-187b-4e66-8146-53a48f0b445d\">\n<div class=\"wp-block-rbcwm-column col-lg-4 mt-3 mt-lg-0 order-2 order-lg-0\">\t\t<nav class=\"rbc-sidebar\">\n\t\t\t<ul class=\"menu\">\n\t\t\t\t\t\t\t\t\t<li class=\"menu-item  \"><a href=\"https:\/\/www.rbcwealthmanagement.com\/fr-ca\/cybersecurity\">Cybers\u00e9curit\u00e9\u00a0: Comment RBC vous prot\u00e8ge<\/a>\n\t\t\t\t\t\t\t\t\t\t\t<\/li>\n\t\t\t\t\t\t\t\t\t\t<li class=\"menu-item  \"><a href=\"https:\/\/www.rbcwealthmanagement.com\/fr-ca\/cybersecurity\/how-to-protect-yourself-online\">Protection en ligne<\/a>\n\t\t\t\t\t\t\t\t\t\t\t<\/li>\n\t\t\t\t\t\t\t\t\t\t<li class=\"menu-item  \"><a href=\"https:\/\/www.rbcwealthmanagement.com\/fr-ca\/cybersecurity\/how-criminals-make-contact\">Comment les cybercriminels prennent contact<\/a>\n\t\t\t\t\t\t\t\t\t\t\t\t\t\t<ul class=\"sub-menu\">\n\t\t\t\t\t\t\t\t\t\t\t\t\t\t\t\t\t\t\t<li class=\"sub-menu-item \"><a href=\"https:\/\/www.rbcwealthmanagement.com\/fr-ca\/cybersecurity\/email-scams\">Escroquerie par courriel<\/a><\/li>\n\t\t\t\t\t\t\t\t\t\t\t\t\t\t\t\t\t\t\t\t<li class=\"sub-menu-item \"><a href=\"https:\/\/www.rbcwealthmanagement.com\/fr-ca\/cybersecurity\/phone-and-messaging-scams\">Escroqueries par t\u00e9l\u00e9phone et par messagerie texte<\/a><\/li>\n\t\t\t\t\t\t\t\t\t\t\t\t\t\t\t\t\t\t\t\t<li class=\"sub-menu-item \"><a href=\"https:\/\/www.rbcwealthmanagement.com\/fr-ca\/cybersecurity\/social-media-scams\">Escroqueries sur les m\u00e9dias sociaux<\/a><\/li>\n\t\t\t\t\t\t\t\t\t\t\t\t\t\t\t\t\t\t\t\t<li class=\"sub-menu-item \"><a href=\"https:\/\/www.rbcwealthmanagement.com\/fr-ca\/cybersecurity\/online-dating-scams\">Escroqueries amoureuses en ligne<\/a><\/li>\n\t\t\t\t\t\t\t\t\t\t\t\t\t\t\t\t\t\t\t\t<li class=\"sub-menu-item \"><a href=\"https:\/\/www.rbcwealthmanagement.com\/fr-ca\/cybersecurity\/tax-scams\">Escroqueries fiscales<\/a><\/li>\n\t\t\t\t\t\t\t\t\t\t\t\t\t\t\t\t\t\t<\/ul>\n\t\t\t\t\t\t\t\t\t\t\t\t<\/li>\n\t\t\t\t\t\t\t\t<\/ul>\n\t\t<\/nav>\n\t\t<\/div>\n\n\n\n<div class=\"wp-block-rbcwm-column col-lg-7\">\n<h3 class=\"wp-block-heading\" id=\"h-proteger-vos-renseignements-en-ligne\">Prot\u00e9ger vos renseignements en ligne<\/h3>\n\n\n\n<p>Plus les technologies s\u2019am\u00e9liorent, plus les menaces \u00e9voluent. Voici quelques conseils pour vous aider \u00e0 assurer la s\u00e9curit\u00e9 de vos op\u00e9rations financi\u00e8res en ligne&nbsp;:<\/p>\n\n\n\n<ul class=\"wp-block-list\">\n<li>Si un site Web ne semble pas l\u00e9gitime, faites preuve de prudence. N\u2019ouvrez pas de session et ne fournissez aucun renseignement personnel.<\/li>\n\n\n\n<li>N\u2019ouvrez jamais une session sur un site \u00e0 l\u2019aide d\u2019un lien envoy\u00e9 dans un courriel, un message texte ou un message dans les m\u00e9dias sociaux. Entrez l\u2019adresse dans votre navigateur.<\/li>\n\n\n\n<li>Lorsque vous terminez une session, fermez-la et fermez votre navigateur. Nous vous recommandons \u00e9galement de vider r\u00e9guli\u00e8rement la m\u00e9moire cache de votre navigateur.<\/li>\n\n\n\n<li>Ne r\u00e9v\u00e9lez pas vos identifiants, m\u00eame si une personne pr\u00e9tend \u00eatre un repr\u00e9sentant de RBC Gestion de patrimoine. Nous ne vous demanderons <strong>jamais <\/strong>de renseignements personnels par courriel, message texte ou t\u00e9l\u00e9phone.<\/li>\n\n\n\n<li>Utilisez toujours un ordinateur fiable. N\u2019utilisez jamais un r\u00e9seau Wi-Fi public pour vos op\u00e9rations financi\u00e8res en ligne.<\/li>\n\n\n\n<li>Maintenez vos logiciels \u00e0 jour. Les soci\u00e9t\u00e9s de logiciels am\u00e9liorent r\u00e9guli\u00e8rement la s\u00e9curit\u00e9 de leurs produits. Assurez-vous donc d\u2019utiliser la version la plus r\u00e9cente.<\/li>\n<\/ul>\n<\/div>\n<\/div><\/div>\n<\/div><\/div><\/div><\/section>\n","protected":false},"excerpt":{"rendered":"","protected":false},"author":54,"featured_media":0,"parent":0,"menu_order":0,"comment_status":"closed","ping_status":"closed","template":"","meta":{"_acf_changed":false,"editor_notices":[],"rbc_url_alias":"cybersecurity\/secure-your-information","footnotes":""},"rbcwm_content_owner":[],"class_list":["post-26877","page","type-page","status-publish","hentry"],"acf":[],"yoast_head":"<!-- This site is optimized with the Yoast SEO Premium plugin v24.8 (Yoast SEO v26.8) - https:\/\/yoast.com\/product\/yoast-seo-premium-wordpress\/ -->\n<title>Cybers\u00e9curit\u00e9\u00a0: Protection des renseignements - RBC Gestion de patrimoine<\/title>\n<meta name=\"robots\" content=\"index, follow, max-snippet:-1, max-image-preview:large, max-video-preview:-1\" \/>\n<link rel=\"canonical\" href=\"https:\/\/www.rbcwealthmanagement.com\/fr-ca\/cybersecurity\/secure-your-information\" \/>\n<meta property=\"og:locale\" content=\"fr_CA\" \/>\n<meta property=\"og:type\" content=\"article\" \/>\n<meta property=\"og:title\" content=\"Cybers\u00e9curit\u00e9\u00a0: Protection des renseignements\" \/>\n<meta property=\"og:url\" content=\"https:\/\/www.rbcwealthmanagement.com\/fr-ca\/cybersecurity\/secure-your-information\" \/>\n<meta property=\"og:site_name\" content=\"RBC Gestion de patrimoine\" \/>\n<meta property=\"article:modified_time\" content=\"2025-09-29T17:15:02+00:00\" \/>\n<meta property=\"og:image\" content=\"https:\/\/www.rbcwealthmanagement.com\/fr-ca\/wp-content\/uploads\/sites\/6\/2023\/02\/share-logo-1200x630-1.png\" \/>\n\t<meta property=\"og:image:width\" content=\"1200\" \/>\n\t<meta property=\"og:image:height\" content=\"630\" \/>\n\t<meta property=\"og:image:type\" content=\"image\/png\" \/>\n<meta name=\"twitter:card\" content=\"summary_large_image\" \/>\n<meta name=\"twitter:label1\" content=\"Est. reading time\" \/>\n\t<meta name=\"twitter:data1\" content=\"1 minute\" \/>\n<script type=\"application\/ld+json\" class=\"yoast-schema-graph\">{\"@context\":\"https:\/\/schema.org\",\"@graph\":[{\"@type\":\"WebPage\",\"@id\":\"https:\/\/www.rbcwealthmanagement.com\/fr-ca\/cybersecurity\/secure-your-information\",\"url\":\"https:\/\/www.rbcwealthmanagement.com\/fr-ca\/cybersecurity\/secure-your-information\",\"name\":\"Cybers\u00e9curit\u00e9\u00a0: Protection des renseignements - RBC Gestion de patrimoine\",\"isPartOf\":{\"@id\":\"https:\/\/www.rbcwealthmanagement.com\/fr-ca\/#website\"},\"datePublished\":\"2025-09-29T17:15:01+00:00\",\"dateModified\":\"2025-09-29T17:15:02+00:00\",\"breadcrumb\":{\"@id\":\"https:\/\/www.rbcwealthmanagement.com\/fr-ca\/cybersecurity\/secure-your-information#breadcrumb\"},\"inLanguage\":\"fr-CA\",\"potentialAction\":[{\"@type\":\"ReadAction\",\"target\":[\"https:\/\/www.rbcwealthmanagement.com\/fr-ca\/cybersecurity\/secure-your-information\"]}]},{\"@type\":\"BreadcrumbList\",\"@id\":\"https:\/\/www.rbcwealthmanagement.com\/fr-ca\/cybersecurity\/secure-your-information#breadcrumb\",\"itemListElement\":[{\"@type\":\"ListItem\",\"position\":1,\"name\":\"Home\",\"item\":\"https:\/\/www.rbcwealthmanagement.com\/fr-ca\/\"},{\"@type\":\"ListItem\",\"position\":2,\"name\":\"Cybers\u00e9curit\u00e9\u00a0: Protection des renseignements\"}]},{\"@type\":\"WebSite\",\"@id\":\"https:\/\/www.rbcwealthmanagement.com\/fr-ca\/#website\",\"url\":\"https:\/\/www.rbcwealthmanagement.com\/fr-ca\/\",\"name\":\"RBC Gestion de patrimoine\",\"description\":\"\",\"publisher\":{\"@id\":\"https:\/\/www.rbcwealthmanagement.com\/fr-ca\/#organization\"},\"potentialAction\":[{\"@type\":\"SearchAction\",\"target\":{\"@type\":\"EntryPoint\",\"urlTemplate\":\"https:\/\/www.rbcwealthmanagement.com\/fr-ca\/?s={search_term_string}\"},\"query-input\":{\"@type\":\"PropertyValueSpecification\",\"valueRequired\":true,\"valueName\":\"search_term_string\"}}],\"inLanguage\":\"fr-CA\"},{\"@type\":\"Organization\",\"@id\":\"https:\/\/www.rbcwealthmanagement.com\/fr-ca\/#organization\",\"name\":\"RBC Gestion de Patrimoine\",\"alternateName\":\"RBC Gestion de Patrimoine\",\"url\":\"https:\/\/www.rbcwealthmanagement.com\/fr-ca\/\",\"logo\":{\"@type\":\"ImageObject\",\"inLanguage\":\"fr-CA\",\"@id\":\"https:\/\/www.rbcwealthmanagement.com\/fr-ca\/#\/schema\/logo\/image\/\",\"url\":\"https:\/\/www.rbcwealthmanagement.com\/fr-ca\/wp-content\/uploads\/sites\/6\/2023\/02\/rbc.png\",\"contentUrl\":\"https:\/\/www.rbcwealthmanagement.com\/fr-ca\/wp-content\/uploads\/sites\/6\/2023\/02\/rbc.png\",\"width\":3000,\"height\":2000,\"caption\":\"RBC Gestion de Patrimoine\"},\"image\":{\"@id\":\"https:\/\/www.rbcwealthmanagement.com\/fr-ca\/#\/schema\/logo\/image\/\"}}]}<\/script>\n<!-- \/ Yoast SEO Premium plugin. -->","yoast_head_json":{"title":"Cybers\u00e9curit\u00e9\u00a0: Protection des renseignements - RBC Gestion de patrimoine","robots":{"index":"index","follow":"follow","max-snippet":"max-snippet:-1","max-image-preview":"max-image-preview:large","max-video-preview":"max-video-preview:-1"},"canonical":"https:\/\/www.rbcwealthmanagement.com\/fr-ca\/cybersecurity\/secure-your-information","og_locale":"fr_CA","og_type":"article","og_title":"Cybers\u00e9curit\u00e9\u00a0: Protection des renseignements","og_url":"https:\/\/www.rbcwealthmanagement.com\/fr-ca\/cybersecurity\/secure-your-information","og_site_name":"RBC Gestion de patrimoine","article_modified_time":"2025-09-29T17:15:02+00:00","og_image":[{"width":1200,"height":630,"url":"https:\/\/www.rbcwealthmanagement.com\/fr-ca\/wp-content\/uploads\/sites\/6\/2023\/02\/share-logo-1200x630-1.png","type":"image\/png"}],"twitter_card":"summary_large_image","twitter_misc":{"Est. reading time":"1 minute"},"schema":{"@context":"https:\/\/schema.org","@graph":[{"@type":"WebPage","@id":"https:\/\/www.rbcwealthmanagement.com\/fr-ca\/cybersecurity\/secure-your-information","url":"https:\/\/www.rbcwealthmanagement.com\/fr-ca\/cybersecurity\/secure-your-information","name":"Cybers\u00e9curit\u00e9\u00a0: Protection des renseignements - RBC Gestion de patrimoine","isPartOf":{"@id":"https:\/\/www.rbcwealthmanagement.com\/fr-ca\/#website"},"datePublished":"2025-09-29T17:15:01+00:00","dateModified":"2025-09-29T17:15:02+00:00","breadcrumb":{"@id":"https:\/\/www.rbcwealthmanagement.com\/fr-ca\/cybersecurity\/secure-your-information#breadcrumb"},"inLanguage":"fr-CA","potentialAction":[{"@type":"ReadAction","target":["https:\/\/www.rbcwealthmanagement.com\/fr-ca\/cybersecurity\/secure-your-information"]}]},{"@type":"BreadcrumbList","@id":"https:\/\/www.rbcwealthmanagement.com\/fr-ca\/cybersecurity\/secure-your-information#breadcrumb","itemListElement":[{"@type":"ListItem","position":1,"name":"Home","item":"https:\/\/www.rbcwealthmanagement.com\/fr-ca\/"},{"@type":"ListItem","position":2,"name":"Cybers\u00e9curit\u00e9\u00a0: Protection des renseignements"}]},{"@type":"WebSite","@id":"https:\/\/www.rbcwealthmanagement.com\/fr-ca\/#website","url":"https:\/\/www.rbcwealthmanagement.com\/fr-ca\/","name":"RBC Gestion de patrimoine","description":"","publisher":{"@id":"https:\/\/www.rbcwealthmanagement.com\/fr-ca\/#organization"},"potentialAction":[{"@type":"SearchAction","target":{"@type":"EntryPoint","urlTemplate":"https:\/\/www.rbcwealthmanagement.com\/fr-ca\/?s={search_term_string}"},"query-input":{"@type":"PropertyValueSpecification","valueRequired":true,"valueName":"search_term_string"}}],"inLanguage":"fr-CA"},{"@type":"Organization","@id":"https:\/\/www.rbcwealthmanagement.com\/fr-ca\/#organization","name":"RBC Gestion de Patrimoine","alternateName":"RBC Gestion de Patrimoine","url":"https:\/\/www.rbcwealthmanagement.com\/fr-ca\/","logo":{"@type":"ImageObject","inLanguage":"fr-CA","@id":"https:\/\/www.rbcwealthmanagement.com\/fr-ca\/#\/schema\/logo\/image\/","url":"https:\/\/www.rbcwealthmanagement.com\/fr-ca\/wp-content\/uploads\/sites\/6\/2023\/02\/rbc.png","contentUrl":"https:\/\/www.rbcwealthmanagement.com\/fr-ca\/wp-content\/uploads\/sites\/6\/2023\/02\/rbc.png","width":3000,"height":2000,"caption":"RBC Gestion de Patrimoine"},"image":{"@id":"https:\/\/www.rbcwealthmanagement.com\/fr-ca\/#\/schema\/logo\/image\/"}}]}},"jetpack_sharing_enabled":true,"publishpress_future_action":{"enabled":false,"date":"2026-04-19 19:06:07","action":"change-status","newStatus":"draft","terms":[],"taxonomy":"rbcwm_content_owner","extraData":[]},"publishpress_future_workflow_manual_trigger":{"enabledWorkflows":[]},"distributor_meta":false,"distributor_terms":false,"distributor_media":false,"distributor_original_site_name":"RBC Gestion de patrimoine","distributor_original_site_url":"https:\/\/www.rbcwealthmanagement.com\/fr-ca","push-errors":false,"last_revision_date":"2025-09-29 13:14:52","_links":{"self":[{"href":"https:\/\/www.rbcwealthmanagement.com\/fr-ca\/wp-json\/wp\/v2\/pages\/26877","targetHints":{"allow":["GET"]}}],"collection":[{"href":"https:\/\/www.rbcwealthmanagement.com\/fr-ca\/wp-json\/wp\/v2\/pages"}],"about":[{"href":"https:\/\/www.rbcwealthmanagement.com\/fr-ca\/wp-json\/wp\/v2\/types\/page"}],"author":[{"embeddable":true,"href":"https:\/\/www.rbcwealthmanagement.com\/fr-ca\/wp-json\/wp\/v2\/users\/54"}],"replies":[{"embeddable":true,"href":"https:\/\/www.rbcwealthmanagement.com\/fr-ca\/wp-json\/wp\/v2\/comments?post=26877"}],"version-history":[{"count":3,"href":"https:\/\/www.rbcwealthmanagement.com\/fr-ca\/wp-json\/wp\/v2\/pages\/26877\/revisions"}],"predecessor-version":[{"id":27022,"href":"https:\/\/www.rbcwealthmanagement.com\/fr-ca\/wp-json\/wp\/v2\/pages\/26877\/revisions\/27022"}],"wp:attachment":[{"href":"https:\/\/www.rbcwealthmanagement.com\/fr-ca\/wp-json\/wp\/v2\/media?parent=26877"}],"wp:term":[{"taxonomy":"rbcwm_content_owner","embeddable":true,"href":"https:\/\/www.rbcwealthmanagement.com\/fr-ca\/wp-json\/wp\/v2\/rbcwm_content_owner?post=26877"}],"curies":[{"name":"wp","href":"https:\/\/api.w.org\/{rel}","templated":true}]}}