{"id":26882,"date":"2025-09-29T13:26:38","date_gmt":"2025-09-29T17:26:38","guid":{"rendered":"https:\/\/www.rbcwealthmanagement.com\/fr-ca\/?page_id=26882"},"modified":"2025-09-29T13:26:39","modified_gmt":"2025-09-29T17:26:39","slug":"cybersecurity-passwords-and-email","status":"publish","type":"page","link":"https:\/\/www.rbcwealthmanagement.com\/fr-ca\/cybersecurity\/passwords-and-email","title":{"rendered":"Cybers\u00e9curit\u00e9\u00a0: Mots de passe et courriels"},"content":{"rendered":"\n<div class=\"wp-block-rbcwm-hero-block rbc-hero-wm  rbc-hero-overlap rbc-hero-overlap-mobile rbc-hero-ugkw1i5zz hide-mobile-energy-lines\"><style>\n\t\t.rbc-hero-ugkw1i5zz.is-style-rbc-hero-gradient::before {\n\t\t\tbackground: linear-gradient(90deg, #023169 20%, rgba(94, 120, 131, 0) 60%);\n\t\t}\n\n\t\t.rbc-hero-ugkw1i5zz.is-style-rbc-hero-gradient.rbc-hero-has-image-bleed::before {\n\t\t\tbackground: linear-gradient(90deg, #023169 20%, rgba(94, 120, 131, 0) 60%);\n\t\t}\n\n\t\t.rbc-hero-ugkw1i5zz.is-style-rbc-hero-gradient.rbc-hero-has-image-bottom::before {\n\t\t\tbackground: linear-gradient(180deg, #023169 20%, rgba(94, 120, 131, 0) 60%);\n\t\t}\n\n\t\t.rbc-hero-ugkw1i5zz .rbc-hero-energy-lines.rbc-hero-energy-lines-left {\n\t\t\ttransform: scaleX(-1);\n\t\t}\n\n\t\t@media (max-width: 991px) {\n\t\t\t.rbc-hero-ugkw1i5zz.is-style-rbc-hero-gradient::before,\n\t\t\t.rbc-hero-ugkw1i5zz.is-style-rbc-hero-gradient.rbc-hero-has-image-bottom::before,\n\t\t\t.rbc-hero-ugkw1i5zz.is-style-rbc-hero-gradient.rbc-hero-has-image-bleed::before {\n\t\t\t\tbackground: none;\n\t\t\t}\n\n\t\t\t.rbc-hero-ugkw1i5zz.rbc-hero-has-image-full.hide-mobile-energy-lines .rbc-hero-energy-lines {\n\t\t\t\tdisplay: none;\n\t\t\t}\n\n\t\t\t.wp-block-rbcwm-hero-block.rbc-hero-ugkw1i5zz.is-style-rbc-hero-gradient .rbc-hero-img-wrap::after {\n\t\t\t\tbackground: linear-gradient( 0deg, #023169 0%, rgba(94, 120, 131, 0) 25% );\n\t\t\t}\n\t\t\t\n\t\t\t.wp-block-rbcwm-hero-block.rbc-hero-ugkw1i5zz.is-style-rbc-hero-gradient.rbc-hero-has-image-bottom .rbc-hero-img-wrap::before,\n            .wp-block-rbcwm-hero-block.rbc-hero-ugkw1i5zz.is-style-rbc-hero-gradient.rbc-hero-has-image-bottom .container .rbc-hero-img-wrap::before {\n\t\t\t\tbackground: linear-gradient( 180deg, #023169 0%, rgba( 94, 120, 131, 0 ) 25% );\n\t\t\t}\n\t\t\t\n\t\t\t.wp-block-rbcwm-hero-block.rbc-hero-ugkw1i5zz.is-style-rbc-hero-gradient .rbc-hero-card {\n\t\t\t\tbackground: #023169;\n\t\t\t}\n\t\t}\n\t<\/style><div class=\"container\"><div class=\"row no-gutters\"><div class=\"col-lg-12 rbc-hero-card-content\"><div class=\"rbc-card rbc-hero-card rbc-hero has-content\"><div class=\"rbc-card-wrap\"><div class=\"rbc-card-body\"><div class=\"rbc-hero-body-content\"><h1 class=\"rbc-hero-title\"><span>Cybers\u00e9curit\u00e9\u00a0: Mots de passe et courriels<\/span><\/h1><\/div><\/div><\/div><\/div><\/div><div class=\"rbc-hero-img-wrap col-lg-5 order-2 order-lg-1\"><\/div><\/div><\/div><\/div>\n\n\n\n<section class=\"wp-block-rbcwm-rbc-block rbc-block rbc-block-grey has-block-grey-background-color has-background\"><div class=\"container\"><div class=\"row justify-content-center\"><div class=\"col-lg-12\">\n<div class=\"wp-block-rbcwm-columns container\"><div class=\"row justify-content-between wrap blockId-f663e6e0-dcec-425e-8291-08f1339b54d8\">\n<div class=\"wp-block-rbcwm-column col-lg-4 mt-3 mt-lg-0 order-2 order-lg-0\">\t\t<nav class=\"rbc-sidebar\">\n\t\t\t<ul class=\"menu\">\n\t\t\t\t\t\t\t\t\t<li class=\"menu-item  \"><a href=\"https:\/\/www.rbcwealthmanagement.com\/fr-ca\/cybersecurity\">Cybers\u00e9curit\u00e9\u00a0: Comment RBC vous prot\u00e8ge<\/a>\n\t\t\t\t\t\t\t\t\t\t\t<\/li>\n\t\t\t\t\t\t\t\t\t\t<li class=\"menu-item  \"><a href=\"https:\/\/www.rbcwealthmanagement.com\/fr-ca\/cybersecurity\/how-to-protect-yourself-online\">Protection en ligne<\/a>\n\t\t\t\t\t\t\t\t\t\t\t<\/li>\n\t\t\t\t\t\t\t\t\t\t<li class=\"menu-item  \"><a href=\"https:\/\/www.rbcwealthmanagement.com\/fr-ca\/cybersecurity\/how-criminals-make-contact\">Comment les cybercriminels prennent contact<\/a>\n\t\t\t\t\t\t\t\t\t\t\t\t\t\t<ul class=\"sub-menu\">\n\t\t\t\t\t\t\t\t\t\t\t\t\t\t\t\t\t\t\t<li class=\"sub-menu-item \"><a href=\"https:\/\/www.rbcwealthmanagement.com\/fr-ca\/cybersecurity\/email-scams\">Escroquerie par courriel<\/a><\/li>\n\t\t\t\t\t\t\t\t\t\t\t\t\t\t\t\t\t\t\t\t<li class=\"sub-menu-item \"><a href=\"https:\/\/www.rbcwealthmanagement.com\/fr-ca\/cybersecurity\/phone-and-messaging-scams\">Escroqueries par t\u00e9l\u00e9phone et par messagerie texte<\/a><\/li>\n\t\t\t\t\t\t\t\t\t\t\t\t\t\t\t\t\t\t\t\t<li class=\"sub-menu-item \"><a href=\"https:\/\/www.rbcwealthmanagement.com\/fr-ca\/cybersecurity\/social-media-scams\">Escroqueries sur les m\u00e9dias sociaux<\/a><\/li>\n\t\t\t\t\t\t\t\t\t\t\t\t\t\t\t\t\t\t\t\t<li class=\"sub-menu-item \"><a href=\"https:\/\/www.rbcwealthmanagement.com\/fr-ca\/cybersecurity\/online-dating-scams\">Escroqueries amoureuses en ligne<\/a><\/li>\n\t\t\t\t\t\t\t\t\t\t\t\t\t\t\t\t\t\t\t\t<li class=\"sub-menu-item \"><a href=\"https:\/\/www.rbcwealthmanagement.com\/fr-ca\/cybersecurity\/tax-scams\">Escroqueries fiscales<\/a><\/li>\n\t\t\t\t\t\t\t\t\t\t\t\t\t\t\t\t\t\t<\/ul>\n\t\t\t\t\t\t\t\t\t\t\t\t<\/li>\n\t\t\t\t\t\t\t\t<\/ul>\n\t\t<\/nav>\n\t\t<\/div>\n\n\n\n<div class=\"wp-block-rbcwm-column col-lg-7\">\n<h3 class=\"wp-block-heading\" id=\"h-creer-des-mots-de-passe-forts\">Cr\u00e9er des mots de passe forts<\/h3>\n\n\n\n<p>Des mots de passe forts sont essentiels \u00e0 la protection de vos comptes en ligne. M\u00eame s\u2019il peut \u00eatre fastidieux de les cr\u00e9er et de les m\u00e9moriser, il est important de garder \u00e0 l\u2019esprit que les mots de passe repr\u00e9sentent souvent la premi\u00e8re d\u00e9fense contre les cybercriminels. Ils prot\u00e8gent vos renseignements personnels, comme les renseignements sur vos comptes, les donn\u00e9es sur votre \u00e9tat de sant\u00e9 et vos documents priv\u00e9s, afin d\u2019\u00e9viter qu\u2019ils ne tombent entre de mauvaises mains. Qu\u2019est-ce qu\u2019un mot de passe fort&nbsp;?<\/p>\n\n\n\n<p>Voici quelques mesures simples \u00e0 prendre pour renforcer vos mots de passe&nbsp;:<\/p>\n\n\n\n<ul class=\"wp-block-list\">\n<li><strong>Utilisez un mot de passe ou une phrase de passe par compte<\/strong>, surtout pour les comptes qui comprennent des renseignements sensibles ou financiers.<\/li>\n\n\n\n<li><strong>La complexit\u00e9 est une bonne chose, mais la longueur est la cl\u00e9.<\/strong>&nbsp;Utilisez toujours un mot de passe dont la longueur d\u00e9passe le maximum autoris\u00e9. Si possible, cr\u00e9ez des mots de passe form\u00e9s d\u2019au moins 16&nbsp;caract\u00e8res.<\/li>\n\n\n\n<li><strong>\u00c9vitez les mots courants comme \u00ab&nbsp;identifiant&nbsp;\u00bb ou \u00ab&nbsp;utilisateur&nbsp;\u00bb<\/strong>, et tout autre \u00e9l\u00e9ment qui peut \u00eatre facilement devin\u00e9, comme votre date de naissance, ou des s\u00e9quences \u00e9videntes de lettres ou de chiffres comme \u00ab&nbsp;1234&nbsp;\u00bb ou \u00ab&nbsp;ABCD&nbsp;\u00bb.<\/li>\n\n\n\n<li><strong>Faites preuve de cr\u00e9ativit\u00e9&nbsp;!<\/strong>&nbsp;Les mots de passe les plus efficaces ne sont pas form\u00e9s de mots, mais plut\u00f4t d\u2019un ensemble de mots ou \u00ab&nbsp;phrases de passe&nbsp;\u00bb. Ces phrases, compos\u00e9es de mots choisis au hasard, sont \u00e0 la fois faciles \u00e0 m\u00e9moriser et difficiles \u00e0 deviner. C\u2019est exactement ce que vous voulez. Voici des exemples&nbsp;: \u00ab&nbsp;reporter achat \u00e9l\u00e9phant&nbsp;\u00bb ou \u00ab&nbsp;europe profit maintenant&nbsp;\u00bb.\n<ul class=\"wp-block-list\">\n<li>Remplacez certaines lettres par des espaces, des chiffres ou des caract\u00e8res sp\u00e9ciaux. Remplacer un \u00ab&nbsp;A&nbsp;\u00bb par \u00ab&nbsp;@&nbsp;\u00bb ou un \u00ab&nbsp;S&nbsp;\u00bb par \u00ab&nbsp;$&nbsp;\u00bb, par exemple, peut renforcer la s\u00e9curit\u00e9 de votre mot de passe. \u00c9vitez les substitutions \u00e9videntes. Par exemple, \u00e9vitez de remplacer un \u00ab&nbsp;O&nbsp;\u00bb par \u00ab&nbsp;0&nbsp;\u00bb (\u00ab&nbsp;Mais0n&nbsp;\u00bb au lieu de \u00ab&nbsp;Maison&nbsp;\u00bb).<\/li>\n<\/ul>\n<\/li>\n\n\n\n<li><strong>Utilisez un gestionnaire de mots de passe.<\/strong>&nbsp;Les gestionnaires de mots de passe g\u00e9n\u00e8rent des mots de passe al\u00e9atoires forts et les m\u00e9morisent pour vous. Ils stockent vos identifiants pour les sites Web que vous consultez dans votre base de donn\u00e9es de mots de passe personnels chiffr\u00e9e, accessible \u00e0 l\u2019aide d\u2019un seul mot de passe ou d\u2019une seule phrase de passe.<\/li>\n<\/ul>\n\n\n\n<h4 class=\"wp-block-heading\" id=\"h-proteger-vos-mots-de-passe\">Prot\u00e9ger vos mots de passe<\/h4>\n\n\n\n<ul class=\"wp-block-list\">\n<li><strong>Il n\u2019y a aucune raison pour qu\u2019on vous demande votre mot de passe.&nbsp;<\/strong>RBC Gestion de patrimoine ne vous demandera jamais de confirmer un mot de passe par courriel, par message texte ou par t\u00e9l\u00e9phone.<\/li>\n\n\n\n<li><strong>La sauvegarde de mots de passe dans votre navigateur Internet ou l\u2019utilisation de la fonction de saisie automatique du mot de passe peut exposer vos donn\u00e9es au piratage.<\/strong>&nbsp;Il est \u00e9tonnamment facile pour les criminels d\u2019acc\u00e9der aux renseignements qui sont sauvegard\u00e9s dans votre navigateur. D\u00e9sactivez la fonction de saisie automatique et ne sauvegardez pas vos mots de passe dans votre navigateur.<\/li>\n\n\n\n<li><strong>Activez la fonction d\u2019authentification \u00e0 double facteur si possible.&nbsp;<\/strong>Vous devrez alors prouver votre identit\u00e9 de deux&nbsp;fa\u00e7ons, soit au moyen d\u2019un mot de passe et d\u2019un mode d\u2019authentification biom\u00e9trique comme une empreinte digitale. Cette fonction offre un niveau de s\u00e9curit\u00e9 suppl\u00e9mentaire.<\/li>\n<\/ul>\n\n\n\n<h4 class=\"wp-block-heading\" id=\"h-proteger-vos-courriels\">Prot\u00e9ger vos courriels<\/h4>\n\n\n\n<p>Les courriels sont l\u2019un des outils de pr\u00e9dilection des criminels, mais il existe des moyens de r\u00e9duire les risques. Voici quelques conseils&nbsp;:<\/p>\n\n\n\n<ul class=\"wp-block-list\">\n<li>Ne partagez pas vos renseignements personnels ou financiers par courriel. Ne publiez pas votre adresse courriel sur des forums et ne la fournissez pas sur des sites qui ne vous inspirent pas confiance.<\/li>\n\n\n\n<li>Les courriels non chiffr\u00e9s ne sont pas s\u00e9curis\u00e9s. Dites-vous que tout renseignement envoy\u00e9 par courriel non chiffr\u00e9 est public.<\/li>\n\n\n\n<li>Afin d\u2019\u00e9viter toute attaque par hame\u00e7onnage, ne cliquez pas sur les liens ou les pi\u00e8ces jointes que vous n\u2019attendiez pas, surtout s\u2019ils proviennent d\u2019une source inconnue.<\/li>\n\n\n\n<li>Ne r\u00e9pondez pas aux pourriels et ne cliquez pas sur le bouton de d\u00e9sabonnement contenu dans de tels courriels. Il permet d\u2019aviser les criminels que votre adresse courriel est active.<\/li>\n<\/ul>\n<\/div>\n<\/div><\/div>\n<\/div><\/div><\/div><\/section>\n","protected":false},"excerpt":{"rendered":"","protected":false},"author":54,"featured_media":0,"parent":0,"menu_order":0,"comment_status":"closed","ping_status":"closed","template":"","meta":{"_acf_changed":false,"editor_notices":[],"rbc_url_alias":"cybersecurity\/passwords-and-email","footnotes":""},"rbcwm_content_owner":[],"class_list":["post-26882","page","type-page","status-publish","hentry"],"acf":[],"yoast_head":"<!-- This site is optimized with the Yoast SEO Premium plugin v24.8 (Yoast SEO v26.8) - https:\/\/yoast.com\/product\/yoast-seo-premium-wordpress\/ -->\n<title>Cybers\u00e9curit\u00e9\u00a0: Mots de passe et courriels - RBC Gestion de patrimoine<\/title>\n<meta name=\"robots\" content=\"index, follow, max-snippet:-1, max-image-preview:large, max-video-preview:-1\" \/>\n<link rel=\"canonical\" href=\"https:\/\/www.rbcwealthmanagement.com\/fr-ca\/cybersecurity\/passwords-and-email\" \/>\n<meta property=\"og:locale\" content=\"fr_CA\" \/>\n<meta property=\"og:type\" content=\"article\" \/>\n<meta property=\"og:title\" content=\"Cybers\u00e9curit\u00e9\u00a0: Mots de passe et courriels\" \/>\n<meta property=\"og:url\" content=\"https:\/\/www.rbcwealthmanagement.com\/fr-ca\/cybersecurity\/passwords-and-email\" \/>\n<meta property=\"og:site_name\" content=\"RBC Gestion de patrimoine\" \/>\n<meta property=\"article:modified_time\" content=\"2025-09-29T17:26:39+00:00\" \/>\n<meta property=\"og:image\" content=\"https:\/\/www.rbcwealthmanagement.com\/fr-ca\/wp-content\/uploads\/sites\/6\/2023\/02\/share-logo-1200x630-1.png\" \/>\n\t<meta property=\"og:image:width\" content=\"1200\" \/>\n\t<meta property=\"og:image:height\" content=\"630\" \/>\n\t<meta property=\"og:image:type\" content=\"image\/png\" \/>\n<meta name=\"twitter:card\" content=\"summary_large_image\" \/>\n<meta name=\"twitter:label1\" content=\"Est. reading time\" \/>\n\t<meta name=\"twitter:data1\" content=\"4 minutes\" \/>\n<script type=\"application\/ld+json\" class=\"yoast-schema-graph\">{\"@context\":\"https:\/\/schema.org\",\"@graph\":[{\"@type\":\"WebPage\",\"@id\":\"https:\/\/www.rbcwealthmanagement.com\/fr-ca\/cybersecurity\/passwords-and-email\",\"url\":\"https:\/\/www.rbcwealthmanagement.com\/fr-ca\/cybersecurity\/passwords-and-email\",\"name\":\"Cybers\u00e9curit\u00e9\u00a0: Mots de passe et courriels - RBC Gestion de patrimoine\",\"isPartOf\":{\"@id\":\"https:\/\/www.rbcwealthmanagement.com\/fr-ca\/#website\"},\"datePublished\":\"2025-09-29T17:26:38+00:00\",\"dateModified\":\"2025-09-29T17:26:39+00:00\",\"breadcrumb\":{\"@id\":\"https:\/\/www.rbcwealthmanagement.com\/fr-ca\/cybersecurity\/passwords-and-email#breadcrumb\"},\"inLanguage\":\"fr-CA\",\"potentialAction\":[{\"@type\":\"ReadAction\",\"target\":[\"https:\/\/www.rbcwealthmanagement.com\/fr-ca\/cybersecurity\/passwords-and-email\"]}]},{\"@type\":\"BreadcrumbList\",\"@id\":\"https:\/\/www.rbcwealthmanagement.com\/fr-ca\/cybersecurity\/passwords-and-email#breadcrumb\",\"itemListElement\":[{\"@type\":\"ListItem\",\"position\":1,\"name\":\"Home\",\"item\":\"https:\/\/www.rbcwealthmanagement.com\/fr-ca\/\"},{\"@type\":\"ListItem\",\"position\":2,\"name\":\"Cybers\u00e9curit\u00e9\u00a0: Mots de passe et courriels\"}]},{\"@type\":\"WebSite\",\"@id\":\"https:\/\/www.rbcwealthmanagement.com\/fr-ca\/#website\",\"url\":\"https:\/\/www.rbcwealthmanagement.com\/fr-ca\/\",\"name\":\"RBC Gestion de patrimoine\",\"description\":\"\",\"publisher\":{\"@id\":\"https:\/\/www.rbcwealthmanagement.com\/fr-ca\/#organization\"},\"potentialAction\":[{\"@type\":\"SearchAction\",\"target\":{\"@type\":\"EntryPoint\",\"urlTemplate\":\"https:\/\/www.rbcwealthmanagement.com\/fr-ca\/?s={search_term_string}\"},\"query-input\":{\"@type\":\"PropertyValueSpecification\",\"valueRequired\":true,\"valueName\":\"search_term_string\"}}],\"inLanguage\":\"fr-CA\"},{\"@type\":\"Organization\",\"@id\":\"https:\/\/www.rbcwealthmanagement.com\/fr-ca\/#organization\",\"name\":\"RBC Gestion de Patrimoine\",\"alternateName\":\"RBC Gestion de Patrimoine\",\"url\":\"https:\/\/www.rbcwealthmanagement.com\/fr-ca\/\",\"logo\":{\"@type\":\"ImageObject\",\"inLanguage\":\"fr-CA\",\"@id\":\"https:\/\/www.rbcwealthmanagement.com\/fr-ca\/#\/schema\/logo\/image\/\",\"url\":\"https:\/\/www.rbcwealthmanagement.com\/fr-ca\/wp-content\/uploads\/sites\/6\/2023\/02\/rbc.png\",\"contentUrl\":\"https:\/\/www.rbcwealthmanagement.com\/fr-ca\/wp-content\/uploads\/sites\/6\/2023\/02\/rbc.png\",\"width\":3000,\"height\":2000,\"caption\":\"RBC Gestion de Patrimoine\"},\"image\":{\"@id\":\"https:\/\/www.rbcwealthmanagement.com\/fr-ca\/#\/schema\/logo\/image\/\"}}]}<\/script>\n<!-- \/ Yoast SEO Premium plugin. -->","yoast_head_json":{"title":"Cybers\u00e9curit\u00e9\u00a0: Mots de passe et courriels - RBC Gestion de patrimoine","robots":{"index":"index","follow":"follow","max-snippet":"max-snippet:-1","max-image-preview":"max-image-preview:large","max-video-preview":"max-video-preview:-1"},"canonical":"https:\/\/www.rbcwealthmanagement.com\/fr-ca\/cybersecurity\/passwords-and-email","og_locale":"fr_CA","og_type":"article","og_title":"Cybers\u00e9curit\u00e9\u00a0: Mots de passe et courriels","og_url":"https:\/\/www.rbcwealthmanagement.com\/fr-ca\/cybersecurity\/passwords-and-email","og_site_name":"RBC Gestion de patrimoine","article_modified_time":"2025-09-29T17:26:39+00:00","og_image":[{"width":1200,"height":630,"url":"https:\/\/www.rbcwealthmanagement.com\/fr-ca\/wp-content\/uploads\/sites\/6\/2023\/02\/share-logo-1200x630-1.png","type":"image\/png"}],"twitter_card":"summary_large_image","twitter_misc":{"Est. reading time":"4 minutes"},"schema":{"@context":"https:\/\/schema.org","@graph":[{"@type":"WebPage","@id":"https:\/\/www.rbcwealthmanagement.com\/fr-ca\/cybersecurity\/passwords-and-email","url":"https:\/\/www.rbcwealthmanagement.com\/fr-ca\/cybersecurity\/passwords-and-email","name":"Cybers\u00e9curit\u00e9\u00a0: Mots de passe et courriels - RBC Gestion de patrimoine","isPartOf":{"@id":"https:\/\/www.rbcwealthmanagement.com\/fr-ca\/#website"},"datePublished":"2025-09-29T17:26:38+00:00","dateModified":"2025-09-29T17:26:39+00:00","breadcrumb":{"@id":"https:\/\/www.rbcwealthmanagement.com\/fr-ca\/cybersecurity\/passwords-and-email#breadcrumb"},"inLanguage":"fr-CA","potentialAction":[{"@type":"ReadAction","target":["https:\/\/www.rbcwealthmanagement.com\/fr-ca\/cybersecurity\/passwords-and-email"]}]},{"@type":"BreadcrumbList","@id":"https:\/\/www.rbcwealthmanagement.com\/fr-ca\/cybersecurity\/passwords-and-email#breadcrumb","itemListElement":[{"@type":"ListItem","position":1,"name":"Home","item":"https:\/\/www.rbcwealthmanagement.com\/fr-ca\/"},{"@type":"ListItem","position":2,"name":"Cybers\u00e9curit\u00e9\u00a0: Mots de passe et courriels"}]},{"@type":"WebSite","@id":"https:\/\/www.rbcwealthmanagement.com\/fr-ca\/#website","url":"https:\/\/www.rbcwealthmanagement.com\/fr-ca\/","name":"RBC Gestion de patrimoine","description":"","publisher":{"@id":"https:\/\/www.rbcwealthmanagement.com\/fr-ca\/#organization"},"potentialAction":[{"@type":"SearchAction","target":{"@type":"EntryPoint","urlTemplate":"https:\/\/www.rbcwealthmanagement.com\/fr-ca\/?s={search_term_string}"},"query-input":{"@type":"PropertyValueSpecification","valueRequired":true,"valueName":"search_term_string"}}],"inLanguage":"fr-CA"},{"@type":"Organization","@id":"https:\/\/www.rbcwealthmanagement.com\/fr-ca\/#organization","name":"RBC Gestion de Patrimoine","alternateName":"RBC Gestion de Patrimoine","url":"https:\/\/www.rbcwealthmanagement.com\/fr-ca\/","logo":{"@type":"ImageObject","inLanguage":"fr-CA","@id":"https:\/\/www.rbcwealthmanagement.com\/fr-ca\/#\/schema\/logo\/image\/","url":"https:\/\/www.rbcwealthmanagement.com\/fr-ca\/wp-content\/uploads\/sites\/6\/2023\/02\/rbc.png","contentUrl":"https:\/\/www.rbcwealthmanagement.com\/fr-ca\/wp-content\/uploads\/sites\/6\/2023\/02\/rbc.png","width":3000,"height":2000,"caption":"RBC Gestion de Patrimoine"},"image":{"@id":"https:\/\/www.rbcwealthmanagement.com\/fr-ca\/#\/schema\/logo\/image\/"}}]}},"jetpack_sharing_enabled":true,"publishpress_future_action":{"enabled":false,"date":"2026-04-11 07:56:11","action":"change-status","newStatus":"draft","terms":[],"taxonomy":"rbcwm_content_owner","extraData":[]},"publishpress_future_workflow_manual_trigger":{"enabledWorkflows":[]},"distributor_meta":false,"distributor_terms":false,"distributor_media":false,"distributor_original_site_name":"RBC Gestion de patrimoine","distributor_original_site_url":"https:\/\/www.rbcwealthmanagement.com\/fr-ca","push-errors":false,"last_revision_date":"2025-09-29 13:26:31","_links":{"self":[{"href":"https:\/\/www.rbcwealthmanagement.com\/fr-ca\/wp-json\/wp\/v2\/pages\/26882","targetHints":{"allow":["GET"]}}],"collection":[{"href":"https:\/\/www.rbcwealthmanagement.com\/fr-ca\/wp-json\/wp\/v2\/pages"}],"about":[{"href":"https:\/\/www.rbcwealthmanagement.com\/fr-ca\/wp-json\/wp\/v2\/types\/page"}],"author":[{"embeddable":true,"href":"https:\/\/www.rbcwealthmanagement.com\/fr-ca\/wp-json\/wp\/v2\/users\/54"}],"replies":[{"embeddable":true,"href":"https:\/\/www.rbcwealthmanagement.com\/fr-ca\/wp-json\/wp\/v2\/comments?post=26882"}],"version-history":[{"count":4,"href":"https:\/\/www.rbcwealthmanagement.com\/fr-ca\/wp-json\/wp\/v2\/pages\/26882\/revisions"}],"predecessor-version":[{"id":27025,"href":"https:\/\/www.rbcwealthmanagement.com\/fr-ca\/wp-json\/wp\/v2\/pages\/26882\/revisions\/27025"}],"wp:attachment":[{"href":"https:\/\/www.rbcwealthmanagement.com\/fr-ca\/wp-json\/wp\/v2\/media?parent=26882"}],"wp:term":[{"taxonomy":"rbcwm_content_owner","embeddable":true,"href":"https:\/\/www.rbcwealthmanagement.com\/fr-ca\/wp-json\/wp\/v2\/rbcwm_content_owner?post=26882"}],"curies":[{"name":"wp","href":"https:\/\/api.w.org\/{rel}","templated":true}]}}