{"id":26907,"date":"2025-09-29T14:14:50","date_gmt":"2025-09-29T18:14:50","guid":{"rendered":"https:\/\/www.rbcwealthmanagement.com\/fr-ca\/?page_id=26907"},"modified":"2026-01-13T13:04:48","modified_gmt":"2026-01-13T18:04:48","slug":"cybersecurity-how-criminals-make-contact","status":"publish","type":"page","link":"https:\/\/www.rbcwealthmanagement.com\/fr-ca\/cybersecurity\/how-criminals-make-contact","title":{"rendered":"Cybers\u00e9curit\u00e9\u00a0: Comment les cybercriminels prennent contact"},"content":{"rendered":"\n<div class=\"wp-block-rbcwm-hero-block rbc-hero-wm  rbc-hero-overlap rbc-hero-overlap-mobile rbc-hero-rc1oyssvp hide-mobile-energy-lines\"><style>\n\t\t.rbc-hero-rc1oyssvp.is-style-rbc-hero-gradient::before {\n\t\t\tbackground: linear-gradient(90deg, #023169 20%, rgba(94, 120, 131, 0) 60%);\n\t\t}\n\n\t\t.rbc-hero-rc1oyssvp.is-style-rbc-hero-gradient.rbc-hero-has-image-bleed::before {\n\t\t\tbackground: linear-gradient(90deg, #023169 20%, rgba(94, 120, 131, 0) 60%);\n\t\t}\n\n\t\t.rbc-hero-rc1oyssvp.is-style-rbc-hero-gradient.rbc-hero-has-image-bottom::before {\n\t\t\tbackground: linear-gradient(180deg, #023169 20%, rgba(94, 120, 131, 0) 60%);\n\t\t}\n\n\t\t.rbc-hero-rc1oyssvp .rbc-hero-energy-lines.rbc-hero-energy-lines-left {\n\t\t\ttransform: scaleX(-1);\n\t\t}\n\n\t\t@media (max-width: 991px) {\n\t\t\t.rbc-hero-rc1oyssvp.is-style-rbc-hero-gradient::before,\n\t\t\t.rbc-hero-rc1oyssvp.is-style-rbc-hero-gradient.rbc-hero-has-image-bottom::before,\n\t\t\t.rbc-hero-rc1oyssvp.is-style-rbc-hero-gradient.rbc-hero-has-image-bleed::before {\n\t\t\t\tbackground: none;\n\t\t\t}\n\n\t\t\t.rbc-hero-rc1oyssvp.rbc-hero-has-image-full.hide-mobile-energy-lines .rbc-hero-energy-lines {\n\t\t\t\tdisplay: none;\n\t\t\t}\n\n\t\t\t.wp-block-rbcwm-hero-block.rbc-hero-rc1oyssvp.is-style-rbc-hero-gradient .rbc-hero-img-wrap::after {\n\t\t\t\tbackground: linear-gradient( 0deg, #023169 0%, rgba(94, 120, 131, 0) 25% );\n\t\t\t}\n\t\t\t\n\t\t\t.wp-block-rbcwm-hero-block.rbc-hero-rc1oyssvp.is-style-rbc-hero-gradient.rbc-hero-has-image-bottom .rbc-hero-img-wrap::before,\n            .wp-block-rbcwm-hero-block.rbc-hero-rc1oyssvp.is-style-rbc-hero-gradient.rbc-hero-has-image-bottom .container .rbc-hero-img-wrap::before {\n\t\t\t\tbackground: linear-gradient( 180deg, #023169 0%, rgba( 94, 120, 131, 0 ) 25% );\n\t\t\t}\n\t\t\t\n\t\t\t.wp-block-rbcwm-hero-block.rbc-hero-rc1oyssvp.is-style-rbc-hero-gradient .rbc-hero-card {\n\t\t\t\tbackground: #023169;\n\t\t\t}\n\t\t}\n\t<\/style><div class=\"container\"><div class=\"row no-gutters\"><div class=\"col-lg-12 rbc-hero-card-content\"><div class=\"rbc-card rbc-hero-card rbc-hero has-content\"><div class=\"rbc-card-wrap\"><div class=\"rbc-card-body\"><div class=\"rbc-hero-body-content\"><h1 class=\"rbc-hero-title\"><span>Cybers\u00e9curit\u00e9\u00a0: Comment les cybercriminels prennent contact<\/span><\/h1><\/div><\/div><\/div><\/div><\/div><div class=\"rbc-hero-img-wrap col-lg-5 order-2 order-lg-1\"><\/div><\/div><\/div><\/div>\n\n\n\n<section class=\"wp-block-rbcwm-rbc-block rbc-block rbc-block-grey has-block-grey-background-color has-background\"><div class=\"container\"><div class=\"row justify-content-center\"><div class=\"col-lg-12\">\n<div class=\"wp-block-rbcwm-columns container\"><div class=\"row justify-content-between wrap blockId-31ad27d8-6be4-4816-924e-6a60e33c557c\">\n<div class=\"wp-block-rbcwm-column col-lg-4 mt-3 mt-lg-0 order-2 order-lg-0\">\t\t<nav class=\"rbc-sidebar\">\n\t\t\t<ul class=\"menu\">\n\t\t\t\t\t\t\t\t\t<li class=\"menu-item  \"><a href=\"https:\/\/www.rbcwealthmanagement.com\/fr-ca\/cybersecurity\">Cybers\u00e9curit\u00e9\u00a0: Comment RBC vous prot\u00e8ge<\/a>\n\t\t\t\t\t\t\t\t\t\t\t<\/li>\n\t\t\t\t\t\t\t\t\t\t<li class=\"menu-item  \"><a href=\"https:\/\/www.rbcwealthmanagement.com\/fr-ca\/cybersecurity\/how-to-protect-yourself-online\">Protection en ligne<\/a>\n\t\t\t\t\t\t\t\t\t\t\t<\/li>\n\t\t\t\t\t\t\t\t\t\t<li class=\"menu-item  active\"><a href=\"https:\/\/www.rbcwealthmanagement.com\/fr-ca\/cybersecurity\/how-criminals-make-contact\">Comment les cybercriminels prennent contact<\/a>\n\t\t\t\t\t\t\t\t\t\t\t\t\t\t<ul class=\"sub-menu\">\n\t\t\t\t\t\t\t\t\t\t\t\t\t\t\t\t\t\t\t<li class=\"sub-menu-item \"><a href=\"https:\/\/www.rbcwealthmanagement.com\/fr-ca\/cybersecurity\/email-scams\">Escroquerie par courriel<\/a><\/li>\n\t\t\t\t\t\t\t\t\t\t\t\t\t\t\t\t\t\t\t\t<li class=\"sub-menu-item \"><a href=\"https:\/\/www.rbcwealthmanagement.com\/fr-ca\/cybersecurity\/phone-and-messaging-scams\">Escroqueries par t\u00e9l\u00e9phone et par messagerie texte<\/a><\/li>\n\t\t\t\t\t\t\t\t\t\t\t\t\t\t\t\t\t\t\t\t<li class=\"sub-menu-item \"><a href=\"https:\/\/www.rbcwealthmanagement.com\/fr-ca\/cybersecurity\/social-media-scams\">Escroqueries sur les m\u00e9dias sociaux<\/a><\/li>\n\t\t\t\t\t\t\t\t\t\t\t\t\t\t\t\t\t\t\t\t<li class=\"sub-menu-item \"><a href=\"https:\/\/www.rbcwealthmanagement.com\/fr-ca\/cybersecurity\/online-dating-scams\">Escroqueries amoureuses en ligne<\/a><\/li>\n\t\t\t\t\t\t\t\t\t\t\t\t\t\t\t\t\t\t\t\t<li class=\"sub-menu-item \"><a href=\"https:\/\/www.rbcwealthmanagement.com\/fr-ca\/cybersecurity\/tax-scams\">Escroqueries fiscales<\/a><\/li>\n\t\t\t\t\t\t\t\t\t\t\t\t\t\t\t\t\t\t<\/ul>\n\t\t\t\t\t\t\t\t\t\t\t\t<\/li>\n\t\t\t\t\t\t\t\t<\/ul>\n\t\t<\/nav>\n\t\t<\/div>\n\n\n\n<div class=\"wp-block-rbcwm-column col-lg-7\">\n<h3 class=\"wp-block-heading\" id=\"h-connaitre-les-tactiques-employees\">Conna\u00eetre les tactiques employ\u00e9es<\/h3>\n\n\n\n<p>Il est important de savoir comment les cybercriminels peuvent tenter d\u2019acc\u00e9der \u00e0 vos renseignements personnels et financiers, que ce soit par courriel, par t\u00e9l\u00e9phone ou par les m\u00e9dias sociaux. Utilisez les liens de navigation \u00e0 gauche pour en savoir plus sur les tactiques suivantes&nbsp;:<\/p>\n\n\n\n<ul class=\"wp-block-list\">\n<li>Pr\u00e9venir les escroqueries par courriel<\/li>\n\n\n\n<li>Pr\u00e9venir les escroqueries par t\u00e9l\u00e9phone et par message texte<\/li>\n\n\n\n<li>Pr\u00e9venir les escroqueries sur les m\u00e9dias sociaux<\/li>\n\n\n\n<li>Pr\u00e9venir les escroqueries amoureuses<\/li>\n\n\n\n<li>Pr\u00e9venir les escroqueries fiscales<\/li>\n<\/ul>\n<\/div>\n<\/div><\/div>\n<\/div><\/div><\/div><\/section>\n\n\n\n<section class=\"wp-block-rbcwm-rbc-block rbc-block rbc-block-flush-top rbc-block-grey has-block-grey-background-color has-background\" data-location_id=\"Our businesses - Article text cards\"><div class=\"container\"><div class=\"row \"><div class=\"col-lg-12\">\n<header class=\"wp-block-rbcwm-block-header row rbc-block-header\"><div class=\"col-lg-12\">\n<div class=\"row\">\n\n<h2 class=\"wp-block-heading rbc-block-header-title col-lg-12\" id=\"h-ressources-connexes\">Ressources connexes<\/h2>\n\n<\/div>\n<\/div><\/header>\n\n\n\n<div class=\"row blockId-8f1e2d31-6c19-4937-a048-c08b6c85e9f5\">\n<div class=\"wp-block-rbcwm-column col-lg-12\">\n<div class=\"wp-block-rbcwm-media-card-columns wrap\"><div class=\"row\">\n<div class=\"wp-block-rbcwm-media-card rbc-card-col-my rbc-media-card-col col-lg-4 col-md-6 col-12\" data-attr-open-new-tab=\"true\"><div class=\"rbc-card rbc-media-card rbc-card-hover rbc-media-card-stacked-vertical \" data-observe=\"{&quot;add&quot;:&quot;ani-card-up&quot;,&quot;remove&quot;:&quot;ani-card-up-from&quot;}\"><div class=\"rbc-card-wrap\"><div class=\"rbc-card-body \"><div aria-label=\"an image of https:\/\/www.rbcwealthmanagement.com\/en-ca\/wp-content\/uploads\/sites\/5\/2025\/08\/cyber-security-defense_f5d1e0.png\" role=\"img\" class=\"rbc-media-card-image\" style=\"background-image:url(https:\/\/www.rbcwealthmanagement.com\/en-ca\/wp-content\/uploads\/sites\/5\/2025\/08\/cyber-security-defense_f5d1e0.png)\"><\/div><h3 class=\"rbc-media-card-title rbc-media-card-title-wrap h4\"><a href=\"https:\/\/www.rbcroyalbank.com\/fr-ca\/mes-finances-dabord\/entreprises\/conseils-daffaires-appropries\/secteur-commercial\/surmonter-les-pressions-commerciales-internationales-grace-a-la-resilience-canadienne\/prevention-des-fraudes-escroqueries-courantes-et-comment-sen-premunir\/?_gl=1%2Aep08j3%2A_gcl_au%2AMTA3OTgyMTEwNS4xNzU2OTA5NTgy%2A_ga%2AMTMyNzgyODI5LjE3MDk3NDg5Mzc.%2A_ga_B090R41779%2AczE3NTgxMTQ3MDIkbzE3OCRnMSR0MTc1ODExNjQ3MiRqNTgkbDAkaDA.\" class=\"rbc-media-card-title-link link-chev rbc-card-link-full\"><span>Escroqueries courantes et comment s\u2019en pr\u00e9munir<\/span><div id=\"rbc93\" class=\"rbc-icon\"><i id=\"rbc93Icon\" aria-hidden=\"true\" class=\"rbc-icon-img fal fa-angle-right\"><\/i><\/div><\/a><\/h3><p class=\"\">En mati\u00e8re de protection contre la fraude, la sensibilisation est la meilleure d\u00e9fense.<\/p><\/div><\/div><\/div><\/div>\n\n\n\n<div class=\"wp-block-rbcwm-media-card rbc-card-col-my rbc-media-card-col col-lg-4 col-md-6 col-12\" data-attr-open-new-tab=\"true\"><div class=\"rbc-card rbc-media-card rbc-card-hover rbc-media-card-stacked-vertical \" data-observe=\"{&quot;add&quot;:&quot;ani-card-up&quot;,&quot;remove&quot;:&quot;ani-card-up-from&quot;}\"><div class=\"rbc-card-wrap\"><div class=\"rbc-card-body \"><div aria-label=\"an image of https:\/\/www.rbcwealthmanagement.com\/en-ca\/wp-content\/uploads\/sites\/5\/2025\/08\/cyber-security-scams.png\" role=\"img\" class=\"rbc-media-card-image\" style=\"background-image:url(https:\/\/www.rbcwealthmanagement.com\/en-ca\/wp-content\/uploads\/sites\/5\/2025\/08\/cyber-security-scams.png)\"><\/div><h3 class=\"rbc-media-card-title rbc-media-card-title-wrap h4\"><a href=\"https:\/\/www.rbcroyalbank.com\/fr-ca\/mes-finances-dabord\/academie-financiere\/cybersecurite\/comprendre-la-cybersecurite\/que-faire-en-cas-descroquerie\/\" class=\"rbc-media-card-title-link link-chev rbc-card-link-full\"><span>Que faire en cas d\u2019escroquerie<\/span><div id=\"rbc93\" class=\"rbc-icon\"><i id=\"rbc93Icon\" aria-hidden=\"true\" class=\"rbc-icon-img fal fa-angle-right\"><\/i><\/div><\/a><\/h3><p class=\"\">Mesures que vous pouvez prendre pour vous prot\u00e9ger contre d\u2019autres fraudes et \u00e9viter que d\u2019autres personnes en soient victimes.<\/p><\/div><\/div><\/div><\/div>\n\n\n\n<div class=\"wp-block-rbcwm-media-card rbc-card-col-my rbc-media-card-col col-lg-4 col-md-6 col-12\" data-attr-open-new-tab=\"true\"><div class=\"rbc-card rbc-media-card rbc-card-hover rbc-media-card-stacked-vertical \" data-observe=\"{&quot;add&quot;:&quot;ani-card-up&quot;,&quot;remove&quot;:&quot;ani-card-up-from&quot;}\"><div class=\"rbc-card-wrap\"><div class=\"rbc-card-body \"><div aria-label=\"an image of https:\/\/www.rbcwealthmanagement.com\/en-ca\/wp-content\/uploads\/sites\/5\/2025\/08\/woman-using-calculator.png\" role=\"img\" class=\"rbc-media-card-image\" style=\"background-image:url(https:\/\/www.rbcwealthmanagement.com\/en-ca\/wp-content\/uploads\/sites\/5\/2025\/08\/woman-using-calculator.png)\"><\/div><h3 class=\"rbc-media-card-title rbc-media-card-title-wrap h4\"><a href=\"https:\/\/www.rbcroyalbank.com\/fr-ca\/mes-finances-dabord\/academie-financiere\/cybersecurite\/comprendre-la-cybersecurite\/escroqueries-fiscales-courantes-et-comment-vous-en-proteger\/\" class=\"rbc-media-card-title-link link-chev rbc-card-link-full\"><span>Escroqueries fiscales courantes et comment vous en prot\u00e9ger<\/span><div id=\"rbc93\" class=\"rbc-icon\"><i id=\"rbc93Icon\" aria-hidden=\"true\" class=\"rbc-icon-img fal fa-angle-right\"><\/i><\/div><\/a><\/h3><p class=\"\">Conna\u00eetre les tactiques que les fraudeurs utilisent pendant la p\u00e9riode des imp\u00f4ts peut vous aider \u00e0 garder une longueur d\u2019avance.<\/p><\/div><\/div><\/div><\/div>\n<\/div><\/div>\n<\/div>\n<\/div>\n<\/div><\/div><\/div><\/section>\n","protected":false},"excerpt":{"rendered":"","protected":false},"author":54,"featured_media":0,"parent":0,"menu_order":0,"comment_status":"closed","ping_status":"closed","template":"","meta":{"_acf_changed":false,"editor_notices":[],"rbc_url_alias":"cybersecurity\/how-criminals-make-contact","footnotes":""},"rbcwm_content_owner":[],"class_list":["post-26907","page","type-page","status-publish","hentry"],"acf":[],"yoast_head":"<!-- This site is optimized with the Yoast SEO Premium plugin v24.8 (Yoast SEO v26.8) - https:\/\/yoast.com\/product\/yoast-seo-premium-wordpress\/ -->\n<title>Cybers\u00e9curit\u00e9\u00a0: Comment les cybercriminels prennent contact - RBC Gestion de patrimoine<\/title>\n<meta name=\"robots\" content=\"index, follow, max-snippet:-1, max-image-preview:large, max-video-preview:-1\" \/>\n<link rel=\"canonical\" href=\"https:\/\/www.rbcwealthmanagement.com\/fr-ca\/cybersecurity\/how-criminals-make-contact\" \/>\n<meta property=\"og:locale\" content=\"fr_CA\" \/>\n<meta property=\"og:type\" content=\"article\" \/>\n<meta property=\"og:title\" content=\"Cybers\u00e9curit\u00e9\u00a0: Comment les cybercriminels prennent contact\" \/>\n<meta property=\"og:url\" content=\"https:\/\/www.rbcwealthmanagement.com\/fr-ca\/cybersecurity\/how-criminals-make-contact\" \/>\n<meta property=\"og:site_name\" content=\"RBC Gestion de patrimoine\" \/>\n<meta property=\"article:modified_time\" content=\"2026-01-13T18:04:48+00:00\" \/>\n<meta property=\"og:image\" content=\"https:\/\/www.rbcwealthmanagement.com\/fr-ca\/wp-content\/uploads\/sites\/6\/2023\/02\/share-logo-1200x630-1.png\" \/>\n\t<meta property=\"og:image:width\" content=\"1200\" \/>\n\t<meta property=\"og:image:height\" content=\"630\" \/>\n\t<meta property=\"og:image:type\" content=\"image\/png\" \/>\n<meta name=\"twitter:card\" content=\"summary_large_image\" \/>\n<meta name=\"twitter:label1\" content=\"Est. reading time\" \/>\n\t<meta name=\"twitter:data1\" content=\"1 minute\" \/>\n<script type=\"application\/ld+json\" class=\"yoast-schema-graph\">{\"@context\":\"https:\/\/schema.org\",\"@graph\":[{\"@type\":\"WebPage\",\"@id\":\"https:\/\/www.rbcwealthmanagement.com\/fr-ca\/cybersecurity\/how-criminals-make-contact\",\"url\":\"https:\/\/www.rbcwealthmanagement.com\/fr-ca\/cybersecurity\/how-criminals-make-contact\",\"name\":\"Cybers\u00e9curit\u00e9\u00a0: Comment les cybercriminels prennent contact - RBC Gestion de patrimoine\",\"isPartOf\":{\"@id\":\"https:\/\/www.rbcwealthmanagement.com\/fr-ca\/#website\"},\"datePublished\":\"2025-09-29T18:14:50+00:00\",\"dateModified\":\"2026-01-13T18:04:48+00:00\",\"breadcrumb\":{\"@id\":\"https:\/\/www.rbcwealthmanagement.com\/fr-ca\/cybersecurity\/how-criminals-make-contact#breadcrumb\"},\"inLanguage\":\"fr-CA\",\"potentialAction\":[{\"@type\":\"ReadAction\",\"target\":[\"https:\/\/www.rbcwealthmanagement.com\/fr-ca\/cybersecurity\/how-criminals-make-contact\"]}]},{\"@type\":\"BreadcrumbList\",\"@id\":\"https:\/\/www.rbcwealthmanagement.com\/fr-ca\/cybersecurity\/how-criminals-make-contact#breadcrumb\",\"itemListElement\":[{\"@type\":\"ListItem\",\"position\":1,\"name\":\"Home\",\"item\":\"https:\/\/www.rbcwealthmanagement.com\/fr-ca\/\"},{\"@type\":\"ListItem\",\"position\":2,\"name\":\"Cybers\u00e9curit\u00e9\u00a0: Comment les cybercriminels prennent contact\"}]},{\"@type\":\"WebSite\",\"@id\":\"https:\/\/www.rbcwealthmanagement.com\/fr-ca\/#website\",\"url\":\"https:\/\/www.rbcwealthmanagement.com\/fr-ca\/\",\"name\":\"RBC Gestion de patrimoine\",\"description\":\"\",\"publisher\":{\"@id\":\"https:\/\/www.rbcwealthmanagement.com\/fr-ca\/#organization\"},\"potentialAction\":[{\"@type\":\"SearchAction\",\"target\":{\"@type\":\"EntryPoint\",\"urlTemplate\":\"https:\/\/www.rbcwealthmanagement.com\/fr-ca\/?s={search_term_string}\"},\"query-input\":{\"@type\":\"PropertyValueSpecification\",\"valueRequired\":true,\"valueName\":\"search_term_string\"}}],\"inLanguage\":\"fr-CA\"},{\"@type\":\"Organization\",\"@id\":\"https:\/\/www.rbcwealthmanagement.com\/fr-ca\/#organization\",\"name\":\"RBC Gestion de Patrimoine\",\"alternateName\":\"RBC Gestion de Patrimoine\",\"url\":\"https:\/\/www.rbcwealthmanagement.com\/fr-ca\/\",\"logo\":{\"@type\":\"ImageObject\",\"inLanguage\":\"fr-CA\",\"@id\":\"https:\/\/www.rbcwealthmanagement.com\/fr-ca\/#\/schema\/logo\/image\/\",\"url\":\"https:\/\/www.rbcwealthmanagement.com\/fr-ca\/wp-content\/uploads\/sites\/6\/2023\/02\/rbc.png\",\"contentUrl\":\"https:\/\/www.rbcwealthmanagement.com\/fr-ca\/wp-content\/uploads\/sites\/6\/2023\/02\/rbc.png\",\"width\":3000,\"height\":2000,\"caption\":\"RBC Gestion de Patrimoine\"},\"image\":{\"@id\":\"https:\/\/www.rbcwealthmanagement.com\/fr-ca\/#\/schema\/logo\/image\/\"}}]}<\/script>\n<!-- \/ Yoast SEO Premium plugin. -->","yoast_head_json":{"title":"Cybers\u00e9curit\u00e9\u00a0: Comment les cybercriminels prennent contact - RBC Gestion de patrimoine","robots":{"index":"index","follow":"follow","max-snippet":"max-snippet:-1","max-image-preview":"max-image-preview:large","max-video-preview":"max-video-preview:-1"},"canonical":"https:\/\/www.rbcwealthmanagement.com\/fr-ca\/cybersecurity\/how-criminals-make-contact","og_locale":"fr_CA","og_type":"article","og_title":"Cybers\u00e9curit\u00e9\u00a0: Comment les cybercriminels prennent contact","og_url":"https:\/\/www.rbcwealthmanagement.com\/fr-ca\/cybersecurity\/how-criminals-make-contact","og_site_name":"RBC Gestion de patrimoine","article_modified_time":"2026-01-13T18:04:48+00:00","og_image":[{"width":1200,"height":630,"url":"https:\/\/www.rbcwealthmanagement.com\/fr-ca\/wp-content\/uploads\/sites\/6\/2023\/02\/share-logo-1200x630-1.png","type":"image\/png"}],"twitter_card":"summary_large_image","twitter_misc":{"Est. reading time":"1 minute"},"schema":{"@context":"https:\/\/schema.org","@graph":[{"@type":"WebPage","@id":"https:\/\/www.rbcwealthmanagement.com\/fr-ca\/cybersecurity\/how-criminals-make-contact","url":"https:\/\/www.rbcwealthmanagement.com\/fr-ca\/cybersecurity\/how-criminals-make-contact","name":"Cybers\u00e9curit\u00e9\u00a0: Comment les cybercriminels prennent contact - RBC Gestion de patrimoine","isPartOf":{"@id":"https:\/\/www.rbcwealthmanagement.com\/fr-ca\/#website"},"datePublished":"2025-09-29T18:14:50+00:00","dateModified":"2026-01-13T18:04:48+00:00","breadcrumb":{"@id":"https:\/\/www.rbcwealthmanagement.com\/fr-ca\/cybersecurity\/how-criminals-make-contact#breadcrumb"},"inLanguage":"fr-CA","potentialAction":[{"@type":"ReadAction","target":["https:\/\/www.rbcwealthmanagement.com\/fr-ca\/cybersecurity\/how-criminals-make-contact"]}]},{"@type":"BreadcrumbList","@id":"https:\/\/www.rbcwealthmanagement.com\/fr-ca\/cybersecurity\/how-criminals-make-contact#breadcrumb","itemListElement":[{"@type":"ListItem","position":1,"name":"Home","item":"https:\/\/www.rbcwealthmanagement.com\/fr-ca\/"},{"@type":"ListItem","position":2,"name":"Cybers\u00e9curit\u00e9\u00a0: Comment les cybercriminels prennent contact"}]},{"@type":"WebSite","@id":"https:\/\/www.rbcwealthmanagement.com\/fr-ca\/#website","url":"https:\/\/www.rbcwealthmanagement.com\/fr-ca\/","name":"RBC Gestion de patrimoine","description":"","publisher":{"@id":"https:\/\/www.rbcwealthmanagement.com\/fr-ca\/#organization"},"potentialAction":[{"@type":"SearchAction","target":{"@type":"EntryPoint","urlTemplate":"https:\/\/www.rbcwealthmanagement.com\/fr-ca\/?s={search_term_string}"},"query-input":{"@type":"PropertyValueSpecification","valueRequired":true,"valueName":"search_term_string"}}],"inLanguage":"fr-CA"},{"@type":"Organization","@id":"https:\/\/www.rbcwealthmanagement.com\/fr-ca\/#organization","name":"RBC Gestion de Patrimoine","alternateName":"RBC Gestion de Patrimoine","url":"https:\/\/www.rbcwealthmanagement.com\/fr-ca\/","logo":{"@type":"ImageObject","inLanguage":"fr-CA","@id":"https:\/\/www.rbcwealthmanagement.com\/fr-ca\/#\/schema\/logo\/image\/","url":"https:\/\/www.rbcwealthmanagement.com\/fr-ca\/wp-content\/uploads\/sites\/6\/2023\/02\/rbc.png","contentUrl":"https:\/\/www.rbcwealthmanagement.com\/fr-ca\/wp-content\/uploads\/sites\/6\/2023\/02\/rbc.png","width":3000,"height":2000,"caption":"RBC Gestion de Patrimoine"},"image":{"@id":"https:\/\/www.rbcwealthmanagement.com\/fr-ca\/#\/schema\/logo\/image\/"}}]}},"jetpack_sharing_enabled":true,"publishpress_future_action":{"enabled":false,"date":"2026-04-21 05:35:53","action":"change-status","newStatus":"draft","terms":[],"taxonomy":"rbcwm_content_owner","extraData":[]},"publishpress_future_workflow_manual_trigger":{"enabledWorkflows":[]},"distributor_meta":false,"distributor_terms":false,"distributor_media":false,"distributor_original_site_name":"RBC Gestion de patrimoine","distributor_original_site_url":"https:\/\/www.rbcwealthmanagement.com\/fr-ca","push-errors":false,"last_revision_date":"2026-01-13 13:04:47","_links":{"self":[{"href":"https:\/\/www.rbcwealthmanagement.com\/fr-ca\/wp-json\/wp\/v2\/pages\/26907","targetHints":{"allow":["GET"]}}],"collection":[{"href":"https:\/\/www.rbcwealthmanagement.com\/fr-ca\/wp-json\/wp\/v2\/pages"}],"about":[{"href":"https:\/\/www.rbcwealthmanagement.com\/fr-ca\/wp-json\/wp\/v2\/types\/page"}],"author":[{"embeddable":true,"href":"https:\/\/www.rbcwealthmanagement.com\/fr-ca\/wp-json\/wp\/v2\/users\/54"}],"replies":[{"embeddable":true,"href":"https:\/\/www.rbcwealthmanagement.com\/fr-ca\/wp-json\/wp\/v2\/comments?post=26907"}],"version-history":[{"count":10,"href":"https:\/\/www.rbcwealthmanagement.com\/fr-ca\/wp-json\/wp\/v2\/pages\/26907\/revisions"}],"predecessor-version":[{"id":28098,"href":"https:\/\/www.rbcwealthmanagement.com\/fr-ca\/wp-json\/wp\/v2\/pages\/26907\/revisions\/28098"}],"wp:attachment":[{"href":"https:\/\/www.rbcwealthmanagement.com\/fr-ca\/wp-json\/wp\/v2\/media?parent=26907"}],"wp:term":[{"taxonomy":"rbcwm_content_owner","embeddable":true,"href":"https:\/\/www.rbcwealthmanagement.com\/fr-ca\/wp-json\/wp\/v2\/rbcwm_content_owner?post=26907"}],"curies":[{"name":"wp","href":"https:\/\/api.w.org\/{rel}","templated":true}]}}