{"id":26918,"date":"2025-09-29T14:22:11","date_gmt":"2025-09-29T18:22:11","guid":{"rendered":"https:\/\/www.rbcwealthmanagement.com\/fr-ca\/?page_id=26918"},"modified":"2025-09-29T14:22:12","modified_gmt":"2025-09-29T18:22:12","slug":"cybersecurity-email-scams","status":"publish","type":"page","link":"https:\/\/www.rbcwealthmanagement.com\/fr-ca\/cybersecurity\/email-scams","title":{"rendered":"Cybers\u00e9curit\u00e9\u00a0: Escroquerie par courriel"},"content":{"rendered":"\n<div class=\"wp-block-rbcwm-hero-block rbc-hero-wm  rbc-hero-overlap rbc-hero-overlap-mobile rbc-hero-6aqth18cs hide-mobile-energy-lines\"><style>\n\t\t.rbc-hero-6aqth18cs.is-style-rbc-hero-gradient::before {\n\t\t\tbackground: linear-gradient(90deg, #023169 20%, rgba(94, 120, 131, 0) 60%);\n\t\t}\n\n\t\t.rbc-hero-6aqth18cs.is-style-rbc-hero-gradient.rbc-hero-has-image-bleed::before {\n\t\t\tbackground: linear-gradient(90deg, #023169 20%, rgba(94, 120, 131, 0) 60%);\n\t\t}\n\n\t\t.rbc-hero-6aqth18cs.is-style-rbc-hero-gradient.rbc-hero-has-image-bottom::before {\n\t\t\tbackground: linear-gradient(180deg, #023169 20%, rgba(94, 120, 131, 0) 60%);\n\t\t}\n\n\t\t.rbc-hero-6aqth18cs .rbc-hero-energy-lines.rbc-hero-energy-lines-left {\n\t\t\ttransform: scaleX(-1);\n\t\t}\n\n\t\t@media (max-width: 991px) {\n\t\t\t.rbc-hero-6aqth18cs.is-style-rbc-hero-gradient::before,\n\t\t\t.rbc-hero-6aqth18cs.is-style-rbc-hero-gradient.rbc-hero-has-image-bottom::before,\n\t\t\t.rbc-hero-6aqth18cs.is-style-rbc-hero-gradient.rbc-hero-has-image-bleed::before {\n\t\t\t\tbackground: none;\n\t\t\t}\n\n\t\t\t.rbc-hero-6aqth18cs.rbc-hero-has-image-full.hide-mobile-energy-lines .rbc-hero-energy-lines {\n\t\t\t\tdisplay: none;\n\t\t\t}\n\n\t\t\t.wp-block-rbcwm-hero-block.rbc-hero-6aqth18cs.is-style-rbc-hero-gradient .rbc-hero-img-wrap::after {\n\t\t\t\tbackground: linear-gradient( 0deg, #023169 0%, rgba(94, 120, 131, 0) 25% );\n\t\t\t}\n\t\t\t\n\t\t\t.wp-block-rbcwm-hero-block.rbc-hero-6aqth18cs.is-style-rbc-hero-gradient.rbc-hero-has-image-bottom .rbc-hero-img-wrap::before,\n            .wp-block-rbcwm-hero-block.rbc-hero-6aqth18cs.is-style-rbc-hero-gradient.rbc-hero-has-image-bottom .container .rbc-hero-img-wrap::before {\n\t\t\t\tbackground: linear-gradient( 180deg, #023169 0%, rgba( 94, 120, 131, 0 ) 25% );\n\t\t\t}\n\t\t\t\n\t\t\t.wp-block-rbcwm-hero-block.rbc-hero-6aqth18cs.is-style-rbc-hero-gradient .rbc-hero-card {\n\t\t\t\tbackground: #023169;\n\t\t\t}\n\t\t}\n\t<\/style><div class=\"container\"><div class=\"row no-gutters\"><div class=\"col-lg-12 rbc-hero-card-content\"><div class=\"rbc-card rbc-hero-card rbc-hero has-content\"><div class=\"rbc-card-wrap\"><div class=\"rbc-card-body\"><div class=\"rbc-hero-body-content\"><h1 class=\"rbc-hero-title\"><span>Cybers\u00e9curit\u00e9\u00a0: Escroquerie par courriel<\/span><\/h1><\/div><\/div><\/div><\/div><\/div><div class=\"rbc-hero-img-wrap col-lg-5 order-2 order-lg-1\"><\/div><\/div><\/div><\/div>\n\n\n\n<section class=\"wp-block-rbcwm-rbc-block rbc-block rbc-block-grey has-block-grey-background-color has-background\"><div class=\"container\"><div class=\"row justify-content-center\"><div class=\"col-lg-12\">\n<div class=\"wp-block-rbcwm-columns container\"><div class=\"row justify-content-between wrap blockId-cba554e2-d1b5-43da-b407-b2b74e8a8636\">\n<div class=\"wp-block-rbcwm-column col-lg-4 mt-3 mt-lg-0 order-2 order-lg-0\">\t\t<nav class=\"rbc-sidebar\">\n\t\t\t<ul class=\"menu\">\n\t\t\t\t\t\t\t\t\t<li class=\"menu-item  \"><a href=\"https:\/\/www.rbcwealthmanagement.com\/fr-ca\/cybersecurity\">Cybers\u00e9curit\u00e9\u00a0: Comment RBC vous prot\u00e8ge<\/a>\n\t\t\t\t\t\t\t\t\t\t\t<\/li>\n\t\t\t\t\t\t\t\t\t\t<li class=\"menu-item  \"><a href=\"https:\/\/www.rbcwealthmanagement.com\/fr-ca\/cybersecurity\/how-to-protect-yourself-online\">Protection en ligne<\/a>\n\t\t\t\t\t\t\t\t\t\t\t<\/li>\n\t\t\t\t\t\t\t\t\t\t<li class=\"menu-item  \"><a href=\"https:\/\/www.rbcwealthmanagement.com\/fr-ca\/cybersecurity\/how-criminals-make-contact\">Comment les cybercriminels prennent contact<\/a>\n\t\t\t\t\t\t\t\t\t\t\t\t\t\t<ul class=\"sub-menu\">\n\t\t\t\t\t\t\t\t\t\t\t\t\t\t\t\t\t\t\t<li class=\"sub-menu-item active\"><a href=\"https:\/\/www.rbcwealthmanagement.com\/fr-ca\/cybersecurity\/email-scams\">Escroquerie par courriel<\/a><\/li>\n\t\t\t\t\t\t\t\t\t\t\t\t\t\t\t\t\t\t\t\t<li class=\"sub-menu-item \"><a href=\"https:\/\/www.rbcwealthmanagement.com\/fr-ca\/cybersecurity\/phone-and-messaging-scams\">Escroqueries par t\u00e9l\u00e9phone et par messagerie texte<\/a><\/li>\n\t\t\t\t\t\t\t\t\t\t\t\t\t\t\t\t\t\t\t\t<li class=\"sub-menu-item \"><a href=\"https:\/\/www.rbcwealthmanagement.com\/fr-ca\/cybersecurity\/social-media-scams\">Escroqueries sur les m\u00e9dias sociaux<\/a><\/li>\n\t\t\t\t\t\t\t\t\t\t\t\t\t\t\t\t\t\t\t\t<li class=\"sub-menu-item \"><a href=\"https:\/\/www.rbcwealthmanagement.com\/fr-ca\/cybersecurity\/online-dating-scams\">Escroqueries amoureuses en ligne<\/a><\/li>\n\t\t\t\t\t\t\t\t\t\t\t\t\t\t\t\t\t\t\t\t<li class=\"sub-menu-item \"><a href=\"https:\/\/www.rbcwealthmanagement.com\/fr-ca\/cybersecurity\/tax-scams\">Escroqueries fiscales<\/a><\/li>\n\t\t\t\t\t\t\t\t\t\t\t\t\t\t\t\t\t\t<\/ul>\n\t\t\t\t\t\t\t\t\t\t\t\t<\/li>\n\t\t\t\t\t\t\t\t<\/ul>\n\t\t<\/nav>\n\t\t<\/div>\n\n\n\n<div class=\"wp-block-rbcwm-column col-lg-7\">\n<h3 class=\"wp-block-heading\" id=\"h-prevenir-les-escroqueries-par-courriel\">Pr\u00e9venir les escroqueries par courriel<\/h3>\n\n\n\n<h4 class=\"wp-block-heading\" id=\"h-piratage-psychologique\">Piratage psychologique<\/h4>\n\n\n\n<p>Le piratage psychologique est l\u2019art de manipuler des personnes afin qu\u2019elles divulguent des renseignements confidentiels. Les cybercriminels utilisent souvent cette tactique pour amener leurs victimes \u00e0 leur communiquer leurs mots de passe, leurs renseignements financiers ou les acc\u00e8s \u00e0 leur ordinateur, et ce, afin d\u2019installer en secret des logiciels malveillants.<\/p>\n\n\n\n<ul class=\"wp-block-list\">\n<li>Certains criminels demandent de leur fournir des renseignements personnels, de cliquer sur un lien ou d\u2019ouvrir une pi\u00e8ce jointe.<\/li>\n\n\n\n<li>Ils tentent de faire appel aux \u00e9motions et de cr\u00e9er un sens de l\u2019urgence. Ils peuvent notamment se faire passer pour des employ\u00e9s de RBC&nbsp;Gestion de patrimoine et demander \u00e0 leurs victimes de modifier ou de confirmer un mot de passe en cliquant sur un lien.<\/li>\n\n\n\n<li>Leur objectif consiste g\u00e9n\u00e9ralement \u00e0 implanter des logiciels malveillants dans l\u2019ordinateur ou l\u2019appareil mobile de leurs victimes. Un logiciel malveillant est un logiciel con\u00e7u pour diffuser de la publicit\u00e9 sur des appareils, pour bloquer des appareils jusqu\u2019au versement d\u2019une ran\u00e7on ou pour suivre les activit\u00e9s de personnes en ligne.<\/li>\n<\/ul>\n\n\n\n<h4 class=\"wp-block-heading\" id=\"h-voici-quelques-types-d-escroquerie-par-piratage-psychologique-nbsp\">Voici quelques types d\u2019escroquerie par piratage psychologique&nbsp;:<\/h4>\n\n\n\n<h5 class=\"wp-block-heading\" id=\"h-hameconnage\">Hame\u00e7onnage<\/h5>\n\n\n\n<p>L\u2019hame\u00e7onnage est l\u2019un des types d\u2019escroquerie les plus courants. Les cybercriminels qui utilisent cette tactique peuvent envoyer \u00e0 leurs victimes une fausse offre par courriel (p.&nbsp;ex., voyage, montant d\u2019argent) afin de les inciter \u00e0 fournir des renseignements personnels. De mani\u00e8re g\u00e9n\u00e9rale, ils demandent des renseignements personnels ou financiers.<\/p>\n\n\n\n<p>Voici comment \u00e7a fonctionne<\/p>\n\n\n\n<ul class=\"wp-block-list\">\n<li>Lors d\u2019une tentative d\u2019hame\u00e7onnage, la victime est invit\u00e9e \u00e0 t\u00e9l\u00e9charger un fichier ou \u00e0 ouvrir une pi\u00e8ce jointe. G\u00e9n\u00e9ralement, il s\u2019agit d\u2019un logiciel malveillant.<\/li>\n\n\n\n<li>Ce logiciel aide les cybercriminels \u00e0 acc\u00e9der aux renseignements personnels et financiers de la victime.<\/li>\n<\/ul>\n\n\n\n<p>Ce que vous devez faire<\/p>\n\n\n\n<ul class=\"wp-block-list\">\n<li>La meilleure fa\u00e7on de vous prot\u00e9ger contre les tentatives d\u2019hame\u00e7onnage est de vous demander si l\u2019offre qu\u2019on vous fait est trop belle pour \u00eatre vraie. Si c\u2019est le cas, ne mordez pas \u00e0 l\u2019hame\u00e7on.<\/li>\n\n\n\n<li>Si vous recevez une demande \u00ab&nbsp;urgente&nbsp;\u00bb, v\u00e9rifiez toujours l\u2019identit\u00e9 de la personne qui vous contacte de mani\u00e8re directe ou par t\u00e9l\u00e9phone.<\/li>\n\n\n\n<li>Si vous recevez un courriel suspect de RBC Gestion de patrimoine, transf\u00e9rez-le \u00e0 <a href=\"mailto:phishing@rbc.com\" class=\"link-email\">phishing@rbc.com<\/a> et supprimez-le imm\u00e9diatement apr\u00e8s.<\/li>\n<\/ul>\n\n\n\n<h5 class=\"wp-block-heading\" id=\"h-autres-formes-d-hameconnage\">Autres formes d\u2019hame\u00e7onnage<\/h5>\n\n\n\n<p>Les criminels utilisent tous les moyens \u00e0 leur disposition pour acc\u00e9der \u00e0 vos renseignements. Ils ne se limitent pas aux courriels. Ils utilisent \u00e9galement les messages textes, les messages dans les m\u00e9dias sociaux et les appels t\u00e9l\u00e9phoniques.<\/p>\n\n\n\n<p>Certains cybercriminels personnalisent leurs attaques pour cibler des victimes en fonction des renseignements qu\u2019ils r\u00e9ussissent \u00e0 obtenir (p,&nbsp;ex., par les m\u00e9dias sociaux). Cette tactique, connue sous le nom d\u2019hame\u00e7onnage cibl\u00e9, prend souvent la forme d\u2019un courriel qui semble provenir d\u2019un de vos amis sur les m\u00e9dias sociaux qui vous recommande de visiter un magasin vendant des produits li\u00e9s \u00e0 un passe-temps que vous partagez. Le lien fourni dans le courriel contient un logiciel malveillant.<\/p>\n\n\n\n<h5 class=\"wp-block-heading\" id=\"h-faux-sites-web\">Faux sites Web<\/h5>\n\n\n\n<p>Avez-vous d\u00e9j\u00e0 re\u00e7u un courriel ou un message texte d\u2019une source qui vous semble famili\u00e8re vous demandant de mettre \u00e0 jour votre profil ou de changer votre mot de passe&nbsp;?<\/p>\n\n\n\n<p>La falsification d\u2019un site Web ou d\u2019une adresse courriel vise \u00e0 vous donner l\u2019impression que ce site ou cette adresse provient d\u2019une source l\u00e9gitime ou d\u2019un exp\u00e9diteur connu.<\/p>\n\n\n\n<p>Voici comment \u00e7a fonctionne<\/p>\n\n\n\n<ul class=\"wp-block-list\">\n<li>Les criminels peuvent imiter une adresse \u00e9lectronique ou un lien vers un site Web pour tromper les destinataires et leur faire croire que cette adresse ou ce lien provient d\u2019une source l\u00e9gitime, soit un ami, un membre de la famille ou un repr\u00e9sentant d\u2019une organisation.<\/li>\n\n\n\n<li>Le lien m\u00e8ne vers un site Web qui semble authentique, mais qui n\u2019est qu\u2019une copie conforme du vrai site.<\/li>\n<\/ul>\n\n\n\n<p>Ce que vous devez faire<\/p>\n\n\n\n<ul class=\"wp-block-list\">\n<li>Si vous recevez une communication suspecte, contactez la personne ou l\u2019organisation qui l\u2019a envoy\u00e9e avant de prendre quelque mesure que ce soit.&nbsp;Ne r\u00e9pondez PAS \u00e0 un courriel suspect pour v\u00e9rifier son authenticit\u00e9.<\/li>\n\n\n\n<li>\u00c9vitez de divulguer des renseignements financiers personnels en ligne, y compris par courriel.<\/li>\n\n\n\n<li>Ne cliquez pas sur les pi\u00e8ces jointes ou les liens inconnus.<\/li>\n\n\n\n<li>Si vous soup\u00e7onnez qu\u2019un faux site Web imite le site Web de RBC Gestion de patrimoine, signalez-le \u00e0&nbsp;<a href=\"mailto:phishing@rbc.com\" class=\"link-email\">phishing@rbc.com<\/a>. N\u2019oubliez pas de copier l\u2019adresse URL compl\u00e8te (adresse du site Web) dans le corps du courriel.<\/li>\n<\/ul>\n<\/div>\n<\/div><\/div>\n<\/div><\/div><\/div><\/section>\n","protected":false},"excerpt":{"rendered":"","protected":false},"author":54,"featured_media":0,"parent":0,"menu_order":0,"comment_status":"closed","ping_status":"closed","template":"","meta":{"_acf_changed":false,"editor_notices":[],"rbc_url_alias":"cybersecurity\/email-scams","footnotes":""},"rbcwm_content_owner":[],"class_list":["post-26918","page","type-page","status-publish","hentry"],"acf":[],"yoast_head":"<!-- This site is optimized with the Yoast SEO Premium plugin v24.8 (Yoast SEO v26.8) - https:\/\/yoast.com\/product\/yoast-seo-premium-wordpress\/ -->\n<title>Cybers\u00e9curit\u00e9\u00a0: Escroquerie par courriel - RBC Gestion de patrimoine<\/title>\n<meta name=\"robots\" content=\"index, follow, max-snippet:-1, max-image-preview:large, max-video-preview:-1\" \/>\n<link rel=\"canonical\" href=\"https:\/\/www.rbcwealthmanagement.com\/fr-ca\/cybersecurity\/email-scams\" \/>\n<meta property=\"og:locale\" content=\"fr_CA\" \/>\n<meta property=\"og:type\" content=\"article\" \/>\n<meta property=\"og:title\" content=\"Cybers\u00e9curit\u00e9\u00a0: Escroquerie par courriel\" \/>\n<meta property=\"og:url\" content=\"https:\/\/www.rbcwealthmanagement.com\/fr-ca\/cybersecurity\/email-scams\" \/>\n<meta property=\"og:site_name\" content=\"RBC Gestion de patrimoine\" \/>\n<meta property=\"article:modified_time\" content=\"2025-09-29T18:22:12+00:00\" \/>\n<meta property=\"og:image\" content=\"https:\/\/www.rbcwealthmanagement.com\/fr-ca\/wp-content\/uploads\/sites\/6\/2023\/02\/share-logo-1200x630-1.png\" \/>\n\t<meta property=\"og:image:width\" content=\"1200\" \/>\n\t<meta property=\"og:image:height\" content=\"630\" \/>\n\t<meta property=\"og:image:type\" content=\"image\/png\" \/>\n<meta name=\"twitter:card\" content=\"summary_large_image\" \/>\n<meta name=\"twitter:label1\" content=\"Est. reading time\" \/>\n\t<meta name=\"twitter:data1\" content=\"4 minutes\" \/>\n<script type=\"application\/ld+json\" class=\"yoast-schema-graph\">{\"@context\":\"https:\/\/schema.org\",\"@graph\":[{\"@type\":\"WebPage\",\"@id\":\"https:\/\/www.rbcwealthmanagement.com\/fr-ca\/cybersecurity\/email-scams\",\"url\":\"https:\/\/www.rbcwealthmanagement.com\/fr-ca\/cybersecurity\/email-scams\",\"name\":\"Cybers\u00e9curit\u00e9\u00a0: Escroquerie par courriel - RBC Gestion de patrimoine\",\"isPartOf\":{\"@id\":\"https:\/\/www.rbcwealthmanagement.com\/fr-ca\/#website\"},\"datePublished\":\"2025-09-29T18:22:11+00:00\",\"dateModified\":\"2025-09-29T18:22:12+00:00\",\"breadcrumb\":{\"@id\":\"https:\/\/www.rbcwealthmanagement.com\/fr-ca\/cybersecurity\/email-scams#breadcrumb\"},\"inLanguage\":\"fr-CA\",\"potentialAction\":[{\"@type\":\"ReadAction\",\"target\":[\"https:\/\/www.rbcwealthmanagement.com\/fr-ca\/cybersecurity\/email-scams\"]}]},{\"@type\":\"BreadcrumbList\",\"@id\":\"https:\/\/www.rbcwealthmanagement.com\/fr-ca\/cybersecurity\/email-scams#breadcrumb\",\"itemListElement\":[{\"@type\":\"ListItem\",\"position\":1,\"name\":\"Home\",\"item\":\"https:\/\/www.rbcwealthmanagement.com\/fr-ca\/\"},{\"@type\":\"ListItem\",\"position\":2,\"name\":\"Cybers\u00e9curit\u00e9\u00a0: Escroquerie par courriel\"}]},{\"@type\":\"WebSite\",\"@id\":\"https:\/\/www.rbcwealthmanagement.com\/fr-ca\/#website\",\"url\":\"https:\/\/www.rbcwealthmanagement.com\/fr-ca\/\",\"name\":\"RBC Gestion de patrimoine\",\"description\":\"\",\"publisher\":{\"@id\":\"https:\/\/www.rbcwealthmanagement.com\/fr-ca\/#organization\"},\"potentialAction\":[{\"@type\":\"SearchAction\",\"target\":{\"@type\":\"EntryPoint\",\"urlTemplate\":\"https:\/\/www.rbcwealthmanagement.com\/fr-ca\/?s={search_term_string}\"},\"query-input\":{\"@type\":\"PropertyValueSpecification\",\"valueRequired\":true,\"valueName\":\"search_term_string\"}}],\"inLanguage\":\"fr-CA\"},{\"@type\":\"Organization\",\"@id\":\"https:\/\/www.rbcwealthmanagement.com\/fr-ca\/#organization\",\"name\":\"RBC Gestion de Patrimoine\",\"alternateName\":\"RBC Gestion de Patrimoine\",\"url\":\"https:\/\/www.rbcwealthmanagement.com\/fr-ca\/\",\"logo\":{\"@type\":\"ImageObject\",\"inLanguage\":\"fr-CA\",\"@id\":\"https:\/\/www.rbcwealthmanagement.com\/fr-ca\/#\/schema\/logo\/image\/\",\"url\":\"https:\/\/www.rbcwealthmanagement.com\/fr-ca\/wp-content\/uploads\/sites\/6\/2023\/02\/rbc.png\",\"contentUrl\":\"https:\/\/www.rbcwealthmanagement.com\/fr-ca\/wp-content\/uploads\/sites\/6\/2023\/02\/rbc.png\",\"width\":3000,\"height\":2000,\"caption\":\"RBC Gestion de Patrimoine\"},\"image\":{\"@id\":\"https:\/\/www.rbcwealthmanagement.com\/fr-ca\/#\/schema\/logo\/image\/\"}}]}<\/script>\n<!-- \/ Yoast SEO Premium plugin. -->","yoast_head_json":{"title":"Cybers\u00e9curit\u00e9\u00a0: Escroquerie par courriel - RBC Gestion de patrimoine","robots":{"index":"index","follow":"follow","max-snippet":"max-snippet:-1","max-image-preview":"max-image-preview:large","max-video-preview":"max-video-preview:-1"},"canonical":"https:\/\/www.rbcwealthmanagement.com\/fr-ca\/cybersecurity\/email-scams","og_locale":"fr_CA","og_type":"article","og_title":"Cybers\u00e9curit\u00e9\u00a0: Escroquerie par courriel","og_url":"https:\/\/www.rbcwealthmanagement.com\/fr-ca\/cybersecurity\/email-scams","og_site_name":"RBC Gestion de patrimoine","article_modified_time":"2025-09-29T18:22:12+00:00","og_image":[{"width":1200,"height":630,"url":"https:\/\/www.rbcwealthmanagement.com\/fr-ca\/wp-content\/uploads\/sites\/6\/2023\/02\/share-logo-1200x630-1.png","type":"image\/png"}],"twitter_card":"summary_large_image","twitter_misc":{"Est. reading time":"4 minutes"},"schema":{"@context":"https:\/\/schema.org","@graph":[{"@type":"WebPage","@id":"https:\/\/www.rbcwealthmanagement.com\/fr-ca\/cybersecurity\/email-scams","url":"https:\/\/www.rbcwealthmanagement.com\/fr-ca\/cybersecurity\/email-scams","name":"Cybers\u00e9curit\u00e9\u00a0: Escroquerie par courriel - RBC Gestion de patrimoine","isPartOf":{"@id":"https:\/\/www.rbcwealthmanagement.com\/fr-ca\/#website"},"datePublished":"2025-09-29T18:22:11+00:00","dateModified":"2025-09-29T18:22:12+00:00","breadcrumb":{"@id":"https:\/\/www.rbcwealthmanagement.com\/fr-ca\/cybersecurity\/email-scams#breadcrumb"},"inLanguage":"fr-CA","potentialAction":[{"@type":"ReadAction","target":["https:\/\/www.rbcwealthmanagement.com\/fr-ca\/cybersecurity\/email-scams"]}]},{"@type":"BreadcrumbList","@id":"https:\/\/www.rbcwealthmanagement.com\/fr-ca\/cybersecurity\/email-scams#breadcrumb","itemListElement":[{"@type":"ListItem","position":1,"name":"Home","item":"https:\/\/www.rbcwealthmanagement.com\/fr-ca\/"},{"@type":"ListItem","position":2,"name":"Cybers\u00e9curit\u00e9\u00a0: Escroquerie par courriel"}]},{"@type":"WebSite","@id":"https:\/\/www.rbcwealthmanagement.com\/fr-ca\/#website","url":"https:\/\/www.rbcwealthmanagement.com\/fr-ca\/","name":"RBC Gestion de patrimoine","description":"","publisher":{"@id":"https:\/\/www.rbcwealthmanagement.com\/fr-ca\/#organization"},"potentialAction":[{"@type":"SearchAction","target":{"@type":"EntryPoint","urlTemplate":"https:\/\/www.rbcwealthmanagement.com\/fr-ca\/?s={search_term_string}"},"query-input":{"@type":"PropertyValueSpecification","valueRequired":true,"valueName":"search_term_string"}}],"inLanguage":"fr-CA"},{"@type":"Organization","@id":"https:\/\/www.rbcwealthmanagement.com\/fr-ca\/#organization","name":"RBC Gestion de Patrimoine","alternateName":"RBC Gestion de Patrimoine","url":"https:\/\/www.rbcwealthmanagement.com\/fr-ca\/","logo":{"@type":"ImageObject","inLanguage":"fr-CA","@id":"https:\/\/www.rbcwealthmanagement.com\/fr-ca\/#\/schema\/logo\/image\/","url":"https:\/\/www.rbcwealthmanagement.com\/fr-ca\/wp-content\/uploads\/sites\/6\/2023\/02\/rbc.png","contentUrl":"https:\/\/www.rbcwealthmanagement.com\/fr-ca\/wp-content\/uploads\/sites\/6\/2023\/02\/rbc.png","width":3000,"height":2000,"caption":"RBC Gestion de Patrimoine"},"image":{"@id":"https:\/\/www.rbcwealthmanagement.com\/fr-ca\/#\/schema\/logo\/image\/"}}]}},"jetpack_sharing_enabled":true,"publishpress_future_action":{"enabled":false,"date":"2026-04-16 10:43:51","action":"change-status","newStatus":"draft","terms":[],"taxonomy":"rbcwm_content_owner","extraData":[]},"publishpress_future_workflow_manual_trigger":{"enabledWorkflows":[]},"distributor_meta":false,"distributor_terms":false,"distributor_media":false,"distributor_original_site_name":"RBC Gestion de patrimoine","distributor_original_site_url":"https:\/\/www.rbcwealthmanagement.com\/fr-ca","push-errors":false,"last_revision_date":"2025-09-29 14:22:03","_links":{"self":[{"href":"https:\/\/www.rbcwealthmanagement.com\/fr-ca\/wp-json\/wp\/v2\/pages\/26918","targetHints":{"allow":["GET"]}}],"collection":[{"href":"https:\/\/www.rbcwealthmanagement.com\/fr-ca\/wp-json\/wp\/v2\/pages"}],"about":[{"href":"https:\/\/www.rbcwealthmanagement.com\/fr-ca\/wp-json\/wp\/v2\/types\/page"}],"author":[{"embeddable":true,"href":"https:\/\/www.rbcwealthmanagement.com\/fr-ca\/wp-json\/wp\/v2\/users\/54"}],"replies":[{"embeddable":true,"href":"https:\/\/www.rbcwealthmanagement.com\/fr-ca\/wp-json\/wp\/v2\/comments?post=26918"}],"version-history":[{"count":2,"href":"https:\/\/www.rbcwealthmanagement.com\/fr-ca\/wp-json\/wp\/v2\/pages\/26918\/revisions"}],"predecessor-version":[{"id":27036,"href":"https:\/\/www.rbcwealthmanagement.com\/fr-ca\/wp-json\/wp\/v2\/pages\/26918\/revisions\/27036"}],"wp:attachment":[{"href":"https:\/\/www.rbcwealthmanagement.com\/fr-ca\/wp-json\/wp\/v2\/media?parent=26918"}],"wp:term":[{"taxonomy":"rbcwm_content_owner","embeddable":true,"href":"https:\/\/www.rbcwealthmanagement.com\/fr-ca\/wp-json\/wp\/v2\/rbcwm_content_owner?post=26918"}],"curies":[{"name":"wp","href":"https:\/\/api.w.org\/{rel}","templated":true}]}}