{"id":26938,"date":"2025-09-29T17:13:42","date_gmt":"2025-09-29T21:13:42","guid":{"rendered":"https:\/\/www.rbcwealthmanagement.com\/fr-ca\/?page_id=26938"},"modified":"2025-09-29T17:17:10","modified_gmt":"2025-09-29T21:17:10","slug":"cybersecurity-tax-scams","status":"publish","type":"page","link":"https:\/\/www.rbcwealthmanagement.com\/fr-ca\/cybersecurity\/tax-scams","title":{"rendered":"Cybers\u00e9curit\u00e9 : Escroqueries fiscales"},"content":{"rendered":"\n<div class=\"wp-block-rbcwm-hero-block rbc-hero-wm  rbc-hero-overlap rbc-hero-overlap-mobile rbc-hero-7ywgfza4e hide-mobile-energy-lines\"><style>\n\t\t.rbc-hero-7ywgfza4e.is-style-rbc-hero-gradient::before {\n\t\t\tbackground: linear-gradient(90deg, #023169 20%, rgba(94, 120, 131, 0) 60%);\n\t\t}\n\n\t\t.rbc-hero-7ywgfza4e.is-style-rbc-hero-gradient.rbc-hero-has-image-bleed::before {\n\t\t\tbackground: linear-gradient(90deg, #023169 20%, rgba(94, 120, 131, 0) 60%);\n\t\t}\n\n\t\t.rbc-hero-7ywgfza4e.is-style-rbc-hero-gradient.rbc-hero-has-image-bottom::before {\n\t\t\tbackground: linear-gradient(180deg, #023169 20%, rgba(94, 120, 131, 0) 60%);\n\t\t}\n\n\t\t.rbc-hero-7ywgfza4e .rbc-hero-energy-lines.rbc-hero-energy-lines-left {\n\t\t\ttransform: scaleX(-1);\n\t\t}\n\n\t\t@media (max-width: 991px) {\n\t\t\t.rbc-hero-7ywgfza4e.is-style-rbc-hero-gradient::before,\n\t\t\t.rbc-hero-7ywgfza4e.is-style-rbc-hero-gradient.rbc-hero-has-image-bottom::before,\n\t\t\t.rbc-hero-7ywgfza4e.is-style-rbc-hero-gradient.rbc-hero-has-image-bleed::before {\n\t\t\t\tbackground: none;\n\t\t\t}\n\n\t\t\t.rbc-hero-7ywgfza4e.rbc-hero-has-image-full.hide-mobile-energy-lines .rbc-hero-energy-lines {\n\t\t\t\tdisplay: none;\n\t\t\t}\n\n\t\t\t.wp-block-rbcwm-hero-block.rbc-hero-7ywgfza4e.is-style-rbc-hero-gradient .rbc-hero-img-wrap::after {\n\t\t\t\tbackground: linear-gradient( 0deg, #023169 0%, rgba(94, 120, 131, 0) 25% );\n\t\t\t}\n\t\t\t\n\t\t\t.wp-block-rbcwm-hero-block.rbc-hero-7ywgfza4e.is-style-rbc-hero-gradient.rbc-hero-has-image-bottom .rbc-hero-img-wrap::before,\n            .wp-block-rbcwm-hero-block.rbc-hero-7ywgfza4e.is-style-rbc-hero-gradient.rbc-hero-has-image-bottom .container .rbc-hero-img-wrap::before {\n\t\t\t\tbackground: linear-gradient( 180deg, #023169 0%, rgba( 94, 120, 131, 0 ) 25% );\n\t\t\t}\n\t\t\t\n\t\t\t.wp-block-rbcwm-hero-block.rbc-hero-7ywgfza4e.is-style-rbc-hero-gradient .rbc-hero-card {\n\t\t\t\tbackground: #023169;\n\t\t\t}\n\t\t}\n\t<\/style><div class=\"container\"><div class=\"row no-gutters\"><div class=\"col-lg-12 rbc-hero-card-content\"><div class=\"rbc-card rbc-hero-card rbc-hero has-content\"><div class=\"rbc-card-wrap\"><div class=\"rbc-card-body\"><div class=\"rbc-hero-body-content\"><h1 class=\"rbc-hero-title\"><span>Cybers\u00e9curit\u00e9 : Escroqueries fiscales<\/span><\/h1><\/div><\/div><\/div><\/div><\/div><div class=\"rbc-hero-img-wrap col-lg-5 order-2 order-lg-1\"><\/div><\/div><\/div><\/div>\n\n\n\n<section class=\"wp-block-rbcwm-rbc-block rbc-block rbc-block-grey has-block-grey-background-color has-background\"><div class=\"container\"><div class=\"row justify-content-center\"><div class=\"col-lg-12\">\n<div class=\"wp-block-rbcwm-columns container\"><div class=\"row justify-content-between wrap blockId-82958f70-9cd7-4212-9b40-46c39c7b2fc5\">\n<div class=\"wp-block-rbcwm-column col-lg-4 mt-3 mt-lg-0 order-2 order-lg-0\">\t\t<nav class=\"rbc-sidebar\">\n\t\t\t<ul class=\"menu\">\n\t\t\t\t\t\t\t\t\t<li class=\"menu-item  \"><a href=\"https:\/\/www.rbcwealthmanagement.com\/fr-ca\/cybersecurity\">Cybers\u00e9curit\u00e9\u00a0: Comment RBC vous prot\u00e8ge<\/a>\n\t\t\t\t\t\t\t\t\t\t\t<\/li>\n\t\t\t\t\t\t\t\t\t\t<li class=\"menu-item  \"><a href=\"https:\/\/www.rbcwealthmanagement.com\/fr-ca\/cybersecurity\/how-to-protect-yourself-online\">Protection en ligne<\/a>\n\t\t\t\t\t\t\t\t\t\t\t<\/li>\n\t\t\t\t\t\t\t\t\t\t<li class=\"menu-item  \"><a href=\"https:\/\/www.rbcwealthmanagement.com\/fr-ca\/cybersecurity\/how-criminals-make-contact\">Comment les cybercriminels prennent contact<\/a>\n\t\t\t\t\t\t\t\t\t\t\t\t\t\t<ul class=\"sub-menu\">\n\t\t\t\t\t\t\t\t\t\t\t\t\t\t\t\t\t\t\t<li class=\"sub-menu-item \"><a href=\"https:\/\/www.rbcwealthmanagement.com\/fr-ca\/cybersecurity\/email-scams\">Escroquerie par courriel<\/a><\/li>\n\t\t\t\t\t\t\t\t\t\t\t\t\t\t\t\t\t\t\t\t<li class=\"sub-menu-item \"><a href=\"https:\/\/www.rbcwealthmanagement.com\/fr-ca\/cybersecurity\/phone-and-messaging-scams\">Escroqueries par t\u00e9l\u00e9phone et par messagerie texte<\/a><\/li>\n\t\t\t\t\t\t\t\t\t\t\t\t\t\t\t\t\t\t\t\t<li class=\"sub-menu-item \"><a href=\"https:\/\/www.rbcwealthmanagement.com\/fr-ca\/cybersecurity\/social-media-scams\">Escroqueries sur les m\u00e9dias sociaux<\/a><\/li>\n\t\t\t\t\t\t\t\t\t\t\t\t\t\t\t\t\t\t\t\t<li class=\"sub-menu-item \"><a href=\"https:\/\/www.rbcwealthmanagement.com\/fr-ca\/cybersecurity\/online-dating-scams\">Escroqueries amoureuses en ligne<\/a><\/li>\n\t\t\t\t\t\t\t\t\t\t\t\t\t\t\t\t\t\t\t\t<li class=\"sub-menu-item active\"><a href=\"https:\/\/www.rbcwealthmanagement.com\/fr-ca\/cybersecurity\/tax-scams\">Escroqueries fiscales<\/a><\/li>\n\t\t\t\t\t\t\t\t\t\t\t\t\t\t\t\t\t\t<\/ul>\n\t\t\t\t\t\t\t\t\t\t\t\t<\/li>\n\t\t\t\t\t\t\t\t<\/ul>\n\t\t<\/nav>\n\t\t<\/div>\n\n\n\n<div class=\"wp-block-rbcwm-column col-lg-7\">\n<h3 class=\"wp-block-heading\" id=\"h-prevenir-les-escroqueries-fiscales\">Pr\u00e9venir les escroqueries fiscales<\/h3>\n\n\n\n<p>Les contribuables devraient \u00eatre vigilants lorsqu\u2019ils re\u00e7oivent des communications suspectes provenant suppos\u00e9ment de l\u2019Agence du revenu du Canada (ARC) leur demandant de fournir des renseignements personnels, comme leur num\u00e9ro d\u2019assurance sociale, leur num\u00e9ro de carte de cr\u00e9dit, le num\u00e9ro d\u2019un compte ou leur num\u00e9ro de passeport.<\/p>\n\n\n\n<p>L\u2019escroquerie fiscale commence g\u00e9n\u00e9ralement par une attaque <a href=\"https:\/\/www.rbcwealthmanagement.com\/fr-ca\/cybersecurity\/phone-and-messaging-scams\" data-type=\"link\" data-id=\"https:\/\/www.rbcwealthmanagement.com\/fr-ca\/cybersecurity\/phone-and-messaging-scams\">par hame\u00e7onnage vocal<\/a>, <a href=\"https:\/\/www.rbcwealthmanagement.com\/fr-ca\/cybersecurity\/email-scams\" data-type=\"link\" data-id=\"https:\/\/www.rbcwealthmanagement.com\/fr-ca\/cybersecurity\/email-scams\">par courriel<\/a> ou par <a href=\"https:\/\/www.rbcwealthmanagement.com\/fr-ca\/cybersecurity\/phone-and-messaging-scams\" data-type=\"link\" data-id=\"https:\/\/www.rbcwealthmanagement.com\/fr-ca\/cybersecurity\/phone-and-messaging-scams\">messagerie \u00e9lectronique<\/a>. Lors de cette attaque, on pr\u00e9cise que vous devez payer de l\u2019imp\u00f4t ou recevoir un remboursement plus important que pr\u00e9vu. Le criminel se fait passer pour un agent de l\u2019ARC afin de recueillir des renseignements personnels ou de vous pousser \u00e0 effectuer un paiement.<\/p>\n\n\n\n<p>Voici comment \u00e7a fonctionne<\/p>\n\n\n\n<ul class=\"wp-block-list\">\n<li>Les contribuables devraient \u00eatre vigilants lorsqu\u2019ils re\u00e7oivent des communications suspectes provenant suppos\u00e9ment de l\u2019Agence du revenu du Canada (ARC) leur demandant de fournir des renseignements personnels, comme leur num\u00e9ro d\u2019assurance sociale, leur num\u00e9ro de carte de cr\u00e9dit, le num\u00e9ro d\u2019un compte ou leur num\u00e9ro de passeport.<\/li>\n\n\n\n<li>L\u2019escroquerie fiscale commence g\u00e9n\u00e9ralement par une attaque par hame\u00e7onnage vocal, par courriel ou par messagerie \u00e9lectronique. Lors de cette attaque, on pr\u00e9cise que vous devez payer de l\u2019imp\u00f4t ou recevoir un remboursement plus important que pr\u00e9vu. Le criminel se fait passer pour un agent de l\u2019ARC afin de recueillir des renseignements personnels ou de vous pousser \u00e0 effectuer un paiement.<\/li>\n\n\n\n<li>Voici comment \u00e7a fonctionne<\/li>\n<\/ul>\n\n\n\n<p>Ce que vous devez faire<\/p>\n\n\n\n<ul class=\"wp-block-list\">\n<li>N\u2019oubliez pas que l\u2019ARC ne vous demandera jamais de fournir des renseignements personnels ou confidentiels par t\u00e9l\u00e9phone, par courriel ou par message texte.<\/li>\n\n\n\n<li>Si vous pensez \u00eatre victime d\u2019une fraude ou si vous avez fourni par erreur des renseignements personnels ou financiers, communiquez sans tarder avec votre conseiller en placement.<\/li>\n<\/ul>\n<\/div>\n<\/div><\/div>\n<\/div><\/div><\/div><\/section>\n","protected":false},"excerpt":{"rendered":"","protected":false},"author":54,"featured_media":0,"parent":0,"menu_order":0,"comment_status":"closed","ping_status":"closed","template":"","meta":{"_acf_changed":false,"editor_notices":[],"rbc_url_alias":"cybersecurity\/tax-scams","footnotes":""},"rbcwm_content_owner":[],"class_list":["post-26938","page","type-page","status-publish","hentry"],"acf":[],"yoast_head":"<!-- This site is optimized with the Yoast SEO Premium plugin v24.8 (Yoast SEO v26.8) - https:\/\/yoast.com\/product\/yoast-seo-premium-wordpress\/ -->\n<title>Cybers\u00e9curit\u00e9 : Escroqueries fiscales - RBC Gestion de patrimoine<\/title>\n<meta name=\"robots\" content=\"index, follow, max-snippet:-1, max-image-preview:large, max-video-preview:-1\" \/>\n<link rel=\"canonical\" href=\"https:\/\/www.rbcwealthmanagement.com\/fr-ca\/cybersecurity\/tax-scams\" \/>\n<meta property=\"og:locale\" content=\"fr_CA\" \/>\n<meta property=\"og:type\" content=\"article\" \/>\n<meta property=\"og:title\" content=\"Cybers\u00e9curit\u00e9 : Escroqueries fiscales\" \/>\n<meta property=\"og:url\" content=\"https:\/\/www.rbcwealthmanagement.com\/fr-ca\/cybersecurity\/tax-scams\" \/>\n<meta property=\"og:site_name\" content=\"RBC Gestion de patrimoine\" \/>\n<meta property=\"article:modified_time\" content=\"2025-09-29T21:17:10+00:00\" \/>\n<meta property=\"og:image\" content=\"https:\/\/www.rbcwealthmanagement.com\/fr-ca\/wp-content\/uploads\/sites\/6\/2023\/02\/share-logo-1200x630-1.png\" \/>\n\t<meta property=\"og:image:width\" content=\"1200\" \/>\n\t<meta property=\"og:image:height\" content=\"630\" \/>\n\t<meta property=\"og:image:type\" content=\"image\/png\" \/>\n<meta name=\"twitter:card\" content=\"summary_large_image\" \/>\n<meta name=\"twitter:label1\" content=\"Est. reading time\" \/>\n\t<meta name=\"twitter:data1\" content=\"2 minutes\" \/>\n<script type=\"application\/ld+json\" class=\"yoast-schema-graph\">{\"@context\":\"https:\/\/schema.org\",\"@graph\":[{\"@type\":\"WebPage\",\"@id\":\"https:\/\/www.rbcwealthmanagement.com\/fr-ca\/cybersecurity\/tax-scams\",\"url\":\"https:\/\/www.rbcwealthmanagement.com\/fr-ca\/cybersecurity\/tax-scams\",\"name\":\"Cybers\u00e9curit\u00e9 : Escroqueries fiscales - RBC Gestion de patrimoine\",\"isPartOf\":{\"@id\":\"https:\/\/www.rbcwealthmanagement.com\/fr-ca\/#website\"},\"datePublished\":\"2025-09-29T21:13:42+00:00\",\"dateModified\":\"2025-09-29T21:17:10+00:00\",\"breadcrumb\":{\"@id\":\"https:\/\/www.rbcwealthmanagement.com\/fr-ca\/cybersecurity\/tax-scams#breadcrumb\"},\"inLanguage\":\"fr-CA\",\"potentialAction\":[{\"@type\":\"ReadAction\",\"target\":[\"https:\/\/www.rbcwealthmanagement.com\/fr-ca\/cybersecurity\/tax-scams\"]}]},{\"@type\":\"BreadcrumbList\",\"@id\":\"https:\/\/www.rbcwealthmanagement.com\/fr-ca\/cybersecurity\/tax-scams#breadcrumb\",\"itemListElement\":[{\"@type\":\"ListItem\",\"position\":1,\"name\":\"Home\",\"item\":\"https:\/\/www.rbcwealthmanagement.com\/fr-ca\/\"},{\"@type\":\"ListItem\",\"position\":2,\"name\":\"Cybers\u00e9curit\u00e9 : Escroqueries fiscales\"}]},{\"@type\":\"WebSite\",\"@id\":\"https:\/\/www.rbcwealthmanagement.com\/fr-ca\/#website\",\"url\":\"https:\/\/www.rbcwealthmanagement.com\/fr-ca\/\",\"name\":\"RBC Gestion de patrimoine\",\"description\":\"\",\"publisher\":{\"@id\":\"https:\/\/www.rbcwealthmanagement.com\/fr-ca\/#organization\"},\"potentialAction\":[{\"@type\":\"SearchAction\",\"target\":{\"@type\":\"EntryPoint\",\"urlTemplate\":\"https:\/\/www.rbcwealthmanagement.com\/fr-ca\/?s={search_term_string}\"},\"query-input\":{\"@type\":\"PropertyValueSpecification\",\"valueRequired\":true,\"valueName\":\"search_term_string\"}}],\"inLanguage\":\"fr-CA\"},{\"@type\":\"Organization\",\"@id\":\"https:\/\/www.rbcwealthmanagement.com\/fr-ca\/#organization\",\"name\":\"RBC Gestion de Patrimoine\",\"alternateName\":\"RBC Gestion de Patrimoine\",\"url\":\"https:\/\/www.rbcwealthmanagement.com\/fr-ca\/\",\"logo\":{\"@type\":\"ImageObject\",\"inLanguage\":\"fr-CA\",\"@id\":\"https:\/\/www.rbcwealthmanagement.com\/fr-ca\/#\/schema\/logo\/image\/\",\"url\":\"https:\/\/www.rbcwealthmanagement.com\/fr-ca\/wp-content\/uploads\/sites\/6\/2023\/02\/rbc.png\",\"contentUrl\":\"https:\/\/www.rbcwealthmanagement.com\/fr-ca\/wp-content\/uploads\/sites\/6\/2023\/02\/rbc.png\",\"width\":3000,\"height\":2000,\"caption\":\"RBC Gestion de Patrimoine\"},\"image\":{\"@id\":\"https:\/\/www.rbcwealthmanagement.com\/fr-ca\/#\/schema\/logo\/image\/\"}}]}<\/script>\n<!-- \/ Yoast SEO Premium plugin. -->","yoast_head_json":{"title":"Cybers\u00e9curit\u00e9 : Escroqueries fiscales - RBC Gestion de patrimoine","robots":{"index":"index","follow":"follow","max-snippet":"max-snippet:-1","max-image-preview":"max-image-preview:large","max-video-preview":"max-video-preview:-1"},"canonical":"https:\/\/www.rbcwealthmanagement.com\/fr-ca\/cybersecurity\/tax-scams","og_locale":"fr_CA","og_type":"article","og_title":"Cybers\u00e9curit\u00e9 : Escroqueries fiscales","og_url":"https:\/\/www.rbcwealthmanagement.com\/fr-ca\/cybersecurity\/tax-scams","og_site_name":"RBC Gestion de patrimoine","article_modified_time":"2025-09-29T21:17:10+00:00","og_image":[{"width":1200,"height":630,"url":"https:\/\/www.rbcwealthmanagement.com\/fr-ca\/wp-content\/uploads\/sites\/6\/2023\/02\/share-logo-1200x630-1.png","type":"image\/png"}],"twitter_card":"summary_large_image","twitter_misc":{"Est. reading time":"2 minutes"},"schema":{"@context":"https:\/\/schema.org","@graph":[{"@type":"WebPage","@id":"https:\/\/www.rbcwealthmanagement.com\/fr-ca\/cybersecurity\/tax-scams","url":"https:\/\/www.rbcwealthmanagement.com\/fr-ca\/cybersecurity\/tax-scams","name":"Cybers\u00e9curit\u00e9 : Escroqueries fiscales - RBC Gestion de patrimoine","isPartOf":{"@id":"https:\/\/www.rbcwealthmanagement.com\/fr-ca\/#website"},"datePublished":"2025-09-29T21:13:42+00:00","dateModified":"2025-09-29T21:17:10+00:00","breadcrumb":{"@id":"https:\/\/www.rbcwealthmanagement.com\/fr-ca\/cybersecurity\/tax-scams#breadcrumb"},"inLanguage":"fr-CA","potentialAction":[{"@type":"ReadAction","target":["https:\/\/www.rbcwealthmanagement.com\/fr-ca\/cybersecurity\/tax-scams"]}]},{"@type":"BreadcrumbList","@id":"https:\/\/www.rbcwealthmanagement.com\/fr-ca\/cybersecurity\/tax-scams#breadcrumb","itemListElement":[{"@type":"ListItem","position":1,"name":"Home","item":"https:\/\/www.rbcwealthmanagement.com\/fr-ca\/"},{"@type":"ListItem","position":2,"name":"Cybers\u00e9curit\u00e9 : Escroqueries fiscales"}]},{"@type":"WebSite","@id":"https:\/\/www.rbcwealthmanagement.com\/fr-ca\/#website","url":"https:\/\/www.rbcwealthmanagement.com\/fr-ca\/","name":"RBC Gestion de patrimoine","description":"","publisher":{"@id":"https:\/\/www.rbcwealthmanagement.com\/fr-ca\/#organization"},"potentialAction":[{"@type":"SearchAction","target":{"@type":"EntryPoint","urlTemplate":"https:\/\/www.rbcwealthmanagement.com\/fr-ca\/?s={search_term_string}"},"query-input":{"@type":"PropertyValueSpecification","valueRequired":true,"valueName":"search_term_string"}}],"inLanguage":"fr-CA"},{"@type":"Organization","@id":"https:\/\/www.rbcwealthmanagement.com\/fr-ca\/#organization","name":"RBC Gestion de Patrimoine","alternateName":"RBC Gestion de Patrimoine","url":"https:\/\/www.rbcwealthmanagement.com\/fr-ca\/","logo":{"@type":"ImageObject","inLanguage":"fr-CA","@id":"https:\/\/www.rbcwealthmanagement.com\/fr-ca\/#\/schema\/logo\/image\/","url":"https:\/\/www.rbcwealthmanagement.com\/fr-ca\/wp-content\/uploads\/sites\/6\/2023\/02\/rbc.png","contentUrl":"https:\/\/www.rbcwealthmanagement.com\/fr-ca\/wp-content\/uploads\/sites\/6\/2023\/02\/rbc.png","width":3000,"height":2000,"caption":"RBC Gestion de Patrimoine"},"image":{"@id":"https:\/\/www.rbcwealthmanagement.com\/fr-ca\/#\/schema\/logo\/image\/"}}]}},"jetpack_sharing_enabled":true,"publishpress_future_action":{"enabled":false,"date":"2026-04-19 13:39:47","action":"change-status","newStatus":"draft","terms":[],"taxonomy":"rbcwm_content_owner","extraData":[]},"publishpress_future_workflow_manual_trigger":{"enabledWorkflows":[]},"distributor_meta":false,"distributor_terms":false,"distributor_media":false,"distributor_original_site_name":"RBC Gestion de patrimoine","distributor_original_site_url":"https:\/\/www.rbcwealthmanagement.com\/fr-ca","push-errors":false,"last_revision_date":"2025-09-29 17:17:09","_links":{"self":[{"href":"https:\/\/www.rbcwealthmanagement.com\/fr-ca\/wp-json\/wp\/v2\/pages\/26938","targetHints":{"allow":["GET"]}}],"collection":[{"href":"https:\/\/www.rbcwealthmanagement.com\/fr-ca\/wp-json\/wp\/v2\/pages"}],"about":[{"href":"https:\/\/www.rbcwealthmanagement.com\/fr-ca\/wp-json\/wp\/v2\/types\/page"}],"author":[{"embeddable":true,"href":"https:\/\/www.rbcwealthmanagement.com\/fr-ca\/wp-json\/wp\/v2\/users\/54"}],"replies":[{"embeddable":true,"href":"https:\/\/www.rbcwealthmanagement.com\/fr-ca\/wp-json\/wp\/v2\/comments?post=26938"}],"version-history":[{"count":4,"href":"https:\/\/www.rbcwealthmanagement.com\/fr-ca\/wp-json\/wp\/v2\/pages\/26938\/revisions"}],"predecessor-version":[{"id":27051,"href":"https:\/\/www.rbcwealthmanagement.com\/fr-ca\/wp-json\/wp\/v2\/pages\/26938\/revisions\/27051"}],"wp:attachment":[{"href":"https:\/\/www.rbcwealthmanagement.com\/fr-ca\/wp-json\/wp\/v2\/media?parent=26938"}],"wp:term":[{"taxonomy":"rbcwm_content_owner","embeddable":true,"href":"https:\/\/www.rbcwealthmanagement.com\/fr-ca\/wp-json\/wp\/v2\/rbcwm_content_owner?post=26938"}],"curies":[{"name":"wp","href":"https:\/\/api.w.org\/{rel}","templated":true}]}}