{"id":2795,"date":"2023-05-18T10:22:02","date_gmt":"2021-11-16T10:29:46","guid":{"rendered":"https:\/\/www.rbcwealthmanagement.com\/fr-ca\/?page_id=2795"},"modified":"2026-01-12T10:50:24","modified_gmt":"2026-01-12T15:50:24","slug":"research-resources","status":"publish","type":"page","link":"https:\/\/www.rbcwealthmanagement.com\/fr-ca\/research-resources","title":{"rendered":"Ressources pour les recherches"},"content":{"rendered":"\n<div class=\"wp-block-rbcwm-hero-block rbc-hero-wm  rbc-hero-overlap rbc-hero-overlap-mobile rbc-hero-mbwsjaaa1 hide-mobile-energy-lines\"><style>\n\t\t.rbc-hero-mbwsjaaa1.is-style-rbc-hero-gradient::before {\n\t\t\tbackground: linear-gradient(90deg, #023169 20%, rgba(94, 120, 131, 0) 60%);\n\t\t}\n\n\t\t.rbc-hero-mbwsjaaa1.is-style-rbc-hero-gradient.rbc-hero-has-image-bleed::before {\n\t\t\tbackground: linear-gradient(90deg, #023169 20%, rgba(94, 120, 131, 0) 60%);\n\t\t}\n\n\t\t.rbc-hero-mbwsjaaa1.is-style-rbc-hero-gradient.rbc-hero-has-image-bottom::before {\n\t\t\tbackground: linear-gradient(180deg, #023169 20%, rgba(94, 120, 131, 0) 60%);\n\t\t}\n\n\t\t.rbc-hero-mbwsjaaa1 .rbc-hero-energy-lines.rbc-hero-energy-lines-left {\n\t\t\ttransform: scaleX(-1);\n\t\t}\n\n\t\t@media (max-width: 991px) {\n\t\t\t.rbc-hero-mbwsjaaa1.is-style-rbc-hero-gradient::before,\n\t\t\t.rbc-hero-mbwsjaaa1.is-style-rbc-hero-gradient.rbc-hero-has-image-bottom::before,\n\t\t\t.rbc-hero-mbwsjaaa1.is-style-rbc-hero-gradient.rbc-hero-has-image-bleed::before {\n\t\t\t\tbackground: none;\n\t\t\t}\n\n\t\t\t.rbc-hero-mbwsjaaa1.rbc-hero-has-image-full.hide-mobile-energy-lines .rbc-hero-energy-lines {\n\t\t\t\tdisplay: none;\n\t\t\t}\n\n\t\t\t.wp-block-rbcwm-hero-block.rbc-hero-mbwsjaaa1.is-style-rbc-hero-gradient .rbc-hero-img-wrap::after {\n\t\t\t\tbackground: linear-gradient( 0deg, #023169 0%, rgba(94, 120, 131, 0) 25% );\n\t\t\t}\n\t\t\t\n\t\t\t.wp-block-rbcwm-hero-block.rbc-hero-mbwsjaaa1.is-style-rbc-hero-gradient.rbc-hero-has-image-bottom .rbc-hero-img-wrap::before,\n            .wp-block-rbcwm-hero-block.rbc-hero-mbwsjaaa1.is-style-rbc-hero-gradient.rbc-hero-has-image-bottom .container .rbc-hero-img-wrap::before {\n\t\t\t\tbackground: linear-gradient( 180deg, #023169 0%, rgba( 94, 120, 131, 0 ) 25% );\n\t\t\t}\n\t\t\t\n\t\t\t.wp-block-rbcwm-hero-block.rbc-hero-mbwsjaaa1.is-style-rbc-hero-gradient .rbc-hero-card {\n\t\t\t\tbackground: #023169;\n\t\t\t}\n\t\t}\n\t<\/style><div class=\"container\"><div class=\"row no-gutters\"><div class=\"col-lg-12 rbc-hero-card-content\"><div class=\"rbc-card rbc-hero-card rbc-hero has-content\"><div class=\"rbc-card-wrap\"><div class=\"rbc-card-body\"><div class=\"rbc-hero-body-content\"><h1 class=\"rbc-hero-title\"><span>Ressources pour les recherches<\/span><\/h1><\/div><\/div><\/div><\/div><\/div><div class=\"rbc-hero-img-wrap col-lg-5 order-2 order-lg-1\"><\/div><\/div><\/div><\/div>\n\n\n\n<section class=\"wp-block-rbcwm-rbc-block rbc-block rbc-block-grey has-block-grey-background-color has-background\"><div class=\"container\"><div class=\"row \"><div class=\"col-lg-12\">\n<div class=\"row no-gutters wrap blockId-2502dea3-252c-4c77-be8b-1b81f12619ae\">\n<div class=\"wp-block-rbcwm-column col-lg-8\">\n<p>Le pr\u00e9sent document est produit par le Comit\u00e9 des Services-conseils en gestion mondiale de portefeuille qui fait partie du groupe Services-conseils en gestion de portefeuille de RBC Gestion de patrimoine. Le groupe Services-conseils en gestion de portefeuille de RBC Gestion de patrimoine offre un soutien en mati\u00e8re de r\u00e9partition de l\u2019actif et d\u2019\u00e9laboration de portefeuilles aux conseillers en placement et aux conseillers financiers de l\u2019entreprise qui cr\u00e9ent des portefeuilles comprenant des titres n\u00e9gociables. Le Comit\u00e9 se fonde sur les perspectives g\u00e9n\u00e9rales du march\u00e9 \u00e9tablies par le Comit\u00e9 des strat\u00e9gies de placement RBC (CSPR) pour assurer un soutien tactique et th\u00e9matique suppl\u00e9mentaire au moyen des recherches effectu\u00e9es par le CSPR, RBC March\u00e9s des Capitaux et des tiers.<\/p>\n\n\n\n<h4 class=\"wp-block-heading\" id=\"h-membres-du-comite-des-services-conseils-en-gestion-mondiale-de-portefeuille-nbsp\">Membres du Comit\u00e9 des Services-conseils en gestion mondiale de portefeuille&nbsp;:<\/h4>\n\n\n\n<ul class=\"wp-block-list\">\n<li><strong>Jim Allworth \u2013&nbsp;<\/strong>copr\u00e9sident, Strat\u00e9giste, Placements, RBC Dominion valeurs mobili\u00e8res Inc.<\/li>\n\n\n\n<li><strong>Kelly Bogdanova \u2013&nbsp;<\/strong>copr\u00e9sidente, Analyste de portefeuille, Services-conseils en gestion de portefeuille \u2013 Actions am\u00e9ricaines, RBC Gestion de patrimoine, RBC Capital Markets, LLC<\/li>\n\n\n\n<li><strong>Fr\u00e9d\u00e9rique Carrier \u2013&nbsp;<\/strong>copr\u00e9sidente, Premi\u00e8re directrice g\u00e9n\u00e9rale, chef, Strat\u00e9gies de placement, RBC Europe Limited<\/li>\n\n\n\n<li><strong>Luis Castillo \u2013\u00a0<\/strong>vice-pr\u00e9sidente et\u00a0chef, strat\u00e9gies de titres \u00e0 revenu fixe, RBC Gestion de patrimoine, Services-conseils en gestion de portefeuille, RBC Dominion valeurs mobili\u00e8res Inc.<\/li>\n\n\n\n<li><strong>Rufaro Chiriseri, CFA&nbsp;<\/strong>\u2013 chef, Titres \u00e0 revenu fixe, \u00celes Britanniques, RBC Europe Limited<\/li>\n\n\n\n<li><strong>Janet Engels \u2013&nbsp;<\/strong>vice-pr\u00e9sidente et chef, Placements mondiaux, RBC&nbsp;Gestion de patrimoine, RBC&nbsp;Capital Markets, LLC<\/li>\n\n\n\n<li><strong>Thomas Garretson, CFA \u2013&nbsp;<\/strong>premier strat\u00e9giste, Portefeuille de titres \u00e0 revenu fixe, Services-conseils en gestion de portefeuille, RBC Gestion de patrimoine, RBC Capital Markets, LLC<\/li>\n\n\n\n<li><strong>Patrick McAllister, CFA \u2013&nbsp;<\/strong>directeur, Services-conseils sur actions et gestion de portefeuille, Services-conseils en gestion de portefeuille, RBC Dominion valeurs mobili\u00e8res Inc.<\/li>\n\n\n\n<li><strong>Sean Naughton, CFA &#8211;<\/strong> chef, Groupe-conseil en gestion de portefeuille &#8211; \u00c9tats-Unis, RBC Gestion de patrimoine, RBC Capital Markets, LLC<\/li>\n\n\n\n<li><strong>Alan Robinson \u2013&nbsp;<\/strong>premier conseiller en gestion de portefeuille, Services-conseils en gestion de portefeuille \u2013 Actions am\u00e9ricaines, RBC Gestion de patrimoine, RBC Capital Markets, LLC<\/li>\n\n\n\n<li><strong>Michael Schuette, CFA \u2013&nbsp;<\/strong>strat\u00e9giste, Portefeuilles d\u2019actifs multiples, Services-conseils en gestion de portefeuille \u2013 Etats\u2011Unis, RBC Gestion de patrimoine, RBC Capital Markets, LLC<\/li>\n\n\n\n<li><strong>David Storm, CFA, CAIA&nbsp;\u2013 <\/strong>chef des placements, \u00celes Britanniques et Asie, RBC Europe Limited<\/li>\n\n\n\n<li><strong>Yuh Harn Tan<\/strong>&nbsp;<strong>\u2013<\/strong> chef, Gestion de portefeuille discr\u00e9tionnaire et solutions client\u00e8le ultrafortun\u00e9e, Banque Royale du Canada, succursale de Singapour<\/li>\n\n\n\n<li><strong>Joseph Wu, CFA&nbsp;\u2013<\/strong> gestionnaire de portefeuille, Strat\u00e9gie d\u2019actifs multiples, RBC Dominion valeurs mobili\u00e8res Inc.<\/li>\n<\/ul>\n\n\n\n<p>Le Comit\u00e9 des strat\u00e9gies de placement RBC (CSPR) est compos\u00e9 de professionnels des placements des \u00e9chelons sup\u00e9rieurs, qui proviennent d\u2019unit\u00e9s op\u00e9rationnelles du secteur d\u00e9tail de RBC, notamment le groupe Services-conseils en gestion de portefeuille. Le CSPR \u00e9labore des perspectives g\u00e9n\u00e9rales pour les placements mondiaux et \u00e9tablit des lignes directrices pouvant servir \u00e0 la gestion de portefeuilles.<\/p>\n<\/div>\n<\/div>\n<\/div><\/div><\/div><\/section>\n\n\n\n<section class=\"wp-block-rbcwm-rbc-block rbc-block rbc-block-flush-bottom rbc-block-grey rbc-block-has-overlap rbc-block-small has-block-grey-background-color has-background\"><div class=\"container\"><div class=\"row \"><div class=\"col-lg-12\"><\/div><\/div><\/div><\/section>\n","protected":false},"excerpt":{"rendered":"","protected":false},"author":68,"featured_media":0,"parent":0,"menu_order":0,"comment_status":"closed","ping_status":"closed","template":"","meta":{"_acf_changed":false,"editor_notices":[],"rbc_url_alias":"research-resources","footnotes":""},"rbcwm_content_owner":[],"class_list":["post-2795","page","type-page","status-publish","hentry"],"acf":[],"yoast_head":"<!-- This site is optimized with the Yoast SEO Premium plugin v24.8 (Yoast SEO v26.8) - https:\/\/yoast.com\/product\/yoast-seo-premium-wordpress\/ -->\n<title>Ressources pour les recherches - RBC Gestion de patrimoine<\/title>\n<meta name=\"description\" content=\"Ressources pour les recherches Le pr\u00e9sent document est produit par le Comit\u00e9 des Services-conseils en gestion mondiale de portefeuille qui fait partie du\" \/>\n<meta name=\"robots\" content=\"index, follow, max-snippet:-1, max-image-preview:large, max-video-preview:-1\" \/>\n<link rel=\"canonical\" href=\"https:\/\/www.rbcwealthmanagement.com\/fr-ca\/research-resources\" \/>\n<meta property=\"og:locale\" content=\"fr_CA\" \/>\n<meta property=\"og:type\" content=\"article\" \/>\n<meta property=\"og:title\" content=\"Ressources pour les recherches\" \/>\n<meta property=\"og:description\" content=\"Ressources pour les recherches Le pr\u00e9sent document est produit par le Comit\u00e9 des Services-conseils en gestion mondiale de portefeuille qui fait partie du\" \/>\n<meta property=\"og:url\" content=\"https:\/\/www.rbcwealthmanagement.com\/fr-ca\/research-resources\" \/>\n<meta property=\"og:site_name\" content=\"RBC Gestion de patrimoine\" \/>\n<meta property=\"article:modified_time\" content=\"2026-01-12T15:50:24+00:00\" \/>\n<meta property=\"og:image\" content=\"https:\/\/www.rbcwealthmanagement.com\/fr-ca\/wp-content\/uploads\/sites\/6\/2023\/02\/share-logo-1200x630-1.png\" \/>\n\t<meta property=\"og:image:width\" content=\"1200\" \/>\n\t<meta property=\"og:image:height\" content=\"630\" \/>\n\t<meta property=\"og:image:type\" content=\"image\/png\" \/>\n<meta name=\"twitter:card\" content=\"summary_large_image\" \/>\n<meta name=\"twitter:title\" content=\"Ressources pour les recherches\" \/>\n<meta name=\"twitter:label1\" content=\"Est. reading time\" \/>\n\t<meta name=\"twitter:data1\" content=\"3 minutes\" \/>\n<script type=\"application\/ld+json\" class=\"yoast-schema-graph\">{\"@context\":\"https:\/\/schema.org\",\"@graph\":[{\"@type\":\"WebPage\",\"@id\":\"https:\/\/www.rbcwealthmanagement.com\/fr-ca\/research-resources\",\"url\":\"https:\/\/www.rbcwealthmanagement.com\/fr-ca\/research-resources\",\"name\":\"Ressources pour les recherches - RBC Gestion de patrimoine\",\"isPartOf\":{\"@id\":\"https:\/\/www.rbcwealthmanagement.com\/fr-ca\/#website\"},\"datePublished\":\"2021-11-16T10:29:46+00:00\",\"dateModified\":\"2026-01-12T15:50:24+00:00\",\"description\":\"Ressources pour les recherches Le pr\u00e9sent document est produit par le Comit\u00e9 des Services-conseils en gestion mondiale de portefeuille qui fait partie du\",\"breadcrumb\":{\"@id\":\"https:\/\/www.rbcwealthmanagement.com\/fr-ca\/research-resources#breadcrumb\"},\"inLanguage\":\"fr-CA\",\"potentialAction\":[{\"@type\":\"ReadAction\",\"target\":[\"https:\/\/www.rbcwealthmanagement.com\/fr-ca\/research-resources\"]}]},{\"@type\":\"BreadcrumbList\",\"@id\":\"https:\/\/www.rbcwealthmanagement.com\/fr-ca\/research-resources#breadcrumb\",\"itemListElement\":[{\"@type\":\"ListItem\",\"position\":1,\"name\":\"Home\",\"item\":\"https:\/\/www.rbcwealthmanagement.com\/fr-ca\/\"},{\"@type\":\"ListItem\",\"position\":2,\"name\":\"Ressources pour les recherches\"}]},{\"@type\":\"WebSite\",\"@id\":\"https:\/\/www.rbcwealthmanagement.com\/fr-ca\/#website\",\"url\":\"https:\/\/www.rbcwealthmanagement.com\/fr-ca\/\",\"name\":\"RBC Gestion de patrimoine\",\"description\":\"\",\"publisher\":{\"@id\":\"https:\/\/www.rbcwealthmanagement.com\/fr-ca\/#organization\"},\"potentialAction\":[{\"@type\":\"SearchAction\",\"target\":{\"@type\":\"EntryPoint\",\"urlTemplate\":\"https:\/\/www.rbcwealthmanagement.com\/fr-ca\/?s={search_term_string}\"},\"query-input\":{\"@type\":\"PropertyValueSpecification\",\"valueRequired\":true,\"valueName\":\"search_term_string\"}}],\"inLanguage\":\"fr-CA\"},{\"@type\":\"Organization\",\"@id\":\"https:\/\/www.rbcwealthmanagement.com\/fr-ca\/#organization\",\"name\":\"RBC Gestion de Patrimoine\",\"alternateName\":\"RBC Gestion de Patrimoine\",\"url\":\"https:\/\/www.rbcwealthmanagement.com\/fr-ca\/\",\"logo\":{\"@type\":\"ImageObject\",\"inLanguage\":\"fr-CA\",\"@id\":\"https:\/\/www.rbcwealthmanagement.com\/fr-ca\/#\/schema\/logo\/image\/\",\"url\":\"https:\/\/www.rbcwealthmanagement.com\/fr-ca\/wp-content\/uploads\/sites\/6\/2023\/02\/rbc.png\",\"contentUrl\":\"https:\/\/www.rbcwealthmanagement.com\/fr-ca\/wp-content\/uploads\/sites\/6\/2023\/02\/rbc.png\",\"width\":3000,\"height\":2000,\"caption\":\"RBC Gestion de Patrimoine\"},\"image\":{\"@id\":\"https:\/\/www.rbcwealthmanagement.com\/fr-ca\/#\/schema\/logo\/image\/\"}}]}<\/script>\n<!-- \/ Yoast SEO Premium plugin. -->","yoast_head_json":{"title":"Ressources pour les recherches - RBC Gestion de patrimoine","description":"Ressources pour les recherches Le pr\u00e9sent document est produit par le Comit\u00e9 des Services-conseils en gestion mondiale de portefeuille qui fait partie du","robots":{"index":"index","follow":"follow","max-snippet":"max-snippet:-1","max-image-preview":"max-image-preview:large","max-video-preview":"max-video-preview:-1"},"canonical":"https:\/\/www.rbcwealthmanagement.com\/fr-ca\/research-resources","og_locale":"fr_CA","og_type":"article","og_title":"Ressources pour les recherches","og_description":"Ressources pour les recherches Le pr\u00e9sent document est produit par le Comit\u00e9 des Services-conseils en gestion mondiale de portefeuille qui fait partie du","og_url":"https:\/\/www.rbcwealthmanagement.com\/fr-ca\/research-resources","og_site_name":"RBC Gestion de patrimoine","article_modified_time":"2026-01-12T15:50:24+00:00","og_image":[{"width":1200,"height":630,"url":"https:\/\/www.rbcwealthmanagement.com\/fr-ca\/wp-content\/uploads\/sites\/6\/2023\/02\/share-logo-1200x630-1.png","type":"image\/png"}],"twitter_card":"summary_large_image","twitter_title":"Ressources pour les recherches","twitter_misc":{"Est. reading time":"3 minutes"},"schema":{"@context":"https:\/\/schema.org","@graph":[{"@type":"WebPage","@id":"https:\/\/www.rbcwealthmanagement.com\/fr-ca\/research-resources","url":"https:\/\/www.rbcwealthmanagement.com\/fr-ca\/research-resources","name":"Ressources pour les recherches - RBC Gestion de patrimoine","isPartOf":{"@id":"https:\/\/www.rbcwealthmanagement.com\/fr-ca\/#website"},"datePublished":"2021-11-16T10:29:46+00:00","dateModified":"2026-01-12T15:50:24+00:00","description":"Ressources pour les recherches Le pr\u00e9sent document est produit par le Comit\u00e9 des Services-conseils en gestion mondiale de portefeuille qui fait partie du","breadcrumb":{"@id":"https:\/\/www.rbcwealthmanagement.com\/fr-ca\/research-resources#breadcrumb"},"inLanguage":"fr-CA","potentialAction":[{"@type":"ReadAction","target":["https:\/\/www.rbcwealthmanagement.com\/fr-ca\/research-resources"]}]},{"@type":"BreadcrumbList","@id":"https:\/\/www.rbcwealthmanagement.com\/fr-ca\/research-resources#breadcrumb","itemListElement":[{"@type":"ListItem","position":1,"name":"Home","item":"https:\/\/www.rbcwealthmanagement.com\/fr-ca\/"},{"@type":"ListItem","position":2,"name":"Ressources pour les recherches"}]},{"@type":"WebSite","@id":"https:\/\/www.rbcwealthmanagement.com\/fr-ca\/#website","url":"https:\/\/www.rbcwealthmanagement.com\/fr-ca\/","name":"RBC Gestion de patrimoine","description":"","publisher":{"@id":"https:\/\/www.rbcwealthmanagement.com\/fr-ca\/#organization"},"potentialAction":[{"@type":"SearchAction","target":{"@type":"EntryPoint","urlTemplate":"https:\/\/www.rbcwealthmanagement.com\/fr-ca\/?s={search_term_string}"},"query-input":{"@type":"PropertyValueSpecification","valueRequired":true,"valueName":"search_term_string"}}],"inLanguage":"fr-CA"},{"@type":"Organization","@id":"https:\/\/www.rbcwealthmanagement.com\/fr-ca\/#organization","name":"RBC Gestion de Patrimoine","alternateName":"RBC Gestion de Patrimoine","url":"https:\/\/www.rbcwealthmanagement.com\/fr-ca\/","logo":{"@type":"ImageObject","inLanguage":"fr-CA","@id":"https:\/\/www.rbcwealthmanagement.com\/fr-ca\/#\/schema\/logo\/image\/","url":"https:\/\/www.rbcwealthmanagement.com\/fr-ca\/wp-content\/uploads\/sites\/6\/2023\/02\/rbc.png","contentUrl":"https:\/\/www.rbcwealthmanagement.com\/fr-ca\/wp-content\/uploads\/sites\/6\/2023\/02\/rbc.png","width":3000,"height":2000,"caption":"RBC Gestion de Patrimoine"},"image":{"@id":"https:\/\/www.rbcwealthmanagement.com\/fr-ca\/#\/schema\/logo\/image\/"}}]}},"jetpack_sharing_enabled":true,"publishpress_future_action":{"enabled":false,"date":"2026-05-18 15:12:31","action":"change-status","newStatus":"draft","terms":[],"taxonomy":"rbcwm_content_owner","extraData":[]},"publishpress_future_workflow_manual_trigger":{"enabledWorkflows":[]},"distributor_meta":false,"distributor_terms":false,"distributor_media":false,"distributor_original_site_name":"RBC Gestion de patrimoine","distributor_original_site_url":"https:\/\/www.rbcwealthmanagement.com\/fr-ca","push-errors":false,"last_revision_date":"2026-01-12 10:50:23","_links":{"self":[{"href":"https:\/\/www.rbcwealthmanagement.com\/fr-ca\/wp-json\/wp\/v2\/pages\/2795","targetHints":{"allow":["GET"]}}],"collection":[{"href":"https:\/\/www.rbcwealthmanagement.com\/fr-ca\/wp-json\/wp\/v2\/pages"}],"about":[{"href":"https:\/\/www.rbcwealthmanagement.com\/fr-ca\/wp-json\/wp\/v2\/types\/page"}],"author":[{"embeddable":true,"href":"https:\/\/www.rbcwealthmanagement.com\/fr-ca\/wp-json\/wp\/v2\/users\/68"}],"replies":[{"embeddable":true,"href":"https:\/\/www.rbcwealthmanagement.com\/fr-ca\/wp-json\/wp\/v2\/comments?post=2795"}],"version-history":[{"count":14,"href":"https:\/\/www.rbcwealthmanagement.com\/fr-ca\/wp-json\/wp\/v2\/pages\/2795\/revisions"}],"predecessor-version":[{"id":28091,"href":"https:\/\/www.rbcwealthmanagement.com\/fr-ca\/wp-json\/wp\/v2\/pages\/2795\/revisions\/28091"}],"wp:attachment":[{"href":"https:\/\/www.rbcwealthmanagement.com\/fr-ca\/wp-json\/wp\/v2\/media?parent=2795"}],"wp:term":[{"taxonomy":"rbcwm_content_owner","embeddable":true,"href":"https:\/\/www.rbcwealthmanagement.com\/fr-ca\/wp-json\/wp\/v2\/rbcwm_content_owner?post=2795"}],"curies":[{"name":"wp","href":"https:\/\/api.w.org\/{rel}","templated":true}]}}