{"id":2801,"date":"2023-05-18T11:03:40","date_gmt":"2021-10-29T11:27:04","guid":{"rendered":"https:\/\/www.rbcwealthmanagement.com\/fr-ca\/?page_id=2801"},"modified":"2023-11-01T10:46:02","modified_gmt":"2023-11-01T14:46:02","slug":"terms-and-conditions","status":"publish","type":"page","link":"https:\/\/www.rbcwealthmanagement.com\/fr-ca\/terms-and-conditions","title":{"rendered":"Terms and Conditions"},"content":{"rendered":"\n<div class=\"wp-block-rbcwm-hero-block rbc-hero-wm  rbc-hero-overlap rbc-hero-overlap-mobile\"><div class=\"container\"><div class=\"row no-gutters\"><div class=\"col-lg-12\"><div class=\"rbc-card rbc-hero-card rbc-hero\"><div class=\"rbc-card-wrap\"><div class=\"rbc-card-body\"><div class=\"rbc-hero-body-content\"><h1 class=\"rbc-hero-title\"><span>Conditions<\/span><\/h1><\/div><\/div><\/div><\/div><\/div><\/div><\/div><\/div>\n\n\n\n<section class=\"wp-block-rbcwm-rbc-block rbc-block rbc-block-grey has-block-grey-background-color has-background\"><div class=\"container\"><div class=\"row \"><div class=\"col-lg-12\">\n<div class=\"row no-gutters wrap blockId-26ffb3f1-baf9-4847-9625-a417d0c3d350\">\n<div class=\"wp-block-rbcwm-column col-lg-8\">\n<p>iPhone, iPod touch et iPad sont des marques de commerce d\u2019Apple Inc., d\u00e9pos\u00e9es aux \u00c9tats-Unis et dans d\u2019autres pays. App Store est une marque de service d\u2019Apple Inc.<\/p>\n\n\n\n<p><sup>\u2021&nbsp;<\/sup>Android et Google Play sont des marques de commerce de Google Inc. Samsung Galaxy S III et Samsung Galaxy S4 sont des marques de commerce de Samsung Electronics Canada, Inc. ou de ses entit\u00e9s li\u00e9es, utilis\u00e9es avec autorisation. * Toutes les autres marques de commerce appartiennent \u00e0 leur propri\u00e9taire respectif.<\/p>\n\n\n\n<p><sup>^<\/sup>Disponible seulement l\u00e0 o\u00f9 la loi le permet. Les produits, les services et les titres mentionn\u00e9s sur ce site Web sont offerts uniquement au Canada et dans les territoires o\u00f9 la loi autorise leur mise en vente. L\u2019information fournie sur ce site Web ne doit pas \u00eatre consid\u00e9r\u00e9e comme une offre de vente par RBC Dominion valeurs mobili\u00e8res de titres particuliers dans tout territoire autre que le Canada.<\/p>\n\n\n\n<p>1) L\u2019appli Mobile RBC est exploit\u00e9e par Banque Royale du Canada, RBC Placements en Direct Inc. et RBC Dominion valeurs mobili\u00e8res Inc.<\/p>\n\n\n\n<p>2) Les cotes en temps r\u00e9el sont offertes une fois que le client a accept\u00e9 les modalit\u00e9s de chaque convention boursi\u00e8re sur le site RBC Dominion valeurs mobili\u00e8res en ligne.<\/p>\n\n\n\n<p>3) Pour conna\u00eetre la d\u00e9finition d\u2019une op\u00e9ration non autoris\u00e9e et tous les d\u00e9tails des protections et des limites propres aux garanties de s\u00e9curit\u00e9 en ligne, veuillez consulter votre compte ou les conventions en ligne des entit\u00e9s concern\u00e9es. Les garanties sont fournies par Banque Royale du Canada \u00e0 l\u2019\u00e9gard de son service bancaire en ligne et par RBC Dominion valeurs mobili\u00e8res \u00e0 l\u2019\u00e9gard de son service en ligne.<\/p>\n\n\n\n<p>4) Des frais de 1 $ ou de 1,50 $ peuvent \u00eatre imput\u00e9s \u00e0 l\u2019exp\u00e9diteur de chaque Virement<em>Interac<\/em>.<\/p>\n\n\n\n<p>5) Les frais standards de messagerie et de donn\u00e9es s\u2019appliquent.<\/p>\n<\/div>\n<\/div>\n<\/div><\/div><\/div><\/section>\n","protected":false},"excerpt":{"rendered":"","protected":false},"author":35,"featured_media":0,"parent":0,"menu_order":0,"comment_status":"closed","ping_status":"closed","template":"","meta":{"_acf_changed":false,"editor_notices":[],"rbc_url_alias":"terms-and-conditions","footnotes":""},"rbcwm_content_owner":[],"class_list":["post-2801","page","type-page","status-publish","hentry"],"acf":[],"yoast_head":"<!-- This site is optimized with the Yoast SEO Premium plugin v24.8 (Yoast SEO v26.8) - https:\/\/yoast.com\/product\/yoast-seo-premium-wordpress\/ -->\n<title>Terms and Conditions - RBC Gestion de patrimoine<\/title>\n<meta name=\"description\" content=\"Conditions iPhone, iPod touch et iPad sont des marques de commerce d\u2019Apple Inc., d\u00e9pos\u00e9es aux \u00c9tats-Unis et dans d\u2019autres pays. App Store est une marque\" \/>\n<meta name=\"robots\" content=\"index, follow, max-snippet:-1, max-image-preview:large, max-video-preview:-1\" \/>\n<link rel=\"canonical\" href=\"https:\/\/www.rbcwealthmanagement.com\/fr-ca\/terms-and-conditions\" \/>\n<meta property=\"og:locale\" content=\"fr_CA\" \/>\n<meta property=\"og:type\" content=\"article\" \/>\n<meta property=\"og:title\" content=\"Terms and Conditions\" \/>\n<meta property=\"og:description\" content=\"Conditions iPhone, iPod touch et iPad sont des marques de commerce d\u2019Apple Inc., d\u00e9pos\u00e9es aux \u00c9tats-Unis et dans d\u2019autres pays. App Store est une marque\" \/>\n<meta property=\"og:url\" content=\"https:\/\/www.rbcwealthmanagement.com\/fr-ca\/terms-and-conditions\" \/>\n<meta property=\"og:site_name\" content=\"RBC Gestion de patrimoine\" \/>\n<meta property=\"article:modified_time\" content=\"2023-11-01T14:46:02+00:00\" \/>\n<meta property=\"og:image\" content=\"https:\/\/www.rbcwealthmanagement.com\/fr-ca\/wp-content\/uploads\/sites\/6\/2023\/02\/share-logo-1200x630-1.png\" \/>\n\t<meta property=\"og:image:width\" content=\"1200\" \/>\n\t<meta property=\"og:image:height\" content=\"630\" \/>\n\t<meta property=\"og:image:type\" content=\"image\/png\" \/>\n<meta name=\"twitter:card\" content=\"summary_large_image\" \/>\n<meta name=\"twitter:title\" content=\"Terms and Conditions\" \/>\n<meta name=\"twitter:label1\" content=\"Est. reading time\" \/>\n\t<meta name=\"twitter:data1\" content=\"2 minutes\" \/>\n<script type=\"application\/ld+json\" class=\"yoast-schema-graph\">{\"@context\":\"https:\/\/schema.org\",\"@graph\":[{\"@type\":\"WebPage\",\"@id\":\"https:\/\/www.rbcwealthmanagement.com\/fr-ca\/terms-and-conditions\/\",\"url\":\"https:\/\/www.rbcwealthmanagement.com\/fr-ca\/terms-and-conditions\/\",\"name\":\"Terms and Conditions - RBC Gestion de patrimoine\",\"isPartOf\":{\"@id\":\"https:\/\/www.rbcwealthmanagement.com\/fr-ca\/#website\"},\"datePublished\":\"2021-10-29T11:27:04+00:00\",\"dateModified\":\"2023-11-01T14:46:02+00:00\",\"description\":\"Conditions iPhone, iPod touch et iPad sont des marques de commerce d\u2019Apple Inc., d\u00e9pos\u00e9es aux \u00c9tats-Unis et dans d\u2019autres pays. App Store est une marque\",\"breadcrumb\":{\"@id\":\"https:\/\/www.rbcwealthmanagement.com\/fr-ca\/terms-and-conditions\/#breadcrumb\"},\"inLanguage\":\"fr-CA\",\"potentialAction\":[{\"@type\":\"ReadAction\",\"target\":[\"https:\/\/www.rbcwealthmanagement.com\/fr-ca\/terms-and-conditions\/\"]}]},{\"@type\":\"BreadcrumbList\",\"@id\":\"https:\/\/www.rbcwealthmanagement.com\/fr-ca\/terms-and-conditions\/#breadcrumb\",\"itemListElement\":[{\"@type\":\"ListItem\",\"position\":1,\"name\":\"Home\",\"item\":\"https:\/\/www.rbcwealthmanagement.com\/fr-ca\/\"},{\"@type\":\"ListItem\",\"position\":2,\"name\":\"Terms and Conditions\"}]},{\"@type\":\"WebSite\",\"@id\":\"https:\/\/www.rbcwealthmanagement.com\/fr-ca\/#website\",\"url\":\"https:\/\/www.rbcwealthmanagement.com\/fr-ca\/\",\"name\":\"RBC Gestion de patrimoine\",\"description\":\"\",\"publisher\":{\"@id\":\"https:\/\/www.rbcwealthmanagement.com\/fr-ca\/#organization\"},\"potentialAction\":[{\"@type\":\"SearchAction\",\"target\":{\"@type\":\"EntryPoint\",\"urlTemplate\":\"https:\/\/www.rbcwealthmanagement.com\/fr-ca\/?s={search_term_string}\"},\"query-input\":{\"@type\":\"PropertyValueSpecification\",\"valueRequired\":true,\"valueName\":\"search_term_string\"}}],\"inLanguage\":\"fr-CA\"},{\"@type\":\"Organization\",\"@id\":\"https:\/\/www.rbcwealthmanagement.com\/fr-ca\/#organization\",\"name\":\"RBC Gestion de Patrimoine\",\"alternateName\":\"RBC Gestion de Patrimoine\",\"url\":\"https:\/\/www.rbcwealthmanagement.com\/fr-ca\/\",\"logo\":{\"@type\":\"ImageObject\",\"inLanguage\":\"fr-CA\",\"@id\":\"https:\/\/www.rbcwealthmanagement.com\/fr-ca\/#\/schema\/logo\/image\/\",\"url\":\"https:\/\/www.rbcwealthmanagement.com\/fr-ca\/wp-content\/uploads\/sites\/6\/2023\/02\/rbc.png\",\"contentUrl\":\"https:\/\/www.rbcwealthmanagement.com\/fr-ca\/wp-content\/uploads\/sites\/6\/2023\/02\/rbc.png\",\"width\":3000,\"height\":2000,\"caption\":\"RBC Gestion de Patrimoine\"},\"image\":{\"@id\":\"https:\/\/www.rbcwealthmanagement.com\/fr-ca\/#\/schema\/logo\/image\/\"}}]}<\/script>\n<!-- \/ Yoast SEO Premium plugin. -->","yoast_head_json":{"title":"Terms and Conditions - RBC Gestion de patrimoine","description":"Conditions iPhone, iPod touch et iPad sont des marques de commerce d\u2019Apple Inc., d\u00e9pos\u00e9es aux \u00c9tats-Unis et dans d\u2019autres pays. App Store est une marque","robots":{"index":"index","follow":"follow","max-snippet":"max-snippet:-1","max-image-preview":"max-image-preview:large","max-video-preview":"max-video-preview:-1"},"canonical":"https:\/\/www.rbcwealthmanagement.com\/fr-ca\/terms-and-conditions","og_locale":"fr_CA","og_type":"article","og_title":"Terms and Conditions","og_description":"Conditions iPhone, iPod touch et iPad sont des marques de commerce d\u2019Apple Inc., d\u00e9pos\u00e9es aux \u00c9tats-Unis et dans d\u2019autres pays. App Store est une marque","og_url":"https:\/\/www.rbcwealthmanagement.com\/fr-ca\/terms-and-conditions","og_site_name":"RBC Gestion de patrimoine","article_modified_time":"2023-11-01T14:46:02+00:00","og_image":[{"width":1200,"height":630,"url":"https:\/\/www.rbcwealthmanagement.com\/fr-ca\/wp-content\/uploads\/sites\/6\/2023\/02\/share-logo-1200x630-1.png","type":"image\/png"}],"twitter_card":"summary_large_image","twitter_title":"Terms and Conditions","twitter_misc":{"Est. reading time":"2 minutes"},"schema":{"@context":"https:\/\/schema.org","@graph":[{"@type":"WebPage","@id":"https:\/\/www.rbcwealthmanagement.com\/fr-ca\/terms-and-conditions\/","url":"https:\/\/www.rbcwealthmanagement.com\/fr-ca\/terms-and-conditions\/","name":"Terms and Conditions - RBC Gestion de patrimoine","isPartOf":{"@id":"https:\/\/www.rbcwealthmanagement.com\/fr-ca\/#website"},"datePublished":"2021-10-29T11:27:04+00:00","dateModified":"2023-11-01T14:46:02+00:00","description":"Conditions iPhone, iPod touch et iPad sont des marques de commerce d\u2019Apple Inc., d\u00e9pos\u00e9es aux \u00c9tats-Unis et dans d\u2019autres pays. App Store est une marque","breadcrumb":{"@id":"https:\/\/www.rbcwealthmanagement.com\/fr-ca\/terms-and-conditions\/#breadcrumb"},"inLanguage":"fr-CA","potentialAction":[{"@type":"ReadAction","target":["https:\/\/www.rbcwealthmanagement.com\/fr-ca\/terms-and-conditions\/"]}]},{"@type":"BreadcrumbList","@id":"https:\/\/www.rbcwealthmanagement.com\/fr-ca\/terms-and-conditions\/#breadcrumb","itemListElement":[{"@type":"ListItem","position":1,"name":"Home","item":"https:\/\/www.rbcwealthmanagement.com\/fr-ca\/"},{"@type":"ListItem","position":2,"name":"Terms and Conditions"}]},{"@type":"WebSite","@id":"https:\/\/www.rbcwealthmanagement.com\/fr-ca\/#website","url":"https:\/\/www.rbcwealthmanagement.com\/fr-ca\/","name":"RBC Gestion de patrimoine","description":"","publisher":{"@id":"https:\/\/www.rbcwealthmanagement.com\/fr-ca\/#organization"},"potentialAction":[{"@type":"SearchAction","target":{"@type":"EntryPoint","urlTemplate":"https:\/\/www.rbcwealthmanagement.com\/fr-ca\/?s={search_term_string}"},"query-input":{"@type":"PropertyValueSpecification","valueRequired":true,"valueName":"search_term_string"}}],"inLanguage":"fr-CA"},{"@type":"Organization","@id":"https:\/\/www.rbcwealthmanagement.com\/fr-ca\/#organization","name":"RBC Gestion de Patrimoine","alternateName":"RBC Gestion de Patrimoine","url":"https:\/\/www.rbcwealthmanagement.com\/fr-ca\/","logo":{"@type":"ImageObject","inLanguage":"fr-CA","@id":"https:\/\/www.rbcwealthmanagement.com\/fr-ca\/#\/schema\/logo\/image\/","url":"https:\/\/www.rbcwealthmanagement.com\/fr-ca\/wp-content\/uploads\/sites\/6\/2023\/02\/rbc.png","contentUrl":"https:\/\/www.rbcwealthmanagement.com\/fr-ca\/wp-content\/uploads\/sites\/6\/2023\/02\/rbc.png","width":3000,"height":2000,"caption":"RBC Gestion de Patrimoine"},"image":{"@id":"https:\/\/www.rbcwealthmanagement.com\/fr-ca\/#\/schema\/logo\/image\/"}}]}},"jetpack_sharing_enabled":true,"publishpress_future_action":{"enabled":false,"date":"2026-04-20 14:08:39","action":"change-status","newStatus":"draft","terms":[],"taxonomy":"rbcwm_content_owner","extraData":[]},"publishpress_future_workflow_manual_trigger":{"enabledWorkflows":[]},"distributor_meta":false,"distributor_terms":false,"distributor_media":false,"distributor_original_site_name":"RBC Gestion de patrimoine","distributor_original_site_url":"https:\/\/www.rbcwealthmanagement.com\/fr-ca","push-errors":false,"last_revision_date":"2023-08-08 15:26:44","_links":{"self":[{"href":"https:\/\/www.rbcwealthmanagement.com\/fr-ca\/wp-json\/wp\/v2\/pages\/2801","targetHints":{"allow":["GET"]}}],"collection":[{"href":"https:\/\/www.rbcwealthmanagement.com\/fr-ca\/wp-json\/wp\/v2\/pages"}],"about":[{"href":"https:\/\/www.rbcwealthmanagement.com\/fr-ca\/wp-json\/wp\/v2\/types\/page"}],"author":[{"embeddable":true,"href":"https:\/\/www.rbcwealthmanagement.com\/fr-ca\/wp-json\/wp\/v2\/users\/35"}],"replies":[{"embeddable":true,"href":"https:\/\/www.rbcwealthmanagement.com\/fr-ca\/wp-json\/wp\/v2\/comments?post=2801"}],"version-history":[{"count":3,"href":"https:\/\/www.rbcwealthmanagement.com\/fr-ca\/wp-json\/wp\/v2\/pages\/2801\/revisions"}],"predecessor-version":[{"id":8512,"href":"https:\/\/www.rbcwealthmanagement.com\/fr-ca\/wp-json\/wp\/v2\/pages\/2801\/revisions\/8512"}],"wp:attachment":[{"href":"https:\/\/www.rbcwealthmanagement.com\/fr-ca\/wp-json\/wp\/v2\/media?parent=2801"}],"wp:term":[{"taxonomy":"rbcwm_content_owner","embeddable":true,"href":"https:\/\/www.rbcwealthmanagement.com\/fr-ca\/wp-json\/wp\/v2\/rbcwm_content_owner?post=2801"}],"curies":[{"name":"wp","href":"https:\/\/api.w.org\/{rel}","templated":true}]}}