{"id":2804,"date":"2023-05-18T11:10:09","date_gmt":"2021-11-22T12:23:43","guid":{"rendered":"https:\/\/www.rbcwealthmanagement.com\/fr-ca\/?page_id=2804"},"modified":"2023-11-01T10:46:02","modified_gmt":"2023-11-01T14:46:02","slug":"accessibility","status":"publish","type":"page","link":"https:\/\/www.rbcwealthmanagement.com\/fr-ca\/dominion-securities\/accessibility","title":{"rendered":"Accessibilit\u00e9 \u00e0 RBC Dominion valeurs mobili\u00e8res"},"content":{"rendered":"\n<div class=\"wp-block-rbcwm-hero-block rbc-hero-wm  rbc-hero-overlap rbc-hero-overlap-mobile\"><div class=\"container\"><div class=\"row no-gutters\"><div class=\"col-lg-12\"><div class=\"rbc-card rbc-hero-card rbc-hero\"><div class=\"rbc-card-wrap\"><div class=\"rbc-card-body\"><div class=\"rbc-hero-body-content\"><h1 class=\"rbc-hero-title\"><span>Accessibilit\u00e9 \u00e0 RBC Dominion valeurs mobili\u00e8res<\/span><\/h1><\/div><\/div><\/div><\/div><\/div><\/div><\/div><\/div>\n\n\n\n<section class=\"wp-block-rbcwm-rbc-block rbc-block rbc-block-grey has-block-grey-background-color has-background\"><div class=\"container\"><div class=\"row \"><div class=\"col-lg-12\">\n<div class=\"row justify-content-between wrap blockId-01314b66-26a0-475b-ade9-d3eeb46ac55a\">\n<div class=\"wp-block-rbcwm-column col-lg-7\">\n<p>RBC Dominion valeurs mobili\u00e8res<sup>(1)<\/sup>&nbsp;se conforme aux exigences pr\u00e9vues par la <em>Loi de 2005 sur l&rsquo;accessibilit\u00e9 pour les personnes handicap\u00e9es de l&rsquo;Ontario<\/em> (Normes d&rsquo;accessibilit\u00e9 int\u00e9gr\u00e9es).<\/p>\n\n\n\n<h4 class=\"wp-block-heading\" id=\"h-enonce-d-engagement\">\u00c9nonc\u00e9 d&rsquo;engagement<\/h4>\n\n\n\n<p>RBC Dominion valeurs mobili\u00e8res a pris les engagements suivants :<\/p>\n\n\n\n<ul class=\"wp-block-list\">\n<li>Donner aux clients handicap\u00e9s le m\u00eame acc\u00e8s \u00e0 ses produits et services qu&rsquo;aux clients non handicap\u00e9s, quel que soit l&rsquo;endroit o\u00f9 ils r\u00e9sident au Canada.<\/li>\n\n\n\n<li>Permettre aux clients handicap\u00e9s de b\u00e9n\u00e9ficier des m\u00eames services, dans les m\u00eames lieux, et d\u2019un traitement \u00e9quitable par rapport aux autres clients.<\/li>\n\n\n\n<li>Offrir un milieu professionnel qui favorise un acc\u00e8s sans obstacle pour tous les clients, conform\u00e9ment \u00e0 la l\u00e9gislation applicable.<\/li>\n\n\n\n<li>Offrir aux employ\u00e9s et aux candidats des mesures d\u2019adaptation raisonnables.<\/li>\n\n\n\n<li>Fournir des renseignements de mani\u00e8re accessible aux personnes handicap\u00e9es.<\/li>\n\n\n\n<li>Satisfaire \u00e0 ces engagements en temps opportun.<\/li>\n<\/ul>\n\n\n\n<h4 class=\"wp-block-heading\" id=\"h-formation\">Formation<\/h4>\n\n\n\n<p>RBC&nbsp;Dominion valeurs mobili\u00e8res offre une formation \u00e0 ses employ\u00e9s et \u00e0 ses travailleurs contractuels sur les exigences de la <em>Loi de 2005 sur l\u2019accessibilit\u00e9 pour les personnes handicap\u00e9es de l\u2019Ontario<\/em> (Normes d\u2019accessibilit\u00e9 int\u00e9gr\u00e9es) et sur les dispositions du <em>Code des droits de la personne<\/em> de l\u2019Ontario qui s\u2019appliquent aux personnes handicap\u00e9es. La formation sera donn\u00e9e de la mani\u00e8re qui convient le mieux aux fonctions de nos employ\u00e9s et des travailleurs contractuels.<\/p>\n\n\n\n<p>RBC Dominion valeurs mobili\u00e8res prend les mesures suivantes pour s\u2019assurer que ses employ\u00e9s re\u00e7oivent la formation indiqu\u00e9e ci-dessus :<\/p>\n\n\n\n<ul class=\"wp-block-list\">\n<li>Un cours de formation est donn\u00e9 \u00e0 tous les employ\u00e9s et travailleurs contractuels vis\u00e9s par cette l\u00e9gislation.<\/li>\n\n\n\n<li>Nous tenons un registre de la formation donn\u00e9e en application de cet article.<\/li>\n<\/ul>\n\n\n\n<h4 class=\"wp-block-heading\" id=\"h-information-et-communications\">Information et communications<\/h4>\n\n\n\n<p>RBC Dominion valeurs mobili\u00e8res s\u2019est engag\u00e9e \u00e0 r\u00e9pondre aux besoins en mati\u00e8re de communication des personnes handicap\u00e9es. Nous consulterons les personnes handicap\u00e9es afin de d\u00e9terminer leurs besoins en mati\u00e8re d\u2019information et de communication.<\/p>\n\n\n\n<h4 class=\"wp-block-heading\" id=\"h-renseignements-accessibles-en-cas-d-urgence\">Renseignements accessibles en cas d\u2019urgence<\/h4>\n\n\n\n<p>RBC Dominion valeurs mobili\u00e8res s\u2019est engag\u00e9e \u00e0 fournir de mani\u00e8re accessible et sur demande les renseignements en cas d\u2019urgence \u00e0 diffusion publique. De plus, nous fournirons aux employ\u00e9s handicap\u00e9s qui le demanderont des renseignements individualis\u00e9s relatifs aux interventions d\u2019urgence.<\/p>\n\n\n\n<h4 class=\"wp-block-heading\" id=\"h-retroaction\">R\u00e9troaction<\/h4>\n\n\n\n<p>RBC Dominion valeurs mobili\u00e8res veillera \u00e0 ce que le processus existant lui permettant de recevoir des observations et d\u2019y r\u00e9pondre soit accessible aux personnes handicap\u00e9es. Si vous souhaitez nous faire part de vos commentaires, veuillez utiliser les coordonn\u00e9es ci-dessous.<\/p>\n\n\n\n<h4 class=\"wp-block-heading\" id=\"h-formats-accessibles-et-aides-a-la-communication\">Formats accessibles et aides \u00e0 la communication<\/h4>\n\n\n\n<p>RBC Dominion valeurs mobili\u00e8res prend les mesures suivantes pour fournir ou faire fournir aux personnes handicap\u00e9es qui le demandent des formats accessibles et des aides \u00e0 la communication&nbsp;:<\/p>\n\n\n\n<ul class=\"wp-block-list\">\n<li>Nous fournissons ces formats accessibles et ces aides \u00e0 la communication en temps opportun et d\u2019une mani\u00e8re qui tient compte des besoins en mati\u00e8re d\u2019accessibilit\u00e9 de la personne qui d\u00e9coulent de son handicap.<\/li>\n\n\n\n<li>Nous fournissons ces formats accessibles et ces aides \u00e0 la communication \u00e0 un co\u00fbt qui n\u2019est pas sup\u00e9rieur au co\u00fbt ordinaire demand\u00e9 aux autres personnes.<\/li>\n\n\n\n<li>Nous consultons la personne qui formule la demande en vue de d\u00e9terminer la convenance d\u2019un format accessible ou d\u2019une aide \u00e0 la communication.<\/li>\n<\/ul>\n\n\n\n<h4 class=\"wp-block-heading\" id=\"h-sites-et-contenu-web-accessibles\">Sites et contenu Web accessibles<\/h4>\n\n\n\n<p>RBC Dominion valeurs mobili\u00e8res a pris les mesures suivantes pour que tous ses nouveaux sites Web et leur contenu soient conformes aux lignes directrices WCAG&nbsp;2.0 de niveau&nbsp;AA, afin de satisfaire aux exigences d\u2019accessibilit\u00e9 en vertu de la <em>Loi de 2005 sur l\u2019accessibilit\u00e9 pour les personnes handicap\u00e9es de l\u2019Ontario<\/em> (Normes d\u2019accessibilit\u00e9 int\u00e9gr\u00e9es), sauf si la satisfaction de ces exigences n\u2019est pas mat\u00e9riellement possible&nbsp;:<\/p>\n\n\n\n<ul class=\"wp-block-list\">\n<li>Tous les nouveaux sites Web requis et leur contenu cr\u00e9\u00e9s, ou les sites Web existants qui font l\u2019objet d\u2019une importante mise \u00e0 jour, ont \u00e9t\u00e9 rendus conformes aux normes WCAG&nbsp;2.0 de niveau&nbsp;A.<\/li>\n\n\n\n<li>Tous les sites Web Internet requis et leur contenu sont conformes aux normes WCAG&nbsp;2.0 de niveau&nbsp;A.<\/li>\n\n\n\n<li>Afin de satisfaire \u00e0 cette exigence, nous publions des ressources sur notre intranet \u00e0 l\u2019intention des employ\u00e9s et des travailleurs contractuels.<\/li>\n\n\n\n<li>Afin de satisfaire \u00e0 cette exigence, nous veillons \u00e0 ce que tous les employ\u00e9s et travailleurs contractuels qui participent au d\u00e9veloppement ou \u00e0 la mise \u00e0 l\u2019essai de nos sites Web et de leur contenu connaissent les directives et les meilleures pratiques en mati\u00e8re de d\u00e9veloppement ou de mise \u00e0 l\u2019essai (selon le cas) et y aient acc\u00e8s.<\/li>\n<\/ul>\n\n\n\n<h4 class=\"wp-block-heading\" id=\"h-emploi\">Emploi<\/h4>\n\n\n\n<p>RBC Dominion valeurs mobili\u00e8res s\u2019est engag\u00e9e \u00e0 mettre en \u0153uvre des pratiques d\u2019emploi justes et accessibles et prend les mesures suivantes pour se conformer aux exigences des normes d\u2019accessibilit\u00e9 pour l\u2019emploi&nbsp;:<\/p>\n\n\n\n<ul class=\"wp-block-list\">\n<li>Nous informons le public et les employ\u00e9s, notamment sur nos sites Web publics de recrutement, que nous fournissons sur demande des mesures d\u2019adaptation aux personnes handicap\u00e9es au cours des processus de recrutement, de s\u00e9lection et d\u2019embauche ainsi qu\u2019\u00e0 l\u2019embauche.<\/li>\n\n\n\n<li>Nous avons \u00e9tabli et mis en place un processus d\u2019\u00e9laboration de plans d\u2019adaptation individualis\u00e9s et de politiques de retour au travail \u00e0 l\u2019intention des employ\u00e9s qui sont absents en raison d\u2019un handicap.<\/li>\n\n\n\n<li>Nous veillons \u00e0 ce qu\u2019il soit tenu compte des besoins en mati\u00e8re d\u2019accessibilit\u00e9 des employ\u00e9s handicap\u00e9s dans l\u2019application des processus de gestion du rendement, de perfectionnement professionnel et de r\u00e9affectation.<\/li>\n<\/ul>\n\n\n\n<p>Ces exigences sont int\u00e9gr\u00e9es dans les politiques pertinentes des Ressources humaines, et ces politiques sont communiqu\u00e9es \u00e0 tous les employ\u00e9s et gestionnaires de personnes, et mises \u00e0 leur disposition. Si d\u2019autres obstacles sont identifi\u00e9s, RBC&nbsp;Dominion valeurs mobili\u00e8res prendra les mesures suppl\u00e9mentaires n\u00e9cessaires pour les supprimer.<\/p>\n\n\n\n<p>Pour obtenir plus de renseignements sur notre plan d\u2019accessibilit\u00e9, veuillez communiquer avec nous au <a href=\"mailto:DS.National.Office@rbc.com\">bureau national de RBC&nbsp;Dominion valeurs mobili\u00e8res<\/a><\/p>\n\n\n\n<p>Pour en savoir plus sur l\u2019approche de RBC en mati\u00e8re d\u2019accessibilit\u00e9, cliquez ici&nbsp;: <a href=\"https:\/\/www.rbc.com\/accessibilite\/index.html\">Accessibilit\u00e9 \u00e0 RBC<\/a><\/p>\n\n\n\n<p class=\"is-style-disclaimer\"><sup>1<\/sup>&nbsp;RBC Dominion Valeurs mobili\u00e8res d\u00e9signe les divisions op\u00e9rationnelles RBC&nbsp;Gestion de patrimoine et RBC&nbsp;March\u00e9s des Capitaux exploit\u00e9es par RBC&nbsp;Dominion Valeurs mobili\u00e8res Inc. et, aux fins du pr\u00e9sent plan, comprend \u00e9galement les filiales, selon le cas.<\/p>\n<\/div>\n\n\n\n<div class=\"wp-block-rbcwm-column col-lg-4 mt-3 mt-lg-0\">\n<h2 class=\"wp-block-heading h4\" id=\"h-autres-liens\">Autres liens<\/h2>\n\n\n\n<p class=\"is-style-list-unstyled\"><a href=\"https:\/\/www.rbc.com\/accessibilite\/index.html\" class=\"link-external\" target=\"_blank\" rel=\"noreferrer noopener\">Les normes d&rsquo;accessibilit\u00e9 de RBC<\/a><\/p>\n<\/div>\n<\/div>\n<\/div><\/div><\/div><\/section>\n\n\n\n<section class=\"wp-block-rbcwm-rbc-block rbc-block rbc-footer-footnotes rbc-block-small  rbc-block-grey\"><div class=\"container\"><div class=\"row \"><div class=\"col-lg-12\">\n<div class=\"row blockId-16d228ce-c1dc-4ef8-94fd-43e27f1f6f48\">\n<div class=\"wp-block-rbcwm-column col-lg-12\">\n<ul class=\"list-inline wp-block-list\">\n<li>R\u00e9glement\u00e9e par\u00a0: <\/li>\n\n\n\n<li><a href=\"https:\/\/www.fcpi.ca\/accueil\" target=\"_blank\" rel=\"noreferrer noopener\"><img decoding=\"async\" class=\"wp-image-1013\" style=\"width: 80%\" src=\"https:\/\/www.rbcwealthmanagement.com\/fr-ca\/wp-content\/uploads\/sites\/6\/2023\/02\/Cipf-logo-fr.png\" alt=\"\"><\/a><\/li>\n\n\n\n<li><a href=\"https:\/\/www.ocri.ca\/\" target=\"_blank\" rel=\"noreferrer noopener\"><img decoding=\"async\" class=\"wp-image-1015\" style=\"width: 450px\" src=\"https:\/\/www.rbcwealthmanagement.com\/fr-ca\/wp-content\/uploads\/sites\/6\/2023\/02\/ocri-logo-fr.png\" alt=\"\"><\/a><\/li>\n<\/ul>\n<\/div>\n<\/div>\n<\/div><\/div><\/div><\/section>\n","protected":false},"excerpt":{"rendered":"<p>RBC Dominion valeurs mobili\u00e8res se conforme aux exigences pr\u00e9vues par Loi de 2005 sur l&rsquo;accessibilit\u00e9 pour les personnes handicap\u00e9es de l&rsquo;Ontario (Normes d&rsquo;accessibilit\u00e9 int\u00e9gr\u00e9es).<\/p>\n","protected":false},"author":50,"featured_media":0,"parent":22,"menu_order":0,"comment_status":"closed","ping_status":"closed","template":"","meta":{"_acf_changed":false,"editor_notices":[],"rbc_url_alias":"dominion-securities\/accessibility","footnotes":""},"rbcwm_content_owner":[],"class_list":["post-2804","page","type-page","status-publish","hentry"],"acf":[],"yoast_head":"<!-- This site is optimized with the Yoast SEO Premium plugin v24.8 (Yoast SEO v26.8) - https:\/\/yoast.com\/product\/yoast-seo-premium-wordpress\/ -->\n<title>Accessibilit\u00e9 \u00e0 RBC Dominion valeurs mobili\u00e8res<\/title>\n<meta name=\"description\" content=\"RBC Dominion valeurs mobili\u00e8res se conforme aux exigences pr\u00e9vues par Loi de 2005 sur l&#039;accessibilit\u00e9 pour les personnes handicap\u00e9es de l&#039;Ontario (Normes d&#039;accessibilit\u00e9 int\u00e9gr\u00e9es).\" \/>\n<meta name=\"robots\" content=\"index, follow, max-snippet:-1, max-image-preview:large, max-video-preview:-1\" \/>\n<link rel=\"canonical\" href=\"https:\/\/www.rbcwealthmanagement.com\/fr-ca\/dominion-securities\/accessibility\" \/>\n<meta property=\"og:locale\" content=\"fr_CA\" \/>\n<meta property=\"og:type\" content=\"article\" \/>\n<meta property=\"og:title\" content=\"Accessibilit\u00e9 \u00e0 RBC Dominion valeurs mobili\u00e8res\" \/>\n<meta property=\"og:description\" content=\"RBC Dominion valeurs mobili\u00e8res se conforme aux exigences pr\u00e9vues par Loi de 2005 sur l&#039;accessibilit\u00e9 pour les personnes handicap\u00e9es de l&#039;Ontario (Normes d&#039;accessibilit\u00e9 int\u00e9gr\u00e9es).\" \/>\n<meta property=\"og:url\" content=\"https:\/\/www.rbcwealthmanagement.com\/fr-ca\/dominion-securities\/accessibility\" \/>\n<meta property=\"og:site_name\" content=\"RBC Gestion de patrimoine\" \/>\n<meta property=\"article:modified_time\" content=\"2023-11-01T14:46:02+00:00\" \/>\n<meta property=\"og:image\" content=\"https:\/\/www.rbcwealthmanagement.com\/fr-ca\/wp-content\/uploads\/sites\/6\/2023\/02\/share-logo-1200x630-1.png\" \/>\n\t<meta property=\"og:image:width\" content=\"1200\" \/>\n\t<meta property=\"og:image:height\" content=\"630\" \/>\n\t<meta property=\"og:image:type\" content=\"image\/png\" \/>\n<meta name=\"twitter:card\" content=\"summary_large_image\" \/>\n<meta name=\"twitter:title\" content=\"Accessibilit\u00e9 \u00e0 RBC Dominion valeurs mobili\u00e8res\" \/>\n<meta name=\"twitter:description\" content=\"RBC Dominion valeurs mobili\u00e8res se conforme aux exigences pr\u00e9vues par Loi de 2005 sur l&#039;accessibilit\u00e9 pour les personnes handicap\u00e9es de l&#039;Ontario (Normes d&#039;accessibilit\u00e9 int\u00e9gr\u00e9es).\" \/>\n<meta name=\"twitter:label1\" content=\"Est. reading time\" \/>\n\t<meta name=\"twitter:data1\" content=\"5 minutes\" \/>\n<script type=\"application\/ld+json\" class=\"yoast-schema-graph\">{\"@context\":\"https:\/\/schema.org\",\"@graph\":[{\"@type\":\"WebPage\",\"@id\":\"https:\/\/www.rbcwealthmanagement.com\/fr-ca\/dominion-securities\/accessibility\",\"url\":\"https:\/\/www.rbcwealthmanagement.com\/fr-ca\/dominion-securities\/accessibility\",\"name\":\"Accessibilit\u00e9 \u00e0 RBC Dominion valeurs mobili\u00e8res\",\"isPartOf\":{\"@id\":\"https:\/\/www.rbcwealthmanagement.com\/fr-ca\/#website\"},\"datePublished\":\"2021-11-22T12:23:43+00:00\",\"dateModified\":\"2023-11-01T14:46:02+00:00\",\"description\":\"RBC Dominion valeurs mobili\u00e8res se conforme aux exigences pr\u00e9vues par Loi de 2005 sur l'accessibilit\u00e9 pour les personnes handicap\u00e9es de l'Ontario (Normes d'accessibilit\u00e9 int\u00e9gr\u00e9es).\",\"breadcrumb\":{\"@id\":\"https:\/\/www.rbcwealthmanagement.com\/fr-ca\/dominion-securities\/accessibility#breadcrumb\"},\"inLanguage\":\"fr-CA\",\"potentialAction\":[{\"@type\":\"ReadAction\",\"target\":[\"https:\/\/www.rbcwealthmanagement.com\/fr-ca\/dominion-securities\/accessibility\"]}]},{\"@type\":\"BreadcrumbList\",\"@id\":\"https:\/\/www.rbcwealthmanagement.com\/fr-ca\/dominion-securities\/accessibility#breadcrumb\",\"itemListElement\":[{\"@type\":\"ListItem\",\"position\":1,\"name\":\"Home\",\"item\":\"https:\/\/www.rbcwealthmanagement.com\/fr-ca\/\"},{\"@type\":\"ListItem\",\"position\":2,\"name\":\"Dominion valeurs mobili\u00e8res\",\"item\":\"https:\/\/www.rbcwealthmanagement.com\/fr-ca\/dominion-securities\"},{\"@type\":\"ListItem\",\"position\":3,\"name\":\"Accessibilit\u00e9 \u00e0 RBC Dominion valeurs mobili\u00e8res\"}]},{\"@type\":\"WebSite\",\"@id\":\"https:\/\/www.rbcwealthmanagement.com\/fr-ca\/#website\",\"url\":\"https:\/\/www.rbcwealthmanagement.com\/fr-ca\/\",\"name\":\"RBC Gestion de patrimoine\",\"description\":\"\",\"publisher\":{\"@id\":\"https:\/\/www.rbcwealthmanagement.com\/fr-ca\/#organization\"},\"potentialAction\":[{\"@type\":\"SearchAction\",\"target\":{\"@type\":\"EntryPoint\",\"urlTemplate\":\"https:\/\/www.rbcwealthmanagement.com\/fr-ca\/?s={search_term_string}\"},\"query-input\":{\"@type\":\"PropertyValueSpecification\",\"valueRequired\":true,\"valueName\":\"search_term_string\"}}],\"inLanguage\":\"fr-CA\"},{\"@type\":\"Organization\",\"@id\":\"https:\/\/www.rbcwealthmanagement.com\/fr-ca\/#organization\",\"name\":\"RBC Gestion de Patrimoine\",\"alternateName\":\"RBC Gestion de Patrimoine\",\"url\":\"https:\/\/www.rbcwealthmanagement.com\/fr-ca\/\",\"logo\":{\"@type\":\"ImageObject\",\"inLanguage\":\"fr-CA\",\"@id\":\"https:\/\/www.rbcwealthmanagement.com\/fr-ca\/#\/schema\/logo\/image\/\",\"url\":\"https:\/\/www.rbcwealthmanagement.com\/fr-ca\/wp-content\/uploads\/sites\/6\/2023\/02\/rbc.png\",\"contentUrl\":\"https:\/\/www.rbcwealthmanagement.com\/fr-ca\/wp-content\/uploads\/sites\/6\/2023\/02\/rbc.png\",\"width\":3000,\"height\":2000,\"caption\":\"RBC Gestion de Patrimoine\"},\"image\":{\"@id\":\"https:\/\/www.rbcwealthmanagement.com\/fr-ca\/#\/schema\/logo\/image\/\"}}]}<\/script>\n<!-- \/ Yoast SEO Premium plugin. -->","yoast_head_json":{"title":"Accessibilit\u00e9 \u00e0 RBC Dominion valeurs mobili\u00e8res","description":"RBC Dominion valeurs mobili\u00e8res se conforme aux exigences pr\u00e9vues par Loi de 2005 sur l'accessibilit\u00e9 pour les personnes handicap\u00e9es de l'Ontario (Normes d'accessibilit\u00e9 int\u00e9gr\u00e9es).","robots":{"index":"index","follow":"follow","max-snippet":"max-snippet:-1","max-image-preview":"max-image-preview:large","max-video-preview":"max-video-preview:-1"},"canonical":"https:\/\/www.rbcwealthmanagement.com\/fr-ca\/dominion-securities\/accessibility","og_locale":"fr_CA","og_type":"article","og_title":"Accessibilit\u00e9 \u00e0 RBC Dominion valeurs mobili\u00e8res","og_description":"RBC Dominion valeurs mobili\u00e8res se conforme aux exigences pr\u00e9vues par Loi de 2005 sur l'accessibilit\u00e9 pour les personnes handicap\u00e9es de l'Ontario (Normes d'accessibilit\u00e9 int\u00e9gr\u00e9es).","og_url":"https:\/\/www.rbcwealthmanagement.com\/fr-ca\/dominion-securities\/accessibility","og_site_name":"RBC Gestion de patrimoine","article_modified_time":"2023-11-01T14:46:02+00:00","og_image":[{"width":1200,"height":630,"url":"https:\/\/www.rbcwealthmanagement.com\/fr-ca\/wp-content\/uploads\/sites\/6\/2023\/02\/share-logo-1200x630-1.png","type":"image\/png"}],"twitter_card":"summary_large_image","twitter_title":"Accessibilit\u00e9 \u00e0 RBC Dominion valeurs mobili\u00e8res","twitter_description":"RBC Dominion valeurs mobili\u00e8res se conforme aux exigences pr\u00e9vues par Loi de 2005 sur l'accessibilit\u00e9 pour les personnes handicap\u00e9es de l'Ontario (Normes d'accessibilit\u00e9 int\u00e9gr\u00e9es).","twitter_misc":{"Est. reading time":"5 minutes"},"schema":{"@context":"https:\/\/schema.org","@graph":[{"@type":"WebPage","@id":"https:\/\/www.rbcwealthmanagement.com\/fr-ca\/dominion-securities\/accessibility","url":"https:\/\/www.rbcwealthmanagement.com\/fr-ca\/dominion-securities\/accessibility","name":"Accessibilit\u00e9 \u00e0 RBC Dominion valeurs mobili\u00e8res","isPartOf":{"@id":"https:\/\/www.rbcwealthmanagement.com\/fr-ca\/#website"},"datePublished":"2021-11-22T12:23:43+00:00","dateModified":"2023-11-01T14:46:02+00:00","description":"RBC Dominion valeurs mobili\u00e8res se conforme aux exigences pr\u00e9vues par Loi de 2005 sur l'accessibilit\u00e9 pour les personnes handicap\u00e9es de l'Ontario (Normes d'accessibilit\u00e9 int\u00e9gr\u00e9es).","breadcrumb":{"@id":"https:\/\/www.rbcwealthmanagement.com\/fr-ca\/dominion-securities\/accessibility#breadcrumb"},"inLanguage":"fr-CA","potentialAction":[{"@type":"ReadAction","target":["https:\/\/www.rbcwealthmanagement.com\/fr-ca\/dominion-securities\/accessibility"]}]},{"@type":"BreadcrumbList","@id":"https:\/\/www.rbcwealthmanagement.com\/fr-ca\/dominion-securities\/accessibility#breadcrumb","itemListElement":[{"@type":"ListItem","position":1,"name":"Home","item":"https:\/\/www.rbcwealthmanagement.com\/fr-ca\/"},{"@type":"ListItem","position":2,"name":"Dominion valeurs mobili\u00e8res","item":"https:\/\/www.rbcwealthmanagement.com\/fr-ca\/dominion-securities"},{"@type":"ListItem","position":3,"name":"Accessibilit\u00e9 \u00e0 RBC Dominion valeurs mobili\u00e8res"}]},{"@type":"WebSite","@id":"https:\/\/www.rbcwealthmanagement.com\/fr-ca\/#website","url":"https:\/\/www.rbcwealthmanagement.com\/fr-ca\/","name":"RBC Gestion de patrimoine","description":"","publisher":{"@id":"https:\/\/www.rbcwealthmanagement.com\/fr-ca\/#organization"},"potentialAction":[{"@type":"SearchAction","target":{"@type":"EntryPoint","urlTemplate":"https:\/\/www.rbcwealthmanagement.com\/fr-ca\/?s={search_term_string}"},"query-input":{"@type":"PropertyValueSpecification","valueRequired":true,"valueName":"search_term_string"}}],"inLanguage":"fr-CA"},{"@type":"Organization","@id":"https:\/\/www.rbcwealthmanagement.com\/fr-ca\/#organization","name":"RBC Gestion de Patrimoine","alternateName":"RBC Gestion de Patrimoine","url":"https:\/\/www.rbcwealthmanagement.com\/fr-ca\/","logo":{"@type":"ImageObject","inLanguage":"fr-CA","@id":"https:\/\/www.rbcwealthmanagement.com\/fr-ca\/#\/schema\/logo\/image\/","url":"https:\/\/www.rbcwealthmanagement.com\/fr-ca\/wp-content\/uploads\/sites\/6\/2023\/02\/rbc.png","contentUrl":"https:\/\/www.rbcwealthmanagement.com\/fr-ca\/wp-content\/uploads\/sites\/6\/2023\/02\/rbc.png","width":3000,"height":2000,"caption":"RBC Gestion de Patrimoine"},"image":{"@id":"https:\/\/www.rbcwealthmanagement.com\/fr-ca\/#\/schema\/logo\/image\/"}}]}},"jetpack_sharing_enabled":true,"publishpress_future_action":{"enabled":false,"date":"2026-04-25 17:30:52","action":"change-status","newStatus":"draft","terms":[],"taxonomy":"rbcwm_content_owner","extraData":[]},"publishpress_future_workflow_manual_trigger":{"enabledWorkflows":[]},"distributor_meta":false,"distributor_terms":false,"distributor_media":false,"distributor_original_site_name":"RBC Gestion de patrimoine","distributor_original_site_url":"https:\/\/www.rbcwealthmanagement.com\/fr-ca","push-errors":false,"last_revision_date":"2024-05-08 10:59:10","_links":{"self":[{"href":"https:\/\/www.rbcwealthmanagement.com\/fr-ca\/wp-json\/wp\/v2\/pages\/2804","targetHints":{"allow":["GET"]}}],"collection":[{"href":"https:\/\/www.rbcwealthmanagement.com\/fr-ca\/wp-json\/wp\/v2\/pages"}],"about":[{"href":"https:\/\/www.rbcwealthmanagement.com\/fr-ca\/wp-json\/wp\/v2\/types\/page"}],"author":[{"embeddable":true,"href":"https:\/\/www.rbcwealthmanagement.com\/fr-ca\/wp-json\/wp\/v2\/users\/50"}],"replies":[{"embeddable":true,"href":"https:\/\/www.rbcwealthmanagement.com\/fr-ca\/wp-json\/wp\/v2\/comments?post=2804"}],"version-history":[{"count":6,"href":"https:\/\/www.rbcwealthmanagement.com\/fr-ca\/wp-json\/wp\/v2\/pages\/2804\/revisions"}],"predecessor-version":[{"id":21521,"href":"https:\/\/www.rbcwealthmanagement.com\/fr-ca\/wp-json\/wp\/v2\/pages\/2804\/revisions\/21521"}],"up":[{"embeddable":true,"href":"https:\/\/www.rbcwealthmanagement.com\/fr-ca\/wp-json\/wp\/v2\/pages\/22"}],"wp:attachment":[{"href":"https:\/\/www.rbcwealthmanagement.com\/fr-ca\/wp-json\/wp\/v2\/media?parent=2804"}],"wp:term":[{"taxonomy":"rbcwm_content_owner","embeddable":true,"href":"https:\/\/www.rbcwealthmanagement.com\/fr-ca\/wp-json\/wp\/v2\/rbcwm_content_owner?post=2804"}],"curies":[{"name":"wp","href":"https:\/\/api.w.org\/{rel}","templated":true}]}}