{"id":2810,"date":"2025-02-22T00:01:09","date_gmt":"2025-02-22T05:01:09","guid":{"rendered":"https:\/\/www.rbcwealthmanagement.com\/fr-ca\/?page_id=2810"},"modified":"2025-12-22T09:45:50","modified_gmt":"2025-12-22T14:45:50","slug":"cash-and-margin-rates","status":"publish","type":"page","link":"https:\/\/www.rbcwealthmanagement.com\/fr-ca\/dominion-securities\/cash-and-margin-rates","title":{"rendered":"Taux d\u2019int\u00e9r\u00eat sur soldes cr\u00e9diteurs et d\u00e9biteurs"},"content":{"rendered":"\n<div class=\"wp-block-rbcwm-hero-block rbc-hero-wm  rbc-hero-overlap rbc-hero-overlap-mobile rbc-hero-3j6zsf2g3 hide-mobile-energy-lines\"><style>\n\t\t.rbc-hero-3j6zsf2g3.is-style-rbc-hero-gradient::before {\n\t\t\tbackground: linear-gradient(90deg, #023169 20%, rgba(94, 120, 131, 0) 60%);\n\t\t}\n\n\t\t.rbc-hero-3j6zsf2g3.is-style-rbc-hero-gradient.rbc-hero-has-image-bleed::before {\n\t\t\tbackground: linear-gradient(90deg, #023169 20%, rgba(94, 120, 131, 0) 60%);\n\t\t}\n\n\t\t.rbc-hero-3j6zsf2g3.is-style-rbc-hero-gradient.rbc-hero-has-image-bottom::before {\n\t\t\tbackground: linear-gradient(180deg, #023169 20%, rgba(94, 120, 131, 0) 60%);\n\t\t}\n\n\t\t.rbc-hero-3j6zsf2g3 .rbc-hero-energy-lines.rbc-hero-energy-lines-left {\n\t\t\ttransform: scaleX(-1);\n\t\t}\n\n\t\t@media (max-width: 991px) {\n\t\t\t.rbc-hero-3j6zsf2g3.is-style-rbc-hero-gradient::before,\n\t\t\t.rbc-hero-3j6zsf2g3.is-style-rbc-hero-gradient.rbc-hero-has-image-bottom::before,\n\t\t\t.rbc-hero-3j6zsf2g3.is-style-rbc-hero-gradient.rbc-hero-has-image-bleed::before {\n\t\t\t\tbackground: none;\n\t\t\t}\n\n\t\t\t.rbc-hero-3j6zsf2g3.rbc-hero-has-image-full.hide-mobile-energy-lines .rbc-hero-energy-lines {\n\t\t\t\tdisplay: none;\n\t\t\t}\n\n\t\t\t.wp-block-rbcwm-hero-block.rbc-hero-3j6zsf2g3.is-style-rbc-hero-gradient .rbc-hero-img-wrap::after {\n\t\t\t\tbackground: linear-gradient( 0deg, #023169 0%, rgba(94, 120, 131, 0) 25% );\n\t\t\t}\n\t\t\t\n\t\t\t.wp-block-rbcwm-hero-block.rbc-hero-3j6zsf2g3.is-style-rbc-hero-gradient.rbc-hero-has-image-bottom .rbc-hero-img-wrap::before,\n            .wp-block-rbcwm-hero-block.rbc-hero-3j6zsf2g3.is-style-rbc-hero-gradient.rbc-hero-has-image-bottom .container .rbc-hero-img-wrap::before {\n\t\t\t\tbackground: linear-gradient( 180deg, #023169 0%, rgba( 94, 120, 131, 0 ) 25% );\n\t\t\t}\n\t\t\t\n\t\t\t.wp-block-rbcwm-hero-block.rbc-hero-3j6zsf2g3.is-style-rbc-hero-gradient .rbc-hero-card {\n\t\t\t\tbackground: #023169;\n\t\t\t}\n\t\t}\n\t<\/style><div class=\"container\"><div class=\"row no-gutters\"><div class=\"col-lg-12 rbc-hero-card-content\"><div class=\"rbc-card rbc-hero-card rbc-hero has-content\"><div class=\"rbc-card-wrap\"><div class=\"rbc-card-body\"><div class=\"rbc-hero-body-content\"><h1 class=\"rbc-hero-title\"><span>RBC Dominion valeurs mobili\u00e8res Inc. taux d\u2019int\u00e9r\u00eat et taux de change<\/span><\/h1><\/div><\/div><\/div><\/div><\/div><div class=\"rbc-hero-img-wrap undefined\"><\/div><\/div><\/div><\/div>\n\n\n\n<section class=\"wp-block-rbcwm-rbc-block rbc-block rbc-block-grey has-block-grey-background-color has-background\"><div class=\"container\"><div class=\"row \"><div class=\"col-lg-12\">\n<div class=\"row justify-content-between wrap blockId-d7808475-3c5b-4bfd-b5a1-efc4cdb46e30\">\n<div class=\"wp-block-rbcwm-column col-lg-12\">\n<h2 class=\"wp-block-heading\">Taux d\u2019int\u00e9r\u00eat sur soldes cr\u00e9diteurs et d\u00e9biteurs&nbsp;:&nbsp;Taux d\u2019int\u00e9r\u00eat sur les soldes de compte*<\/h2>\n\n\n\n<p class=\"medium\">Voici nos taux d\u2019int\u00e9r\u00eat en date du 22 d\u00e9cembre 2025 :<\/p>\n\n\n\n<h3 class=\"wp-block-heading\">Soldes cr\u00e9diteurs<\/h3>\n\n\n\n<figure class=\"wp-block-rbcwm-table mb-3\"><table class=\"table-transparent table table-border-horizontal\"><thead><tr><th><\/th><th><strong>Comptes en dollars canadiens<\/strong><\/th><th><strong>Comptes en dollars am\u00e9ricains<\/strong><\/th><\/tr><\/thead><tbody><tr><td>Moins de 10 000 $<\/td><td>0,05 %<\/td><td>0,05 %<\/td><\/tr><tr><td>De 10 000 $ \u00e0 24 999 $<\/td><td>0,05 %<\/td><td>0,15 %<\/td><\/tr><tr><td>De 25 000 $ \u00e0 49 999 $<\/td><td>0,05 %<\/td><td>0,40 %<\/td><\/tr><tr><td>De 50 000 $ \u00e0 59 999 $<\/td><td>0,05 %<\/td><td>0,65 %<\/td><\/tr><tr><td>$60 000 &#8211; $99 999<\/td><td>0,05 %<\/td><td>0,90 %<\/td><\/tr><tr><td>100 000 $ et plus<\/td><td>0,05 %<\/td><td>1,15 %<\/td><\/tr><\/tbody><\/table><\/figure>\n\n\n\n<h3 class=\"wp-block-heading mb-0\" id=\"h-soldes-debiteurs-marges\">Soldes d\u00e9biteurs (marges)<\/h3>\n\n\n\n<figure class=\"wp-block-rbcwm-table mb-3\"><table class=\"table-transparent table table-border-horizontal\"><thead><tr><th><\/th><th><strong>Comptes en dollars canadiens<\/strong><\/th><th>Comptes en dollars am\u00e9ricains<\/th><\/tr><\/thead><tbody><tr><td>Moins de 10 000 $<\/td><td>6,45 %<\/td><td>9,00 %<\/td><\/tr><tr><td>De 10 000 $ \u00e0 24 999 $<\/td><td>6,20 %<\/td><td>8,75 %<\/td><\/tr><tr><td>De 25 000 $ \u00e0 49 999 $<\/td><td>5,95 %<\/td><td>8,50 %<\/td><\/tr><tr><td>De 50 000 $ \u00e0 99 999 $<\/td><td>5,70 %<\/td><td>8,25 %<\/td><\/tr><tr><td>100 000 $ et plus<\/td><td>5,45 %<\/td><td>8,00 %<\/td><\/tr><\/tbody><\/table><\/figure>\n\n\n\n<h3 class=\"wp-block-heading mb-0\" id=\"h-comptes-enregistres\">Comptes enregistr\u00e9s<\/h3>\n\n\n\n<figure class=\"wp-block-rbcwm-table mb-3\"><table class=\"table-transparent table table-border-horizontal\"><thead><tr><th><\/th><th>Comptes en dollars canadiens<\/th><th>Comptes en dollars am\u00e9ricains<\/th><\/tr><\/thead><tbody><tr><td>Tous les soldes cr\u00e9diteurs<\/td><td>0,05 %<\/td><td>0,05 %<\/td><\/tr><tr><td>Tous les soldes d\u00e9biteurs<\/td><td>6,45 %<\/td><td>9,00 %<\/td><\/tr><\/tbody><\/table><\/figure>\n\n\n\n<h3 class=\"wp-block-heading mb-0\" id=\"h-comment-les-taux-sont-calcules\">Comment les taux sont calcul\u00e9s<\/h3>\n\n\n\n<figure class=\"wp-block-rbcwm-table mb-3\"><table class=\"table-transparent table table-border-horizontal\"><thead><tr><th><\/th><th>Taux de marge en $ CAN\u2020<sup>\u2020<\/sup><\/th><th>Taux de marge en $ US\u2020<\/th><\/tr><\/thead><tbody><tr><td>Moins de 10 000 $<\/td><td>Taux pr\u00e9f. $ CAN + 2,00 %<\/td><td>Taux pr\u00e9f. $ US + 2,25 %<\/td><\/tr><tr><td>De 10 000 $ \u00e0 24 999 $<\/td><td>Taux pr\u00e9f. $ CAN + 1,75 %<\/td><td>Taux pr\u00e9f. $ US + 2,00 %<\/td><\/tr><tr><td>De 25 000 $ \u00e0 49 999 $<\/td><td>Taux pr\u00e9f. $ CAN + 1,50 %<\/td><td>Taux pr\u00e9f. $ US + 1,75 %<\/td><\/tr><tr><td>De 50 000 $ \u00e0 $99 999<\/td><td>Taux pr\u00e9f. $ CAN + 1,25 %<\/td><td>Taux pr\u00e9f. $ US + 1,50 %<\/td><\/tr><tr><td>100 000 $ et plus<\/td><td>Taux pr\u00e9f. $ CAN + 1,00 %<\/td><td>Taux pr\u00e9f. $ US + 1,25 %<\/td><\/tr><\/tbody><\/table><\/figure>\n\n\n\n<p class=\"is-style-disclaimer\">\u2020 Fond\u00e9 sur les taux pr\u00e9f\u00e9rentiels de RBC Banque Royale en vigueur le 22 d\u00e9cembre 2025. Taux pr\u00e9f\u00e9rentiel en $ CDN = 4,45 % et Taux pr\u00e9f\u00e9rentiel en $ US = 6,75 %. Les taux sont sujets \u00e0 changement.<\/p>\n\n\n\n<p class=\"is-style-disclaimer\">* RBC Groupe Financier peut fixer \u00e0 son gr\u00e9 les taux d\u2019int\u00e9r\u00eat s\u2019appliquant aux comptes de placement. Un comit\u00e9 compos\u00e9 de personnes repr\u00e9sentant diverses autorit\u00e9s au sein de RBC Dominion valeurs mobili\u00e8res administre ces taux d\u2019int\u00e9r\u00eat. Ces taux sont modifi\u00e9s \u00e0 l\u2019occasion en fonction de divers facteurs, notamment, mais sans s&rsquo;y limiter, les taux de la concurrence, les taux de la Banque du Canada et d\u2019autres taux rep\u00e8res et\/ou taux sur les liquidit\u00e9s. Les montants d\u2019int\u00e9r\u00eat inf\u00e9rieurs \u00e0 5 $ ne seront ni d\u00e9bit\u00e9s ni cr\u00e9dit\u00e9s dans les comptes ordinaires et les montants d&rsquo;int\u00e9r\u00eat inf\u00e9rieurs \u00e0 1 $ ne seront ni d\u00e9bit\u00e9s ni cr\u00e9dit\u00e9s dans les comptes des produits sp\u00e9ciaux. Le solde de caisse journalier moyen pour le mois d\u00e9termine le palier d&rsquo;\u00e9tablissement du taux.<\/p>\n\n\n\n<h2 class=\"wp-block-heading\">Op\u00e9rations de change<\/h2>\n\n\n\n<p class=\"medium\">Notre \u00e9cart sur le taux de change s\u2019\u00e9tablit comme suit en date du 22 d\u00e9cembre 2025 :<\/p>\n\n\n\n<p>Le taux de change des devises qui figure sur votre avis d\u2019ex\u00e9cution ou sur votre relev\u00e9 de compte comprend l\u2019\u00e9cart dont RBC&nbsp;Dominion valeurs mobili\u00e8res (d\u00e9sign\u00e9e par les termes \u00ab&nbsp;RBC DVM&nbsp;\u00bb, \u00ab&nbsp;nous&nbsp;\u00bb, \u00ab&nbsp;notre&nbsp;\u00bb ou \u00ab&nbsp;nos&nbsp;\u00bb) et ses soci\u00e9t\u00e9s affili\u00e9es profitent pour effectuer ce type d\u2019op\u00e9ration. Cet \u00e9cart est la diff\u00e9rence entre le taux obtenu par nous ou nos soci\u00e9t\u00e9s affili\u00e9es et celui que vous recevez. Pour les op\u00e9rations en USD-CAD, le montant courant de l\u2019\u00e9cart des taux en devises dont nous ou nos soci\u00e9t\u00e9s affili\u00e9es profitons en g\u00e9n\u00e9ral est indiqu\u00e9 ci-dessous, mais l\u2019\u00e9cart pour les droits de l\u2019\u00e9metteur que vous recevez dans votre compte (comme les dividendes et les int\u00e9r\u00eats) est de 0,60&nbsp;%. Pour conna\u00eetre les \u00e9carts dont nous et nos soci\u00e9t\u00e9s affili\u00e9es profitons sur les autres devises, veuillez vous adresser \u00e0 votre conseiller en placement. Nous pouvons modifier l\u2019\u00e9cart sans pr\u00e9avis. Par souci de clart\u00e9, notez que ce qui suit n\u2019indique pas le taux de change des devises.<\/p>\n\n\n\n<figure class=\"wp-block-rbcwm-table mb-3\"><table class=\"table-transparent table table-border-horizontal\"><thead><tr><th>Montant de l\u2019op\u00e9ration (USD)<\/th><th>\u00c9cart<\/th><\/tr><\/thead><tbody><tr><td>De 0 $ \u00e0 25\u2009000 $<\/td><td>1,50 %<\/td><\/tr><tr><td>De 25\u2009000,01 $ \u00e0 75\u2009000 $<\/td><td>0,70 %<\/td><\/tr><tr><td>De 75\u2009000,01 $ \u00e0 500\u2009000 $<\/td><td>0,30 %<\/td><\/tr><tr><td>De 500\u2009000,01 $ \u00e0 2\u2009000\u2009000 $<\/td><td>0,15 %<\/td><\/tr><tr><td>2\u2009000\u2009000,01 $ plus<\/td><td>jusqu\u2019\u00e0 0,05 %<\/td><\/tr><\/tbody><\/table><\/figure>\n\n\n\n<h3 class=\"wp-block-heading\">Br\u00e8ve description du taux de change et de l\u2019\u00e9cart<\/h3>\n\n\n\n<p>Il y&nbsp;aura une op\u00e9ration de change dans votre compte RBC&nbsp;DVM chaque fois que vous nous demandez d\u2019acheter ou de vendre une devise \u00e9trang\u00e8re, ou lorsqu\u2019une op\u00e9ration sur titres ou un droit relatif \u00e0 des titres (p. ex., un dividende ou des int\u00e9r\u00eats) dans une devise d\u2019origine n\u2019est pas accept\u00e9e dans votre compte.<\/p>\n\n\n\n<p>Par exemple, une op\u00e9ration de change se produira si votre compte RBC&nbsp;DVM est libell\u00e9 en dollars canadiens, mais que vous recevez un dividende en livre sterling ou que vous achetez un titre dont le prix est en euros. Dans le premier exemple, nous vendrons la livre sterling et la convertirons en un cr\u00e9dit en dollar canadien, et dans le deuxi\u00e8me exemple, nous ach\u00e8terons l\u2019euro et d\u00e9biterons votre compte en dollars canadiens.<\/p>\n\n\n\n<p>RBC&nbsp;DVM offre des comptes en devises.&nbsp;Mais plusieurs facteurs doivent \u00eatre pris en compte pour la d\u00e9tention d\u2019un compte en devises.&nbsp;Adressez-vous \u00e0 votre conseiller en placement pour en savoir plus sur ce service.<\/p>\n\n\n\n<p>Nous imputons des frais pour chaque op\u00e9ration sur devise.&nbsp;C\u2019est ce que l\u2019on appelle commun\u00e9ment \u00ab&nbsp;l\u2019\u00e9cart&nbsp;\u00bb du taux de change.<\/p>\n\n\n\n<p>Il n\u2019existe pas de march\u00e9 centralis\u00e9 de devises, comme c\u2019est le cas pour les actions. Cela signifie que RBC DVM accumule, \u00e0 titre de contrepartiste, une exposition nette au risque de change apr\u00e8s avoir ex\u00e9cut\u00e9 toutes les op\u00e9rations de change des clients. L\u2019\u00ab&nbsp;\u00e9cart&nbsp;\u00bb imput\u00e9 aux op\u00e9rations de change nous sert de r\u00e9mun\u00e9ration pour le risque de change et le maintien de l\u2019infrastructure technologique sous-jacente pour les op\u00e9rations de change.<\/p>\n\n\n\n<p>Veuillez consulter votre Convention de compte avec le client ou parler \u00e0 votre conseiller en placement pour en savoir plus.<a><\/a><\/p>\n\n\n\n<h2 class=\"wp-block-heading\">Taux des certificats de placement garanti (CPG)<\/h2>\n\n\n\n<p>The&nbsp;<a href=\"https:\/\/rbcwealthmanagement.bynder.com\/m\/2842bcc7925bc6a2\/original\/GIC-Rates.pdf\" target=\"_blank\" rel=\"noreferrer noopener\">Obtenir les plus<\/a><a href=\"https:\/\/ca.rbcwealthmanagement.com\/documents\/10180\/0\/gicrates.pdf?_gl=1*1t83l53*_ga*ODYxNTY2NjAuMTY5MTQ5NTM5Ng..*_ga_B090R41779*MTY5MjAzNjE1Ni42LjEuMTY5MjA0MTE4NC4wLjAuMA..\" target=\"_blank\" rel=\"noreferrer noopener\"><\/a>&nbsp;en format PDF &#8211; Seulement en anglais.<\/p>\n<\/div>\n<\/div>\n<\/div><\/div><\/div><\/section>\n\n\n\n<section class=\"wp-block-rbcwm-rbc-block rbc-block rbc-footer-footnotes rbc-block-small  rbc-block-grey\"><div class=\"container\"><div class=\"row \"><div class=\"col-lg-12\">\n<div class=\"row blockId-16d228ce-c1dc-4ef8-94fd-43e27f1f6f48\">\n<div class=\"wp-block-rbcwm-column col-lg-12\">\n<ul class=\"list-inline wp-block-list\">\n<li>R\u00e9glement\u00e9e par\u00a0: <\/li>\n\n\n\n<li><a href=\"https:\/\/www.fcpi.ca\/accueil\" target=\"_blank\" rel=\"noreferrer noopener\"><img decoding=\"async\" class=\"wp-image-1013\" style=\"width: 80%\" src=\"https:\/\/www.rbcwealthmanagement.com\/fr-ca\/wp-content\/uploads\/sites\/6\/2023\/02\/Cipf-logo-fr.png\" alt=\"\"><\/a><\/li>\n\n\n\n<li><a href=\"https:\/\/www.ocri.ca\/\" target=\"_blank\" rel=\"noreferrer noopener\"><img decoding=\"async\" class=\"wp-image-1015\" style=\"width: 450px\" src=\"https:\/\/www.rbcwealthmanagement.com\/fr-ca\/wp-content\/uploads\/sites\/6\/2023\/02\/ocri-logo-fr.png\" alt=\"\"><\/a><\/li>\n<\/ul>\n<\/div>\n<\/div>\n<\/div><\/div><\/div><\/section>\n","protected":false},"excerpt":{"rendered":"","protected":false},"author":15,"featured_media":0,"parent":22,"menu_order":0,"comment_status":"closed","ping_status":"closed","template":"","meta":{"_acf_changed":false,"editor_notices":[],"rbc_url_alias":"dominion-securities\/cash-and-margin-rates","footnotes":""},"rbcwm_content_owner":[],"class_list":["post-2810","page","type-page","status-publish","hentry"],"acf":[],"yoast_head":"<!-- This site is optimized with the Yoast SEO Premium plugin v24.8 (Yoast SEO v26.8) - https:\/\/yoast.com\/product\/yoast-seo-premium-wordpress\/ -->\n<title>Taux d\u2019int\u00e9r\u00eat sur soldes cr\u00e9diteurs et d\u00e9biteurs - RBC Gestion de patrimoine<\/title>\n<meta name=\"description\" content=\"RBC Dominion valeurs mobili\u00e8res Inc. taux d\u2019int\u00e9r\u00eat et taux de change Taux d\u2019int\u00e9r\u00eat sur soldes cr\u00e9diteurs et d\u00e9biteurs&nbsp;:&nbsp;Taux d\u2019int\u00e9r\u00eat sur les\" \/>\n<meta name=\"robots\" content=\"index, follow, max-snippet:-1, max-image-preview:large, max-video-preview:-1\" \/>\n<link rel=\"canonical\" href=\"https:\/\/www.rbcwealthmanagement.com\/fr-ca\/dominion-securities\/cash-and-margin-rates\" \/>\n<meta property=\"og:locale\" content=\"fr_CA\" \/>\n<meta property=\"og:type\" content=\"article\" \/>\n<meta property=\"og:title\" content=\"Taux d\u2019int\u00e9r\u00eat sur soldes cr\u00e9diteurs et d\u00e9biteurs\" \/>\n<meta property=\"og:description\" content=\"RBC Dominion valeurs mobili\u00e8res Inc. taux d\u2019int\u00e9r\u00eat et taux de change Taux d\u2019int\u00e9r\u00eat sur soldes cr\u00e9diteurs et d\u00e9biteurs&nbsp;:&nbsp;Taux d\u2019int\u00e9r\u00eat sur les\" \/>\n<meta property=\"og:url\" content=\"https:\/\/www.rbcwealthmanagement.com\/fr-ca\/dominion-securities\/cash-and-margin-rates\" \/>\n<meta property=\"og:site_name\" content=\"RBC Gestion de patrimoine\" \/>\n<meta property=\"article:modified_time\" content=\"2025-12-22T14:45:50+00:00\" \/>\n<meta property=\"og:image\" content=\"https:\/\/www.rbcwealthmanagement.com\/fr-ca\/wp-content\/uploads\/sites\/6\/2023\/02\/share-logo-1200x630-1.png\" \/>\n\t<meta property=\"og:image:width\" content=\"1200\" \/>\n\t<meta property=\"og:image:height\" content=\"630\" \/>\n\t<meta property=\"og:image:type\" content=\"image\/png\" \/>\n<meta name=\"twitter:card\" content=\"summary_large_image\" \/>\n<meta name=\"twitter:title\" content=\"Taux d\u2019int\u00e9r\u00eat sur soldes cr\u00e9diteurs et d\u00e9biteurs\" \/>\n<meta name=\"twitter:label1\" content=\"Est. reading time\" \/>\n\t<meta name=\"twitter:data1\" content=\"6 minutes\" \/>\n<script type=\"application\/ld+json\" class=\"yoast-schema-graph\">{\"@context\":\"https:\/\/schema.org\",\"@graph\":[{\"@type\":\"WebPage\",\"@id\":\"https:\/\/www.rbcwealthmanagement.com\/fr-ca\/dominion-securities\/cash-and-margin-rates\",\"url\":\"https:\/\/www.rbcwealthmanagement.com\/fr-ca\/dominion-securities\/cash-and-margin-rates\",\"name\":\"Taux d\u2019int\u00e9r\u00eat sur soldes cr\u00e9diteurs et d\u00e9biteurs - RBC Gestion de patrimoine\",\"isPartOf\":{\"@id\":\"https:\/\/www.rbcwealthmanagement.com\/fr-ca\/#website\"},\"datePublished\":\"2025-02-22T05:01:09+00:00\",\"dateModified\":\"2025-12-22T14:45:50+00:00\",\"description\":\"RBC Dominion valeurs mobili\u00e8res Inc. taux d\u2019int\u00e9r\u00eat et taux de change Taux d\u2019int\u00e9r\u00eat sur soldes cr\u00e9diteurs et d\u00e9biteurs&nbsp;:&nbsp;Taux d\u2019int\u00e9r\u00eat sur les\",\"breadcrumb\":{\"@id\":\"https:\/\/www.rbcwealthmanagement.com\/fr-ca\/dominion-securities\/cash-and-margin-rates#breadcrumb\"},\"inLanguage\":\"fr-CA\",\"potentialAction\":[{\"@type\":\"ReadAction\",\"target\":[\"https:\/\/www.rbcwealthmanagement.com\/fr-ca\/dominion-securities\/cash-and-margin-rates\"]}]},{\"@type\":\"BreadcrumbList\",\"@id\":\"https:\/\/www.rbcwealthmanagement.com\/fr-ca\/dominion-securities\/cash-and-margin-rates#breadcrumb\",\"itemListElement\":[{\"@type\":\"ListItem\",\"position\":1,\"name\":\"Home\",\"item\":\"https:\/\/www.rbcwealthmanagement.com\/fr-ca\/\"},{\"@type\":\"ListItem\",\"position\":2,\"name\":\"Dominion valeurs mobili\u00e8res\",\"item\":\"https:\/\/www.rbcwealthmanagement.com\/fr-ca\/dominion-securities\"},{\"@type\":\"ListItem\",\"position\":3,\"name\":\"Taux d\u2019int\u00e9r\u00eat sur soldes cr\u00e9diteurs et d\u00e9biteurs\"}]},{\"@type\":\"WebSite\",\"@id\":\"https:\/\/www.rbcwealthmanagement.com\/fr-ca\/#website\",\"url\":\"https:\/\/www.rbcwealthmanagement.com\/fr-ca\/\",\"name\":\"RBC Gestion de patrimoine\",\"description\":\"\",\"publisher\":{\"@id\":\"https:\/\/www.rbcwealthmanagement.com\/fr-ca\/#organization\"},\"potentialAction\":[{\"@type\":\"SearchAction\",\"target\":{\"@type\":\"EntryPoint\",\"urlTemplate\":\"https:\/\/www.rbcwealthmanagement.com\/fr-ca\/?s={search_term_string}\"},\"query-input\":{\"@type\":\"PropertyValueSpecification\",\"valueRequired\":true,\"valueName\":\"search_term_string\"}}],\"inLanguage\":\"fr-CA\"},{\"@type\":\"Organization\",\"@id\":\"https:\/\/www.rbcwealthmanagement.com\/fr-ca\/#organization\",\"name\":\"RBC Gestion de Patrimoine\",\"alternateName\":\"RBC Gestion de Patrimoine\",\"url\":\"https:\/\/www.rbcwealthmanagement.com\/fr-ca\/\",\"logo\":{\"@type\":\"ImageObject\",\"inLanguage\":\"fr-CA\",\"@id\":\"https:\/\/www.rbcwealthmanagement.com\/fr-ca\/#\/schema\/logo\/image\/\",\"url\":\"https:\/\/www.rbcwealthmanagement.com\/fr-ca\/wp-content\/uploads\/sites\/6\/2023\/02\/rbc.png\",\"contentUrl\":\"https:\/\/www.rbcwealthmanagement.com\/fr-ca\/wp-content\/uploads\/sites\/6\/2023\/02\/rbc.png\",\"width\":3000,\"height\":2000,\"caption\":\"RBC Gestion de Patrimoine\"},\"image\":{\"@id\":\"https:\/\/www.rbcwealthmanagement.com\/fr-ca\/#\/schema\/logo\/image\/\"}}]}<\/script>\n<!-- \/ Yoast SEO Premium plugin. -->","yoast_head_json":{"title":"Taux d\u2019int\u00e9r\u00eat sur soldes cr\u00e9diteurs et d\u00e9biteurs - RBC Gestion de patrimoine","description":"RBC Dominion valeurs mobili\u00e8res Inc. taux d\u2019int\u00e9r\u00eat et taux de change Taux d\u2019int\u00e9r\u00eat sur soldes cr\u00e9diteurs et d\u00e9biteurs&nbsp;:&nbsp;Taux d\u2019int\u00e9r\u00eat sur les","robots":{"index":"index","follow":"follow","max-snippet":"max-snippet:-1","max-image-preview":"max-image-preview:large","max-video-preview":"max-video-preview:-1"},"canonical":"https:\/\/www.rbcwealthmanagement.com\/fr-ca\/dominion-securities\/cash-and-margin-rates","og_locale":"fr_CA","og_type":"article","og_title":"Taux d\u2019int\u00e9r\u00eat sur soldes cr\u00e9diteurs et d\u00e9biteurs","og_description":"RBC Dominion valeurs mobili\u00e8res Inc. taux d\u2019int\u00e9r\u00eat et taux de change Taux d\u2019int\u00e9r\u00eat sur soldes cr\u00e9diteurs et d\u00e9biteurs&nbsp;:&nbsp;Taux d\u2019int\u00e9r\u00eat sur les","og_url":"https:\/\/www.rbcwealthmanagement.com\/fr-ca\/dominion-securities\/cash-and-margin-rates","og_site_name":"RBC Gestion de patrimoine","article_modified_time":"2025-12-22T14:45:50+00:00","og_image":[{"width":1200,"height":630,"url":"https:\/\/www.rbcwealthmanagement.com\/fr-ca\/wp-content\/uploads\/sites\/6\/2023\/02\/share-logo-1200x630-1.png","type":"image\/png"}],"twitter_card":"summary_large_image","twitter_title":"Taux d\u2019int\u00e9r\u00eat sur soldes cr\u00e9diteurs et d\u00e9biteurs","twitter_misc":{"Est. reading time":"6 minutes"},"schema":{"@context":"https:\/\/schema.org","@graph":[{"@type":"WebPage","@id":"https:\/\/www.rbcwealthmanagement.com\/fr-ca\/dominion-securities\/cash-and-margin-rates","url":"https:\/\/www.rbcwealthmanagement.com\/fr-ca\/dominion-securities\/cash-and-margin-rates","name":"Taux d\u2019int\u00e9r\u00eat sur soldes cr\u00e9diteurs et d\u00e9biteurs - RBC Gestion de patrimoine","isPartOf":{"@id":"https:\/\/www.rbcwealthmanagement.com\/fr-ca\/#website"},"datePublished":"2025-02-22T05:01:09+00:00","dateModified":"2025-12-22T14:45:50+00:00","description":"RBC Dominion valeurs mobili\u00e8res Inc. taux d\u2019int\u00e9r\u00eat et taux de change Taux d\u2019int\u00e9r\u00eat sur soldes cr\u00e9diteurs et d\u00e9biteurs&nbsp;:&nbsp;Taux d\u2019int\u00e9r\u00eat sur les","breadcrumb":{"@id":"https:\/\/www.rbcwealthmanagement.com\/fr-ca\/dominion-securities\/cash-and-margin-rates#breadcrumb"},"inLanguage":"fr-CA","potentialAction":[{"@type":"ReadAction","target":["https:\/\/www.rbcwealthmanagement.com\/fr-ca\/dominion-securities\/cash-and-margin-rates"]}]},{"@type":"BreadcrumbList","@id":"https:\/\/www.rbcwealthmanagement.com\/fr-ca\/dominion-securities\/cash-and-margin-rates#breadcrumb","itemListElement":[{"@type":"ListItem","position":1,"name":"Home","item":"https:\/\/www.rbcwealthmanagement.com\/fr-ca\/"},{"@type":"ListItem","position":2,"name":"Dominion valeurs mobili\u00e8res","item":"https:\/\/www.rbcwealthmanagement.com\/fr-ca\/dominion-securities"},{"@type":"ListItem","position":3,"name":"Taux d\u2019int\u00e9r\u00eat sur soldes cr\u00e9diteurs et d\u00e9biteurs"}]},{"@type":"WebSite","@id":"https:\/\/www.rbcwealthmanagement.com\/fr-ca\/#website","url":"https:\/\/www.rbcwealthmanagement.com\/fr-ca\/","name":"RBC Gestion de patrimoine","description":"","publisher":{"@id":"https:\/\/www.rbcwealthmanagement.com\/fr-ca\/#organization"},"potentialAction":[{"@type":"SearchAction","target":{"@type":"EntryPoint","urlTemplate":"https:\/\/www.rbcwealthmanagement.com\/fr-ca\/?s={search_term_string}"},"query-input":{"@type":"PropertyValueSpecification","valueRequired":true,"valueName":"search_term_string"}}],"inLanguage":"fr-CA"},{"@type":"Organization","@id":"https:\/\/www.rbcwealthmanagement.com\/fr-ca\/#organization","name":"RBC Gestion de Patrimoine","alternateName":"RBC Gestion de Patrimoine","url":"https:\/\/www.rbcwealthmanagement.com\/fr-ca\/","logo":{"@type":"ImageObject","inLanguage":"fr-CA","@id":"https:\/\/www.rbcwealthmanagement.com\/fr-ca\/#\/schema\/logo\/image\/","url":"https:\/\/www.rbcwealthmanagement.com\/fr-ca\/wp-content\/uploads\/sites\/6\/2023\/02\/rbc.png","contentUrl":"https:\/\/www.rbcwealthmanagement.com\/fr-ca\/wp-content\/uploads\/sites\/6\/2023\/02\/rbc.png","width":3000,"height":2000,"caption":"RBC Gestion de Patrimoine"},"image":{"@id":"https:\/\/www.rbcwealthmanagement.com\/fr-ca\/#\/schema\/logo\/image\/"}}]}},"jetpack_sharing_enabled":true,"publishpress_future_action":{"enabled":false,"date":"2026-04-12 16:40:08","action":"change-status","newStatus":"draft","terms":[],"taxonomy":"rbcwm_content_owner","extraData":[]},"publishpress_future_workflow_manual_trigger":{"enabledWorkflows":[]},"distributor_meta":false,"distributor_terms":false,"distributor_media":false,"distributor_original_site_name":"RBC Gestion de patrimoine","distributor_original_site_url":"https:\/\/www.rbcwealthmanagement.com\/fr-ca","push-errors":false,"last_revision_date":"2026-03-20 11:20:07","_links":{"self":[{"href":"https:\/\/www.rbcwealthmanagement.com\/fr-ca\/wp-json\/wp\/v2\/pages\/2810","targetHints":{"allow":["GET"]}}],"collection":[{"href":"https:\/\/www.rbcwealthmanagement.com\/fr-ca\/wp-json\/wp\/v2\/pages"}],"about":[{"href":"https:\/\/www.rbcwealthmanagement.com\/fr-ca\/wp-json\/wp\/v2\/types\/page"}],"author":[{"embeddable":true,"href":"https:\/\/www.rbcwealthmanagement.com\/fr-ca\/wp-json\/wp\/v2\/users\/15"}],"replies":[{"embeddable":true,"href":"https:\/\/www.rbcwealthmanagement.com\/fr-ca\/wp-json\/wp\/v2\/comments?post=2810"}],"version-history":[{"count":32,"href":"https:\/\/www.rbcwealthmanagement.com\/fr-ca\/wp-json\/wp\/v2\/pages\/2810\/revisions"}],"predecessor-version":[{"id":28666,"href":"https:\/\/www.rbcwealthmanagement.com\/fr-ca\/wp-json\/wp\/v2\/pages\/2810\/revisions\/28666"}],"up":[{"embeddable":true,"href":"https:\/\/www.rbcwealthmanagement.com\/fr-ca\/wp-json\/wp\/v2\/pages\/22"}],"wp:attachment":[{"href":"https:\/\/www.rbcwealthmanagement.com\/fr-ca\/wp-json\/wp\/v2\/media?parent=2810"}],"wp:term":[{"taxonomy":"rbcwm_content_owner","embeddable":true,"href":"https:\/\/www.rbcwealthmanagement.com\/fr-ca\/wp-json\/wp\/v2\/rbcwm_content_owner?post=2810"}],"curies":[{"name":"wp","href":"https:\/\/api.w.org\/{rel}","templated":true}]}}