{"id":3133,"date":"2024-07-12T11:04:37","date_gmt":"2024-07-12T15:04:37","guid":{"rendered":"https:\/\/www.rbcwealthmanagement.com\/fr-ca\/private-banking-starts-with-you\/"},"modified":"2024-07-16T11:05:37","modified_gmt":"2024-07-16T15:05:37","slug":"private-banking-starts-with-you","status":"publish","type":"page","link":"https:\/\/www.rbcwealthmanagement.com\/fr-ca\/campaign\/private-banking-starts-with-you","title":{"rendered":"RBC Banque priv\u00e9e"},"content":{"rendered":"\n<script>\r\n\r\n    function getQueryVariable(variable) {\r\n        var query=window.location.search.substring(1);\r\n        var vars=query.split('&');\r\n    \r\n        for (var i=0; i < vars.length; i++) {\r\n            var pair=vars[i].split('=');\r\n    \r\n            if (decodeURIComponent(pair[0])==variable) {\r\n                return decodeURIComponent(pair[1]);\r\n            }\r\n        }\r\n    \r\n        console.log('Query variable %s not found', variable);\r\n    }\r\n    \r\n     jQuery( document ).ready(function() {\r\n        postQueryVariable();\r\n     });\r\n    \r\n     function postQueryVariable() {\r\n       var cmpVariable=getQueryVariable('utm_campaign');\r\n       var sourceVariable=getQueryVariable('utm_source');\r\n       var mediumVariable=getQueryVariable('utm_medium');\r\n           \r\n            \/\/ location.replace(decodeURI(base + \"cmp=\" + cmp + \"source=\" + source));\r\n    \/\/console.log(sourceVariable + \":\" +  cmpVariable + \":\" mediumVariable);\r\n          \r\n    if(sourceVariable != null || cmpVariable != null){\r\n             \/\/Pass Query Parameters in a session \r\n             sessionStorage.cVar = cmpVariable;\r\n             sessionStorage.sVar = sourceVariable;\r\n             sessionStorage.mVar = mediumVariable;\r\n            console.log(\"\/en-ca\/private-banking\/contact?\" + jQuery.param({cmp: cmpVariable, Source: sourceVariable, medium: mediumVariable}));\r\n         }\r\n        }\r\n    <\/script>\n\n\n\n<div class=\"wp-block-rbcwm-hero-block rbc-hero-wm rbc-hero-has-image-bleed rbc-hero-overlap rbc-hero-overlap-mobile rbc-hero-pb\"><div class=\"container\"><div class=\"row no-gutters\"><div class=\"col-lg-7\"><div class=\"rbc-card rbc-hero-card rbc-hero\"><div class=\"rbc-card-wrap\"><div class=\"rbc-card-body\"><div class=\"rbc-hero-body-content\"><h1 class=\"rbc-hero-title\"><span>Banque priv\u00e9e<\/span><\/h1>\n<p class=\"rbc-hero-subtitle\">Profitez d\u2019une exp\u00e9rience de gestion de patrimoine sp\u00e9cialis\u00e9e et d\u2019un service personnalis\u00e9, con\u00e7ue pour la client\u00e8le fortun\u00e9e et ultrafortun\u00e9e.<\/p>\n<\/div><\/div><\/div><\/div><\/div><div class=\"rbc-hero-img-wrap col-lg-5 order-2 order-lg-1 \"><div class=\"rbc-hero-img bleed-img-right rbc-hero-img-desktop-bottom-center rbc-hero-img-mobile-bottom-center\" style=\"background-image:url(https:\/\/www.rbcwealthmanagement.com\/en-ca\/wp-content\/uploads\/sites\/5\/2023\/07\/multi-gen-family-at-dinner.webp?w=1600)\"><\/div><\/div><div class=\"align-self-end order-lg-3 col-lg-7 cta-text\"><div class=\"rbc-button-block row no-gutters align-items-end rbc-hero-button-overlap overlap-top\"><div class=\"col-lg\"><a href=\"https:\/\/www.rbcwealthmanagement.com\/fr-ca\/private-banking\/contact\" class=\"rbc-button  rbc-button-large rbc-button-secondary rbc-button-block rbc-button-block-cta\"><div class=\"rbc-icon rbc-button-icon-right\"><i aria-hidden=\"true\" role=\"img\" class=\"rbc-icon-img fa-angle-right fal\"><\/i><\/div>Demandez \u00e0 un banquier priv\u00e9 de vous contacter<\/a><\/div><\/div><\/div><\/div><\/div><\/div>\n\n\n\n<section class=\"wp-block-rbcwm-image-block rbc-block rbc-block-image rbc-block-grey rbc-block-image-bleed rbc-block-image-mobile-top has-block-grey-background-color has-background\"><div class=\"container rbc-block-image-container\"><div class=\"row justify-content-between h-100 no-gutters\">\n<div class=\"wp-block-rbcwm-block-image-content rbc-block-image-content rbc-block-image-content-center col-lg-6 order-2 order-lg-1\"><div class=\"rbc-block-image-bleed-body wrap\">\n<h2 class=\"wp-block-heading\" id=\"h-tout-commence-avec-vous\">Tout commence avec vous<\/h2>\n\n\n\n<p>\u00c0 Banque priv\u00e9e, nous prenons le temps d\u2019apprendre \u00e0 vous conna\u00eetre, vous et votre famille, et de d\u00e9couvrir vos besoins et vos ambitions. En comprenant bien votre situation, nous pouvons vous offrir un plan personnalis\u00e9 et du soutien continu qui comprend :<\/p>\n\n\n\n<ul class=\"wp-block-list\">\n<li>Banque priv\u00e9e<\/li>\n\n\n\n<li>Gestion de patrimoine priv\u00e9<\/li>\n\n\n\n<li>Banque priv\u00e9e \u2013 International<\/li>\n\n\n\n<li>Solutions de pr\u00eat personnalis\u00e9es<\/li>\n\n\n\n<li>Carte noire distincte offrant des privil\u00e8ges exclusifs<\/li>\n<\/ul>\n\n\n\n<p>Une \u00e9quipe de professionnels d\u00e9vou\u00e9s pourra anticiper vos besoins, r\u00e9pondre \u00e0 vos questions, vous offrir un service de haut niveau et vous proposer des id\u00e9es novatrices pour vous aider \u00e0 :<\/p>\n\n\n\n<ul class=\"wp-block-list\">\n<li>Coordonner vos affaires ;<\/li>\n\n\n\n<li>D\u00e9finir des objectifs pr\u00e9cis en mati\u00e8re de patrimoine et les atteindre;<\/li>\n\n\n\n<li>G\u00e9rer les risques de mani\u00e8re proactive ;<\/li>\n\n\n\n<li>D\u00e9couvrir des possibilit\u00e9s patrimoniales que vous ignoriez ;<\/li>\n\n\n\n<li>Simplifier votre situation financi\u00e8re.<\/li>\n<\/ul>\n<\/div><\/div>\n\n\n\n<div class=\"wp-block-rbcwm-blockimage-image col-lg-5 order-0 rbc-block-image-bleed-col order-lg-0 flex-lg-row-reverse\"><div class=\"rbc-block-image-bleed-img-wrap  d-flex flex-lg-row-reverse\"><div class=\"rbc-block-image-img rbc-block-image-bleed-img bleed-img-left\" data-src=\"https:\/\/www.rbcwealthmanagement.com\/en-ca\/wp-content\/uploads\/sites\/5\/2023\/07\/advisor-client-meeting.jpg\" data-lazy=\"true\" data-observe=\"{&quot;add&quot;:&quot;ani-opacity&quot;,&quot;remove&quot;:&quot;ani-opacity-from&quot;}\"><\/div><\/div><\/div>\n<\/div><\/div><\/section>\n\n\n\n<section class=\"wp-block-rbcwm-image-block rbc-block rbc-block-image rbc-block-image-bleed rbc-block-image-mobile-top\"><div class=\"container rbc-block-image-container\"><div class=\"row justify-content-between h-100 no-gutters\">\n<div class=\"wp-block-rbcwm-block-image-content rbc-block-image-content rbc-block-image-content-center col-lg-6 order-2 order-lg-1\"><div class=\"rbc-block-image-bleed-body wrap\">\n<h2 class=\"wp-block-heading\" id=\"h-beneficiez-de-competences-hors-pair\">B\u00e9n\u00e9ficiez de comp\u00e9tences hors pair<\/h2>\n\n\n\n<p>La diff\u00e9rence Banque priv\u00e9e r\u00e9side dans l\u2019int\u00e9gration pouss\u00e9e de nos ressources. Dans le cadre de RBC Gestion de patrimoine, nos services personnalis\u00e9s et notre \u00e9quipe diversifi\u00e9e de professionnels vous fournissent une expertise et des conseils financiers \u00e0 l\u2019\u00e9chelle locale et mondiale.<\/p>\n\n\n\n<p>Votre banquier priv\u00e9 attitr\u00e9, qui sera votre principal point de contact, fera appel \u00e0 ces professionnels RBC, notamment aux services sp\u00e9cialis\u00e9s d\u2019un conseiller en placement ou d\u2019un sp\u00e9cialiste de la planification.<\/p>\n<\/div><\/div>\n\n\n\n<div class=\"wp-block-rbcwm-blockimage-image col-lg-5 order-0 rbc-block-image-bleed-col order-lg-2\"><div class=\"rbc-block-image-bleed-img-wrap \"><div class=\"rbc-block-image-img rbc-block-image-bleed-img bleed-img-right\" data-src=\"https:\/\/www.rbcwealthmanagement.com\/en-ca\/wp-content\/uploads\/sites\/5\/2023\/07\/colleagues-in-meeting.jpg\" data-lazy=\"true\" data-observe=\"{&quot;add&quot;:&quot;ani-opacity&quot;,&quot;remove&quot;:&quot;ani-opacity-from&quot;}\"><\/div><\/div><\/div>\n<\/div><\/div><\/section>\n\n\n\n<section class=\"wp-block-rbcwm-rbc-block rbc-block rbc-block-flush-bottom rbc-block-has-overlap has-white-color has-primary-background-color has-text-color has-background b-primary\"><div class=\"container\"><div class=\"row \"><div class=\"col-lg-12\"><div class=\"wrap\">\n<div class=\"row blockId-e62e48b9-9b94-4bcf-8b38-d57c946ce9ee\">\n<div class=\"wp-block-rbcwm-column col-lg-6 mb-3 mb-lg-0\">\n<h2 class=\"wp-block-heading h1 mb-0 has-white-color has-text-color\" id=\"h-prix\">Prix<\/h2>\n\n\n\n<hr class=\"wp-block-separator has-alpha-channel-opacity is-style-mini-accent my-1-half\"\/>\n\n\n\n<p><strong><strong>Meilleure banque priv\u00e9e nationale \u2013 Canada<\/strong><\/strong><br>Euromoney \u2013 Prix Banque priv\u00e9e 2024<\/p>\n\n\n\n<p><strong><strong>Meilleure banque priv\u00e9e au Canada<\/strong><\/strong><br>Global Finance \u2013 Meilleure banque priv\u00e9e 2024<\/p>\n\n\n\n<p><strong>Meilleure banque priv\u00e9e mondiale - Am\u00e9rique du Nord<\/strong><br>Prix Global Wealth Awards&nbsp;2023 de Private Banker International<\/p>\n<\/div>\n\n\n\n<div class=\"wp-block-rbcwm-column col-lg-6\">\n<h3 class=\"wp-block-heading has-white-color has-text-color\" id=\"h-rien-de-moins-que-l-excellence\">Rien de moins que l\u2019excellence<\/h3>\n\n\n\n<p>La r\u00e9ussite de nos clients nous motive et stimule notre engagement \u00e0 offrir une exp\u00e9rience de banque priv\u00e9e exceptionnelle et personnalis\u00e9e. Comme vous, nous voulons \u00eatre pr\u00eats pour les prochaines \u00e9tapes ; c\u2019est pourquoi nous continuons d\u2019investir dans nos employ\u00e9s et dans la technologie.<\/p>\n\n\n\n<p>Nous nous distinguons par notre approche client de haut niveau, notre capacit\u00e9 d\u2019innover et notre engagement \u00e0 aider notre client\u00e8le \u00e0 prosp\u00e9rer dans un monde en constante \u00e9volution.<\/p>\n<\/div>\n<\/div>\n<\/div><\/div><\/div><\/div><\/section>\n\n\n\n<section class=\"wp-block-rbcwm-rbc-block rbc-block rbc-block-flush-bottom rbc-block-has-overlap has-primary-background-color has-background b-primary\"><div class=\"container\"><div class=\"row \"><div class=\"col-lg-12\">\n<div class=\"wp-block-rbcwm-rbc-button alignfull rbc-button-block row no-gutters align-items-end b-white blockId-ef480747-d668-4f30-900d-fafd3d2cd92e overlap-bottom\"><style> .rbc-button-block.blockId-ef480747-d668-4f30-900d-fafd3d2cd92e {  overlap-bottom } <\/style><div class=\"rbc-card\"><div class=\"rbc-card-wrap\"><div class=\"rbc-card-body\"><div class=\"row\"><div class=\"col-lg-8\"><h3 class=\"mb-0 rbc-button-block-title\"><span>Planifions votre r\u00e9ussite<\/span><\/h3><hr class=\"hr-mini my-1-half bdr-warm-grey\"\/>\n<p class=\"paragraph-intro\">D\u00e9couvrez le traitement pr\u00e9f\u00e9rentiel et les avantages exclusifs qui attendent la client\u00e8le de Banque priv\u00e9e.<\/p>\n<\/div><\/div><\/div><\/div><\/div><div class=\"col-lg-7\"><a href=\"https:\/\/contact.rbcwealthmanagement.com\/privatebanking\/fr\/\" target=\"_self\" class=\"rbc-button rbc-button-block-cta rbc-button-large rbc-button-warm-grey rbc-button-block\" rel=\"noopener\"><div class=\"rbc-icon rbc-button-icon-right\"><i aria-hidden=\"true\" role=\"img\" class=\"rbc-icon-img fal fa-fal fa-angle-right\"><\/i><\/div><span>Demandez \u00e0 un banquier priv\u00e9 de vous contacter<\/span><\/a><\/div><\/div>\n<\/div><\/div><\/div><\/section>\n\n\n\n<section class=\"wp-block-rbcwm-rbc-block rbc-block rbc-block-grey rbc-footer-footnotes rbc-block-small has-block-grey-background-color has-background\"><div class=\"container\"><div class=\"row \"><div class=\"col-lg-12\">\n<div class=\"wp-block-group wrap row is-layout-flow wp-block-group-is-layout-flow\">\n<div class=\"wp-block-group col is-layout-flow wp-block-group-is-layout-flow\">\n<p class=\"is-style-caption mw-100\">RBC Gestion de patrimoine est un nom commercial utilis\u00e9 par diverses soci\u00e9t\u00e9s affili\u00e9es \u00e0 Banque Royale du Canada. Les banquiers priv\u00e9s sont des employ\u00e9s de Banque Royale du Canada et des repr\u00e9sentants inscrits de Fonds d\u2019investissement Royal Inc. (FIRI). Les services de planification financi\u00e8re et les conseils en placement offerts par les banquiers priv\u00e9s sont fournis par FIRI. FIRI, RBC Gestion mondiale d\u2019actifs Inc., Banque Royale du Canada, Soci\u00e9t\u00e9 Trust Royal du Canada et Compagnie Trust Royal sont des entit\u00e9s juridiques distinctes et affili\u00e9es. FIRI est inscrit au Qu\u00e9bec en tant que cabinet de services financiers.<\/p>\n<\/div>\n<\/div>\n<\/div><\/div><\/div><\/section>\n","protected":false},"excerpt":{"rendered":"","protected":false},"author":4,"featured_media":0,"parent":0,"menu_order":0,"comment_status":"closed","ping_status":"closed","template":"","meta":{"_acf_changed":false,"editor_notices":[],"rbc_url_alias":"campaign\/private-banking-starts-with-you","footnotes":""},"rbcwm_content_owner":[],"class_list":["post-3133","page","type-page","status-publish","hentry"],"acf":[],"yoast_head":"<!-- This site is optimized with the Yoast SEO Premium plugin v24.8 (Yoast SEO v26.8) - https:\/\/yoast.com\/product\/yoast-seo-premium-wordpress\/ -->\n<title>RBC Banque priv\u00e9e - RBC Gestion de patrimoine<\/title>\n<meta name=\"description\" content=\"Banque priv\u00e9e Profitez d\u2019une exp\u00e9rience de gestion de patrimoine sp\u00e9cialis\u00e9e et d\u2019un service personnalis\u00e9, con\u00e7ue pour la client\u00e8le fortun\u00e9e et\" \/>\n<meta name=\"robots\" content=\"index, follow, max-snippet:-1, max-image-preview:large, max-video-preview:-1\" \/>\n<link rel=\"canonical\" href=\"https:\/\/www.rbcwealthmanagement.com\/fr-ca\/campaign\/private-banking-starts-with-you\" \/>\n<meta property=\"og:locale\" content=\"fr_CA\" \/>\n<meta property=\"og:type\" content=\"article\" \/>\n<meta property=\"og:title\" content=\"RBC Banque priv\u00e9e\" \/>\n<meta property=\"og:description\" content=\"Banque priv\u00e9e Profitez d\u2019une exp\u00e9rience de gestion de patrimoine sp\u00e9cialis\u00e9e et d\u2019un service personnalis\u00e9, con\u00e7ue pour la client\u00e8le fortun\u00e9e et\" \/>\n<meta property=\"og:url\" content=\"https:\/\/www.rbcwealthmanagement.com\/fr-ca\/campaign\/private-banking-starts-with-you\" \/>\n<meta property=\"og:site_name\" content=\"RBC Gestion de patrimoine\" \/>\n<meta property=\"article:modified_time\" content=\"2024-07-16T15:05:37+00:00\" \/>\n<meta property=\"og:image\" content=\"https:\/\/www.rbcwealthmanagement.com\/fr-ca\/wp-content\/uploads\/sites\/6\/2023\/02\/share-logo-1200x630-1.png\" \/>\n\t<meta property=\"og:image:width\" content=\"1200\" \/>\n\t<meta property=\"og:image:height\" content=\"630\" \/>\n\t<meta property=\"og:image:type\" content=\"image\/png\" \/>\n<meta name=\"twitter:card\" content=\"summary_large_image\" \/>\n<meta name=\"twitter:title\" content=\"RBC Banque priv\u00e9e\" \/>\n<meta name=\"twitter:label1\" content=\"Est. reading time\" \/>\n\t<meta name=\"twitter:data1\" content=\"3 minutes\" \/>\n<script type=\"application\/ld+json\" class=\"yoast-schema-graph\">{\"@context\":\"https:\/\/schema.org\",\"@graph\":[{\"@type\":\"WebPage\",\"@id\":\"https:\/\/www.rbcwealthmanagement.com\/fr-ca\/campaign\/private-banking-starts-with-you\",\"url\":\"https:\/\/www.rbcwealthmanagement.com\/fr-ca\/campaign\/private-banking-starts-with-you\",\"name\":\"RBC Banque priv\u00e9e - RBC Gestion de patrimoine\",\"isPartOf\":{\"@id\":\"https:\/\/www.rbcwealthmanagement.com\/fr-ca\/#website\"},\"datePublished\":\"2024-07-12T15:04:37+00:00\",\"dateModified\":\"2024-07-16T15:05:37+00:00\",\"description\":\"Banque priv\u00e9e Profitez d\u2019une exp\u00e9rience de gestion de patrimoine sp\u00e9cialis\u00e9e et d\u2019un service personnalis\u00e9, con\u00e7ue pour la client\u00e8le fortun\u00e9e et\",\"breadcrumb\":{\"@id\":\"https:\/\/www.rbcwealthmanagement.com\/fr-ca\/campaign\/private-banking-starts-with-you#breadcrumb\"},\"inLanguage\":\"fr-CA\",\"potentialAction\":[{\"@type\":\"ReadAction\",\"target\":[\"https:\/\/www.rbcwealthmanagement.com\/fr-ca\/campaign\/private-banking-starts-with-you\"]}]},{\"@type\":\"BreadcrumbList\",\"@id\":\"https:\/\/www.rbcwealthmanagement.com\/fr-ca\/campaign\/private-banking-starts-with-you#breadcrumb\",\"itemListElement\":[{\"@type\":\"ListItem\",\"position\":1,\"name\":\"Home\",\"item\":\"https:\/\/www.rbcwealthmanagement.com\/fr-ca\/\"},{\"@type\":\"ListItem\",\"position\":2,\"name\":\"RBC Banque priv\u00e9e\"}]},{\"@type\":\"WebSite\",\"@id\":\"https:\/\/www.rbcwealthmanagement.com\/fr-ca\/#website\",\"url\":\"https:\/\/www.rbcwealthmanagement.com\/fr-ca\/\",\"name\":\"RBC Gestion de patrimoine\",\"description\":\"\",\"publisher\":{\"@id\":\"https:\/\/www.rbcwealthmanagement.com\/fr-ca\/#organization\"},\"potentialAction\":[{\"@type\":\"SearchAction\",\"target\":{\"@type\":\"EntryPoint\",\"urlTemplate\":\"https:\/\/www.rbcwealthmanagement.com\/fr-ca\/?s={search_term_string}\"},\"query-input\":{\"@type\":\"PropertyValueSpecification\",\"valueRequired\":true,\"valueName\":\"search_term_string\"}}],\"inLanguage\":\"fr-CA\"},{\"@type\":\"Organization\",\"@id\":\"https:\/\/www.rbcwealthmanagement.com\/fr-ca\/#organization\",\"name\":\"RBC Gestion de Patrimoine\",\"alternateName\":\"RBC Gestion de Patrimoine\",\"url\":\"https:\/\/www.rbcwealthmanagement.com\/fr-ca\/\",\"logo\":{\"@type\":\"ImageObject\",\"inLanguage\":\"fr-CA\",\"@id\":\"https:\/\/www.rbcwealthmanagement.com\/fr-ca\/#\/schema\/logo\/image\/\",\"url\":\"https:\/\/www.rbcwealthmanagement.com\/fr-ca\/wp-content\/uploads\/sites\/6\/2023\/02\/rbc.png\",\"contentUrl\":\"https:\/\/www.rbcwealthmanagement.com\/fr-ca\/wp-content\/uploads\/sites\/6\/2023\/02\/rbc.png\",\"width\":3000,\"height\":2000,\"caption\":\"RBC Gestion de Patrimoine\"},\"image\":{\"@id\":\"https:\/\/www.rbcwealthmanagement.com\/fr-ca\/#\/schema\/logo\/image\/\"}}]}<\/script>\n<!-- \/ Yoast SEO Premium plugin. -->","yoast_head_json":{"title":"RBC Banque priv\u00e9e - RBC Gestion de patrimoine","description":"Banque priv\u00e9e Profitez d\u2019une exp\u00e9rience de gestion de patrimoine sp\u00e9cialis\u00e9e et d\u2019un service personnalis\u00e9, con\u00e7ue pour la client\u00e8le fortun\u00e9e et","robots":{"index":"index","follow":"follow","max-snippet":"max-snippet:-1","max-image-preview":"max-image-preview:large","max-video-preview":"max-video-preview:-1"},"canonical":"https:\/\/www.rbcwealthmanagement.com\/fr-ca\/campaign\/private-banking-starts-with-you","og_locale":"fr_CA","og_type":"article","og_title":"RBC Banque priv\u00e9e","og_description":"Banque priv\u00e9e Profitez d\u2019une exp\u00e9rience de gestion de patrimoine sp\u00e9cialis\u00e9e et d\u2019un service personnalis\u00e9, con\u00e7ue pour la client\u00e8le fortun\u00e9e et","og_url":"https:\/\/www.rbcwealthmanagement.com\/fr-ca\/campaign\/private-banking-starts-with-you","og_site_name":"RBC Gestion de patrimoine","article_modified_time":"2024-07-16T15:05:37+00:00","og_image":[{"width":1200,"height":630,"url":"https:\/\/www.rbcwealthmanagement.com\/fr-ca\/wp-content\/uploads\/sites\/6\/2023\/02\/share-logo-1200x630-1.png","type":"image\/png"}],"twitter_card":"summary_large_image","twitter_title":"RBC Banque priv\u00e9e","twitter_misc":{"Est. reading time":"3 minutes"},"schema":{"@context":"https:\/\/schema.org","@graph":[{"@type":"WebPage","@id":"https:\/\/www.rbcwealthmanagement.com\/fr-ca\/campaign\/private-banking-starts-with-you","url":"https:\/\/www.rbcwealthmanagement.com\/fr-ca\/campaign\/private-banking-starts-with-you","name":"RBC Banque priv\u00e9e - RBC Gestion de patrimoine","isPartOf":{"@id":"https:\/\/www.rbcwealthmanagement.com\/fr-ca\/#website"},"datePublished":"2024-07-12T15:04:37+00:00","dateModified":"2024-07-16T15:05:37+00:00","description":"Banque priv\u00e9e Profitez d\u2019une exp\u00e9rience de gestion de patrimoine sp\u00e9cialis\u00e9e et d\u2019un service personnalis\u00e9, con\u00e7ue pour la client\u00e8le fortun\u00e9e et","breadcrumb":{"@id":"https:\/\/www.rbcwealthmanagement.com\/fr-ca\/campaign\/private-banking-starts-with-you#breadcrumb"},"inLanguage":"fr-CA","potentialAction":[{"@type":"ReadAction","target":["https:\/\/www.rbcwealthmanagement.com\/fr-ca\/campaign\/private-banking-starts-with-you"]}]},{"@type":"BreadcrumbList","@id":"https:\/\/www.rbcwealthmanagement.com\/fr-ca\/campaign\/private-banking-starts-with-you#breadcrumb","itemListElement":[{"@type":"ListItem","position":1,"name":"Home","item":"https:\/\/www.rbcwealthmanagement.com\/fr-ca\/"},{"@type":"ListItem","position":2,"name":"RBC Banque priv\u00e9e"}]},{"@type":"WebSite","@id":"https:\/\/www.rbcwealthmanagement.com\/fr-ca\/#website","url":"https:\/\/www.rbcwealthmanagement.com\/fr-ca\/","name":"RBC Gestion de patrimoine","description":"","publisher":{"@id":"https:\/\/www.rbcwealthmanagement.com\/fr-ca\/#organization"},"potentialAction":[{"@type":"SearchAction","target":{"@type":"EntryPoint","urlTemplate":"https:\/\/www.rbcwealthmanagement.com\/fr-ca\/?s={search_term_string}"},"query-input":{"@type":"PropertyValueSpecification","valueRequired":true,"valueName":"search_term_string"}}],"inLanguage":"fr-CA"},{"@type":"Organization","@id":"https:\/\/www.rbcwealthmanagement.com\/fr-ca\/#organization","name":"RBC Gestion de Patrimoine","alternateName":"RBC Gestion de Patrimoine","url":"https:\/\/www.rbcwealthmanagement.com\/fr-ca\/","logo":{"@type":"ImageObject","inLanguage":"fr-CA","@id":"https:\/\/www.rbcwealthmanagement.com\/fr-ca\/#\/schema\/logo\/image\/","url":"https:\/\/www.rbcwealthmanagement.com\/fr-ca\/wp-content\/uploads\/sites\/6\/2023\/02\/rbc.png","contentUrl":"https:\/\/www.rbcwealthmanagement.com\/fr-ca\/wp-content\/uploads\/sites\/6\/2023\/02\/rbc.png","width":3000,"height":2000,"caption":"RBC Gestion de Patrimoine"},"image":{"@id":"https:\/\/www.rbcwealthmanagement.com\/fr-ca\/#\/schema\/logo\/image\/"}}]}},"jetpack_sharing_enabled":true,"publishpress_future_action":{"enabled":false,"date":"2026-04-20 13:51:42","action":"change-status","newStatus":"draft","terms":[],"taxonomy":"rbcwm_content_owner","extraData":[]},"publishpress_future_workflow_manual_trigger":{"enabledWorkflows":[]},"distributor_meta":false,"distributor_terms":false,"distributor_media":false,"distributor_original_site_name":"RBC Gestion de patrimoine","distributor_original_site_url":"https:\/\/www.rbcwealthmanagement.com\/fr-ca","push-errors":false,"last_revision_date":"2024-07-16 11:05:36","_links":{"self":[{"href":"https:\/\/www.rbcwealthmanagement.com\/fr-ca\/wp-json\/wp\/v2\/pages\/3133","targetHints":{"allow":["GET"]}}],"collection":[{"href":"https:\/\/www.rbcwealthmanagement.com\/fr-ca\/wp-json\/wp\/v2\/pages"}],"about":[{"href":"https:\/\/www.rbcwealthmanagement.com\/fr-ca\/wp-json\/wp\/v2\/types\/page"}],"author":[{"embeddable":true,"href":"https:\/\/www.rbcwealthmanagement.com\/fr-ca\/wp-json\/wp\/v2\/users\/4"}],"replies":[{"embeddable":true,"href":"https:\/\/www.rbcwealthmanagement.com\/fr-ca\/wp-json\/wp\/v2\/comments?post=3133"}],"version-history":[{"count":14,"href":"https:\/\/www.rbcwealthmanagement.com\/fr-ca\/wp-json\/wp\/v2\/pages\/3133\/revisions"}],"predecessor-version":[{"id":22445,"href":"https:\/\/www.rbcwealthmanagement.com\/fr-ca\/wp-json\/wp\/v2\/pages\/3133\/revisions\/22445"}],"wp:attachment":[{"href":"https:\/\/www.rbcwealthmanagement.com\/fr-ca\/wp-json\/wp\/v2\/media?parent=3133"}],"wp:term":[{"taxonomy":"rbcwm_content_owner","embeddable":true,"href":"https:\/\/www.rbcwealthmanagement.com\/fr-ca\/wp-json\/wp\/v2\/rbcwm_content_owner?post=3133"}],"curies":[{"name":"wp","href":"https:\/\/api.w.org\/{rel}","templated":true}]}}