{"id":3143,"date":"2023-02-07T10:22:36","date_gmt":"2023-02-07T10:22:37","guid":{"rendered":"https:\/\/www.rbcwealthmanagement.com\/fr-ca\/esign-thank-you\/"},"modified":"2023-11-01T10:46:22","modified_gmt":"2023-11-01T14:46:22","slug":"esign-thank-you","status":"publish","type":"page","link":"https:\/\/www.rbcwealthmanagement.com\/fr-ca\/esign-thank-you","title":{"rendered":"Des conseils et services personnalis\u00e9s"},"content":{"rendered":"\n<div class=\"wp-block-rbcwm-hero-block rbc-hero-wm  rbc-hero-overlap rbc-hero-overlap-mobile rbc-hero-mrri46kie hide-mobile-energy-lines\"><style>\n\t\t.rbc-hero-mrri46kie.is-style-rbc-hero-gradient::before {\n\t\t\tbackground: linear-gradient(90deg, #023169 20%, rgba(94, 120, 131, 0) 60%);\n\t\t}\n\n\t\t.rbc-hero-mrri46kie.is-style-rbc-hero-gradient.rbc-hero-has-image-bleed::before {\n\t\t\tbackground: linear-gradient(90deg, #023169 20%, rgba(94, 120, 131, 0) 60%);\n\t\t}\n\n\t\t.rbc-hero-mrri46kie.is-style-rbc-hero-gradient.rbc-hero-has-image-bottom::before {\n\t\t\tbackground: linear-gradient(180deg, #023169 20%, rgba(94, 120, 131, 0) 60%);\n\t\t}\n\n\t\t.rbc-hero-mrri46kie .rbc-hero-energy-lines.rbc-hero-energy-lines-left {\n\t\t\ttransform: scaleX(-1);\n\t\t}\n\n\t\t@media (max-width: 991px) {\n\t\t\t.rbc-hero-mrri46kie.is-style-rbc-hero-gradient::before,\n\t\t\t.rbc-hero-mrri46kie.is-style-rbc-hero-gradient.rbc-hero-has-image-bottom::before,\n\t\t\t.rbc-hero-mrri46kie.is-style-rbc-hero-gradient.rbc-hero-has-image-bleed::before {\n\t\t\t\tbackground: none;\n\t\t\t}\n\n\t\t\t.rbc-hero-mrri46kie.rbc-hero-has-image-full.hide-mobile-energy-lines .rbc-hero-energy-lines {\n\t\t\t\tdisplay: none;\n\t\t\t}\n\n\t\t\t.wp-block-rbcwm-hero-block.rbc-hero-mrri46kie.is-style-rbc-hero-gradient .rbc-hero-img-wrap::after {\n\t\t\t\tbackground: linear-gradient( 0deg, #023169 0%, rgba(94, 120, 131, 0) 25% );\n\t\t\t}\n\t\t\t\n\t\t\t.wp-block-rbcwm-hero-block.rbc-hero-mrri46kie.is-style-rbc-hero-gradient.rbc-hero-has-image-bottom .rbc-hero-img-wrap::before,\n            .wp-block-rbcwm-hero-block.rbc-hero-mrri46kie.is-style-rbc-hero-gradient.rbc-hero-has-image-bottom .container .rbc-hero-img-wrap::before {\n\t\t\t\tbackground: linear-gradient( 180deg, #023169 0%, rgba( 94, 120, 131, 0 ) 25% );\n\t\t\t}\n\t\t\t\n\t\t\t.wp-block-rbcwm-hero-block.rbc-hero-mrri46kie.is-style-rbc-hero-gradient .rbc-hero-card {\n\t\t\t\tbackground: #023169;\n\t\t\t}\n\t\t}\n\t<\/style><div class=\"container\"><div class=\"row no-gutters\"><div class=\"col-lg-12 rbc-hero-card-content\"><div class=\"rbc-card rbc-hero-card rbc-hero has-content\"><div class=\"rbc-card-wrap\"><div class=\"rbc-card-body\"><div class=\"rbc-hero-body-content\"><h1 class=\"rbc-hero-title\"><span>Des conseils et services personnalis\u00e9s<\/span><\/h1><\/div><\/div><\/div><\/div><\/div><div class=\"rbc-hero-img-wrap col-lg-5 order-2 order-lg-1\"><\/div><\/div><\/div><\/div>\n\n\n\n<section class=\"wp-block-rbcwm-image-block rbc-block rbc-block-image rbc-block-image-bleed rbc-block-image-mobile-top\"><div class=\"container rbc-block-image-container\"><div class=\"row justify-content-between h-100 no-gutters\">\n<div class=\"wp-block-rbcwm-block-image-content rbc-block-image-content rbc-block-image-content-center col-lg-6 order-2 order-lg-1\"><div class=\"rbc-block-image-bleed-body wrap\">\n<p>Nous vous remercions de votre confiance et de votre fid\u00e9lit\u00e9.&nbsp; Nous voulons vous rassurer en sachant que vos affaires financi\u00e8res sont entre les mains comp\u00e9tentes de votre \u00e9quipe de conseillers d\u00e9vou\u00e9s.<\/p>\n\n\n\n<p>\u00c0 RBC Gestion de patrimoine, nous savons que votre patrimoine ne se r\u00e9sume pas uniquement \u00e0 des chiffres&nbsp;\u2013&nbsp;il s\u2019agit d\u2019assurer l\u2019avenir de votre famille, d\u2019atteindre vos objectifs et de cr\u00e9er un h\u00e9ritage durable.&nbsp; En plus de strat\u00e9gies de gestion de placements rigoureuses, votre \u00e9quipe de conseillers a acc\u00e8s \u00e0 un vaste r\u00e9seau d\u2019experts financiers internes qui peuvent vous aider en mati\u00e8re de planification successorale, de strat\u00e9gies fiscales et de services de gouvernance familiale.&nbsp;<\/p>\n\n\n\n<p>Si vous souhaitez obtenir plus de renseignements ou si vous avez des questions, votre \u00e9quipe de conseillers sera heureuse de vous aider.<\/p>\n\n\n\n<p>Cordialement,<\/p>\n\n\n\n<figure class=\"wp-block-image size-large\"><img decoding=\"async\" src=\"https:\/\/www.rbcwealthmanagement.com\/en-ca\/wp-content\/uploads\/sites\/5\/2023\/06\/david-agnew-signature.jpeg?w=250\" alt=\"david-agnew-signature\" class=\"wp-image-6203\"\/><\/figure>\n\n\n\n<p>David Agnew<br>Chef de la direction, RBC Gestion de patrimoine \u2013 Canada<\/p>\n<\/div><\/div>\n\n\n\n<div class=\"wp-block-rbcwm-blockimage-image col-lg-5 order-0 rbc-block-image-bleed-col order-lg-0 flex-lg-row-reverse\"><div class=\"rbc-block-image-bleed-img-wrap  d-flex flex-lg-row-reverse\"><div class=\"rbc-block-image-img rbc-block-image-bleed-img bleed-img-left\" data-src=\"https:\/\/www.rbcwealthmanagement.com\/en-ca\/wp-content\/uploads\/sites\/5\/2023\/06\/david-agnew-102.jpeg\" data-lazy=\"true\" data-observe=\"{&quot;add&quot;:&quot;ani-opacity&quot;,&quot;remove&quot;:&quot;ani-opacity-from&quot;}\"><\/div><\/div><\/div>\n<\/div><\/div><\/section>\n\n\n\n<section class=\"wp-block-rbcwm-rbc-block rbc-block rbc-block-grey has-block-grey-background-color has-background\"><div class=\"container\"><div class=\"row \"><div class=\"col-lg-12\">\n<header class=\"wp-block-rbcwm-block-header row rbc-block-header\"><div class=\"col-lg-12\">\n<div class=\"row\">\n<h2 class=\"wp-block-heading rbc-block-header-title col-lg-12\" id=\"h-tirez-parti-de-nos-ressources\">Tirez parti de nos ressources<\/h2>\n\n\n\n\n<h2 class=\"wp-block-heading rbc-block-header-title col-lg-12\" id=\"h-\"><\/h2>\n\n<\/div>\n\n\n\n<div class=\"wp-block-rbcwm-block-header-description rbc-block-header-description\">\n<p><\/p>\n<\/div>\n<\/div><\/header>\n\n\n\n<div class=\"wp-block-rbcwm-columns container\"><div class=\"row justify-content-between wrap blockId-71357907-9129-4628-aa3d-a3553f9912d8\">\n<div class=\"wp-block-rbcwm-column col-lg-12\">\n<p class=\"subheader mb-2\">Une importante \u00e9quipe, compos\u00e9e notamment de planificateurs financiers, d\u2019experts-conseils, Successions, de sp\u00e9cialistes en planification successorale, de conseillers en strat\u00e9gie de placement et d\u2019analystes en recherche, aide votre repr\u00e9sentant, RBC Gestion de patrimoine, \u00e0 vous offrir des services de gestion de patrimoine complets.<\/p>\n<\/div>\n\n\n\n<div class=\"wp-block-rbcwm-column col-sm-12 col-md-6 spacer-50 mb-1\">\n<div class=\"row blockId-7c76ab0e-8782-400c-83cf-d17becfa69b3\">\n<div class=\"wp-block-rbcwm-column col-sm-4 col-lg-4 col-4\">\n<figure class=\"wp-block-image aligncenter size-large is-resized text-center\"><img decoding=\"async\" src=\"https:\/\/www.rbcwealthmanagement.com\/en-ca\/wp-content\/uploads\/sites\/5\/2023\/06\/checklist.png?w=294\" alt=\"stylo \u00e9crivant une liste \u00e0 puces\" class=\"wp-image-6215\" style=\"width:140px;height:140px\"\/><\/figure>\n<\/div>\n\n\n\n<div class=\"wp-block-rbcwm-column col-sm-8 col-lg-8 col-8\">\n<h3 class=\"wp-block-heading\">Pr\u00e9parer votre avenir<\/h3>\n\n\n\n<p>Que ce soit pour tirer le maximum de votre retraite ou pour transf\u00e9rer votre patrimoine \u00e0 la prochaine g\u00e9n\u00e9ration, votre repr\u00e9sentant, RBC Gestion de patrimoine, peut vous mettre en contact avec les ressources dont vous avez besoin.<\/p>\n<\/div>\n<\/div>\n<\/div>\n\n\n\n<div class=\"wp-block-rbcwm-column col-sm-12 col-md-6 spacer-50 mb-1\">\n<div class=\"row blockId-7c76ab0e-8782-400c-83cf-d17becfa69b3\">\n<div class=\"wp-block-rbcwm-column col-sm-4 col-lg-4 col-4\">\n<figure class=\"wp-block-image aligncenter size-large is-resized text-center\"><img decoding=\"async\" src=\"https:\/\/www.rbcwealthmanagement.com\/en-ca\/wp-content\/uploads\/sites\/5\/2023\/06\/padlock-v2.png?w=294\" alt=\"une ic\u00f4ne d\u2019une serrure verrouill\u00e9e\" class=\"wp-image-6216\" style=\"width:140px;height:140px\"\/><\/figure>\n<\/div>\n\n\n\n<div class=\"wp-block-rbcwm-column col-sm-8 col-lg-8 col-8\">\n<h3 class=\"wp-block-heading\">Protection de votre patrimoine<\/h3>\n\n\n\n<p>Nous pouvons vous aider \u00e0 prot\u00e9ger votre s\u00e9curit\u00e9 financi\u00e8re aujourd\u2019hui et votre h\u00e9ritage pour l\u2019avenir gr\u00e2ce \u00e0 des strat\u00e9gies efficaces sur le plan fiscal.<\/p>\n<\/div>\n<\/div>\n<\/div>\n\n\n\n<div class=\"wp-block-rbcwm-column col-sm-12 col-md-6 spacer-50\">\n<div class=\"row blockId-7c76ab0e-8782-400c-83cf-d17becfa69b3\">\n<div class=\"wp-block-rbcwm-column col-sm-4 col-lg-4 col-4\">\n<figure class=\"wp-block-image aligncenter size-large is-resized text-center\"><img decoding=\"async\" src=\"https:\/\/www.rbcwealthmanagement.com\/en-ca\/wp-content\/uploads\/sites\/5\/2023\/06\/family.png?w=294\" alt=\"trois t\u00eates symbolisant la cr\u00e9ation d\u2019un h\u00e9ritage familial\" class=\"wp-image-6217\" style=\"width:140px;height:140px\"\/><\/figure>\n<\/div>\n\n\n\n<div class=\"wp-block-rbcwm-column col-sm-8 col-lg-8 col-8\">\n<h3 class=\"wp-block-heading\">Cr\u00e9ation de votre legs<\/h3>\n\n\n\n<p>Nous vous aidons \u00e0 b\u00e2tir et \u00e0 consolider l\u2019h\u00e9ritage que vous avez envisag\u00e9 pour votre famille et votre collectivit\u00e9, qu\u2019il s\u2019agisse d\u2019un plan complet de transfert de patrimoine \u00e0 la prochaine g\u00e9n\u00e9ration ou de strat\u00e9gies de dons de bienfaisance pour assurer un avenir meilleur.<\/p>\n<\/div>\n<\/div>\n<\/div>\n\n\n\n<div class=\"wp-block-rbcwm-column col-sm-12 col-md-6 spacer-50\">\n<div class=\"row blockId-7c76ab0e-8782-400c-83cf-d17becfa69b3\">\n<div class=\"wp-block-rbcwm-column col-sm-4 col-lg-4 col-4\">\n<figure class=\"wp-block-image aligncenter size-large is-resized text-center\"><img decoding=\"async\" src=\"https:\/\/www.rbcwealthmanagement.com\/en-ca\/wp-content\/uploads\/sites\/5\/2023\/06\/globe-with-outward-arrows.png?w=294\" alt=\"globe tournant\" class=\"wp-image-6218\" style=\"width:140px;height:140px\"\/><\/figure>\n<\/div>\n\n\n\n<div class=\"wp-block-rbcwm-column col-sm-8 col-lg-8 col-8\">\n<h3 class=\"wp-block-heading\">Vous connecter aux services de RBC<\/h3>\n\n\n\n<p>Votre repr\u00e9sentant, RBC Gestion de patrimoine, peut vous aider \u00e0 naviguer dans les vastes ressources de RBC et vous mettre en contact avec les services et les experts dont vous pourriez avoir besoin en mati\u00e8re de services bancaires et au-del\u00e0.<\/p>\n<\/div>\n<\/div>\n<\/div>\n<\/div><\/div>\n<\/div><\/div><\/div><\/section>\n\n\n\n<section class=\"wp-block-rbcwm-rbc-block rbc-block rbc-block-flush-bottom rbc-block-has-overlap\"><div class=\"container\"><div class=\"row \"><div class=\"col-lg-12\">\n<div class=\"wp-block-rbcwm-rbc-button alignfull rbc-button-block row no-gutters align-items-end b-white blockId-67723950-0094-4979-a504-977e85570ebe blockId-6b352510-11ee-43b3-a727-a1d99903f7b0 overlap-bottom\"><div class=\"rbc-card\"><div class=\"rbc-card-wrap\"><div class=\"rbc-card-body\"><div class=\"row\"><div class=\"col-lg-8\"><h3 class=\"mb-0 rbc-button-block-title\"><span>Entrons en contact<\/span><\/h3><hr class=\"hr-mini my-1-half bdr-warm-grey\"\/>\n<p class=\"paragraph-intro\">Nous voulons discuter de votre avenir financier<\/p>\n<\/div><\/div><\/div><\/div><\/div><div class=\"col-lg-7\"><a href=\"https:\/\/www.rbcwealthmanagement.com\/fr-ca\/contact\/\" target=\"_self\" class=\"rbc-button rbc-button-block-cta rbc-button-large rbc-button-warm-grey rbc-button-block\" rel=\"noopener\"><div class=\"rbc-icon rbc-button-icon-right\"><i aria-hidden=\"true\" role=\"img\" class=\"rbc-icon-img fal fa-fal fa-angle-right\"><\/i><\/div><span>Laissez-nous communiquer avec vous<\/span><\/a><\/div><\/div>\n<\/div><\/div><\/div><\/section>\n","protected":false},"excerpt":{"rendered":"","protected":false},"author":4,"featured_media":0,"parent":0,"menu_order":0,"comment_status":"closed","ping_status":"closed","template":"","meta":{"_acf_changed":false,"editor_notices":[],"rbc_url_alias":"esign-thank-you","footnotes":""},"rbcwm_content_owner":[],"class_list":["post-3143","page","type-page","status-publish","hentry"],"acf":[],"yoast_head":"<!-- This site is optimized with the Yoast SEO Premium plugin v24.8 (Yoast SEO v26.8) - https:\/\/yoast.com\/product\/yoast-seo-premium-wordpress\/ -->\n<title>Des conseils et services personnalis\u00e9s - RBC Gestion de patrimoine<\/title>\n<meta name=\"description\" content=\"Des conseils et services personnalis\u00e9s Nous vous remercions de votre confiance et de votre fid\u00e9lit\u00e9.&nbsp; Nous voulons vous rassurer en sachant que vos\" \/>\n<meta name=\"robots\" content=\"index, follow, max-snippet:-1, max-image-preview:large, max-video-preview:-1\" \/>\n<link rel=\"canonical\" href=\"https:\/\/www.rbcwealthmanagement.com\/fr-ca\/esign-thank-you\" \/>\n<meta property=\"og:locale\" content=\"fr_CA\" \/>\n<meta property=\"og:type\" content=\"article\" \/>\n<meta property=\"og:title\" content=\"Des conseils et services personnalis\u00e9s\" \/>\n<meta property=\"og:description\" content=\"Des conseils et services personnalis\u00e9s Nous vous remercions de votre confiance et de votre fid\u00e9lit\u00e9.&nbsp; Nous voulons vous rassurer en sachant que vos\" \/>\n<meta property=\"og:url\" content=\"https:\/\/www.rbcwealthmanagement.com\/fr-ca\/esign-thank-you\" \/>\n<meta property=\"og:site_name\" content=\"RBC Gestion de patrimoine\" \/>\n<meta property=\"article:modified_time\" content=\"2023-11-01T14:46:22+00:00\" \/>\n<meta property=\"og:image\" content=\"https:\/\/www.rbcwealthmanagement.com\/fr-ca\/wp-content\/uploads\/sites\/6\/2023\/02\/share-logo-1200x630-1.png\" \/>\n\t<meta property=\"og:image:width\" content=\"1200\" \/>\n\t<meta property=\"og:image:height\" content=\"630\" \/>\n\t<meta property=\"og:image:type\" content=\"image\/png\" \/>\n<meta name=\"twitter:card\" content=\"summary_large_image\" \/>\n<meta name=\"twitter:title\" content=\"Des conseils et services personnalis\u00e9s\" \/>\n<meta name=\"twitter:label1\" content=\"Est. reading time\" \/>\n\t<meta name=\"twitter:data1\" content=\"3 minutes\" \/>\n<script type=\"application\/ld+json\" class=\"yoast-schema-graph\">{\"@context\":\"https:\/\/schema.org\",\"@graph\":[{\"@type\":\"WebPage\",\"@id\":\"https:\/\/www.rbcwealthmanagement.com\/fr-ca\/esign-thank-you\",\"url\":\"https:\/\/www.rbcwealthmanagement.com\/fr-ca\/esign-thank-you\",\"name\":\"Des conseils et services personnalis\u00e9s - RBC Gestion de patrimoine\",\"isPartOf\":{\"@id\":\"https:\/\/www.rbcwealthmanagement.com\/fr-ca\/#website\"},\"primaryImageOfPage\":{\"@id\":\"https:\/\/www.rbcwealthmanagement.com\/fr-ca\/esign-thank-you#primaryimage\"},\"image\":{\"@id\":\"https:\/\/www.rbcwealthmanagement.com\/fr-ca\/esign-thank-you#primaryimage\"},\"thumbnailUrl\":\"https:\/\/www.rbcwealthmanagement.com\/en-ca\/wp-content\/uploads\/sites\/5\/2023\/06\/david-agnew-signature.jpeg?w=250\",\"datePublished\":\"2023-02-07T10:22:37+00:00\",\"dateModified\":\"2023-11-01T14:46:22+00:00\",\"description\":\"Des conseils et services personnalis\u00e9s Nous vous remercions de votre confiance et de votre fid\u00e9lit\u00e9.&nbsp; Nous voulons vous rassurer en sachant que vos\",\"breadcrumb\":{\"@id\":\"https:\/\/www.rbcwealthmanagement.com\/fr-ca\/esign-thank-you#breadcrumb\"},\"inLanguage\":\"fr-CA\",\"potentialAction\":[{\"@type\":\"ReadAction\",\"target\":[\"https:\/\/www.rbcwealthmanagement.com\/fr-ca\/esign-thank-you\"]}]},{\"@type\":\"ImageObject\",\"inLanguage\":\"fr-CA\",\"@id\":\"https:\/\/www.rbcwealthmanagement.com\/fr-ca\/esign-thank-you#primaryimage\",\"url\":\"https:\/\/www.rbcwealthmanagement.com\/en-ca\/wp-content\/uploads\/sites\/5\/2023\/06\/david-agnew-signature.jpeg?w=250\",\"contentUrl\":\"https:\/\/www.rbcwealthmanagement.com\/en-ca\/wp-content\/uploads\/sites\/5\/2023\/06\/david-agnew-signature.jpeg?w=250\"},{\"@type\":\"BreadcrumbList\",\"@id\":\"https:\/\/www.rbcwealthmanagement.com\/fr-ca\/esign-thank-you#breadcrumb\",\"itemListElement\":[{\"@type\":\"ListItem\",\"position\":1,\"name\":\"Home\",\"item\":\"https:\/\/www.rbcwealthmanagement.com\/fr-ca\/\"},{\"@type\":\"ListItem\",\"position\":2,\"name\":\"Des conseils et services personnalis\u00e9s\"}]},{\"@type\":\"WebSite\",\"@id\":\"https:\/\/www.rbcwealthmanagement.com\/fr-ca\/#website\",\"url\":\"https:\/\/www.rbcwealthmanagement.com\/fr-ca\/\",\"name\":\"RBC Gestion de patrimoine\",\"description\":\"\",\"publisher\":{\"@id\":\"https:\/\/www.rbcwealthmanagement.com\/fr-ca\/#organization\"},\"potentialAction\":[{\"@type\":\"SearchAction\",\"target\":{\"@type\":\"EntryPoint\",\"urlTemplate\":\"https:\/\/www.rbcwealthmanagement.com\/fr-ca\/?s={search_term_string}\"},\"query-input\":{\"@type\":\"PropertyValueSpecification\",\"valueRequired\":true,\"valueName\":\"search_term_string\"}}],\"inLanguage\":\"fr-CA\"},{\"@type\":\"Organization\",\"@id\":\"https:\/\/www.rbcwealthmanagement.com\/fr-ca\/#organization\",\"name\":\"RBC Gestion de Patrimoine\",\"alternateName\":\"RBC Gestion de Patrimoine\",\"url\":\"https:\/\/www.rbcwealthmanagement.com\/fr-ca\/\",\"logo\":{\"@type\":\"ImageObject\",\"inLanguage\":\"fr-CA\",\"@id\":\"https:\/\/www.rbcwealthmanagement.com\/fr-ca\/#\/schema\/logo\/image\/\",\"url\":\"https:\/\/www.rbcwealthmanagement.com\/fr-ca\/wp-content\/uploads\/sites\/6\/2023\/02\/rbc.png\",\"contentUrl\":\"https:\/\/www.rbcwealthmanagement.com\/fr-ca\/wp-content\/uploads\/sites\/6\/2023\/02\/rbc.png\",\"width\":3000,\"height\":2000,\"caption\":\"RBC Gestion de Patrimoine\"},\"image\":{\"@id\":\"https:\/\/www.rbcwealthmanagement.com\/fr-ca\/#\/schema\/logo\/image\/\"}}]}<\/script>\n<!-- \/ Yoast SEO Premium plugin. -->","yoast_head_json":{"title":"Des conseils et services personnalis\u00e9s - RBC Gestion de patrimoine","description":"Des conseils et services personnalis\u00e9s Nous vous remercions de votre confiance et de votre fid\u00e9lit\u00e9.&nbsp; Nous voulons vous rassurer en sachant que vos","robots":{"index":"index","follow":"follow","max-snippet":"max-snippet:-1","max-image-preview":"max-image-preview:large","max-video-preview":"max-video-preview:-1"},"canonical":"https:\/\/www.rbcwealthmanagement.com\/fr-ca\/esign-thank-you","og_locale":"fr_CA","og_type":"article","og_title":"Des conseils et services personnalis\u00e9s","og_description":"Des conseils et services personnalis\u00e9s Nous vous remercions de votre confiance et de votre fid\u00e9lit\u00e9.&nbsp; Nous voulons vous rassurer en sachant que vos","og_url":"https:\/\/www.rbcwealthmanagement.com\/fr-ca\/esign-thank-you","og_site_name":"RBC Gestion de patrimoine","article_modified_time":"2023-11-01T14:46:22+00:00","og_image":[{"width":1200,"height":630,"url":"https:\/\/www.rbcwealthmanagement.com\/fr-ca\/wp-content\/uploads\/sites\/6\/2023\/02\/share-logo-1200x630-1.png","type":"image\/png"}],"twitter_card":"summary_large_image","twitter_title":"Des conseils et services personnalis\u00e9s","twitter_misc":{"Est. reading time":"3 minutes"},"schema":{"@context":"https:\/\/schema.org","@graph":[{"@type":"WebPage","@id":"https:\/\/www.rbcwealthmanagement.com\/fr-ca\/esign-thank-you","url":"https:\/\/www.rbcwealthmanagement.com\/fr-ca\/esign-thank-you","name":"Des conseils et services personnalis\u00e9s - RBC Gestion de patrimoine","isPartOf":{"@id":"https:\/\/www.rbcwealthmanagement.com\/fr-ca\/#website"},"primaryImageOfPage":{"@id":"https:\/\/www.rbcwealthmanagement.com\/fr-ca\/esign-thank-you#primaryimage"},"image":{"@id":"https:\/\/www.rbcwealthmanagement.com\/fr-ca\/esign-thank-you#primaryimage"},"thumbnailUrl":"https:\/\/www.rbcwealthmanagement.com\/en-ca\/wp-content\/uploads\/sites\/5\/2023\/06\/david-agnew-signature.jpeg?w=250","datePublished":"2023-02-07T10:22:37+00:00","dateModified":"2023-11-01T14:46:22+00:00","description":"Des conseils et services personnalis\u00e9s Nous vous remercions de votre confiance et de votre fid\u00e9lit\u00e9.&nbsp; Nous voulons vous rassurer en sachant que vos","breadcrumb":{"@id":"https:\/\/www.rbcwealthmanagement.com\/fr-ca\/esign-thank-you#breadcrumb"},"inLanguage":"fr-CA","potentialAction":[{"@type":"ReadAction","target":["https:\/\/www.rbcwealthmanagement.com\/fr-ca\/esign-thank-you"]}]},{"@type":"ImageObject","inLanguage":"fr-CA","@id":"https:\/\/www.rbcwealthmanagement.com\/fr-ca\/esign-thank-you#primaryimage","url":"https:\/\/www.rbcwealthmanagement.com\/en-ca\/wp-content\/uploads\/sites\/5\/2023\/06\/david-agnew-signature.jpeg?w=250","contentUrl":"https:\/\/www.rbcwealthmanagement.com\/en-ca\/wp-content\/uploads\/sites\/5\/2023\/06\/david-agnew-signature.jpeg?w=250"},{"@type":"BreadcrumbList","@id":"https:\/\/www.rbcwealthmanagement.com\/fr-ca\/esign-thank-you#breadcrumb","itemListElement":[{"@type":"ListItem","position":1,"name":"Home","item":"https:\/\/www.rbcwealthmanagement.com\/fr-ca\/"},{"@type":"ListItem","position":2,"name":"Des conseils et services personnalis\u00e9s"}]},{"@type":"WebSite","@id":"https:\/\/www.rbcwealthmanagement.com\/fr-ca\/#website","url":"https:\/\/www.rbcwealthmanagement.com\/fr-ca\/","name":"RBC Gestion de patrimoine","description":"","publisher":{"@id":"https:\/\/www.rbcwealthmanagement.com\/fr-ca\/#organization"},"potentialAction":[{"@type":"SearchAction","target":{"@type":"EntryPoint","urlTemplate":"https:\/\/www.rbcwealthmanagement.com\/fr-ca\/?s={search_term_string}"},"query-input":{"@type":"PropertyValueSpecification","valueRequired":true,"valueName":"search_term_string"}}],"inLanguage":"fr-CA"},{"@type":"Organization","@id":"https:\/\/www.rbcwealthmanagement.com\/fr-ca\/#organization","name":"RBC Gestion de Patrimoine","alternateName":"RBC Gestion de Patrimoine","url":"https:\/\/www.rbcwealthmanagement.com\/fr-ca\/","logo":{"@type":"ImageObject","inLanguage":"fr-CA","@id":"https:\/\/www.rbcwealthmanagement.com\/fr-ca\/#\/schema\/logo\/image\/","url":"https:\/\/www.rbcwealthmanagement.com\/fr-ca\/wp-content\/uploads\/sites\/6\/2023\/02\/rbc.png","contentUrl":"https:\/\/www.rbcwealthmanagement.com\/fr-ca\/wp-content\/uploads\/sites\/6\/2023\/02\/rbc.png","width":3000,"height":2000,"caption":"RBC Gestion de Patrimoine"},"image":{"@id":"https:\/\/www.rbcwealthmanagement.com\/fr-ca\/#\/schema\/logo\/image\/"}}]}},"jetpack_sharing_enabled":true,"publishpress_future_action":{"enabled":false,"date":"2026-05-06 03:16:39","action":"change-status","newStatus":"draft","terms":[],"taxonomy":"rbcwm_content_owner","extraData":[]},"publishpress_future_workflow_manual_trigger":{"enabledWorkflows":[]},"distributor_meta":false,"distributor_terms":false,"distributor_media":false,"distributor_original_site_name":"RBC Gestion de patrimoine","distributor_original_site_url":"https:\/\/www.rbcwealthmanagement.com\/fr-ca","push-errors":false,"last_revision_date":"2025-05-02 13:43:42","_links":{"self":[{"href":"https:\/\/www.rbcwealthmanagement.com\/fr-ca\/wp-json\/wp\/v2\/pages\/3143","targetHints":{"allow":["GET"]}}],"collection":[{"href":"https:\/\/www.rbcwealthmanagement.com\/fr-ca\/wp-json\/wp\/v2\/pages"}],"about":[{"href":"https:\/\/www.rbcwealthmanagement.com\/fr-ca\/wp-json\/wp\/v2\/types\/page"}],"author":[{"embeddable":true,"href":"https:\/\/www.rbcwealthmanagement.com\/fr-ca\/wp-json\/wp\/v2\/users\/4"}],"replies":[{"embeddable":true,"href":"https:\/\/www.rbcwealthmanagement.com\/fr-ca\/wp-json\/wp\/v2\/comments?post=3143"}],"version-history":[{"count":9,"href":"https:\/\/www.rbcwealthmanagement.com\/fr-ca\/wp-json\/wp\/v2\/pages\/3143\/revisions"}],"predecessor-version":[{"id":25711,"href":"https:\/\/www.rbcwealthmanagement.com\/fr-ca\/wp-json\/wp\/v2\/pages\/3143\/revisions\/25711"}],"wp:attachment":[{"href":"https:\/\/www.rbcwealthmanagement.com\/fr-ca\/wp-json\/wp\/v2\/media?parent=3143"}],"wp:term":[{"taxonomy":"rbcwm_content_owner","embeddable":true,"href":"https:\/\/www.rbcwealthmanagement.com\/fr-ca\/wp-json\/wp\/v2\/rbcwm_content_owner?post=3143"}],"curies":[{"name":"wp","href":"https:\/\/api.w.org\/{rel}","templated":true}]}}