{"id":3155,"date":"2023-01-20T15:40:55","date_gmt":"2023-01-20T15:40:55","guid":{"rendered":"https:\/\/www.rbcwealthmanagement.com\/fr-ca\/personalized-wealth-management\/"},"modified":"2023-11-01T10:46:23","modified_gmt":"2023-11-01T14:46:23","slug":"personalized-wealth-management","status":"publish","type":"page","link":"https:\/\/www.rbcwealthmanagement.com\/fr-ca\/campaign\/personalized-wealth-management","title":{"rendered":"Gestion de patrimoine personnalis\u00e9e"},"content":{"rendered":"\n<div class=\"wp-block-rbcwm-hero-block rbc-hero-wm rbc-hero-has-image-bleed rbc-hero-overlap rbc-hero-overlap-mobile rbc-hero-v0pjpj1vr hide-mobile-energy-lines is-style-cta-text rbc-hero-pb\"><style>\n\t\t.rbc-hero-v0pjpj1vr.is-style-rbc-hero-gradient::before {\n\t\t\tbackground: linear-gradient(90deg, #023169 20%, rgba(94, 120, 131, 0) 60%);\n\t\t}\n\n\t\t.rbc-hero-v0pjpj1vr.is-style-rbc-hero-gradient.rbc-hero-has-image-bleed::before {\n\t\t\tbackground: linear-gradient(90deg, #023169 20%, rgba(94, 120, 131, 0) 60%);\n\t\t}\n\n\t\t.rbc-hero-v0pjpj1vr.is-style-rbc-hero-gradient.rbc-hero-has-image-bottom::before {\n\t\t\tbackground: linear-gradient(180deg, #023169 20%, rgba(94, 120, 131, 0) 60%);\n\t\t}\n\n\t\t.rbc-hero-v0pjpj1vr .rbc-hero-energy-lines.rbc-hero-energy-lines-left {\n\t\t\ttransform: scaleX(-1);\n\t\t}\n\n\t\t@media (max-width: 991px) {\n\t\t\t.rbc-hero-v0pjpj1vr.is-style-rbc-hero-gradient::before,\n\t\t\t.rbc-hero-v0pjpj1vr.is-style-rbc-hero-gradient.rbc-hero-has-image-bottom::before,\n\t\t\t.rbc-hero-v0pjpj1vr.is-style-rbc-hero-gradient.rbc-hero-has-image-bleed::before {\n\t\t\t\tbackground: none;\n\t\t\t}\n\n\t\t\t.rbc-hero-v0pjpj1vr.rbc-hero-has-image-full.hide-mobile-energy-lines .rbc-hero-energy-lines {\n\t\t\t\tdisplay: none;\n\t\t\t}\n\n\t\t\t.wp-block-rbcwm-hero-block.rbc-hero-v0pjpj1vr.is-style-rbc-hero-gradient .rbc-hero-img-wrap::after {\n\t\t\t\tbackground: linear-gradient( 0deg, #023169 0%, rgba(94, 120, 131, 0) 25% );\n\t\t\t}\n\t\t\t\n\t\t\t.wp-block-rbcwm-hero-block.rbc-hero-v0pjpj1vr.is-style-rbc-hero-gradient.rbc-hero-has-image-bottom .rbc-hero-img-wrap::before,\n            .wp-block-rbcwm-hero-block.rbc-hero-v0pjpj1vr.is-style-rbc-hero-gradient.rbc-hero-has-image-bottom .container .rbc-hero-img-wrap::before {\n\t\t\t\tbackground: linear-gradient( 180deg, #023169 0%, rgba( 94, 120, 131, 0 ) 25% );\n\t\t\t}\n\t\t\t\n\t\t\t.wp-block-rbcwm-hero-block.rbc-hero-v0pjpj1vr.is-style-rbc-hero-gradient .rbc-hero-card {\n\t\t\t\tbackground: #023169;\n\t\t\t}\n\t\t}\n\t<\/style><div class=\"container\"><div class=\"row no-gutters\"><div class=\"col-lg-7 rbc-hero-card-content\"><div class=\"rbc-card rbc-hero-card rbc-hero has-content\"><div class=\"rbc-card-wrap\"><div class=\"rbc-card-body\"><div class=\"rbc-hero-body-content\"><h1 class=\"rbc-hero-title\"><span>Gestion de patrimoine personnalis\u00e9e<\/span><\/h1>\n<p class=\"rbc-hero-subtitle\">Propulsez votre r\u00e9ussite gr\u00e2ce \u00e0 un conseiller en patrimoine ax\u00e9 sur vos objectifs.<\/p>\n<\/div><\/div><\/div><\/div><\/div><div class=\"rbc-hero-img-wrap col-lg-5 order-2 order-lg-1\"><div class=\"rbc-hero-img bleed-img-right  rbc-hero-img-desktop-center-center rbc-hero-img-mobile-center-center\" style=\"background-image:url(https:\/\/www.rbcwealthmanagement.com\/en-ca\/wp-content\/uploads\/sites\/5\/2023\/07\/two-women-having-discussion-while-walking-banner.webp?w=1600)\"><\/div><\/div><div class=\"align-self-end order-lg-3 col-lg-7 cta-text\"><div class=\"rbc-button-block row no-gutters align-items-end rbc-hero-button-overlap overlap-top\"><div class=\"col-lg\"><a href=\"https:\/\/www.rbcwealthmanagement.com\/fr-ca\/contact\" class=\"rbc-button  rbc-button-large rbc-button-secondary rbc-button-block rbc-button-block-cta\"><div class=\"rbc-icon rbc-button-icon-right\"><i aria-hidden=\"true\" role=\"img\" class=\"rbc-icon-img fa-angle-right fal\"><\/i><\/div>Demander qu&rsquo;un conseiller vous appelle<\/a><\/div><\/div><\/div><\/div><\/div><\/div>\n\n\n\n<section class=\"wp-block-rbcwm-image-block rbc-block rbc-block-image rbc-block-grey rbc-block-image-bleed rbc-block-image-mobile-top has-block-grey-background-color has-background\"><div class=\"container rbc-block-image-container\"><div class=\"row justify-content-between h-100 no-gutters\">\n<div class=\"wp-block-rbcwm-block-image-content rbc-block-image-content rbc-block-image-content-center col-lg-6 order-2 order-lg-1\"><div class=\"rbc-block-image-bleed-body wrap\">\n<h2 class=\"wp-block-heading\" id=\"h-plans-financiers-sur-mesure-pour-les-canadiens\">Plans financiers sur mesure pour les Canadiens<\/h2>\n\n\n\n<p><em>\u00c0 RBC\u00a0Gestion de patrimoine, tous nos conseillers en placement et en patrimoine prennent le temps de comprendre vos objectifs, puis de vous offrir des strat\u00e9gies et des solutions globales dans les domaines suivants pour vous aider \u00e0 concr\u00e9tiser votre vision de la vie\u00a0:<\/em><\/p>\n\n\n\n<div class=\"row blockId-1596aeb8-b10d-4332-b813-21e59418ee78\">\n<div class=\"wp-block-rbcwm-column col-lg-6\">\n<ul class=\"wp-block-list no-marg-bottom\">\n<li>Planification de patrimoine<\/li>\n\n\n\n<li>Planification successorale<\/li>\n\n\n\n<li>Gestion de placements<\/li>\n\n\n\n<li>Strat\u00e9gies transfrontali\u00e8res<\/li>\n\n\n\n<li>Planification de la retraite<\/li>\n\n\n\n<li>Planification fiscale individuelle et familiale<\/li>\n<\/ul>\n<\/div>\n\n\n\n<div class=\"wp-block-rbcwm-column col-lg-6\">\n<ul class=\"wp-block-list\">\n<li>Planification de la rel\u00e8ve en entreprise<\/li>\n\n\n\n<li>Planification de legs<\/li>\n\n\n\n<li>Banque priv\u00e9e<\/li>\n\n\n\n<li>Gestion du risque<\/li>\n\n\n\n<li>Philanthropie et dons de bienfaisance<\/li>\n<\/ul>\n<\/div>\n<\/div>\n<\/div><\/div>\n\n\n\n<div class=\"wp-block-rbcwm-blockimage-image col-lg-5 order-0 rbc-block-image-bleed-col order-lg-0 flex-lg-row-reverse\"><div class=\"rbc-block-image-bleed-img-wrap  d-flex flex-lg-row-reverse\"><div class=\"rbc-block-image-img rbc-block-image-bleed-img bleed-img-left\" data-src=\"https:\/\/www.rbcwealthmanagement.com\/en-ca\/wp-content\/uploads\/sites\/5\/2023\/07\/group-of-male-golfers-standing-talking-on-golf-course-in-page.jpeg\" data-lazy=\"true\" data-observe=\"{&quot;add&quot;:&quot;ani-opacity&quot;,&quot;remove&quot;:&quot;ani-opacity-from&quot;}\"><\/div><\/div><\/div>\n<\/div><\/div><\/section>\n\n\n\n<section class=\"wp-block-rbcwm-rbc-block rbc-block rbc-block-flush-bottom rbc-block-has-overlap\"><div class=\"container\"><div class=\"row \"><div class=\"col-lg-12\">\n<div class=\"wp-block-group b-white is-layout-flow wp-block-group-is-layout-flow\">\n<div class=\"wp-block-rbcwm-card rbc-card  overlap-bottom rbc-card-flush-top rbc-card-flush-x-mobile\"><div class=\"rbc-card-wrap\"><div class=\"rbc-card-body\"><div>\n<div class=\"wp-block-group rbc-block-spacer-sm is-layout-flow wp-block-group-is-layout-flow\">\n<div class=\"row blockId-e62e48b9-9b94-4bcf-8b38-d57c946ce9ee\">\n<div class=\"wp-block-rbcwm-column col-lg-6 mb-3 mb-lg-0\">\n<h2 class=\"wp-block-heading h2 mb-0\" id=\"h-pourquoi-choisir-un-conseiller-rbc-gestion-de-patrimoine\">Pourquoi choisir un conseiller, RBC Gestion de patrimoine?<\/h2>\n<\/div>\n\n\n\n<div class=\"wp-block-rbcwm-column col-lg-6\">\n<p>Votre r\u00e9ussite est \u00e0 l\u2019image de votre parcours. Avec l\u2019aide d\u2019un conseiller en placement et en patrimoine attitr\u00e9, vous b\u00e9n\u00e9ficierez de solutions adapt\u00e9es \u00e0 votre vision et \u00e0 vos aspirations. En tant que gestionnaire patrimonial, votre conseiller vous donne acc\u00e8s \u00e0 un r\u00e9seau mondial de sp\u00e9cialistes qui mettent leur expertise internationale et locale au service de vos besoins patrimoniaux complexes.<\/p>\n<\/div>\n<\/div>\n<\/div>\n<\/div><\/div><\/div><\/div>\n<\/div>\n<\/div><\/div><\/div><\/section>\n\n\n\n<section class=\"wp-block-rbcwm-rbc-block rbc-block rbc-block-flush-bottom rbc-block-has-overlap\"><div class=\"container\"><div class=\"row \"><div class=\"col-lg-12\">\n<div class=\"wp-block-group b-white is-layout-flow wp-block-group-is-layout-flow\">\n<div class=\"wp-block-rbcwm-card rbc-card  overlap-bottom rbc-card-flush-top rbc-card-flush-x-mobile\"><div class=\"rbc-card-wrap\"><div class=\"rbc-card-body\"><div>\n<div class=\"row blockId-e62e48b9-9b94-4bcf-8b38-d57c946ce9ee\">\n<div class=\"wp-block-rbcwm-column col-lg-6 mb-3 mb-lg-0\">\n<h2 class=\"wp-block-heading h2 mb-0\" id=\"h-collaborez-avec-un-gestionnaire-patrimonial-experimente\">Collaborez avec un gestionnaire patrimonial exp\u00e9riment\u00e9<\/h2>\n<\/div>\n\n\n\n<div class=\"wp-block-rbcwm-column col-lg-6\">\n<p>Nous nous employons \u00e0 vous aider \u00e0 prot\u00e9ger et \u00e0 faire fructifier votre patrimoine en conformit\u00e9 avec vos valeurs. Faites \u00e9quipe avec RBC\u00a0Gestion de patrimoine et d\u00e9couvrez des strat\u00e9gies de gestion de patrimoine, y compris de gestion de placements, ax\u00e9es sur vos besoins.<\/p>\n<\/div>\n<\/div>\n<\/div><\/div><\/div><\/div>\n\n\n\n<div class=\"wp-block-rbcwm-rbc-button alignfull rbc-button-block row no-gutters align-items-end justify-content-end blockId-32876fad-1eef-442c-ac13-77e42ad85d85 blockId-ef480747-d668-4f30-900d-fafd3d2cd92e b-white overlap-bottom\"><div class=\"col-lg-6 order-1\"><a href=\"https:\/\/www.rbcwealthmanagement.com\/fr-ca\/contact\" class=\"rbc-button rbc-button-block-cta rbc-button-large rbc-button-secondary rbc-button-block\" rel=\"noopener\"><div class=\"rbc-icon rbc-button-icon-right\"><i aria-hidden=\"true\" role=\"img\" class=\"rbc-icon-img fal fa-fal fa-angle-right\"><\/i><\/div><span>Demander qu&rsquo;un conseiller vous appelle<\/span><\/a><\/div><\/div>\n<\/div>\n<\/div><\/div><\/div><\/section>\n","protected":false},"excerpt":{"rendered":"","protected":false},"author":4,"featured_media":0,"parent":0,"menu_order":0,"comment_status":"closed","ping_status":"closed","template":"","meta":{"_acf_changed":false,"editor_notices":[],"rbc_url_alias":"campaign\/personalized-wealth-management","footnotes":""},"rbcwm_content_owner":[],"class_list":["post-3155","page","type-page","status-publish","hentry"],"acf":[],"yoast_head":"<!-- This site is optimized with the Yoast SEO Premium plugin v24.8 (Yoast SEO v26.8) - https:\/\/yoast.com\/product\/yoast-seo-premium-wordpress\/ -->\n<title>Gestion de patrimoine personnalis\u00e9e - RBC Gestion de patrimoine<\/title>\n<meta name=\"description\" content=\"Gestion de patrimoine personnalis\u00e9e Propulsez votre r\u00e9ussite gr\u00e2ce \u00e0 un conseiller en patrimoine ax\u00e9 sur vos objectifs. Demander qu&#039;un conseiller vous\" \/>\n<meta name=\"robots\" content=\"index, follow, max-snippet:-1, max-image-preview:large, max-video-preview:-1\" \/>\n<link rel=\"canonical\" href=\"https:\/\/www.rbcwealthmanagement.com\/fr-ca\/campaign\/personalized-wealth-management\" \/>\n<meta property=\"og:locale\" content=\"fr_CA\" \/>\n<meta property=\"og:type\" content=\"article\" \/>\n<meta property=\"og:title\" content=\"Gestion de patrimoine personnalis\u00e9e\" \/>\n<meta property=\"og:description\" content=\"Gestion de patrimoine personnalis\u00e9e Propulsez votre r\u00e9ussite gr\u00e2ce \u00e0 un conseiller en patrimoine ax\u00e9 sur vos objectifs. Demander qu&#039;un conseiller vous\" \/>\n<meta property=\"og:url\" content=\"https:\/\/www.rbcwealthmanagement.com\/fr-ca\/campaign\/personalized-wealth-management\" \/>\n<meta property=\"og:site_name\" content=\"RBC Gestion de patrimoine\" \/>\n<meta property=\"article:modified_time\" content=\"2023-11-01T14:46:23+00:00\" \/>\n<meta property=\"og:image\" content=\"https:\/\/www.rbcwealthmanagement.com\/fr-ca\/wp-content\/uploads\/sites\/6\/2023\/02\/share-logo-1200x630-1.png\" \/>\n\t<meta property=\"og:image:width\" content=\"1200\" \/>\n\t<meta property=\"og:image:height\" content=\"630\" \/>\n\t<meta property=\"og:image:type\" content=\"image\/png\" \/>\n<meta name=\"twitter:card\" content=\"summary_large_image\" \/>\n<meta name=\"twitter:title\" content=\"Gestion de patrimoine personnalis\u00e9e\" \/>\n<meta name=\"twitter:label1\" content=\"Est. reading time\" \/>\n\t<meta name=\"twitter:data1\" content=\"2 minutes\" \/>\n<script type=\"application\/ld+json\" class=\"yoast-schema-graph\">{\"@context\":\"https:\/\/schema.org\",\"@graph\":[{\"@type\":\"WebPage\",\"@id\":\"https:\/\/www.rbcwealthmanagement.com\/fr-ca\/campaign\/personalized-wealth-management\",\"url\":\"https:\/\/www.rbcwealthmanagement.com\/fr-ca\/campaign\/personalized-wealth-management\",\"name\":\"Gestion de patrimoine personnalis\u00e9e - RBC Gestion de patrimoine\",\"isPartOf\":{\"@id\":\"https:\/\/www.rbcwealthmanagement.com\/fr-ca\/#website\"},\"datePublished\":\"2023-01-20T15:40:55+00:00\",\"dateModified\":\"2023-11-01T14:46:23+00:00\",\"description\":\"Gestion de patrimoine personnalis\u00e9e Propulsez votre r\u00e9ussite gr\u00e2ce \u00e0 un conseiller en patrimoine ax\u00e9 sur vos objectifs. Demander qu'un conseiller vous\",\"breadcrumb\":{\"@id\":\"https:\/\/www.rbcwealthmanagement.com\/fr-ca\/campaign\/personalized-wealth-management#breadcrumb\"},\"inLanguage\":\"fr-CA\",\"potentialAction\":[{\"@type\":\"ReadAction\",\"target\":[\"https:\/\/www.rbcwealthmanagement.com\/fr-ca\/campaign\/personalized-wealth-management\"]}]},{\"@type\":\"BreadcrumbList\",\"@id\":\"https:\/\/www.rbcwealthmanagement.com\/fr-ca\/campaign\/personalized-wealth-management#breadcrumb\",\"itemListElement\":[{\"@type\":\"ListItem\",\"position\":1,\"name\":\"Home\",\"item\":\"https:\/\/www.rbcwealthmanagement.com\/fr-ca\/\"},{\"@type\":\"ListItem\",\"position\":2,\"name\":\"Gestion de patrimoine personnalis\u00e9e\"}]},{\"@type\":\"WebSite\",\"@id\":\"https:\/\/www.rbcwealthmanagement.com\/fr-ca\/#website\",\"url\":\"https:\/\/www.rbcwealthmanagement.com\/fr-ca\/\",\"name\":\"RBC Gestion de patrimoine\",\"description\":\"\",\"publisher\":{\"@id\":\"https:\/\/www.rbcwealthmanagement.com\/fr-ca\/#organization\"},\"potentialAction\":[{\"@type\":\"SearchAction\",\"target\":{\"@type\":\"EntryPoint\",\"urlTemplate\":\"https:\/\/www.rbcwealthmanagement.com\/fr-ca\/?s={search_term_string}\"},\"query-input\":{\"@type\":\"PropertyValueSpecification\",\"valueRequired\":true,\"valueName\":\"search_term_string\"}}],\"inLanguage\":\"fr-CA\"},{\"@type\":\"Organization\",\"@id\":\"https:\/\/www.rbcwealthmanagement.com\/fr-ca\/#organization\",\"name\":\"RBC Gestion de Patrimoine\",\"alternateName\":\"RBC Gestion de Patrimoine\",\"url\":\"https:\/\/www.rbcwealthmanagement.com\/fr-ca\/\",\"logo\":{\"@type\":\"ImageObject\",\"inLanguage\":\"fr-CA\",\"@id\":\"https:\/\/www.rbcwealthmanagement.com\/fr-ca\/#\/schema\/logo\/image\/\",\"url\":\"https:\/\/www.rbcwealthmanagement.com\/fr-ca\/wp-content\/uploads\/sites\/6\/2023\/02\/rbc.png\",\"contentUrl\":\"https:\/\/www.rbcwealthmanagement.com\/fr-ca\/wp-content\/uploads\/sites\/6\/2023\/02\/rbc.png\",\"width\":3000,\"height\":2000,\"caption\":\"RBC Gestion de Patrimoine\"},\"image\":{\"@id\":\"https:\/\/www.rbcwealthmanagement.com\/fr-ca\/#\/schema\/logo\/image\/\"}}]}<\/script>\n<!-- \/ Yoast SEO Premium plugin. -->","yoast_head_json":{"title":"Gestion de patrimoine personnalis\u00e9e - RBC Gestion de patrimoine","description":"Gestion de patrimoine personnalis\u00e9e Propulsez votre r\u00e9ussite gr\u00e2ce \u00e0 un conseiller en patrimoine ax\u00e9 sur vos objectifs. Demander qu'un conseiller vous","robots":{"index":"index","follow":"follow","max-snippet":"max-snippet:-1","max-image-preview":"max-image-preview:large","max-video-preview":"max-video-preview:-1"},"canonical":"https:\/\/www.rbcwealthmanagement.com\/fr-ca\/campaign\/personalized-wealth-management","og_locale":"fr_CA","og_type":"article","og_title":"Gestion de patrimoine personnalis\u00e9e","og_description":"Gestion de patrimoine personnalis\u00e9e Propulsez votre r\u00e9ussite gr\u00e2ce \u00e0 un conseiller en patrimoine ax\u00e9 sur vos objectifs. Demander qu'un conseiller vous","og_url":"https:\/\/www.rbcwealthmanagement.com\/fr-ca\/campaign\/personalized-wealth-management","og_site_name":"RBC Gestion de patrimoine","article_modified_time":"2023-11-01T14:46:23+00:00","og_image":[{"width":1200,"height":630,"url":"https:\/\/www.rbcwealthmanagement.com\/fr-ca\/wp-content\/uploads\/sites\/6\/2023\/02\/share-logo-1200x630-1.png","type":"image\/png"}],"twitter_card":"summary_large_image","twitter_title":"Gestion de patrimoine personnalis\u00e9e","twitter_misc":{"Est. reading time":"2 minutes"},"schema":{"@context":"https:\/\/schema.org","@graph":[{"@type":"WebPage","@id":"https:\/\/www.rbcwealthmanagement.com\/fr-ca\/campaign\/personalized-wealth-management","url":"https:\/\/www.rbcwealthmanagement.com\/fr-ca\/campaign\/personalized-wealth-management","name":"Gestion de patrimoine personnalis\u00e9e - RBC Gestion de patrimoine","isPartOf":{"@id":"https:\/\/www.rbcwealthmanagement.com\/fr-ca\/#website"},"datePublished":"2023-01-20T15:40:55+00:00","dateModified":"2023-11-01T14:46:23+00:00","description":"Gestion de patrimoine personnalis\u00e9e Propulsez votre r\u00e9ussite gr\u00e2ce \u00e0 un conseiller en patrimoine ax\u00e9 sur vos objectifs. Demander qu'un conseiller vous","breadcrumb":{"@id":"https:\/\/www.rbcwealthmanagement.com\/fr-ca\/campaign\/personalized-wealth-management#breadcrumb"},"inLanguage":"fr-CA","potentialAction":[{"@type":"ReadAction","target":["https:\/\/www.rbcwealthmanagement.com\/fr-ca\/campaign\/personalized-wealth-management"]}]},{"@type":"BreadcrumbList","@id":"https:\/\/www.rbcwealthmanagement.com\/fr-ca\/campaign\/personalized-wealth-management#breadcrumb","itemListElement":[{"@type":"ListItem","position":1,"name":"Home","item":"https:\/\/www.rbcwealthmanagement.com\/fr-ca\/"},{"@type":"ListItem","position":2,"name":"Gestion de patrimoine personnalis\u00e9e"}]},{"@type":"WebSite","@id":"https:\/\/www.rbcwealthmanagement.com\/fr-ca\/#website","url":"https:\/\/www.rbcwealthmanagement.com\/fr-ca\/","name":"RBC Gestion de patrimoine","description":"","publisher":{"@id":"https:\/\/www.rbcwealthmanagement.com\/fr-ca\/#organization"},"potentialAction":[{"@type":"SearchAction","target":{"@type":"EntryPoint","urlTemplate":"https:\/\/www.rbcwealthmanagement.com\/fr-ca\/?s={search_term_string}"},"query-input":{"@type":"PropertyValueSpecification","valueRequired":true,"valueName":"search_term_string"}}],"inLanguage":"fr-CA"},{"@type":"Organization","@id":"https:\/\/www.rbcwealthmanagement.com\/fr-ca\/#organization","name":"RBC Gestion de Patrimoine","alternateName":"RBC Gestion de Patrimoine","url":"https:\/\/www.rbcwealthmanagement.com\/fr-ca\/","logo":{"@type":"ImageObject","inLanguage":"fr-CA","@id":"https:\/\/www.rbcwealthmanagement.com\/fr-ca\/#\/schema\/logo\/image\/","url":"https:\/\/www.rbcwealthmanagement.com\/fr-ca\/wp-content\/uploads\/sites\/6\/2023\/02\/rbc.png","contentUrl":"https:\/\/www.rbcwealthmanagement.com\/fr-ca\/wp-content\/uploads\/sites\/6\/2023\/02\/rbc.png","width":3000,"height":2000,"caption":"RBC Gestion de Patrimoine"},"image":{"@id":"https:\/\/www.rbcwealthmanagement.com\/fr-ca\/#\/schema\/logo\/image\/"}}]}},"jetpack_sharing_enabled":true,"publishpress_future_action":{"enabled":false,"date":"2026-04-19 11:59:51","action":"change-status","newStatus":"draft","terms":[],"taxonomy":"rbcwm_content_owner","extraData":[]},"publishpress_future_workflow_manual_trigger":{"enabledWorkflows":[]},"distributor_meta":false,"distributor_terms":false,"distributor_media":false,"distributor_original_site_name":"RBC Gestion de patrimoine","distributor_original_site_url":"https:\/\/www.rbcwealthmanagement.com\/fr-ca","push-errors":false,"last_revision_date":"2026-01-08 17:03:15","_links":{"self":[{"href":"https:\/\/www.rbcwealthmanagement.com\/fr-ca\/wp-json\/wp\/v2\/pages\/3155","targetHints":{"allow":["GET"]}}],"collection":[{"href":"https:\/\/www.rbcwealthmanagement.com\/fr-ca\/wp-json\/wp\/v2\/pages"}],"about":[{"href":"https:\/\/www.rbcwealthmanagement.com\/fr-ca\/wp-json\/wp\/v2\/types\/page"}],"author":[{"embeddable":true,"href":"https:\/\/www.rbcwealthmanagement.com\/fr-ca\/wp-json\/wp\/v2\/users\/4"}],"replies":[{"embeddable":true,"href":"https:\/\/www.rbcwealthmanagement.com\/fr-ca\/wp-json\/wp\/v2\/comments?post=3155"}],"version-history":[{"count":9,"href":"https:\/\/www.rbcwealthmanagement.com\/fr-ca\/wp-json\/wp\/v2\/pages\/3155\/revisions"}],"predecessor-version":[{"id":28078,"href":"https:\/\/www.rbcwealthmanagement.com\/fr-ca\/wp-json\/wp\/v2\/pages\/3155\/revisions\/28078"}],"wp:attachment":[{"href":"https:\/\/www.rbcwealthmanagement.com\/fr-ca\/wp-json\/wp\/v2\/media?parent=3155"}],"wp:term":[{"taxonomy":"rbcwm_content_owner","embeddable":true,"href":"https:\/\/www.rbcwealthmanagement.com\/fr-ca\/wp-json\/wp\/v2\/rbcwm_content_owner?post=3155"}],"curies":[{"name":"wp","href":"https:\/\/api.w.org\/{rel}","templated":true}]}}