{"id":3245,"date":"2022-06-24T13:51:27","date_gmt":"2022-06-24T13:51:27","guid":{"rendered":"https:\/\/www.rbcwealthmanagement.com\/fr-ca\/helping-you-manage-your-wealth-wherever-you-are\/"},"modified":"2023-11-03T12:36:53","modified_gmt":"2023-11-03T16:36:53","slug":"helping-you-manage-your-wealth-wherever-you-are","status":"publish","type":"page","link":"https:\/\/www.rbcwealthmanagement.com\/fr-ca\/newsletters\/helping-you-manage-your-wealth-wherever-you-are","title":{"rendered":"G\u00e9rez votre patrimoine, o\u00f9 que vous soyez"},"content":{"rendered":"\n<div class=\"wp-block-rbcwm-hero-block rbc-hero-wm  rbc-hero-overlap rbc-hero-overlap-mobile\"><div class=\"container\"><div class=\"row no-gutters\"><div class=\"col-lg-12\"><div class=\"rbc-card rbc-hero-card rbc-hero\"><div class=\"rbc-card-wrap\"><div class=\"rbc-card-body\"><div class=\"rbc-hero-body-content\"><h1 class=\"rbc-hero-title\"><span>G\u00e9rez votre patrimoine, o\u00f9 que vous soyez<\/span><\/h1>\n<p><\/p>\n<\/div><\/div><\/div><\/div><\/div><\/div><\/div><\/div>\n\n\n\n<section class=\"wp-block-rbcwm-rbc-block rbc-block rbc-block-grey has-block-grey-background-color has-background\"><div class=\"container\"><div class=\"row \"><div class=\"col-lg-12\"><div class=\"wrap\">\n<div class=\"row blockId-6ac55556-8ff6-4e13-bca8-81628da47396\">\n<div class=\"wp-block-rbcwm-column col-lg-8\">\n<p>Nous sommes l\u00e0 pour vous, au moment et \u00e0 l\u2019endroit o\u00f9 vous avez besoin de nous. Pour mieux vous aider, nous lancerons bient\u00f4t une toute nouvelle exp\u00e9rience RBC Gestion de patrimoine dans l\u2019appli Mobile RBC.<\/p>\n\n\n\n<p>Vous y trouverez les m\u00eames fonctions qui font la renomm\u00e9e de RBC Gestion de patrimoine en ligne, mais elles seront adapt\u00e9es aux petits \u00e9crans. Caract\u00e9ristiques :<\/p>\n\n\n\n<p><strong>Restez connect\u00e9 et prot\u00e9g\u00e9 :<\/strong>&nbsp;Acc\u00e9dez \u00e0 vos comptes en toute confiance gr\u00e2ce \u00e0 une exp\u00e9rience mobile s\u00e9curis\u00e9e qui reste \u00e0 port\u00e9e de main o\u00f9 que vous soyez.<\/p>\n\n\n\n<p><strong>Ouvrez une session sans effort :<\/strong>&nbsp;Ouvrez une session de fa\u00e7on simple et s\u00e9curitaire au moyen de Touch ID<sup>\u00ae<\/sup>, de Face ID<sup>\u00ae<\/sup>&nbsp;ou de l\u2019Authentification par empreinte digitale, si vous avez reli\u00e9 vos comptes bancaires et vos comptes de placement RBC.<\/p>\n\n\n\n<p><strong>Passez d\u2019un compte RBC \u00e0 l\u2019autre :<\/strong>&nbsp;Si vous utilisez d\u00e9j\u00e0 l\u2019appli Mobile RBC pour vos besoins bancaires, vous trouverez tout naturel de l\u2019utiliser pour vos placements. Si vous n\u2019avez pas reli\u00e9 vos comptes bancaires et vos comptes de placement RBC, communiquez avec votre \u00e9quipe RBC Gestion de patrimoine.<\/p>\n\n\n\n<p><strong>Effectuez dans l\u2019appli Mobile RBC les m\u00eames t\u00e2ches que sur le site RBC Gestion de patrimoine en ligne :<\/strong>&nbsp;Vous pouvez rapidement consulter les soldes de vos comptes et vos avoirs, lire les rapports de recherche de RBC, \u00e9changer des messages s\u00e9curis\u00e9s avec l\u2019\u00e9quipe de votre conseiller, effectuer des virements, acc\u00e9der \u00e0 vos documents \u00e9lectroniques et faire bien d\u2019autres choses.<\/p>\n\n\n\n<p><strong>Profitez d\u2019une exp\u00e9rience harmonieuse :<\/strong>&nbsp;L\u2019appli Mobile \u00e9tant le reflet du site Web des clients, il est facile de passer de l\u2019un \u00e0 l\u2019autre.<\/p>\n\n\n\n<p><strong>Utilisez l\u2019appli partout, en tout temps, sur n\u2019importe quel appareil :<\/strong>&nbsp;Vous pouvez l\u2019installer et l\u2019utiliser facilement sur un appareil Android (OS 5.0 ou une version ult\u00e9rieure) ou sur iPhone, iPad ou iPod Touch d\u2019Apple (iOS 9.0 ou une version ult\u00e9rieure).<\/p>\n\n\n\n<figure class=\"wp-block-image size-large\"><img decoding=\"async\" src=\"https:\/\/wpvip-rbcwealthmanagement-com-preprod.go-vip.net\/fr-ca\/wp-content\/uploads\/sites\/6\/2023\/11\/mobile-app-homepage-fr.jpg?w=475\" alt=\"Wealth Management experience on the RBC Mobile app screen shot French\" class=\"wp-image-19110\"\/><\/figure>\n<\/div>\n<\/div>\n<\/div><\/div><\/div><\/div><\/section>\n\n\n\n<section class=\"wp-block-rbcwm-rbc-block alignfull rbc-block rbc-block-flush-bottom rbc-block-grey rbc-block-has-overlap rbc-block-small has-block-grey-background-color has-background\"><div class=\"container\"><div class=\"row justify-content-center\"><div class=\"col-lg-12\">\n<div class=\"wp-block-rbcwm-rbc-button rbc-button-block row no-gutters align-items-end justify-content-end b-white blockId-768e47a5-73ce-4c17-a087-c4a0177d7b48 blockId-58158356-beba-4a5e-85df-9645d3afd819 blockId-11432b93-47f7-453e-b24b-9e8e1ec3026c blockId-bc4ce63c-5a9a-43f7-9a93-2e6a0bfca4ff blockId-a2e5d7ec-6902-41e5-8119-c141eb54d5af blockId-98c1df93-be34-4345-839e-01bf38c28f93 blockId-1d3bdc1d-45a8-4f1b-9c79-f79c79e50b43 blockId-e748a9be-7a26-4e44-9d1e-5223dce25952 blockId-07e15c83-17c3-472e-be34-f6c0cc474695 blockId-0b2cc6d6-afad-40d9-9e56-fc41ba589aca blockId-461f22e8-7f61-479b-9156-fb338185a934 blockId-b3148c47-2ecf-41b6-94a2-80fa05c3a27a blockId-b5218a92-2afc-457c-91f5-abbfb5d095e1 blockId-16f3efc5-9e90-4009-9f9e-210e136c5a0b blockId-46c55c10-063f-4a4a-94f2-85d296d53ccf blockId-c1c01252-01d0-4b74-a416-e92773ca1df5 blockId-1774ff4f-6668-442d-b64e-bd606cb2e688 blockId-8f8e3c35-2584-4916-947b-c7038ad2e33f rbc-block-has-overlap overlap-bottom\"><div class=\"rbc-card\"><div class=\"rbc-card-wrap\"><div class=\"rbc-card-body\"><div class=\"row\"><div class=\"col-lg-8\"><h3 class=\"mb-0 rbc-button-block-title\"><span>Avez-vous t\u00e9l\u00e9charg\u00e9 l\u2019appli Mobile RBC ?<\/span><\/h3><hr class=\"hr-mini my-1-half bdr-accent\"\/>\n<p class=\"paragraph-intro\">Sinon, vous pouvez le trouver dans l\u2019Apple Store pour un iPhone ou dans Google Play Store pour un appareil Android.<\/p>\n<\/div><\/div><\/div><\/div><\/div><div class=\"col-lg-7 order-1\"><a href=\"tel: 1888820-8006\" class=\"rbc-button rbc-button-block-cta rbc-button-large rbc-button-secondary rbc-button-block\"><div class=\"rbc-icon rbc-button-icon-right\"><i aria-hidden=\"true\" role=\"img\" class=\"rbc-icon-img fal fa-none\"><\/i><\/div><span>Des questions ? Composez le 1 888 820-8006<\/span><\/a><\/div><\/div>\n<\/div><\/div><\/div><\/section>\n\n\n\n<section class=\"wp-block-rbcwm-rbc-block rbc-block rbc-block-flush-bottom overlap-bottom\"><div class=\"container\"><div class=\"row \"><div class=\"col-lg-12\">\n<header class=\"wp-block-rbcwm-block-header row rbc-block-header\"><div class=\"col-lg-12\">\n<div class=\"row\">\n\n<h2 class=\"wp-block-heading rbc-block-header-title col-lg-12\" id=\"h-bulletin-gestion-de-partimoine-juillet-2022\">Bulletin Gestion de partimoine &#8211; juillet 2022<\/h2>\n\n<\/div>\n\n\n\n<div class=\"wp-block-rbcwm-block-header-description rbc-block-header-description\">\n<p><\/p>\n<\/div>\n<\/div><\/header>\n\n\n\n\t\t<div class=\"row\">\n\t\t\t<div class=\"col-lg-12\">\n\t\t\t\t<div class=\"row overlap-bottom\">\n\t\t\t\t\t\n<div class=\"rbc-media-card-col rbc-card-col-my col-lg-4 col-md-6\">\n\t<div class=\"rbc-card rbc-media-card rbc-card-hover rbc-media-card-stacked-vertical\">\n\t\t<div draggable=\"false\" class=\"rbc-card-wrap\">\n\t\t\t<div class=\"rbc-card-body rbc-hero-img-background-position\">\n\t\t\t\t\t\t\t\t<div class=\"rbc-media-card-image\" style=\"background-image: url('https:\/\/www.rbcwealthmanagement.com\/fr-ca\/wp-content\/uploads\/sites\/6\/2023\/11\/man-two-dogs-on-beach.jpg?w=1024');\"><\/div>\n\t\t\t\t\t\t\t<h3 class=\"rbc-media-card-title rbc-media-card-title-wrap\"><span class=\"rbc-media-card-title-link\"><span>\u00c0 la recherche d\u2019une nouvelle voie \u00e0 suivre<\/span><\/span><\/h3>\t\t\t\t<span class=\"category rbc-media-card-category\">\n\t\t\t\t\t\t\t\t\t<\/span>\n\t\t\t\t\t\t\t\t\t<p class=\"rbc-media-card-text\"><p>L\u2019\u00e9conomie mondiale et le secteur financier ont connu plusieurs changements majeurs au cours du premier semestre de l\u2019ann\u00e9e.<\/p>\n<\/p>\n\t\t\t\t\t\t\t\t\t\t<a href=\"https:\/\/www.rbcwealthmanagement.com\/fr-ca\/newsletters\/seeking-a-new-path-onward\" class=\"rbc-media-card-footer-link align-self-end link-chev rbc-card-link-full\">\n\t\t\t\t\t\t<span class=\"rbc-media-card-cta-link\">\n\t\t\t\t\t\t\tPour en savoir plus\t\t\t\t\t\t\t<div class=\"rbc-icon\">\n\t\t\t\t\t\t\t\t<i aria-hidden=\"true\" role=\"img\" class=\"rbc-icon-img fal fa-angle-right\"><\/i>\n\t\t\t\t\t\t\t<\/div>\n\t\t\t\t\t\t\t<span class=\"sr-only\">&#8211; \u00c0 la recherche d\u2019une nouvelle voie \u00e0 suivre<\/span>\n\t\t\t\t\t\t<\/span>\n\t\t\t\t\t<\/a>\n\t\t\t\t\t\t\t<\/div>\n\t\t<\/div>\n\t<\/div>\n<\/div>\n\n<div class=\"rbc-media-card-col rbc-card-col-my col-lg-4 col-md-6\">\n\t<div class=\"rbc-card rbc-media-card rbc-card-hover rbc-media-card-stacked-vertical\">\n\t\t<div draggable=\"false\" class=\"rbc-card-wrap\">\n\t\t\t<div class=\"rbc-card-body rbc-hero-img-background-position\">\n\t\t\t\t\t\t\t\t<div class=\"rbc-media-card-image\" style=\"background-image: url('https:\/\/www.rbcwealthmanagement.com\/fr-ca\/wp-content\/uploads\/sites\/6\/2023\/11\/health-care-planning-elderly-couple-on-chairs.jpg?w=1024');\"><\/div>\n\t\t\t\t\t\t\t<h3 class=\"rbc-media-card-title rbc-media-card-title-wrap\"><span class=\"rbc-media-card-title-link\"><span>\u00c0 l\u2019\u00e8re de la pand\u00e9mie, la planification relative \u00e0 la sant\u00e9 fait partie de l\u2019\u00e9laboration d\u2019un programme d\u2019investissement<\/span><\/span><\/h3>\t\t\t\t<span class=\"category rbc-media-card-category\">\n\t\t\t\t\t\t\t\t\t<\/span>\n\t\t\t\t\t\t\t\t\t<p class=\"rbc-media-card-text\"><p>Les Canadiens commencent \u00e0 constater \u00e0 quel point un probl\u00e8me de sant\u00e9 majeur est susceptible d\u2019avoir des cons\u00e9quences soudaines sur leur planification en mati\u00e8re de retraite et de finances.<\/p>\n<\/p>\n\t\t\t\t\t\t\t\t\t\t<a href=\"https:\/\/www.rbcwealthmanagement.com\/fr-ca\/newsletters\/health-care-planning\" class=\"rbc-media-card-footer-link align-self-end link-chev rbc-card-link-full\">\n\t\t\t\t\t\t<span class=\"rbc-media-card-cta-link\">\n\t\t\t\t\t\t\tPour en savoir plus\t\t\t\t\t\t\t<div class=\"rbc-icon\">\n\t\t\t\t\t\t\t\t<i aria-hidden=\"true\" role=\"img\" class=\"rbc-icon-img fal fa-angle-right\"><\/i>\n\t\t\t\t\t\t\t<\/div>\n\t\t\t\t\t\t\t<span class=\"sr-only\">&#8211; \u00c0 l\u2019\u00e8re de la pand\u00e9mie, la planification relative \u00e0 la sant\u00e9 fait partie de l\u2019\u00e9laboration d\u2019un programme d\u2019investissement<\/span>\n\t\t\t\t\t\t<\/span>\n\t\t\t\t\t<\/a>\n\t\t\t\t\t\t\t<\/div>\n\t\t<\/div>\n\t<\/div>\n<\/div>\n\n<div class=\"rbc-media-card-col rbc-card-col-my col-lg-4 col-md-6\">\n\t<div class=\"rbc-card rbc-media-card rbc-card-hover rbc-media-card-stacked-vertical\">\n\t\t<div draggable=\"false\" class=\"rbc-card-wrap\">\n\t\t\t<div class=\"rbc-card-body rbc-hero-img-background-position\">\n\t\t\t\t\t\t\t\t<div class=\"rbc-media-card-image\" style=\"background-image: url('https:\/\/www.rbcwealthmanagement.com\/fr-ca\/wp-content\/uploads\/sites\/6\/2023\/11\/wooden-roller-coaster.jpg?w=1024');\"><\/div>\n\t\t\t\t\t\t\t<h3 class=\"rbc-media-card-title rbc-media-card-title-wrap\"><span class=\"rbc-media-card-title-link\"><span>Gestion \u00e9motionnelle en p\u00e9riode de volatilit\u00e9 boursi\u00e8re<\/span><\/span><\/h3>\t\t\t\t<span class=\"category rbc-media-card-category\">\n\t\t\t\t\t\t\t\t\t<\/span>\n\t\t\t\t\t\t\t\t\t<p class=\"rbc-media-card-text\"><p>La volatilit\u00e9 peut s\u2019av\u00e9rer difficile \u00e0 tol\u00e9rer, mais il existe des strat\u00e9gies \u00e9prouv\u00e9es pour maintenir le cap sur ses objectifs financiers et de retraite.<\/p>\n<\/p>\n\t\t\t\t\t\t\t\t\t\t<a href=\"https:\/\/www.rbcwealthmanagement.com\/fr-ca\/newsletters\/managing-your-emotions-during-volatile-stock-markets\" class=\"rbc-media-card-footer-link align-self-end link-chev rbc-card-link-full\">\n\t\t\t\t\t\t<span class=\"rbc-media-card-cta-link\">\n\t\t\t\t\t\t\tPour en savoir plus\t\t\t\t\t\t\t<div class=\"rbc-icon\">\n\t\t\t\t\t\t\t\t<i aria-hidden=\"true\" role=\"img\" class=\"rbc-icon-img fal fa-angle-right\"><\/i>\n\t\t\t\t\t\t\t<\/div>\n\t\t\t\t\t\t\t<span class=\"sr-only\">&#8211; Gestion \u00e9motionnelle en p\u00e9riode de volatilit\u00e9 boursi\u00e8re<\/span>\n\t\t\t\t\t\t<\/span>\n\t\t\t\t\t<\/a>\n\t\t\t\t\t\t\t<\/div>\n\t\t<\/div>\n\t<\/div>\n<\/div>\n\n\t\t\t\t\t\t\t\t\t\t\t\t\t\t<\/div>\n\t\t\t<\/div>\n\t\t<\/div>\n\n\t\t<\/div><\/div><\/div><\/section>\n","protected":false},"excerpt":{"rendered":"<p> Nous sommes l\u00e0 pour vous, au moment et \u00e0 l\u2019endroit o\u00f9 vous avez besoin de nous. Pour mieux vous aider, nous lancerons bient\u00f4t une toute nouvelle exp\u00e9rience RBC Gestion de patrimoine dans l\u2019appli Mobile RBC.<\/p>\n","protected":false},"author":30,"featured_media":19048,"parent":0,"menu_order":0,"comment_status":"closed","ping_status":"closed","template":"","meta":{"_acf_changed":false,"editor_notices":[],"rbc_url_alias":"newsletters\/helping-you-manage-your-wealth-wherever-you-are","footnotes":""},"rbcwm_content_owner":[],"class_list":["post-3245","page","type-page","status-publish","has-post-thumbnail","hentry"],"acf":[],"yoast_head":"<!-- This site is optimized with the Yoast SEO Premium plugin v24.8 (Yoast SEO v26.8) - https:\/\/yoast.com\/product\/yoast-seo-premium-wordpress\/ -->\n<title>G\u00e9rez votre patrimoine, o\u00f9 que vous soyez - RBC Gestion de patrimoine<\/title>\n<meta name=\"description\" content=\"Nous sommes l\u00e0 pour vous, au moment et \u00e0 l\u2019endroit o\u00f9 vous avez besoin de nous. Pour mieux vous aider, nous lancerons bient\u00f4t une toute nouvelle exp\u00e9rience RBC Gestion de patrimoine dans l\u2019appli Mobile RBC.\" \/>\n<meta name=\"robots\" content=\"index, follow, max-snippet:-1, max-image-preview:large, max-video-preview:-1\" \/>\n<link rel=\"canonical\" href=\"https:\/\/www.rbcwealthmanagement.com\/fr-ca\/newsletters\/helping-you-manage-your-wealth-wherever-you-are\" \/>\n<meta property=\"og:locale\" content=\"fr_CA\" \/>\n<meta property=\"og:type\" content=\"article\" \/>\n<meta property=\"og:title\" content=\"G\u00e9rez votre patrimoine, o\u00f9 que vous soyez\" \/>\n<meta property=\"og:description\" content=\"Nous sommes l\u00e0 pour vous, au moment et \u00e0 l\u2019endroit o\u00f9 vous avez besoin de nous. Pour mieux vous aider, nous lancerons bient\u00f4t une toute nouvelle exp\u00e9rience RBC Gestion de patrimoine dans l\u2019appli Mobile RBC.\" \/>\n<meta property=\"og:url\" content=\"https:\/\/www.rbcwealthmanagement.com\/fr-ca\/newsletters\/helping-you-manage-your-wealth-wherever-you-are\" \/>\n<meta property=\"og:site_name\" content=\"RBC Gestion de patrimoine\" \/>\n<meta property=\"article:modified_time\" content=\"2023-11-03T16:36:53+00:00\" \/>\n<meta property=\"og:image\" content=\"https:\/\/www.rbcwealthmanagement.com\/fr-ca\/wp-content\/uploads\/sites\/6\/2023\/11\/mobile-app-hand-phone.jpg\" \/>\n\t<meta property=\"og:image:width\" content=\"2250\" \/>\n\t<meta property=\"og:image:height\" content=\"1500\" \/>\n\t<meta property=\"og:image:type\" content=\"image\/jpeg\" \/>\n<meta name=\"twitter:card\" content=\"summary_large_image\" \/>\n<meta name=\"twitter:title\" content=\"G\u00e9rez votre patrimoine, o\u00f9 que vous soyez\" \/>\n<meta name=\"twitter:label1\" content=\"Est. reading time\" \/>\n\t<meta name=\"twitter:data1\" content=\"2 minutes\" \/>\n<script type=\"application\/ld+json\" class=\"yoast-schema-graph\">{\"@context\":\"https:\/\/schema.org\",\"@graph\":[{\"@type\":\"WebPage\",\"@id\":\"https:\/\/www.rbcwealthmanagement.com\/fr-ca\/newsletters\/helping-you-manage-your-wealth-wherever-you-are\/\",\"url\":\"https:\/\/www.rbcwealthmanagement.com\/fr-ca\/newsletters\/helping-you-manage-your-wealth-wherever-you-are\/\",\"name\":\"G\u00e9rez votre patrimoine, o\u00f9 que vous soyez - RBC Gestion de patrimoine\",\"isPartOf\":{\"@id\":\"https:\/\/www.rbcwealthmanagement.com\/fr-ca\/#website\"},\"primaryImageOfPage\":{\"@id\":\"https:\/\/www.rbcwealthmanagement.com\/fr-ca\/newsletters\/helping-you-manage-your-wealth-wherever-you-are\/#primaryimage\"},\"image\":{\"@id\":\"https:\/\/www.rbcwealthmanagement.com\/fr-ca\/newsletters\/helping-you-manage-your-wealth-wherever-you-are\/#primaryimage\"},\"thumbnailUrl\":\"https:\/\/www.rbcwealthmanagement.com\/fr-ca\/wp-content\/uploads\/sites\/6\/2023\/11\/mobile-app-hand-phone.jpg\",\"datePublished\":\"2022-06-24T13:51:27+00:00\",\"dateModified\":\"2023-11-03T16:36:53+00:00\",\"description\":\"Nous sommes l\u00e0 pour vous, au moment et \u00e0 l\u2019endroit o\u00f9 vous avez besoin de nous. Pour mieux vous aider, nous lancerons bient\u00f4t une toute nouvelle exp\u00e9rience RBC Gestion de patrimoine dans l\u2019appli Mobile RBC.\",\"breadcrumb\":{\"@id\":\"https:\/\/www.rbcwealthmanagement.com\/fr-ca\/newsletters\/helping-you-manage-your-wealth-wherever-you-are\/#breadcrumb\"},\"inLanguage\":\"fr-CA\",\"potentialAction\":[{\"@type\":\"ReadAction\",\"target\":[\"https:\/\/www.rbcwealthmanagement.com\/fr-ca\/newsletters\/helping-you-manage-your-wealth-wherever-you-are\/\"]}]},{\"@type\":\"ImageObject\",\"inLanguage\":\"fr-CA\",\"@id\":\"https:\/\/www.rbcwealthmanagement.com\/fr-ca\/newsletters\/helping-you-manage-your-wealth-wherever-you-are\/#primaryimage\",\"url\":\"https:\/\/www.rbcwealthmanagement.com\/fr-ca\/wp-content\/uploads\/sites\/6\/2023\/11\/mobile-app-hand-phone.jpg\",\"contentUrl\":\"https:\/\/www.rbcwealthmanagement.com\/fr-ca\/wp-content\/uploads\/sites\/6\/2023\/11\/mobile-app-hand-phone.jpg\",\"width\":2250,\"height\":1500,\"caption\":\"677-06968961 \u00a9 Masterfile Royalty-Free Model Release: No Property Release: No Hands texting on cell phone\"},{\"@type\":\"BreadcrumbList\",\"@id\":\"https:\/\/www.rbcwealthmanagement.com\/fr-ca\/newsletters\/helping-you-manage-your-wealth-wherever-you-are\/#breadcrumb\",\"itemListElement\":[{\"@type\":\"ListItem\",\"position\":1,\"name\":\"Home\",\"item\":\"https:\/\/www.rbcwealthmanagement.com\/fr-ca\/\"},{\"@type\":\"ListItem\",\"position\":2,\"name\":\"G\u00e9rez votre patrimoine, o\u00f9 que vous soyez\"}]},{\"@type\":\"WebSite\",\"@id\":\"https:\/\/www.rbcwealthmanagement.com\/fr-ca\/#website\",\"url\":\"https:\/\/www.rbcwealthmanagement.com\/fr-ca\/\",\"name\":\"RBC Gestion de patrimoine\",\"description\":\"\",\"publisher\":{\"@id\":\"https:\/\/www.rbcwealthmanagement.com\/fr-ca\/#organization\"},\"potentialAction\":[{\"@type\":\"SearchAction\",\"target\":{\"@type\":\"EntryPoint\",\"urlTemplate\":\"https:\/\/www.rbcwealthmanagement.com\/fr-ca\/?s={search_term_string}\"},\"query-input\":{\"@type\":\"PropertyValueSpecification\",\"valueRequired\":true,\"valueName\":\"search_term_string\"}}],\"inLanguage\":\"fr-CA\"},{\"@type\":\"Organization\",\"@id\":\"https:\/\/www.rbcwealthmanagement.com\/fr-ca\/#organization\",\"name\":\"RBC Gestion de Patrimoine\",\"alternateName\":\"RBC Gestion de Patrimoine\",\"url\":\"https:\/\/www.rbcwealthmanagement.com\/fr-ca\/\",\"logo\":{\"@type\":\"ImageObject\",\"inLanguage\":\"fr-CA\",\"@id\":\"https:\/\/www.rbcwealthmanagement.com\/fr-ca\/#\/schema\/logo\/image\/\",\"url\":\"https:\/\/www.rbcwealthmanagement.com\/fr-ca\/wp-content\/uploads\/sites\/6\/2023\/02\/rbc.png\",\"contentUrl\":\"https:\/\/www.rbcwealthmanagement.com\/fr-ca\/wp-content\/uploads\/sites\/6\/2023\/02\/rbc.png\",\"width\":3000,\"height\":2000,\"caption\":\"RBC Gestion de Patrimoine\"},\"image\":{\"@id\":\"https:\/\/www.rbcwealthmanagement.com\/fr-ca\/#\/schema\/logo\/image\/\"}}]}<\/script>\n<!-- \/ Yoast SEO Premium plugin. -->","yoast_head_json":{"title":"G\u00e9rez votre patrimoine, o\u00f9 que vous soyez - RBC Gestion de patrimoine","description":"Nous sommes l\u00e0 pour vous, au moment et \u00e0 l\u2019endroit o\u00f9 vous avez besoin de nous. Pour mieux vous aider, nous lancerons bient\u00f4t une toute nouvelle exp\u00e9rience RBC Gestion de patrimoine dans l\u2019appli Mobile RBC.","robots":{"index":"index","follow":"follow","max-snippet":"max-snippet:-1","max-image-preview":"max-image-preview:large","max-video-preview":"max-video-preview:-1"},"canonical":"https:\/\/www.rbcwealthmanagement.com\/fr-ca\/newsletters\/helping-you-manage-your-wealth-wherever-you-are","og_locale":"fr_CA","og_type":"article","og_title":"G\u00e9rez votre patrimoine, o\u00f9 que vous soyez","og_description":"Nous sommes l\u00e0 pour vous, au moment et \u00e0 l\u2019endroit o\u00f9 vous avez besoin de nous. Pour mieux vous aider, nous lancerons bient\u00f4t une toute nouvelle exp\u00e9rience RBC Gestion de patrimoine dans l\u2019appli Mobile RBC.","og_url":"https:\/\/www.rbcwealthmanagement.com\/fr-ca\/newsletters\/helping-you-manage-your-wealth-wherever-you-are","og_site_name":"RBC Gestion de patrimoine","article_modified_time":"2023-11-03T16:36:53+00:00","og_image":[{"width":2250,"height":1500,"url":"https:\/\/www.rbcwealthmanagement.com\/fr-ca\/wp-content\/uploads\/sites\/6\/2023\/11\/mobile-app-hand-phone.jpg","type":"image\/jpeg"}],"twitter_card":"summary_large_image","twitter_title":"G\u00e9rez votre patrimoine, o\u00f9 que vous soyez","twitter_misc":{"Est. reading time":"2 minutes"},"schema":{"@context":"https:\/\/schema.org","@graph":[{"@type":"WebPage","@id":"https:\/\/www.rbcwealthmanagement.com\/fr-ca\/newsletters\/helping-you-manage-your-wealth-wherever-you-are\/","url":"https:\/\/www.rbcwealthmanagement.com\/fr-ca\/newsletters\/helping-you-manage-your-wealth-wherever-you-are\/","name":"G\u00e9rez votre patrimoine, o\u00f9 que vous soyez - RBC Gestion de patrimoine","isPartOf":{"@id":"https:\/\/www.rbcwealthmanagement.com\/fr-ca\/#website"},"primaryImageOfPage":{"@id":"https:\/\/www.rbcwealthmanagement.com\/fr-ca\/newsletters\/helping-you-manage-your-wealth-wherever-you-are\/#primaryimage"},"image":{"@id":"https:\/\/www.rbcwealthmanagement.com\/fr-ca\/newsletters\/helping-you-manage-your-wealth-wherever-you-are\/#primaryimage"},"thumbnailUrl":"https:\/\/www.rbcwealthmanagement.com\/fr-ca\/wp-content\/uploads\/sites\/6\/2023\/11\/mobile-app-hand-phone.jpg","datePublished":"2022-06-24T13:51:27+00:00","dateModified":"2023-11-03T16:36:53+00:00","description":"Nous sommes l\u00e0 pour vous, au moment et \u00e0 l\u2019endroit o\u00f9 vous avez besoin de nous. Pour mieux vous aider, nous lancerons bient\u00f4t une toute nouvelle exp\u00e9rience RBC Gestion de patrimoine dans l\u2019appli Mobile RBC.","breadcrumb":{"@id":"https:\/\/www.rbcwealthmanagement.com\/fr-ca\/newsletters\/helping-you-manage-your-wealth-wherever-you-are\/#breadcrumb"},"inLanguage":"fr-CA","potentialAction":[{"@type":"ReadAction","target":["https:\/\/www.rbcwealthmanagement.com\/fr-ca\/newsletters\/helping-you-manage-your-wealth-wherever-you-are\/"]}]},{"@type":"ImageObject","inLanguage":"fr-CA","@id":"https:\/\/www.rbcwealthmanagement.com\/fr-ca\/newsletters\/helping-you-manage-your-wealth-wherever-you-are\/#primaryimage","url":"https:\/\/www.rbcwealthmanagement.com\/fr-ca\/wp-content\/uploads\/sites\/6\/2023\/11\/mobile-app-hand-phone.jpg","contentUrl":"https:\/\/www.rbcwealthmanagement.com\/fr-ca\/wp-content\/uploads\/sites\/6\/2023\/11\/mobile-app-hand-phone.jpg","width":2250,"height":1500,"caption":"677-06968961 \u00a9 Masterfile Royalty-Free Model Release: No Property Release: No Hands texting on cell phone"},{"@type":"BreadcrumbList","@id":"https:\/\/www.rbcwealthmanagement.com\/fr-ca\/newsletters\/helping-you-manage-your-wealth-wherever-you-are\/#breadcrumb","itemListElement":[{"@type":"ListItem","position":1,"name":"Home","item":"https:\/\/www.rbcwealthmanagement.com\/fr-ca\/"},{"@type":"ListItem","position":2,"name":"G\u00e9rez votre patrimoine, o\u00f9 que vous soyez"}]},{"@type":"WebSite","@id":"https:\/\/www.rbcwealthmanagement.com\/fr-ca\/#website","url":"https:\/\/www.rbcwealthmanagement.com\/fr-ca\/","name":"RBC Gestion de patrimoine","description":"","publisher":{"@id":"https:\/\/www.rbcwealthmanagement.com\/fr-ca\/#organization"},"potentialAction":[{"@type":"SearchAction","target":{"@type":"EntryPoint","urlTemplate":"https:\/\/www.rbcwealthmanagement.com\/fr-ca\/?s={search_term_string}"},"query-input":{"@type":"PropertyValueSpecification","valueRequired":true,"valueName":"search_term_string"}}],"inLanguage":"fr-CA"},{"@type":"Organization","@id":"https:\/\/www.rbcwealthmanagement.com\/fr-ca\/#organization","name":"RBC Gestion de Patrimoine","alternateName":"RBC Gestion de Patrimoine","url":"https:\/\/www.rbcwealthmanagement.com\/fr-ca\/","logo":{"@type":"ImageObject","inLanguage":"fr-CA","@id":"https:\/\/www.rbcwealthmanagement.com\/fr-ca\/#\/schema\/logo\/image\/","url":"https:\/\/www.rbcwealthmanagement.com\/fr-ca\/wp-content\/uploads\/sites\/6\/2023\/02\/rbc.png","contentUrl":"https:\/\/www.rbcwealthmanagement.com\/fr-ca\/wp-content\/uploads\/sites\/6\/2023\/02\/rbc.png","width":3000,"height":2000,"caption":"RBC Gestion de Patrimoine"},"image":{"@id":"https:\/\/www.rbcwealthmanagement.com\/fr-ca\/#\/schema\/logo\/image\/"}}]}},"jetpack_sharing_enabled":true,"publishpress_future_action":{"enabled":false,"date":"2026-04-26 14:33:24","action":"change-status","newStatus":"draft","terms":[],"taxonomy":"rbcwm_content_owner","extraData":[]},"publishpress_future_workflow_manual_trigger":{"enabledWorkflows":[]},"distributor_meta":false,"distributor_terms":false,"distributor_media":false,"distributor_original_site_name":"RBC Gestion de patrimoine","distributor_original_site_url":"https:\/\/www.rbcwealthmanagement.com\/fr-ca","push-errors":false,"last_revision_date":"2023-11-03 12:36:52","_links":{"self":[{"href":"https:\/\/www.rbcwealthmanagement.com\/fr-ca\/wp-json\/wp\/v2\/pages\/3245","targetHints":{"allow":["GET"]}}],"collection":[{"href":"https:\/\/www.rbcwealthmanagement.com\/fr-ca\/wp-json\/wp\/v2\/pages"}],"about":[{"href":"https:\/\/www.rbcwealthmanagement.com\/fr-ca\/wp-json\/wp\/v2\/types\/page"}],"author":[{"embeddable":true,"href":"https:\/\/www.rbcwealthmanagement.com\/fr-ca\/wp-json\/wp\/v2\/users\/30"}],"replies":[{"embeddable":true,"href":"https:\/\/www.rbcwealthmanagement.com\/fr-ca\/wp-json\/wp\/v2\/comments?post=3245"}],"version-history":[{"count":4,"href":"https:\/\/www.rbcwealthmanagement.com\/fr-ca\/wp-json\/wp\/v2\/pages\/3245\/revisions"}],"predecessor-version":[{"id":21801,"href":"https:\/\/www.rbcwealthmanagement.com\/fr-ca\/wp-json\/wp\/v2\/pages\/3245\/revisions\/21801"}],"wp:featuredmedia":[{"embeddable":true,"href":"https:\/\/www.rbcwealthmanagement.com\/fr-ca\/wp-json\/wp\/v2\/media\/19048"}],"wp:attachment":[{"href":"https:\/\/www.rbcwealthmanagement.com\/fr-ca\/wp-json\/wp\/v2\/media?parent=3245"}],"wp:term":[{"taxonomy":"rbcwm_content_owner","embeddable":true,"href":"https:\/\/www.rbcwealthmanagement.com\/fr-ca\/wp-json\/wp\/v2\/rbcwm_content_owner?post=3245"}],"curies":[{"name":"wp","href":"https:\/\/api.w.org\/{rel}","templated":true}]}}