{"id":3251,"date":"2022-04-07T12:03:11","date_gmt":"2022-04-07T12:03:11","guid":{"rendered":"https:\/\/www.rbcwealthmanagement.com\/fr-ca\/online-rrif-lif\/"},"modified":"2023-11-03T10:24:33","modified_gmt":"2023-11-03T14:24:33","slug":"online-rrif-lif","status":"publish","type":"page","link":"https:\/\/www.rbcwealthmanagement.com\/fr-ca\/newsletters\/online-rrif-lif","title":{"rendered":"Consultez vos renseignements FERR ou FRV en ligne, partout et en tout temps."},"content":{"rendered":"\n<div class=\"wp-block-rbcwm-hero-block rbc-hero-wm  rbc-hero-overlap rbc-hero-overlap-mobile\"><div class=\"container\"><div class=\"row no-gutters\"><div class=\"col-lg-12\"><div class=\"rbc-card rbc-hero-card rbc-hero\"><div class=\"rbc-card-wrap\"><div class=\"rbc-card-body\"><div class=\"rbc-hero-body-content\"><h1 class=\"rbc-hero-title\"><span>Consultez vos renseignements FERR ou FRV en ligne, partout et en tout temps<\/span><\/h1>\n<p>Bient\u00f4t disponible<\/p>\n<\/div><\/div><\/div><\/div><\/div><\/div><\/div><\/div>\n\n\n\n<section class=\"wp-block-rbcwm-rbc-block rbc-block rbc-block-grey has-block-grey-background-color has-background\"><div class=\"container\"><div class=\"row \"><div class=\"col-lg-12\"><div class=\"wrap\">\n<div class=\"row blockId-1b8ff8bf-7222-4ce9-a3ed-d10608c848d8\">\n<div class=\"wp-block-rbcwm-column col-lg-8\">\n<p>Avez-vous un fonds enregistr\u00e9 de revenu de retraite (FERR) ou un fonds de revenu viager (FRV) ?<\/p>\n\n\n\n<p>Vous pourrez bient\u00f4t consulter les renseignements cl\u00e9s de votre FERR ou FRV RBC Dominion valeurs mobili\u00e8res \u00e0 partir de votre ordinateur, de votre tablette ou de votre appareil mobile.<\/p>\n\n\n\n<p>Ayez acc\u00e8s \u00e0 des renseignements \u00e0 jour sur votre FERR ou FRV, notamment \u00e0 vos versements et aux donn\u00e9es de valeur marchande dans RBC Gestion de patrimoine en ligne au lieu de les recevoir par la poste. Vous pourrez \u00e9galement y voir vos avoirs et vos op\u00e9rations.<\/p>\n\n\n\n<p>Les donn\u00e9es \u00e9lectroniques vous donnent toujours acc\u00e8s aux renseignements sur votre FERR ou FRV, vous \u00e9vitent de chercher dans vos dossiers pour avoir \u00e0 trouver un document papier et sont donc plus commodes. Elles sont aussi une solution \u00e9cologique qui nous aide \u00e0 r\u00e9duire notre consommation de papier.<\/p>\n\n\n\n<p>Si vous utilisez d\u00e9j\u00e0 RBC Gestion de patrimoine en ligne, rep\u00e9rez la nouvelle page d\u2019information sur le FERR ou le FRV qui sera accessible au cours des prochaines semaines.<\/p>\n\n\n\n<p>Dans le cas contraire, inscrivez-vous pour acc\u00e9der facilement aux renseignements de votre FERR ou FRV. Il s\u2019agit d\u2019un service gratuit et s\u00e9curitaire, dont l\u2019acc\u00e8s est prot\u00e9g\u00e9 par un mot de passe confidentiel et une technologie de chiffrement \u00e0 la fine pointe.<\/p>\n\n\n\n<p>RBC Gestion de patrimoine en ligne offre de nombreux autres avantages, dont les suivants :<\/p>\n\n\n\n<ul class=\"wp-block-list\">\n<li>Communiquer (envoyer et recevoir des messages) de mani\u00e8re s\u00e9curis\u00e9e avec l\u2019\u00e9quipe de votre conseiller en placement<\/li>\n\n\n\n<li>Consulter vos documents importants, y compris vos relev\u00e9s de compte<\/li>\n\n\n\n<li>Acc\u00e9der \u00e0 vos feuillets fiscaux<\/li>\n\n\n\n<li>Virer des fonds en temps r\u00e9el<\/li>\n\n\n\n<li>Naviguer ais\u00e9ment entre vos comptes bancaires et de placement<\/li>\n\n\n\n<li>Obtenir les nouvelles des march\u00e9s<\/li>\n<\/ul>\n\n\n\n<p>Voulez-vous en savoir plus sur l\u2019acc\u00e8s \u00e0 vos renseignements FERR et FRV par RBC Gestion de patrimoine en ligne ? Il vous suffit de communiquer avec l\u2019\u00e9quipe de votre conseiller en placement qui se fera un plaisir de r\u00e9pondre \u00e0 vos questions et de vous aider.<\/p>\n\n\n\n<figure class=\"wp-block-image size-large\"><img decoding=\"async\" src=\"https:\/\/wpvip-rbcwealthmanagement-com-preprod.go-vip.net\/fr-ca\/wp-content\/uploads\/sites\/6\/2023\/11\/wealth-management-online-rrif-screen-fr.jpg?w=1024\" alt=\"\" class=\"wp-image-19159\"\/><\/figure>\n<\/div>\n<\/div>\n<\/div><\/div><\/div><\/div><\/section>\n\n\n\n<section class=\"wp-block-rbcwm-rbc-block rbc-block rbc-block-flush-bottom overlap-bottom\"><div class=\"container\"><div class=\"row justify-content-center\"><div class=\"col-lg-12\">\n<header class=\"wp-block-rbcwm-block-header row rbc-block-header\"><div class=\"col-lg-12\">\n<div class=\"row\">\n\n<h2 class=\"wp-block-heading rbc-block-header-title col-lg-12\" id=\"h-bulletin-gestion-de-partimoine-avril-2022\">Bulletin Gestion de partimoine &#8211; avril 2022<\/h2>\n\n<\/div>\n<\/div><\/header>\n\n\n\n\t\t<div class=\"row\">\n\t\t\t<div class=\"col-lg-12\">\n\t\t\t\t<div class=\"row overlap-bottom\">\n\t\t\t\t\t\n<div class=\"rbc-media-card-col rbc-card-col-my col-lg-6 col-md-6\">\n\t<div class=\"rbc-card rbc-media-card rbc-card-hover rbc-media-card-stacked-vertical\">\n\t\t<div draggable=\"false\" class=\"rbc-card-wrap\">\n\t\t\t<div class=\"rbc-card-body rbc-hero-img-background-position\">\n\t\t\t\t\t\t\t\t<div class=\"rbc-media-card-image\" style=\"background-image: url('https:\/\/www.rbcwealthmanagement.com\/fr-ca\/wp-content\/uploads\/sites\/6\/2023\/11\/allworth-history.jpg?w=1024');\"><\/div>\n\t\t\t\t\t\t\t<h3 class=\"rbc-media-card-title rbc-media-card-title-wrap\"><span class=\"rbc-media-card-title-link\"><span>Les le\u00e7ons de l\u2019histoire<\/span><\/span><\/h3>\t\t\t\t<span class=\"category rbc-media-card-category\">\n\t\t\t\t\t\t\t\t\t<\/span>\n\t\t\t\t\t\t\t\t\t<p class=\"rbc-media-card-text\"><p>En g\u00e9n\u00e9ral, les \u00e9v\u00e9nements g\u00e9opolitiques perturbateurs ont des repercussions sur les march\u00e9s boursiers pendant seulement quelques jours et les pertes sont r\u00e9cup\u00e9r\u00e9es assez rapidement.<\/p>\n<\/p>\n\t\t\t\t\t\t\t\t\t\t<a href=\"https:\/\/www.rbcwealthmanagement.com\/fr-ca\/newsletters\/history-lessons\" class=\"rbc-media-card-footer-link align-self-end link-chev rbc-card-link-full\">\n\t\t\t\t\t\t<span class=\"rbc-media-card-cta-link\">\n\t\t\t\t\t\t\tPour en savoir plus\t\t\t\t\t\t\t<div class=\"rbc-icon\">\n\t\t\t\t\t\t\t\t<i aria-hidden=\"true\" role=\"img\" class=\"rbc-icon-img fal fa-angle-right\"><\/i>\n\t\t\t\t\t\t\t<\/div>\n\t\t\t\t\t\t\t<span class=\"sr-only\">&#8211; Les le\u00e7ons de l\u2019histoire<\/span>\n\t\t\t\t\t\t<\/span>\n\t\t\t\t\t<\/a>\n\t\t\t\t\t\t\t<\/div>\n\t\t<\/div>\n\t<\/div>\n<\/div>\n\n<div class=\"rbc-media-card-col rbc-card-col-my col-lg-6 col-md-6\">\n\t<div class=\"rbc-card rbc-media-card rbc-card-hover rbc-media-card-stacked-vertical\">\n\t\t<div draggable=\"false\" class=\"rbc-card-wrap\">\n\t\t\t<div class=\"rbc-card-body rbc-hero-img-background-position\">\n\t\t\t\t\t\t\t\t<div class=\"rbc-media-card-image\" style=\"background-image: url('https:\/\/www.rbcwealthmanagement.com\/fr-ca\/wp-content\/uploads\/sites\/6\/2023\/11\/retirement-tax.jpg?w=1024');\"><\/div>\n\t\t\t\t\t\t\t<h3 class=\"rbc-media-card-title rbc-media-card-title-wrap\"><span class=\"rbc-media-card-title-link\"><span>Cinq conseils pour r\u00e9duire vos imp\u00f4ts \u00e0 la retraite<\/span><\/span><\/h3>\t\t\t\t<span class=\"category rbc-media-card-category\">\n\t\t\t\t\t\t\t\t\t<\/span>\n\t\t\t\t\t\t\t\t\t<p class=\"rbc-media-card-text\"><p>Comme les gens vivent plus longtemps et que le co\u00fbt de la vie continue d\u2019augmenter, il peut \u00eatre difficile de faire durer votre \u00e9pargne-retraite aussi longtemps que vous en aurez besoin.<\/p>\n<\/p>\n\t\t\t\t\t\t\t\t\t\t<a href=\"https:\/\/www.rbcwealthmanagement.com\/fr-ca\/newsletters\/five-tips-to-reduce-your-taxes-in-retirement\" class=\"rbc-media-card-footer-link align-self-end link-chev rbc-card-link-full\">\n\t\t\t\t\t\t<span class=\"rbc-media-card-cta-link\">\n\t\t\t\t\t\t\tPour en savoir plus\t\t\t\t\t\t\t<div class=\"rbc-icon\">\n\t\t\t\t\t\t\t\t<i aria-hidden=\"true\" role=\"img\" class=\"rbc-icon-img fal fa-angle-right\"><\/i>\n\t\t\t\t\t\t\t<\/div>\n\t\t\t\t\t\t\t<span class=\"sr-only\">&#8211; Cinq conseils pour r\u00e9duire vos imp\u00f4ts \u00e0 la retraite<\/span>\n\t\t\t\t\t\t<\/span>\n\t\t\t\t\t<\/a>\n\t\t\t\t\t\t\t<\/div>\n\t\t<\/div>\n\t<\/div>\n<\/div>\n\n\t\t\t\t\t\t\t\t\t\t\t\t\t\t<\/div>\n\t\t\t<\/div>\n\t\t<\/div>\n\n\t\t<\/div><\/div><\/div><\/section>\n","protected":false},"excerpt":{"rendered":"<p>Vous pourrez bient\u00f4t consulter les renseignements cl\u00e9s de votre FERR ou FRV RBC Dominion valeurs mobili\u00e8res \u00e0 partir de votre ordinateur, de votre tablette ou de votre appareil mobile.<\/p>\n","protected":false},"author":21,"featured_media":19029,"parent":0,"menu_order":0,"comment_status":"closed","ping_status":"closed","template":"","meta":{"_acf_changed":false,"editor_notices":[],"rbc_url_alias":"newsletters\/online-rrif-lif","footnotes":""},"rbcwm_content_owner":[],"class_list":["post-3251","page","type-page","status-publish","has-post-thumbnail","hentry"],"acf":[],"yoast_head":"<!-- This site is optimized with the Yoast SEO Premium plugin v24.8 (Yoast SEO v26.8) - https:\/\/yoast.com\/product\/yoast-seo-premium-wordpress\/ -->\n<title>Consultez vos renseignements FERR ou FRV en ligne, partout et en tout temps. - RBC Gestion de patrimoine<\/title>\n<meta name=\"description\" content=\"Vous pourrez bient\u00f4t consulter les renseignements cl\u00e9s de votre FERR ou FRV RBC Dominion valeurs mobili\u00e8res \u00e0 partir de votre ordinateur, de votre tablette ou de votre appareil mobile.\" \/>\n<meta name=\"robots\" content=\"index, follow, max-snippet:-1, max-image-preview:large, max-video-preview:-1\" \/>\n<link rel=\"canonical\" href=\"https:\/\/www.rbcwealthmanagement.com\/fr-ca\/newsletters\/online-rrif-lif\" \/>\n<meta property=\"og:locale\" content=\"fr_CA\" \/>\n<meta property=\"og:type\" content=\"article\" \/>\n<meta property=\"og:title\" content=\"Consultez vos renseignements FERR ou FRV en ligne, partout et en tout temps.\" \/>\n<meta property=\"og:description\" content=\"Vous pourrez bient\u00f4t consulter les renseignements cl\u00e9s de votre FERR ou FRV RBC Dominion valeurs mobili\u00e8res \u00e0 partir de votre ordinateur, de votre tablette ou de votre appareil mobile.\" \/>\n<meta property=\"og:url\" content=\"https:\/\/www.rbcwealthmanagement.com\/fr-ca\/newsletters\/online-rrif-lif\" \/>\n<meta property=\"og:site_name\" content=\"RBC Gestion de patrimoine\" \/>\n<meta property=\"article:modified_time\" content=\"2023-11-03T14:24:33+00:00\" \/>\n<meta property=\"og:image\" content=\"https:\/\/www.rbcwealthmanagement.com\/fr-ca\/wp-content\/uploads\/sites\/6\/2023\/11\/wealth-management-online-rrif.jpg\" \/>\n\t<meta property=\"og:image:width\" content=\"2250\" \/>\n\t<meta property=\"og:image:height\" content=\"1500\" \/>\n\t<meta property=\"og:image:type\" content=\"image\/jpeg\" \/>\n<meta name=\"twitter:card\" content=\"summary_large_image\" \/>\n<meta name=\"twitter:title\" content=\"Consultez vos renseignements FERR ou FRV en ligne, partout et en tout temps.\" \/>\n<meta name=\"twitter:label1\" content=\"Est. reading time\" \/>\n\t<meta name=\"twitter:data1\" content=\"2 minutes\" \/>\n<script type=\"application\/ld+json\" class=\"yoast-schema-graph\">{\"@context\":\"https:\/\/schema.org\",\"@graph\":[{\"@type\":\"WebPage\",\"@id\":\"https:\/\/www.rbcwealthmanagement.com\/fr-ca\/newsletters\/online-rrif-lif\/\",\"url\":\"https:\/\/www.rbcwealthmanagement.com\/fr-ca\/newsletters\/online-rrif-lif\/\",\"name\":\"Consultez vos renseignements FERR ou FRV en ligne, partout et en tout temps. - RBC Gestion de patrimoine\",\"isPartOf\":{\"@id\":\"https:\/\/www.rbcwealthmanagement.com\/fr-ca\/#website\"},\"primaryImageOfPage\":{\"@id\":\"https:\/\/www.rbcwealthmanagement.com\/fr-ca\/newsletters\/online-rrif-lif\/#primaryimage\"},\"image\":{\"@id\":\"https:\/\/www.rbcwealthmanagement.com\/fr-ca\/newsletters\/online-rrif-lif\/#primaryimage\"},\"thumbnailUrl\":\"https:\/\/www.rbcwealthmanagement.com\/fr-ca\/wp-content\/uploads\/sites\/6\/2023\/11\/wealth-management-online-rrif.jpg\",\"datePublished\":\"2022-04-07T12:03:11+00:00\",\"dateModified\":\"2023-11-03T14:24:33+00:00\",\"description\":\"Vous pourrez bient\u00f4t consulter les renseignements cl\u00e9s de votre FERR ou FRV RBC Dominion valeurs mobili\u00e8res \u00e0 partir de votre ordinateur, de votre tablette ou de votre appareil mobile.\",\"breadcrumb\":{\"@id\":\"https:\/\/www.rbcwealthmanagement.com\/fr-ca\/newsletters\/online-rrif-lif\/#breadcrumb\"},\"inLanguage\":\"fr-CA\",\"potentialAction\":[{\"@type\":\"ReadAction\",\"target\":[\"https:\/\/www.rbcwealthmanagement.com\/fr-ca\/newsletters\/online-rrif-lif\/\"]}]},{\"@type\":\"ImageObject\",\"inLanguage\":\"fr-CA\",\"@id\":\"https:\/\/www.rbcwealthmanagement.com\/fr-ca\/newsletters\/online-rrif-lif\/#primaryimage\",\"url\":\"https:\/\/www.rbcwealthmanagement.com\/fr-ca\/wp-content\/uploads\/sites\/6\/2023\/11\/wealth-management-online-rrif.jpg\",\"contentUrl\":\"https:\/\/www.rbcwealthmanagement.com\/fr-ca\/wp-content\/uploads\/sites\/6\/2023\/11\/wealth-management-online-rrif.jpg\",\"width\":2250,\"height\":1500,\"caption\":\"Senior couple using digital tablet and cell phone at home\"},{\"@type\":\"BreadcrumbList\",\"@id\":\"https:\/\/www.rbcwealthmanagement.com\/fr-ca\/newsletters\/online-rrif-lif\/#breadcrumb\",\"itemListElement\":[{\"@type\":\"ListItem\",\"position\":1,\"name\":\"Home\",\"item\":\"https:\/\/www.rbcwealthmanagement.com\/fr-ca\/\"},{\"@type\":\"ListItem\",\"position\":2,\"name\":\"Consultez vos renseignements FERR ou FRV en ligne, partout et en tout temps.\"}]},{\"@type\":\"WebSite\",\"@id\":\"https:\/\/www.rbcwealthmanagement.com\/fr-ca\/#website\",\"url\":\"https:\/\/www.rbcwealthmanagement.com\/fr-ca\/\",\"name\":\"RBC Gestion de patrimoine\",\"description\":\"\",\"publisher\":{\"@id\":\"https:\/\/www.rbcwealthmanagement.com\/fr-ca\/#organization\"},\"potentialAction\":[{\"@type\":\"SearchAction\",\"target\":{\"@type\":\"EntryPoint\",\"urlTemplate\":\"https:\/\/www.rbcwealthmanagement.com\/fr-ca\/?s={search_term_string}\"},\"query-input\":{\"@type\":\"PropertyValueSpecification\",\"valueRequired\":true,\"valueName\":\"search_term_string\"}}],\"inLanguage\":\"fr-CA\"},{\"@type\":\"Organization\",\"@id\":\"https:\/\/www.rbcwealthmanagement.com\/fr-ca\/#organization\",\"name\":\"RBC Gestion de Patrimoine\",\"alternateName\":\"RBC Gestion de Patrimoine\",\"url\":\"https:\/\/www.rbcwealthmanagement.com\/fr-ca\/\",\"logo\":{\"@type\":\"ImageObject\",\"inLanguage\":\"fr-CA\",\"@id\":\"https:\/\/www.rbcwealthmanagement.com\/fr-ca\/#\/schema\/logo\/image\/\",\"url\":\"https:\/\/www.rbcwealthmanagement.com\/fr-ca\/wp-content\/uploads\/sites\/6\/2023\/02\/rbc.png\",\"contentUrl\":\"https:\/\/www.rbcwealthmanagement.com\/fr-ca\/wp-content\/uploads\/sites\/6\/2023\/02\/rbc.png\",\"width\":3000,\"height\":2000,\"caption\":\"RBC Gestion de Patrimoine\"},\"image\":{\"@id\":\"https:\/\/www.rbcwealthmanagement.com\/fr-ca\/#\/schema\/logo\/image\/\"}}]}<\/script>\n<!-- \/ Yoast SEO Premium plugin. -->","yoast_head_json":{"title":"Consultez vos renseignements FERR ou FRV en ligne, partout et en tout temps. - RBC Gestion de patrimoine","description":"Vous pourrez bient\u00f4t consulter les renseignements cl\u00e9s de votre FERR ou FRV RBC Dominion valeurs mobili\u00e8res \u00e0 partir de votre ordinateur, de votre tablette ou de votre appareil mobile.","robots":{"index":"index","follow":"follow","max-snippet":"max-snippet:-1","max-image-preview":"max-image-preview:large","max-video-preview":"max-video-preview:-1"},"canonical":"https:\/\/www.rbcwealthmanagement.com\/fr-ca\/newsletters\/online-rrif-lif","og_locale":"fr_CA","og_type":"article","og_title":"Consultez vos renseignements FERR ou FRV en ligne, partout et en tout temps.","og_description":"Vous pourrez bient\u00f4t consulter les renseignements cl\u00e9s de votre FERR ou FRV RBC Dominion valeurs mobili\u00e8res \u00e0 partir de votre ordinateur, de votre tablette ou de votre appareil mobile.","og_url":"https:\/\/www.rbcwealthmanagement.com\/fr-ca\/newsletters\/online-rrif-lif","og_site_name":"RBC Gestion de patrimoine","article_modified_time":"2023-11-03T14:24:33+00:00","og_image":[{"width":2250,"height":1500,"url":"https:\/\/www.rbcwealthmanagement.com\/fr-ca\/wp-content\/uploads\/sites\/6\/2023\/11\/wealth-management-online-rrif.jpg","type":"image\/jpeg"}],"twitter_card":"summary_large_image","twitter_title":"Consultez vos renseignements FERR ou FRV en ligne, partout et en tout temps.","twitter_misc":{"Est. reading time":"2 minutes"},"schema":{"@context":"https:\/\/schema.org","@graph":[{"@type":"WebPage","@id":"https:\/\/www.rbcwealthmanagement.com\/fr-ca\/newsletters\/online-rrif-lif\/","url":"https:\/\/www.rbcwealthmanagement.com\/fr-ca\/newsletters\/online-rrif-lif\/","name":"Consultez vos renseignements FERR ou FRV en ligne, partout et en tout temps. - RBC Gestion de patrimoine","isPartOf":{"@id":"https:\/\/www.rbcwealthmanagement.com\/fr-ca\/#website"},"primaryImageOfPage":{"@id":"https:\/\/www.rbcwealthmanagement.com\/fr-ca\/newsletters\/online-rrif-lif\/#primaryimage"},"image":{"@id":"https:\/\/www.rbcwealthmanagement.com\/fr-ca\/newsletters\/online-rrif-lif\/#primaryimage"},"thumbnailUrl":"https:\/\/www.rbcwealthmanagement.com\/fr-ca\/wp-content\/uploads\/sites\/6\/2023\/11\/wealth-management-online-rrif.jpg","datePublished":"2022-04-07T12:03:11+00:00","dateModified":"2023-11-03T14:24:33+00:00","description":"Vous pourrez bient\u00f4t consulter les renseignements cl\u00e9s de votre FERR ou FRV RBC Dominion valeurs mobili\u00e8res \u00e0 partir de votre ordinateur, de votre tablette ou de votre appareil mobile.","breadcrumb":{"@id":"https:\/\/www.rbcwealthmanagement.com\/fr-ca\/newsletters\/online-rrif-lif\/#breadcrumb"},"inLanguage":"fr-CA","potentialAction":[{"@type":"ReadAction","target":["https:\/\/www.rbcwealthmanagement.com\/fr-ca\/newsletters\/online-rrif-lif\/"]}]},{"@type":"ImageObject","inLanguage":"fr-CA","@id":"https:\/\/www.rbcwealthmanagement.com\/fr-ca\/newsletters\/online-rrif-lif\/#primaryimage","url":"https:\/\/www.rbcwealthmanagement.com\/fr-ca\/wp-content\/uploads\/sites\/6\/2023\/11\/wealth-management-online-rrif.jpg","contentUrl":"https:\/\/www.rbcwealthmanagement.com\/fr-ca\/wp-content\/uploads\/sites\/6\/2023\/11\/wealth-management-online-rrif.jpg","width":2250,"height":1500,"caption":"Senior couple using digital tablet and cell phone at home"},{"@type":"BreadcrumbList","@id":"https:\/\/www.rbcwealthmanagement.com\/fr-ca\/newsletters\/online-rrif-lif\/#breadcrumb","itemListElement":[{"@type":"ListItem","position":1,"name":"Home","item":"https:\/\/www.rbcwealthmanagement.com\/fr-ca\/"},{"@type":"ListItem","position":2,"name":"Consultez vos renseignements FERR ou FRV en ligne, partout et en tout temps."}]},{"@type":"WebSite","@id":"https:\/\/www.rbcwealthmanagement.com\/fr-ca\/#website","url":"https:\/\/www.rbcwealthmanagement.com\/fr-ca\/","name":"RBC Gestion de patrimoine","description":"","publisher":{"@id":"https:\/\/www.rbcwealthmanagement.com\/fr-ca\/#organization"},"potentialAction":[{"@type":"SearchAction","target":{"@type":"EntryPoint","urlTemplate":"https:\/\/www.rbcwealthmanagement.com\/fr-ca\/?s={search_term_string}"},"query-input":{"@type":"PropertyValueSpecification","valueRequired":true,"valueName":"search_term_string"}}],"inLanguage":"fr-CA"},{"@type":"Organization","@id":"https:\/\/www.rbcwealthmanagement.com\/fr-ca\/#organization","name":"RBC Gestion de Patrimoine","alternateName":"RBC Gestion de Patrimoine","url":"https:\/\/www.rbcwealthmanagement.com\/fr-ca\/","logo":{"@type":"ImageObject","inLanguage":"fr-CA","@id":"https:\/\/www.rbcwealthmanagement.com\/fr-ca\/#\/schema\/logo\/image\/","url":"https:\/\/www.rbcwealthmanagement.com\/fr-ca\/wp-content\/uploads\/sites\/6\/2023\/02\/rbc.png","contentUrl":"https:\/\/www.rbcwealthmanagement.com\/fr-ca\/wp-content\/uploads\/sites\/6\/2023\/02\/rbc.png","width":3000,"height":2000,"caption":"RBC Gestion de Patrimoine"},"image":{"@id":"https:\/\/www.rbcwealthmanagement.com\/fr-ca\/#\/schema\/logo\/image\/"}}]}},"jetpack_sharing_enabled":true,"publishpress_future_action":{"enabled":false,"date":"2026-05-01 06:07:21","action":"change-status","newStatus":"draft","terms":[],"taxonomy":"rbcwm_content_owner","extraData":[]},"publishpress_future_workflow_manual_trigger":{"enabledWorkflows":[]},"distributor_meta":false,"distributor_terms":false,"distributor_media":false,"distributor_original_site_name":"RBC Gestion de patrimoine","distributor_original_site_url":"https:\/\/www.rbcwealthmanagement.com\/fr-ca","push-errors":false,"last_revision_date":"2023-11-03 10:07:17","_links":{"self":[{"href":"https:\/\/www.rbcwealthmanagement.com\/fr-ca\/wp-json\/wp\/v2\/pages\/3251","targetHints":{"allow":["GET"]}}],"collection":[{"href":"https:\/\/www.rbcwealthmanagement.com\/fr-ca\/wp-json\/wp\/v2\/pages"}],"about":[{"href":"https:\/\/www.rbcwealthmanagement.com\/fr-ca\/wp-json\/wp\/v2\/types\/page"}],"author":[{"embeddable":true,"href":"https:\/\/www.rbcwealthmanagement.com\/fr-ca\/wp-json\/wp\/v2\/users\/21"}],"replies":[{"embeddable":true,"href":"https:\/\/www.rbcwealthmanagement.com\/fr-ca\/wp-json\/wp\/v2\/comments?post=3251"}],"version-history":[{"count":3,"href":"https:\/\/www.rbcwealthmanagement.com\/fr-ca\/wp-json\/wp\/v2\/pages\/3251\/revisions"}],"predecessor-version":[{"id":19037,"href":"https:\/\/www.rbcwealthmanagement.com\/fr-ca\/wp-json\/wp\/v2\/pages\/3251\/revisions\/19037"}],"wp:featuredmedia":[{"embeddable":true,"href":"https:\/\/www.rbcwealthmanagement.com\/fr-ca\/wp-json\/wp\/v2\/media\/19029"}],"wp:attachment":[{"href":"https:\/\/www.rbcwealthmanagement.com\/fr-ca\/wp-json\/wp\/v2\/media?parent=3251"}],"wp:term":[{"taxonomy":"rbcwm_content_owner","embeddable":true,"href":"https:\/\/www.rbcwealthmanagement.com\/fr-ca\/wp-json\/wp\/v2\/rbcwm_content_owner?post=3251"}],"curies":[{"name":"wp","href":"https:\/\/api.w.org\/{rel}","templated":true}]}}