{"id":3272,"date":"2022-02-16T12:57:48","date_gmt":"2022-02-16T12:57:49","guid":{"rendered":"https:\/\/www.rbcwealthmanagement.com\/fr-ca\/commodityfinancial-futures\/"},"modified":"2023-11-01T10:46:39","modified_gmt":"2023-11-01T14:46:39","slug":"commodityfinancial-futures","status":"publish","type":"page","link":"https:\/\/www.rbcwealthmanagement.com\/fr-ca\/dominion-securities\/commodityfinancial-futures","title":{"rendered":"Contrats \u00e0 terme sur marchandises et sur instruments financiers"},"content":{"rendered":"\n<div class=\"wp-block-rbcwm-hero-block rbc-hero-wm  rbc-hero-overlap rbc-hero-overlap-mobile rbc-hero-ztrwy742h hide-mobile-energy-lines\"><style>\n\t\t.rbc-hero-ztrwy742h.is-style-rbc-hero-gradient::before {\n\t\t\tbackground: linear-gradient(90deg, #023169 20%, rgba(94, 120, 131, 0) 60%);\n\t\t}\n\n\t\t.rbc-hero-ztrwy742h.is-style-rbc-hero-gradient.rbc-hero-has-image-bleed::before {\n\t\t\tbackground: linear-gradient(90deg, #023169 20%, rgba(94, 120, 131, 0) 60%);\n\t\t}\n\n\t\t.rbc-hero-ztrwy742h.is-style-rbc-hero-gradient.rbc-hero-has-image-bottom::before {\n\t\t\tbackground: linear-gradient(180deg, #023169 20%, rgba(94, 120, 131, 0) 60%);\n\t\t}\n\n\t\t.rbc-hero-ztrwy742h .rbc-hero-energy-lines.rbc-hero-energy-lines-left {\n\t\t\ttransform: scaleX(-1);\n\t\t}\n\n\t\t@media (max-width: 991px) {\n\t\t\t.rbc-hero-ztrwy742h.is-style-rbc-hero-gradient::before,\n\t\t\t.rbc-hero-ztrwy742h.is-style-rbc-hero-gradient.rbc-hero-has-image-bottom::before,\n\t\t\t.rbc-hero-ztrwy742h.is-style-rbc-hero-gradient.rbc-hero-has-image-bleed::before {\n\t\t\t\tbackground: none;\n\t\t\t}\n\n\t\t\t.rbc-hero-ztrwy742h.rbc-hero-has-image-full.hide-mobile-energy-lines .rbc-hero-energy-lines {\n\t\t\t\tdisplay: none;\n\t\t\t}\n\n\t\t\t.wp-block-rbcwm-hero-block.rbc-hero-ztrwy742h.is-style-rbc-hero-gradient .rbc-hero-img-wrap::after {\n\t\t\t\tbackground: linear-gradient( 0deg, #023169 0%, rgba(94, 120, 131, 0) 25% );\n\t\t\t}\n\t\t\t\n\t\t\t.wp-block-rbcwm-hero-block.rbc-hero-ztrwy742h.is-style-rbc-hero-gradient.rbc-hero-has-image-bottom .rbc-hero-img-wrap::before,\n            .wp-block-rbcwm-hero-block.rbc-hero-ztrwy742h.is-style-rbc-hero-gradient.rbc-hero-has-image-bottom .container .rbc-hero-img-wrap::before {\n\t\t\t\tbackground: linear-gradient( 180deg, #023169 0%, rgba( 94, 120, 131, 0 ) 25% );\n\t\t\t}\n\t\t\t\n\t\t\t.wp-block-rbcwm-hero-block.rbc-hero-ztrwy742h.is-style-rbc-hero-gradient .rbc-hero-card {\n\t\t\t\tbackground: #023169;\n\t\t\t}\n\t\t}\n\t<\/style><div class=\"container\"><div class=\"row no-gutters\"><div class=\"col-lg-12 rbc-hero-card-content\"><div class=\"rbc-card rbc-hero-card rbc-hero has-content\"><div class=\"rbc-card-wrap\"><div class=\"rbc-card-body\"><div class=\"rbc-hero-body-content\"><h1 class=\"rbc-hero-title\"><span>Contrats \u00e0 terme sur marchandises et sur instruments financiers<\/span><\/h1><\/div><\/div><\/div><\/div><\/div><div class=\"rbc-hero-img-wrap col-lg-5 order-2 order-lg-1\"><\/div><\/div><\/div><\/div>\n\n\n\n<section class=\"wp-block-rbcwm-rbc-block rbc-block rbc-block-grey has-block-grey-background-color has-background\"><div class=\"container\"><div class=\"row \"><div class=\"col-lg-8\"><div class=\"wrap\">\n<p>Parmi les soci\u00e9t\u00e9s de placement au Canada, RBC Dominion valeurs mobili\u00e8res est celle qui offre la gamme la plus compl\u00e8te de services li\u00e9s aux contrats \u00e0 terme sur marchandises et sur instruments financiers, y compris des conseils d&rsquo;experts et l&rsquo;ex\u00e9cution d&rsquo;op\u00e9rations. Pour plus d&rsquo;information sur les contrats \u00e0 terme sur marchandises et sur les instruments financiers \u00e0 RBC Dominion valeurs mobili\u00e8res, veuillez communiquer directement avec notre responsable des contrats \u00e0 terme sur marchandises : Tony Tryhuk, Directeur de la n\u00e9gociation de contrats \u00e0 terme, au (204) 982-4085 ou par courriel \u00e0\u00a0<a href=\"mailto:tony.tryhuk@rbc.com\">tony.tryhuk@rbc.com<\/a>.<\/p>\n\n\n\n<h2 class=\"wp-block-heading\" id=\"h-principaux-avantages\">Principaux avantages<\/h2>\n\n\n\n<p>D\u00e9couvrez les avantages de choisir RBC Dominion valeurs mobili\u00e8res pour r\u00e9pondre \u00e0 vos besoins en mati\u00e8re de contrats \u00e0 terme sur marchandises et sur instruments financiers :<\/p>\n\n\n\n<ul class=\"wp-block-list\">\n<li><a href=\"#1\" data-type=\"internal\" data-id=\"#1\">Nous pouvons r\u00e9pondre \u00e0 un grand \u00e9ventail des besoins de nos clients<\/a><\/li>\n\n\n\n<li><a href=\"#2\" data-type=\"internal\" data-id=\"#2\">Acc\u00e8s aux march\u00e9s mondiaux des contrats \u00e0 terme<\/a><\/li>\n\n\n\n<li><a href=\"#3\" data-type=\"internal\" data-id=\"#3\">Assistance, recherche et analyse professionnelles<\/a><\/li>\n\n\n\n<li><a href=\"#4\" data-type=\"internal\" data-id=\"#4\">Solutions adapt\u00e9es<\/a><\/li>\n<\/ul>\n\n\n\n<div id=\"1\" class=\"anchor\" tabindex=\"-1\"><\/div>\n\n\n\n<h3 class=\"wp-block-heading\"><a name=\"1\" id=\"1\" class=\"anchor\"><\/a>Nous pouvons r\u00e9pondre \u00e0 un grand \u00e9ventail des besoins de nos clients<\/h3>\n\n\n\n<p>Nos services peuvent venir en aide autant aux entreprises qui produisent ou utilisent des marchandises (comme des produits agricoles, des m\u00e9taux et du p\u00e9trole) qu&rsquo;aux investisseurs qui veulent g\u00e9rer un certain risque.<\/p>\n\n\n\n<ul class=\"wp-block-list\">\n<li><strong>Si vous \u00eates le producteur d&rsquo;une marchandise,<\/strong>&nbsp;nous pouvons vous aider \u00e0 r\u00e9duire le risque li\u00e9 aux fluctuations de prix en employant des contrats \u00e0 terme sur marchandises et des options.<\/li>\n\n\n\n<li><strong>Si votre entreprise utilise une marchandise pour produire des biens,<\/strong>&nbsp;nous pouvons vous aider \u00e0 r\u00e9duire l&rsquo;incertitude quant au co\u00fbt de cette marchandise gr\u00e2ce au march\u00e9 des contrats \u00e0 terme.<\/li>\n\n\n\n<li><strong>Si vous \u00eates un investisseur averti,<\/strong>&nbsp;nous pouvons vous aider \u00e0 g\u00e9rer le risque au moyen d&rsquo;une diversification qui va au-del\u00e0 des cat\u00e9gories de titres conventionnelles.<\/li>\n\n\n\n<li><strong>Si vous \u00eates Canadien et que vous d\u00e9tenez un important portefeuille d&rsquo;actions am\u00e9ricaines,<\/strong>&nbsp;nous pouvons vous aider \u00e0 r\u00e9duire ou \u00e9liminer le risque de taux de change en utilisant des contrats \u00e0 terme sur devises.<\/li>\n<\/ul>\n\n\n\n<div id=\"2\" class=\"anchor\" tabindex=\"-1\"><\/div>\n\n\n\n<h3 class=\"wp-block-heading\"><a name=\"2\" id=\"2\" class=\"anchor\"><\/a>Acc\u00e8s aux march\u00e9s mondiaux des contrats \u00e0 terme<\/h3>\n\n\n\n<p>RBC Dominion valeurs mobili\u00e8res donne acc\u00e8s \u00e0 toutes les bourses de contrats \u00e0 terme sur marchandises \u00e0 l&rsquo;\u00e9chelle mondiale. Nous offrons des services rapides et efficaces d\u2019ex\u00e9cution d\u2019op\u00e9rations qui vous permettent d\u2019obtenir les meilleurs prix sur tout l\u2019\u00e9ventail des contrats \u00e0 terme et d&rsquo;options, y compris dans les secteurs suivants :<\/p>\n\n\n\n<ul class=\"wp-block-list\">\n<li>\u00c9nergie (p\u00e9trole brut, gaz naturel, mazout et essence)<\/li>\n\n\n\n<li>M\u00e9taux pr\u00e9cieux (or, argent, platine et palladium)<\/li>\n\n\n\n<li>M\u00e9taux de base (cuivre et aluminium)<\/li>\n\n\n\n<li>Devises<\/li>\n\n\n\n<li>Produits financiers (obligations et eurodollars)<\/li>\n\n\n\n<li>Indices boursiers et contrats \u00e0 terme sur actions<\/li>\n\n\n\n<li>Produits agricoles (bovins, porcins, soya, ma\u00efs, bl\u00e9, avoine, colza, bl\u00e9 fourrager et orge fourrag\u00e8re)<\/li>\n\n\n\n<li>Marchandises consommables (caf\u00e9, cacao et jus d\u2019orange)<\/li>\n\n\n\n<li>Fibres (coton, p\u00e2te et bois d&rsquo;\u0153uvre)<\/li>\n<\/ul>\n\n\n\n<div class=\"anchor\" tabindex=\"-1\"><\/div>\n\n\n\n<div id=\"3\" class=\"anchor\" tabindex=\"-1\"><\/div>\n\n\n\n<h3 class=\"wp-block-heading\"><a name=\"3\" id=\"3\" class=\"anchor\"><\/a>Assistance, recherche et analyse professionnelles<\/h3>\n\n\n\n<p>Comme la n\u00e9gociation de contrats \u00e0 terme exige des connaissances hautement sp\u00e9cialis\u00e9es, nous offrons ces services exclusivement par l\u2019entremise de conseillers en placement qui ont \u00e9t\u00e9 sp\u00e9cifiquement form\u00e9s dans ce domaine. Pour fournir des conseils sur les contrats \u00e0 terme, nos conseillers en placement doivent suivre un programme de cours avanc\u00e9s de l\u2019Institut canadien des valeurs mobili\u00e8res.<\/p>\n\n\n\n<p>Votre conseiller en placement a aussi acc\u00e8s \u00e0 des conseillers en recherche de premier plan dans le domaine des marchandises, qui peuvent vous informer sur divers secteurs de marchandises et vous recommander des strat\u00e9gies de couverture.<\/p>\n\n\n\n<div id=\"4\" class=\"anchor\" tabindex=\"-1\"><\/div>\n\n\n\n<h3 class=\"wp-block-heading\"><a name=\"4\" id=\"4\" class=\"anchor\"><\/a>Solutions adapt\u00e9es<\/h3>\n\n\n\n<p>Que vous soyez un entrepreneur agricole cherchant \u00e0 assurer la s\u00e9curit\u00e9 de sa tr\u00e9sorerie ou un propri\u00e9taire de petite entreprise cherchant \u00e0 ma\u00eetriser ses co\u00fbts, votre conseiller en placement peut cr\u00e9er une strat\u00e9gie adapt\u00e9e pour r\u00e9pondre \u00e0 vos besoins.<\/p>\n\n\n\n<p>Les strat\u00e9gies de contrats \u00e0 terme et d\u2019options peuvent aller des plus simples aux plus \u00e9labor\u00e9es. Nous offrons \u00e9galement des produits de gestion de risque de change et de risque sur marchandises.<\/p>\n\n\n\n<h3 class=\"wp-block-heading\" id=\"h-nos-contrats-a-terme-sur-marchandises-et-sur-instruments-financiers-constituent-la-solution-ideale-si\">Nos contrats \u00e0 terme sur marchandises et sur instruments financiers constituent la solution id\u00e9ale si :<\/h3>\n\n\n\n<ul class=\"wp-block-list\">\n<li>vous \u00eates un investisseur averti et recherchez une plus grande diversification.<\/li>\n\n\n\n<li>vous \u00eates un utilisateur ou un producteur de marchandises et voulez utiliser des strat\u00e9gies de couverture pour r\u00e9duire le risque de fluctuations de prix d\u00e9favorables de certaines marchandises.<\/li>\n\n\n\n<li>vous voulez r\u00e9duire l&rsquo;impact des variations de taux de change sur votre portefeuille.<\/li>\n<\/ul>\n<\/div><\/div><\/div><\/div><\/section>\n\n\n\n<section class=\"wp-block-rbcwm-rbc-block rbc-block rbc-footer-footnotes rbc-block-small  rbc-block-grey\"><div class=\"container\"><div class=\"row \"><div class=\"col-lg-12\">\n<div class=\"row blockId-16d228ce-c1dc-4ef8-94fd-43e27f1f6f48\">\n<div class=\"wp-block-rbcwm-column col-lg-12\">\n<ul class=\"list-inline wp-block-list\">\n<li>R\u00e9glement\u00e9e par\u00a0: <\/li>\n\n\n\n<li><a href=\"https:\/\/www.fcpi.ca\/accueil\" target=\"_blank\" rel=\"noreferrer noopener\"><img decoding=\"async\" class=\"wp-image-1013\" style=\"width: 80%\" src=\"https:\/\/www.rbcwealthmanagement.com\/fr-ca\/wp-content\/uploads\/sites\/6\/2023\/02\/Cipf-logo-fr.png\" alt=\"\"><\/a><\/li>\n\n\n\n<li><a href=\"https:\/\/www.ocri.ca\/\" target=\"_blank\" rel=\"noreferrer noopener\"><img decoding=\"async\" class=\"wp-image-1015\" style=\"width: 450px\" src=\"https:\/\/www.rbcwealthmanagement.com\/fr-ca\/wp-content\/uploads\/sites\/6\/2023\/02\/ocri-logo-fr.png\" alt=\"\"><\/a><\/li>\n<\/ul>\n<\/div>\n<\/div>\n<\/div><\/div><\/div><\/section>\n","protected":false},"excerpt":{"rendered":"<p>Parmi les soci\u00e9t\u00e9s de placement au Canada, RBC Dominion valeurs mobili\u00e8res est celle qui offre la gamme la plus compl\u00e8te de services li\u00e9s aux contrats \u00e0 terme sur marchandises et sur instruments financiers, y compris des conseils d&rsquo;experts et l&rsquo;ex\u00e9cution d&rsquo;op\u00e9rations.<\/p>\n","protected":false},"author":50,"featured_media":0,"parent":0,"menu_order":0,"comment_status":"closed","ping_status":"closed","template":"","meta":{"_acf_changed":false,"editor_notices":[],"rbc_url_alias":"dominion-securities\/commodityfinancial-futures","footnotes":""},"rbcwm_content_owner":[],"class_list":["post-3272","page","type-page","status-publish","hentry"],"acf":[],"yoast_head":"<!-- This site is optimized with the Yoast SEO Premium plugin v24.8 (Yoast SEO v26.8) - https:\/\/yoast.com\/product\/yoast-seo-premium-wordpress\/ -->\n<title>Contrats \u00e0 terme sur marchandises et sur instruments financiers<\/title>\n<meta name=\"description\" content=\"Parmi les soci\u00e9t\u00e9s de placement au Canada, RBC Dominion valeurs mobili\u00e8res est celle qui offre la gamme la plus compl\u00e8te de services li\u00e9s aux contrats \u00e0 terme sur marchandises et sur instruments financiers, y compris des conseils d&#039;experts et l&#039;ex\u00e9cution d&#039;op\u00e9rations.\" \/>\n<meta name=\"robots\" content=\"index, follow, max-snippet:-1, max-image-preview:large, max-video-preview:-1\" \/>\n<link rel=\"canonical\" href=\"https:\/\/www.rbcwealthmanagement.com\/fr-ca\/dominion-securities\/commodityfinancial-futures\" \/>\n<meta property=\"og:locale\" content=\"fr_CA\" \/>\n<meta property=\"og:type\" content=\"article\" \/>\n<meta property=\"og:title\" content=\"Contrats \u00e0 terme sur marchandises et sur instruments financiers\" \/>\n<meta property=\"og:description\" content=\"Parmi les soci\u00e9t\u00e9s de placement au Canada, RBC Dominion valeurs mobili\u00e8res est celle qui offre la gamme la plus compl\u00e8te de services li\u00e9s aux contrats \u00e0 terme sur marchandises et sur instruments financiers, y compris des conseils d&#039;experts et l&#039;ex\u00e9cution d&#039;op\u00e9rations.\" \/>\n<meta property=\"og:url\" content=\"https:\/\/www.rbcwealthmanagement.com\/fr-ca\/dominion-securities\/commodityfinancial-futures\" \/>\n<meta property=\"og:site_name\" content=\"RBC Gestion de patrimoine\" \/>\n<meta property=\"article:modified_time\" content=\"2023-11-01T14:46:39+00:00\" \/>\n<meta property=\"og:image\" content=\"https:\/\/www.rbcwealthmanagement.com\/fr-ca\/wp-content\/uploads\/sites\/6\/2023\/02\/share-logo-1200x630-1.png\" \/>\n\t<meta property=\"og:image:width\" content=\"1200\" \/>\n\t<meta property=\"og:image:height\" content=\"630\" \/>\n\t<meta property=\"og:image:type\" content=\"image\/png\" \/>\n<meta name=\"twitter:card\" content=\"summary_large_image\" \/>\n<meta name=\"twitter:title\" content=\"Contrats \u00e0 terme sur marchandises et sur instruments financiers\" \/>\n<meta name=\"twitter:description\" content=\"Parmi les soci\u00e9t\u00e9s de placement au Canada, RBC Dominion valeurs mobili\u00e8res est celle qui offre la gamme la plus compl\u00e8te de services li\u00e9s aux contrats \u00e0 terme sur marchandises et sur instruments financiers, y compris des conseils d&#039;experts et l&#039;ex\u00e9cution d&#039;op\u00e9rations.\" \/>\n<meta name=\"twitter:label1\" content=\"Est. reading time\" \/>\n\t<meta name=\"twitter:data1\" content=\"4 minutes\" \/>\n<script type=\"application\/ld+json\" class=\"yoast-schema-graph\">{\"@context\":\"https:\/\/schema.org\",\"@graph\":[{\"@type\":\"WebPage\",\"@id\":\"https:\/\/www.rbcwealthmanagement.com\/fr-ca\/dominion-securities\/commodityfinancial-futures\",\"url\":\"https:\/\/www.rbcwealthmanagement.com\/fr-ca\/dominion-securities\/commodityfinancial-futures\",\"name\":\"Contrats \u00e0 terme sur marchandises et sur instruments financiers\",\"isPartOf\":{\"@id\":\"https:\/\/www.rbcwealthmanagement.com\/fr-ca\/#website\"},\"datePublished\":\"2022-02-16T12:57:49+00:00\",\"dateModified\":\"2023-11-01T14:46:39+00:00\",\"description\":\"Parmi les soci\u00e9t\u00e9s de placement au Canada, RBC Dominion valeurs mobili\u00e8res est celle qui offre la gamme la plus compl\u00e8te de services li\u00e9s aux contrats \u00e0 terme sur marchandises et sur instruments financiers, y compris des conseils d'experts et l'ex\u00e9cution d'op\u00e9rations.\",\"breadcrumb\":{\"@id\":\"https:\/\/www.rbcwealthmanagement.com\/fr-ca\/dominion-securities\/commodityfinancial-futures#breadcrumb\"},\"inLanguage\":\"fr-CA\",\"potentialAction\":[{\"@type\":\"ReadAction\",\"target\":[\"https:\/\/www.rbcwealthmanagement.com\/fr-ca\/dominion-securities\/commodityfinancial-futures\"]}]},{\"@type\":\"BreadcrumbList\",\"@id\":\"https:\/\/www.rbcwealthmanagement.com\/fr-ca\/dominion-securities\/commodityfinancial-futures#breadcrumb\",\"itemListElement\":[{\"@type\":\"ListItem\",\"position\":1,\"name\":\"Home\",\"item\":\"https:\/\/www.rbcwealthmanagement.com\/fr-ca\/\"},{\"@type\":\"ListItem\",\"position\":2,\"name\":\"Contrats \u00e0 terme sur marchandises et sur instruments financiers\"}]},{\"@type\":\"WebSite\",\"@id\":\"https:\/\/www.rbcwealthmanagement.com\/fr-ca\/#website\",\"url\":\"https:\/\/www.rbcwealthmanagement.com\/fr-ca\/\",\"name\":\"RBC Gestion de patrimoine\",\"description\":\"\",\"publisher\":{\"@id\":\"https:\/\/www.rbcwealthmanagement.com\/fr-ca\/#organization\"},\"potentialAction\":[{\"@type\":\"SearchAction\",\"target\":{\"@type\":\"EntryPoint\",\"urlTemplate\":\"https:\/\/www.rbcwealthmanagement.com\/fr-ca\/?s={search_term_string}\"},\"query-input\":{\"@type\":\"PropertyValueSpecification\",\"valueRequired\":true,\"valueName\":\"search_term_string\"}}],\"inLanguage\":\"fr-CA\"},{\"@type\":\"Organization\",\"@id\":\"https:\/\/www.rbcwealthmanagement.com\/fr-ca\/#organization\",\"name\":\"RBC Gestion de Patrimoine\",\"alternateName\":\"RBC Gestion de Patrimoine\",\"url\":\"https:\/\/www.rbcwealthmanagement.com\/fr-ca\/\",\"logo\":{\"@type\":\"ImageObject\",\"inLanguage\":\"fr-CA\",\"@id\":\"https:\/\/www.rbcwealthmanagement.com\/fr-ca\/#\/schema\/logo\/image\/\",\"url\":\"https:\/\/www.rbcwealthmanagement.com\/fr-ca\/wp-content\/uploads\/sites\/6\/2023\/02\/rbc.png\",\"contentUrl\":\"https:\/\/www.rbcwealthmanagement.com\/fr-ca\/wp-content\/uploads\/sites\/6\/2023\/02\/rbc.png\",\"width\":3000,\"height\":2000,\"caption\":\"RBC Gestion de Patrimoine\"},\"image\":{\"@id\":\"https:\/\/www.rbcwealthmanagement.com\/fr-ca\/#\/schema\/logo\/image\/\"}}]}<\/script>\n<!-- \/ Yoast SEO Premium plugin. -->","yoast_head_json":{"title":"Contrats \u00e0 terme sur marchandises et sur instruments financiers","description":"Parmi les soci\u00e9t\u00e9s de placement au Canada, RBC Dominion valeurs mobili\u00e8res est celle qui offre la gamme la plus compl\u00e8te de services li\u00e9s aux contrats \u00e0 terme sur marchandises et sur instruments financiers, y compris des conseils d'experts et l'ex\u00e9cution d'op\u00e9rations.","robots":{"index":"index","follow":"follow","max-snippet":"max-snippet:-1","max-image-preview":"max-image-preview:large","max-video-preview":"max-video-preview:-1"},"canonical":"https:\/\/www.rbcwealthmanagement.com\/fr-ca\/dominion-securities\/commodityfinancial-futures","og_locale":"fr_CA","og_type":"article","og_title":"Contrats \u00e0 terme sur marchandises et sur instruments financiers","og_description":"Parmi les soci\u00e9t\u00e9s de placement au Canada, RBC Dominion valeurs mobili\u00e8res est celle qui offre la gamme la plus compl\u00e8te de services li\u00e9s aux contrats \u00e0 terme sur marchandises et sur instruments financiers, y compris des conseils d'experts et l'ex\u00e9cution d'op\u00e9rations.","og_url":"https:\/\/www.rbcwealthmanagement.com\/fr-ca\/dominion-securities\/commodityfinancial-futures","og_site_name":"RBC Gestion de patrimoine","article_modified_time":"2023-11-01T14:46:39+00:00","og_image":[{"width":1200,"height":630,"url":"https:\/\/www.rbcwealthmanagement.com\/fr-ca\/wp-content\/uploads\/sites\/6\/2023\/02\/share-logo-1200x630-1.png","type":"image\/png"}],"twitter_card":"summary_large_image","twitter_title":"Contrats \u00e0 terme sur marchandises et sur instruments financiers","twitter_description":"Parmi les soci\u00e9t\u00e9s de placement au Canada, RBC Dominion valeurs mobili\u00e8res est celle qui offre la gamme la plus compl\u00e8te de services li\u00e9s aux contrats \u00e0 terme sur marchandises et sur instruments financiers, y compris des conseils d'experts et l'ex\u00e9cution d'op\u00e9rations.","twitter_misc":{"Est. reading time":"4 minutes"},"schema":{"@context":"https:\/\/schema.org","@graph":[{"@type":"WebPage","@id":"https:\/\/www.rbcwealthmanagement.com\/fr-ca\/dominion-securities\/commodityfinancial-futures","url":"https:\/\/www.rbcwealthmanagement.com\/fr-ca\/dominion-securities\/commodityfinancial-futures","name":"Contrats \u00e0 terme sur marchandises et sur instruments financiers","isPartOf":{"@id":"https:\/\/www.rbcwealthmanagement.com\/fr-ca\/#website"},"datePublished":"2022-02-16T12:57:49+00:00","dateModified":"2023-11-01T14:46:39+00:00","description":"Parmi les soci\u00e9t\u00e9s de placement au Canada, RBC Dominion valeurs mobili\u00e8res est celle qui offre la gamme la plus compl\u00e8te de services li\u00e9s aux contrats \u00e0 terme sur marchandises et sur instruments financiers, y compris des conseils d'experts et l'ex\u00e9cution d'op\u00e9rations.","breadcrumb":{"@id":"https:\/\/www.rbcwealthmanagement.com\/fr-ca\/dominion-securities\/commodityfinancial-futures#breadcrumb"},"inLanguage":"fr-CA","potentialAction":[{"@type":"ReadAction","target":["https:\/\/www.rbcwealthmanagement.com\/fr-ca\/dominion-securities\/commodityfinancial-futures"]}]},{"@type":"BreadcrumbList","@id":"https:\/\/www.rbcwealthmanagement.com\/fr-ca\/dominion-securities\/commodityfinancial-futures#breadcrumb","itemListElement":[{"@type":"ListItem","position":1,"name":"Home","item":"https:\/\/www.rbcwealthmanagement.com\/fr-ca\/"},{"@type":"ListItem","position":2,"name":"Contrats \u00e0 terme sur marchandises et sur instruments financiers"}]},{"@type":"WebSite","@id":"https:\/\/www.rbcwealthmanagement.com\/fr-ca\/#website","url":"https:\/\/www.rbcwealthmanagement.com\/fr-ca\/","name":"RBC Gestion de patrimoine","description":"","publisher":{"@id":"https:\/\/www.rbcwealthmanagement.com\/fr-ca\/#organization"},"potentialAction":[{"@type":"SearchAction","target":{"@type":"EntryPoint","urlTemplate":"https:\/\/www.rbcwealthmanagement.com\/fr-ca\/?s={search_term_string}"},"query-input":{"@type":"PropertyValueSpecification","valueRequired":true,"valueName":"search_term_string"}}],"inLanguage":"fr-CA"},{"@type":"Organization","@id":"https:\/\/www.rbcwealthmanagement.com\/fr-ca\/#organization","name":"RBC Gestion de Patrimoine","alternateName":"RBC Gestion de Patrimoine","url":"https:\/\/www.rbcwealthmanagement.com\/fr-ca\/","logo":{"@type":"ImageObject","inLanguage":"fr-CA","@id":"https:\/\/www.rbcwealthmanagement.com\/fr-ca\/#\/schema\/logo\/image\/","url":"https:\/\/www.rbcwealthmanagement.com\/fr-ca\/wp-content\/uploads\/sites\/6\/2023\/02\/rbc.png","contentUrl":"https:\/\/www.rbcwealthmanagement.com\/fr-ca\/wp-content\/uploads\/sites\/6\/2023\/02\/rbc.png","width":3000,"height":2000,"caption":"RBC Gestion de Patrimoine"},"image":{"@id":"https:\/\/www.rbcwealthmanagement.com\/fr-ca\/#\/schema\/logo\/image\/"}}]}},"jetpack_sharing_enabled":true,"publishpress_future_action":{"enabled":false,"date":"2026-04-25 08:55:24","action":"change-status","newStatus":"draft","terms":[],"taxonomy":"rbcwm_content_owner","extraData":[]},"publishpress_future_workflow_manual_trigger":{"enabledWorkflows":[]},"distributor_meta":false,"distributor_terms":false,"distributor_media":false,"distributor_original_site_name":"RBC Gestion de patrimoine","distributor_original_site_url":"https:\/\/www.rbcwealthmanagement.com\/fr-ca","push-errors":false,"last_revision_date":"2025-05-22 16:37:45","_links":{"self":[{"href":"https:\/\/www.rbcwealthmanagement.com\/fr-ca\/wp-json\/wp\/v2\/pages\/3272","targetHints":{"allow":["GET"]}}],"collection":[{"href":"https:\/\/www.rbcwealthmanagement.com\/fr-ca\/wp-json\/wp\/v2\/pages"}],"about":[{"href":"https:\/\/www.rbcwealthmanagement.com\/fr-ca\/wp-json\/wp\/v2\/types\/page"}],"author":[{"embeddable":true,"href":"https:\/\/www.rbcwealthmanagement.com\/fr-ca\/wp-json\/wp\/v2\/users\/50"}],"replies":[{"embeddable":true,"href":"https:\/\/www.rbcwealthmanagement.com\/fr-ca\/wp-json\/wp\/v2\/comments?post=3272"}],"version-history":[{"count":12,"href":"https:\/\/www.rbcwealthmanagement.com\/fr-ca\/wp-json\/wp\/v2\/pages\/3272\/revisions"}],"predecessor-version":[{"id":25812,"href":"https:\/\/www.rbcwealthmanagement.com\/fr-ca\/wp-json\/wp\/v2\/pages\/3272\/revisions\/25812"}],"wp:attachment":[{"href":"https:\/\/www.rbcwealthmanagement.com\/fr-ca\/wp-json\/wp\/v2\/media?parent=3272"}],"wp:term":[{"taxonomy":"rbcwm_content_owner","embeddable":true,"href":"https:\/\/www.rbcwealthmanagement.com\/fr-ca\/wp-json\/wp\/v2\/rbcwm_content_owner?post=3272"}],"curies":[{"name":"wp","href":"https:\/\/api.w.org\/{rel}","templated":true}]}}