{"id":3315,"date":"2021-11-26T12:41:32","date_gmt":"2021-11-26T12:41:32","guid":{"rendered":"https:\/\/www.rbcwealthmanagement.com\/fr-ca\/rbc-wealth-management-online\/"},"modified":"2023-11-01T10:46:41","modified_gmt":"2023-11-01T14:46:41","slug":"rbc-wealth-management-online","status":"publish","type":"page","link":"https:\/\/www.rbcwealthmanagement.com\/fr-ca\/rbc-wealth-management-online","title":{"rendered":"RBC Wealth Management Online \u2013 Keeping you informed &#8211; fr real"},"content":{"rendered":"\n<div class=\"wp-block-rbcwm-hero-block rbc-hero-wm  rbc-hero-overlap rbc-hero-overlap-mobile\"><div class=\"container\"><div class=\"row no-gutters\"><div class=\"col-lg-12\"><div class=\"rbc-card rbc-hero-card rbc-hero\"><div class=\"rbc-card-wrap\"><div class=\"rbc-card-body\"><div class=\"rbc-hero-body-content\"><h1 class=\"rbc-hero-title\"><span>Vous tenir inform\u00e9<\/span><\/h1><span class=\"rbc-hero-category\"><span>RBC Gestion de patrimoine en ligne<\/span><\/span><hr class=\"rbc-hero-hr hr-mini bdr-accent\" \/>\n<p class=\"is-style-hero-subtitle\">Nous nous engageons \u00e0 vous tenir bien inform\u00e9 des progr\u00e8s accomplis dans l\u2019atteinte de vos objectifs financiers.<\/p>\n<\/div><\/div><\/div><\/div><\/div><\/div><\/div><\/div>\n\n\n\n<div class=\"wp-block-tk-tabs rbc-tab-expandable rbc-tab-medium rbc-tab-nav-between overlap-top overlap-bottom rbc-block-grey rbc-tab-flush\"><nav class=\"rbc-tab-nav\"><div class=\"rbc-tab-scroll-wrap\"><ul role=\"tablist\" class=\"rbc-tab-items\"><li role=\"none\" class=\"rbc-tab-item\"><button aria-controls=\"ouvrirunesession\" aria-selected=\"false\" role=\"tab\" class=\"single-item rbc-tab-link\"><span class=\"rbc-tab-link-text\"><span data-id=\"0\">Ouvrir une session<\/span><\/span><\/button><\/li><li role=\"none\" class=\"rbc-tab-item\"><button aria-controls=\"avantages\" aria-selected=\"false\" role=\"tab\" class=\"single-item rbc-tab-link\"><span class=\"rbc-tab-link-text\"><span data-id=\"1\">Avantages<\/span><\/span><\/button><\/li><li role=\"none\" class=\"rbc-tab-item\"><button aria-controls=\"\u00c9lectroniquerimeavec\u00e9cologique\" aria-selected=\"false\" role=\"tab\" class=\"single-item rbc-tab-link\"><span class=\"rbc-tab-link-text\"><span data-id=\"2\">\u00c9lectronique rime avec \u00e9cologique<\/span><\/span><\/button><\/li><li role=\"none\" class=\"rbc-tab-item\"><button aria-controls=\"cequevouspouvezfaire\" aria-selected=\"false\" role=\"tab\" class=\"single-item rbc-tab-link\"><span class=\"rbc-tab-link-text\"><span data-id=\"3\">Ce que vous pouvez faire<\/span><\/span><\/button><\/li><\/ul><\/div><\/nav><section class=\"wp-block-tk-blocks-tabs\">\n<div data-tab-id=\"0\" class=\"wp-block-tk-tab-content active\"><section class=\"rbc-tab-content-wrap\"><div id=\"ouvrirunesession\" role=\"tabpanel\" class=\"rbc-tab-expandable-content rbc-tab-content\"><div class=\"rbc-tab-content-body\">\n<section class=\"wp-block-rbcwm-rbc-block rbc-block rbc-block-grey has-theme-color has-block-grey-background-color has-text-color has-background\"><div class=\"container\"><div class=\"row \"><div class=\"col-lg-12\">\n<div class=\"row wrap blockId-4d3ef3ce-5824-4960-9bce-d04dac7ad039\">\n<div class=\"wp-block-rbcwm-column col-lg-8\">\n<h2 class=\"wp-block-heading\" id=\"h-accedez-a-vos-comptes-facilement-et-en-toute-securite\">Acc\u00e9dez \u00e0 vos comptes facilement et en toute s\u00e9curit\u00e9<\/h2>\n\n\n\n<p>Gr\u00e2ce \u00e0 RBC Gestion de patrimoine en ligne, vous pouvez consulter vos comptes de chez vous, en toute s\u00e9curit\u00e9 et au moment qui vous convient, \u00e0 partir de votre ordinateur, tablette ou appareil mobile.<\/p>\n\n\n\n<p><a href=\"https:\/\/www1.royalbank.com\/cgi-bin\/rbaccess\/rbunxcgi?F6=1&amp;F7=IB&amp;F21=IB&amp;F22=IB&amp;REQUEST=ClientSignin&amp;IDP=IVC&amp;LANGUAGE=ENGLISH&amp;SYSTEM=DSIC\" target=\"_blank\" rel=\"noreferrer noopener\">Ouvrez une session dans RBC Dominion valeurs mobili\u00e8res en ligne<\/a>\u00a0&gt;<\/p>\n\n\n\n<p><a href=\"https:\/\/www1.royalbank.com\/cgi-bin\/rbaccess\/rbunxcgi?F6=1&amp;F7=IB&amp;F21=IB&amp;F22=IB&amp;REQUEST=ClientSignin&amp;IDP=IVC&amp;LANGUAGE=ENGLISH&amp;SYSTEM=PHN\">Ouvrez une session dans RBC PH&amp;N Services-conseils en placements<\/a><a href=\"https:\/\/www1.royalbank.com\/cgi-bin\/rbaccess\/rbunxcgi?F6=1&amp;F7=IB&amp;F21=IB&amp;F22=IB&amp;REQUEST=ClientSignin&amp;IDP=IVC&amp;LANGUAGE=ENGLISH&amp;SYSTEM=PHN\" target=\"_blank\" rel=\"noreferrer noopener\"> <\/a><a href=\"https:\/\/www1.royalbank.com\/cgi-bin\/rbaccess\/rbunxcgi?F6=1&amp;F7=IB&amp;F21=IB&amp;F22=IB&amp;REQUEST=ClientSignin&amp;IDP=IVC&amp;LANGUAGE=ENGLISH&amp;SYSTEM=PHN\">en ligne <\/a>\u00a0&gt;<\/p>\n\n\n\n<p><a href=\"https:\/\/www1.royalbank.com\/cgi-bin\/rbaccess\/rbunxcgi?F6=1&amp;F7=IB&amp;F21=IB&amp;F22=IB&amp;REQUEST=ClientSignin&amp;IDP=IVC&amp;LANGUAGE=ENGLISH&amp;SYSTEM=ETS\" target=\"_blank\" rel=\"noreferrer noopener\">Ouvrez une session dans RBC Trust Royal en ligne<\/a>\u00a0&gt;<\/p>\n\n\n\n<p><em><em>Vous n\u2019\u00eates pas encore inscrit ? Communiquez avec votre conseiller ou votre repr\u00e9sentant de RBC Gestion de patrimoine.<\/em><\/em><\/p>\n<\/div>\n<\/div>\n<\/div><\/div><\/div><\/section>\n<\/div><\/div><\/section><\/div>\n\n\n\n<div data-tab-id=\"1\" class=\"wp-block-tk-tab-content\"><section class=\"rbc-tab-content-wrap\"><div id=\"avantages\" role=\"tabpanel\" class=\"rbc-tab-expandable-content rbc-tab-content\"><div class=\"rbc-tab-content-body\">\n<section class=\"wp-block-rbcwm-rbc-block rbc-block rbc-block-grey has-theme-color has-block-grey-background-color has-text-color has-background\"><div class=\"container\"><div class=\"row \"><div class=\"col-lg-12\">\n<div class=\"row wrap blockId-4d3ef3ce-5824-4960-9bce-d04dac7ad039\">\n<div class=\"wp-block-rbcwm-column col-lg-8 mb-3 mb-lg-0\">\n<h2 class=\"wp-block-heading\" id=\"h-avantages-de-rbc-gestion-de-patrimoine-en-ligne\">Avantages de RBC Gestion de patrimoine en ligne<\/h2>\n\n\n\n<h3 class=\"wp-block-heading\" id=\"h-commodite\">Commodit\u00e9<\/h3>\n\n\n\n<p>Acc\u00e9dez aux renseignements les plus r\u00e9cents sur vos comptes, \u00e0 des documents importants et aux revues des march\u00e9s o\u00f9 et quand vous le voulez.<\/p>\n\n\n\n<h3 class=\"wp-block-heading\" id=\"h-securite\">S\u00e9curit\u00e9<\/h3>\n\n\n\n<p>Acc\u00e9dez \u00e0 vos comptes en toute s\u00e9curit\u00e9 \u2013 ils sont prot\u00e9g\u00e9s par un mot de passe confidentiel et une technologie de chiffrement \u00e0 la fine pointe.<\/p>\n\n\n\n<h3 class=\"wp-block-heading\" id=\"h-sans-papier\">Sans papier<\/h3>\n\n\n\n<p>Recevez vos principaux documents par voie \u00e9lectronique, comme vos relev\u00e9s de compte, vos feuillets d\u2019imp\u00f4t et vos avis d\u2019ex\u00e9cution, afin de r\u00e9duire la paperasse tout en contribuant \u00e0 la protection de l\u2019environnement.<\/p>\n\n\n\n<h3 class=\"wp-block-heading\" id=\"h-appli-mobile\">Appli Mobile<\/h3>\n\n\n\n<p>G\u00e9rez votre patrimoine, o\u00f9 que vous soyez, gr\u00e2ce \u00e0 la nouvelle exp\u00e9rience RBC Gestion de patrimoine qui sera bient\u00f4t offerte dans l\u2019appli Mobile RBC.<\/p>\n<\/div>\n<\/div>\n<\/div><\/div><\/div><\/section>\n<\/div><\/div><\/section><\/div>\n\n\n\n<div data-tab-id=\"2\" class=\"wp-block-tk-tab-content\"><section class=\"rbc-tab-content-wrap\"><div id=\"\u00c9lectroniquerimeavec\u00e9cologique\" role=\"tabpanel\" class=\"rbc-tab-expandable-content rbc-tab-content\"><div class=\"rbc-tab-content-body\">\n<section class=\"wp-block-rbcwm-rbc-block rbc-block rbc-block-flush rbc-block-small rbc-block-image-bleed rbc-block-has-overlap overlap-top has-theme-color has-text-color\"><div class=\"\"><div class=\"row \"><div class=\"col-lg-12\">\n<section class=\"wp-block-rbcwm-image-block rbc-block rbc-block-image rbc-block-flush rbc-block-image-bleed has-parallax rbc-block-image-mobile-top has-theme-color has-text-color\"><div class=\"container rbc-block-image-container\"><div class=\"row justify-content-between h-100 no-gutters\">\n<div class=\"wp-block-rbcwm-block-image-content rbc-block-image-content rbc-block-image-content-center col-lg-6 order-2 order-lg-1\"><div class=\"rbc-block-image-bleed-body wrap\">\n<h2 class=\"wp-block-heading\" id=\"h-electronique-rime-avec-ecologique\">\u00c9lectronique rime avec \u00e9cologique<\/h2>\n\n\n\n<p>Optez pour des documents \u00e9lectroniques, afin de d\u00e9sencombrer votre bureau et de contribuer \u00e0 la protection de l\u2019environnement. Vous recevrez vos relev\u00e9s de compte, vos feuillets d\u2019imp\u00f4t et d\u2019autres documents par voie \u00e9lectronique au moyen de RBC Gestion de patrimoine en ligne. Et en ce moment, si vous optez pour les documents \u00e9lectroniques, un arbre sera plant\u00e9 en votre honneur gr\u00e2ce \u00e0 notre partenariat avec Arbres Canada.<sup>1<\/sup><\/p>\n\n\n\n<p><\/p>\n<\/div><\/div>\n\n\n\n<div class=\"wp-block-rbcwm-blockimage-image col-lg-5 order-0 rbc-block-image-bleed-col order-lg-2\"><div class=\"rbc-block-image-bleed-img-wrap \"><div class=\"rbc-block-image-img rbc-block-image-bleed-img bleed-img-right\" style=\"background-image:url(https:\/\/www.rbcwealthmanagement.com\/en-ca\/wp-content\/uploads\/sites\/5\/2023\/07\/tc-logo.png)\"><div class=\"rbc-block-image-parallax\" style=\"background-image:url(https:\/\/www.rbcwealthmanagement.com\/en-ca\/wp-content\/uploads\/sites\/5\/2023\/07\/tc-logo.png)\"><\/div><\/div><\/div><\/div>\n<\/div><\/div><\/section>\n<\/div><\/div><\/div><\/section>\n<\/div><\/div><\/section><\/div>\n\n\n\n<div data-tab-id=\"3\" class=\"wp-block-tk-tab-content\"><section class=\"rbc-tab-content-wrap\"><div id=\"cequevouspouvezfaire\" role=\"tabpanel\" class=\"rbc-tab-expandable-content rbc-tab-content\"><div class=\"rbc-tab-content-body\">\n<section class=\"wp-block-rbcwm-rbc-block rbc-block rbc-block-grey has-theme-color has-block-grey-background-color has-text-color has-background\"><div class=\"container\"><div class=\"row \"><div class=\"col-lg-12\">\n<div class=\"row wrap blockId-4d3ef3ce-5824-4960-9bce-d04dac7ad039\">\n<div class=\"wp-block-rbcwm-column col-lg-8\">\n<h2 class=\"wp-block-heading\" id=\"h-que-pouvez-vous-faire-avec-rbc-gestion-de-patrimoine-en-ligne\">Que pouvez-vous faire avec RBC Gestion de patrimoine en ligne ?<\/h2>\n\n\n\n<h3 class=\"wp-block-heading\" id=\"h-accedez-a-vos-comptes-en-toute-securite\">Acc\u00e9dez \u00e0 vos comptes en toute s\u00e9curit\u00e9<\/h3>\n\n\n\n<p>Consultez les renseignements sur vos comptes en tout temps et sur n\u2019importe quel ordinateur personnel ou appareil dot\u00e9 d\u2019un acc\u00e8s Internet s\u00e9curis\u00e9. Vos renseignements personnels sont prot\u00e9g\u00e9s par un mot de passe confidentiel, des questions d\u2019identification personnelles et une technologie de chiffrement \u00e0 la fine pointe.<\/p>\n\n\n\n<h3 class=\"wp-block-heading\" id=\"h-obtenez-des-renseignements-a-jour-sur-vos-comptes\">Obtenez des renseignements \u00e0 jour sur vos comptes<\/h3>\n\n\n\n<p>V\u00e9rifiez la valeur de vos actions, de vos options et de vos fonds communs, selon leur tendance actuelle sur le march\u00e9. Vous pouvez \u00e9galement prendre connaissance de vos op\u00e9rations et vous informer de l\u2019\u00e9tat de vos ordres.<\/p>\n\n\n\n<h3 class=\"wp-block-heading\" id=\"h-accedez-a-des-renseignements-opportuns-sur-les-marches\">Acc\u00e9dez \u00e0 des renseignements opportuns sur les march\u00e9s<\/h3>\n\n\n\n<p>Obtenez les cotes d\u00e9taill\u00e9es en temps r\u00e9el d\u2019actions et d\u2019options inscrites aux bourses canadiennes et am\u00e9ricaines, ainsi que les tendances de cl\u00f4ture quotidiennes des fonds communs de placement. Vous pouvez \u00e9galement cr\u00e9er jusqu\u2019\u00e0 50 listes de cotes personnalis\u00e9es, chacune pouvant contenir 100 titres que vous souhaitez suivre. De plus, vous recevrez des commentaires exclusifs sur les march\u00e9s et les toutes derni\u00e8res nouvelles du monde des affaires.<\/p>\n\n\n\n<h3 class=\"wp-block-heading\" id=\"h-reduisez-la-paperasse-grace-aux-documents-electroniques\">R\u00e9duisez la paperasse gr\u00e2ce aux documents \u00e9lectroniques<\/h3>\n\n\n\n<p>Acc\u00e9dez en tout temps \u00e0 des documents essentiels, comme des relev\u00e9s, des feuillets d\u2019imp\u00f4t, des rapports annuels, des avis d\u2019ex\u00e9cution et des prospectus. Vous aurez \u00e0 port\u00e9e de main des documents \u00e0 jour et qui seront archiv\u00e9s pendant sept ans. En optant pour des documents \u00e9lectroniques, vous r\u00e9duisez la paperasse tout en aidant \u00e0 la protection de l\u2019environnement.<sup>1<\/sup><\/p>\n\n\n\n<h3 class=\"wp-block-heading\" id=\"h-connectez-vous-avec-rbc-banque-en-direct\">Connectez-vous avec RBC Banque en direct<\/h3>\n\n\n\n<p>Acc\u00e9dez \u00e0 RBC Gestion de patrimoine en ligne par RBC Banque en direct et acc\u00e9dez \u00e0 tous vos comptes RBC. Vous pouvez aussi effectuer des virements de fonds en temps r\u00e9el entre vos comptes RBC Banque Royale et RBC Gestion de patrimoine pendant les heures normales d\u2019ouverture.<\/p>\n\n\n\n<h3 class=\"wp-block-heading\" id=\"h-passez-a-l-ere-mobile\">Passez \u00e0 l\u2019\u00e8re mobile<\/h3>\n\n\n\n<p>T\u00e9l\u00e9chargez l\u2019application Mobile RBC gratuite, qui constitue un autre moyen facile d\u2019acc\u00e9der \u00e0 RBC Gestion de patrimoine en ligne \u00e0 partir de n\u2019importe quel appareil, comme un t\u00e9l\u00e9phone intelligent, une tablette ou un ordinateur de bureau<sup>1<\/sup>.<\/p>\n<\/div>\n<\/div>\n<\/div><\/div><\/div><\/section>\n<\/div><\/div><\/section><\/div>\n<\/section><\/div>\n\n\n\n<section class=\"wp-block-rbcwm-rbc-block rbc-block rbc-block-small\"><div class=\"\"><div class=\"row \"><div class=\"col-lg-12\">\n<div class=\"wp-block-rbcwm-columns container\"><div class=\"row blockId-29c56bcc-5809-4536-8e12-cb31c51e9a3e\">\n<div class=\"wp-block-rbcwm-column col-lg-12\"><div class=\"wrap\">\n<p><sup>1<\/sup>&nbsp;Pour le moment, les documents \u00e9lectroniques sont accessibles aux clients de RBC Dominion valeurs mobili\u00e8res et de RBC PH&amp;N Services-conseils en placements.<\/p>\n\n\n\n<p><sup>2<\/sup>&nbsp;<a href=\"\/fr-ca\/terms-and-conditions\">Conditions<\/a><\/p>\n<\/div><\/div>\n<\/div><\/div>\n<\/div><\/div><\/div><\/section>\n","protected":false},"excerpt":{"rendered":"<p>Acc\u00e9dez \u00e0 vos comptes en toute s\u00e9curit\u00e9 avec votre t\u00e9l\u00e9phone, ordinateur ou appareil mobile. D\u00e9couvrez des donn\u00e9es de compte, des documents importants et des commentaires sur le march\u00e9.<\/p>\n","protected":false},"author":68,"featured_media":0,"parent":0,"menu_order":0,"comment_status":"closed","ping_status":"closed","template":"","meta":{"_acf_changed":false,"editor_notices":[],"rbc_url_alias":"rbc-wealth-management-online","footnotes":""},"rbcwm_content_owner":[],"class_list":["post-3315","page","type-page","status-publish","hentry"],"acf":[],"yoast_head":"<!-- This site is optimized with the Yoast SEO Premium plugin v24.8 (Yoast SEO v26.8) - https:\/\/yoast.com\/product\/yoast-seo-premium-wordpress\/ -->\n<title>RBC Gestion de patrimoine en ligne \u2013 Nous vous informons<\/title>\n<meta name=\"description\" content=\"Acc\u00e9dez \u00e0 vos comptes en toute s\u00e9curit\u00e9 avec votre t\u00e9l\u00e9phone, ordinateur ou appareil mobile. D\u00e9couvrez des donn\u00e9es de compte, des documents importants et des commentaires sur le march\u00e9.\" \/>\n<meta name=\"robots\" content=\"index, follow, max-snippet:-1, max-image-preview:large, max-video-preview:-1\" \/>\n<link rel=\"canonical\" href=\"https:\/\/www.rbcwealthmanagement.com\/fr-ca\/rbc-wealth-management-online\" \/>\n<meta property=\"og:locale\" content=\"fr_CA\" \/>\n<meta property=\"og:type\" content=\"article\" \/>\n<meta property=\"og:title\" content=\"RBC Wealth Management Online \u2013 Keeping you informed - fr real\" \/>\n<meta property=\"og:description\" content=\"Acc\u00e9dez \u00e0 vos comptes en toute s\u00e9curit\u00e9 avec votre t\u00e9l\u00e9phone, ordinateur ou appareil mobile. D\u00e9couvrez des donn\u00e9es de compte, des documents importants et des commentaires sur le march\u00e9.\" \/>\n<meta property=\"og:url\" content=\"https:\/\/www.rbcwealthmanagement.com\/fr-ca\/rbc-wealth-management-online\" \/>\n<meta property=\"og:site_name\" content=\"RBC Gestion de patrimoine\" \/>\n<meta property=\"article:modified_time\" content=\"2023-11-01T14:46:41+00:00\" \/>\n<meta property=\"og:image\" content=\"https:\/\/www.rbcwealthmanagement.com\/fr-ca\/wp-content\/uploads\/sites\/6\/2023\/02\/share-logo-1200x630-1.png\" \/>\n\t<meta property=\"og:image:width\" content=\"1200\" \/>\n\t<meta property=\"og:image:height\" content=\"630\" \/>\n\t<meta property=\"og:image:type\" content=\"image\/png\" \/>\n<meta name=\"twitter:card\" content=\"summary_large_image\" \/>\n<meta name=\"twitter:title\" content=\"RBC Wealth Management Online \u2013 Keeping you informed - fr real\" \/>\n<meta name=\"twitter:description\" content=\"Acc\u00e9dez \u00e0 vos comptes en toute s\u00e9curit\u00e9 avec votre t\u00e9l\u00e9phone, ordinateur ou appareil mobile. D\u00e9couvrez des donn\u00e9es de compte, des documents importants et des commentaires sur le march\u00e9.\" \/>\n<meta name=\"twitter:label1\" content=\"Est. reading time\" \/>\n\t<meta name=\"twitter:data1\" content=\"4 minutes\" \/>\n<script type=\"application\/ld+json\" class=\"yoast-schema-graph\">{\"@context\":\"https:\/\/schema.org\",\"@graph\":[{\"@type\":\"WebPage\",\"@id\":\"https:\/\/www.rbcwealthmanagement.com\/fr-ca\/rbc-wealth-management-online\/\",\"url\":\"https:\/\/www.rbcwealthmanagement.com\/fr-ca\/rbc-wealth-management-online\/\",\"name\":\"RBC Gestion de patrimoine en ligne \u2013 Nous vous informons\",\"isPartOf\":{\"@id\":\"https:\/\/www.rbcwealthmanagement.com\/fr-ca\/#website\"},\"datePublished\":\"2021-11-26T12:41:32+00:00\",\"dateModified\":\"2023-11-01T14:46:41+00:00\",\"description\":\"Acc\u00e9dez \u00e0 vos comptes en toute s\u00e9curit\u00e9 avec votre t\u00e9l\u00e9phone, ordinateur ou appareil mobile. D\u00e9couvrez des donn\u00e9es de compte, des documents importants et des commentaires sur le march\u00e9.\",\"breadcrumb\":{\"@id\":\"https:\/\/www.rbcwealthmanagement.com\/fr-ca\/rbc-wealth-management-online\/#breadcrumb\"},\"inLanguage\":\"fr-CA\",\"potentialAction\":[{\"@type\":\"ReadAction\",\"target\":[\"https:\/\/www.rbcwealthmanagement.com\/fr-ca\/rbc-wealth-management-online\/\"]}]},{\"@type\":\"BreadcrumbList\",\"@id\":\"https:\/\/www.rbcwealthmanagement.com\/fr-ca\/rbc-wealth-management-online\/#breadcrumb\",\"itemListElement\":[{\"@type\":\"ListItem\",\"position\":1,\"name\":\"Home\",\"item\":\"https:\/\/www.rbcwealthmanagement.com\/fr-ca\/\"},{\"@type\":\"ListItem\",\"position\":2,\"name\":\"RBC Wealth Management Online \u2013 Keeping you informed &#8211; fr real\"}]},{\"@type\":\"WebSite\",\"@id\":\"https:\/\/www.rbcwealthmanagement.com\/fr-ca\/#website\",\"url\":\"https:\/\/www.rbcwealthmanagement.com\/fr-ca\/\",\"name\":\"RBC Gestion de patrimoine\",\"description\":\"\",\"publisher\":{\"@id\":\"https:\/\/www.rbcwealthmanagement.com\/fr-ca\/#organization\"},\"potentialAction\":[{\"@type\":\"SearchAction\",\"target\":{\"@type\":\"EntryPoint\",\"urlTemplate\":\"https:\/\/www.rbcwealthmanagement.com\/fr-ca\/?s={search_term_string}\"},\"query-input\":{\"@type\":\"PropertyValueSpecification\",\"valueRequired\":true,\"valueName\":\"search_term_string\"}}],\"inLanguage\":\"fr-CA\"},{\"@type\":\"Organization\",\"@id\":\"https:\/\/www.rbcwealthmanagement.com\/fr-ca\/#organization\",\"name\":\"RBC Gestion de Patrimoine\",\"alternateName\":\"RBC Gestion de Patrimoine\",\"url\":\"https:\/\/www.rbcwealthmanagement.com\/fr-ca\/\",\"logo\":{\"@type\":\"ImageObject\",\"inLanguage\":\"fr-CA\",\"@id\":\"https:\/\/www.rbcwealthmanagement.com\/fr-ca\/#\/schema\/logo\/image\/\",\"url\":\"https:\/\/www.rbcwealthmanagement.com\/fr-ca\/wp-content\/uploads\/sites\/6\/2023\/02\/rbc.png\",\"contentUrl\":\"https:\/\/www.rbcwealthmanagement.com\/fr-ca\/wp-content\/uploads\/sites\/6\/2023\/02\/rbc.png\",\"width\":3000,\"height\":2000,\"caption\":\"RBC Gestion de Patrimoine\"},\"image\":{\"@id\":\"https:\/\/www.rbcwealthmanagement.com\/fr-ca\/#\/schema\/logo\/image\/\"}}]}<\/script>\n<!-- \/ Yoast SEO Premium plugin. -->","yoast_head_json":{"title":"RBC Gestion de patrimoine en ligne \u2013 Nous vous informons","description":"Acc\u00e9dez \u00e0 vos comptes en toute s\u00e9curit\u00e9 avec votre t\u00e9l\u00e9phone, ordinateur ou appareil mobile. D\u00e9couvrez des donn\u00e9es de compte, des documents importants et des commentaires sur le march\u00e9.","robots":{"index":"index","follow":"follow","max-snippet":"max-snippet:-1","max-image-preview":"max-image-preview:large","max-video-preview":"max-video-preview:-1"},"canonical":"https:\/\/www.rbcwealthmanagement.com\/fr-ca\/rbc-wealth-management-online","og_locale":"fr_CA","og_type":"article","og_title":"RBC Wealth Management Online \u2013 Keeping you informed - fr real","og_description":"Acc\u00e9dez \u00e0 vos comptes en toute s\u00e9curit\u00e9 avec votre t\u00e9l\u00e9phone, ordinateur ou appareil mobile. D\u00e9couvrez des donn\u00e9es de compte, des documents importants et des commentaires sur le march\u00e9.","og_url":"https:\/\/www.rbcwealthmanagement.com\/fr-ca\/rbc-wealth-management-online","og_site_name":"RBC Gestion de patrimoine","article_modified_time":"2023-11-01T14:46:41+00:00","og_image":[{"width":1200,"height":630,"url":"https:\/\/www.rbcwealthmanagement.com\/fr-ca\/wp-content\/uploads\/sites\/6\/2023\/02\/share-logo-1200x630-1.png","type":"image\/png"}],"twitter_card":"summary_large_image","twitter_title":"RBC Wealth Management Online \u2013 Keeping you informed - fr real","twitter_description":"Acc\u00e9dez \u00e0 vos comptes en toute s\u00e9curit\u00e9 avec votre t\u00e9l\u00e9phone, ordinateur ou appareil mobile. D\u00e9couvrez des donn\u00e9es de compte, des documents importants et des commentaires sur le march\u00e9.","twitter_misc":{"Est. reading time":"4 minutes"},"schema":{"@context":"https:\/\/schema.org","@graph":[{"@type":"WebPage","@id":"https:\/\/www.rbcwealthmanagement.com\/fr-ca\/rbc-wealth-management-online\/","url":"https:\/\/www.rbcwealthmanagement.com\/fr-ca\/rbc-wealth-management-online\/","name":"RBC Gestion de patrimoine en ligne \u2013 Nous vous informons","isPartOf":{"@id":"https:\/\/www.rbcwealthmanagement.com\/fr-ca\/#website"},"datePublished":"2021-11-26T12:41:32+00:00","dateModified":"2023-11-01T14:46:41+00:00","description":"Acc\u00e9dez \u00e0 vos comptes en toute s\u00e9curit\u00e9 avec votre t\u00e9l\u00e9phone, ordinateur ou appareil mobile. D\u00e9couvrez des donn\u00e9es de compte, des documents importants et des commentaires sur le march\u00e9.","breadcrumb":{"@id":"https:\/\/www.rbcwealthmanagement.com\/fr-ca\/rbc-wealth-management-online\/#breadcrumb"},"inLanguage":"fr-CA","potentialAction":[{"@type":"ReadAction","target":["https:\/\/www.rbcwealthmanagement.com\/fr-ca\/rbc-wealth-management-online\/"]}]},{"@type":"BreadcrumbList","@id":"https:\/\/www.rbcwealthmanagement.com\/fr-ca\/rbc-wealth-management-online\/#breadcrumb","itemListElement":[{"@type":"ListItem","position":1,"name":"Home","item":"https:\/\/www.rbcwealthmanagement.com\/fr-ca\/"},{"@type":"ListItem","position":2,"name":"RBC Wealth Management Online \u2013 Keeping you informed &#8211; fr real"}]},{"@type":"WebSite","@id":"https:\/\/www.rbcwealthmanagement.com\/fr-ca\/#website","url":"https:\/\/www.rbcwealthmanagement.com\/fr-ca\/","name":"RBC Gestion de patrimoine","description":"","publisher":{"@id":"https:\/\/www.rbcwealthmanagement.com\/fr-ca\/#organization"},"potentialAction":[{"@type":"SearchAction","target":{"@type":"EntryPoint","urlTemplate":"https:\/\/www.rbcwealthmanagement.com\/fr-ca\/?s={search_term_string}"},"query-input":{"@type":"PropertyValueSpecification","valueRequired":true,"valueName":"search_term_string"}}],"inLanguage":"fr-CA"},{"@type":"Organization","@id":"https:\/\/www.rbcwealthmanagement.com\/fr-ca\/#organization","name":"RBC Gestion de Patrimoine","alternateName":"RBC Gestion de Patrimoine","url":"https:\/\/www.rbcwealthmanagement.com\/fr-ca\/","logo":{"@type":"ImageObject","inLanguage":"fr-CA","@id":"https:\/\/www.rbcwealthmanagement.com\/fr-ca\/#\/schema\/logo\/image\/","url":"https:\/\/www.rbcwealthmanagement.com\/fr-ca\/wp-content\/uploads\/sites\/6\/2023\/02\/rbc.png","contentUrl":"https:\/\/www.rbcwealthmanagement.com\/fr-ca\/wp-content\/uploads\/sites\/6\/2023\/02\/rbc.png","width":3000,"height":2000,"caption":"RBC Gestion de Patrimoine"},"image":{"@id":"https:\/\/www.rbcwealthmanagement.com\/fr-ca\/#\/schema\/logo\/image\/"}}]}},"jetpack_sharing_enabled":true,"publishpress_future_action":{"enabled":false,"date":"2026-04-22 03:25:27","action":"change-status","newStatus":"draft","terms":[],"taxonomy":"rbcwm_content_owner","extraData":[]},"publishpress_future_workflow_manual_trigger":{"enabledWorkflows":[]},"distributor_meta":false,"distributor_terms":false,"distributor_media":false,"distributor_original_site_name":"RBC Gestion de patrimoine","distributor_original_site_url":"https:\/\/www.rbcwealthmanagement.com\/fr-ca","push-errors":false,"last_revision_date":"2023-10-03 15:02:04","_links":{"self":[{"href":"https:\/\/www.rbcwealthmanagement.com\/fr-ca\/wp-json\/wp\/v2\/pages\/3315","targetHints":{"allow":["GET"]}}],"collection":[{"href":"https:\/\/www.rbcwealthmanagement.com\/fr-ca\/wp-json\/wp\/v2\/pages"}],"about":[{"href":"https:\/\/www.rbcwealthmanagement.com\/fr-ca\/wp-json\/wp\/v2\/types\/page"}],"author":[{"embeddable":true,"href":"https:\/\/www.rbcwealthmanagement.com\/fr-ca\/wp-json\/wp\/v2\/users\/68"}],"replies":[{"embeddable":true,"href":"https:\/\/www.rbcwealthmanagement.com\/fr-ca\/wp-json\/wp\/v2\/comments?post=3315"}],"version-history":[{"count":13,"href":"https:\/\/www.rbcwealthmanagement.com\/fr-ca\/wp-json\/wp\/v2\/pages\/3315\/revisions"}],"predecessor-version":[{"id":18305,"href":"https:\/\/www.rbcwealthmanagement.com\/fr-ca\/wp-json\/wp\/v2\/pages\/3315\/revisions\/18305"}],"wp:attachment":[{"href":"https:\/\/www.rbcwealthmanagement.com\/fr-ca\/wp-json\/wp\/v2\/media?parent=3315"}],"wp:term":[{"taxonomy":"rbcwm_content_owner","embeddable":true,"href":"https:\/\/www.rbcwealthmanagement.com\/fr-ca\/wp-json\/wp\/v2\/rbcwm_content_owner?post=3315"}],"curies":[{"name":"wp","href":"https:\/\/api.w.org\/{rel}","templated":true}]}}