{"id":3317,"date":"2021-11-23T11:07:32","date_gmt":"2021-11-23T11:07:32","guid":{"rendered":"https:\/\/www.rbcwealthmanagement.com\/fr-ca\/common-law-will-kit\/"},"modified":"2025-04-02T10:10:26","modified_gmt":"2025-04-02T14:10:26","slug":"common-law-will-kit","status":"publish","type":"page","link":"https:\/\/www.rbcwealthmanagement.com\/fr-ca\/royal-trust\/common-law-will-kit","title":{"rendered":"Loi commune Trousse testamentaire"},"content":{"rendered":"\n<div class=\"wp-block-rbcwm-hero-block rbc-hero-wm  rbc-hero-overlap rbc-hero-overlap-mobile rbc-hero-u38aryquo hide-mobile-energy-lines\"><style>\n\t\t.rbc-hero-u38aryquo.is-style-rbc-hero-gradient::before {\n\t\t\tbackground: linear-gradient(90deg, #023169 20%, rgba(94, 120, 131, 0) 60%);\n\t\t}\n\n\t\t.rbc-hero-u38aryquo.is-style-rbc-hero-gradient.rbc-hero-has-image-bleed::before {\n\t\t\tbackground: linear-gradient(90deg, #023169 20%, rgba(94, 120, 131, 0) 60%);\n\t\t}\n\n\t\t.rbc-hero-u38aryquo.is-style-rbc-hero-gradient.rbc-hero-has-image-bottom::before {\n\t\t\tbackground: linear-gradient(180deg, #023169 20%, rgba(94, 120, 131, 0) 60%);\n\t\t}\n\n\t\t.rbc-hero-u38aryquo .rbc-hero-energy-lines.rbc-hero-energy-lines-left {\n\t\t\ttransform: scaleX(-1);\n\t\t}\n\n\t\t@media (max-width: 991px) {\n\t\t\t.rbc-hero-u38aryquo.is-style-rbc-hero-gradient::before,\n\t\t\t.rbc-hero-u38aryquo.is-style-rbc-hero-gradient.rbc-hero-has-image-bottom::before,\n\t\t\t.rbc-hero-u38aryquo.is-style-rbc-hero-gradient.rbc-hero-has-image-bleed::before {\n\t\t\t\tbackground: none;\n\t\t\t}\n\n\t\t\t.rbc-hero-u38aryquo.rbc-hero-has-image-full.hide-mobile-energy-lines .rbc-hero-energy-lines {\n\t\t\t\tdisplay: none;\n\t\t\t}\n\n\t\t\t.wp-block-rbcwm-hero-block.rbc-hero-u38aryquo.is-style-rbc-hero-gradient .rbc-hero-img-wrap::after {\n\t\t\t\tbackground: linear-gradient( 0deg, #023169 0%, rgba(94, 120, 131, 0) 25% );\n\t\t\t}\n\t\t\t\n\t\t\t.wp-block-rbcwm-hero-block.rbc-hero-u38aryquo.is-style-rbc-hero-gradient.rbc-hero-has-image-bottom .rbc-hero-img-wrap::before,\n            .wp-block-rbcwm-hero-block.rbc-hero-u38aryquo.is-style-rbc-hero-gradient.rbc-hero-has-image-bottom .container .rbc-hero-img-wrap::before {\n\t\t\t\tbackground: linear-gradient( 180deg, #023169 0%, rgba( 94, 120, 131, 0 ) 25% );\n\t\t\t}\n\t\t\t\n\t\t\t.wp-block-rbcwm-hero-block.rbc-hero-u38aryquo.is-style-rbc-hero-gradient .rbc-hero-card {\n\t\t\t\tbackground: #023169;\n\t\t\t}\n\t\t}\n\t<\/style><div class=\"container\"><div class=\"row no-gutters\"><div class=\"col-lg-12 rbc-hero-card-content\"><div class=\"rbc-card rbc-hero-card rbc-hero has-content\"><div class=\"rbc-card-wrap\"><div class=\"rbc-card-body\"><div class=\"rbc-hero-body-content\"><h1 class=\"rbc-hero-title\"><span>Loi commune Trousse testamentaire<\/span><\/h1><\/div><\/div><\/div><\/div><\/div><div class=\"rbc-hero-img-wrap col-lg-5 order-2 order-lg-1\"><\/div><\/div><\/div><\/div>\n\n\n\n<section class=\"wp-block-rbcwm-rbc-block rbc-block rbc-block-grey has-block-grey-background-color has-background\"><div class=\"container\"><div class=\"row \"><div class=\"col-lg-12\">\n<div class=\"row no-gutters wrap blockId-179635ae-918d-41a0-a3b0-4b1724ec7c1e\">\n<div class=\"wp-block-rbcwm-column col-lg-8\">\n<h4 class=\"wp-block-heading\" id=\"h-designer-rbc-trust-royal-comme-fonde-de-pouvoir-executeur-testamentaire-et-fiduciaire\">D\u00e9signer RBC Trust Royal comme fond\u00e9 de pouvoir, ex\u00e9cuteur testamentaire et fiduciaire<\/h4>\n\n\n\n<p>Le choix d\u2019un fond\u00e9 de pouvoir, d\u2019un ex\u00e9cuteur testamentaire<sup>1<\/sup>&nbsp;et d\u2019un fiduciaire est l\u2019une des d\u00e9cisions les plus importantes que vous aurez \u00e0 prendre lors de la r\u00e9daction d\u2019un testament et de la planification successorale. Depuis plus d\u2019un si\u00e8cle, RBC Trust Royal* offre des services professionnels et personnalis\u00e9s \u00e0 titre de fond\u00e9 de pouvoir, d\u2019ex\u00e9cuteur testamentaire et de fiduciaire. Nous sommes ravis de travailler en partenariat avec les conseillers juridiques et les autres conseillers professionnels de nos clients afin de faire de leur planification successorale une r\u00e9ussite.<\/p>\n\n\n\n<p>Cette &nbsp;trousse testamentaire vous fournit, en tant qu\u2019avocat du client, les clauses et la documentation que nous exigeons lorsque RBC Trust Royal est d\u00e9sign\u00e9 \u00e0 titre d\u2019ex\u00e9cuteur testamentaire et\/ou de fiduciaire. Pour les clients qui souhaitent nous d\u00e9signer \u00e0 titre de fond\u00e9 de pouvoir aux biens, des renseignements et de la documentation suppl\u00e9mentaire \u00e0 cet effet vous sont fournis.<\/p>\n\n\n\n<p class=\"is-style-disclaimer\"><sup>1&nbsp;<\/sup>En Ontario, \u00ab fiduciaire de la succession testamentaire \u00bb.<\/p>\n\n\n\n<div class=\"wp-block-buttons is-layout-flex wp-block-buttons-is-layout-flex\">\n<a class=\"wp-block-button  rbc-button rbc-button-primary\" href=\"https:\/\/www.rbcwealthmanagement.com\/assets\/wp-content\/uploads\/documents\/royaltrust\/lawyers-guide-to-corporate-appointments-common-law-fr.pdf\" target=\"_blank\" rel=\"noreferrer noopener\">T\u00e9l\u00e9charger la trousse testamentaire<\/a>\n<\/div>\n<\/div>\n<\/div>\n<\/div><\/div><\/div><\/section>\n\n\n\n<section class=\"wp-block-rbcwm-rbc-block rbc-block rbc-block-flush-bottom rbc-block-grey rbc-block-has-overlap rbc-block-small has-block-grey-background-color has-background\"><div class=\"container\"><div class=\"row \"><div class=\"col-lg-12\">\n<div class=\"wp-block-rbcwm-rbc-button alignfull rbc-button-block row no-gutters align-items-end b-white blockId-db0af77f-8119-4c15-809f-08fdc8017188 blockId-525a46cb-0d2c-4432-8663-71f28111da73 overlap-bottom font-size-2\"><div class=\"rbc-card\"><div class=\"rbc-card-wrap\"><div class=\"rbc-card-body\"><div class=\"row\"><div class=\"col-lg-8\"><h3 class=\"mb-0 rbc-button-block-title\"><span>Laissez-nous vous guider<\/span><\/h3><hr class=\"hr-mini my-1-half bdr-accent\"\/>\n<p class=\"paragraph-intro\">Communiquez avec l&rsquo;un des professionnels du RBC Trust Royal pour en savoir plus sur les services qui pourraient vous convenir.<\/p>\n<\/div><\/div><\/div><\/div><\/div><div class=\"col-lg-7\"><a href=\"https:\/\/www.rbcwealthmanagement.com\/fr-ca\/royal-trust\/contact\" class=\"rbc-button rbc-button-block-cta rbc-button-large rbc-button-secondary rbc-button-block\" rel=\"noopener\"><div class=\"rbc-icon rbc-button-icon-right\"><i aria-hidden=\"true\" role=\"img\" class=\"rbc-icon-img fal fa-fal fa-angle-right\"><\/i><\/div><span>Demander un appel<\/span><\/a><\/div><div class=\"rbc-button-block-text-col d-flex col-lg-5\"><div class=\"rbc-button-block-text flex-grow-1\"><div><span><a href=\"tel:18558336511\" class=\"link-underline\">1-855-833-6511<\/a><\/span><\/div><\/div><\/div><\/div>\n<\/div><\/div><\/div><\/section>\n","protected":false},"excerpt":{"rendered":"","protected":false},"author":68,"featured_media":0,"parent":0,"menu_order":0,"comment_status":"closed","ping_status":"closed","template":"","meta":{"_acf_changed":false,"editor_notices":[],"rbc_url_alias":"royal-trust\/common-law-will-kit","footnotes":""},"rbcwm_content_owner":[],"class_list":["post-3317","page","type-page","status-publish","hentry"],"acf":[],"yoast_head":"<!-- This site is optimized with the Yoast SEO Premium plugin v24.8 (Yoast SEO v26.8) - https:\/\/yoast.com\/product\/yoast-seo-premium-wordpress\/ -->\n<title>Loi commune Trousse testamentaire - RBC Gestion de patrimoine<\/title>\n<meta name=\"description\" content=\"Loi commune Trousse testamentaire D\u00e9signer RBC Trust Royal comme fond\u00e9 de pouvoir, ex\u00e9cuteur testamentaire et fiduciaire Le choix d\u2019un fond\u00e9 de pouvoir,\" \/>\n<meta name=\"robots\" content=\"index, follow, max-snippet:-1, max-image-preview:large, max-video-preview:-1\" \/>\n<link rel=\"canonical\" href=\"https:\/\/www.rbcwealthmanagement.com\/fr-ca\/royal-trust\/common-law-will-kit\" \/>\n<meta property=\"og:locale\" content=\"fr_CA\" \/>\n<meta property=\"og:type\" content=\"article\" \/>\n<meta property=\"og:title\" content=\"Loi commune Trousse testamentaire\" \/>\n<meta property=\"og:description\" content=\"Loi commune Trousse testamentaire D\u00e9signer RBC Trust Royal comme fond\u00e9 de pouvoir, ex\u00e9cuteur testamentaire et fiduciaire Le choix d\u2019un fond\u00e9 de pouvoir,\" \/>\n<meta property=\"og:url\" content=\"https:\/\/www.rbcwealthmanagement.com\/fr-ca\/royal-trust\/common-law-will-kit\" \/>\n<meta property=\"og:site_name\" content=\"RBC Gestion de patrimoine\" \/>\n<meta property=\"article:modified_time\" content=\"2025-04-02T14:10:26+00:00\" \/>\n<meta property=\"og:image\" content=\"https:\/\/www.rbcwealthmanagement.com\/fr-ca\/wp-content\/uploads\/sites\/6\/2023\/02\/share-logo-1200x630-1.png\" \/>\n\t<meta property=\"og:image:width\" content=\"1200\" \/>\n\t<meta property=\"og:image:height\" content=\"630\" \/>\n\t<meta property=\"og:image:type\" content=\"image\/png\" \/>\n<meta name=\"twitter:card\" content=\"summary_large_image\" \/>\n<meta name=\"twitter:title\" content=\"Loi commune Trousse testamentaire\" \/>\n<meta name=\"twitter:label1\" content=\"Est. reading time\" \/>\n\t<meta name=\"twitter:data1\" content=\"2 minutes\" \/>\n<script type=\"application\/ld+json\" class=\"yoast-schema-graph\">{\"@context\":\"https:\/\/schema.org\",\"@graph\":[{\"@type\":\"WebPage\",\"@id\":\"https:\/\/www.rbcwealthmanagement.com\/fr-ca\/royal-trust\/common-law-will-kit\",\"url\":\"https:\/\/www.rbcwealthmanagement.com\/fr-ca\/royal-trust\/common-law-will-kit\",\"name\":\"Loi commune Trousse testamentaire - RBC Gestion de patrimoine\",\"isPartOf\":{\"@id\":\"https:\/\/www.rbcwealthmanagement.com\/fr-ca\/#website\"},\"datePublished\":\"2021-11-23T11:07:32+00:00\",\"dateModified\":\"2025-04-02T14:10:26+00:00\",\"description\":\"Loi commune Trousse testamentaire D\u00e9signer RBC Trust Royal comme fond\u00e9 de pouvoir, ex\u00e9cuteur testamentaire et fiduciaire Le choix d\u2019un fond\u00e9 de pouvoir,\",\"breadcrumb\":{\"@id\":\"https:\/\/www.rbcwealthmanagement.com\/fr-ca\/royal-trust\/common-law-will-kit#breadcrumb\"},\"inLanguage\":\"fr-CA\",\"potentialAction\":[{\"@type\":\"ReadAction\",\"target\":[\"https:\/\/www.rbcwealthmanagement.com\/fr-ca\/royal-trust\/common-law-will-kit\"]}]},{\"@type\":\"BreadcrumbList\",\"@id\":\"https:\/\/www.rbcwealthmanagement.com\/fr-ca\/royal-trust\/common-law-will-kit#breadcrumb\",\"itemListElement\":[{\"@type\":\"ListItem\",\"position\":1,\"name\":\"Home\",\"item\":\"https:\/\/www.rbcwealthmanagement.com\/fr-ca\/\"},{\"@type\":\"ListItem\",\"position\":2,\"name\":\"Loi commune Trousse testamentaire\"}]},{\"@type\":\"WebSite\",\"@id\":\"https:\/\/www.rbcwealthmanagement.com\/fr-ca\/#website\",\"url\":\"https:\/\/www.rbcwealthmanagement.com\/fr-ca\/\",\"name\":\"RBC Gestion de patrimoine\",\"description\":\"\",\"publisher\":{\"@id\":\"https:\/\/www.rbcwealthmanagement.com\/fr-ca\/#organization\"},\"potentialAction\":[{\"@type\":\"SearchAction\",\"target\":{\"@type\":\"EntryPoint\",\"urlTemplate\":\"https:\/\/www.rbcwealthmanagement.com\/fr-ca\/?s={search_term_string}\"},\"query-input\":{\"@type\":\"PropertyValueSpecification\",\"valueRequired\":true,\"valueName\":\"search_term_string\"}}],\"inLanguage\":\"fr-CA\"},{\"@type\":\"Organization\",\"@id\":\"https:\/\/www.rbcwealthmanagement.com\/fr-ca\/#organization\",\"name\":\"RBC Gestion de Patrimoine\",\"alternateName\":\"RBC Gestion de Patrimoine\",\"url\":\"https:\/\/www.rbcwealthmanagement.com\/fr-ca\/\",\"logo\":{\"@type\":\"ImageObject\",\"inLanguage\":\"fr-CA\",\"@id\":\"https:\/\/www.rbcwealthmanagement.com\/fr-ca\/#\/schema\/logo\/image\/\",\"url\":\"https:\/\/www.rbcwealthmanagement.com\/fr-ca\/wp-content\/uploads\/sites\/6\/2023\/02\/rbc.png\",\"contentUrl\":\"https:\/\/www.rbcwealthmanagement.com\/fr-ca\/wp-content\/uploads\/sites\/6\/2023\/02\/rbc.png\",\"width\":3000,\"height\":2000,\"caption\":\"RBC Gestion de Patrimoine\"},\"image\":{\"@id\":\"https:\/\/www.rbcwealthmanagement.com\/fr-ca\/#\/schema\/logo\/image\/\"}}]}<\/script>\n<!-- \/ Yoast SEO Premium plugin. -->","yoast_head_json":{"title":"Loi commune Trousse testamentaire - RBC Gestion de patrimoine","description":"Loi commune Trousse testamentaire D\u00e9signer RBC Trust Royal comme fond\u00e9 de pouvoir, ex\u00e9cuteur testamentaire et fiduciaire Le choix d\u2019un fond\u00e9 de pouvoir,","robots":{"index":"index","follow":"follow","max-snippet":"max-snippet:-1","max-image-preview":"max-image-preview:large","max-video-preview":"max-video-preview:-1"},"canonical":"https:\/\/www.rbcwealthmanagement.com\/fr-ca\/royal-trust\/common-law-will-kit","og_locale":"fr_CA","og_type":"article","og_title":"Loi commune Trousse testamentaire","og_description":"Loi commune Trousse testamentaire D\u00e9signer RBC Trust Royal comme fond\u00e9 de pouvoir, ex\u00e9cuteur testamentaire et fiduciaire Le choix d\u2019un fond\u00e9 de pouvoir,","og_url":"https:\/\/www.rbcwealthmanagement.com\/fr-ca\/royal-trust\/common-law-will-kit","og_site_name":"RBC Gestion de patrimoine","article_modified_time":"2025-04-02T14:10:26+00:00","og_image":[{"width":1200,"height":630,"url":"https:\/\/www.rbcwealthmanagement.com\/fr-ca\/wp-content\/uploads\/sites\/6\/2023\/02\/share-logo-1200x630-1.png","type":"image\/png"}],"twitter_card":"summary_large_image","twitter_title":"Loi commune Trousse testamentaire","twitter_misc":{"Est. reading time":"2 minutes"},"schema":{"@context":"https:\/\/schema.org","@graph":[{"@type":"WebPage","@id":"https:\/\/www.rbcwealthmanagement.com\/fr-ca\/royal-trust\/common-law-will-kit","url":"https:\/\/www.rbcwealthmanagement.com\/fr-ca\/royal-trust\/common-law-will-kit","name":"Loi commune Trousse testamentaire - RBC Gestion de patrimoine","isPartOf":{"@id":"https:\/\/www.rbcwealthmanagement.com\/fr-ca\/#website"},"datePublished":"2021-11-23T11:07:32+00:00","dateModified":"2025-04-02T14:10:26+00:00","description":"Loi commune Trousse testamentaire D\u00e9signer RBC Trust Royal comme fond\u00e9 de pouvoir, ex\u00e9cuteur testamentaire et fiduciaire Le choix d\u2019un fond\u00e9 de pouvoir,","breadcrumb":{"@id":"https:\/\/www.rbcwealthmanagement.com\/fr-ca\/royal-trust\/common-law-will-kit#breadcrumb"},"inLanguage":"fr-CA","potentialAction":[{"@type":"ReadAction","target":["https:\/\/www.rbcwealthmanagement.com\/fr-ca\/royal-trust\/common-law-will-kit"]}]},{"@type":"BreadcrumbList","@id":"https:\/\/www.rbcwealthmanagement.com\/fr-ca\/royal-trust\/common-law-will-kit#breadcrumb","itemListElement":[{"@type":"ListItem","position":1,"name":"Home","item":"https:\/\/www.rbcwealthmanagement.com\/fr-ca\/"},{"@type":"ListItem","position":2,"name":"Loi commune Trousse testamentaire"}]},{"@type":"WebSite","@id":"https:\/\/www.rbcwealthmanagement.com\/fr-ca\/#website","url":"https:\/\/www.rbcwealthmanagement.com\/fr-ca\/","name":"RBC Gestion de patrimoine","description":"","publisher":{"@id":"https:\/\/www.rbcwealthmanagement.com\/fr-ca\/#organization"},"potentialAction":[{"@type":"SearchAction","target":{"@type":"EntryPoint","urlTemplate":"https:\/\/www.rbcwealthmanagement.com\/fr-ca\/?s={search_term_string}"},"query-input":{"@type":"PropertyValueSpecification","valueRequired":true,"valueName":"search_term_string"}}],"inLanguage":"fr-CA"},{"@type":"Organization","@id":"https:\/\/www.rbcwealthmanagement.com\/fr-ca\/#organization","name":"RBC Gestion de Patrimoine","alternateName":"RBC Gestion de Patrimoine","url":"https:\/\/www.rbcwealthmanagement.com\/fr-ca\/","logo":{"@type":"ImageObject","inLanguage":"fr-CA","@id":"https:\/\/www.rbcwealthmanagement.com\/fr-ca\/#\/schema\/logo\/image\/","url":"https:\/\/www.rbcwealthmanagement.com\/fr-ca\/wp-content\/uploads\/sites\/6\/2023\/02\/rbc.png","contentUrl":"https:\/\/www.rbcwealthmanagement.com\/fr-ca\/wp-content\/uploads\/sites\/6\/2023\/02\/rbc.png","width":3000,"height":2000,"caption":"RBC Gestion de Patrimoine"},"image":{"@id":"https:\/\/www.rbcwealthmanagement.com\/fr-ca\/#\/schema\/logo\/image\/"}}]}},"jetpack_sharing_enabled":true,"publishpress_future_action":{"enabled":false,"date":"2026-04-20 06:53:57","action":"change-status","newStatus":"draft","terms":[],"taxonomy":"rbcwm_content_owner","extraData":[]},"publishpress_future_workflow_manual_trigger":{"enabledWorkflows":[]},"distributor_meta":false,"distributor_terms":false,"distributor_media":false,"distributor_original_site_name":"RBC Gestion de patrimoine","distributor_original_site_url":"https:\/\/www.rbcwealthmanagement.com\/fr-ca","push-errors":false,"last_revision_date":"2025-04-02 10:10:25","_links":{"self":[{"href":"https:\/\/www.rbcwealthmanagement.com\/fr-ca\/wp-json\/wp\/v2\/pages\/3317","targetHints":{"allow":["GET"]}}],"collection":[{"href":"https:\/\/www.rbcwealthmanagement.com\/fr-ca\/wp-json\/wp\/v2\/pages"}],"about":[{"href":"https:\/\/www.rbcwealthmanagement.com\/fr-ca\/wp-json\/wp\/v2\/types\/page"}],"author":[{"embeddable":true,"href":"https:\/\/www.rbcwealthmanagement.com\/fr-ca\/wp-json\/wp\/v2\/users\/68"}],"replies":[{"embeddable":true,"href":"https:\/\/www.rbcwealthmanagement.com\/fr-ca\/wp-json\/wp\/v2\/comments?post=3317"}],"version-history":[{"count":7,"href":"https:\/\/www.rbcwealthmanagement.com\/fr-ca\/wp-json\/wp\/v2\/pages\/3317\/revisions"}],"predecessor-version":[{"id":25259,"href":"https:\/\/www.rbcwealthmanagement.com\/fr-ca\/wp-json\/wp\/v2\/pages\/3317\/revisions\/25259"}],"wp:attachment":[{"href":"https:\/\/www.rbcwealthmanagement.com\/fr-ca\/wp-json\/wp\/v2\/media?parent=3317"}],"wp:term":[{"taxonomy":"rbcwm_content_owner","embeddable":true,"href":"https:\/\/www.rbcwealthmanagement.com\/fr-ca\/wp-json\/wp\/v2\/rbcwm_content_owner?post=3317"}],"curies":[{"name":"wp","href":"https:\/\/api.w.org\/{rel}","templated":true}]}}