{"id":3325,"date":"2021-11-22T12:20:33","date_gmt":"2021-11-22T12:20:33","guid":{"rendered":"https:\/\/www.rbcwealthmanagement.com\/fr-ca\/accessibility-investment-counsel\/"},"modified":"2023-11-01T10:46:44","modified_gmt":"2023-11-01T14:46:44","slug":"accessibility-investment-counsel","status":"publish","type":"page","link":"https:\/\/www.rbcwealthmanagement.com\/fr-ca\/phn\/accessibility-investment-counsel","title":{"rendered":"Accessibilit\u00e9 \u00e0 RBC PH&amp;N Services-conseils en placements"},"content":{"rendered":"\n<p><\/p>\n\n\n\n<div class=\"wp-block-rbcwm-hero-block rbc-hero-wm  rbc-hero-overlap rbc-hero-overlap-mobile\"><div class=\"container\"><div class=\"row no-gutters\"><div class=\"col-lg-12\"><div class=\"rbc-card rbc-hero-card rbc-hero\"><div class=\"rbc-card-wrap\"><div class=\"rbc-card-body\"><div class=\"rbc-hero-body-content\"><h1 class=\"rbc-hero-title\"><span>Accessibilit\u00e9 \u00e0 RBC PH&amp;N Services-conseils en placements<\/span><\/h1><\/div><\/div><\/div><\/div><\/div><\/div><\/div><\/div>\n\n\n\n<section class=\"wp-block-rbcwm-rbc-block rbc-block rbc-block-grey has-block-grey-background-color has-background\"><div class=\"container\"><div class=\"row \"><div class=\"col-lg-12\">\n<div class=\"row no-gutters wrap blockId-42fde764-4ccd-48c3-bd7d-270098fb0715\">\n<div class=\"wp-block-rbcwm-column col-lg-8\">\n<p>RBC PH&amp;N Services-conseils en placements<sup>(1)<\/sup> se conforme aux exigences pr\u00e9vues par <em>Loi de 2005 sur l\u2019accessibilit\u00e9 pour les personnes handicap\u00e9es de l\u2019Ontario<\/em> (Normes d\u2019accessibilit\u00e9 int\u00e9gr\u00e9es).<\/p>\n\n\n\n<h2 class=\"wp-block-heading\" id=\"h-enonce-d-engagement\">\u00c9nonc\u00e9 d\u2019engagement<\/h2>\n\n\n\n<p>RBC PH&amp;N Services-conseils en placements a pris les engagements suivants :<\/p>\n\n\n\n<ul class=\"wp-block-list\">\n<li>Donner aux clients handicap\u00e9s le m\u00eame acc\u00e8s \u00e0 ses produits et services qu\u2019aux clients non handicap\u00e9s, quel que soit l\u2019endroit o\u00f9 ils r\u00e9sident au Canada.<\/li>\n\n\n\n<li>Permettre aux clients handicap\u00e9s de b\u00e9n\u00e9ficier des m\u00eames services, dans les m\u00eames lieux, et d\u2019un traitement \u00e9quitable par rapport aux autres clients.<\/li>\n\n\n\n<li>Offrir un milieu professionnel qui favorise un acc\u00e8s sans obstacle pour tous les clients, conform\u00e9ment \u00e0 la l\u00e9gislation applicable.<\/li>\n\n\n\n<li>Offrir aux employ\u00e9s et aux candidats des mesures d\u2019adaptation raisonnables.<\/li>\n\n\n\n<li>Fournir des renseignements de mani\u00e8re accessible aux personnes handicap\u00e9es.<\/li>\n\n\n\n<li>Satisfaire \u00e0 ces engagements en temps opportun.<\/li>\n<\/ul>\n\n\n\n<h2 class=\"wp-block-heading\" id=\"h-formation\">Formation<\/h2>\n\n\n\n<p>RBC PH&amp;N Services-conseils en placements offre une formation \u00e0 ses employ\u00e9s et \u00e0 ses travailleurs contractuels sur les exigences de la <em>Loi de 2005 sur l\u2019accessibilit\u00e9 pour les personnes handicap\u00e9es de l\u2019Ontario<\/em> (Normes d\u2019accessibilit\u00e9 int\u00e9gr\u00e9es) et sur les dispositions du <em>Code des droits de la personne<\/em> de l\u2019Ontario qui s\u2019appliquent aux personnes handicap\u00e9es. La formation sera donn\u00e9e de la mani\u00e8re qui convient le mieux aux fonctions de nos employ\u00e9s et des travailleurs contractuels.<\/p>\n\n\n\n<p>RBC PH&amp;N Services-conseils en placements prend les mesures suivantes pour que ses employ\u00e9s re\u00e7oivent la formation indiqu\u00e9e ci-dessus&nbsp;:<\/p>\n\n\n\n<ul class=\"wp-block-list\">\n<li>Un cours de formation est donn\u00e9 \u00e0 tous les employ\u00e9s et travailleurs contractuels vis\u00e9s par cette l\u00e9gislation.<\/li>\n\n\n\n<li>Nous tenons un registre de la formation donn\u00e9e en application de cet article.<\/li>\n<\/ul>\n\n\n\n<h2 class=\"wp-block-heading\" id=\"h-information-et-communications\">Information et communications<\/h2>\n\n\n\n<p>RBC PH&amp;N Services-conseils en placements s\u2019est engag\u00e9e \u00e0 r\u00e9pondre aux besoins en mati\u00e8re de communication des personnes handicap\u00e9es. Nous consulterons les personnes handicap\u00e9es afin de d\u00e9terminer leurs besoins en mati\u00e8re d\u2019information et de communication.<\/p>\n\n\n\n<h2 class=\"wp-block-heading\" id=\"h-renseignements-accessibles-en-cas-d-urgence\">Renseignements accessibles en cas d\u2019urgence<\/h2>\n\n\n\n<p>RBC PH&amp;N Services-conseils en placements s\u2019est engag\u00e9e \u00e0 fournir de mani\u00e8re accessible et sur demande les renseignements en cas d\u2019urgence \u00e0 diffusion publique. De plus, nous fournirons aux employ\u00e9s handicap\u00e9s qui le demanderont des renseignements individualis\u00e9s relatifs aux interventions d\u2019urgence.<\/p>\n\n\n\n<h2 class=\"wp-block-heading\" id=\"h-retroaction\">R\u00e9troaction<\/h2>\n\n\n\n<p>RBC PH&amp;N Services-conseils en placements veillera \u00e0 ce que le processus existant lui permettant de recevoir des observations et d\u2019y r\u00e9pondre soit accessible aux personnes handicap\u00e9es. Si vous souhaitez nous faire part de vos commentaires, veuillez utiliser les coordonn\u00e9es ci-dessous.<\/p>\n\n\n\n<h2 class=\"wp-block-heading\" id=\"h-formats-accessibles-et-aides-a-la-communication\">Formats accessibles et aides \u00e0 la communication<\/h2>\n\n\n\n<p>RBC PH&amp;N Services-conseils en placements prend les mesures suivantes pour fournir ou faire fournir aux personnes handicap\u00e9es qui le demandent des formats accessibles et des aides \u00e0 la communication&nbsp;:<\/p>\n\n\n\n<ul class=\"wp-block-list\">\n<li>Nous fournissons ces formats accessibles et ces aides \u00e0 la communication en temps opportun et d\u2019une mani\u00e8re qui tient compte des besoins en mati\u00e8re d\u2019accessibilit\u00e9 de la personne qui d\u00e9coulent de son handicap.<\/li>\n\n\n\n<li>Nous fournissons ces formats accessibles et ces aides \u00e0 la communication \u00e0 un co\u00fbt qui n\u2019est pas sup\u00e9rieur au co\u00fbt ordinaire demand\u00e9 aux autres personnes.<\/li>\n\n\n\n<li>Nous consultons la personne qui formule la demande en vue de d\u00e9terminer la convenance d\u2019un format accessible ou d\u2019une aide \u00e0 la communication.<\/li>\n<\/ul>\n\n\n\n<h2 class=\"wp-block-heading\" id=\"h-sites-et-contenu-web-accessibles\">Sites et contenu Web accessibles<\/h2>\n\n\n\n<p>RBC PH&amp;N Services-conseils en placements a pris les mesures suivantes pour que tous ses nouveaux sites Web et leur contenu soient conformes aux lignes directrices WCAG&nbsp;2.0 de niveau&nbsp;AA, afin de satisfaire aux exigences d\u2019accessibilit\u00e9 en vertu de la <em>Loi de 2005 sur l\u2019accessibilit\u00e9 pour les personnes handicap\u00e9es de l\u2019Ontario<\/em> (Normes d\u2019accessibilit\u00e9 int\u00e9gr\u00e9es), sauf si la satisfaction de ces exigences n\u2019est pas mat\u00e9riellement possible&nbsp;:<\/p>\n\n\n\n<ul class=\"wp-block-list\">\n<li>Tous les nouveaux sites Web requis et leur contenu cr\u00e9\u00e9s, ou les sites Web existants qui font l\u2019objet d\u2019une importante mise \u00e0 jour, ont \u00e9t\u00e9 rendus conformes aux normes WCAG&nbsp;2.0 de niveau&nbsp;A.<\/li>\n\n\n\n<li>Tous les sites Web Internet requis et leur contenu sont conformes aux normes WCAG&nbsp;2.0 de niveau&nbsp;A.<\/li>\n\n\n\n<li>Afin de satisfaire \u00e0 cette exigence, nous publions des ressources sur notre intranet \u00e0 l\u2019intention des employ\u00e9s et des travailleurs contractuels.<\/li>\n\n\n\n<li>Afin de satisfaire \u00e0 cette exigence, nous veillons \u00e0 ce que tous les employ\u00e9s et travailleurs contractuels qui participent au d\u00e9veloppement ou \u00e0 la mise \u00e0 l\u2019essai de nos sites Web et de leur contenu connaissent les directives et les meilleures pratiques en mati\u00e8re de d\u00e9veloppement ou de mise \u00e0 l\u2019essai (selon le cas) et y aient acc\u00e8s.<\/li>\n<\/ul>\n\n\n\n<h2 class=\"wp-block-heading\" id=\"h-emploi\">Emploi<\/h2>\n\n\n\n<p>RBC PH&amp;N Services-conseils en placements s\u2019est engag\u00e9e \u00e0 mettre en \u0153uvre des pratiques d\u2019emploi justes et accessibles et prend les mesures suivantes pour se conformer aux exigences des normes d\u2019accessibilit\u00e9 pour l\u2019emploi&nbsp;:<\/p>\n\n\n\n<ul class=\"wp-block-list\">\n<li>Nous informons le public et les employ\u00e9s, notamment sur nos sites Web publics de recrutement, que nous fournissons sur demande des mesures d\u2019adaptation aux personnes handicap\u00e9es au cours des processus de recrutement, de s\u00e9lection et d\u2019embauche ainsi qu\u2019\u00e0 l\u2019embauche.<\/li>\n\n\n\n<li>Nous avons \u00e9tabli et mis en place un processus d\u2019\u00e9laboration de plans d\u2019adaptation individualis\u00e9s et de politiques de retour au travail \u00e0 l\u2019intention des employ\u00e9s qui sont absents en raison d\u2019un handicap.<\/li>\n\n\n\n<li>Nous veillons \u00e0 ce qu\u2019il soit tenu compte des besoins en mati\u00e8re d\u2019accessibilit\u00e9 des employ\u00e9s handicap\u00e9s dans l\u2019application des processus de gestion du rendement, de perfectionnement professionnel et de r\u00e9affectation.<\/li>\n<\/ul>\n\n\n\n<p>Ces exigences sont int\u00e9gr\u00e9es dans les politiques pertinentes des Ressources humaines, et ces politiques sont communiqu\u00e9es \u00e0 tous les employ\u00e9s et gestionnaires de personnes, et mises \u00e0 leur disposition. Si d\u2019autres obstacles sont identifi\u00e9s, RBC PH&amp;N Services-conseils en placements prendra les mesures suppl\u00e9mentaires n\u00e9cessaires pour les supprimer.<\/p>\n\n\n\n<p>Pour obtenir plus de renseignements sur notre plan d\u2019accessibilit\u00e9, veuillez communiquer avec nous \u00e0 <a href=\"mailto:wmc.national.office@com\" class=\"link-email\">Accessibilit\u00e9 \u00e0 RBC\u00a0PH&amp;N Services-conseils en placements<\/a><\/p>\n\n\n\n<p>Pour en savoir plus sur l\u2019approche de RBC en mati\u00e8re d\u2019accessibilit\u00e9, veuillez cliquer ici&nbsp;: <a href=\"https:\/\/www.rbc.com\/accessibilite\/index.html\">Accessibilit\u00e9 \u00e0 RBC<\/a><\/p>\n\n\n\n<p><small><sup>1<\/sup>&nbsp;RBC Phillips, Hager &amp; North Services-conseils en placements inc.; comprend \u00e9galement RBC Private Counsel (USA) Inc., selon le cas.<\/small><\/p>\n<\/div>\n<\/div>\n<\/div><\/div><\/div><\/section>\n","protected":false},"excerpt":{"rendered":"<p>RBC PH&#038;N Services-conseils en placements se conforme aux exigences pr\u00e9vues par Loi de 2005 sur l\u2019accessibilit\u00e9 pour les personnes handicap\u00e9es de l\u2019Ontario (Normes d\u2019accessibilit\u00e9 int\u00e9gr\u00e9es).<\/p>\n","protected":false},"author":18,"featured_media":0,"parent":24,"menu_order":0,"comment_status":"closed","ping_status":"closed","template":"","meta":{"_acf_changed":false,"editor_notices":[],"rbc_url_alias":"phn\/accessibility-investment-counsel","footnotes":""},"rbcwm_content_owner":[],"class_list":["post-3325","page","type-page","status-publish","hentry"],"acf":[],"yoast_head":"<!-- This site is optimized with the Yoast SEO Premium plugin v24.8 (Yoast SEO v26.8) - https:\/\/yoast.com\/product\/yoast-seo-premium-wordpress\/ -->\n<title>Accessibilit\u00e9 \u00e0 RBC PH&amp;N Services-conseils en placements<\/title>\n<meta name=\"description\" content=\"RBC PH&amp;N Services-conseils en placements se conforme aux exigences pr\u00e9vues par Loi de 2005 sur l\u2019accessibilit\u00e9 pour les personnes handicap\u00e9es de l\u2019Ontario (Normes d\u2019accessibilit\u00e9 int\u00e9gr\u00e9es).\" \/>\n<meta name=\"robots\" content=\"index, follow, max-snippet:-1, max-image-preview:large, max-video-preview:-1\" \/>\n<link rel=\"canonical\" href=\"https:\/\/www.rbcwealthmanagement.com\/fr-ca\/phn\/accessibility-investment-counsel\" \/>\n<meta property=\"og:locale\" content=\"fr_CA\" \/>\n<meta property=\"og:type\" content=\"article\" \/>\n<meta property=\"og:title\" content=\"Accessibilit\u00e9 \u00e0 RBC PH&amp;N Services-conseils en placements\" \/>\n<meta property=\"og:description\" content=\"RBC PH&amp;N Services-conseils en placements se conforme aux exigences pr\u00e9vues par Loi de 2005 sur l\u2019accessibilit\u00e9 pour les personnes handicap\u00e9es de l\u2019Ontario (Normes d\u2019accessibilit\u00e9 int\u00e9gr\u00e9es).\" \/>\n<meta property=\"og:url\" content=\"https:\/\/www.rbcwealthmanagement.com\/fr-ca\/phn\/accessibility-investment-counsel\" \/>\n<meta property=\"og:site_name\" content=\"RBC Gestion de patrimoine\" \/>\n<meta property=\"article:modified_time\" content=\"2023-11-01T14:46:44+00:00\" \/>\n<meta property=\"og:image\" content=\"https:\/\/www.rbcwealthmanagement.com\/fr-ca\/wp-content\/uploads\/sites\/6\/2023\/02\/share-logo-1200x630-1.png\" \/>\n\t<meta property=\"og:image:width\" content=\"1200\" \/>\n\t<meta property=\"og:image:height\" content=\"630\" \/>\n\t<meta property=\"og:image:type\" content=\"image\/png\" \/>\n<meta name=\"twitter:card\" content=\"summary_large_image\" \/>\n<meta name=\"twitter:title\" content=\"Accessibilit\u00e9 \u00e0 RBC PH&amp;N Services-conseils en placements\" \/>\n<meta name=\"twitter:description\" content=\"RBC PH&amp;N Services-conseils en placements se conforme aux exigences pr\u00e9vues par Loi de 2005 sur l\u2019accessibilit\u00e9 pour les personnes handicap\u00e9es de l\u2019Ontario (Normes d\u2019accessibilit\u00e9 int\u00e9gr\u00e9es).\" \/>\n<meta name=\"twitter:label1\" content=\"Est. reading time\" \/>\n\t<meta name=\"twitter:data1\" content=\"5 minutes\" \/>\n<script type=\"application\/ld+json\" class=\"yoast-schema-graph\">{\"@context\":\"https:\/\/schema.org\",\"@graph\":[{\"@type\":\"WebPage\",\"@id\":\"https:\/\/www.rbcwealthmanagement.com\/fr-ca\/phn\/accessibility-investment-counsel\",\"url\":\"https:\/\/www.rbcwealthmanagement.com\/fr-ca\/phn\/accessibility-investment-counsel\",\"name\":\"Accessibilit\u00e9 \u00e0 RBC PH&N Services-conseils en placements\",\"isPartOf\":{\"@id\":\"https:\/\/www.rbcwealthmanagement.com\/fr-ca\/#website\"},\"datePublished\":\"2021-11-22T12:20:33+00:00\",\"dateModified\":\"2023-11-01T14:46:44+00:00\",\"description\":\"RBC PH&N Services-conseils en placements se conforme aux exigences pr\u00e9vues par Loi de 2005 sur l\u2019accessibilit\u00e9 pour les personnes handicap\u00e9es de l\u2019Ontario (Normes d\u2019accessibilit\u00e9 int\u00e9gr\u00e9es).\",\"breadcrumb\":{\"@id\":\"https:\/\/www.rbcwealthmanagement.com\/fr-ca\/phn\/accessibility-investment-counsel#breadcrumb\"},\"inLanguage\":\"fr-CA\",\"potentialAction\":[{\"@type\":\"ReadAction\",\"target\":[\"https:\/\/www.rbcwealthmanagement.com\/fr-ca\/phn\/accessibility-investment-counsel\"]}]},{\"@type\":\"BreadcrumbList\",\"@id\":\"https:\/\/www.rbcwealthmanagement.com\/fr-ca\/phn\/accessibility-investment-counsel#breadcrumb\",\"itemListElement\":[{\"@type\":\"ListItem\",\"position\":1,\"name\":\"Home\",\"item\":\"https:\/\/www.rbcwealthmanagement.com\/fr-ca\/\"},{\"@type\":\"ListItem\",\"position\":2,\"name\":\"PH&#038;N Services-conseils en placements\",\"item\":\"https:\/\/www.rbcwealthmanagement.com\/fr-ca\/phn\"},{\"@type\":\"ListItem\",\"position\":3,\"name\":\"Accessibilit\u00e9 \u00e0 RBC PH&amp;N Services-conseils en placements\"}]},{\"@type\":\"WebSite\",\"@id\":\"https:\/\/www.rbcwealthmanagement.com\/fr-ca\/#website\",\"url\":\"https:\/\/www.rbcwealthmanagement.com\/fr-ca\/\",\"name\":\"RBC Gestion de patrimoine\",\"description\":\"\",\"publisher\":{\"@id\":\"https:\/\/www.rbcwealthmanagement.com\/fr-ca\/#organization\"},\"potentialAction\":[{\"@type\":\"SearchAction\",\"target\":{\"@type\":\"EntryPoint\",\"urlTemplate\":\"https:\/\/www.rbcwealthmanagement.com\/fr-ca\/?s={search_term_string}\"},\"query-input\":{\"@type\":\"PropertyValueSpecification\",\"valueRequired\":true,\"valueName\":\"search_term_string\"}}],\"inLanguage\":\"fr-CA\"},{\"@type\":\"Organization\",\"@id\":\"https:\/\/www.rbcwealthmanagement.com\/fr-ca\/#organization\",\"name\":\"RBC Gestion de Patrimoine\",\"alternateName\":\"RBC Gestion de Patrimoine\",\"url\":\"https:\/\/www.rbcwealthmanagement.com\/fr-ca\/\",\"logo\":{\"@type\":\"ImageObject\",\"inLanguage\":\"fr-CA\",\"@id\":\"https:\/\/www.rbcwealthmanagement.com\/fr-ca\/#\/schema\/logo\/image\/\",\"url\":\"https:\/\/www.rbcwealthmanagement.com\/fr-ca\/wp-content\/uploads\/sites\/6\/2023\/02\/rbc.png\",\"contentUrl\":\"https:\/\/www.rbcwealthmanagement.com\/fr-ca\/wp-content\/uploads\/sites\/6\/2023\/02\/rbc.png\",\"width\":3000,\"height\":2000,\"caption\":\"RBC Gestion de Patrimoine\"},\"image\":{\"@id\":\"https:\/\/www.rbcwealthmanagement.com\/fr-ca\/#\/schema\/logo\/image\/\"}}]}<\/script>\n<!-- \/ Yoast SEO Premium plugin. -->","yoast_head_json":{"title":"Accessibilit\u00e9 \u00e0 RBC PH&N Services-conseils en placements","description":"RBC PH&N Services-conseils en placements se conforme aux exigences pr\u00e9vues par Loi de 2005 sur l\u2019accessibilit\u00e9 pour les personnes handicap\u00e9es de l\u2019Ontario (Normes d\u2019accessibilit\u00e9 int\u00e9gr\u00e9es).","robots":{"index":"index","follow":"follow","max-snippet":"max-snippet:-1","max-image-preview":"max-image-preview:large","max-video-preview":"max-video-preview:-1"},"canonical":"https:\/\/www.rbcwealthmanagement.com\/fr-ca\/phn\/accessibility-investment-counsel","og_locale":"fr_CA","og_type":"article","og_title":"Accessibilit\u00e9 \u00e0 RBC PH&amp;N Services-conseils en placements","og_description":"RBC PH&N Services-conseils en placements se conforme aux exigences pr\u00e9vues par Loi de 2005 sur l\u2019accessibilit\u00e9 pour les personnes handicap\u00e9es de l\u2019Ontario (Normes d\u2019accessibilit\u00e9 int\u00e9gr\u00e9es).","og_url":"https:\/\/www.rbcwealthmanagement.com\/fr-ca\/phn\/accessibility-investment-counsel","og_site_name":"RBC Gestion de patrimoine","article_modified_time":"2023-11-01T14:46:44+00:00","og_image":[{"width":1200,"height":630,"url":"https:\/\/www.rbcwealthmanagement.com\/fr-ca\/wp-content\/uploads\/sites\/6\/2023\/02\/share-logo-1200x630-1.png","type":"image\/png"}],"twitter_card":"summary_large_image","twitter_title":"Accessibilit\u00e9 \u00e0 RBC PH&amp;N Services-conseils en placements","twitter_description":"RBC PH&N Services-conseils en placements se conforme aux exigences pr\u00e9vues par Loi de 2005 sur l\u2019accessibilit\u00e9 pour les personnes handicap\u00e9es de l\u2019Ontario (Normes d\u2019accessibilit\u00e9 int\u00e9gr\u00e9es).","twitter_misc":{"Est. reading time":"5 minutes"},"schema":{"@context":"https:\/\/schema.org","@graph":[{"@type":"WebPage","@id":"https:\/\/www.rbcwealthmanagement.com\/fr-ca\/phn\/accessibility-investment-counsel","url":"https:\/\/www.rbcwealthmanagement.com\/fr-ca\/phn\/accessibility-investment-counsel","name":"Accessibilit\u00e9 \u00e0 RBC PH&N Services-conseils en placements","isPartOf":{"@id":"https:\/\/www.rbcwealthmanagement.com\/fr-ca\/#website"},"datePublished":"2021-11-22T12:20:33+00:00","dateModified":"2023-11-01T14:46:44+00:00","description":"RBC PH&N Services-conseils en placements se conforme aux exigences pr\u00e9vues par Loi de 2005 sur l\u2019accessibilit\u00e9 pour les personnes handicap\u00e9es de l\u2019Ontario (Normes d\u2019accessibilit\u00e9 int\u00e9gr\u00e9es).","breadcrumb":{"@id":"https:\/\/www.rbcwealthmanagement.com\/fr-ca\/phn\/accessibility-investment-counsel#breadcrumb"},"inLanguage":"fr-CA","potentialAction":[{"@type":"ReadAction","target":["https:\/\/www.rbcwealthmanagement.com\/fr-ca\/phn\/accessibility-investment-counsel"]}]},{"@type":"BreadcrumbList","@id":"https:\/\/www.rbcwealthmanagement.com\/fr-ca\/phn\/accessibility-investment-counsel#breadcrumb","itemListElement":[{"@type":"ListItem","position":1,"name":"Home","item":"https:\/\/www.rbcwealthmanagement.com\/fr-ca\/"},{"@type":"ListItem","position":2,"name":"PH&#038;N Services-conseils en placements","item":"https:\/\/www.rbcwealthmanagement.com\/fr-ca\/phn"},{"@type":"ListItem","position":3,"name":"Accessibilit\u00e9 \u00e0 RBC PH&amp;N Services-conseils en placements"}]},{"@type":"WebSite","@id":"https:\/\/www.rbcwealthmanagement.com\/fr-ca\/#website","url":"https:\/\/www.rbcwealthmanagement.com\/fr-ca\/","name":"RBC Gestion de patrimoine","description":"","publisher":{"@id":"https:\/\/www.rbcwealthmanagement.com\/fr-ca\/#organization"},"potentialAction":[{"@type":"SearchAction","target":{"@type":"EntryPoint","urlTemplate":"https:\/\/www.rbcwealthmanagement.com\/fr-ca\/?s={search_term_string}"},"query-input":{"@type":"PropertyValueSpecification","valueRequired":true,"valueName":"search_term_string"}}],"inLanguage":"fr-CA"},{"@type":"Organization","@id":"https:\/\/www.rbcwealthmanagement.com\/fr-ca\/#organization","name":"RBC Gestion de Patrimoine","alternateName":"RBC Gestion de Patrimoine","url":"https:\/\/www.rbcwealthmanagement.com\/fr-ca\/","logo":{"@type":"ImageObject","inLanguage":"fr-CA","@id":"https:\/\/www.rbcwealthmanagement.com\/fr-ca\/#\/schema\/logo\/image\/","url":"https:\/\/www.rbcwealthmanagement.com\/fr-ca\/wp-content\/uploads\/sites\/6\/2023\/02\/rbc.png","contentUrl":"https:\/\/www.rbcwealthmanagement.com\/fr-ca\/wp-content\/uploads\/sites\/6\/2023\/02\/rbc.png","width":3000,"height":2000,"caption":"RBC Gestion de Patrimoine"},"image":{"@id":"https:\/\/www.rbcwealthmanagement.com\/fr-ca\/#\/schema\/logo\/image\/"}}]}},"jetpack_sharing_enabled":true,"publishpress_future_action":{"enabled":false,"date":"2026-04-24 08:06:45","action":"change-status","newStatus":"draft","terms":[],"taxonomy":"rbcwm_content_owner","extraData":[]},"publishpress_future_workflow_manual_trigger":{"enabledWorkflows":[]},"distributor_meta":false,"distributor_terms":false,"distributor_media":false,"distributor_original_site_name":"RBC Gestion de patrimoine","distributor_original_site_url":"https:\/\/www.rbcwealthmanagement.com\/fr-ca","push-errors":false,"last_revision_date":"2024-05-08 11:00:09","_links":{"self":[{"href":"https:\/\/www.rbcwealthmanagement.com\/fr-ca\/wp-json\/wp\/v2\/pages\/3325","targetHints":{"allow":["GET"]}}],"collection":[{"href":"https:\/\/www.rbcwealthmanagement.com\/fr-ca\/wp-json\/wp\/v2\/pages"}],"about":[{"href":"https:\/\/www.rbcwealthmanagement.com\/fr-ca\/wp-json\/wp\/v2\/types\/page"}],"author":[{"embeddable":true,"href":"https:\/\/www.rbcwealthmanagement.com\/fr-ca\/wp-json\/wp\/v2\/users\/18"}],"replies":[{"embeddable":true,"href":"https:\/\/www.rbcwealthmanagement.com\/fr-ca\/wp-json\/wp\/v2\/comments?post=3325"}],"version-history":[{"count":5,"href":"https:\/\/www.rbcwealthmanagement.com\/fr-ca\/wp-json\/wp\/v2\/pages\/3325\/revisions"}],"predecessor-version":[{"id":21567,"href":"https:\/\/www.rbcwealthmanagement.com\/fr-ca\/wp-json\/wp\/v2\/pages\/3325\/revisions\/21567"}],"up":[{"embeddable":true,"href":"https:\/\/www.rbcwealthmanagement.com\/fr-ca\/wp-json\/wp\/v2\/pages\/24"}],"wp:attachment":[{"href":"https:\/\/www.rbcwealthmanagement.com\/fr-ca\/wp-json\/wp\/v2\/media?parent=3325"}],"wp:term":[{"taxonomy":"rbcwm_content_owner","embeddable":true,"href":"https:\/\/www.rbcwealthmanagement.com\/fr-ca\/wp-json\/wp\/v2\/rbcwm_content_owner?post=3325"}],"curies":[{"name":"wp","href":"https:\/\/api.w.org\/{rel}","templated":true}]}}