{"id":3331,"date":"2021-11-22T11:17:08","date_gmt":"2021-11-22T11:17:08","guid":{"rendered":"https:\/\/www.rbcwealthmanagement.com\/fr-ca\/resource-centre-trusts\/"},"modified":"2024-11-28T10:01:13","modified_gmt":"2024-11-28T15:01:13","slug":"resource-centre-trusts","status":"publish","type":"page","link":"https:\/\/www.rbcwealthmanagement.com\/fr-ca\/royal-trust\/resource-centre\/trusts","title":{"rendered":"Ressources pour les fiducies \u2013 RBC Trust Royal"},"content":{"rendered":"\n<div class=\"wp-block-rbcwm-hero-block rbc-hero-wm rbc-hero-has-image-bleed rbc-hero-overlap rbc-hero-overlap-mobile rbc-hero-bwmrfk7lb hide-mobile-energy-lines\"><style>\n\t\t.rbc-hero-bwmrfk7lb.is-style-rbc-hero-gradient::before {\n\t\t\tbackground: linear-gradient(90deg, #023169 20%, rgba(94, 120, 131, 0) 60%);\n\t\t}\n\n\t\t.rbc-hero-bwmrfk7lb.is-style-rbc-hero-gradient.rbc-hero-has-image-bleed::before {\n\t\t\tbackground: linear-gradient(90deg, #023169 20%, rgba(94, 120, 131, 0) 60%);\n\t\t}\n\n\t\t.rbc-hero-bwmrfk7lb.is-style-rbc-hero-gradient.rbc-hero-has-image-bottom::before {\n\t\t\tbackground: linear-gradient(180deg, #023169 20%, rgba(94, 120, 131, 0) 60%);\n\t\t}\n\n\t\t.rbc-hero-bwmrfk7lb .rbc-hero-energy-lines.rbc-hero-energy-lines-left {\n\t\t\ttransform: scaleX(-1);\n\t\t}\n\n\t\t@media (max-width: 991px) {\n\t\t\t.rbc-hero-bwmrfk7lb.is-style-rbc-hero-gradient::before,\n\t\t\t.rbc-hero-bwmrfk7lb.is-style-rbc-hero-gradient.rbc-hero-has-image-bottom::before,\n\t\t\t.rbc-hero-bwmrfk7lb.is-style-rbc-hero-gradient.rbc-hero-has-image-bleed::before {\n\t\t\t\tbackground: none;\n\t\t\t}\n\n\t\t\t.rbc-hero-bwmrfk7lb.rbc-hero-has-image-full.hide-mobile-energy-lines .rbc-hero-energy-lines {\n\t\t\t\tdisplay: none;\n\t\t\t}\n\n\t\t\t.wp-block-rbcwm-hero-block.rbc-hero-bwmrfk7lb.is-style-rbc-hero-gradient .rbc-hero-img-wrap::after {\n\t\t\t\tbackground: linear-gradient( 0deg, #023169 0%, rgba(94, 120, 131, 0) 25% );\n\t\t\t}\n\t\t\t\n\t\t\t.wp-block-rbcwm-hero-block.rbc-hero-bwmrfk7lb.is-style-rbc-hero-gradient.rbc-hero-has-image-bottom .rbc-hero-img-wrap::before,\n            .wp-block-rbcwm-hero-block.rbc-hero-bwmrfk7lb.is-style-rbc-hero-gradient.rbc-hero-has-image-bottom .container .rbc-hero-img-wrap::before {\n\t\t\t\tbackground: linear-gradient( 180deg, #023169 0%, rgba( 94, 120, 131, 0 ) 25% );\n\t\t\t}\n\t\t\t\n\t\t\t.wp-block-rbcwm-hero-block.rbc-hero-bwmrfk7lb.is-style-rbc-hero-gradient .rbc-hero-card {\n\t\t\t\tbackground: #023169;\n\t\t\t}\n\t\t}\n\t<\/style><div class=\"container\"><div class=\"row no-gutters\"><div class=\"col-lg-7 rbc-hero-card-content\"><div class=\"rbc-card rbc-hero-card rbc-hero has-content\"><div class=\"rbc-card-wrap\"><div class=\"rbc-card-body\"><div class=\"rbc-hero-body-content\"><h1 class=\"rbc-hero-title\"><span>Ressources pour les fiducies<\/span><\/h1>\n<p class=\"is-style-hero-subtitle\">Les fiducies sont un outil extr\u00eamement souple qui offre de nombreux avantages en mati\u00e8re de planification successorale. Si vous souhaitez en savoir plus, nos ressources peuvent vous fournir des renseignements utiles.<\/p>\n<\/div><\/div><\/div><\/div><\/div><div class=\"rbc-hero-img-wrap col-lg-5 order-2 order-lg-1\"><div class=\"rbc-hero-img bleed-img-right  rbc-hero-img-desktop-center-center rbc-hero-img-mobile-center-center\" style=\"background-image:url(https:\/\/www.rbcwealthmanagement.com\/en-ca\/wp-content\/uploads\/sites\/5\/2023\/08\/multigenerational-family-looking-into-a-distance.webp?w=1600)\"><\/div><\/div><\/div><\/div><\/div>\n\n\n\n<section class=\"wp-block-rbcwm-rbc-block rbc-block rbc-block-flush-bottom rbc-block-grey rbc-block-has-overlap overlap-top has-block-grey-background-color has-background\"><div class=\"container\"><div class=\"row \"><div class=\"col-lg-12\"><div class=\"wrap\">\n<h2 class=\"wp-block-heading\" id=\"h-articles-connexes\">Articles connexes<\/h2>\n\n\n\n<div class=\"row justify-content-start blockId-e33b9230-60e4-45d8-b51b-5d46c63c9299\">\n<div class=\"wp-block-rbcwm-column col-lg-4\">\n<div class=\"wp-block-rbcwm-media-card rbc-card-col-my rbc-media-card-col col-lg-undefined col-md-undefined col-undefined\" data-attr-open-new-tab=\"true\"><div class=\"rbc-card rbc-media-card rbc-card-hover rbc-media-card-stacked-vertical \" data-observe=\"{&quot;add&quot;:&quot;ani-card-up&quot;,&quot;remove&quot;:&quot;ani-card-up-from&quot;}\"><div class=\"rbc-card-wrap\"><div class=\"rbc-card-body \"><div aria-label=\"an image of https:\/\/wpvip-rbcwealthmanagement-com-preprod.go-vip.net\/en-ca\/wp-content\/uploads\/sites\/5\/2023\/08\/man-writing-with-pen-thumb.jpeg\" role=\"img\" class=\"rbc-media-card-image\" style=\"background-image:url(https:\/\/wpvip-rbcwealthmanagement-com-preprod.go-vip.net\/en-ca\/wp-content\/uploads\/sites\/5\/2023\/08\/man-writing-with-pen-thumb.jpeg)\"><\/div><h4 class=\"rbc-media-card-title rbc-media-card-title-wrap \"><span class=\"rbc-media-card-title-link\"><span>Testez votre fiducie<\/span><\/span><\/h4><span class=\"category rbc-media-card-category\">Litt\u00e9ratie financi\u00e8re<\/span><p class=\"rbc-media-card-text\">K Thomas Grozinger pr\u00e9sente les exigences requies pour cr\u00e9er une fiducie non testamentaire dans les territoires canadiens r\u00e9gis par la \u201ccommon law\u201d.<br><br><\/p><a href=\"\/assets\/wp-content\/uploads\/documents\/royaltrust\/SWW-Journal-Tom-Grozinger-Article-Test-your-Trusts-FR.pdf\" class=\"rbc-media-card-footer-link align-self-end link-icon rbc-card-link-full\"><span aria-label=\"Lire l'article\" class=\"rbc-media-card-cta-link\">Lire l&rsquo;article<div class=\"rbc-icon\"><i aria-hidden=\"true\" role-img-alt=\"file-pdf\" class=\"rbc-icon-img fal fa-file-pdf\"><\/i><\/div><\/span><\/a><\/div><\/div><\/div><\/div>\n<\/div>\n\n\n\n<div class=\"wp-block-rbcwm-column col-lg-4\">\n<div class=\"wp-block-rbcwm-media-card rbc-card-col-my rbc-media-card-col col-lg-undefined col-md-undefined col-undefined\" data-attr-open-new-tab=\"true\"><div class=\"rbc-card rbc-media-card rbc-card-hover rbc-media-card-stacked-vertical \" data-observe=\"{&quot;add&quot;:&quot;ani-card-up&quot;,&quot;remove&quot;:&quot;ani-card-up-from&quot;}\"><div class=\"rbc-card-wrap\"><div class=\"rbc-card-body \"><div aria-label=\"an image of https:\/\/wpvip-rbcwealthmanagement-com-preprod.go-vip.net\/fr-ca\/wp-content\/uploads\/sites\/6\/2023\/10\/Will-thumb.jpeg\" role=\"img\" class=\"rbc-media-card-image\" style=\"background-image:url(https:\/\/wpvip-rbcwealthmanagement-com-preprod.go-vip.net\/fr-ca\/wp-content\/uploads\/sites\/6\/2023\/10\/Will-thumb.jpeg)\"><\/div><h4 class=\"rbc-media-card-title rbc-media-card-title-wrap \"><span class=\"rbc-media-card-title-link\"><span>Pourquoi les fiducies testamentaires n\u2019en sont pas \u00e0 leur dernier soupir<\/span><\/span><\/h4><span class=\"category rbc-media-card-category\">Litt\u00e9ratie financi\u00e8re<\/span><p class=\"rbc-media-card-text\">Voyez en quoi les fiducies testamentaires offrent toujours de nombreux avantages, et ce, en d\u00e9pit de l\u2019\u00e9limination des incitatifs fiscaux.<\/p><a href=\"\/assets\/wp-content\/uploads\/documents\/royaltrust\/why-testamentary-trusts-are-not-dead-fr.pdf\" class=\"rbc-media-card-footer-link align-self-end link-icon rbc-card-link-full\"><span aria-label=\"Lire l'article\" class=\"rbc-media-card-cta-link\">Lire l&rsquo;article<div class=\"rbc-icon\"><i aria-hidden=\"true\" role-img-alt=\"file-pdf\" class=\"rbc-icon-img fal fa-file-pdf\"><\/i><\/div><\/span><\/a><\/div><\/div><\/div><\/div>\n<\/div>\n\n\n\n<div class=\"wp-block-rbcwm-column col-lg-4\">\n<div class=\"wp-block-rbcwm-media-card rbc-card-col-my rbc-media-card-col col-lg-undefined col-md-undefined col-undefined\"><div class=\"rbc-card rbc-media-card rbc-card-hover rbc-media-card-stacked-vertical \" data-observe=\"{&quot;add&quot;:&quot;ani-card-up&quot;,&quot;remove&quot;:&quot;ani-card-up-from&quot;}\"><div class=\"rbc-card-wrap\"><div class=\"rbc-card-body \"><div aria-label=\"an image of https:\/\/www.rbcwealthmanagement.com\/fr-ca\/wp-content\/uploads\/sites\/6\/2019\/11\/david-chilton-blue-sweater-leaning-on-chair-video-thumb.jpg\" role=\"img\" class=\"rbc-media-card-image\" style=\"background-image:url(https:\/\/www.rbcwealthmanagement.com\/fr-ca\/wp-content\/uploads\/sites\/6\/2019\/11\/david-chilton-blue-sweater-leaning-on-chair-video-thumb.jpg)\"><\/div><h4 class=\"rbc-media-card-title rbc-media-card-title-wrap \"><span class=\"rbc-media-card-title-link\"><span>Qu\u2019est-ce qu\u2019une fiducie ? Le Barbier riche vous l\u2019explique<\/span><\/span><\/h4><span class=\"category rbc-media-card-category\">Planification successorale<\/span><p class=\"rbc-media-card-text\">Les fiducies prot\u00e8gent votre patrimoine au profit des g\u00e9n\u00e9rations actuelles et futures.<br><br><br><\/p><a href=\"https:\/\/www.rbcwealthmanagement.com\/fr-ca\/insights\/what-is-a-trust-the-wealthy-barber-explains\" class=\"rbc-media-card-footer-link align-self-end link-chev rbc-card-link-full\"><span aria-label=\"Lire l'article\" class=\"rbc-media-card-cta-link\">Lire l&rsquo;article<div class=\"rbc-icon\"><i aria-hidden=\"true\" class=\"rbc-icon-img fal fa-angle-right\"><\/i><\/div><\/span><\/a><\/div><\/div><\/div><\/div>\n<\/div>\n<\/div>\n<\/div><\/div><\/div><\/div><\/section>\n\n\n\n<section class=\"wp-block-rbcwm-rbc-block rbc-block rbc-block-flush-bottom rbc-block-grey rbc-block-has-overlap rbc-block-small has-block-grey-background-color has-background\"><div class=\"container\"><div class=\"row \"><div class=\"col-lg-12\">\n<div class=\"wp-block-rbcwm-rbc-button alignfull rbc-button-block row no-gutters align-items-end b-white blockId-4c8b021a-072a-47a7-b3bd-5f8410f100f7 blockId-2ae0b1c9-a419-443e-a0f5-da60c315acf4 blockId-6a7c0e90-57c2-47db-87ab-2faf57bf6bec blockId-bfe03974-3a3f-4604-8673-3edeead4d617 blockId-5e797dea-9c87-4f67-8aca-b07a0c8e15b3 blockId-b4ca8833-da79-43cd-bbb6-4e9092f5eaff blockId-77238a53-1870-48ef-88ca-2a262d41f006 blockId-006d1259-5954-4584-a0e2-953a0f7776a1 blockId-91aa0a3f-0c99-4156-8f0e-7853730e071c blockId-739f7596-b2ac-434a-9812-4a9898f064b0 blockId-3bfa4c79-268e-4175-800a-a0ee8b35615b overlap-bottom\"><div class=\"rbc-card\"><div class=\"rbc-card-wrap\"><div class=\"rbc-card-body\"><div class=\"row\"><div class=\"col-lg-8\"><h3 class=\"mb-0 rbc-button-block-title\"><span>Laissez-nous vous guider<\/span><\/h3><hr class=\"hr-mini my-1-half bdr-accent\"\/>\n<p class=\"paragraph-intro\">Communiquez avec l&rsquo;un des professionnels du RBC Trust Royal pour en savoir plus sur les services qui pourraient vous convenir.<\/p>\n<\/div><\/div><\/div><\/div><\/div><div class=\"col-lg-7\"><a href=\"https:\/\/www.rbcwealthmanagement.com\/fr-ca\/royal-trust\/executor\" target=\"_self\" class=\"rbc-button rbc-button-block-cta rbc-button-large rbc-button-secondary rbc-button-block\" rel=\"noopener\"><div class=\"rbc-icon rbc-button-icon-right\"><i aria-hidden=\"true\" role=\"img\" class=\"rbc-icon-img fal fa-fal fa-angle-right\"><\/i><\/div><span>Demander un appel<\/span><\/a><\/div><div class=\"rbc-button-block-text-col d-flex col-lg-5\"><div class=\"rbc-button-block-text flex-grow-1\"><div><span><a href=\"tel:18558336511\">1-855-833-6511<\/a><\/span><\/div><\/div><\/div><\/div>\n<\/div><\/div><\/div><\/section>\n\n\n\n<section class=\"wp-block-rbcwm-rbc-block rbc-block rbc-block-grey rbc-footer-footnotes rbc-block-small has-block-grey-background-color has-background\"><div class=\"container\"><div class=\"row \"><div class=\"col-lg-12\">\n<div class=\"wp-block-group caption is-layout-flow wp-block-group-is-layout-flow\">\n<div class=\"row wrap blockId-9191256c-6ed7-440e-a196-bbc933bbe5fc\">\n<div class=\"wp-block-rbcwm-column col-lg-12\">\n<ul class=\"list-inline wp-block-list\">\n<li><a href=\"https:\/\/www.rbcroyalbank.com\/fr\/partners\/cdic\/index.html\" data-type=\"URL\" data-id=\"https:\/\/www.rbcroyalbank.com\/fr\/partners\/cdic\/index.html\" class=\"link-external\" target=\"_blank\" rel=\"noreferrer noopener\">Renseignements sur le participant \u00e0 la Soci\u00e9t\u00e9 d\u2019assurance-d\u00e9p\u00f4ts du Canada<\/a><\/li>\n\n\n\n<li><img loading=\"lazy\" decoding=\"async\" width=\"160\" height=\"73\" class=\"wp-image-9514\" style=\"width: 110px\" src=\"https:\/\/www.rbcwealthmanagement.com\/fr-ca\/wp-content\/uploads\/sites\/6\/2022\/06\/sadc-digital-symbol-fr.png\" alt=\"\"><\/li>\n<\/ul>\n<\/div>\n<\/div>\n<\/div>\n<\/div><\/div><\/div><\/section>\n","protected":false},"excerpt":{"rendered":"<p>Nos ressources peuvent vous fournir des informations utiles sur les fiducies.<\/p>\n","protected":false},"author":68,"featured_media":0,"parent":0,"menu_order":0,"comment_status":"closed","ping_status":"closed","template":"","meta":{"_acf_changed":false,"editor_notices":[],"rbc_url_alias":"royal-trust\/resource-centre\/trusts","footnotes":""},"rbcwm_content_owner":[677],"class_list":["post-3331","page","type-page","status-publish","hentry","rbcwm_content_owner-royal-trust"],"acf":[],"yoast_head":"<!-- This site is optimized with the Yoast SEO Premium plugin v24.8 (Yoast SEO v26.8) - https:\/\/yoast.com\/product\/yoast-seo-premium-wordpress\/ -->\n<title>Ressources pour les fiducies \u2013 RBC Trust Royal<\/title>\n<meta name=\"description\" content=\"Nos ressources peuvent vous fournir des informations utiles sur les fiducies.\" \/>\n<meta name=\"robots\" content=\"index, follow, max-snippet:-1, max-image-preview:large, max-video-preview:-1\" \/>\n<link rel=\"canonical\" href=\"https:\/\/www.rbcwealthmanagement.com\/fr-ca\/royal-trust\/resource-centre\/trusts\" \/>\n<meta property=\"og:locale\" content=\"fr_CA\" \/>\n<meta property=\"og:type\" content=\"article\" \/>\n<meta property=\"og:title\" content=\"Ressources pour les fiducies \u2013 RBC Trust Royal\" \/>\n<meta property=\"og:description\" content=\"Nos ressources peuvent vous fournir des informations utiles sur les fiducies.\" \/>\n<meta property=\"og:url\" content=\"https:\/\/www.rbcwealthmanagement.com\/fr-ca\/royal-trust\/resource-centre\/trusts\" \/>\n<meta property=\"og:site_name\" content=\"RBC Gestion de patrimoine\" \/>\n<meta property=\"article:modified_time\" content=\"2024-11-28T15:01:13+00:00\" \/>\n<meta property=\"og:image\" content=\"https:\/\/www.rbcwealthmanagement.com\/fr-ca\/wp-content\/uploads\/sites\/6\/2023\/02\/share-logo-1200x630-1.png\" \/>\n\t<meta property=\"og:image:width\" content=\"1200\" \/>\n\t<meta property=\"og:image:height\" content=\"630\" \/>\n\t<meta property=\"og:image:type\" content=\"image\/png\" \/>\n<meta name=\"twitter:card\" content=\"summary_large_image\" \/>\n<meta name=\"twitter:title\" content=\"Ressources pour les fiducies \u2013 RBC Trust Royal\" \/>\n<meta name=\"twitter:description\" content=\"Nos ressources peuvent vous fournir des informations utiles sur les fiducies.\" \/>\n<meta name=\"twitter:label1\" content=\"Est. reading time\" \/>\n\t<meta name=\"twitter:data1\" content=\"2 minutes\" \/>\n<script type=\"application\/ld+json\" class=\"yoast-schema-graph\">{\"@context\":\"https:\/\/schema.org\",\"@graph\":[{\"@type\":\"WebPage\",\"@id\":\"https:\/\/www.rbcwealthmanagement.com\/fr-ca\/royal-trust\/resource-centre\/trusts\",\"url\":\"https:\/\/www.rbcwealthmanagement.com\/fr-ca\/royal-trust\/resource-centre\/trusts\",\"name\":\"Ressources pour les fiducies \u2013 RBC Trust Royal\",\"isPartOf\":{\"@id\":\"https:\/\/www.rbcwealthmanagement.com\/fr-ca\/#website\"},\"datePublished\":\"2021-11-22T11:17:08+00:00\",\"dateModified\":\"2024-11-28T15:01:13+00:00\",\"description\":\"Nos ressources peuvent vous fournir des informations utiles sur les fiducies.\",\"breadcrumb\":{\"@id\":\"https:\/\/www.rbcwealthmanagement.com\/fr-ca\/royal-trust\/resource-centre\/trusts#breadcrumb\"},\"inLanguage\":\"fr-CA\",\"potentialAction\":[{\"@type\":\"ReadAction\",\"target\":[\"https:\/\/www.rbcwealthmanagement.com\/fr-ca\/royal-trust\/resource-centre\/trusts\"]}]},{\"@type\":\"BreadcrumbList\",\"@id\":\"https:\/\/www.rbcwealthmanagement.com\/fr-ca\/royal-trust\/resource-centre\/trusts#breadcrumb\",\"itemListElement\":[{\"@type\":\"ListItem\",\"position\":1,\"name\":\"Home\",\"item\":\"https:\/\/www.rbcwealthmanagement.com\/fr-ca\/\"},{\"@type\":\"ListItem\",\"position\":2,\"name\":\"Ressources pour les fiducies \u2013 RBC Trust Royal\"}]},{\"@type\":\"WebSite\",\"@id\":\"https:\/\/www.rbcwealthmanagement.com\/fr-ca\/#website\",\"url\":\"https:\/\/www.rbcwealthmanagement.com\/fr-ca\/\",\"name\":\"RBC Gestion de patrimoine\",\"description\":\"\",\"publisher\":{\"@id\":\"https:\/\/www.rbcwealthmanagement.com\/fr-ca\/#organization\"},\"potentialAction\":[{\"@type\":\"SearchAction\",\"target\":{\"@type\":\"EntryPoint\",\"urlTemplate\":\"https:\/\/www.rbcwealthmanagement.com\/fr-ca\/?s={search_term_string}\"},\"query-input\":{\"@type\":\"PropertyValueSpecification\",\"valueRequired\":true,\"valueName\":\"search_term_string\"}}],\"inLanguage\":\"fr-CA\"},{\"@type\":\"Organization\",\"@id\":\"https:\/\/www.rbcwealthmanagement.com\/fr-ca\/#organization\",\"name\":\"RBC Gestion de Patrimoine\",\"alternateName\":\"RBC Gestion de Patrimoine\",\"url\":\"https:\/\/www.rbcwealthmanagement.com\/fr-ca\/\",\"logo\":{\"@type\":\"ImageObject\",\"inLanguage\":\"fr-CA\",\"@id\":\"https:\/\/www.rbcwealthmanagement.com\/fr-ca\/#\/schema\/logo\/image\/\",\"url\":\"https:\/\/www.rbcwealthmanagement.com\/fr-ca\/wp-content\/uploads\/sites\/6\/2023\/02\/rbc.png\",\"contentUrl\":\"https:\/\/www.rbcwealthmanagement.com\/fr-ca\/wp-content\/uploads\/sites\/6\/2023\/02\/rbc.png\",\"width\":3000,\"height\":2000,\"caption\":\"RBC Gestion de Patrimoine\"},\"image\":{\"@id\":\"https:\/\/www.rbcwealthmanagement.com\/fr-ca\/#\/schema\/logo\/image\/\"}}]}<\/script>\n<!-- \/ Yoast SEO Premium plugin. -->","yoast_head_json":{"title":"Ressources pour les fiducies \u2013 RBC Trust Royal","description":"Nos ressources peuvent vous fournir des informations utiles sur les fiducies.","robots":{"index":"index","follow":"follow","max-snippet":"max-snippet:-1","max-image-preview":"max-image-preview:large","max-video-preview":"max-video-preview:-1"},"canonical":"https:\/\/www.rbcwealthmanagement.com\/fr-ca\/royal-trust\/resource-centre\/trusts","og_locale":"fr_CA","og_type":"article","og_title":"Ressources pour les fiducies \u2013 RBC Trust Royal","og_description":"Nos ressources peuvent vous fournir des informations utiles sur les fiducies.","og_url":"https:\/\/www.rbcwealthmanagement.com\/fr-ca\/royal-trust\/resource-centre\/trusts","og_site_name":"RBC Gestion de patrimoine","article_modified_time":"2024-11-28T15:01:13+00:00","og_image":[{"width":1200,"height":630,"url":"https:\/\/www.rbcwealthmanagement.com\/fr-ca\/wp-content\/uploads\/sites\/6\/2023\/02\/share-logo-1200x630-1.png","type":"image\/png"}],"twitter_card":"summary_large_image","twitter_title":"Ressources pour les fiducies \u2013 RBC Trust Royal","twitter_description":"Nos ressources peuvent vous fournir des informations utiles sur les fiducies.","twitter_misc":{"Est. reading time":"2 minutes"},"schema":{"@context":"https:\/\/schema.org","@graph":[{"@type":"WebPage","@id":"https:\/\/www.rbcwealthmanagement.com\/fr-ca\/royal-trust\/resource-centre\/trusts","url":"https:\/\/www.rbcwealthmanagement.com\/fr-ca\/royal-trust\/resource-centre\/trusts","name":"Ressources pour les fiducies \u2013 RBC Trust Royal","isPartOf":{"@id":"https:\/\/www.rbcwealthmanagement.com\/fr-ca\/#website"},"datePublished":"2021-11-22T11:17:08+00:00","dateModified":"2024-11-28T15:01:13+00:00","description":"Nos ressources peuvent vous fournir des informations utiles sur les fiducies.","breadcrumb":{"@id":"https:\/\/www.rbcwealthmanagement.com\/fr-ca\/royal-trust\/resource-centre\/trusts#breadcrumb"},"inLanguage":"fr-CA","potentialAction":[{"@type":"ReadAction","target":["https:\/\/www.rbcwealthmanagement.com\/fr-ca\/royal-trust\/resource-centre\/trusts"]}]},{"@type":"BreadcrumbList","@id":"https:\/\/www.rbcwealthmanagement.com\/fr-ca\/royal-trust\/resource-centre\/trusts#breadcrumb","itemListElement":[{"@type":"ListItem","position":1,"name":"Home","item":"https:\/\/www.rbcwealthmanagement.com\/fr-ca\/"},{"@type":"ListItem","position":2,"name":"Ressources pour les fiducies \u2013 RBC Trust Royal"}]},{"@type":"WebSite","@id":"https:\/\/www.rbcwealthmanagement.com\/fr-ca\/#website","url":"https:\/\/www.rbcwealthmanagement.com\/fr-ca\/","name":"RBC Gestion de patrimoine","description":"","publisher":{"@id":"https:\/\/www.rbcwealthmanagement.com\/fr-ca\/#organization"},"potentialAction":[{"@type":"SearchAction","target":{"@type":"EntryPoint","urlTemplate":"https:\/\/www.rbcwealthmanagement.com\/fr-ca\/?s={search_term_string}"},"query-input":{"@type":"PropertyValueSpecification","valueRequired":true,"valueName":"search_term_string"}}],"inLanguage":"fr-CA"},{"@type":"Organization","@id":"https:\/\/www.rbcwealthmanagement.com\/fr-ca\/#organization","name":"RBC Gestion de Patrimoine","alternateName":"RBC Gestion de Patrimoine","url":"https:\/\/www.rbcwealthmanagement.com\/fr-ca\/","logo":{"@type":"ImageObject","inLanguage":"fr-CA","@id":"https:\/\/www.rbcwealthmanagement.com\/fr-ca\/#\/schema\/logo\/image\/","url":"https:\/\/www.rbcwealthmanagement.com\/fr-ca\/wp-content\/uploads\/sites\/6\/2023\/02\/rbc.png","contentUrl":"https:\/\/www.rbcwealthmanagement.com\/fr-ca\/wp-content\/uploads\/sites\/6\/2023\/02\/rbc.png","width":3000,"height":2000,"caption":"RBC Gestion de Patrimoine"},"image":{"@id":"https:\/\/www.rbcwealthmanagement.com\/fr-ca\/#\/schema\/logo\/image\/"}}]}},"jetpack_sharing_enabled":true,"publishpress_future_action":{"enabled":false,"date":"2026-04-25 04:32:51","action":"change-status","newStatus":"draft","terms":[],"taxonomy":"rbcwm_content_owner","extraData":[]},"publishpress_future_workflow_manual_trigger":{"enabledWorkflows":[]},"distributor_meta":false,"distributor_terms":false,"distributor_media":false,"distributor_original_site_name":"RBC Gestion de patrimoine","distributor_original_site_url":"https:\/\/www.rbcwealthmanagement.com\/fr-ca","push-errors":false,"last_revision_date":"2025-05-28 10:37:06","_links":{"self":[{"href":"https:\/\/www.rbcwealthmanagement.com\/fr-ca\/wp-json\/wp\/v2\/pages\/3331","targetHints":{"allow":["GET"]}}],"collection":[{"href":"https:\/\/www.rbcwealthmanagement.com\/fr-ca\/wp-json\/wp\/v2\/pages"}],"about":[{"href":"https:\/\/www.rbcwealthmanagement.com\/fr-ca\/wp-json\/wp\/v2\/types\/page"}],"author":[{"embeddable":true,"href":"https:\/\/www.rbcwealthmanagement.com\/fr-ca\/wp-json\/wp\/v2\/users\/68"}],"replies":[{"embeddable":true,"href":"https:\/\/www.rbcwealthmanagement.com\/fr-ca\/wp-json\/wp\/v2\/comments?post=3331"}],"version-history":[{"count":16,"href":"https:\/\/www.rbcwealthmanagement.com\/fr-ca\/wp-json\/wp\/v2\/pages\/3331\/revisions"}],"predecessor-version":[{"id":25107,"href":"https:\/\/www.rbcwealthmanagement.com\/fr-ca\/wp-json\/wp\/v2\/pages\/3331\/revisions\/25107"}],"wp:attachment":[{"href":"https:\/\/www.rbcwealthmanagement.com\/fr-ca\/wp-json\/wp\/v2\/media?parent=3331"}],"wp:term":[{"taxonomy":"rbcwm_content_owner","embeddable":true,"href":"https:\/\/www.rbcwealthmanagement.com\/fr-ca\/wp-json\/wp\/v2\/rbcwm_content_owner?post=3331"}],"curies":[{"name":"wp","href":"https:\/\/api.w.org\/{rel}","templated":true}]}}