{"id":3336,"date":"2021-11-21T10:25:45","date_gmt":"2021-11-21T10:25:45","guid":{"rendered":"https:\/\/www.rbcwealthmanagement.com\/fr-ca\/story-the-value-of-having-a-partner-look-after-all-of-the-details\/"},"modified":"2025-04-01T16:16:25","modified_gmt":"2025-04-01T20:16:25","slug":"story-the-value-of-having-a-partner-look-after-all-of-the-details","status":"publish","type":"page","link":"https:\/\/www.rbcwealthmanagement.com\/fr-ca\/royal-trust\/story\/the-value-of-having-a-partner-look-after-all-of-the-details","title":{"rendered":"L&rsquo;importance d&rsquo;avoir un partenaire qui s&rsquo;occupe de tous les d\u00e9tails"},"content":{"rendered":"\n<div class=\"wp-block-rbcwm-hero-block rbc-hero-wm  rbc-hero-overlap rbc-hero-overlap-mobile rbc-hero-x4qrbf0o1 hide-mobile-energy-lines\"><style>\n\t\t.rbc-hero-x4qrbf0o1.is-style-rbc-hero-gradient::before {\n\t\t\tbackground: linear-gradient(90deg, #023169 20%, rgba(94, 120, 131, 0) 60%);\n\t\t}\n\n\t\t.rbc-hero-x4qrbf0o1.is-style-rbc-hero-gradient.rbc-hero-has-image-bleed::before {\n\t\t\tbackground: linear-gradient(90deg, #023169 20%, rgba(94, 120, 131, 0) 60%);\n\t\t}\n\n\t\t.rbc-hero-x4qrbf0o1.is-style-rbc-hero-gradient.rbc-hero-has-image-bottom::before {\n\t\t\tbackground: linear-gradient(180deg, #023169 20%, rgba(94, 120, 131, 0) 60%);\n\t\t}\n\n\t\t.rbc-hero-x4qrbf0o1 .rbc-hero-energy-lines.rbc-hero-energy-lines-left {\n\t\t\ttransform: scaleX(-1);\n\t\t}\n\n\t\t@media (max-width: 991px) {\n\t\t\t.rbc-hero-x4qrbf0o1.is-style-rbc-hero-gradient::before,\n\t\t\t.rbc-hero-x4qrbf0o1.is-style-rbc-hero-gradient.rbc-hero-has-image-bottom::before,\n\t\t\t.rbc-hero-x4qrbf0o1.is-style-rbc-hero-gradient.rbc-hero-has-image-bleed::before {\n\t\t\t\tbackground: none;\n\t\t\t}\n\n\t\t\t.rbc-hero-x4qrbf0o1.rbc-hero-has-image-full.hide-mobile-energy-lines .rbc-hero-energy-lines {\n\t\t\t\tdisplay: none;\n\t\t\t}\n\n\t\t\t.wp-block-rbcwm-hero-block.rbc-hero-x4qrbf0o1.is-style-rbc-hero-gradient .rbc-hero-img-wrap::after {\n\t\t\t\tbackground: linear-gradient( 0deg, #023169 0%, rgba(94, 120, 131, 0) 25% );\n\t\t\t}\n\t\t\t\n\t\t\t.wp-block-rbcwm-hero-block.rbc-hero-x4qrbf0o1.is-style-rbc-hero-gradient.rbc-hero-has-image-bottom .rbc-hero-img-wrap::before,\n            .wp-block-rbcwm-hero-block.rbc-hero-x4qrbf0o1.is-style-rbc-hero-gradient.rbc-hero-has-image-bottom .container .rbc-hero-img-wrap::before {\n\t\t\t\tbackground: linear-gradient( 180deg, #023169 0%, rgba( 94, 120, 131, 0 ) 25% );\n\t\t\t}\n\t\t\t\n\t\t\t.wp-block-rbcwm-hero-block.rbc-hero-x4qrbf0o1.is-style-rbc-hero-gradient .rbc-hero-card {\n\t\t\t\tbackground: #023169;\n\t\t\t}\n\t\t}\n\t<\/style><div class=\"container\"><div class=\"row no-gutters\"><div class=\"col-lg-12 rbc-hero-card-content\"><div class=\"rbc-card rbc-hero-card rbc-hero has-content\"><div class=\"rbc-card-wrap\"><div class=\"rbc-card-body\"><div class=\"rbc-hero-body-content\"><h1 class=\"rbc-hero-title\"><span>L&rsquo;importance d&rsquo;avoir un partenaire qui s&rsquo;occupe de tous les d\u00e9tails<\/span><\/h1><span class=\"rbc-hero-category\"><span>LITT\u00c9RATIE FINANCI\u00c8RE<\/span><\/span><hr class=\"rbc-hero-hr hr-mini bdr-accent\"\/><\/div><\/div><\/div><\/div><\/div><div class=\"rbc-hero-img-wrap col-lg-5 order-2 order-lg-1\"><\/div><\/div><\/div><\/div>\n\n\n\n<section class=\"wp-block-rbcwm-rbc-block rbc-block rbc-block-well rbc-block-small rbc-block-grey has-block-grey-background-color has-background\"><div class=\"\"><div class=\"row \"><div class=\"col-lg-12\">\n<div class=\"wp-block-rbcwm-columns container\"><div class=\"row wrap blockId-79724abc-7bef-4c8c-be30-1a82ec01d8b1\">\n<div class=\"wp-block-rbcwm-column col-lg-9\">\n<h2 class=\"wp-block-heading\" id=\"h-lisez-le-temoignage-de-mike-pour-voir-comment-nos-services-lui-ont-permis-de-passer-plus-de-temps-avec-sa-famille\">Lisez le t\u00e9moignage de Mike pour voir comment nos services lui ont permis de passer plus de temps avec sa famille.<\/h2>\n\n\n\n<p>Michel a 47 ans. Il est mari\u00e9 et p\u00e8re de deux enfants. Il est le directeur des ventes d\u2019une soci\u00e9t\u00e9 manufacturi\u00e8re, ce qui l\u2019am\u00e8ne \u00e0 voyager souvent. Il fait aussi beaucoup de b\u00e9n\u00e9volat dans sa collectivit\u00e9 et entra\u00eene l\u2019\u00e9quipe de hockey de son fils.<\/p>\n\n\n\n<p>Le p\u00e8re de Michel, Jean, qui est veuf, a r\u00e9cemment \u00e9t\u00e9 victime d\u2019un accident vasculaire c\u00e9r\u00e9bral soudain et, depuis, il n\u2019est plus apte \u00e0 prendre des d\u00e9cisions \u00e0 l\u2019\u00e9gard de ses finances ou de ses soins personnels. Il est pr\u00e9cis\u00e9 dans le mandat aux biens et dans le mandat aux soins personnels et aux soins de sant\u00e9 que Jean d\u00e9signe Michel comme son mandataire. Outre le fait de prendre les d\u00e9cisions li\u00e9es aux soins m\u00e9dicaux prodigu\u00e9s \u00e0 son p\u00e8re, Michel a aussi d\u00fb assumer la responsabilit\u00e9 de g\u00e9rer ses finances.<\/p>\n\n\n\n<p>Michel avait peine \u00e0 faire entrer toutes ses activit\u00e9s dans son horaire et il a re\u00e7u des avis de versement en souffrance pour des factures impay\u00e9es au titre de la maison familiale. Par ailleurs, on a aussi conseill\u00e9 \u00e0 Michel de prendre des dispositions pour que son p\u00e8re puisse recevoir des soins de sant\u00e9 ailleurs qu\u2019\u00e0 la maison familiale, o\u00f9 il ne pourrait plus vivre de fa\u00e7on autonome.<\/p>\n\n\n\n<p>\u00c0 la grande surprise de Michel, son p\u00e8re avait fait affaire avec de nombreuses institutions financi\u00e8res, d\u00e9tenait des certificats d\u2019actions dans un coffre et avait en sa possession plusieurs ch\u00e8ques de dividendes non encaiss\u00e9s. Michel s\u2019est rendu compte qu\u2019il aurait besoin d\u2019un coup de main pour simplifier la gestion des finances de son p\u00e8re.<\/p>\n\n\n\n<p>Une amie proche de Michel lui a recommand\u00e9 de rencontrer le conseiller de RBC Trust Royal qui l\u2019avait aid\u00e9e lorsqu\u2019elle \u00e9tait dans la m\u00eame situation. Apr\u00e8s avoir rencontr\u00e9 le conseiller,Michel :<\/p>\n\n\n\n<ul class=\"wp-block-list\">\n<li>pr\u00e9parer un inventaire complet et d\u00e9taill\u00e9 des actifs de son p\u00e8re ainsi qu\u2019un \u00e9tat des flux de tr\u00e9sorerie \u00e0 mettre \u00e0 jour chaque ann\u00e9e ;<\/li>\n\n\n\n<li>consolider les actifs de son p\u00e8re dans un seul compte ;<\/li>\n\n\n\n<li>r\u00e9acheminer les ch\u00e8ques de pension d\u2019entreprise et de l\u2019\u00c9tat adress\u00e9s \u00e0 son p\u00e8re afin qu\u2019ils soient automatiquement d\u00e9pos\u00e9s dans le compte ;<\/li>\n\n\n\n<li>r\u00e9acheminer au groupe RBC Trust Royal toutes les factures de son p\u00e8re \u00e0 des fins de paiement ;<\/li>\n\n\n\n<li>faciliter le processus de vente de la maison familiale ;<\/li>\n\n\n\n<li>pr\u00e9parer et produire la d\u00e9claration de revenus annuelle de son p\u00e8re et notamment payer ses acomptes provisionnels trimestriels ;<\/li>\n\n\n\n<li>prendre les dispositions n\u00e9cessaires pour la gestion des actifs investissables de son p\u00e8re ;<\/li>\n\n\n\n<li>fournir des relev\u00e9s de compte trimestriels.<\/li>\n<\/ul>\n\n\n\n<p>Michel a \u00e9t\u00e9 tr\u00e8s satisfait de la compassion, du professionnalisme et de l\u2019expertise de l\u2019\u00e9quipe RBC. Il n\u2019a d\u00e9sormais plus \u00e0 s\u2019inqui\u00e9ter des finances de son p\u00e8re et peut donc passer plus de bons moments avec lui et les autres membres de sa famille.<\/p>\n<\/div>\n<\/div><\/div>\n<\/div><\/div><\/div><\/section>\n\n\n\n<section class=\"wp-block-rbcwm-rbc-block rbc-block rbc-block-well rbc-block-flush-bottom rbc-block-small rbc-block-grey has-block-grey-background-color has-background\"><div class=\"\"><div class=\"row \"><div class=\"col-lg-12\">\n<div class=\"wp-block-rbcwm-rbc-button alignfull rbc-button-block row no-gutters align-items-end b-white blockId-bbbb0624-8f97-4a38-adb7-0a5bbd52cfca blockId-343adb99-8de4-4c0b-a978-011685ee6d58 overlap-bottom font-size-2\"><div class=\"rbc-card\"><div class=\"rbc-card-wrap\"><div class=\"rbc-card-body\"><div class=\"row\"><div class=\"col-lg-8\"><h3 class=\"mb-0 rbc-button-block-title\"><span>Laissez-nous vous guider<\/span><\/h3><hr class=\"hr-mini my-1-half bdr-accent\"\/>\n<p class=\"paragraph-intro\">Communiquez avec l&rsquo;un des professionnels du RBC Trust Royal pour en savoir plus sur les services qui pourraient vous convenir.<\/p>\n<\/div><\/div><\/div><\/div><\/div><div class=\"col-lg-7\"><a href=\"https:\/\/www.rbcwealthmanagement.com\/fr-ca\/royal-trust\/contact\" class=\"rbc-button rbc-button-block-cta rbc-button-large rbc-button-secondary rbc-button-block\" rel=\"noopener\"><div class=\"rbc-icon rbc-button-icon-right\"><i aria-hidden=\"true\" role=\"img\" class=\"rbc-icon-img fal fa-fal fa-angle-right\"><\/i><\/div><span>Demander un appel<\/span><\/a><\/div><div class=\"rbc-button-block-text-col d-flex col-lg-5\"><div class=\"rbc-button-block-text flex-grow-1\"><div><span><a href=\"tel:18558336511\" class=\"link-underline\" target=\"_blank\" rel=\"noreferrer noopener\">1-855-833-6511<\/a><\/span><\/div><\/div><\/div><\/div>\n<\/div><\/div><\/div><\/section>\n","protected":false},"excerpt":{"rendered":"","protected":false},"author":68,"featured_media":21283,"parent":0,"menu_order":0,"comment_status":"closed","ping_status":"closed","template":"","meta":{"_acf_changed":false,"editor_notices":[],"rbc_url_alias":"royal-trust\/story\/the-value-of-having-a-partner-look-after-all-of-the-details","footnotes":""},"rbcwm_content_owner":[],"class_list":["post-3336","page","type-page","status-publish","has-post-thumbnail","hentry"],"acf":[],"yoast_head":"<!-- This site is optimized with the Yoast SEO Premium plugin v24.8 (Yoast SEO v26.8) - https:\/\/yoast.com\/product\/yoast-seo-premium-wordpress\/ -->\n<title>L&#039;importance d&#039;avoir un partenaire qui s&#039;occupe de tous les d\u00e9tails - RBC Gestion de patrimoine<\/title>\n<meta name=\"description\" content=\"L&#039;importance d&#039;avoir un partenaire qui s&#039;occupe de tous les d\u00e9tailsLITT\u00c9RATIE FINANCI\u00c8RE Lisez le t\u00e9moignage de Mike pour voir comment nos services lui\" \/>\n<meta name=\"robots\" content=\"index, follow, max-snippet:-1, max-image-preview:large, max-video-preview:-1\" \/>\n<link rel=\"canonical\" href=\"https:\/\/www.rbcwealthmanagement.com\/fr-ca\/royal-trust\/story\/the-value-of-having-a-partner-look-after-all-of-the-details\" \/>\n<meta property=\"og:locale\" content=\"fr_CA\" \/>\n<meta property=\"og:type\" content=\"article\" \/>\n<meta property=\"og:title\" content=\"L&#039;importance d&#039;avoir un partenaire qui s&#039;occupe de tous les d\u00e9tails\" \/>\n<meta property=\"og:description\" content=\"L&#039;importance d&#039;avoir un partenaire qui s&#039;occupe de tous les d\u00e9tailsLITT\u00c9RATIE FINANCI\u00c8RE Lisez le t\u00e9moignage de Mike pour voir comment nos services lui\" \/>\n<meta property=\"og:url\" content=\"https:\/\/www.rbcwealthmanagement.com\/fr-ca\/royal-trust\/story\/the-value-of-having-a-partner-look-after-all-of-the-details\" \/>\n<meta property=\"og:site_name\" content=\"RBC Gestion de patrimoine\" \/>\n<meta property=\"article:modified_time\" content=\"2025-04-01T20:16:25+00:00\" \/>\n<meta property=\"og:image\" content=\"https:\/\/www.rbcwealthmanagement.com\/fr-ca\/wp-content\/uploads\/sites\/6\/2024\/04\/grandparents-grandson-storytime-thumb.jpeg\" \/>\n\t<meta property=\"og:image:width\" content=\"449\" \/>\n\t<meta property=\"og:image:height\" content=\"299\" \/>\n\t<meta property=\"og:image:type\" content=\"image\/jpeg\" \/>\n<meta name=\"twitter:card\" content=\"summary_large_image\" \/>\n<meta name=\"twitter:title\" content=\"L&#039;importance d&#039;avoir un partenaire qui s&#039;occupe de tous les d\u00e9tails\" \/>\n<meta name=\"twitter:label1\" content=\"Est. reading time\" \/>\n\t<meta name=\"twitter:data1\" content=\"3 minutes\" \/>\n<script type=\"application\/ld+json\" class=\"yoast-schema-graph\">{\"@context\":\"https:\/\/schema.org\",\"@graph\":[{\"@type\":\"WebPage\",\"@id\":\"https:\/\/www.rbcwealthmanagement.com\/fr-ca\/royal-trust\/story\/the-value-of-having-a-partner-look-after-all-of-the-details\",\"url\":\"https:\/\/www.rbcwealthmanagement.com\/fr-ca\/royal-trust\/story\/the-value-of-having-a-partner-look-after-all-of-the-details\",\"name\":\"L'importance d'avoir un partenaire qui s'occupe de tous les d\u00e9tails - RBC Gestion de patrimoine\",\"isPartOf\":{\"@id\":\"https:\/\/www.rbcwealthmanagement.com\/fr-ca\/#website\"},\"primaryImageOfPage\":{\"@id\":\"https:\/\/www.rbcwealthmanagement.com\/fr-ca\/royal-trust\/story\/the-value-of-having-a-partner-look-after-all-of-the-details#primaryimage\"},\"image\":{\"@id\":\"https:\/\/www.rbcwealthmanagement.com\/fr-ca\/royal-trust\/story\/the-value-of-having-a-partner-look-after-all-of-the-details#primaryimage\"},\"thumbnailUrl\":\"https:\/\/www.rbcwealthmanagement.com\/fr-ca\/wp-content\/uploads\/sites\/6\/2024\/04\/grandparents-grandson-storytime-thumb.jpeg\",\"datePublished\":\"2021-11-21T10:25:45+00:00\",\"dateModified\":\"2025-04-01T20:16:25+00:00\",\"description\":\"L'importance d'avoir un partenaire qui s'occupe de tous les d\u00e9tailsLITT\u00c9RATIE FINANCI\u00c8RE Lisez le t\u00e9moignage de Mike pour voir comment nos services lui\",\"breadcrumb\":{\"@id\":\"https:\/\/www.rbcwealthmanagement.com\/fr-ca\/royal-trust\/story\/the-value-of-having-a-partner-look-after-all-of-the-details#breadcrumb\"},\"inLanguage\":\"fr-CA\",\"potentialAction\":[{\"@type\":\"ReadAction\",\"target\":[\"https:\/\/www.rbcwealthmanagement.com\/fr-ca\/royal-trust\/story\/the-value-of-having-a-partner-look-after-all-of-the-details\"]}]},{\"@type\":\"ImageObject\",\"inLanguage\":\"fr-CA\",\"@id\":\"https:\/\/www.rbcwealthmanagement.com\/fr-ca\/royal-trust\/story\/the-value-of-having-a-partner-look-after-all-of-the-details#primaryimage\",\"url\":\"https:\/\/www.rbcwealthmanagement.com\/fr-ca\/wp-content\/uploads\/sites\/6\/2024\/04\/grandparents-grandson-storytime-thumb.jpeg\",\"contentUrl\":\"https:\/\/www.rbcwealthmanagement.com\/fr-ca\/wp-content\/uploads\/sites\/6\/2024\/04\/grandparents-grandson-storytime-thumb.jpeg\",\"width\":449,\"height\":299},{\"@type\":\"BreadcrumbList\",\"@id\":\"https:\/\/www.rbcwealthmanagement.com\/fr-ca\/royal-trust\/story\/the-value-of-having-a-partner-look-after-all-of-the-details#breadcrumb\",\"itemListElement\":[{\"@type\":\"ListItem\",\"position\":1,\"name\":\"Home\",\"item\":\"https:\/\/www.rbcwealthmanagement.com\/fr-ca\/\"},{\"@type\":\"ListItem\",\"position\":2,\"name\":\"L&#8217;importance d&#8217;avoir un partenaire qui s&#8217;occupe de tous les d\u00e9tails\"}]},{\"@type\":\"WebSite\",\"@id\":\"https:\/\/www.rbcwealthmanagement.com\/fr-ca\/#website\",\"url\":\"https:\/\/www.rbcwealthmanagement.com\/fr-ca\/\",\"name\":\"RBC Gestion de patrimoine\",\"description\":\"\",\"publisher\":{\"@id\":\"https:\/\/www.rbcwealthmanagement.com\/fr-ca\/#organization\"},\"potentialAction\":[{\"@type\":\"SearchAction\",\"target\":{\"@type\":\"EntryPoint\",\"urlTemplate\":\"https:\/\/www.rbcwealthmanagement.com\/fr-ca\/?s={search_term_string}\"},\"query-input\":{\"@type\":\"PropertyValueSpecification\",\"valueRequired\":true,\"valueName\":\"search_term_string\"}}],\"inLanguage\":\"fr-CA\"},{\"@type\":\"Organization\",\"@id\":\"https:\/\/www.rbcwealthmanagement.com\/fr-ca\/#organization\",\"name\":\"RBC Gestion de Patrimoine\",\"alternateName\":\"RBC Gestion de Patrimoine\",\"url\":\"https:\/\/www.rbcwealthmanagement.com\/fr-ca\/\",\"logo\":{\"@type\":\"ImageObject\",\"inLanguage\":\"fr-CA\",\"@id\":\"https:\/\/www.rbcwealthmanagement.com\/fr-ca\/#\/schema\/logo\/image\/\",\"url\":\"https:\/\/www.rbcwealthmanagement.com\/fr-ca\/wp-content\/uploads\/sites\/6\/2023\/02\/rbc.png\",\"contentUrl\":\"https:\/\/www.rbcwealthmanagement.com\/fr-ca\/wp-content\/uploads\/sites\/6\/2023\/02\/rbc.png\",\"width\":3000,\"height\":2000,\"caption\":\"RBC Gestion de Patrimoine\"},\"image\":{\"@id\":\"https:\/\/www.rbcwealthmanagement.com\/fr-ca\/#\/schema\/logo\/image\/\"}}]}<\/script>\n<!-- \/ Yoast SEO Premium plugin. -->","yoast_head_json":{"title":"L'importance d'avoir un partenaire qui s'occupe de tous les d\u00e9tails - RBC Gestion de patrimoine","description":"L'importance d'avoir un partenaire qui s'occupe de tous les d\u00e9tailsLITT\u00c9RATIE FINANCI\u00c8RE Lisez le t\u00e9moignage de Mike pour voir comment nos services lui","robots":{"index":"index","follow":"follow","max-snippet":"max-snippet:-1","max-image-preview":"max-image-preview:large","max-video-preview":"max-video-preview:-1"},"canonical":"https:\/\/www.rbcwealthmanagement.com\/fr-ca\/royal-trust\/story\/the-value-of-having-a-partner-look-after-all-of-the-details","og_locale":"fr_CA","og_type":"article","og_title":"L'importance d'avoir un partenaire qui s'occupe de tous les d\u00e9tails","og_description":"L'importance d'avoir un partenaire qui s'occupe de tous les d\u00e9tailsLITT\u00c9RATIE FINANCI\u00c8RE Lisez le t\u00e9moignage de Mike pour voir comment nos services lui","og_url":"https:\/\/www.rbcwealthmanagement.com\/fr-ca\/royal-trust\/story\/the-value-of-having-a-partner-look-after-all-of-the-details","og_site_name":"RBC Gestion de patrimoine","article_modified_time":"2025-04-01T20:16:25+00:00","og_image":[{"width":449,"height":299,"url":"https:\/\/www.rbcwealthmanagement.com\/fr-ca\/wp-content\/uploads\/sites\/6\/2024\/04\/grandparents-grandson-storytime-thumb.jpeg","type":"image\/jpeg"}],"twitter_card":"summary_large_image","twitter_title":"L'importance d'avoir un partenaire qui s'occupe de tous les d\u00e9tails","twitter_misc":{"Est. reading time":"3 minutes"},"schema":{"@context":"https:\/\/schema.org","@graph":[{"@type":"WebPage","@id":"https:\/\/www.rbcwealthmanagement.com\/fr-ca\/royal-trust\/story\/the-value-of-having-a-partner-look-after-all-of-the-details","url":"https:\/\/www.rbcwealthmanagement.com\/fr-ca\/royal-trust\/story\/the-value-of-having-a-partner-look-after-all-of-the-details","name":"L'importance d'avoir un partenaire qui s'occupe de tous les d\u00e9tails - RBC Gestion de patrimoine","isPartOf":{"@id":"https:\/\/www.rbcwealthmanagement.com\/fr-ca\/#website"},"primaryImageOfPage":{"@id":"https:\/\/www.rbcwealthmanagement.com\/fr-ca\/royal-trust\/story\/the-value-of-having-a-partner-look-after-all-of-the-details#primaryimage"},"image":{"@id":"https:\/\/www.rbcwealthmanagement.com\/fr-ca\/royal-trust\/story\/the-value-of-having-a-partner-look-after-all-of-the-details#primaryimage"},"thumbnailUrl":"https:\/\/www.rbcwealthmanagement.com\/fr-ca\/wp-content\/uploads\/sites\/6\/2024\/04\/grandparents-grandson-storytime-thumb.jpeg","datePublished":"2021-11-21T10:25:45+00:00","dateModified":"2025-04-01T20:16:25+00:00","description":"L'importance d'avoir un partenaire qui s'occupe de tous les d\u00e9tailsLITT\u00c9RATIE FINANCI\u00c8RE Lisez le t\u00e9moignage de Mike pour voir comment nos services lui","breadcrumb":{"@id":"https:\/\/www.rbcwealthmanagement.com\/fr-ca\/royal-trust\/story\/the-value-of-having-a-partner-look-after-all-of-the-details#breadcrumb"},"inLanguage":"fr-CA","potentialAction":[{"@type":"ReadAction","target":["https:\/\/www.rbcwealthmanagement.com\/fr-ca\/royal-trust\/story\/the-value-of-having-a-partner-look-after-all-of-the-details"]}]},{"@type":"ImageObject","inLanguage":"fr-CA","@id":"https:\/\/www.rbcwealthmanagement.com\/fr-ca\/royal-trust\/story\/the-value-of-having-a-partner-look-after-all-of-the-details#primaryimage","url":"https:\/\/www.rbcwealthmanagement.com\/fr-ca\/wp-content\/uploads\/sites\/6\/2024\/04\/grandparents-grandson-storytime-thumb.jpeg","contentUrl":"https:\/\/www.rbcwealthmanagement.com\/fr-ca\/wp-content\/uploads\/sites\/6\/2024\/04\/grandparents-grandson-storytime-thumb.jpeg","width":449,"height":299},{"@type":"BreadcrumbList","@id":"https:\/\/www.rbcwealthmanagement.com\/fr-ca\/royal-trust\/story\/the-value-of-having-a-partner-look-after-all-of-the-details#breadcrumb","itemListElement":[{"@type":"ListItem","position":1,"name":"Home","item":"https:\/\/www.rbcwealthmanagement.com\/fr-ca\/"},{"@type":"ListItem","position":2,"name":"L&#8217;importance d&#8217;avoir un partenaire qui s&#8217;occupe de tous les d\u00e9tails"}]},{"@type":"WebSite","@id":"https:\/\/www.rbcwealthmanagement.com\/fr-ca\/#website","url":"https:\/\/www.rbcwealthmanagement.com\/fr-ca\/","name":"RBC Gestion de patrimoine","description":"","publisher":{"@id":"https:\/\/www.rbcwealthmanagement.com\/fr-ca\/#organization"},"potentialAction":[{"@type":"SearchAction","target":{"@type":"EntryPoint","urlTemplate":"https:\/\/www.rbcwealthmanagement.com\/fr-ca\/?s={search_term_string}"},"query-input":{"@type":"PropertyValueSpecification","valueRequired":true,"valueName":"search_term_string"}}],"inLanguage":"fr-CA"},{"@type":"Organization","@id":"https:\/\/www.rbcwealthmanagement.com\/fr-ca\/#organization","name":"RBC Gestion de Patrimoine","alternateName":"RBC Gestion de Patrimoine","url":"https:\/\/www.rbcwealthmanagement.com\/fr-ca\/","logo":{"@type":"ImageObject","inLanguage":"fr-CA","@id":"https:\/\/www.rbcwealthmanagement.com\/fr-ca\/#\/schema\/logo\/image\/","url":"https:\/\/www.rbcwealthmanagement.com\/fr-ca\/wp-content\/uploads\/sites\/6\/2023\/02\/rbc.png","contentUrl":"https:\/\/www.rbcwealthmanagement.com\/fr-ca\/wp-content\/uploads\/sites\/6\/2023\/02\/rbc.png","width":3000,"height":2000,"caption":"RBC Gestion de Patrimoine"},"image":{"@id":"https:\/\/www.rbcwealthmanagement.com\/fr-ca\/#\/schema\/logo\/image\/"}}]}},"jetpack_sharing_enabled":true,"publishpress_future_action":{"enabled":false,"date":"2026-04-14 15:28:02","action":"change-status","newStatus":"draft","terms":[],"taxonomy":"rbcwm_content_owner","extraData":[]},"publishpress_future_workflow_manual_trigger":{"enabledWorkflows":[]},"distributor_meta":false,"distributor_terms":false,"distributor_media":false,"distributor_original_site_name":"RBC Gestion de patrimoine","distributor_original_site_url":"https:\/\/www.rbcwealthmanagement.com\/fr-ca","push-errors":false,"last_revision_date":"2025-04-01 16:16:24","_links":{"self":[{"href":"https:\/\/www.rbcwealthmanagement.com\/fr-ca\/wp-json\/wp\/v2\/pages\/3336","targetHints":{"allow":["GET"]}}],"collection":[{"href":"https:\/\/www.rbcwealthmanagement.com\/fr-ca\/wp-json\/wp\/v2\/pages"}],"about":[{"href":"https:\/\/www.rbcwealthmanagement.com\/fr-ca\/wp-json\/wp\/v2\/types\/page"}],"author":[{"embeddable":true,"href":"https:\/\/www.rbcwealthmanagement.com\/fr-ca\/wp-json\/wp\/v2\/users\/68"}],"replies":[{"embeddable":true,"href":"https:\/\/www.rbcwealthmanagement.com\/fr-ca\/wp-json\/wp\/v2\/comments?post=3336"}],"version-history":[{"count":9,"href":"https:\/\/www.rbcwealthmanagement.com\/fr-ca\/wp-json\/wp\/v2\/pages\/3336\/revisions"}],"predecessor-version":[{"id":25217,"href":"https:\/\/www.rbcwealthmanagement.com\/fr-ca\/wp-json\/wp\/v2\/pages\/3336\/revisions\/25217"}],"wp:featuredmedia":[{"embeddable":true,"href":"https:\/\/www.rbcwealthmanagement.com\/fr-ca\/wp-json\/wp\/v2\/media\/21283"}],"wp:attachment":[{"href":"https:\/\/www.rbcwealthmanagement.com\/fr-ca\/wp-json\/wp\/v2\/media?parent=3336"}],"wp:term":[{"taxonomy":"rbcwm_content_owner","embeddable":true,"href":"https:\/\/www.rbcwealthmanagement.com\/fr-ca\/wp-json\/wp\/v2\/rbcwm_content_owner?post=3336"}],"curies":[{"name":"wp","href":"https:\/\/api.w.org\/{rel}","templated":true}]}}