{"id":3338,"date":"2021-11-21T10:25:29","date_gmt":"2021-11-21T10:25:30","guid":{"rendered":"https:\/\/www.rbcwealthmanagement.com\/fr-ca\/story-welcomed-support-given-complex-family-dynamics\/"},"modified":"2025-04-01T16:15:22","modified_gmt":"2025-04-01T20:15:22","slug":"story-welcomed-support-given-complex-family-dynamics","status":"publish","type":"page","link":"https:\/\/www.rbcwealthmanagement.com\/fr-ca\/royal-trust\/story\/welcomed-support-given-complex-family-dynamics","title":{"rendered":"Un grand r\u00e9confort dans des contextes familiaux complexes"},"content":{"rendered":"\n<div class=\"wp-block-rbcwm-hero-block rbc-hero-wm  rbc-hero-overlap rbc-hero-overlap-mobile rbc-hero-mft63knup hide-mobile-energy-lines\"><style>\n\t\t.rbc-hero-mft63knup.is-style-rbc-hero-gradient::before {\n\t\t\tbackground: linear-gradient(90deg, #023169 20%, rgba(94, 120, 131, 0) 60%);\n\t\t}\n\n\t\t.rbc-hero-mft63knup.is-style-rbc-hero-gradient.rbc-hero-has-image-bleed::before {\n\t\t\tbackground: linear-gradient(90deg, #023169 20%, rgba(94, 120, 131, 0) 60%);\n\t\t}\n\n\t\t.rbc-hero-mft63knup.is-style-rbc-hero-gradient.rbc-hero-has-image-bottom::before {\n\t\t\tbackground: linear-gradient(180deg, #023169 20%, rgba(94, 120, 131, 0) 60%);\n\t\t}\n\n\t\t.rbc-hero-mft63knup .rbc-hero-energy-lines.rbc-hero-energy-lines-left {\n\t\t\ttransform: scaleX(-1);\n\t\t}\n\n\t\t@media (max-width: 991px) {\n\t\t\t.rbc-hero-mft63knup.is-style-rbc-hero-gradient::before,\n\t\t\t.rbc-hero-mft63knup.is-style-rbc-hero-gradient.rbc-hero-has-image-bottom::before,\n\t\t\t.rbc-hero-mft63knup.is-style-rbc-hero-gradient.rbc-hero-has-image-bleed::before {\n\t\t\t\tbackground: none;\n\t\t\t}\n\n\t\t\t.rbc-hero-mft63knup.rbc-hero-has-image-full.hide-mobile-energy-lines .rbc-hero-energy-lines {\n\t\t\t\tdisplay: none;\n\t\t\t}\n\n\t\t\t.wp-block-rbcwm-hero-block.rbc-hero-mft63knup.is-style-rbc-hero-gradient .rbc-hero-img-wrap::after {\n\t\t\t\tbackground: linear-gradient( 0deg, #023169 0%, rgba(94, 120, 131, 0) 25% );\n\t\t\t}\n\t\t\t\n\t\t\t.wp-block-rbcwm-hero-block.rbc-hero-mft63knup.is-style-rbc-hero-gradient.rbc-hero-has-image-bottom .rbc-hero-img-wrap::before,\n            .wp-block-rbcwm-hero-block.rbc-hero-mft63knup.is-style-rbc-hero-gradient.rbc-hero-has-image-bottom .container .rbc-hero-img-wrap::before {\n\t\t\t\tbackground: linear-gradient( 180deg, #023169 0%, rgba( 94, 120, 131, 0 ) 25% );\n\t\t\t}\n\t\t\t\n\t\t\t.wp-block-rbcwm-hero-block.rbc-hero-mft63knup.is-style-rbc-hero-gradient .rbc-hero-card {\n\t\t\t\tbackground: #023169;\n\t\t\t}\n\t\t}\n\t<\/style><div class=\"container\"><div class=\"row no-gutters\"><div class=\"col-lg-12 rbc-hero-card-content\"><div class=\"rbc-card rbc-hero-card rbc-hero has-content\"><div class=\"rbc-card-wrap\"><div class=\"rbc-card-body\"><div class=\"rbc-hero-body-content\"><h1 class=\"rbc-hero-title\"><span>Un grand r\u00e9confort dans des contextes familiaux complexes<\/span><\/h1><span class=\"rbc-hero-category\"><span>FINANCES FAMILIALES<\/span><\/span><hr class=\"rbc-hero-hr hr-mini bdr-accent\"\/><\/div><\/div><\/div><\/div><\/div><div class=\"rbc-hero-img-wrap col-lg-5 order-2 order-lg-1\"><\/div><\/div><\/div><\/div>\n\n\n\n<section class=\"wp-block-rbcwm-rbc-block rbc-block rbc-block-grey has-block-grey-background-color has-background\"><div class=\"container\"><div class=\"row \"><div class=\"col-lg-12\">\n<div class=\"wp-block-rbcwm-columns container\"><div class=\"row wrap blockId-6be06345-bada-4a6b-8a28-165b83fe9227\">\n<div class=\"wp-block-rbcwm-column col-lg-9\">\n<h2 class=\"wp-block-heading\" id=\"h-lisez-le-temoignage-de-michelle-pour-voir-comment-nous-l-avons-aidee-a-regler-des-conflits-familiaux\">Lisez le t\u00e9moignage de Michelle pour voir comment nous l&rsquo;avons aid\u00e9e \u00e0 r\u00e9gler des conflits familiaux.<\/h2>\n\n\n\n<p>Linda, veuve et m\u00e8re de cinq enfants, a commenc\u00e9 \u00e0 \u00e9prouver les sympt\u00f4mes g\u00e9n\u00e9ralement associ\u00e9s \u00e0 la maladie d\u2019Alzheimer. Elle oubliait de plus en plus de choses, avait de la difficult\u00e9 \u00e0 communiquer et son humeur et son comportement changeaient souvent. Linda \u00e9tait malheureusement devenue inapte \u00e0 prendre elle-m\u00eame des d\u00e9cisions visant ses finances et ses soins personnels.<\/p>\n\n\n\n<p>Linda avait \u00e9tabli un mandat en cas d\u2019inaptitude il y a de cela plusieurs ann\u00e9es et avait d\u00e9sign\u00e9 Michelle, la plus jeune de ses filles, comme sa mandataire aux biens. Cette d\u00e9signation n\u2019a fait que complexifier la relation d\u00e9j\u00e0 difficile que Michelle entretenait avec ses quatre fr\u00e8res et soeur, qui sont tous aussi b\u00e9n\u00e9ficiaires de la succession de Linda. Tous convenaient que Linda devait d\u00e9m\u00e9nager dans une r\u00e9sidence priv\u00e9e de soins infirmiers, mais il y avait m\u00e9sentente sur le mode de financement de ses soins de longue dur\u00e9e. L\u2019un des fr\u00e8res de Michelle \u00e9tait fermement convaincu que les soins de Linda devaient \u00eatre pay\u00e9s \u00e0 m\u00eame le produit de la vente de sa maison, \u00e9valu\u00e9e \u00e0 500 000 $. La soeur de Michelle \u00e9tait r\u00e9ticente \u00e0 l\u2019id\u00e9e de vendre la maison, car elle esp\u00e9rait en h\u00e9riter de sa m\u00e8re. Elle soutenait de plus que les soins de Linda devaient \u00eatre pay\u00e9s \u00e0 m\u00eame les revenus de son portefeuille de placements. Les discussions familiales s\u2019envenimaient et Michelle se sentait de plus en plus d\u00e9pass\u00e9e \u00e0 l\u2019id\u00e9e de devoir prendre les bonnes d\u00e9cisions pour sa m\u00e8re.<\/p>\n\n\n\n<p>Michelle a communiqu\u00e9 avec un conseiller&nbsp;de RBC&nbsp;Trust Royal&nbsp; afin qu\u2019il lui fournisse l\u2019analyse n\u00e9cessaire pour l\u2019aider \u00e0 prendre une d\u00e9cision et aussi pour qu\u2019il agisse comme tiers objectif lors de ses discussions avec sa famille. Un conseiller en&nbsp;Trust Royal a rencontr\u00e9 Michelle pour lui pr\u00e9senter toute la gamme de services offerts. Michelle a confi\u00e9 au groupe RBC Trust Royal les t\u00e2ches de consolider tous les actifs de Linda dans un seul compte et de preparer un \u00e9tat des revenus et des d\u00e9penses. L\u2019analyse a r\u00e9v\u00e9l\u00e9 que Linda faisait face \u00e0 un manque \u00e0 gagner de 40 000 $ par ann\u00e9e. Si les enfants de Linda ne se d\u00e9cidaient pas \u00e0 vendre rapidement la maison, son portefeuille de placements serait \u00e9puis\u00e9 d\u2019ici cinq \u00e0 dix ans, en supposant qu\u2019aucune d\u00e9pense impr\u00e9vue ne survienne et que le co\u00fbt de ses soins personnels ne monte pas. Apr\u00e8s l\u2019expos\u00e9 \u00e0 la famille, Michelle et ses fr\u00e8res et soeur ont convenu qu\u2019il \u00e9tait pr\u00e9f\u00e9rable de vendre la maison rapidement pour payer les soins personnels de leur m\u00e8re.<\/p>\n\n\n\n<p>Michelle \u00e9tait reconnaissante envers le groupe RBC Trust Royal d\u2019avoir fourni l\u2019analyse n\u00e9cessaire pour aider sa famille \u00e0 prendre la meilleure d\u00e9cision pour leur m\u00e8re, tout en limitant les conflits avec sa fratrie.<\/p>\n<\/div>\n<\/div><\/div>\n<\/div><\/div><\/div><\/section>\n\n\n\n<section class=\"wp-block-rbcwm-rbc-block rbc-block rbc-block-flush-bottom rbc-block-grey has-block-grey-background-color has-background\"><div class=\"container\"><div class=\"row \"><div class=\"col-lg-12\">\n<div class=\"wp-block-rbcwm-rbc-button alignfull rbc-button-block row no-gutters align-items-end b-white blockId-52f157ce-9606-457d-af30-065ced7a64e9 blockId-b191d621-6b5b-420c-87ef-1a922447407e blockId-cbcf20ba-c9df-47c7-ac24-9c72eb4ba93f blockId-aa737c95-3838-48c1-b4ae-86ea1ef8b294 overlap-bottom font-size-2\"><div class=\"rbc-card\"><div class=\"rbc-card-wrap\"><div class=\"rbc-card-body\"><div class=\"row\"><div class=\"col-lg-8\"><h3 class=\"mb-0 rbc-button-block-title\"><span>Laissez-nous vous guider<\/span><\/h3><hr class=\"hr-mini my-1-half bdr-accent\"\/>\n<p class=\"paragraph-intro\">Communiquez avec l&rsquo;un des professionnels du RBC Trust Royal pour en savoir plus sur les services qui pourraient vous convenir.<\/p>\n<\/div><\/div><\/div><\/div><\/div><div class=\"col-lg-7\"><a href=\"https:\/\/www.rbcwealthmanagement.com\/fr-ca\/royal-trust\/contact\" class=\"rbc-button rbc-button-block-cta rbc-button-large rbc-button-secondary rbc-button-block\" rel=\"noopener\"><div class=\"rbc-icon rbc-button-icon-right\"><i aria-hidden=\"true\" role=\"img\" class=\"rbc-icon-img fal fa-fal fa-angle-right\"><\/i><\/div><span>Demander un appel<\/span><\/a><\/div><div class=\"rbc-button-block-text-col d-flex col-lg-5\"><div class=\"rbc-button-block-text flex-grow-1\"><div><span><a href=\"tel:18558336511\" class=\"link-underline\">1-855-833-6511<\/a><\/span><\/div><\/div><\/div><\/div>\n<\/div><\/div><\/div><\/section>\n","protected":false},"excerpt":{"rendered":"","protected":false},"author":68,"featured_media":21285,"parent":0,"menu_order":0,"comment_status":"closed","ping_status":"closed","template":"","meta":{"_acf_changed":false,"editor_notices":[],"rbc_url_alias":"royal-trust\/story\/welcomed-support-given-complex-family-dynamics","footnotes":""},"rbcwm_content_owner":[],"class_list":["post-3338","page","type-page","status-publish","has-post-thumbnail","hentry"],"acf":[],"yoast_head":"<!-- This site is optimized with the Yoast SEO Premium plugin v24.8 (Yoast SEO v26.8) - https:\/\/yoast.com\/product\/yoast-seo-premium-wordpress\/ -->\n<title>Un grand r\u00e9confort dans des contextes familiaux complexes - RBC Gestion de patrimoine<\/title>\n<meta name=\"description\" content=\"Un grand r\u00e9confort dans des contextes familiaux complexesFINANCES FAMILIALES Lisez le t\u00e9moignage de Michelle pour voir comment nous l&#039;avons aid\u00e9e \u00e0 r\u00e9gler\" \/>\n<meta name=\"robots\" content=\"index, follow, max-snippet:-1, max-image-preview:large, max-video-preview:-1\" \/>\n<link rel=\"canonical\" href=\"https:\/\/www.rbcwealthmanagement.com\/fr-ca\/royal-trust\/story\/welcomed-support-given-complex-family-dynamics\" \/>\n<meta property=\"og:locale\" content=\"fr_CA\" \/>\n<meta property=\"og:type\" content=\"article\" \/>\n<meta property=\"og:title\" content=\"Un grand r\u00e9confort dans des contextes familiaux complexes\" \/>\n<meta property=\"og:description\" content=\"Un grand r\u00e9confort dans des contextes familiaux complexesFINANCES FAMILIALES Lisez le t\u00e9moignage de Michelle pour voir comment nous l&#039;avons aid\u00e9e \u00e0 r\u00e9gler\" \/>\n<meta property=\"og:url\" content=\"https:\/\/www.rbcwealthmanagement.com\/fr-ca\/royal-trust\/story\/welcomed-support-given-complex-family-dynamics\" \/>\n<meta property=\"og:site_name\" content=\"RBC Gestion de patrimoine\" \/>\n<meta property=\"article:modified_time\" content=\"2025-04-01T20:15:22+00:00\" \/>\n<meta property=\"og:image\" content=\"https:\/\/www.rbcwealthmanagement.com\/fr-ca\/wp-content\/uploads\/sites\/6\/2024\/04\/family-with-child-beach-thumb.jpeg\" \/>\n\t<meta property=\"og:image:width\" content=\"449\" \/>\n\t<meta property=\"og:image:height\" content=\"299\" \/>\n\t<meta property=\"og:image:type\" content=\"image\/jpeg\" \/>\n<meta name=\"twitter:card\" content=\"summary_large_image\" \/>\n<meta name=\"twitter:title\" content=\"Un grand r\u00e9confort dans des contextes familiaux complexes\" \/>\n<meta name=\"twitter:label1\" content=\"Est. reading time\" \/>\n\t<meta name=\"twitter:data1\" content=\"3 minutes\" \/>\n<script type=\"application\/ld+json\" class=\"yoast-schema-graph\">{\"@context\":\"https:\/\/schema.org\",\"@graph\":[{\"@type\":\"WebPage\",\"@id\":\"https:\/\/www.rbcwealthmanagement.com\/fr-ca\/royal-trust\/story\/welcomed-support-given-complex-family-dynamics\",\"url\":\"https:\/\/www.rbcwealthmanagement.com\/fr-ca\/royal-trust\/story\/welcomed-support-given-complex-family-dynamics\",\"name\":\"Un grand r\u00e9confort dans des contextes familiaux complexes - RBC Gestion de patrimoine\",\"isPartOf\":{\"@id\":\"https:\/\/www.rbcwealthmanagement.com\/fr-ca\/#website\"},\"primaryImageOfPage\":{\"@id\":\"https:\/\/www.rbcwealthmanagement.com\/fr-ca\/royal-trust\/story\/welcomed-support-given-complex-family-dynamics#primaryimage\"},\"image\":{\"@id\":\"https:\/\/www.rbcwealthmanagement.com\/fr-ca\/royal-trust\/story\/welcomed-support-given-complex-family-dynamics#primaryimage\"},\"thumbnailUrl\":\"https:\/\/www.rbcwealthmanagement.com\/fr-ca\/wp-content\/uploads\/sites\/6\/2024\/04\/family-with-child-beach-thumb.jpeg\",\"datePublished\":\"2021-11-21T10:25:30+00:00\",\"dateModified\":\"2025-04-01T20:15:22+00:00\",\"description\":\"Un grand r\u00e9confort dans des contextes familiaux complexesFINANCES FAMILIALES Lisez le t\u00e9moignage de Michelle pour voir comment nous l'avons aid\u00e9e \u00e0 r\u00e9gler\",\"breadcrumb\":{\"@id\":\"https:\/\/www.rbcwealthmanagement.com\/fr-ca\/royal-trust\/story\/welcomed-support-given-complex-family-dynamics#breadcrumb\"},\"inLanguage\":\"fr-CA\",\"potentialAction\":[{\"@type\":\"ReadAction\",\"target\":[\"https:\/\/www.rbcwealthmanagement.com\/fr-ca\/royal-trust\/story\/welcomed-support-given-complex-family-dynamics\"]}]},{\"@type\":\"ImageObject\",\"inLanguage\":\"fr-CA\",\"@id\":\"https:\/\/www.rbcwealthmanagement.com\/fr-ca\/royal-trust\/story\/welcomed-support-given-complex-family-dynamics#primaryimage\",\"url\":\"https:\/\/www.rbcwealthmanagement.com\/fr-ca\/wp-content\/uploads\/sites\/6\/2024\/04\/family-with-child-beach-thumb.jpeg\",\"contentUrl\":\"https:\/\/www.rbcwealthmanagement.com\/fr-ca\/wp-content\/uploads\/sites\/6\/2024\/04\/family-with-child-beach-thumb.jpeg\",\"width\":449,\"height\":299},{\"@type\":\"BreadcrumbList\",\"@id\":\"https:\/\/www.rbcwealthmanagement.com\/fr-ca\/royal-trust\/story\/welcomed-support-given-complex-family-dynamics#breadcrumb\",\"itemListElement\":[{\"@type\":\"ListItem\",\"position\":1,\"name\":\"Home\",\"item\":\"https:\/\/www.rbcwealthmanagement.com\/fr-ca\/\"},{\"@type\":\"ListItem\",\"position\":2,\"name\":\"Un grand r\u00e9confort dans des contextes familiaux complexes\"}]},{\"@type\":\"WebSite\",\"@id\":\"https:\/\/www.rbcwealthmanagement.com\/fr-ca\/#website\",\"url\":\"https:\/\/www.rbcwealthmanagement.com\/fr-ca\/\",\"name\":\"RBC Gestion de patrimoine\",\"description\":\"\",\"publisher\":{\"@id\":\"https:\/\/www.rbcwealthmanagement.com\/fr-ca\/#organization\"},\"potentialAction\":[{\"@type\":\"SearchAction\",\"target\":{\"@type\":\"EntryPoint\",\"urlTemplate\":\"https:\/\/www.rbcwealthmanagement.com\/fr-ca\/?s={search_term_string}\"},\"query-input\":{\"@type\":\"PropertyValueSpecification\",\"valueRequired\":true,\"valueName\":\"search_term_string\"}}],\"inLanguage\":\"fr-CA\"},{\"@type\":\"Organization\",\"@id\":\"https:\/\/www.rbcwealthmanagement.com\/fr-ca\/#organization\",\"name\":\"RBC Gestion de Patrimoine\",\"alternateName\":\"RBC Gestion de Patrimoine\",\"url\":\"https:\/\/www.rbcwealthmanagement.com\/fr-ca\/\",\"logo\":{\"@type\":\"ImageObject\",\"inLanguage\":\"fr-CA\",\"@id\":\"https:\/\/www.rbcwealthmanagement.com\/fr-ca\/#\/schema\/logo\/image\/\",\"url\":\"https:\/\/www.rbcwealthmanagement.com\/fr-ca\/wp-content\/uploads\/sites\/6\/2023\/02\/rbc.png\",\"contentUrl\":\"https:\/\/www.rbcwealthmanagement.com\/fr-ca\/wp-content\/uploads\/sites\/6\/2023\/02\/rbc.png\",\"width\":3000,\"height\":2000,\"caption\":\"RBC Gestion de Patrimoine\"},\"image\":{\"@id\":\"https:\/\/www.rbcwealthmanagement.com\/fr-ca\/#\/schema\/logo\/image\/\"}}]}<\/script>\n<!-- \/ Yoast SEO Premium plugin. -->","yoast_head_json":{"title":"Un grand r\u00e9confort dans des contextes familiaux complexes - RBC Gestion de patrimoine","description":"Un grand r\u00e9confort dans des contextes familiaux complexesFINANCES FAMILIALES Lisez le t\u00e9moignage de Michelle pour voir comment nous l'avons aid\u00e9e \u00e0 r\u00e9gler","robots":{"index":"index","follow":"follow","max-snippet":"max-snippet:-1","max-image-preview":"max-image-preview:large","max-video-preview":"max-video-preview:-1"},"canonical":"https:\/\/www.rbcwealthmanagement.com\/fr-ca\/royal-trust\/story\/welcomed-support-given-complex-family-dynamics","og_locale":"fr_CA","og_type":"article","og_title":"Un grand r\u00e9confort dans des contextes familiaux complexes","og_description":"Un grand r\u00e9confort dans des contextes familiaux complexesFINANCES FAMILIALES Lisez le t\u00e9moignage de Michelle pour voir comment nous l'avons aid\u00e9e \u00e0 r\u00e9gler","og_url":"https:\/\/www.rbcwealthmanagement.com\/fr-ca\/royal-trust\/story\/welcomed-support-given-complex-family-dynamics","og_site_name":"RBC Gestion de patrimoine","article_modified_time":"2025-04-01T20:15:22+00:00","og_image":[{"width":449,"height":299,"url":"https:\/\/www.rbcwealthmanagement.com\/fr-ca\/wp-content\/uploads\/sites\/6\/2024\/04\/family-with-child-beach-thumb.jpeg","type":"image\/jpeg"}],"twitter_card":"summary_large_image","twitter_title":"Un grand r\u00e9confort dans des contextes familiaux complexes","twitter_misc":{"Est. reading time":"3 minutes"},"schema":{"@context":"https:\/\/schema.org","@graph":[{"@type":"WebPage","@id":"https:\/\/www.rbcwealthmanagement.com\/fr-ca\/royal-trust\/story\/welcomed-support-given-complex-family-dynamics","url":"https:\/\/www.rbcwealthmanagement.com\/fr-ca\/royal-trust\/story\/welcomed-support-given-complex-family-dynamics","name":"Un grand r\u00e9confort dans des contextes familiaux complexes - RBC Gestion de patrimoine","isPartOf":{"@id":"https:\/\/www.rbcwealthmanagement.com\/fr-ca\/#website"},"primaryImageOfPage":{"@id":"https:\/\/www.rbcwealthmanagement.com\/fr-ca\/royal-trust\/story\/welcomed-support-given-complex-family-dynamics#primaryimage"},"image":{"@id":"https:\/\/www.rbcwealthmanagement.com\/fr-ca\/royal-trust\/story\/welcomed-support-given-complex-family-dynamics#primaryimage"},"thumbnailUrl":"https:\/\/www.rbcwealthmanagement.com\/fr-ca\/wp-content\/uploads\/sites\/6\/2024\/04\/family-with-child-beach-thumb.jpeg","datePublished":"2021-11-21T10:25:30+00:00","dateModified":"2025-04-01T20:15:22+00:00","description":"Un grand r\u00e9confort dans des contextes familiaux complexesFINANCES FAMILIALES Lisez le t\u00e9moignage de Michelle pour voir comment nous l'avons aid\u00e9e \u00e0 r\u00e9gler","breadcrumb":{"@id":"https:\/\/www.rbcwealthmanagement.com\/fr-ca\/royal-trust\/story\/welcomed-support-given-complex-family-dynamics#breadcrumb"},"inLanguage":"fr-CA","potentialAction":[{"@type":"ReadAction","target":["https:\/\/www.rbcwealthmanagement.com\/fr-ca\/royal-trust\/story\/welcomed-support-given-complex-family-dynamics"]}]},{"@type":"ImageObject","inLanguage":"fr-CA","@id":"https:\/\/www.rbcwealthmanagement.com\/fr-ca\/royal-trust\/story\/welcomed-support-given-complex-family-dynamics#primaryimage","url":"https:\/\/www.rbcwealthmanagement.com\/fr-ca\/wp-content\/uploads\/sites\/6\/2024\/04\/family-with-child-beach-thumb.jpeg","contentUrl":"https:\/\/www.rbcwealthmanagement.com\/fr-ca\/wp-content\/uploads\/sites\/6\/2024\/04\/family-with-child-beach-thumb.jpeg","width":449,"height":299},{"@type":"BreadcrumbList","@id":"https:\/\/www.rbcwealthmanagement.com\/fr-ca\/royal-trust\/story\/welcomed-support-given-complex-family-dynamics#breadcrumb","itemListElement":[{"@type":"ListItem","position":1,"name":"Home","item":"https:\/\/www.rbcwealthmanagement.com\/fr-ca\/"},{"@type":"ListItem","position":2,"name":"Un grand r\u00e9confort dans des contextes familiaux complexes"}]},{"@type":"WebSite","@id":"https:\/\/www.rbcwealthmanagement.com\/fr-ca\/#website","url":"https:\/\/www.rbcwealthmanagement.com\/fr-ca\/","name":"RBC Gestion de patrimoine","description":"","publisher":{"@id":"https:\/\/www.rbcwealthmanagement.com\/fr-ca\/#organization"},"potentialAction":[{"@type":"SearchAction","target":{"@type":"EntryPoint","urlTemplate":"https:\/\/www.rbcwealthmanagement.com\/fr-ca\/?s={search_term_string}"},"query-input":{"@type":"PropertyValueSpecification","valueRequired":true,"valueName":"search_term_string"}}],"inLanguage":"fr-CA"},{"@type":"Organization","@id":"https:\/\/www.rbcwealthmanagement.com\/fr-ca\/#organization","name":"RBC Gestion de Patrimoine","alternateName":"RBC Gestion de Patrimoine","url":"https:\/\/www.rbcwealthmanagement.com\/fr-ca\/","logo":{"@type":"ImageObject","inLanguage":"fr-CA","@id":"https:\/\/www.rbcwealthmanagement.com\/fr-ca\/#\/schema\/logo\/image\/","url":"https:\/\/www.rbcwealthmanagement.com\/fr-ca\/wp-content\/uploads\/sites\/6\/2023\/02\/rbc.png","contentUrl":"https:\/\/www.rbcwealthmanagement.com\/fr-ca\/wp-content\/uploads\/sites\/6\/2023\/02\/rbc.png","width":3000,"height":2000,"caption":"RBC Gestion de Patrimoine"},"image":{"@id":"https:\/\/www.rbcwealthmanagement.com\/fr-ca\/#\/schema\/logo\/image\/"}}]}},"jetpack_sharing_enabled":true,"publishpress_future_action":{"enabled":false,"date":"2026-04-29 19:21:10","action":"change-status","newStatus":"draft","terms":[],"taxonomy":"rbcwm_content_owner","extraData":[]},"publishpress_future_workflow_manual_trigger":{"enabledWorkflows":[]},"distributor_meta":false,"distributor_terms":false,"distributor_media":false,"distributor_original_site_name":"RBC Gestion de patrimoine","distributor_original_site_url":"https:\/\/www.rbcwealthmanagement.com\/fr-ca","push-errors":false,"last_revision_date":"2025-04-01 16:15:21","_links":{"self":[{"href":"https:\/\/www.rbcwealthmanagement.com\/fr-ca\/wp-json\/wp\/v2\/pages\/3338","targetHints":{"allow":["GET"]}}],"collection":[{"href":"https:\/\/www.rbcwealthmanagement.com\/fr-ca\/wp-json\/wp\/v2\/pages"}],"about":[{"href":"https:\/\/www.rbcwealthmanagement.com\/fr-ca\/wp-json\/wp\/v2\/types\/page"}],"author":[{"embeddable":true,"href":"https:\/\/www.rbcwealthmanagement.com\/fr-ca\/wp-json\/wp\/v2\/users\/68"}],"replies":[{"embeddable":true,"href":"https:\/\/www.rbcwealthmanagement.com\/fr-ca\/wp-json\/wp\/v2\/comments?post=3338"}],"version-history":[{"count":6,"href":"https:\/\/www.rbcwealthmanagement.com\/fr-ca\/wp-json\/wp\/v2\/pages\/3338\/revisions"}],"predecessor-version":[{"id":25216,"href":"https:\/\/www.rbcwealthmanagement.com\/fr-ca\/wp-json\/wp\/v2\/pages\/3338\/revisions\/25216"}],"wp:featuredmedia":[{"embeddable":true,"href":"https:\/\/www.rbcwealthmanagement.com\/fr-ca\/wp-json\/wp\/v2\/media\/21285"}],"wp:attachment":[{"href":"https:\/\/www.rbcwealthmanagement.com\/fr-ca\/wp-json\/wp\/v2\/media?parent=3338"}],"wp:term":[{"taxonomy":"rbcwm_content_owner","embeddable":true,"href":"https:\/\/www.rbcwealthmanagement.com\/fr-ca\/wp-json\/wp\/v2\/rbcwm_content_owner?post=3338"}],"curies":[{"name":"wp","href":"https:\/\/api.w.org\/{rel}","templated":true}]}}