{"id":3340,"date":"2021-11-21T10:25:15","date_gmt":"2021-11-21T10:25:16","guid":{"rendered":"https:\/\/www.rbcwealthmanagement.com\/fr-ca\/story-expert-handling-of-a-long-distance-settlement\/"},"modified":"2025-04-01T16:29:57","modified_gmt":"2025-04-01T20:29:57","slug":"story-expert-handling-of-a-long-distance-settlement","status":"publish","type":"page","link":"https:\/\/www.rbcwealthmanagement.com\/fr-ca\/royal-trust\/story\/expert-handling-of-a-long-distance-settlement","title":{"rendered":"Un expert capable de r\u00e9gler une succession \u00e0 distance"},"content":{"rendered":"\n<div class=\"wp-block-rbcwm-hero-block rbc-hero-wm  rbc-hero-overlap rbc-hero-overlap-mobile rbc-hero-p66sy37kz hide-mobile-energy-lines\"><style>\n\t\t.rbc-hero-p66sy37kz.is-style-rbc-hero-gradient::before {\n\t\t\tbackground: linear-gradient(90deg, #023169 20%, rgba(94, 120, 131, 0) 60%);\n\t\t}\n\n\t\t.rbc-hero-p66sy37kz.is-style-rbc-hero-gradient.rbc-hero-has-image-bleed::before {\n\t\t\tbackground: linear-gradient(90deg, #023169 20%, rgba(94, 120, 131, 0) 60%);\n\t\t}\n\n\t\t.rbc-hero-p66sy37kz.is-style-rbc-hero-gradient.rbc-hero-has-image-bottom::before {\n\t\t\tbackground: linear-gradient(180deg, #023169 20%, rgba(94, 120, 131, 0) 60%);\n\t\t}\n\n\t\t.rbc-hero-p66sy37kz .rbc-hero-energy-lines.rbc-hero-energy-lines-left {\n\t\t\ttransform: scaleX(-1);\n\t\t}\n\n\t\t@media (max-width: 991px) {\n\t\t\t.rbc-hero-p66sy37kz.is-style-rbc-hero-gradient::before,\n\t\t\t.rbc-hero-p66sy37kz.is-style-rbc-hero-gradient.rbc-hero-has-image-bottom::before,\n\t\t\t.rbc-hero-p66sy37kz.is-style-rbc-hero-gradient.rbc-hero-has-image-bleed::before {\n\t\t\t\tbackground: none;\n\t\t\t}\n\n\t\t\t.rbc-hero-p66sy37kz.rbc-hero-has-image-full.hide-mobile-energy-lines .rbc-hero-energy-lines {\n\t\t\t\tdisplay: none;\n\t\t\t}\n\n\t\t\t.wp-block-rbcwm-hero-block.rbc-hero-p66sy37kz.is-style-rbc-hero-gradient .rbc-hero-img-wrap::after {\n\t\t\t\tbackground: linear-gradient( 0deg, #023169 0%, rgba(94, 120, 131, 0) 25% );\n\t\t\t}\n\t\t\t\n\t\t\t.wp-block-rbcwm-hero-block.rbc-hero-p66sy37kz.is-style-rbc-hero-gradient.rbc-hero-has-image-bottom .rbc-hero-img-wrap::before,\n            .wp-block-rbcwm-hero-block.rbc-hero-p66sy37kz.is-style-rbc-hero-gradient.rbc-hero-has-image-bottom .container .rbc-hero-img-wrap::before {\n\t\t\t\tbackground: linear-gradient( 180deg, #023169 0%, rgba( 94, 120, 131, 0 ) 25% );\n\t\t\t}\n\t\t\t\n\t\t\t.wp-block-rbcwm-hero-block.rbc-hero-p66sy37kz.is-style-rbc-hero-gradient .rbc-hero-card {\n\t\t\t\tbackground: #023169;\n\t\t\t}\n\t\t}\n\t<\/style><div class=\"container\"><div class=\"row no-gutters\"><div class=\"col-lg-12 rbc-hero-card-content\"><div class=\"rbc-card rbc-hero-card rbc-hero has-content\"><div class=\"rbc-card-wrap\"><div class=\"rbc-card-body\"><div class=\"rbc-hero-body-content\"><h1 class=\"rbc-hero-title\"><span>Un expert capable de r\u00e9gler une succession \u00e0 distance<\/span><\/h1><span class=\"rbc-hero-category\"><span>LITT\u00c9RATIE FINANCI\u00c8RE<\/span><\/span><hr class=\"rbc-hero-hr hr-mini bdr-accent\"\/><\/div><\/div><\/div><\/div><\/div><div class=\"rbc-hero-img-wrap col-lg-5 order-2 order-lg-1\"><\/div><\/div><\/div><\/div>\n\n\n\n<section class=\"wp-block-rbcwm-rbc-block rbc-block rbc-block-grey has-block-grey-background-color has-background\"><div class=\"container\"><div class=\"row \"><div class=\"col-lg-12\">\n<div class=\"wp-block-rbcwm-columns container\"><div class=\"row blockId-29b53337-58b8-4905-9b4e-e6a6172b1d94\">\n<div class=\"wp-block-rbcwm-column col-lg-12\">\n<p>Fran\u00e7ois et Claude \u00e9taient des amis de longue date qui s\u2019\u00e9taient rencontr\u00e9s \u00e0 l\u2019\u00e9cole primaire \u00e0 Montr\u00e9al. Ils ont toujours gard\u00e9 contact m\u00eame s\u2019ils n\u2019habitaient plus la m\u00eame r\u00e9gion. Avant de mourir, Fran\u00e7ois, qui ne s\u2019\u00e9tait jamais mari\u00e9, a d\u00e9sign\u00e9 son meilleur ami Claude comme liquidateur.<\/p>\n\n\n\n<p>Claude \u00e9prouvait des doutes quant \u00e0 la fa\u00e7on de g\u00e9rer la succession de son ami qui avait pr\u00e9vu d\u2019importants dons de charit\u00e9 et des legs \u00e0 plusieurs neveux et ni\u00e8ces que Claude n\u2019avait jamais rencontr\u00e9s. Pire encore, au moment de son d\u00e9c\u00e8s, Fran\u00e7ois vivait \u00e0 Montr\u00e9al et Claude habitait Rimouski.<\/p>\n\n\n\n<p>Alors qu\u2019il se trouvait \u00e0 Montr\u00e9al pour les fun\u00e9railles de Fran\u00e7ois, Claude s\u2019est rendu dans une succursale de RBC pour g\u00e9rer les comptes qu\u2019il y d\u00e9tenait. Il a discut\u00e9 de sa situation avec un repr\u00e9sentant du service \u00e0 la client\u00e8le qui lui a sugg\u00e9r\u00e9 de rencontrer un Conseiller en Trust Royal. Apr\u00e8s avoir \u00e9valu\u00e9 ses besoins, Trust Royal a pu aider Claude \u00e0 remplir son r\u00f4le de liquidateur en assumant l\u2019administration compl\u00e8te de la succession de Fran\u00e7ois, y compris la gestion des legs de charit\u00e9, la vente de la maison familiale et l\u2019organisation d\u2019un encan pour vendre les biens qui s\u2019y trouvaient et ce, en laissant \u00e0 Claude le pouvoir d\u00e9cisionnel final.<\/p>\n\n\n\n<p>Les b\u00e9n\u00e9ficiaires de Fran\u00e7ois ont \u00e9t\u00e9 enchant\u00e9s du professionnalisme et de l\u2019expertise de l\u2019\u00e9quipe de Trust Royal qui a permis \u00e0 Claude d\u2019ex\u00e9cuter les derni\u00e8res volont\u00e9s de son ami de fa\u00e7on efficace et transparente pour toutes les parties en cause. Ainsi, Claude a pu s\u2019acquitter de ses responsabilit\u00e9s de liquidateur \u00e0 partir de chez lui, ce qui l\u2019a grandement aid\u00e9 \u00e0 r\u00e9gler l\u2019ensemble de la succession.<\/p>\n\n\n\n<p><\/p>\n<\/div>\n<\/div><\/div>\n<\/div><\/div><\/div><\/section>\n\n\n\n<section class=\"wp-block-rbcwm-rbc-block rbc-block rbc-block-flush-bottom rbc-block-grey rbc-block-has-overlap rbc-block-small has-block-grey-background-color has-background\"><div class=\"container\"><div class=\"row \"><div class=\"col-lg-12\">\n<div class=\"wp-block-rbcwm-rbc-button alignfull rbc-button-block row no-gutters align-items-end b-white blockId-e9c7d135-98fd-466a-b69c-d788cc8b5565 blockId-9a98cf56-17d2-41a9-a935-bff35efa5e31 blockId-9099b476-1622-42b3-9242-de7bcbcae9d4 overlap-bottom font-size-2\"><div class=\"rbc-card\"><div class=\"rbc-card-wrap\"><div class=\"rbc-card-body\"><div class=\"row\"><div class=\"col-lg-8\"><h3 class=\"mb-0 rbc-button-block-title\"><span>Laissez-nous vous guider<\/span><\/h3><hr class=\"hr-mini my-1-half bdr-accent\"\/>\n<p class=\"paragraph-intro\">Communiquez avec l&rsquo;un des professionnels du RBC Trust Royal pour en savoir plus sur les services qui pourraient vous convenir.<\/p>\n<\/div><\/div><\/div><\/div><\/div><div class=\"col-lg-7\"><a href=\"https:\/\/www.rbcwealthmanagement.com\/fr-ca\/royal-trust\/contact\" class=\"rbc-button rbc-button-block-cta rbc-button-large rbc-button-secondary rbc-button-block\" rel=\"noopener\"><div class=\"rbc-icon rbc-button-icon-right\"><i aria-hidden=\"true\" role=\"img\" class=\"rbc-icon-img fal fa-fal fa-angle-right\"><\/i><\/div><span>Demander un appel<\/span><\/a><\/div><div class=\"rbc-button-block-text-col d-flex col-lg-5\"><div class=\"rbc-button-block-text flex-grow-1\"><div><span><a href=\"tel:18558336511\" class=\"link-underline\">1-855-833-6511<\/a><\/span><\/div><\/div><\/div><\/div>\n<\/div><\/div><\/div><\/section>\n","protected":false},"excerpt":{"rendered":"","protected":false},"author":68,"featured_media":21294,"parent":0,"menu_order":0,"comment_status":"closed","ping_status":"closed","template":"","meta":{"_acf_changed":false,"editor_notices":[],"rbc_url_alias":"royal-trust\/story\/expert-handling-of-a-long-distance-settlement","footnotes":""},"rbcwm_content_owner":[],"class_list":["post-3340","page","type-page","status-publish","has-post-thumbnail","hentry"],"acf":[],"yoast_head":"<!-- This site is optimized with the Yoast SEO Premium plugin v24.8 (Yoast SEO v26.8) - https:\/\/yoast.com\/product\/yoast-seo-premium-wordpress\/ -->\n<title>Un expert capable de r\u00e9gler une succession \u00e0 distance - RBC Gestion de patrimoine<\/title>\n<meta name=\"description\" content=\"Un expert capable de r\u00e9gler une succession \u00e0 distanceLITT\u00c9RATIE FINANCI\u00c8RE Fran\u00e7ois et Claude \u00e9taient des amis de longue date qui s\u2019\u00e9taient rencontr\u00e9s \u00e0\" \/>\n<meta name=\"robots\" content=\"index, follow, max-snippet:-1, max-image-preview:large, max-video-preview:-1\" \/>\n<link rel=\"canonical\" href=\"https:\/\/www.rbcwealthmanagement.com\/fr-ca\/royal-trust\/story\/expert-handling-of-a-long-distance-settlement\" \/>\n<meta property=\"og:locale\" content=\"fr_CA\" \/>\n<meta property=\"og:type\" content=\"article\" \/>\n<meta property=\"og:title\" content=\"Un expert capable de r\u00e9gler une succession \u00e0 distance\" \/>\n<meta property=\"og:description\" content=\"Un expert capable de r\u00e9gler une succession \u00e0 distanceLITT\u00c9RATIE FINANCI\u00c8RE Fran\u00e7ois et Claude \u00e9taient des amis de longue date qui s\u2019\u00e9taient rencontr\u00e9s \u00e0\" \/>\n<meta property=\"og:url\" content=\"https:\/\/www.rbcwealthmanagement.com\/fr-ca\/royal-trust\/story\/expert-handling-of-a-long-distance-settlement\" \/>\n<meta property=\"og:site_name\" content=\"RBC Gestion de patrimoine\" \/>\n<meta property=\"article:modified_time\" content=\"2025-04-01T20:29:57+00:00\" \/>\n<meta property=\"og:image\" content=\"https:\/\/www.rbcwealthmanagement.com\/fr-ca\/wp-content\/uploads\/sites\/6\/2024\/04\/telescope-banner.jpeg\" \/>\n\t<meta property=\"og:image:width\" content=\"1680\" \/>\n\t<meta property=\"og:image:height\" content=\"810\" \/>\n\t<meta property=\"og:image:type\" content=\"image\/jpeg\" \/>\n<meta name=\"twitter:card\" content=\"summary_large_image\" \/>\n<meta name=\"twitter:title\" content=\"Un expert capable de r\u00e9gler une succession \u00e0 distance\" \/>\n<meta name=\"twitter:label1\" content=\"Est. reading time\" \/>\n\t<meta name=\"twitter:data1\" content=\"2 minutes\" \/>\n<script type=\"application\/ld+json\" class=\"yoast-schema-graph\">{\"@context\":\"https:\/\/schema.org\",\"@graph\":[{\"@type\":\"WebPage\",\"@id\":\"https:\/\/www.rbcwealthmanagement.com\/fr-ca\/royal-trust\/story\/expert-handling-of-a-long-distance-settlement\",\"url\":\"https:\/\/www.rbcwealthmanagement.com\/fr-ca\/royal-trust\/story\/expert-handling-of-a-long-distance-settlement\",\"name\":\"Un expert capable de r\u00e9gler une succession \u00e0 distance - RBC Gestion de patrimoine\",\"isPartOf\":{\"@id\":\"https:\/\/www.rbcwealthmanagement.com\/fr-ca\/#website\"},\"primaryImageOfPage\":{\"@id\":\"https:\/\/www.rbcwealthmanagement.com\/fr-ca\/royal-trust\/story\/expert-handling-of-a-long-distance-settlement#primaryimage\"},\"image\":{\"@id\":\"https:\/\/www.rbcwealthmanagement.com\/fr-ca\/royal-trust\/story\/expert-handling-of-a-long-distance-settlement#primaryimage\"},\"thumbnailUrl\":\"https:\/\/www.rbcwealthmanagement.com\/fr-ca\/wp-content\/uploads\/sites\/6\/2024\/04\/telescope-banner.jpeg\",\"datePublished\":\"2021-11-21T10:25:16+00:00\",\"dateModified\":\"2025-04-01T20:29:57+00:00\",\"description\":\"Un expert capable de r\u00e9gler une succession \u00e0 distanceLITT\u00c9RATIE FINANCI\u00c8RE Fran\u00e7ois et Claude \u00e9taient des amis de longue date qui s\u2019\u00e9taient rencontr\u00e9s \u00e0\",\"breadcrumb\":{\"@id\":\"https:\/\/www.rbcwealthmanagement.com\/fr-ca\/royal-trust\/story\/expert-handling-of-a-long-distance-settlement#breadcrumb\"},\"inLanguage\":\"fr-CA\",\"potentialAction\":[{\"@type\":\"ReadAction\",\"target\":[\"https:\/\/www.rbcwealthmanagement.com\/fr-ca\/royal-trust\/story\/expert-handling-of-a-long-distance-settlement\"]}]},{\"@type\":\"ImageObject\",\"inLanguage\":\"fr-CA\",\"@id\":\"https:\/\/www.rbcwealthmanagement.com\/fr-ca\/royal-trust\/story\/expert-handling-of-a-long-distance-settlement#primaryimage\",\"url\":\"https:\/\/www.rbcwealthmanagement.com\/fr-ca\/wp-content\/uploads\/sites\/6\/2024\/04\/telescope-banner.jpeg\",\"contentUrl\":\"https:\/\/www.rbcwealthmanagement.com\/fr-ca\/wp-content\/uploads\/sites\/6\/2024\/04\/telescope-banner.jpeg\",\"width\":1680,\"height\":810},{\"@type\":\"BreadcrumbList\",\"@id\":\"https:\/\/www.rbcwealthmanagement.com\/fr-ca\/royal-trust\/story\/expert-handling-of-a-long-distance-settlement#breadcrumb\",\"itemListElement\":[{\"@type\":\"ListItem\",\"position\":1,\"name\":\"Home\",\"item\":\"https:\/\/www.rbcwealthmanagement.com\/fr-ca\/\"},{\"@type\":\"ListItem\",\"position\":2,\"name\":\"Un expert capable de r\u00e9gler une succession \u00e0 distance\"}]},{\"@type\":\"WebSite\",\"@id\":\"https:\/\/www.rbcwealthmanagement.com\/fr-ca\/#website\",\"url\":\"https:\/\/www.rbcwealthmanagement.com\/fr-ca\/\",\"name\":\"RBC Gestion de patrimoine\",\"description\":\"\",\"publisher\":{\"@id\":\"https:\/\/www.rbcwealthmanagement.com\/fr-ca\/#organization\"},\"potentialAction\":[{\"@type\":\"SearchAction\",\"target\":{\"@type\":\"EntryPoint\",\"urlTemplate\":\"https:\/\/www.rbcwealthmanagement.com\/fr-ca\/?s={search_term_string}\"},\"query-input\":{\"@type\":\"PropertyValueSpecification\",\"valueRequired\":true,\"valueName\":\"search_term_string\"}}],\"inLanguage\":\"fr-CA\"},{\"@type\":\"Organization\",\"@id\":\"https:\/\/www.rbcwealthmanagement.com\/fr-ca\/#organization\",\"name\":\"RBC Gestion de Patrimoine\",\"alternateName\":\"RBC Gestion de Patrimoine\",\"url\":\"https:\/\/www.rbcwealthmanagement.com\/fr-ca\/\",\"logo\":{\"@type\":\"ImageObject\",\"inLanguage\":\"fr-CA\",\"@id\":\"https:\/\/www.rbcwealthmanagement.com\/fr-ca\/#\/schema\/logo\/image\/\",\"url\":\"https:\/\/www.rbcwealthmanagement.com\/fr-ca\/wp-content\/uploads\/sites\/6\/2023\/02\/rbc.png\",\"contentUrl\":\"https:\/\/www.rbcwealthmanagement.com\/fr-ca\/wp-content\/uploads\/sites\/6\/2023\/02\/rbc.png\",\"width\":3000,\"height\":2000,\"caption\":\"RBC Gestion de Patrimoine\"},\"image\":{\"@id\":\"https:\/\/www.rbcwealthmanagement.com\/fr-ca\/#\/schema\/logo\/image\/\"}}]}<\/script>\n<!-- \/ Yoast SEO Premium plugin. -->","yoast_head_json":{"title":"Un expert capable de r\u00e9gler une succession \u00e0 distance - RBC Gestion de patrimoine","description":"Un expert capable de r\u00e9gler une succession \u00e0 distanceLITT\u00c9RATIE FINANCI\u00c8RE Fran\u00e7ois et Claude \u00e9taient des amis de longue date qui s\u2019\u00e9taient rencontr\u00e9s \u00e0","robots":{"index":"index","follow":"follow","max-snippet":"max-snippet:-1","max-image-preview":"max-image-preview:large","max-video-preview":"max-video-preview:-1"},"canonical":"https:\/\/www.rbcwealthmanagement.com\/fr-ca\/royal-trust\/story\/expert-handling-of-a-long-distance-settlement","og_locale":"fr_CA","og_type":"article","og_title":"Un expert capable de r\u00e9gler une succession \u00e0 distance","og_description":"Un expert capable de r\u00e9gler une succession \u00e0 distanceLITT\u00c9RATIE FINANCI\u00c8RE Fran\u00e7ois et Claude \u00e9taient des amis de longue date qui s\u2019\u00e9taient rencontr\u00e9s \u00e0","og_url":"https:\/\/www.rbcwealthmanagement.com\/fr-ca\/royal-trust\/story\/expert-handling-of-a-long-distance-settlement","og_site_name":"RBC Gestion de patrimoine","article_modified_time":"2025-04-01T20:29:57+00:00","og_image":[{"width":1680,"height":810,"url":"https:\/\/www.rbcwealthmanagement.com\/fr-ca\/wp-content\/uploads\/sites\/6\/2024\/04\/telescope-banner.jpeg","type":"image\/jpeg"}],"twitter_card":"summary_large_image","twitter_title":"Un expert capable de r\u00e9gler une succession \u00e0 distance","twitter_misc":{"Est. reading time":"2 minutes"},"schema":{"@context":"https:\/\/schema.org","@graph":[{"@type":"WebPage","@id":"https:\/\/www.rbcwealthmanagement.com\/fr-ca\/royal-trust\/story\/expert-handling-of-a-long-distance-settlement","url":"https:\/\/www.rbcwealthmanagement.com\/fr-ca\/royal-trust\/story\/expert-handling-of-a-long-distance-settlement","name":"Un expert capable de r\u00e9gler une succession \u00e0 distance - RBC Gestion de patrimoine","isPartOf":{"@id":"https:\/\/www.rbcwealthmanagement.com\/fr-ca\/#website"},"primaryImageOfPage":{"@id":"https:\/\/www.rbcwealthmanagement.com\/fr-ca\/royal-trust\/story\/expert-handling-of-a-long-distance-settlement#primaryimage"},"image":{"@id":"https:\/\/www.rbcwealthmanagement.com\/fr-ca\/royal-trust\/story\/expert-handling-of-a-long-distance-settlement#primaryimage"},"thumbnailUrl":"https:\/\/www.rbcwealthmanagement.com\/fr-ca\/wp-content\/uploads\/sites\/6\/2024\/04\/telescope-banner.jpeg","datePublished":"2021-11-21T10:25:16+00:00","dateModified":"2025-04-01T20:29:57+00:00","description":"Un expert capable de r\u00e9gler une succession \u00e0 distanceLITT\u00c9RATIE FINANCI\u00c8RE Fran\u00e7ois et Claude \u00e9taient des amis de longue date qui s\u2019\u00e9taient rencontr\u00e9s \u00e0","breadcrumb":{"@id":"https:\/\/www.rbcwealthmanagement.com\/fr-ca\/royal-trust\/story\/expert-handling-of-a-long-distance-settlement#breadcrumb"},"inLanguage":"fr-CA","potentialAction":[{"@type":"ReadAction","target":["https:\/\/www.rbcwealthmanagement.com\/fr-ca\/royal-trust\/story\/expert-handling-of-a-long-distance-settlement"]}]},{"@type":"ImageObject","inLanguage":"fr-CA","@id":"https:\/\/www.rbcwealthmanagement.com\/fr-ca\/royal-trust\/story\/expert-handling-of-a-long-distance-settlement#primaryimage","url":"https:\/\/www.rbcwealthmanagement.com\/fr-ca\/wp-content\/uploads\/sites\/6\/2024\/04\/telescope-banner.jpeg","contentUrl":"https:\/\/www.rbcwealthmanagement.com\/fr-ca\/wp-content\/uploads\/sites\/6\/2024\/04\/telescope-banner.jpeg","width":1680,"height":810},{"@type":"BreadcrumbList","@id":"https:\/\/www.rbcwealthmanagement.com\/fr-ca\/royal-trust\/story\/expert-handling-of-a-long-distance-settlement#breadcrumb","itemListElement":[{"@type":"ListItem","position":1,"name":"Home","item":"https:\/\/www.rbcwealthmanagement.com\/fr-ca\/"},{"@type":"ListItem","position":2,"name":"Un expert capable de r\u00e9gler une succession \u00e0 distance"}]},{"@type":"WebSite","@id":"https:\/\/www.rbcwealthmanagement.com\/fr-ca\/#website","url":"https:\/\/www.rbcwealthmanagement.com\/fr-ca\/","name":"RBC Gestion de patrimoine","description":"","publisher":{"@id":"https:\/\/www.rbcwealthmanagement.com\/fr-ca\/#organization"},"potentialAction":[{"@type":"SearchAction","target":{"@type":"EntryPoint","urlTemplate":"https:\/\/www.rbcwealthmanagement.com\/fr-ca\/?s={search_term_string}"},"query-input":{"@type":"PropertyValueSpecification","valueRequired":true,"valueName":"search_term_string"}}],"inLanguage":"fr-CA"},{"@type":"Organization","@id":"https:\/\/www.rbcwealthmanagement.com\/fr-ca\/#organization","name":"RBC Gestion de Patrimoine","alternateName":"RBC Gestion de Patrimoine","url":"https:\/\/www.rbcwealthmanagement.com\/fr-ca\/","logo":{"@type":"ImageObject","inLanguage":"fr-CA","@id":"https:\/\/www.rbcwealthmanagement.com\/fr-ca\/#\/schema\/logo\/image\/","url":"https:\/\/www.rbcwealthmanagement.com\/fr-ca\/wp-content\/uploads\/sites\/6\/2023\/02\/rbc.png","contentUrl":"https:\/\/www.rbcwealthmanagement.com\/fr-ca\/wp-content\/uploads\/sites\/6\/2023\/02\/rbc.png","width":3000,"height":2000,"caption":"RBC Gestion de Patrimoine"},"image":{"@id":"https:\/\/www.rbcwealthmanagement.com\/fr-ca\/#\/schema\/logo\/image\/"}}]}},"jetpack_sharing_enabled":true,"publishpress_future_action":{"enabled":false,"date":"2026-04-25 04:15:17","action":"change-status","newStatus":"draft","terms":[],"taxonomy":"rbcwm_content_owner","extraData":[]},"publishpress_future_workflow_manual_trigger":{"enabledWorkflows":[]},"distributor_meta":false,"distributor_terms":false,"distributor_media":false,"distributor_original_site_name":"RBC Gestion de patrimoine","distributor_original_site_url":"https:\/\/www.rbcwealthmanagement.com\/fr-ca","push-errors":false,"last_revision_date":"2025-04-01 16:29:56","_links":{"self":[{"href":"https:\/\/www.rbcwealthmanagement.com\/fr-ca\/wp-json\/wp\/v2\/pages\/3340","targetHints":{"allow":["GET"]}}],"collection":[{"href":"https:\/\/www.rbcwealthmanagement.com\/fr-ca\/wp-json\/wp\/v2\/pages"}],"about":[{"href":"https:\/\/www.rbcwealthmanagement.com\/fr-ca\/wp-json\/wp\/v2\/types\/page"}],"author":[{"embeddable":true,"href":"https:\/\/www.rbcwealthmanagement.com\/fr-ca\/wp-json\/wp\/v2\/users\/68"}],"replies":[{"embeddable":true,"href":"https:\/\/www.rbcwealthmanagement.com\/fr-ca\/wp-json\/wp\/v2\/comments?post=3340"}],"version-history":[{"count":6,"href":"https:\/\/www.rbcwealthmanagement.com\/fr-ca\/wp-json\/wp\/v2\/pages\/3340\/revisions"}],"predecessor-version":[{"id":25232,"href":"https:\/\/www.rbcwealthmanagement.com\/fr-ca\/wp-json\/wp\/v2\/pages\/3340\/revisions\/25232"}],"wp:featuredmedia":[{"embeddable":true,"href":"https:\/\/www.rbcwealthmanagement.com\/fr-ca\/wp-json\/wp\/v2\/media\/21294"}],"wp:attachment":[{"href":"https:\/\/www.rbcwealthmanagement.com\/fr-ca\/wp-json\/wp\/v2\/media?parent=3340"}],"wp:term":[{"taxonomy":"rbcwm_content_owner","embeddable":true,"href":"https:\/\/www.rbcwealthmanagement.com\/fr-ca\/wp-json\/wp\/v2\/rbcwm_content_owner?post=3340"}],"curies":[{"name":"wp","href":"https:\/\/api.w.org\/{rel}","templated":true}]}}