{"id":3342,"date":"2021-11-21T10:24:57","date_gmt":"2021-11-21T10:24:58","guid":{"rendered":"https:\/\/www.rbcwealthmanagement.com\/fr-ca\/story-the-value-of-having-a-partner-to-look-after-the-details\/"},"modified":"2025-04-01T16:30:27","modified_gmt":"2025-04-01T20:30:27","slug":"story-the-value-of-having-a-partner-to-look-after-the-details","status":"publish","type":"page","link":"https:\/\/www.rbcwealthmanagement.com\/fr-ca\/royal-trust\/story\/the-value-of-having-a-partner-to-look-after-the-details","title":{"rendered":"L&rsquo;avantage de pouvoir compter sur un partenaire pour r\u00e9gler les d\u00e9tails"},"content":{"rendered":"\n<div class=\"wp-block-rbcwm-hero-block rbc-hero-wm  rbc-hero-overlap rbc-hero-overlap-mobile rbc-hero-np69ogc7v hide-mobile-energy-lines\"><style>\n\t\t.rbc-hero-np69ogc7v.is-style-rbc-hero-gradient::before {\n\t\t\tbackground: linear-gradient(90deg, #023169 20%, rgba(94, 120, 131, 0) 60%);\n\t\t}\n\n\t\t.rbc-hero-np69ogc7v.is-style-rbc-hero-gradient.rbc-hero-has-image-bleed::before {\n\t\t\tbackground: linear-gradient(90deg, #023169 20%, rgba(94, 120, 131, 0) 60%);\n\t\t}\n\n\t\t.rbc-hero-np69ogc7v.is-style-rbc-hero-gradient.rbc-hero-has-image-bottom::before {\n\t\t\tbackground: linear-gradient(180deg, #023169 20%, rgba(94, 120, 131, 0) 60%);\n\t\t}\n\n\t\t.rbc-hero-np69ogc7v .rbc-hero-energy-lines.rbc-hero-energy-lines-left {\n\t\t\ttransform: scaleX(-1);\n\t\t}\n\n\t\t@media (max-width: 991px) {\n\t\t\t.rbc-hero-np69ogc7v.is-style-rbc-hero-gradient::before,\n\t\t\t.rbc-hero-np69ogc7v.is-style-rbc-hero-gradient.rbc-hero-has-image-bottom::before,\n\t\t\t.rbc-hero-np69ogc7v.is-style-rbc-hero-gradient.rbc-hero-has-image-bleed::before {\n\t\t\t\tbackground: none;\n\t\t\t}\n\n\t\t\t.rbc-hero-np69ogc7v.rbc-hero-has-image-full.hide-mobile-energy-lines .rbc-hero-energy-lines {\n\t\t\t\tdisplay: none;\n\t\t\t}\n\n\t\t\t.wp-block-rbcwm-hero-block.rbc-hero-np69ogc7v.is-style-rbc-hero-gradient .rbc-hero-img-wrap::after {\n\t\t\t\tbackground: linear-gradient( 0deg, #023169 0%, rgba(94, 120, 131, 0) 25% );\n\t\t\t}\n\t\t\t\n\t\t\t.wp-block-rbcwm-hero-block.rbc-hero-np69ogc7v.is-style-rbc-hero-gradient.rbc-hero-has-image-bottom .rbc-hero-img-wrap::before,\n            .wp-block-rbcwm-hero-block.rbc-hero-np69ogc7v.is-style-rbc-hero-gradient.rbc-hero-has-image-bottom .container .rbc-hero-img-wrap::before {\n\t\t\t\tbackground: linear-gradient( 180deg, #023169 0%, rgba( 94, 120, 131, 0 ) 25% );\n\t\t\t}\n\t\t\t\n\t\t\t.wp-block-rbcwm-hero-block.rbc-hero-np69ogc7v.is-style-rbc-hero-gradient .rbc-hero-card {\n\t\t\t\tbackground: #023169;\n\t\t\t}\n\t\t}\n\t<\/style><div class=\"container\"><div class=\"row no-gutters\"><div class=\"col-lg-12 rbc-hero-card-content\"><div class=\"rbc-card rbc-hero-card rbc-hero has-content\"><div class=\"rbc-card-wrap\"><div class=\"rbc-card-body\"><div class=\"rbc-hero-body-content\"><h1 class=\"rbc-hero-title\"><span>L&rsquo;avantage de pouvoir compter sur un partenaire pour r\u00e9gler les d\u00e9tails<\/span><\/h1><span class=\"rbc-hero-category\"><span>LITT\u00c9RATIE FINANCI\u00c8RE<\/span><\/span><hr class=\"rbc-hero-hr hr-mini bdr-accent\"\/><\/div><\/div><\/div><\/div><\/div><div class=\"rbc-hero-img-wrap col-lg-5 order-2 order-lg-1\"><\/div><\/div><\/div><\/div>\n\n\n\n<section class=\"wp-block-rbcwm-rbc-block rbc-block rbc-block-grey has-block-grey-background-color has-background\"><div class=\"container\"><div class=\"row \"><div class=\"col-lg-12\">\n<div class=\"wp-block-rbcwm-columns container\"><div class=\"row wrap blockId-d452e495-d6cd-4252-8342-da1988ff9eca\">\n<div class=\"wp-block-rbcwm-column col-lg-9\">\n<p>Pierre, un veuf vivant seul et g\u00e9rant une petite entreprise de fabrication de produits du bois, d\u00e9c\u00e8de subitement au milieu de l\u2019hiver. Lorsqu\u2019elle a appris que son p\u00e8re n\u2019avait pas laiss\u00e9 de testament, sa fille Lise s\u2019est rendue dans une succursale de RBC pour demander comment obtenir l\u2019acc\u00e8s aux comptes de son p\u00e8re. On lui a recommand\u00e9 de rencontrer un Conseiller en Trust Royal qui l\u2019a aid\u00e9e \u00e0 g\u00e9rer la succession de son p\u00e8re.<\/p>\n\n\n\n<p>Lise a choisi de charger&nbsp;Trust Royal de la plupart des obligations administratives li\u00e9es \u00e0 l\u2019entreprise et aux autres actifs de son p\u00e8re. Elle a aussi choisi de liquider l\u2019entreprise, car aucun membre de la famille ne pouvait succ\u00e9der \u00e0 Pierre. Trust Royal a rapidement pris les choses en main et a mis sous protection les actifs qui incluaient une maison, des v\u00e9hicules, l\u2019installation de fabrication, l\u2019\u00e9quipement et un petit entrep\u00f4t. Ce processus a notamment exig\u00e9 que l\u2019on inspecte, \u00e9value et photographie tout le mat\u00e9riel de fabrication et que l\u2019on assure les actifs en entreposage pour les prot\u00e9ger jusqu\u2019\u00e0 ce qu\u2019un encan puisse \u00eatre tenu au printemps.<\/p>\n\n\n\n<p>Malheureusement, un incendie accidentel a compl\u00e8tement d\u00e9truit l\u2019entrep\u00f4t et son contenu \u00e0 la fin de l\u2019hiver. Le Conseiller en&nbsp;Trust Royal de Lise a imm\u00e9diatement d\u00e9pos\u00e9 une demande d\u2019indemnit\u00e9 et a assur\u00e9 un suivi jusqu\u2019\u00e0 ce qu\u2019une somme de 52 000 $ payable \u00e0 la succession leur soit accord\u00e9e. Les autres actifs de la succession ont \u00e9t\u00e9 vendus \u00e0 l\u2019encan et les d\u00e9clarations de revenus finales ont rapidement \u00e9t\u00e9 d\u00e9pos\u00e9es par Trust Royal, ce qui a permis \u00e0 Lise de r\u00e9gler la succession de son p\u00e8re en moins de huit mois.<\/p>\n\n\n\n<p>En plus d\u2019avoir profit\u00e9 de l\u2019aide d\u2019un expert pour les t\u00e2ches administratives, Lise a aussi eu la chance qu\u2019un Conseiller en&nbsp;Trust Royal songe \u00e0 prot\u00e9ger les biens de son p\u00e8re, qui ne l\u2019\u00e9taient pas en vertu du contrat d\u2019assurance existant, et qu\u2019il s\u2019acharne \u00e0 obtenir un d\u00e9dommagement appr\u00e9ciable.<\/p>\n<\/div>\n<\/div><\/div>\n<\/div><\/div><\/div><\/section>\n\n\n\n<section class=\"wp-block-rbcwm-rbc-block rbc-block rbc-block-flush-bottom rbc-block-grey has-block-grey-background-color has-background\"><div class=\"container\"><div class=\"row \"><div class=\"col-lg-12\">\n<div class=\"wp-block-rbcwm-rbc-button alignfull rbc-button-block row no-gutters align-items-end b-white blockId-d95f9b32-eab3-4a08-a46b-7547bb2c77ca blockId-1eeeabd5-9be4-48b1-b483-0fdde14b3aea blockId-849ff2e5-c4c5-4477-a73d-ce0f0ec218f2 overlap-bottom font-size-2\"><div class=\"rbc-card\"><div class=\"rbc-card-wrap\"><div class=\"rbc-card-body\"><div class=\"row\"><div class=\"col-lg-8\"><h3 class=\"mb-0 rbc-button-block-title\"><span>Laissez-nous vous guider<\/span><\/h3><hr class=\"hr-mini my-1-half bdr-accent\"\/>\n<p class=\"paragraph-intro\">Communiquez avec l&rsquo;un des professionnels du RBC Trust Royal pour en savoir plus sur les services qui pourraient vous convenir.<\/p>\n<\/div><\/div><\/div><\/div><\/div><div class=\"col-lg-7\"><a href=\"https:\/\/www.rbcwealthmanagement.com\/fr-ca\/royal-trust\/contact\" class=\"rbc-button rbc-button-block-cta rbc-button-large rbc-button-secondary rbc-button-block\" rel=\"noopener\"><div class=\"rbc-icon rbc-button-icon-right\"><i aria-hidden=\"true\" role=\"img\" class=\"rbc-icon-img fal fa-fal fa-angle-right\"><\/i><\/div><span>Demander un appel<\/span><\/a><\/div><div class=\"rbc-button-block-text-col d-flex col-lg-5\"><div class=\"rbc-button-block-text flex-grow-1\"><div><span><a href=\"tel:18558336511\" class=\"link-underline\">1-855-833-6511<\/a><\/span><\/div><\/div><\/div><\/div>\n<\/div><\/div><\/div><\/section>\n","protected":false},"excerpt":{"rendered":"","protected":false},"author":68,"featured_media":21283,"parent":0,"menu_order":0,"comment_status":"closed","ping_status":"closed","template":"","meta":{"_acf_changed":false,"editor_notices":[],"rbc_url_alias":"royal-trust\/story\/the-value-of-having-a-partner-to-look-after-the-details","footnotes":""},"rbcwm_content_owner":[],"class_list":["post-3342","page","type-page","status-publish","has-post-thumbnail","hentry"],"acf":[],"yoast_head":"<!-- This site is optimized with the Yoast SEO Premium plugin v24.8 (Yoast SEO v26.8) - https:\/\/yoast.com\/product\/yoast-seo-premium-wordpress\/ -->\n<title>L&#039;avantage de pouvoir compter sur un partenaire pour r\u00e9gler les d\u00e9tails<\/title>\n<meta name=\"description\" content=\"L&#039;avantage de pouvoir compter sur un partenaire pour r\u00e9gler les d\u00e9tailsLITT\u00c9RATIE FINANCI\u00c8RE Pierre, un veuf vivant seul et g\u00e9rant une petite entreprise\" \/>\n<meta name=\"robots\" content=\"index, follow, max-snippet:-1, max-image-preview:large, max-video-preview:-1\" \/>\n<link rel=\"canonical\" href=\"https:\/\/www.rbcwealthmanagement.com\/fr-ca\/royal-trust\/story\/the-value-of-having-a-partner-to-look-after-the-details\" \/>\n<meta property=\"og:locale\" content=\"fr_CA\" \/>\n<meta property=\"og:type\" content=\"article\" \/>\n<meta property=\"og:title\" content=\"L&#039;avantage de pouvoir compter sur un partenaire pour r\u00e9gler les d\u00e9tails\" \/>\n<meta property=\"og:description\" content=\"L&#039;avantage de pouvoir compter sur un partenaire pour r\u00e9gler les d\u00e9tailsLITT\u00c9RATIE FINANCI\u00c8RE Pierre, un veuf vivant seul et g\u00e9rant une petite entreprise\" \/>\n<meta property=\"og:url\" content=\"https:\/\/www.rbcwealthmanagement.com\/fr-ca\/royal-trust\/story\/the-value-of-having-a-partner-to-look-after-the-details\" \/>\n<meta property=\"og:site_name\" content=\"RBC Gestion de patrimoine\" \/>\n<meta property=\"article:modified_time\" content=\"2025-04-01T20:30:27+00:00\" \/>\n<meta property=\"og:image\" content=\"https:\/\/www.rbcwealthmanagement.com\/fr-ca\/wp-content\/uploads\/sites\/6\/2024\/04\/grandparents-grandson-storytime-thumb.jpeg\" \/>\n\t<meta property=\"og:image:width\" content=\"449\" \/>\n\t<meta property=\"og:image:height\" content=\"299\" \/>\n\t<meta property=\"og:image:type\" content=\"image\/jpeg\" \/>\n<meta name=\"twitter:card\" content=\"summary_large_image\" \/>\n<meta name=\"twitter:title\" content=\"L&#039;avantage de pouvoir compter sur un partenaire pour r\u00e9gler les d\u00e9tails\" \/>\n<meta name=\"twitter:label1\" content=\"Est. reading time\" \/>\n\t<meta name=\"twitter:data1\" content=\"3 minutes\" \/>\n<script type=\"application\/ld+json\" class=\"yoast-schema-graph\">{\"@context\":\"https:\/\/schema.org\",\"@graph\":[{\"@type\":\"WebPage\",\"@id\":\"https:\/\/www.rbcwealthmanagement.com\/fr-ca\/royal-trust\/story\/the-value-of-having-a-partner-to-look-after-the-details\",\"url\":\"https:\/\/www.rbcwealthmanagement.com\/fr-ca\/royal-trust\/story\/the-value-of-having-a-partner-to-look-after-the-details\",\"name\":\"L'avantage de pouvoir compter sur un partenaire pour r\u00e9gler les d\u00e9tails\",\"isPartOf\":{\"@id\":\"https:\/\/www.rbcwealthmanagement.com\/fr-ca\/#website\"},\"primaryImageOfPage\":{\"@id\":\"https:\/\/www.rbcwealthmanagement.com\/fr-ca\/royal-trust\/story\/the-value-of-having-a-partner-to-look-after-the-details#primaryimage\"},\"image\":{\"@id\":\"https:\/\/www.rbcwealthmanagement.com\/fr-ca\/royal-trust\/story\/the-value-of-having-a-partner-to-look-after-the-details#primaryimage\"},\"thumbnailUrl\":\"https:\/\/www.rbcwealthmanagement.com\/fr-ca\/wp-content\/uploads\/sites\/6\/2024\/04\/grandparents-grandson-storytime-thumb.jpeg\",\"datePublished\":\"2021-11-21T10:24:58+00:00\",\"dateModified\":\"2025-04-01T20:30:27+00:00\",\"description\":\"L'avantage de pouvoir compter sur un partenaire pour r\u00e9gler les d\u00e9tailsLITT\u00c9RATIE FINANCI\u00c8RE Pierre, un veuf vivant seul et g\u00e9rant une petite entreprise\",\"breadcrumb\":{\"@id\":\"https:\/\/www.rbcwealthmanagement.com\/fr-ca\/royal-trust\/story\/the-value-of-having-a-partner-to-look-after-the-details#breadcrumb\"},\"inLanguage\":\"fr-CA\",\"potentialAction\":[{\"@type\":\"ReadAction\",\"target\":[\"https:\/\/www.rbcwealthmanagement.com\/fr-ca\/royal-trust\/story\/the-value-of-having-a-partner-to-look-after-the-details\"]}]},{\"@type\":\"ImageObject\",\"inLanguage\":\"fr-CA\",\"@id\":\"https:\/\/www.rbcwealthmanagement.com\/fr-ca\/royal-trust\/story\/the-value-of-having-a-partner-to-look-after-the-details#primaryimage\",\"url\":\"https:\/\/www.rbcwealthmanagement.com\/fr-ca\/wp-content\/uploads\/sites\/6\/2024\/04\/grandparents-grandson-storytime-thumb.jpeg\",\"contentUrl\":\"https:\/\/www.rbcwealthmanagement.com\/fr-ca\/wp-content\/uploads\/sites\/6\/2024\/04\/grandparents-grandson-storytime-thumb.jpeg\",\"width\":449,\"height\":299},{\"@type\":\"BreadcrumbList\",\"@id\":\"https:\/\/www.rbcwealthmanagement.com\/fr-ca\/royal-trust\/story\/the-value-of-having-a-partner-to-look-after-the-details#breadcrumb\",\"itemListElement\":[{\"@type\":\"ListItem\",\"position\":1,\"name\":\"Home\",\"item\":\"https:\/\/www.rbcwealthmanagement.com\/fr-ca\/\"},{\"@type\":\"ListItem\",\"position\":2,\"name\":\"L&#8217;avantage de pouvoir compter sur un partenaire pour r\u00e9gler les d\u00e9tails\"}]},{\"@type\":\"WebSite\",\"@id\":\"https:\/\/www.rbcwealthmanagement.com\/fr-ca\/#website\",\"url\":\"https:\/\/www.rbcwealthmanagement.com\/fr-ca\/\",\"name\":\"RBC Gestion de patrimoine\",\"description\":\"\",\"publisher\":{\"@id\":\"https:\/\/www.rbcwealthmanagement.com\/fr-ca\/#organization\"},\"potentialAction\":[{\"@type\":\"SearchAction\",\"target\":{\"@type\":\"EntryPoint\",\"urlTemplate\":\"https:\/\/www.rbcwealthmanagement.com\/fr-ca\/?s={search_term_string}\"},\"query-input\":{\"@type\":\"PropertyValueSpecification\",\"valueRequired\":true,\"valueName\":\"search_term_string\"}}],\"inLanguage\":\"fr-CA\"},{\"@type\":\"Organization\",\"@id\":\"https:\/\/www.rbcwealthmanagement.com\/fr-ca\/#organization\",\"name\":\"RBC Gestion de Patrimoine\",\"alternateName\":\"RBC Gestion de Patrimoine\",\"url\":\"https:\/\/www.rbcwealthmanagement.com\/fr-ca\/\",\"logo\":{\"@type\":\"ImageObject\",\"inLanguage\":\"fr-CA\",\"@id\":\"https:\/\/www.rbcwealthmanagement.com\/fr-ca\/#\/schema\/logo\/image\/\",\"url\":\"https:\/\/www.rbcwealthmanagement.com\/fr-ca\/wp-content\/uploads\/sites\/6\/2023\/02\/rbc.png\",\"contentUrl\":\"https:\/\/www.rbcwealthmanagement.com\/fr-ca\/wp-content\/uploads\/sites\/6\/2023\/02\/rbc.png\",\"width\":3000,\"height\":2000,\"caption\":\"RBC Gestion de Patrimoine\"},\"image\":{\"@id\":\"https:\/\/www.rbcwealthmanagement.com\/fr-ca\/#\/schema\/logo\/image\/\"}}]}<\/script>\n<!-- \/ Yoast SEO Premium plugin. -->","yoast_head_json":{"title":"L'avantage de pouvoir compter sur un partenaire pour r\u00e9gler les d\u00e9tails","description":"L'avantage de pouvoir compter sur un partenaire pour r\u00e9gler les d\u00e9tailsLITT\u00c9RATIE FINANCI\u00c8RE Pierre, un veuf vivant seul et g\u00e9rant une petite entreprise","robots":{"index":"index","follow":"follow","max-snippet":"max-snippet:-1","max-image-preview":"max-image-preview:large","max-video-preview":"max-video-preview:-1"},"canonical":"https:\/\/www.rbcwealthmanagement.com\/fr-ca\/royal-trust\/story\/the-value-of-having-a-partner-to-look-after-the-details","og_locale":"fr_CA","og_type":"article","og_title":"L'avantage de pouvoir compter sur un partenaire pour r\u00e9gler les d\u00e9tails","og_description":"L'avantage de pouvoir compter sur un partenaire pour r\u00e9gler les d\u00e9tailsLITT\u00c9RATIE FINANCI\u00c8RE Pierre, un veuf vivant seul et g\u00e9rant une petite entreprise","og_url":"https:\/\/www.rbcwealthmanagement.com\/fr-ca\/royal-trust\/story\/the-value-of-having-a-partner-to-look-after-the-details","og_site_name":"RBC Gestion de patrimoine","article_modified_time":"2025-04-01T20:30:27+00:00","og_image":[{"width":449,"height":299,"url":"https:\/\/www.rbcwealthmanagement.com\/fr-ca\/wp-content\/uploads\/sites\/6\/2024\/04\/grandparents-grandson-storytime-thumb.jpeg","type":"image\/jpeg"}],"twitter_card":"summary_large_image","twitter_title":"L'avantage de pouvoir compter sur un partenaire pour r\u00e9gler les d\u00e9tails","twitter_misc":{"Est. reading time":"3 minutes"},"schema":{"@context":"https:\/\/schema.org","@graph":[{"@type":"WebPage","@id":"https:\/\/www.rbcwealthmanagement.com\/fr-ca\/royal-trust\/story\/the-value-of-having-a-partner-to-look-after-the-details","url":"https:\/\/www.rbcwealthmanagement.com\/fr-ca\/royal-trust\/story\/the-value-of-having-a-partner-to-look-after-the-details","name":"L'avantage de pouvoir compter sur un partenaire pour r\u00e9gler les d\u00e9tails","isPartOf":{"@id":"https:\/\/www.rbcwealthmanagement.com\/fr-ca\/#website"},"primaryImageOfPage":{"@id":"https:\/\/www.rbcwealthmanagement.com\/fr-ca\/royal-trust\/story\/the-value-of-having-a-partner-to-look-after-the-details#primaryimage"},"image":{"@id":"https:\/\/www.rbcwealthmanagement.com\/fr-ca\/royal-trust\/story\/the-value-of-having-a-partner-to-look-after-the-details#primaryimage"},"thumbnailUrl":"https:\/\/www.rbcwealthmanagement.com\/fr-ca\/wp-content\/uploads\/sites\/6\/2024\/04\/grandparents-grandson-storytime-thumb.jpeg","datePublished":"2021-11-21T10:24:58+00:00","dateModified":"2025-04-01T20:30:27+00:00","description":"L'avantage de pouvoir compter sur un partenaire pour r\u00e9gler les d\u00e9tailsLITT\u00c9RATIE FINANCI\u00c8RE Pierre, un veuf vivant seul et g\u00e9rant une petite entreprise","breadcrumb":{"@id":"https:\/\/www.rbcwealthmanagement.com\/fr-ca\/royal-trust\/story\/the-value-of-having-a-partner-to-look-after-the-details#breadcrumb"},"inLanguage":"fr-CA","potentialAction":[{"@type":"ReadAction","target":["https:\/\/www.rbcwealthmanagement.com\/fr-ca\/royal-trust\/story\/the-value-of-having-a-partner-to-look-after-the-details"]}]},{"@type":"ImageObject","inLanguage":"fr-CA","@id":"https:\/\/www.rbcwealthmanagement.com\/fr-ca\/royal-trust\/story\/the-value-of-having-a-partner-to-look-after-the-details#primaryimage","url":"https:\/\/www.rbcwealthmanagement.com\/fr-ca\/wp-content\/uploads\/sites\/6\/2024\/04\/grandparents-grandson-storytime-thumb.jpeg","contentUrl":"https:\/\/www.rbcwealthmanagement.com\/fr-ca\/wp-content\/uploads\/sites\/6\/2024\/04\/grandparents-grandson-storytime-thumb.jpeg","width":449,"height":299},{"@type":"BreadcrumbList","@id":"https:\/\/www.rbcwealthmanagement.com\/fr-ca\/royal-trust\/story\/the-value-of-having-a-partner-to-look-after-the-details#breadcrumb","itemListElement":[{"@type":"ListItem","position":1,"name":"Home","item":"https:\/\/www.rbcwealthmanagement.com\/fr-ca\/"},{"@type":"ListItem","position":2,"name":"L&#8217;avantage de pouvoir compter sur un partenaire pour r\u00e9gler les d\u00e9tails"}]},{"@type":"WebSite","@id":"https:\/\/www.rbcwealthmanagement.com\/fr-ca\/#website","url":"https:\/\/www.rbcwealthmanagement.com\/fr-ca\/","name":"RBC Gestion de patrimoine","description":"","publisher":{"@id":"https:\/\/www.rbcwealthmanagement.com\/fr-ca\/#organization"},"potentialAction":[{"@type":"SearchAction","target":{"@type":"EntryPoint","urlTemplate":"https:\/\/www.rbcwealthmanagement.com\/fr-ca\/?s={search_term_string}"},"query-input":{"@type":"PropertyValueSpecification","valueRequired":true,"valueName":"search_term_string"}}],"inLanguage":"fr-CA"},{"@type":"Organization","@id":"https:\/\/www.rbcwealthmanagement.com\/fr-ca\/#organization","name":"RBC Gestion de Patrimoine","alternateName":"RBC Gestion de Patrimoine","url":"https:\/\/www.rbcwealthmanagement.com\/fr-ca\/","logo":{"@type":"ImageObject","inLanguage":"fr-CA","@id":"https:\/\/www.rbcwealthmanagement.com\/fr-ca\/#\/schema\/logo\/image\/","url":"https:\/\/www.rbcwealthmanagement.com\/fr-ca\/wp-content\/uploads\/sites\/6\/2023\/02\/rbc.png","contentUrl":"https:\/\/www.rbcwealthmanagement.com\/fr-ca\/wp-content\/uploads\/sites\/6\/2023\/02\/rbc.png","width":3000,"height":2000,"caption":"RBC Gestion de Patrimoine"},"image":{"@id":"https:\/\/www.rbcwealthmanagement.com\/fr-ca\/#\/schema\/logo\/image\/"}}]}},"jetpack_sharing_enabled":true,"publishpress_future_action":{"enabled":false,"date":"2026-04-29 07:03:05","action":"change-status","newStatus":"draft","terms":[],"taxonomy":"rbcwm_content_owner","extraData":[]},"publishpress_future_workflow_manual_trigger":{"enabledWorkflows":[]},"distributor_meta":false,"distributor_terms":false,"distributor_media":false,"distributor_original_site_name":"RBC Gestion de patrimoine","distributor_original_site_url":"https:\/\/www.rbcwealthmanagement.com\/fr-ca","push-errors":false,"last_revision_date":"2025-04-01 16:30:26","_links":{"self":[{"href":"https:\/\/www.rbcwealthmanagement.com\/fr-ca\/wp-json\/wp\/v2\/pages\/3342","targetHints":{"allow":["GET"]}}],"collection":[{"href":"https:\/\/www.rbcwealthmanagement.com\/fr-ca\/wp-json\/wp\/v2\/pages"}],"about":[{"href":"https:\/\/www.rbcwealthmanagement.com\/fr-ca\/wp-json\/wp\/v2\/types\/page"}],"author":[{"embeddable":true,"href":"https:\/\/www.rbcwealthmanagement.com\/fr-ca\/wp-json\/wp\/v2\/users\/68"}],"replies":[{"embeddable":true,"href":"https:\/\/www.rbcwealthmanagement.com\/fr-ca\/wp-json\/wp\/v2\/comments?post=3342"}],"version-history":[{"count":5,"href":"https:\/\/www.rbcwealthmanagement.com\/fr-ca\/wp-json\/wp\/v2\/pages\/3342\/revisions"}],"predecessor-version":[{"id":25233,"href":"https:\/\/www.rbcwealthmanagement.com\/fr-ca\/wp-json\/wp\/v2\/pages\/3342\/revisions\/25233"}],"wp:featuredmedia":[{"embeddable":true,"href":"https:\/\/www.rbcwealthmanagement.com\/fr-ca\/wp-json\/wp\/v2\/media\/21283"}],"wp:attachment":[{"href":"https:\/\/www.rbcwealthmanagement.com\/fr-ca\/wp-json\/wp\/v2\/media?parent=3342"}],"wp:term":[{"taxonomy":"rbcwm_content_owner","embeddable":true,"href":"https:\/\/www.rbcwealthmanagement.com\/fr-ca\/wp-json\/wp\/v2\/rbcwm_content_owner?post=3342"}],"curies":[{"name":"wp","href":"https:\/\/api.w.org\/{rel}","templated":true}]}}