{"id":3369,"date":"2021-10-24T13:41:13","date_gmt":"2021-10-24T13:41:13","guid":{"rendered":"https:\/\/www.rbcwealthmanagement.com\/fr-ca\/sign-out\/"},"modified":"2026-04-20T11:09:33","modified_gmt":"2026-04-20T15:09:33","slug":"sign-out","status":"publish","type":"page","link":"https:\/\/www.rbcwealthmanagement.com\/fr-ca\/sign-out","title":{"rendered":"Session termin\u00e9e"},"content":{"rendered":"\n<div style=\"height:63px\" aria-hidden=\"true\" class=\"wp-block-spacer\"><\/div>\n\n\n\n<section class=\"wp-block-rbcwm-rbc-block rbc-block rbc-block-flush-top has-white-background-color has-background\" data-location_id=\"our insights\"><div class=\"container\"><div class=\"row \"><div class=\"col-lg-12\">\n<h2 class=\"wp-block-heading\" id=\"h-vous-avez-bien-ferme-votre-session-dans-rbc-gestion-de-patrimoine-en-ligne\">Vous avez bien ferm\u00e9 votre session dans RBC Gestion de patrimoine en ligne<\/h2>\n<\/div><\/div><\/div><\/section>\n\n\n\n<section class=\"wp-block-rbcwm-rbc-block rbc-block rbc-block-flush rbc-block-grey has-block-grey-background-color has-background\"><div class=\"container\"><div class=\"row \"><div class=\"col-lg-12\">\n<section class=\"wp-block-rbcwm-rbc-block rbc-block rbc-block-well rbc-block-small rbc-mid-page-cta has-white-background-color has-background\"><div class=\"\"><div class=\"row \"><div class=\"col-lg-12\">\n<h4 class=\"wp-block-heading cta-title\" id=\"h-la-saison-fiscale-met-les-structures-a-l-epreuve\"><strong><strong><strong><strong><strong>La saison fiscale met les structures \u00e0 l&rsquo;\u00e9preuve<\/strong><\/strong><\/strong><\/strong><\/strong><\/h4>\n\n\n\n<p class=\"cta-content has-medium-font-size\">Propri\u00e9t\u00e9s multiples, int\u00e9r\u00eats commerciaux ou dynamique familiale complexe&nbsp;? Une fiducie bien structur\u00e9e pourrait \u00eatre une option \u00e0 consid\u00e9rer.<\/p>\n\n\n\n<p><a href=\"https:\/\/www.rbcwealthmanagement.com\/fr-ca\/solutions\/trust-solutions\" data-type=\"link\" data-id=\"https:\/\/www.rbcwealthmanagement.com\/fr-ca\/royal-trust\" class=\"link-chev\">B\u00e9n\u00e9ficiez d\u2019une surveillance de vos fiducies par un professionnel<\/a><\/p>\n<\/div><\/div><\/div><\/section>\n<\/div><\/div><\/div><\/section>\n\n\n\n<section class=\"wp-block-rbcwm-rbc-block rbc-block rbc-block-flush rbc-block-grey has-block-grey-background-color has-background\" data-location_id=\"our insights\"><div class=\"container\"><div class=\"row \"><div class=\"col-lg-12\">\n<h2 class=\"wp-block-heading has-primary-color has-text-color has-link-color wp-elements-4b18df973f3cc643f1facb24363d04bc\" id=\"h-nos-perspectives\">Nos perspectives<\/h2>\n\n\n\n\t\t<div class=\"row\">\n\t\t\t<div class=\"col-lg-12\">\n\t\t\t\t<div class=\"row overlap-bottom\">\n\t\t\t\t\t\n\t\t\t\t\t\n<div class=\"rbc-media-card-col rbc-card-col-my col-lg-4 col-md-6\">\n\t<div class=\"rbc-card rbc-media-card rbc-card-hover rbc-media-card-stacked-vertical\">\n\t\t<div draggable=\"false\" class=\"rbc-card-wrap\">\n\t\t\t<div class=\"rbc-card-body rbc-hero-img-background-position\">\n\t\t\t\t\t\t\t\t<div class=\"rbc-media-card-image\" style=\"background-image: url('https:\/\/www.rbcwealthmanagement.com\/fr-ca\/wp-content\/uploads\/sites\/6\/2026\/04\/26-Insights-WMC-WEB-the-public-pillorying-of-private-credit-3210x2140-1.jpg?w=1024');\"><\/div>\n\t\t\t\t\t\t\t<h3 class=\"rbc-media-card-title rbc-media-card-title-wrap\"><span class=\"rbc-media-card-title-link\"><span>Notre point de vue sur la\u00a0critique m\u00e9diatis\u00e9e du\u00a0cr\u00e9dit priv\u00e9<\/span><\/span><\/h3>\t\t\t\t<span class=\"category rbc-media-card-category\">\n\t\t\t\t\tAnalyse\t\t\t\t<\/span>\n\t\t\t\t\t\t\t\t\t<a href=\"https:\/\/www.rbcwealthmanagement.com\/fr-ca\/insights\/our-take-on-the-public-pillorying-of-private-credit\" class=\"rbc-media-card-footer-link align-self-end link-chev rbc-card-link-full\">\n\t\t\t\t\t\t<span class=\"rbc-media-card-cta-link\">\n\t\t\t\t\t\t\t5 minutes de lecture\t\t\t\t\t\t\t<div class=\"rbc-icon\">\n\t\t\t\t\t\t\t\t<i aria-hidden=\"true\" role=\"img\" class=\"rbc-icon-img fal fa-angle-right\"><\/i>\n\t\t\t\t\t\t\t<\/div>\n\t\t\t\t\t\t\t<span class=\"sr-only\">&#8211; Notre point de vue sur la\u00a0critique m\u00e9diatis\u00e9e du\u00a0cr\u00e9dit priv\u00e9<\/span>\n\t\t\t\t\t\t<\/span>\n\t\t\t\t\t<\/a>\n\t\t\t\t\t\t\t<\/div>\n\t\t<\/div>\n\t<\/div>\n<\/div>\n\n<div class=\"rbc-media-card-col rbc-card-col-my col-lg-4 col-md-6\">\n\t<div class=\"rbc-card rbc-media-card rbc-card-hover rbc-media-card-stacked-vertical\">\n\t\t<div draggable=\"false\" class=\"rbc-card-wrap\">\n\t\t\t<div class=\"rbc-card-body rbc-hero-img-background-position\">\n\t\t\t\t\t\t\t\t<div class=\"rbc-media-card-image\" style=\"background-image: url('https:\/\/www.rbcwealthmanagement.com\/fr-ca\/wp-content\/uploads\/sites\/6\/2026\/04\/man-looking-at-tablet-in-car-dealership-3210x2140-1.jpg?w=1024');\"><\/div>\n\t\t\t\t\t\t\t<h3 class=\"rbc-media-card-title rbc-media-card-title-wrap\"><span class=\"rbc-media-card-title-link\"><span>Une remont\u00e9e r\u00e9siliente des actions am\u00e9ricaines, mais les difficult\u00e9s \u00e9conomiques persistent<\/span><\/span><\/h3>\t\t\t\t<span class=\"category rbc-media-card-category\">\n\t\t\t\t\tAnalyse\t\t\t\t<\/span>\n\t\t\t\t\t\t\t\t\t<a href=\"https:\/\/www.rbcwealthmanagement.com\/fr-ca\/insights\/a-resilient-rally-for-us-equities-but-economic-headwinds-persist\" class=\"rbc-media-card-footer-link align-self-end link-chev rbc-card-link-full\">\n\t\t\t\t\t\t<span class=\"rbc-media-card-cta-link\">\n\t\t\t\t\t\t\t8 minutes de lecture\t\t\t\t\t\t\t<div class=\"rbc-icon\">\n\t\t\t\t\t\t\t\t<i aria-hidden=\"true\" role=\"img\" class=\"rbc-icon-img fal fa-angle-right\"><\/i>\n\t\t\t\t\t\t\t<\/div>\n\t\t\t\t\t\t\t<span class=\"sr-only\">&#8211; Une remont\u00e9e r\u00e9siliente des actions am\u00e9ricaines, mais les difficult\u00e9s \u00e9conomiques persistent<\/span>\n\t\t\t\t\t\t<\/span>\n\t\t\t\t\t<\/a>\n\t\t\t\t\t\t\t<\/div>\n\t\t<\/div>\n\t<\/div>\n<\/div>\n\n<div class=\"rbc-media-card-col rbc-card-col-my col-lg-4 col-md-6\">\n\t<div class=\"rbc-card rbc-media-card rbc-card-hover rbc-media-card-stacked-vertical\">\n\t\t<div draggable=\"false\" class=\"rbc-card-wrap\">\n\t\t\t<div class=\"rbc-card-body rbc-hero-img-background-position\">\n\t\t\t\t\t\t\t\t<div class=\"rbc-media-card-image\" style=\"background-image: url('https:\/\/www.rbcwealthmanagement.com\/fr-ca\/wp-content\/uploads\/sites\/6\/2026\/04\/oil-rig-at-sea-at-dawn-3210x2140-1.jpg?w=1024');\"><\/div>\n\t\t\t\t\t\t\t<h3 class=\"rbc-media-card-title rbc-media-card-title-wrap\"><span class=\"rbc-media-card-title-link\"><span>Pourquoi le choc des prix du p\u00e9trole ne devrait pas raviver l\u2019inflation en g\u00e9n\u00e9ral au Canada<\/span><\/span><\/h3>\t\t\t\t<span class=\"category rbc-media-card-category\">\n\t\t\t\t\tAnalyse\t\t\t\t<\/span>\n\t\t\t\t\t\t\t\t\t<a href=\"https:\/\/www.rbcwealthmanagement.com\/fr-ca\/insights\/why-the-oil-price-shock-isnt-likely-to-reignite-broad-inflation-in-canada\" class=\"rbc-media-card-footer-link align-self-end link-chev rbc-card-link-full\">\n\t\t\t\t\t\t<span class=\"rbc-media-card-cta-link\">\n\t\t\t\t\t\t\t7 minutes de lecture\t\t\t\t\t\t\t<div class=\"rbc-icon\">\n\t\t\t\t\t\t\t\t<i aria-hidden=\"true\" role=\"img\" class=\"rbc-icon-img fal fa-angle-right\"><\/i>\n\t\t\t\t\t\t\t<\/div>\n\t\t\t\t\t\t\t<span class=\"sr-only\">&#8211; Pourquoi le choc des prix du p\u00e9trole ne devrait pas raviver l\u2019inflation en g\u00e9n\u00e9ral au Canada<\/span>\n\t\t\t\t\t\t<\/span>\n\t\t\t\t\t<\/a>\n\t\t\t\t\t\t\t<\/div>\n\t\t<\/div>\n\t<\/div>\n<\/div>\n\t\t\t\t\t\t\t\t\t\t\t<div class=\"col-12\">\n\t\t\t\t\t\t\t<div class=\"rbc-button-block row no-gutters align-items-end rbc-block-spacer-t justify-content-end\">\n\t\t\t\t\t\t\t\t<div class=\"col-lg-5 order-1\">\n\t\t\t\t\t\t\t\t\t<a href=\"\" class=\"rbc-button rbc-button-block-cta rbc-button-large rbc-button-secondary rbc-button-block\">\n\t\t\t\t\t\t\t\t\t\t<span class=\"rbc-icon rbc-button-icon-right\">\n\t\t\t\t\t\t\t\t\t\t\t<i aria-hidden=\"true\" role=\"img\" class=\"rbc-icon-img fal fa-angle-right\"><\/i>\n\t\t\t\t\t\t\t\t\t\t<\/span>\n\t\t\t\t\t\t\t\t\t\tD\u00e9couvrez d&#039;autres perspectives\t\t\t\t\t\t\t\t\t<\/a>\n\t\t\t\t\t\t\t\t<\/div>\n\t\t\t\t\t\t\t<\/div>\n\t\t\t\t\t\t<\/div>\n\t\t\t\t\t\t\t\t\t\t<\/div>\n\t\t\t<\/div>\n\t\t<\/div>\n\n\t\t<\/div><\/div><\/div><\/section>\n\n\n\n<section class=\"wp-block-rbcwm-rbc-block rbc-block rbc-block-small\"><div class=\"\"><div class=\"row \"><div class=\"col-lg-12\">\n<section class=\"wp-block-rbcwm-rbc-block rbc-block rbc-block-flush-bottom\" data-location_id=\"Solutions for your unique needs - Article text cards\"><div class=\"container\"><div class=\"row \"><div class=\"col-lg-12\">\n<header class=\"wp-block-rbcwm-block-header row rbc-block-header\"><div class=\"col-lg-12\">\n<div class=\"row\">\n\n<h2 class=\"wp-block-heading rbc-block-header-title col-lg-12\" id=\"h-des-reponses-a-vos-besoins-particuliers\">Des r\u00e9ponses \u00e0 vos besoins particuliers<\/h2>\n\n<\/div>\n\n\n\n<div class=\"wp-block-rbcwm-block-header-description rbc-block-header-description\">\n<p><\/p>\n<\/div>\n<\/div><\/header>\n\n\n\n<div class=\"wp-block-rbcwm-card rbc-card rbc-card-mb\" data-observe=\"{&quot;add&quot;:&quot;ani-opacity-up&quot;,&quot;remove&quot;:&quot;ani-opacity-up-from&quot;}\"><div class=\"rbc-card-wrap\"><div class=\"rbc-card-body\"><div>\n<div class=\"row blockId-bf20c84f-cac0-4ecb-81d4-c93d14a01cd0\">\n<div class=\"wp-block-rbcwm-column col-md-6 mb-1-half mb-lg-2-half\">\n<h4 class=\"wp-block-heading font-size-4\" id=\"h-planification-financiere\"><a style=\"font-size: 1.5rem\" href=\"https:\/\/www.rbcwealthmanagement.com\/fr-ca\/solutions\/financial-planning\/\">Planification financi\u00e8re<\/a><a href=\"https:\/\/www.rbcwealthmanagement.com\/fr-ca\/solutions\/financial-planning\/\" data-type=\"link\" data-id=\"https:\/\/www.rbcwealthmanagement.com\/fr-ca\/solutions\/financial-planning\/\" class=\"link-chev\"><\/a><\/h4>\n\n\n\n<p>Un plan personnalis\u00e9 peut faciliter la gestion de votre patrimoine et vous permettre de vous concentrer sur ce qui est important pour vous et votre famille.<\/p>\n<\/div>\n\n\n\n<div class=\"wp-block-rbcwm-column col-md-6 mb-1-half mb-lg-2-half\">\n<h4 class=\"wp-block-heading font-size-4\" id=\"h-planification-pour-les-proprietaires-d-entreprise\"><a href=\"https:\/\/www.rbcwealthmanagement.com\/fr-ca\/solutions\/business-owner-planning\" data-type=\"rbcwm_solutions\" data-id=\"3016\" class=\"link-chev\">Planification pour les propri\u00e9taires d\u2019entreprise<\/a><\/h4>\n\n\n\n<p>Passez en revue avec assurance chaque \u00e9tape du cycle de vie de votre entreprise gr\u00e2ce \u00e0 une planification personnalis\u00e9e, appuy\u00e9e par des connaissances d\u2019experts, pour r\u00e9pondre \u00e0 vos besoins en constante \u00e9volution.<\/p>\n<\/div>\n\n\n\n<div class=\"wp-block-rbcwm-column col-md-6 mb-1-half mb-lg-2-half\">\n<h4 class=\"wp-block-heading font-size-4\" id=\"h-planification-du-revenu-de-retraite\"><a href=\"https:\/\/www.rbcwealthmanagement.com\/fr-ca\/solutions\/retirement-income-planning\/\" data-type=\"link\" data-id=\"https:\/\/www.rbcwealthmanagement.com\/fr-ca\/solutions\/retirement-income-planning\/\" class=\"link-chev\">Planification du revenu de retraite<\/a><\/h4>\n\n\n\n<p>Profitez de la retraite que vous avez envisag\u00e9e gr\u00e2ce \u00e0 des strat\u00e9gies judicieuses adapt\u00e9es \u00e0 vos priorit\u00e9s et \u00e0 vos objectifs personnels.<\/p>\n<\/div>\n\n\n\n<div class=\"wp-block-rbcwm-column col-md-6 mb-1-half mb-lg-2-half\">\n<h4 class=\"wp-block-heading font-size-4\" id=\"h-credit-et-prets\"><a href=\"https:\/\/www.rbcwealthmanagement.com\/fr-ca\/solutions\/credit-and-lending\" data-type=\"rbcwm_solutions\" data-id=\"2987\" class=\"link-chev\">Cr\u00e9dit et pr\u00eats<\/a><\/h4>\n\n\n\n<p>Access the additional capital you or your business needs to take advantage of new opportunities and help build your wealth.<\/p>\n<\/div>\n\n\n\n<div class=\"wp-block-rbcwm-column col-md-6 mb-1-half mb-lg-2-half\">\n<h4 class=\"wp-block-heading font-size-4\" id=\"h-solutions-fiduciaires\"><a href=\"https:\/\/www.rbcwealthmanagement.com\/fr-ca\/solutions\/trust-solutions\" data-type=\"rbcwm_solutions\" data-id=\"2999\" class=\"link-chev\">Solutions fiduciaires<\/a><\/h4>\n\n\n\n<p>Nos solutions vous aident \u00e0 prot\u00e9ger vos proches et \u00e0 subvenir \u00e0 leurs besoins actuels et futurs de fa\u00e7on fiscalement avantageuse, et vous b\u00e9n\u00e9ficiez de conseils sur l\u2019utilisation des actifs fiduciaires.<\/p>\n<\/div>\n\n\n\n<div class=\"wp-block-rbcwm-column col-md-6 mb-1-half mb-lg-2-half\">\n<h4 class=\"wp-block-heading font-size-4\" id=\"h-solutions-en-cas-d-incapacite\"><a href=\"https:\/\/www.rbcwealthmanagement.com\/fr-ca\/solutions\/incapacity-solutions\/\" data-type=\"link\" data-id=\"https:\/\/www.rbcwealthmanagement.com\/fr-ca\/solutions\/incapacity-solutions\/\" class=\"link-chev\">Solutions en cas d\u2019incapacit\u00e9<\/a><\/h4>\n\n\n\n<p>Pr\u00e9parez-vous. D\u00e9signez une personne comme mandataire aux biens pour g\u00e9rer vos actifs financiers et vos affaires si vous devenez incapable de le faire, ou obtenez de l\u2019aide si vous avez \u00e9t\u00e9 d\u00e9sign\u00e9 pour exercer ces fonctions.<\/p>\n<\/div>\n<\/div>\n<\/div><\/div><\/div><\/div>\n\n\n\n<div class=\"wp-block-rbcwm-rbc-button alignfull rbc-button-block row no-gutters align-items-end justify-content-end blockId-4a2caebd-484f-45e0-985a-bd40e655b2b1 overlap-bottom\"><div class=\"col-lg-5 order-1\"><a href=\"https:\/\/www.rbcwealthmanagement.com\/fr-ca\/solutions\" target=\"_self\" class=\"rbc-button rbc-button-block-cta rbc-button-large rbc-button-secondary rbc-button-block\" rel=\"noopener\"><div class=\"rbc-icon rbc-button-icon-right\"><i aria-hidden=\"true\" role=\"img\" class=\"rbc-icon-img fal fa-fal fa-angle-right\"><\/i><\/div><span>D\u00e9couvrez nos solutions<\/span><\/a><\/div><\/div>\n<\/div><\/div><\/div><\/section>\n<\/div><\/div><\/div><\/section>\n\n\n\n<section class=\"wp-block-rbcwm-rbc-block alignfull rbc-block rbc-block-flush rbc-block-grey rbc-block-has-overlap rbc-block-small d-none d-sm-block has-block-grey-background-color has-background\" data-location_id=\"Partner images\"><div class=\"container\"><div class=\"row \"><div class=\"col-lg-12\">\n<section class=\"wp-block-rbcwm-rbc-block rbc-block rbc-block-well rbc-block-small rbc-mid-page-cta has-white-background-color has-background\"><div class=\"\"><div class=\"row \"><div class=\"col-lg-12\">\n<h4 class=\"wp-block-heading cta-title\" id=\"h-planifiez-bien-pour-bien-vieillir\">Planifiez bien pour bien vieillir<\/h4>\n\n\n\n<p class=\"cta-content\">Explorez des strat\u00e9gies, des id\u00e9es et des ressources pour vous aider \u00e0 planifier, et \u00e0 profiter, d\u2019une vie longue et saine.<\/p>\n\n\n\n<div class=\"wp-block-buttons is-layout-flex wp-block-buttons-is-layout-flex\" style=\"margin-top:var(--wp--preset--spacing--50)\">\n<a class=\"wp-block-button rbc-button-no-icon rbc-mid-page-button is-style-secondary rbc-button rbc-button-secondary\" href=\"https:\/\/www.rbcwealthmanagement.com\/fr-ca\/campaign\/aging-well\">En savoir plus<\/a>\n<\/div>\n<\/div><\/div><\/div><\/section>\n\n\n\n<nav class=\"wp-block-rbcwm-anchor-navigation rbc-dots d-none d-lg-block container\" aria-label=\"Anchor navigation\"><div class=\"rbc-dots-wrap\"><ul class=\"rbc-dots-items list-unstyled\"><\/ul><\/div><\/nav>\n<\/div><\/div><\/div><\/section>\n\n\n\n<p><\/p>\n","protected":false},"excerpt":{"rendered":"","protected":false},"author":54,"featured_media":0,"parent":0,"menu_order":0,"comment_status":"closed","ping_status":"closed","template":"","meta":{"_acf_changed":false,"editor_notices":[],"rbc_url_alias":"sign-out","footnotes":""},"rbcwm_content_owner":[],"class_list":["post-3369","page","type-page","status-publish","hentry"],"acf":[],"yoast_head":"<!-- This site is optimized with the Yoast SEO Premium plugin v24.8 (Yoast SEO v26.8) - https:\/\/yoast.com\/product\/yoast-seo-premium-wordpress\/ -->\n<title>Session termin\u00e9e - RBC Gestion de patrimoine<\/title>\n<meta name=\"description\" content=\"Vous avez bien ferm\u00e9 votre session dans RBC Gestion de patrimoine en ligne La saison fiscale met les structures \u00e0 l&#039;\u00e9preuve Propri\u00e9t\u00e9s multiples, int\u00e9r\u00eats\" \/>\n<meta name=\"robots\" content=\"index, follow, max-snippet:-1, max-image-preview:large, max-video-preview:-1\" \/>\n<link rel=\"canonical\" href=\"https:\/\/www.rbcwealthmanagement.com\/fr-ca\/sign-out\" \/>\n<meta property=\"og:locale\" content=\"fr_CA\" \/>\n<meta property=\"og:type\" content=\"article\" \/>\n<meta property=\"og:title\" content=\"Session termin\u00e9e\" \/>\n<meta property=\"og:description\" content=\"Vous avez bien ferm\u00e9 votre session dans RBC Gestion de patrimoine en ligne La saison fiscale met les structures \u00e0 l&#039;\u00e9preuve Propri\u00e9t\u00e9s multiples, int\u00e9r\u00eats\" \/>\n<meta property=\"og:url\" content=\"https:\/\/www.rbcwealthmanagement.com\/fr-ca\/sign-out\" \/>\n<meta property=\"og:site_name\" content=\"RBC Gestion de patrimoine\" \/>\n<meta property=\"article:modified_time\" content=\"2026-04-20T15:09:33+00:00\" \/>\n<meta property=\"og:image\" content=\"https:\/\/www.rbcwealthmanagement.com\/fr-ca\/wp-content\/uploads\/sites\/6\/2023\/02\/share-logo-1200x630-1.png\" \/>\n\t<meta property=\"og:image:width\" content=\"1200\" \/>\n\t<meta property=\"og:image:height\" content=\"630\" \/>\n\t<meta property=\"og:image:type\" content=\"image\/png\" \/>\n<meta name=\"twitter:card\" content=\"summary_large_image\" \/>\n<meta name=\"twitter:title\" content=\"Session termin\u00e9e\" \/>\n<meta name=\"twitter:label1\" content=\"Est. reading time\" \/>\n\t<meta name=\"twitter:data1\" content=\"2 minutes\" \/>\n<script type=\"application\/ld+json\" class=\"yoast-schema-graph\">{\"@context\":\"https:\/\/schema.org\",\"@graph\":[{\"@type\":\"WebPage\",\"@id\":\"https:\/\/www.rbcwealthmanagement.com\/fr-ca\/sign-out\",\"url\":\"https:\/\/www.rbcwealthmanagement.com\/fr-ca\/sign-out\",\"name\":\"Session termin\u00e9e - RBC Gestion de patrimoine\",\"isPartOf\":{\"@id\":\"https:\/\/www.rbcwealthmanagement.com\/fr-ca\/#website\"},\"datePublished\":\"2021-10-24T13:41:13+00:00\",\"dateModified\":\"2026-04-20T15:09:33+00:00\",\"description\":\"Vous avez bien ferm\u00e9 votre session dans RBC Gestion de patrimoine en ligne La saison fiscale met les structures \u00e0 l'\u00e9preuve Propri\u00e9t\u00e9s multiples, int\u00e9r\u00eats\",\"breadcrumb\":{\"@id\":\"https:\/\/www.rbcwealthmanagement.com\/fr-ca\/sign-out#breadcrumb\"},\"inLanguage\":\"fr-CA\",\"potentialAction\":[{\"@type\":\"ReadAction\",\"target\":[\"https:\/\/www.rbcwealthmanagement.com\/fr-ca\/sign-out\"]}]},{\"@type\":\"BreadcrumbList\",\"@id\":\"https:\/\/www.rbcwealthmanagement.com\/fr-ca\/sign-out#breadcrumb\",\"itemListElement\":[{\"@type\":\"ListItem\",\"position\":1,\"name\":\"Home\",\"item\":\"https:\/\/www.rbcwealthmanagement.com\/fr-ca\/\"},{\"@type\":\"ListItem\",\"position\":2,\"name\":\"Session termin\u00e9e\"}]},{\"@type\":\"WebSite\",\"@id\":\"https:\/\/www.rbcwealthmanagement.com\/fr-ca\/#website\",\"url\":\"https:\/\/www.rbcwealthmanagement.com\/fr-ca\/\",\"name\":\"RBC Gestion de patrimoine\",\"description\":\"\",\"publisher\":{\"@id\":\"https:\/\/www.rbcwealthmanagement.com\/fr-ca\/#organization\"},\"potentialAction\":[{\"@type\":\"SearchAction\",\"target\":{\"@type\":\"EntryPoint\",\"urlTemplate\":\"https:\/\/www.rbcwealthmanagement.com\/fr-ca\/?s={search_term_string}\"},\"query-input\":{\"@type\":\"PropertyValueSpecification\",\"valueRequired\":true,\"valueName\":\"search_term_string\"}}],\"inLanguage\":\"fr-CA\"},{\"@type\":\"Organization\",\"@id\":\"https:\/\/www.rbcwealthmanagement.com\/fr-ca\/#organization\",\"name\":\"RBC Gestion de Patrimoine\",\"alternateName\":\"RBC Gestion de Patrimoine\",\"url\":\"https:\/\/www.rbcwealthmanagement.com\/fr-ca\/\",\"logo\":{\"@type\":\"ImageObject\",\"inLanguage\":\"fr-CA\",\"@id\":\"https:\/\/www.rbcwealthmanagement.com\/fr-ca\/#\/schema\/logo\/image\/\",\"url\":\"https:\/\/www.rbcwealthmanagement.com\/fr-ca\/wp-content\/uploads\/sites\/6\/2023\/02\/rbc.png\",\"contentUrl\":\"https:\/\/www.rbcwealthmanagement.com\/fr-ca\/wp-content\/uploads\/sites\/6\/2023\/02\/rbc.png\",\"width\":3000,\"height\":2000,\"caption\":\"RBC Gestion de Patrimoine\"},\"image\":{\"@id\":\"https:\/\/www.rbcwealthmanagement.com\/fr-ca\/#\/schema\/logo\/image\/\"}}]}<\/script>\n<!-- \/ Yoast SEO Premium plugin. -->","yoast_head_json":{"title":"Session termin\u00e9e - RBC Gestion de patrimoine","description":"Vous avez bien ferm\u00e9 votre session dans RBC Gestion de patrimoine en ligne La saison fiscale met les structures \u00e0 l'\u00e9preuve Propri\u00e9t\u00e9s multiples, int\u00e9r\u00eats","robots":{"index":"index","follow":"follow","max-snippet":"max-snippet:-1","max-image-preview":"max-image-preview:large","max-video-preview":"max-video-preview:-1"},"canonical":"https:\/\/www.rbcwealthmanagement.com\/fr-ca\/sign-out","og_locale":"fr_CA","og_type":"article","og_title":"Session termin\u00e9e","og_description":"Vous avez bien ferm\u00e9 votre session dans RBC Gestion de patrimoine en ligne La saison fiscale met les structures \u00e0 l'\u00e9preuve Propri\u00e9t\u00e9s multiples, int\u00e9r\u00eats","og_url":"https:\/\/www.rbcwealthmanagement.com\/fr-ca\/sign-out","og_site_name":"RBC Gestion de patrimoine","article_modified_time":"2026-04-20T15:09:33+00:00","og_image":[{"width":1200,"height":630,"url":"https:\/\/www.rbcwealthmanagement.com\/fr-ca\/wp-content\/uploads\/sites\/6\/2023\/02\/share-logo-1200x630-1.png","type":"image\/png"}],"twitter_card":"summary_large_image","twitter_title":"Session termin\u00e9e","twitter_misc":{"Est. reading time":"2 minutes"},"schema":{"@context":"https:\/\/schema.org","@graph":[{"@type":"WebPage","@id":"https:\/\/www.rbcwealthmanagement.com\/fr-ca\/sign-out","url":"https:\/\/www.rbcwealthmanagement.com\/fr-ca\/sign-out","name":"Session termin\u00e9e - RBC Gestion de patrimoine","isPartOf":{"@id":"https:\/\/www.rbcwealthmanagement.com\/fr-ca\/#website"},"datePublished":"2021-10-24T13:41:13+00:00","dateModified":"2026-04-20T15:09:33+00:00","description":"Vous avez bien ferm\u00e9 votre session dans RBC Gestion de patrimoine en ligne La saison fiscale met les structures \u00e0 l'\u00e9preuve Propri\u00e9t\u00e9s multiples, int\u00e9r\u00eats","breadcrumb":{"@id":"https:\/\/www.rbcwealthmanagement.com\/fr-ca\/sign-out#breadcrumb"},"inLanguage":"fr-CA","potentialAction":[{"@type":"ReadAction","target":["https:\/\/www.rbcwealthmanagement.com\/fr-ca\/sign-out"]}]},{"@type":"BreadcrumbList","@id":"https:\/\/www.rbcwealthmanagement.com\/fr-ca\/sign-out#breadcrumb","itemListElement":[{"@type":"ListItem","position":1,"name":"Home","item":"https:\/\/www.rbcwealthmanagement.com\/fr-ca\/"},{"@type":"ListItem","position":2,"name":"Session termin\u00e9e"}]},{"@type":"WebSite","@id":"https:\/\/www.rbcwealthmanagement.com\/fr-ca\/#website","url":"https:\/\/www.rbcwealthmanagement.com\/fr-ca\/","name":"RBC Gestion de patrimoine","description":"","publisher":{"@id":"https:\/\/www.rbcwealthmanagement.com\/fr-ca\/#organization"},"potentialAction":[{"@type":"SearchAction","target":{"@type":"EntryPoint","urlTemplate":"https:\/\/www.rbcwealthmanagement.com\/fr-ca\/?s={search_term_string}"},"query-input":{"@type":"PropertyValueSpecification","valueRequired":true,"valueName":"search_term_string"}}],"inLanguage":"fr-CA"},{"@type":"Organization","@id":"https:\/\/www.rbcwealthmanagement.com\/fr-ca\/#organization","name":"RBC Gestion de Patrimoine","alternateName":"RBC Gestion de Patrimoine","url":"https:\/\/www.rbcwealthmanagement.com\/fr-ca\/","logo":{"@type":"ImageObject","inLanguage":"fr-CA","@id":"https:\/\/www.rbcwealthmanagement.com\/fr-ca\/#\/schema\/logo\/image\/","url":"https:\/\/www.rbcwealthmanagement.com\/fr-ca\/wp-content\/uploads\/sites\/6\/2023\/02\/rbc.png","contentUrl":"https:\/\/www.rbcwealthmanagement.com\/fr-ca\/wp-content\/uploads\/sites\/6\/2023\/02\/rbc.png","width":3000,"height":2000,"caption":"RBC Gestion de Patrimoine"},"image":{"@id":"https:\/\/www.rbcwealthmanagement.com\/fr-ca\/#\/schema\/logo\/image\/"}}]}},"jetpack_sharing_enabled":true,"publishpress_future_action":{"enabled":false,"date":"2026-04-30 15:17:56","action":"change-status","newStatus":"draft","terms":[],"taxonomy":"rbcwm_content_owner","extraData":[]},"publishpress_future_workflow_manual_trigger":{"enabledWorkflows":[]},"distributor_meta":false,"distributor_terms":false,"distributor_media":false,"distributor_original_site_name":"RBC Gestion de patrimoine","distributor_original_site_url":"https:\/\/www.rbcwealthmanagement.com\/fr-ca","push-errors":false,"last_revision_date":"2026-04-20 11:09:28","_links":{"self":[{"href":"https:\/\/www.rbcwealthmanagement.com\/fr-ca\/wp-json\/wp\/v2\/pages\/3369","targetHints":{"allow":["GET"]}}],"collection":[{"href":"https:\/\/www.rbcwealthmanagement.com\/fr-ca\/wp-json\/wp\/v2\/pages"}],"about":[{"href":"https:\/\/www.rbcwealthmanagement.com\/fr-ca\/wp-json\/wp\/v2\/types\/page"}],"author":[{"embeddable":true,"href":"https:\/\/www.rbcwealthmanagement.com\/fr-ca\/wp-json\/wp\/v2\/users\/54"}],"replies":[{"embeddable":true,"href":"https:\/\/www.rbcwealthmanagement.com\/fr-ca\/wp-json\/wp\/v2\/comments?post=3369"}],"version-history":[{"count":7,"href":"https:\/\/www.rbcwealthmanagement.com\/fr-ca\/wp-json\/wp\/v2\/pages\/3369\/revisions"}],"predecessor-version":[{"id":28988,"href":"https:\/\/www.rbcwealthmanagement.com\/fr-ca\/wp-json\/wp\/v2\/pages\/3369\/revisions\/28988"}],"wp:attachment":[{"href":"https:\/\/www.rbcwealthmanagement.com\/fr-ca\/wp-json\/wp\/v2\/media?parent=3369"}],"wp:term":[{"taxonomy":"rbcwm_content_owner","embeddable":true,"href":"https:\/\/www.rbcwealthmanagement.com\/fr-ca\/wp-json\/wp\/v2\/rbcwm_content_owner?post=3369"}],"curies":[{"name":"wp","href":"https:\/\/api.w.org\/{rel}","templated":true}]}}