{"id":3377,"date":"2021-10-22T12:33:52","date_gmt":"2021-10-22T12:33:53","guid":{"rendered":"https:\/\/www.rbcwealthmanagement.com\/fr-ca\/video-5-key-questions-every-business-owner-should-answer\/"},"modified":"2025-06-24T17:00:40","modified_gmt":"2025-06-24T21:00:40","slug":"video-5-key-questions-every-business-owner-should-answer","status":"publish","type":"page","link":"https:\/\/www.rbcwealthmanagement.com\/fr-ca\/dominion-securities\/video\/5-key-questions-every-business-owner-should-answer","title":{"rendered":"5 questions importantes auxquelles tout propri\u00e9taire d\u2019entreprise devrait pouvoir r\u00e9pondre"},"content":{"rendered":"\n<div class=\"wp-block-rbcwm-hero-block rbc-hero-wm  rbc-hero-overlap rbc-hero-overlap-mobile rbc-hero-6vt4tudav hide-mobile-energy-lines\"><style>\n\t\t.rbc-hero-6vt4tudav.is-style-rbc-hero-gradient::before {\n\t\t\tbackground: linear-gradient(90deg, #023169 20%, rgba(94, 120, 131, 0) 60%);\n\t\t}\n\n\t\t.rbc-hero-6vt4tudav.is-style-rbc-hero-gradient.rbc-hero-has-image-bleed::before {\n\t\t\tbackground: linear-gradient(90deg, #023169 20%, rgba(94, 120, 131, 0) 60%);\n\t\t}\n\n\t\t.rbc-hero-6vt4tudav.is-style-rbc-hero-gradient.rbc-hero-has-image-bottom::before {\n\t\t\tbackground: linear-gradient(180deg, #023169 20%, rgba(94, 120, 131, 0) 60%);\n\t\t}\n\n\t\t.rbc-hero-6vt4tudav .rbc-hero-energy-lines.rbc-hero-energy-lines-left {\n\t\t\ttransform: scaleX(-1);\n\t\t}\n\n\t\t@media (max-width: 991px) {\n\t\t\t.rbc-hero-6vt4tudav.is-style-rbc-hero-gradient::before,\n\t\t\t.rbc-hero-6vt4tudav.is-style-rbc-hero-gradient.rbc-hero-has-image-bottom::before,\n\t\t\t.rbc-hero-6vt4tudav.is-style-rbc-hero-gradient.rbc-hero-has-image-bleed::before {\n\t\t\t\tbackground: none;\n\t\t\t}\n\n\t\t\t.rbc-hero-6vt4tudav.rbc-hero-has-image-full.hide-mobile-energy-lines .rbc-hero-energy-lines {\n\t\t\t\tdisplay: none;\n\t\t\t}\n\n\t\t\t.wp-block-rbcwm-hero-block.rbc-hero-6vt4tudav.is-style-rbc-hero-gradient .rbc-hero-img-wrap::after {\n\t\t\t\tbackground: linear-gradient( 0deg, #023169 0%, rgba(94, 120, 131, 0) 25% );\n\t\t\t}\n\t\t\t\n\t\t\t.wp-block-rbcwm-hero-block.rbc-hero-6vt4tudav.is-style-rbc-hero-gradient.rbc-hero-has-image-bottom .rbc-hero-img-wrap::before,\n            .wp-block-rbcwm-hero-block.rbc-hero-6vt4tudav.is-style-rbc-hero-gradient.rbc-hero-has-image-bottom .container .rbc-hero-img-wrap::before {\n\t\t\t\tbackground: linear-gradient( 180deg, #023169 0%, rgba( 94, 120, 131, 0 ) 25% );\n\t\t\t}\n\t\t\t\n\t\t\t.wp-block-rbcwm-hero-block.rbc-hero-6vt4tudav.is-style-rbc-hero-gradient .rbc-hero-card {\n\t\t\t\tbackground: #023169;\n\t\t\t}\n\t\t}\n\t<\/style><div class=\"container\"><div class=\"row no-gutters\"><div class=\"col-lg-12 rbc-hero-card-content\"><div class=\"rbc-card rbc-hero-card rbc-hero has-content\"><div class=\"rbc-card-wrap\"><div class=\"rbc-card-body\"><div class=\"rbc-hero-body-content\"><h1 class=\"rbc-hero-title\"><span>5 questions importantes auxquelles tout propri\u00e9taire d\u2019entreprise devrait pouvoir r\u00e9pondre<\/span><\/h1>\n<p class=\"is-style-hero-subtitle\"><\/p>\n<\/div><\/div><\/div><\/div><\/div><div class=\"rbc-hero-img-wrap col-lg-5 order-2 order-lg-1\"><\/div><\/div><\/div><\/div>\n\n\n\n<section class=\"wp-block-rbcwm-rbc-block rbc-block rbc-block-grey has-block-grey-background-color has-background\"><div class=\"container\"><div class=\"row \"><div class=\"col-lg-12\">\n<div class=\"row wrap blockId-07e991f8-321f-40e0-9c08-1a6b2025f291\">\n<div class=\"wp-block-rbcwm-column col-lg-8\">\n<p class=\"is-style-intro\">Pour vous aider \u00e0 amorcer ce processus, posez-vous les cinq questions suivantes.<\/p>\n\n\n\t\t<!-- Start of Brightcove Player -->\n\t\t\t\t\t\t<div style=\"display: block; position: relative; min-width: 0px; max-width: 609px;\">\n\t\t\t\t\t<div style=\"padding-top: 56%; \">\n\t\t\t\t\t\t<video-js\n\t\t\t\t\t\t\t\tid=\"6090697497001\"\n\t\t\t\t\t\t\t\tdata-video-id=\"6090697497001\" data-account=\"3187797751001\"\n\t\t\t\t\t\t\t\tdata-player=\"r00PT6QDgm\"\n\t\t\t\t\t\t\t\tdata-usage=\"cms:WordPress:6.9.4:2.8.8:javascript\"\n\t\t\t\t\t\t\t\tdata-embed=\"default\" class=\"video-js\"\n\t\t\t\t\t\t\t\tdata-application-id=\"\"\n\t\t\t\t\t\t\t\tcontrols   \t\t\t\t\t\t\t\tstyle=\"width: 100%; height: 342px; position: absolute; top: 0; bottom: 0; right: 0; left: 0;\">\n\t\t\t\t\t\t<\/video-js>\n\n\t\t\t\t\t\t<script src=\"https:\/\/players.brightcove.net\/3187797751001\/r00PT6QDgm_default\/index.min.js\"><\/script> \t\t\t\t\t<\/div>\n\t\t\t\t<\/div>\n\t\t\t\t\t\t<!-- End of Brightcove Player -->\n\t\t<\/div>\n\n\n\n<div class=\"wp-block-rbcwm-column col-lg-8 mt-3\">\n<div class=\"wp-block-rbcwm-expandable-block rbc-expandable\">\n<div id=\"\" class=\"wp-block-rbcwm-expandable-block-title rbc-expandable-trigger rbc-expandable-arrow-wrap\"><button aria-expanded=\"false\" aria-controls=\"-content\" data-target=\"-content\" data-duration=\"400\" class=\"rbc-expandable-trigger-button\">\n<h3 class=\"wp-block-heading h4\" id=\"h-\"><\/h3>\n<span class=\"rbc-display body-size c-secondary mt-quarter\" data-open-text=\"Transcription\" data-close-text=\"Transcription\">Transcription<\/span><div class=\"rbc-icon rbc-expandable-arrow rbc-expandable-arrow-right\"><i class=\"rbc-icon-img fal fa-angle-down\"><\/i><\/div><\/button><\/div>\n\n\n\n<div id=\"5679790e-content\" aria-labelledby=\"5679790e\" class=\"wp-block-rbcwm-expandable-block-content rbc-expandable-content rbc-expandable-content-inner-style content-5679790e-1170-400e-bdb2-156adff310b4\"><div class=\"rbc-expandable-content-body\">\n<p>Les propri\u00e9taires canadiens d\u2019entreprise travaillent tr\u00e8s fort et gardent en priorit\u00e9 le succ\u00e8s de leur entreprise.<\/p>\n\n\n\n<p>Mais saviez-vous que malgr\u00e9 le fait que 60 % des propri\u00e9taires canadiens d\u2019entreprise soient \u00e2g\u00e9s de plus de 55 ans, 91 % d\u2019entre eux n\u2019ont pas mis en place un plan de rel\u00e8ve?<sup>*<\/sup><\/p>\n\n\n\n<p>Il est important que les propri\u00e9taires d\u2019entreprise s\u2019y prennent t\u00f4t pour commencer \u00e0 penser aux enjeux cruciaux comme :<\/p>\n\n\n\n<ul class=\"wp-block-list\">\n<li>minimiser leurs imp\u00f4ts,<\/li>\n\n\n\n<li>planifier une strat\u00e9gie pour le transfert de leur entreprise,<\/li>\n\n\n\n<li>la planification d\u2019une retraite confortable,<\/li>\n\n\n\n<li>et la meilleure fa\u00e7on de transf\u00e9rer leur patrimoine \u00e0 la prochaine g\u00e9n\u00e9ration.<\/li>\n<\/ul>\n\n\n\n<p>Pour vous aider \u00e0 amorcer ce processus, posez-vous les cinq questions suivantes :<\/p>\n\n\n\n<ol class=\"wp-block-list\">\n<li>Quelle est la structure de propri\u00e9t\u00e9 de votre entreprise ?<\/li>\n\n\n\n<li>Connaissez-vous la valeur de votre entreprise ?<\/li>\n\n\n\n<li>Que surviendrait-il en cas de trag\u00e9die impr\u00e9vue ?<\/li>\n\n\n\n<li>Avez-vous consid\u00e9r\u00e9 vos options de d\u00e9part de l\u2019entreprise ?<\/li>\n\n\n\n<li>Avez-vous planifi\u00e9 votre retraite ?<\/li>\n<\/ol>\n\n\n\n<p>Revoir ces cinq questions avec votre \u00e9quipe de conseillers ferait en sorte que tous les d\u00e9tails importante au moment de d\u00e9velopper un plan efficace auraient \u00e9t\u00e9 consid\u00e9r\u00e9.<\/p>\n\n\n\n<p class=\"is-style-disclaimer\"><sup>*<\/sup>R\u00e9f\u00e9rence : Rapport de novembre 2012 de la F\u00e9d\u00e9ration canadienne de l&rsquo;entreprise ind\u00e9pendante. Rapport et statistiques mis \u00e0 jour (2018) disponibles ici :&nbsp;<a href=\"https:\/\/www.cfib-fcei.ca\/sites\/default\/files\/2018-11\/Getting-the-transition-right-succession-planning-report.pdf\" target=\"_blank\" rel=\"noreferrer noopener\">https:\/\/www.cfib-fcei.ca\/sites\/default\/files\/2018-11\/Getting-the-transition-right-succession-planning-report.pdf<\/a>. [Anglais]<\/p>\n<\/div><\/div>\n<\/div>\n<\/div>\n<\/div>\n<\/div><\/div><\/div><\/section>\n\n\n\n<section class=\"wp-block-rbcwm-rbc-block rbc-block rbc-footer-footnotes rbc-block-small  rbc-block-grey\"><div class=\"container\"><div class=\"row \"><div class=\"col-lg-12\">\n<div class=\"row blockId-16d228ce-c1dc-4ef8-94fd-43e27f1f6f48\">\n<div class=\"wp-block-rbcwm-column col-lg-12\">\n<ul class=\"list-inline wp-block-list\">\n<li>R\u00e9glement\u00e9e par\u00a0: <\/li>\n\n\n\n<li><a href=\"https:\/\/www.fcpi.ca\/accueil\" target=\"_blank\" rel=\"noreferrer noopener\"><img decoding=\"async\" class=\"wp-image-1013\" style=\"width: 80%\" src=\"https:\/\/www.rbcwealthmanagement.com\/fr-ca\/wp-content\/uploads\/sites\/6\/2023\/02\/Cipf-logo-fr.png\" alt=\"\"><\/a><\/li>\n\n\n\n<li><a href=\"https:\/\/www.ocri.ca\/\" target=\"_blank\" rel=\"noreferrer noopener\"><img decoding=\"async\" class=\"wp-image-1015\" style=\"width: 450px\" src=\"https:\/\/www.rbcwealthmanagement.com\/fr-ca\/wp-content\/uploads\/sites\/6\/2023\/02\/ocri-logo-fr.png\" alt=\"\"><\/a><\/li>\n<\/ul>\n<\/div>\n<\/div>\n<\/div><\/div><\/div><\/section>\n","protected":false},"excerpt":{"rendered":"","protected":false},"author":50,"featured_media":0,"parent":0,"menu_order":0,"comment_status":"closed","ping_status":"closed","template":"","meta":{"_acf_changed":false,"editor_notices":[],"rbc_url_alias":"dominion-securities\/video\/5-key-questions-every-business-owner-should-answer","footnotes":""},"rbcwm_content_owner":[],"class_list":["post-3377","page","type-page","status-publish","hentry"],"acf":[],"yoast_head":"<!-- This site is optimized with the Yoast SEO Premium plugin v24.8 (Yoast SEO v26.8) - https:\/\/yoast.com\/product\/yoast-seo-premium-wordpress\/ -->\n<title>5 questions importantes auxquelles tout propri\u00e9taire d\u2019entreprise devrait pouvoir r\u00e9pondre - RBC Gestion de patrimoine<\/title>\n<meta name=\"description\" content=\"5 questions importantes auxquelles tout propri\u00e9taire d\u2019entreprise devrait pouvoir r\u00e9pondre Pour vous aider \u00e0 amorcer ce processus, posez-vous les cinq\" \/>\n<meta name=\"robots\" content=\"index, follow, max-snippet:-1, max-image-preview:large, max-video-preview:-1\" \/>\n<link rel=\"canonical\" href=\"https:\/\/www.rbcwealthmanagement.com\/fr-ca\/dominion-securities\/video\/5-key-questions-every-business-owner-should-answer\" \/>\n<meta property=\"og:locale\" content=\"fr_CA\" \/>\n<meta property=\"og:type\" content=\"article\" \/>\n<meta property=\"og:title\" content=\"5 questions importantes auxquelles tout propri\u00e9taire d\u2019entreprise devrait pouvoir r\u00e9pondre\" \/>\n<meta property=\"og:description\" content=\"5 questions importantes auxquelles tout propri\u00e9taire d\u2019entreprise devrait pouvoir r\u00e9pondre Pour vous aider \u00e0 amorcer ce processus, posez-vous les cinq\" \/>\n<meta property=\"og:url\" content=\"https:\/\/www.rbcwealthmanagement.com\/fr-ca\/dominion-securities\/video\/5-key-questions-every-business-owner-should-answer\" \/>\n<meta property=\"og:site_name\" content=\"RBC Gestion de patrimoine\" \/>\n<meta property=\"article:modified_time\" content=\"2025-06-24T21:00:40+00:00\" \/>\n<meta property=\"og:image\" content=\"https:\/\/www.rbcwealthmanagement.com\/fr-ca\/wp-content\/uploads\/sites\/6\/2023\/02\/share-logo-1200x630-1.png\" \/>\n\t<meta property=\"og:image:width\" content=\"1200\" \/>\n\t<meta property=\"og:image:height\" content=\"630\" \/>\n\t<meta property=\"og:image:type\" content=\"image\/png\" \/>\n<meta name=\"twitter:card\" content=\"summary_large_image\" \/>\n<meta name=\"twitter:title\" content=\"5 questions importantes auxquelles tout propri\u00e9taire d\u2019entreprise devrait pouvoir r\u00e9pondre\" \/>\n<meta name=\"twitter:label1\" content=\"Est. reading time\" \/>\n\t<meta name=\"twitter:data1\" content=\"2 minutes\" \/>\n<script type=\"application\/ld+json\" class=\"yoast-schema-graph\">{\"@context\":\"https:\/\/schema.org\",\"@graph\":[{\"@type\":\"WebPage\",\"@id\":\"https:\/\/www.rbcwealthmanagement.com\/fr-ca\/dominion-securities\/video\/5-key-questions-every-business-owner-should-answer\",\"url\":\"https:\/\/www.rbcwealthmanagement.com\/fr-ca\/dominion-securities\/video\/5-key-questions-every-business-owner-should-answer\",\"name\":\"5 questions importantes auxquelles tout propri\u00e9taire d\u2019entreprise devrait pouvoir r\u00e9pondre - RBC Gestion de patrimoine\",\"isPartOf\":{\"@id\":\"https:\/\/www.rbcwealthmanagement.com\/fr-ca\/#website\"},\"datePublished\":\"2021-10-22T12:33:53+00:00\",\"dateModified\":\"2025-06-24T21:00:40+00:00\",\"description\":\"5 questions importantes auxquelles tout propri\u00e9taire d\u2019entreprise devrait pouvoir r\u00e9pondre Pour vous aider \u00e0 amorcer ce processus, posez-vous les cinq\",\"breadcrumb\":{\"@id\":\"https:\/\/www.rbcwealthmanagement.com\/fr-ca\/dominion-securities\/video\/5-key-questions-every-business-owner-should-answer#breadcrumb\"},\"inLanguage\":\"fr-CA\",\"potentialAction\":[{\"@type\":\"ReadAction\",\"target\":[\"https:\/\/www.rbcwealthmanagement.com\/fr-ca\/dominion-securities\/video\/5-key-questions-every-business-owner-should-answer\"]}]},{\"@type\":\"BreadcrumbList\",\"@id\":\"https:\/\/www.rbcwealthmanagement.com\/fr-ca\/dominion-securities\/video\/5-key-questions-every-business-owner-should-answer#breadcrumb\",\"itemListElement\":[{\"@type\":\"ListItem\",\"position\":1,\"name\":\"Home\",\"item\":\"https:\/\/www.rbcwealthmanagement.com\/fr-ca\/\"},{\"@type\":\"ListItem\",\"position\":2,\"name\":\"5 questions importantes auxquelles tout propri\u00e9taire d\u2019entreprise devrait pouvoir r\u00e9pondre\"}]},{\"@type\":\"WebSite\",\"@id\":\"https:\/\/www.rbcwealthmanagement.com\/fr-ca\/#website\",\"url\":\"https:\/\/www.rbcwealthmanagement.com\/fr-ca\/\",\"name\":\"RBC Gestion de patrimoine\",\"description\":\"\",\"publisher\":{\"@id\":\"https:\/\/www.rbcwealthmanagement.com\/fr-ca\/#organization\"},\"potentialAction\":[{\"@type\":\"SearchAction\",\"target\":{\"@type\":\"EntryPoint\",\"urlTemplate\":\"https:\/\/www.rbcwealthmanagement.com\/fr-ca\/?s={search_term_string}\"},\"query-input\":{\"@type\":\"PropertyValueSpecification\",\"valueRequired\":true,\"valueName\":\"search_term_string\"}}],\"inLanguage\":\"fr-CA\"},{\"@type\":\"Organization\",\"@id\":\"https:\/\/www.rbcwealthmanagement.com\/fr-ca\/#organization\",\"name\":\"RBC Gestion de Patrimoine\",\"alternateName\":\"RBC Gestion de Patrimoine\",\"url\":\"https:\/\/www.rbcwealthmanagement.com\/fr-ca\/\",\"logo\":{\"@type\":\"ImageObject\",\"inLanguage\":\"fr-CA\",\"@id\":\"https:\/\/www.rbcwealthmanagement.com\/fr-ca\/#\/schema\/logo\/image\/\",\"url\":\"https:\/\/www.rbcwealthmanagement.com\/fr-ca\/wp-content\/uploads\/sites\/6\/2023\/02\/rbc.png\",\"contentUrl\":\"https:\/\/www.rbcwealthmanagement.com\/fr-ca\/wp-content\/uploads\/sites\/6\/2023\/02\/rbc.png\",\"width\":3000,\"height\":2000,\"caption\":\"RBC Gestion de Patrimoine\"},\"image\":{\"@id\":\"https:\/\/www.rbcwealthmanagement.com\/fr-ca\/#\/schema\/logo\/image\/\"}}]}<\/script>\n<!-- \/ Yoast SEO Premium plugin. -->","yoast_head_json":{"title":"5 questions importantes auxquelles tout propri\u00e9taire d\u2019entreprise devrait pouvoir r\u00e9pondre - RBC Gestion de patrimoine","description":"5 questions importantes auxquelles tout propri\u00e9taire d\u2019entreprise devrait pouvoir r\u00e9pondre Pour vous aider \u00e0 amorcer ce processus, posez-vous les cinq","robots":{"index":"index","follow":"follow","max-snippet":"max-snippet:-1","max-image-preview":"max-image-preview:large","max-video-preview":"max-video-preview:-1"},"canonical":"https:\/\/www.rbcwealthmanagement.com\/fr-ca\/dominion-securities\/video\/5-key-questions-every-business-owner-should-answer","og_locale":"fr_CA","og_type":"article","og_title":"5 questions importantes auxquelles tout propri\u00e9taire d\u2019entreprise devrait pouvoir r\u00e9pondre","og_description":"5 questions importantes auxquelles tout propri\u00e9taire d\u2019entreprise devrait pouvoir r\u00e9pondre Pour vous aider \u00e0 amorcer ce processus, posez-vous les cinq","og_url":"https:\/\/www.rbcwealthmanagement.com\/fr-ca\/dominion-securities\/video\/5-key-questions-every-business-owner-should-answer","og_site_name":"RBC Gestion de patrimoine","article_modified_time":"2025-06-24T21:00:40+00:00","og_image":[{"width":1200,"height":630,"url":"https:\/\/www.rbcwealthmanagement.com\/fr-ca\/wp-content\/uploads\/sites\/6\/2023\/02\/share-logo-1200x630-1.png","type":"image\/png"}],"twitter_card":"summary_large_image","twitter_title":"5 questions importantes auxquelles tout propri\u00e9taire d\u2019entreprise devrait pouvoir r\u00e9pondre","twitter_misc":{"Est. reading time":"2 minutes"},"schema":{"@context":"https:\/\/schema.org","@graph":[{"@type":"WebPage","@id":"https:\/\/www.rbcwealthmanagement.com\/fr-ca\/dominion-securities\/video\/5-key-questions-every-business-owner-should-answer","url":"https:\/\/www.rbcwealthmanagement.com\/fr-ca\/dominion-securities\/video\/5-key-questions-every-business-owner-should-answer","name":"5 questions importantes auxquelles tout propri\u00e9taire d\u2019entreprise devrait pouvoir r\u00e9pondre - RBC Gestion de patrimoine","isPartOf":{"@id":"https:\/\/www.rbcwealthmanagement.com\/fr-ca\/#website"},"datePublished":"2021-10-22T12:33:53+00:00","dateModified":"2025-06-24T21:00:40+00:00","description":"5 questions importantes auxquelles tout propri\u00e9taire d\u2019entreprise devrait pouvoir r\u00e9pondre Pour vous aider \u00e0 amorcer ce processus, posez-vous les cinq","breadcrumb":{"@id":"https:\/\/www.rbcwealthmanagement.com\/fr-ca\/dominion-securities\/video\/5-key-questions-every-business-owner-should-answer#breadcrumb"},"inLanguage":"fr-CA","potentialAction":[{"@type":"ReadAction","target":["https:\/\/www.rbcwealthmanagement.com\/fr-ca\/dominion-securities\/video\/5-key-questions-every-business-owner-should-answer"]}]},{"@type":"BreadcrumbList","@id":"https:\/\/www.rbcwealthmanagement.com\/fr-ca\/dominion-securities\/video\/5-key-questions-every-business-owner-should-answer#breadcrumb","itemListElement":[{"@type":"ListItem","position":1,"name":"Home","item":"https:\/\/www.rbcwealthmanagement.com\/fr-ca\/"},{"@type":"ListItem","position":2,"name":"5 questions importantes auxquelles tout propri\u00e9taire d\u2019entreprise devrait pouvoir r\u00e9pondre"}]},{"@type":"WebSite","@id":"https:\/\/www.rbcwealthmanagement.com\/fr-ca\/#website","url":"https:\/\/www.rbcwealthmanagement.com\/fr-ca\/","name":"RBC Gestion de patrimoine","description":"","publisher":{"@id":"https:\/\/www.rbcwealthmanagement.com\/fr-ca\/#organization"},"potentialAction":[{"@type":"SearchAction","target":{"@type":"EntryPoint","urlTemplate":"https:\/\/www.rbcwealthmanagement.com\/fr-ca\/?s={search_term_string}"},"query-input":{"@type":"PropertyValueSpecification","valueRequired":true,"valueName":"search_term_string"}}],"inLanguage":"fr-CA"},{"@type":"Organization","@id":"https:\/\/www.rbcwealthmanagement.com\/fr-ca\/#organization","name":"RBC Gestion de Patrimoine","alternateName":"RBC Gestion de Patrimoine","url":"https:\/\/www.rbcwealthmanagement.com\/fr-ca\/","logo":{"@type":"ImageObject","inLanguage":"fr-CA","@id":"https:\/\/www.rbcwealthmanagement.com\/fr-ca\/#\/schema\/logo\/image\/","url":"https:\/\/www.rbcwealthmanagement.com\/fr-ca\/wp-content\/uploads\/sites\/6\/2023\/02\/rbc.png","contentUrl":"https:\/\/www.rbcwealthmanagement.com\/fr-ca\/wp-content\/uploads\/sites\/6\/2023\/02\/rbc.png","width":3000,"height":2000,"caption":"RBC Gestion de Patrimoine"},"image":{"@id":"https:\/\/www.rbcwealthmanagement.com\/fr-ca\/#\/schema\/logo\/image\/"}}]}},"jetpack_sharing_enabled":true,"publishpress_future_action":{"enabled":false,"date":"2026-04-24 08:56:48","action":"change-status","newStatus":"draft","terms":[],"taxonomy":"rbcwm_content_owner","extraData":[]},"publishpress_future_workflow_manual_trigger":{"enabledWorkflows":[]},"distributor_meta":false,"distributor_terms":false,"distributor_media":false,"distributor_original_site_name":"RBC Gestion de patrimoine","distributor_original_site_url":"https:\/\/www.rbcwealthmanagement.com\/fr-ca","push-errors":false,"last_revision_date":"2025-06-24 17:00:14","_links":{"self":[{"href":"https:\/\/www.rbcwealthmanagement.com\/fr-ca\/wp-json\/wp\/v2\/pages\/3377","targetHints":{"allow":["GET"]}}],"collection":[{"href":"https:\/\/www.rbcwealthmanagement.com\/fr-ca\/wp-json\/wp\/v2\/pages"}],"about":[{"href":"https:\/\/www.rbcwealthmanagement.com\/fr-ca\/wp-json\/wp\/v2\/types\/page"}],"author":[{"embeddable":true,"href":"https:\/\/www.rbcwealthmanagement.com\/fr-ca\/wp-json\/wp\/v2\/users\/50"}],"replies":[{"embeddable":true,"href":"https:\/\/www.rbcwealthmanagement.com\/fr-ca\/wp-json\/wp\/v2\/comments?post=3377"}],"version-history":[{"count":13,"href":"https:\/\/www.rbcwealthmanagement.com\/fr-ca\/wp-json\/wp\/v2\/pages\/3377\/revisions"}],"predecessor-version":[{"id":26079,"href":"https:\/\/www.rbcwealthmanagement.com\/fr-ca\/wp-json\/wp\/v2\/pages\/3377\/revisions\/26079"}],"wp:attachment":[{"href":"https:\/\/www.rbcwealthmanagement.com\/fr-ca\/wp-json\/wp\/v2\/media?parent=3377"}],"wp:term":[{"taxonomy":"rbcwm_content_owner","embeddable":true,"href":"https:\/\/www.rbcwealthmanagement.com\/fr-ca\/wp-json\/wp\/v2\/rbcwm_content_owner?post=3377"}],"curies":[{"name":"wp","href":"https:\/\/api.w.org\/{rel}","templated":true}]}}