{"id":3379,"date":"2021-10-22T12:33:39","date_gmt":"2021-10-22T12:33:40","guid":{"rendered":"https:\/\/www.rbcwealthmanagement.com\/fr-ca\/video-when-should-you-review-your-will-and-estate-plan\/"},"modified":"2025-06-24T17:01:31","modified_gmt":"2025-06-24T21:01:31","slug":"video-when-should-you-review-your-will-and-estate-plan","status":"publish","type":"page","link":"https:\/\/www.rbcwealthmanagement.com\/fr-ca\/dominion-securities\/video\/when-should-you-review-your-will-and-estate-plan","title":{"rendered":"\u00c0 quel moment devriez-vous revoir votre testament et planification successorale"},"content":{"rendered":"\n<div class=\"wp-block-rbcwm-hero-block rbc-hero-wm  rbc-hero-overlap rbc-hero-overlap-mobile rbc-hero-qjf5m8psy hide-mobile-energy-lines\"><style>\n\t\t.rbc-hero-qjf5m8psy.is-style-rbc-hero-gradient::before {\n\t\t\tbackground: linear-gradient(90deg, #023169 20%, rgba(94, 120, 131, 0) 60%);\n\t\t}\n\n\t\t.rbc-hero-qjf5m8psy.is-style-rbc-hero-gradient.rbc-hero-has-image-bleed::before {\n\t\t\tbackground: linear-gradient(90deg, #023169 20%, rgba(94, 120, 131, 0) 60%);\n\t\t}\n\n\t\t.rbc-hero-qjf5m8psy.is-style-rbc-hero-gradient.rbc-hero-has-image-bottom::before {\n\t\t\tbackground: linear-gradient(180deg, #023169 20%, rgba(94, 120, 131, 0) 60%);\n\t\t}\n\n\t\t.rbc-hero-qjf5m8psy .rbc-hero-energy-lines.rbc-hero-energy-lines-left {\n\t\t\ttransform: scaleX(-1);\n\t\t}\n\n\t\t@media (max-width: 991px) {\n\t\t\t.rbc-hero-qjf5m8psy.is-style-rbc-hero-gradient::before,\n\t\t\t.rbc-hero-qjf5m8psy.is-style-rbc-hero-gradient.rbc-hero-has-image-bottom::before,\n\t\t\t.rbc-hero-qjf5m8psy.is-style-rbc-hero-gradient.rbc-hero-has-image-bleed::before {\n\t\t\t\tbackground: none;\n\t\t\t}\n\n\t\t\t.rbc-hero-qjf5m8psy.rbc-hero-has-image-full.hide-mobile-energy-lines .rbc-hero-energy-lines {\n\t\t\t\tdisplay: none;\n\t\t\t}\n\n\t\t\t.wp-block-rbcwm-hero-block.rbc-hero-qjf5m8psy.is-style-rbc-hero-gradient .rbc-hero-img-wrap::after {\n\t\t\t\tbackground: linear-gradient( 0deg, #023169 0%, rgba(94, 120, 131, 0) 25% );\n\t\t\t}\n\t\t\t\n\t\t\t.wp-block-rbcwm-hero-block.rbc-hero-qjf5m8psy.is-style-rbc-hero-gradient.rbc-hero-has-image-bottom .rbc-hero-img-wrap::before,\n            .wp-block-rbcwm-hero-block.rbc-hero-qjf5m8psy.is-style-rbc-hero-gradient.rbc-hero-has-image-bottom .container .rbc-hero-img-wrap::before {\n\t\t\t\tbackground: linear-gradient( 180deg, #023169 0%, rgba( 94, 120, 131, 0 ) 25% );\n\t\t\t}\n\t\t\t\n\t\t\t.wp-block-rbcwm-hero-block.rbc-hero-qjf5m8psy.is-style-rbc-hero-gradient .rbc-hero-card {\n\t\t\t\tbackground: #023169;\n\t\t\t}\n\t\t}\n\t<\/style><div class=\"container\"><div class=\"row no-gutters\"><div class=\"col-lg-12 rbc-hero-card-content\"><div class=\"rbc-card rbc-hero-card rbc-hero has-content\"><div class=\"rbc-card-wrap\"><div class=\"rbc-card-body\"><div class=\"rbc-hero-body-content\"><h1 class=\"rbc-hero-title\"><span>\u00c0 quel moment devriez-vous revoir votre testament et planification successorale<\/span><\/h1>\n<p class=\"is-style-hero-subtitle\"><\/p>\n<\/div><\/div><\/div><\/div><\/div><div class=\"rbc-hero-img-wrap col-lg-5 order-2 order-lg-1\"><\/div><\/div><\/div><\/div>\n\n\n\n<section class=\"wp-block-rbcwm-rbc-block rbc-block rbc-block-grey has-block-grey-background-color has-background\"><div class=\"container\"><div class=\"row \"><div class=\"col-lg-12\">\n<div class=\"row wrap blockId-07e991f8-321f-40e0-9c08-1a6b2025f291\">\n<div class=\"wp-block-rbcwm-column col-lg-8\">\n<p class=\"is-style-intro\">Comme un d\u00e9but, les professionnels juridiques recommandent g\u00e9n\u00e9ralement d\u2019effectuer une r\u00e9vision de votre plan tous les 3 \u00e0 5 ans.<\/p>\n\n\n\t\t<!-- Start of Brightcove Player -->\n\t\t\t\t\t\t<div style=\"display: block; position: relative; min-width: 0px; max-width: 609px;\">\n\t\t\t\t\t<div style=\"padding-top: 56%; \">\n\t\t\t\t\t\t<video-js\n\t\t\t\t\t\t\t\tid=\"6090722610001\"\n\t\t\t\t\t\t\t\tdata-video-id=\"6090722610001\" data-account=\"3187797751001\"\n\t\t\t\t\t\t\t\tdata-player=\"r00PT6QDgm\"\n\t\t\t\t\t\t\t\tdata-usage=\"cms:WordPress:6.9.4:2.8.8:javascript\"\n\t\t\t\t\t\t\t\tdata-embed=\"default\" class=\"video-js\"\n\t\t\t\t\t\t\t\tdata-application-id=\"\"\n\t\t\t\t\t\t\t\tcontrols   \t\t\t\t\t\t\t\tstyle=\"width: 100%; height: 342px; position: absolute; top: 0; bottom: 0; right: 0; left: 0;\">\n\t\t\t\t\t\t<\/video-js>\n\n\t\t\t\t\t\t<script src=\"https:\/\/players.brightcove.net\/3187797751001\/r00PT6QDgm_default\/index.min.js\"><\/script> \t\t\t\t\t<\/div>\n\t\t\t\t<\/div>\n\t\t\t\t\t\t<!-- End of Brightcove Player -->\n\t\t<\/div>\n\n\n\n<div class=\"wp-block-rbcwm-column col-lg-8 mt-3\">\n<div class=\"wp-block-rbcwm-expandable-block rbc-expandable\">\n<div id=\"\" class=\"wp-block-rbcwm-expandable-block-title rbc-expandable-trigger rbc-expandable-arrow-wrap\"><button aria-expanded=\"false\" aria-controls=\"-content\" data-target=\"-content\" data-duration=\"400\" class=\"rbc-expandable-trigger-button\">\n<h3 class=\"wp-block-heading h4\" id=\"h-\"><\/h3>\n<span class=\"rbc-display body-size c-secondary mt-quarter\" data-open-text=\"Transcription\" data-close-text=\"Transcription\">Transcription<\/span><div class=\"rbc-icon rbc-expandable-arrow rbc-expandable-arrow-right\"><i class=\"rbc-icon-img fal fa-angle-down\"><\/i><\/div><\/button><\/div>\n\n\n\n<div id=\"umj88fwa-content\" aria-labelledby=\"umj88fwa\" class=\"wp-block-rbcwm-expandable-block-content rbc-expandable-content rbc-expandable-content-inner-style content-umj88fwauzj95nv7\"><div class=\"rbc-expandable-content-body\">\n<p>Nous connaissons tous l\u2019importance d\u2019un bilan de sant\u00e9 r\u00e9gulier, mais de quand date votre derni\u00e8re r\u00e9vision testamentaire ou votre planification successorale ?<\/p>\n\n\n\n<p>Il est fortement conseill\u00e9 de proc\u00e9der \u00e0 une telle r\u00e9vision.<\/p>\n\n\n\n<p>La majorit\u00e9 des professionnels juridiques recommandent d\u2019effectuer une r\u00e9vision testamentaire et une r\u00e9vision de votre planification successorale tous les 3 \u00e0 5 ans, et \u00e0 tout moment o\u00f9 survient un \u00e9v\u00e9nement majeur de la vie, comme :<\/p>\n\n\n\n<ul class=\"wp-block-list\">\n<li>un mariage ;<\/li>\n\n\n\n<li>l\u2019invalidit\u00e9 d\u2019une personne \u00e0 charge ;<\/li>\n\n\n\n<li>ou le d\u00e9c\u00e8s d\u2019un b\u00e9n\u00e9ficiaire ainsi que de son conjoint, ou de l\u2019ex\u00e9cuteur testamentaire, pour n\u2019en nommer que quelques-uns.<\/li>\n<\/ul>\n\n\n\n<p>Par exemple, une m\u00e9prise courante veut que vos actifs soient automatiquement transf\u00e9r\u00e9s \u00e0 votre conjoint survivant \u00e0 votre d\u00e9c\u00e8s. Alors que si vous n\u2019aviez pas document\u00e9 vos volont\u00e9s de mani\u00e8re appropri\u00e9e par un testament vous seriez consid\u00e9r\u00e9 comme \u00e9tant d\u00e9c\u00e9d\u00e9 \u00ab intestat \u00bb.<\/p>\n\n\n\n<p>Si tel \u00e9tait le cas, vos actifs seraient administr\u00e9s conform\u00e9ment \u00e0 la l\u00e9gislation sur les successions ab intestat de votre province ou territoire de r\u00e9sidence.<\/p>\n\n\n\n<p>Ce faisant, il est possible que votre conjoint ne re\u00e7oive pas tous les actifs de votre succession, m\u00eame si telle \u00e9tait votre intention.<\/p>\n\n\n\n<p>Prot\u00e9gez vos \u00eatres chers.<\/p>\n\n\n\n<p>Assurez-vous d\u2019avoir un testament valide et \u00e0 jour qui refl\u00e8te vos intentions de m\u00eame que des procurations et des mandats de protection toujours \u00e0 jour.<\/p>\n<\/div><\/div>\n<\/div>\n<\/div>\n<\/div>\n<\/div><\/div><\/div><\/section>\n\n\n\n<section class=\"wp-block-rbcwm-rbc-block rbc-block rbc-footer-footnotes rbc-block-small  rbc-block-grey\"><div class=\"container\"><div class=\"row \"><div class=\"col-lg-12\">\n<div class=\"row blockId-16d228ce-c1dc-4ef8-94fd-43e27f1f6f48\">\n<div class=\"wp-block-rbcwm-column col-lg-12\">\n<ul class=\"list-inline wp-block-list\">\n<li>R\u00e9glement\u00e9e par\u00a0: <\/li>\n\n\n\n<li><a href=\"https:\/\/www.fcpi.ca\/accueil\" target=\"_blank\" rel=\"noreferrer noopener\"><img decoding=\"async\" class=\"wp-image-1013\" style=\"width: 80%\" src=\"https:\/\/www.rbcwealthmanagement.com\/fr-ca\/wp-content\/uploads\/sites\/6\/2023\/02\/Cipf-logo-fr.png\" alt=\"\"><\/a><\/li>\n\n\n\n<li><a href=\"https:\/\/www.ocri.ca\/\" target=\"_blank\" rel=\"noreferrer noopener\"><img decoding=\"async\" class=\"wp-image-1015\" style=\"width: 450px\" src=\"https:\/\/www.rbcwealthmanagement.com\/fr-ca\/wp-content\/uploads\/sites\/6\/2023\/02\/ocri-logo-fr.png\" alt=\"\"><\/a><\/li>\n<\/ul>\n<\/div>\n<\/div>\n<\/div><\/div><\/div><\/section>\n","protected":false},"excerpt":{"rendered":"","protected":false},"author":50,"featured_media":0,"parent":0,"menu_order":0,"comment_status":"closed","ping_status":"closed","template":"","meta":{"_acf_changed":false,"editor_notices":[],"rbc_url_alias":"dominion-securities\/video\/when-should-you-review-your-will-and-estate-plan","footnotes":""},"rbcwm_content_owner":[],"class_list":["post-3379","page","type-page","status-publish","hentry"],"acf":[],"yoast_head":"<!-- This site is optimized with the Yoast SEO Premium plugin v24.8 (Yoast SEO v26.8) - https:\/\/yoast.com\/product\/yoast-seo-premium-wordpress\/ -->\n<title>\u00c0 quel moment devriez-vous revoir votre testament et planification successorale - RBC Gestion de patrimoine<\/title>\n<meta name=\"description\" content=\"\u00c0 quel moment devriez-vous revoir votre testament et planification successorale Comme un d\u00e9but, les professionnels juridiques recommandent g\u00e9n\u00e9ralement\" \/>\n<meta name=\"robots\" content=\"index, follow, max-snippet:-1, max-image-preview:large, max-video-preview:-1\" \/>\n<link rel=\"canonical\" href=\"https:\/\/www.rbcwealthmanagement.com\/fr-ca\/dominion-securities\/video\/when-should-you-review-your-will-and-estate-plan\" \/>\n<meta property=\"og:locale\" content=\"fr_CA\" \/>\n<meta property=\"og:type\" content=\"article\" \/>\n<meta property=\"og:title\" content=\"\u00c0 quel moment devriez-vous revoir votre testament et planification successorale\" \/>\n<meta property=\"og:description\" content=\"\u00c0 quel moment devriez-vous revoir votre testament et planification successorale Comme un d\u00e9but, les professionnels juridiques recommandent g\u00e9n\u00e9ralement\" \/>\n<meta property=\"og:url\" content=\"https:\/\/www.rbcwealthmanagement.com\/fr-ca\/dominion-securities\/video\/when-should-you-review-your-will-and-estate-plan\" \/>\n<meta property=\"og:site_name\" content=\"RBC Gestion de patrimoine\" \/>\n<meta property=\"article:modified_time\" content=\"2025-06-24T21:01:31+00:00\" \/>\n<meta property=\"og:image\" content=\"https:\/\/www.rbcwealthmanagement.com\/fr-ca\/wp-content\/uploads\/sites\/6\/2023\/02\/share-logo-1200x630-1.png\" \/>\n\t<meta property=\"og:image:width\" content=\"1200\" \/>\n\t<meta property=\"og:image:height\" content=\"630\" \/>\n\t<meta property=\"og:image:type\" content=\"image\/png\" \/>\n<meta name=\"twitter:card\" content=\"summary_large_image\" \/>\n<meta name=\"twitter:title\" content=\"\u00c0 quel moment devriez-vous revoir votre testament et planification successorale\" \/>\n<meta name=\"twitter:label1\" content=\"Est. reading time\" \/>\n\t<meta name=\"twitter:data1\" content=\"2 minutes\" \/>\n<script type=\"application\/ld+json\" class=\"yoast-schema-graph\">{\"@context\":\"https:\/\/schema.org\",\"@graph\":[{\"@type\":\"WebPage\",\"@id\":\"https:\/\/www.rbcwealthmanagement.com\/fr-ca\/dominion-securities\/video\/when-should-you-review-your-will-and-estate-plan\",\"url\":\"https:\/\/www.rbcwealthmanagement.com\/fr-ca\/dominion-securities\/video\/when-should-you-review-your-will-and-estate-plan\",\"name\":\"\u00c0 quel moment devriez-vous revoir votre testament et planification successorale - RBC Gestion de patrimoine\",\"isPartOf\":{\"@id\":\"https:\/\/www.rbcwealthmanagement.com\/fr-ca\/#website\"},\"datePublished\":\"2021-10-22T12:33:40+00:00\",\"dateModified\":\"2025-06-24T21:01:31+00:00\",\"description\":\"\u00c0 quel moment devriez-vous revoir votre testament et planification successorale Comme un d\u00e9but, les professionnels juridiques recommandent g\u00e9n\u00e9ralement\",\"breadcrumb\":{\"@id\":\"https:\/\/www.rbcwealthmanagement.com\/fr-ca\/dominion-securities\/video\/when-should-you-review-your-will-and-estate-plan#breadcrumb\"},\"inLanguage\":\"fr-CA\",\"potentialAction\":[{\"@type\":\"ReadAction\",\"target\":[\"https:\/\/www.rbcwealthmanagement.com\/fr-ca\/dominion-securities\/video\/when-should-you-review-your-will-and-estate-plan\"]}]},{\"@type\":\"BreadcrumbList\",\"@id\":\"https:\/\/www.rbcwealthmanagement.com\/fr-ca\/dominion-securities\/video\/when-should-you-review-your-will-and-estate-plan#breadcrumb\",\"itemListElement\":[{\"@type\":\"ListItem\",\"position\":1,\"name\":\"Home\",\"item\":\"https:\/\/www.rbcwealthmanagement.com\/fr-ca\/\"},{\"@type\":\"ListItem\",\"position\":2,\"name\":\"\u00c0 quel moment devriez-vous revoir votre testament et planification successorale\"}]},{\"@type\":\"WebSite\",\"@id\":\"https:\/\/www.rbcwealthmanagement.com\/fr-ca\/#website\",\"url\":\"https:\/\/www.rbcwealthmanagement.com\/fr-ca\/\",\"name\":\"RBC Gestion de patrimoine\",\"description\":\"\",\"publisher\":{\"@id\":\"https:\/\/www.rbcwealthmanagement.com\/fr-ca\/#organization\"},\"potentialAction\":[{\"@type\":\"SearchAction\",\"target\":{\"@type\":\"EntryPoint\",\"urlTemplate\":\"https:\/\/www.rbcwealthmanagement.com\/fr-ca\/?s={search_term_string}\"},\"query-input\":{\"@type\":\"PropertyValueSpecification\",\"valueRequired\":true,\"valueName\":\"search_term_string\"}}],\"inLanguage\":\"fr-CA\"},{\"@type\":\"Organization\",\"@id\":\"https:\/\/www.rbcwealthmanagement.com\/fr-ca\/#organization\",\"name\":\"RBC Gestion de Patrimoine\",\"alternateName\":\"RBC Gestion de Patrimoine\",\"url\":\"https:\/\/www.rbcwealthmanagement.com\/fr-ca\/\",\"logo\":{\"@type\":\"ImageObject\",\"inLanguage\":\"fr-CA\",\"@id\":\"https:\/\/www.rbcwealthmanagement.com\/fr-ca\/#\/schema\/logo\/image\/\",\"url\":\"https:\/\/www.rbcwealthmanagement.com\/fr-ca\/wp-content\/uploads\/sites\/6\/2023\/02\/rbc.png\",\"contentUrl\":\"https:\/\/www.rbcwealthmanagement.com\/fr-ca\/wp-content\/uploads\/sites\/6\/2023\/02\/rbc.png\",\"width\":3000,\"height\":2000,\"caption\":\"RBC Gestion de Patrimoine\"},\"image\":{\"@id\":\"https:\/\/www.rbcwealthmanagement.com\/fr-ca\/#\/schema\/logo\/image\/\"}}]}<\/script>\n<!-- \/ Yoast SEO Premium plugin. -->","yoast_head_json":{"title":"\u00c0 quel moment devriez-vous revoir votre testament et planification successorale - RBC Gestion de patrimoine","description":"\u00c0 quel moment devriez-vous revoir votre testament et planification successorale Comme un d\u00e9but, les professionnels juridiques recommandent g\u00e9n\u00e9ralement","robots":{"index":"index","follow":"follow","max-snippet":"max-snippet:-1","max-image-preview":"max-image-preview:large","max-video-preview":"max-video-preview:-1"},"canonical":"https:\/\/www.rbcwealthmanagement.com\/fr-ca\/dominion-securities\/video\/when-should-you-review-your-will-and-estate-plan","og_locale":"fr_CA","og_type":"article","og_title":"\u00c0 quel moment devriez-vous revoir votre testament et planification successorale","og_description":"\u00c0 quel moment devriez-vous revoir votre testament et planification successorale Comme un d\u00e9but, les professionnels juridiques recommandent g\u00e9n\u00e9ralement","og_url":"https:\/\/www.rbcwealthmanagement.com\/fr-ca\/dominion-securities\/video\/when-should-you-review-your-will-and-estate-plan","og_site_name":"RBC Gestion de patrimoine","article_modified_time":"2025-06-24T21:01:31+00:00","og_image":[{"width":1200,"height":630,"url":"https:\/\/www.rbcwealthmanagement.com\/fr-ca\/wp-content\/uploads\/sites\/6\/2023\/02\/share-logo-1200x630-1.png","type":"image\/png"}],"twitter_card":"summary_large_image","twitter_title":"\u00c0 quel moment devriez-vous revoir votre testament et planification successorale","twitter_misc":{"Est. reading time":"2 minutes"},"schema":{"@context":"https:\/\/schema.org","@graph":[{"@type":"WebPage","@id":"https:\/\/www.rbcwealthmanagement.com\/fr-ca\/dominion-securities\/video\/when-should-you-review-your-will-and-estate-plan","url":"https:\/\/www.rbcwealthmanagement.com\/fr-ca\/dominion-securities\/video\/when-should-you-review-your-will-and-estate-plan","name":"\u00c0 quel moment devriez-vous revoir votre testament et planification successorale - RBC Gestion de patrimoine","isPartOf":{"@id":"https:\/\/www.rbcwealthmanagement.com\/fr-ca\/#website"},"datePublished":"2021-10-22T12:33:40+00:00","dateModified":"2025-06-24T21:01:31+00:00","description":"\u00c0 quel moment devriez-vous revoir votre testament et planification successorale Comme un d\u00e9but, les professionnels juridiques recommandent g\u00e9n\u00e9ralement","breadcrumb":{"@id":"https:\/\/www.rbcwealthmanagement.com\/fr-ca\/dominion-securities\/video\/when-should-you-review-your-will-and-estate-plan#breadcrumb"},"inLanguage":"fr-CA","potentialAction":[{"@type":"ReadAction","target":["https:\/\/www.rbcwealthmanagement.com\/fr-ca\/dominion-securities\/video\/when-should-you-review-your-will-and-estate-plan"]}]},{"@type":"BreadcrumbList","@id":"https:\/\/www.rbcwealthmanagement.com\/fr-ca\/dominion-securities\/video\/when-should-you-review-your-will-and-estate-plan#breadcrumb","itemListElement":[{"@type":"ListItem","position":1,"name":"Home","item":"https:\/\/www.rbcwealthmanagement.com\/fr-ca\/"},{"@type":"ListItem","position":2,"name":"\u00c0 quel moment devriez-vous revoir votre testament et planification successorale"}]},{"@type":"WebSite","@id":"https:\/\/www.rbcwealthmanagement.com\/fr-ca\/#website","url":"https:\/\/www.rbcwealthmanagement.com\/fr-ca\/","name":"RBC Gestion de patrimoine","description":"","publisher":{"@id":"https:\/\/www.rbcwealthmanagement.com\/fr-ca\/#organization"},"potentialAction":[{"@type":"SearchAction","target":{"@type":"EntryPoint","urlTemplate":"https:\/\/www.rbcwealthmanagement.com\/fr-ca\/?s={search_term_string}"},"query-input":{"@type":"PropertyValueSpecification","valueRequired":true,"valueName":"search_term_string"}}],"inLanguage":"fr-CA"},{"@type":"Organization","@id":"https:\/\/www.rbcwealthmanagement.com\/fr-ca\/#organization","name":"RBC Gestion de Patrimoine","alternateName":"RBC Gestion de Patrimoine","url":"https:\/\/www.rbcwealthmanagement.com\/fr-ca\/","logo":{"@type":"ImageObject","inLanguage":"fr-CA","@id":"https:\/\/www.rbcwealthmanagement.com\/fr-ca\/#\/schema\/logo\/image\/","url":"https:\/\/www.rbcwealthmanagement.com\/fr-ca\/wp-content\/uploads\/sites\/6\/2023\/02\/rbc.png","contentUrl":"https:\/\/www.rbcwealthmanagement.com\/fr-ca\/wp-content\/uploads\/sites\/6\/2023\/02\/rbc.png","width":3000,"height":2000,"caption":"RBC Gestion de Patrimoine"},"image":{"@id":"https:\/\/www.rbcwealthmanagement.com\/fr-ca\/#\/schema\/logo\/image\/"}}]}},"jetpack_sharing_enabled":true,"publishpress_future_action":{"enabled":false,"date":"2026-05-01 20:21:09","action":"change-status","newStatus":"draft","terms":[],"taxonomy":"rbcwm_content_owner","extraData":[]},"publishpress_future_workflow_manual_trigger":{"enabledWorkflows":[]},"distributor_meta":false,"distributor_terms":false,"distributor_media":false,"distributor_original_site_name":"RBC Gestion de patrimoine","distributor_original_site_url":"https:\/\/www.rbcwealthmanagement.com\/fr-ca","push-errors":false,"last_revision_date":"2025-06-24 17:01:30","_links":{"self":[{"href":"https:\/\/www.rbcwealthmanagement.com\/fr-ca\/wp-json\/wp\/v2\/pages\/3379","targetHints":{"allow":["GET"]}}],"collection":[{"href":"https:\/\/www.rbcwealthmanagement.com\/fr-ca\/wp-json\/wp\/v2\/pages"}],"about":[{"href":"https:\/\/www.rbcwealthmanagement.com\/fr-ca\/wp-json\/wp\/v2\/types\/page"}],"author":[{"embeddable":true,"href":"https:\/\/www.rbcwealthmanagement.com\/fr-ca\/wp-json\/wp\/v2\/users\/50"}],"replies":[{"embeddable":true,"href":"https:\/\/www.rbcwealthmanagement.com\/fr-ca\/wp-json\/wp\/v2\/comments?post=3379"}],"version-history":[{"count":16,"href":"https:\/\/www.rbcwealthmanagement.com\/fr-ca\/wp-json\/wp\/v2\/pages\/3379\/revisions"}],"predecessor-version":[{"id":26080,"href":"https:\/\/www.rbcwealthmanagement.com\/fr-ca\/wp-json\/wp\/v2\/pages\/3379\/revisions\/26080"}],"wp:attachment":[{"href":"https:\/\/www.rbcwealthmanagement.com\/fr-ca\/wp-json\/wp\/v2\/media?parent=3379"}],"wp:term":[{"taxonomy":"rbcwm_content_owner","embeddable":true,"href":"https:\/\/www.rbcwealthmanagement.com\/fr-ca\/wp-json\/wp\/v2\/rbcwm_content_owner?post=3379"}],"curies":[{"name":"wp","href":"https:\/\/api.w.org\/{rel}","templated":true}]}}