{"id":461,"date":"2023-04-11T13:01:02","date_gmt":"2023-04-11T17:01:02","guid":{"rendered":"https:\/\/www.rbcwealthmanagement.com\/fr-ca\/?page_id=461"},"modified":"2023-11-01T10:46:08","modified_gmt":"2023-11-01T14:46:08","slug":"environment","status":"publish","type":"page","link":"https:\/\/www.rbcwealthmanagement.com\/fr-ca\/community\/environment","title":{"rendered":"Environnement"},"content":{"rendered":"\n<div class=\"wp-block-rbcwm-hero-block rbc-hero-wm  rbc-hero-overlap rbc-hero-overlap-mobile rbc-hero-03vwreq61 hide-mobile-energy-lines\"><style>\n\t\t.rbc-hero-03vwreq61.is-style-rbc-hero-gradient::before {\n\t\t\tbackground: linear-gradient(90deg, #023169 20%, rgba(94, 120, 131, 0) 60%);\n\t\t}\n\n\t\t.rbc-hero-03vwreq61.is-style-rbc-hero-gradient.rbc-hero-has-image-bleed::before {\n\t\t\tbackground: linear-gradient(90deg, #023169 20%, rgba(94, 120, 131, 0) 60%);\n\t\t}\n\n\t\t.rbc-hero-03vwreq61.is-style-rbc-hero-gradient.rbc-hero-has-image-bottom::before {\n\t\t\tbackground: linear-gradient(180deg, #023169 20%, rgba(94, 120, 131, 0) 60%);\n\t\t}\n\n\t\t.rbc-hero-03vwreq61 .rbc-hero-energy-lines.rbc-hero-energy-lines-left {\n\t\t\ttransform: scaleX(-1);\n\t\t}\n\n\t\t@media (max-width: 991px) {\n\t\t\t.rbc-hero-03vwreq61.is-style-rbc-hero-gradient::before,\n\t\t\t.rbc-hero-03vwreq61.is-style-rbc-hero-gradient.rbc-hero-has-image-bottom::before,\n\t\t\t.rbc-hero-03vwreq61.is-style-rbc-hero-gradient.rbc-hero-has-image-bleed::before {\n\t\t\t\tbackground: none;\n\t\t\t}\n\n\t\t\t.rbc-hero-03vwreq61.rbc-hero-has-image-full.hide-mobile-energy-lines .rbc-hero-energy-lines {\n\t\t\t\tdisplay: none;\n\t\t\t}\n\n\t\t\t.wp-block-rbcwm-hero-block.rbc-hero-03vwreq61.is-style-rbc-hero-gradient .rbc-hero-img-wrap::after {\n\t\t\t\tbackground: linear-gradient( 0deg, #023169 0%, rgba(94, 120, 131, 0) 25% );\n\t\t\t}\n\t\t\t\n\t\t\t.wp-block-rbcwm-hero-block.rbc-hero-03vwreq61.is-style-rbc-hero-gradient.rbc-hero-has-image-bottom .rbc-hero-img-wrap::before,\n            .wp-block-rbcwm-hero-block.rbc-hero-03vwreq61.is-style-rbc-hero-gradient.rbc-hero-has-image-bottom .container .rbc-hero-img-wrap::before {\n\t\t\t\tbackground: linear-gradient( 180deg, #023169 0%, rgba( 94, 120, 131, 0 ) 25% );\n\t\t\t}\n\t\t\t\n\t\t\t.wp-block-rbcwm-hero-block.rbc-hero-03vwreq61.is-style-rbc-hero-gradient .rbc-hero-card {\n\t\t\t\tbackground: #023169;\n\t\t\t}\n\t\t}\n\t<\/style><div class=\"container\"><div class=\"row no-gutters\"><div class=\"col-lg-12 rbc-hero-card-content\"><div class=\"rbc-card rbc-hero-card rbc-hero has-content\"><div class=\"rbc-card-wrap\"><div class=\"rbc-card-body\"><div class=\"rbc-hero-body-content\"><h1 class=\"rbc-hero-title\"><span>Des choix plus durables pour nous-m\u00eames et nos clients<\/span><\/h1><span class=\"rbc-hero-category\"><span>Environnement<\/span><\/span><div class=\"rbc-hero-breadcrumb link-chev-left\"><div class=\"rbc-icon mr-half\"><i aria-hidden=\"true\" role=\"img\" class=\"rbc-icon-img fal fa-angle-left\" style=\"color:#006ac3\"><\/i><\/div><span style=\"color:#006ac3\"><a href=\"https:\/\/www.rbcwealthmanagement.com\/fr-ca\/about\/community\" data-type=\"URL\">Pr\u00e9sence communautaire<\/a><\/span><\/div><hr class=\"rbc-hero-hr hr-mini bdr-accent\"\/>\n<p class=\"rbc-hero-text\">\u00c0 RBC Gestion de patrimoine, nous appuyons les organismes qui se consacrent \u00e0 la reconstitution et \u00e0 la pr\u00e9servation de nos ressources naturelles. D\u2019encourager nos clients a utilis\u00e9 des services sans papier \u00e0 planter d\u2019arbres dans nos collectivit\u00e9s, nous participons \u00e0 des programmes qui aident les gens \u00e0 faire des choix plus \u00e9cologiques.<\/p>\n<\/div><\/div><\/div><\/div><\/div><div class=\"rbc-hero-img-wrap col-lg-5 order-2 order-lg-1\"><\/div><\/div><\/div><\/div>\n\n\n\t\t\t<section style=\"\" class=\"rbc-block rbc-block-image rbc-block-flush rbc-block-image-bleed rbc-block-image-mobile-top has-background has-primary-background-color b-primary\">\n  \t\t\t<div class=\"container rbc-block-image-container\">\n    \t\t\t<div class=\"row justify-content-between h-100 no-gutters\">\n\t\t\t\t\t\t\t\t\t\t\t\t\t<div class=\"rbc-block-image-content col-lg-6 order-2 order-lg-1 rbc-block-image-content-center\">\n        \t\t\t\t<div class=\"rbc-block-image-bleed-body wrap\">\n          \t\t\t\t<div class=\"rbc-media-card-col ani-faded-up-small\">\n            \t\t\t\t<div class=\"rbc-card rbc-media-card rbc-media-card-stacked-vertical rbc-media-card-transparent\">\n              \t\t\t\t<div draggable=\"false\" class=\"rbc-card-wrap\">\n                \t\t\t\t<div class=\"rbc-card-body rbc-card-flush\">\n\t\t\t\t\t\t\t\t\t\t\t\t\t<h2 class=\"rbc-media-card-title rbc-media-card-title-wrap h3\"><span class=\"rbc-media-card-title-link\"><span>Techno nature RBC : l\u2019intelligence artificielle et les milieux humides vuln\u00e9rables du Canada<\/span><\/span><\/h2>\t\t\t\t\t\t\t\t\t\t\t\t\t\t\t\t\t\t\t\t\t\t\t\t\t\t\t<span class=\"category rbc-media-card-category\">\n\t\t\t\t\t\t\t\t\t\t\t\t\t\t\tEnvironnement\t\t\t\t\t\t\t\t\t\t\t\t\t\t<\/span>\n\t\t\t\t\t\t\t\t\t\t\t\t\t\t                  \t\t\t\t<p class=\"rbc-media-card-text\"><p>Devant la n\u00e9cessit\u00e9 d\u2019agir rapidement dans les paysages prioritaires, Canards Illimit\u00e9s Canada utilise l\u2019intelligence artificielle pour aider \u00e0 cartographier et \u00e0 classifier les milieux humides des Prairies.<\/p>\n<\/p>\n                  \t\t\t\t<a href=\"https:\/\/www.rbcwealthmanagement.com\/fr-ca\/community\/insights\/rbc-tech-for-nature-artificial-intelligence-and-canadas-sensitive-wetlands\" class=\"rbc-media-card-footer-link align-self-end link-chev\">\n\t\t\t\t\t\t\t\t\t\t\t\t\t\t<span class=\"rbc-media-card-cta-link\">\n\t\t\t\t\t\t\t\t\t\t\t\t\t\t\t7 minutes de lecture\t\t\t\t\t\t\t\t\t\t\t\t\t\t\t<span class=\"sr-only\"> &#8211; <\/span>\n\t\t\t\t\t\t\t\t\t\t\t\t\t\t<\/span>\n                  \t\t\t\t<\/a>\n                \t\t\t\t<\/div>\n             \t\t\t\t\t<\/div>\n            \t\t\t\t<\/div>\n          \t\t\t\t<\/div>\n        \t\t\t\t<\/div>\n      \t\t\t\t<\/div>\n\t\t\t\t\t\t\t<div class=\"col-lg-5 order-0 rbc-block-image-bleed-col order-lg-2 order-0\">\n\t\t\t\t\t\t\t\t<div class=\"rbc-block-image-bleed-img-wrap\" style=\"height: 100%;\">\n\t\t\t\t\t\t\t\t\t\t\t\t\t\t\t\t\t\t\t<div class=\"rbc-block-image-img rbc-block-image-bleed-img bleed-img-right rbc-hero-img-desktop- rbc-hero-img-mobile-\" style=\"opacity: 1; background-image: url('https:\/\/www.rbcwealthmanagement.com\/fr-ca\/wp-content\/uploads\/sites\/6\/2023\/04\/three-mallard-ducks-in-flight.jpg?w=1024');\"><\/div>\n\t\t\t\t\t\t\t\t\t\t\t\t\t\t\t\t\t\t<\/div>\n\t\t\t\t\t\t\t<\/div>\n\t\t\t\t\t\t\t\t\t\t\t\t<\/div>\n\t\t\t\t<\/div>\n\t\t\t<\/section>\n\t\t\t\n\n\n<section class=\"wp-block-rbcwm-rbc-block rbc-block rbc-block-grey has-block-grey-background-color has-background\"><div class=\"container\"><div class=\"row \"><div class=\"col-lg-12\">\t\t<div class=\"wp-block-rbcwm-latest-posts\" id=\"wp-block-rbcwm-latest-posts__25d22d77-50aa-4c39-9dc3-7eb44f7d6158\" data-use-session=\"false\" data-session-channel-slug=\"\" data-caller-page-id=\"0\">\n\t\t\n\t\t\t<div id=\"rbc-latest-posts-container\" class=\"rbc-latest-posts-container \" style=\"\" data-post_type=\"rbcwm_community\">\n\t\t\t\t<div class=\"row\">\n\t\t\t\t\t\t\t\t\n<div class=\"rbc-media-card-col rbc-card-col-my col-lg-4 col-md-6\">\n\t<div class=\"rbc-card rbc-media-card rbc-card-hover rbc-media-card-stacked-vertical\">\n\t\t<div draggable=\"false\" class=\"rbc-card-wrap\">\n\t\t\t<div class=\"rbc-card-body rbc-hero-img-background-position\">\n\t\t\t\t\t\t\t\t<div class=\"rbc-media-card-image\" style=\"background-image: url('https:\/\/www.rbcwealthmanagement.com\/fr-ca\/wp-content\/uploads\/sites\/6\/2023\/04\/three-mallard-ducks-in-flight.jpg?w=1024')\"><\/div>\n\t\t\t\t\t\t\t<h3 class=\"rbc-media-card-title rbc-media-card-title-wrap\"><span class=\"rbc-media-card-title-link\"><span>Techno nature RBC : l\u2019intelligence artificielle et les milieux humides vuln\u00e9rables du Canada<\/span><\/span><\/h3>\t\t\t\t<span class=\"category rbc-media-card-category\">\n\t\t\t\t\tEnvironnement\t\t\t\t<\/span>\n\t\t\t\t\t\t\t\t\t<p class=\"rbc-media-card-text\"><p>Devant la n\u00e9cessit\u00e9 d\u2019agir rapidement dans les paysages prioritaires, Canards Illimit\u00e9s Canada utilise l\u2019intelligence artificielle pour aider \u00e0 cartographier et \u00e0 classifier les milieux humides des Prairies.<\/p>\n<\/p>\n\t\t\t\t\t\t\t\t\t\t<a href=\"https:\/\/www.rbcwealthmanagement.com\/fr-ca\/community\/insights\/rbc-tech-for-nature-artificial-intelligence-and-canadas-sensitive-wetlands\" class=\"rbc-media-card-footer-link align-self-end link-chev rbc-card-link-full\">\n\t\t\t\t\t\t<span class=\"rbc-media-card-cta-link\">\n\t\t\t\t\t\t\t7 minutes de lecture\t\t\t\t\t\t\t<div class=\"rbc-icon\">\n\t\t\t\t\t\t\t\t<i aria-hidden=\"true\" role=\"img\" class=\"rbc-icon-img fal fa-angle-right\"><\/i>\n\t\t\t\t\t\t\t<\/div>\n\t\t\t\t\t\t\t<span class=\"sr-only\">&#8211; Techno nature RBC : l\u2019intelligence artificielle et les milieux humides vuln\u00e9rables du Canada<\/span>\n\t\t\t\t\t\t<\/span>\n\t\t\t\t\t<\/a>\n\t\t\t\t\t\t\t<\/div>\n\t\t<\/div>\n\t<\/div>\n<\/div>\n\n<div class=\"rbc-media-card-col rbc-card-col-my col-lg-4 col-md-6\">\n\t<div class=\"rbc-card rbc-media-card rbc-card-hover rbc-media-card-stacked-vertical\">\n\t\t<div draggable=\"false\" class=\"rbc-card-wrap\">\n\t\t\t<div class=\"rbc-card-body rbc-hero-img-background-position\">\n\t\t\t\t\t\t\t\t<div class=\"rbc-media-card-image\" style=\"background-image: url('https:\/\/www.rbcwealthmanagement.com\/fr-ca\/wp-content\/uploads\/sites\/6\/2023\/04\/man-looking-at-crops-using-sustainable-technology.jpg?w=1024')\"><\/div>\n\t\t\t\t\t\t\t<h3 class=\"rbc-media-card-title rbc-media-card-title-wrap\"><span class=\"rbc-media-card-title-link\"><span>Partenariat Techno nature RBC : priorit\u00e9 aux solutions climatiques novatrices<\/span><\/span><\/h3>\t\t\t\t<span class=\"category rbc-media-card-category\">\n\t\t\t\t\tEnvironnement\t\t\t\t<\/span>\n\t\t\t\t\t\t\t\t\t<p class=\"rbc-media-card-text\"><p>L\u2019engagement de 100 millions de dollars de RBC Fondation aide les organismes de bienfaisance et les universit\u00e9s \u00e0 \u00e9laborer des solutions allant de la s\u00e9questration de carbone aux technologies propres, en passant par la biodiversit\u00e9.<\/p>\n<\/p>\n\t\t\t\t\t\t\t\t\t\t<a href=\"https:\/\/www.rbcwealthmanagement.com\/fr-ca\/community\/insights\/rbc-tech-for-nature-partnerships-focus-on-innovative-climate-solutions\" class=\"rbc-media-card-footer-link align-self-end link-chev rbc-card-link-full\">\n\t\t\t\t\t\t<span class=\"rbc-media-card-cta-link\">\n\t\t\t\t\t\t\t5 minutes de lecture\t\t\t\t\t\t\t<div class=\"rbc-icon\">\n\t\t\t\t\t\t\t\t<i aria-hidden=\"true\" role=\"img\" class=\"rbc-icon-img fal fa-angle-right\"><\/i>\n\t\t\t\t\t\t\t<\/div>\n\t\t\t\t\t\t\t<span class=\"sr-only\">&#8211; Partenariat Techno nature RBC : priorit\u00e9 aux solutions climatiques novatrices<\/span>\n\t\t\t\t\t\t<\/span>\n\t\t\t\t\t<\/a>\n\t\t\t\t\t\t\t<\/div>\n\t\t<\/div>\n\t<\/div>\n<\/div>\n\n<div class=\"rbc-media-card-col rbc-card-col-my col-lg-4 col-md-6\">\n\t<div class=\"rbc-card rbc-media-card rbc-card-hover rbc-media-card-stacked-vertical\">\n\t\t<div draggable=\"false\" class=\"rbc-card-wrap\">\n\t\t\t<div class=\"rbc-card-body rbc-hero-img-background-position\">\n\t\t\t\t\t\t\t\t<div class=\"rbc-media-card-image\" style=\"background-image: url('https:\/\/www.rbcwealthmanagement.com\/fr-ca\/wp-content\/uploads\/sites\/6\/2023\/04\/man-watering-tree-saplings.jpg?w=1024')\"><\/div>\n\t\t\t\t\t\t\t<h3 class=\"rbc-media-card-title rbc-media-card-title-wrap\"><span class=\"rbc-media-card-title-link\"><span>Arbres Canada plante 50\u2009000 arbres apr\u00e8s que des clients ont d\u00e9cid\u00e9 de r\u00e9duire leur consommation de papier<\/span><\/span><\/h3>\t\t\t\t<span class=\"category rbc-media-card-category\">\n\t\t\t\t\tEnvironnement\t\t\t\t<\/span>\n\t\t\t\t\t\t\t\t\t<p class=\"rbc-media-card-text\"><p>Deux ans et des dizaines de milliers d\u2019arbres plus tard, une initiative visant \u00e0 r\u00e9duire la consommation de papier a donn\u00e9 lieu \u00e0 l\u2019amorce du reboisement, de nouveaux habitats, de la r\u00e9habilitation de terrains, de la purification de l\u2019air et des cours d\u2019eau dans diverses r\u00e9gions du Canada.<\/p>\n<\/p>\n\t\t\t\t\t\t\t\t\t\t<a href=\"https:\/\/www.rbcwealthmanagement.com\/fr-ca\/community\/insights\/tree-canada-plants-50-000-trees-after-clients-choose-to-go-paperless\" class=\"rbc-media-card-footer-link align-self-end link-chev rbc-card-link-full\">\n\t\t\t\t\t\t<span class=\"rbc-media-card-cta-link\">\n\t\t\t\t\t\t\t6 minutes de lecture\t\t\t\t\t\t\t<div class=\"rbc-icon\">\n\t\t\t\t\t\t\t\t<i aria-hidden=\"true\" role=\"img\" class=\"rbc-icon-img fal fa-angle-right\"><\/i>\n\t\t\t\t\t\t\t<\/div>\n\t\t\t\t\t\t\t<span class=\"sr-only\">&#8211; Arbres Canada plante 50\u2009000 arbres apr\u00e8s que des clients ont d\u00e9cid\u00e9 de r\u00e9duire leur consommation de papier<\/span>\n\t\t\t\t\t\t<\/span>\n\t\t\t\t\t<\/a>\n\t\t\t\t\t\t\t<\/div>\n\t\t<\/div>\n\t<\/div>\n<\/div>\n\n<div class=\"rbc-media-card-col rbc-card-col-my col-lg-4 col-md-6\">\n\t<div class=\"rbc-card rbc-media-card rbc-card-hover rbc-media-card-stacked-vertical\">\n\t\t<div draggable=\"false\" class=\"rbc-card-wrap\">\n\t\t\t<div class=\"rbc-card-body rbc-hero-img-background-position\">\n\t\t\t\t\t\t\t\t<div class=\"rbc-media-card-image\" style=\"background-image: url('https:\/\/www.rbcwealthmanagement.com\/fr-ca\/wp-content\/uploads\/sites\/6\/2023\/04\/man-using-tablet-relaxing-by-alpine-lake-in-page.jpg?w=778')\"><\/div>\n\t\t\t\t\t\t\t<h3 class=\"rbc-media-card-title rbc-media-card-title-wrap\"><span class=\"rbc-media-card-title-link\"><span>Prot\u00e9ger les eaux douces canadiennes par la technologie de cha\u00eene de blocs<\/span><\/span><\/h3>\t\t\t\t<span class=\"category rbc-media-card-category\">\n\t\t\t\t\tEnvironnement\t\t\t\t<\/span>\n\t\t\t\t\t\t\t\t\t<p class=\"rbc-media-card-text\"><p>La qualit\u00e9 de l&rsquo;eau du lac Winnipeg est constamment surveill\u00e9e, gr\u00e2ce \u00e0 un r\u00e9seau num\u00e9rique qui incite les citoyens et les partenaires du bassin versant \u00e0 pr\u00e9lever des \u00e9chantillons d&rsquo;eau dans plus de 160 sites d\u00e9sign\u00e9s.<\/p>\n<\/p>\n\t\t\t\t\t\t\t\t\t\t<a href=\"https:\/\/www.rbcwealthmanagement.com\/fr-ca\/community\/insights\/using-blockchain-to-protect-canadas-freshwater-lakes\" class=\"rbc-media-card-footer-link align-self-end link-chev rbc-card-link-full\">\n\t\t\t\t\t\t<span class=\"rbc-media-card-cta-link\">\n\t\t\t\t\t\t\t5 minutes de lecture\t\t\t\t\t\t\t<div class=\"rbc-icon\">\n\t\t\t\t\t\t\t\t<i aria-hidden=\"true\" role=\"img\" class=\"rbc-icon-img fal fa-angle-right\"><\/i>\n\t\t\t\t\t\t\t<\/div>\n\t\t\t\t\t\t\t<span class=\"sr-only\">&#8211; Prot\u00e9ger les eaux douces canadiennes par la technologie de cha\u00eene de blocs<\/span>\n\t\t\t\t\t\t<\/span>\n\t\t\t\t\t<\/a>\n\t\t\t\t\t\t\t<\/div>\n\t\t<\/div>\n\t<\/div>\n<\/div>\n\t\t\n\t\t\t\t\t\t<\/div>\n\t\t\t<\/div>\n\n\t\t\t\t\t\t\t<div class=\"row\">\n\t\t\t\t\t<div class=\"col-lg-12 rbc-latest-posts-bottom-handles\">\n\t\t\t\t\t\t<div class=\"rbc-more-posts-loader\"><\/div>\n\t\t\t\t\t\t\t<div class=\"text-center mt-2-half\">\n\t\t\t\t\t\t\t\t\t\t\t\t\t\t\t<a href=\"https:\/\/www.rbcwealthmanagement.com\/fr-ca\/community\/environment?pages=2\" class=\"rbc-button rbc-button-large rbc-button-primary rbc-button-block-xs rbc-more-posts-btn\" data-topic_ids=\"[573]\">\n\t\t\t\t\t\t\t\t\tAfficher plus de sujets\t\t\t\t\t\t\t\t<\/a>\n\t\t\t\t\t\t\t\t\t\t\t\t\t\t\t\t<div class=\"rbc-display font-size-2 mt-2-half rbc-latest-posts-info\"><\/div>\n\t\t\t\t\t\t\t<\/div>\n\n\t\t\t\t\t\t<p class=\"wrap h5 header-alt rbc-no-results-text\" style=\"display: none;\">D\u00e9sol\u00e9s. Nous \u0144 avons trouv\u00e9 aucun r\u00e9sultat.<\/p>\n\t\t\t\t\t<\/div>\n\t\t\t\t<\/div>\n\t\t\t\t\t<\/div>\n\t\t<\/div><\/div><\/div><\/section>\n","protected":false},"excerpt":{"rendered":"","protected":false},"author":4,"featured_media":0,"parent":58,"menu_order":0,"comment_status":"closed","ping_status":"closed","template":"","meta":{"_acf_changed":false,"editor_notices":[],"rbc_url_alias":"community\/environment","footnotes":""},"rbcwm_content_owner":[],"class_list":["post-461","page","type-page","status-publish","hentry"],"acf":[],"yoast_head":"<!-- This site is optimized with the Yoast SEO Premium plugin v24.8 (Yoast SEO v26.8) - https:\/\/yoast.com\/product\/yoast-seo-premium-wordpress\/ -->\n<title>Environnement - RBC Gestion de patrimoine<\/title>\n<meta name=\"robots\" content=\"index, follow, max-snippet:-1, max-image-preview:large, max-video-preview:-1\" \/>\n<link rel=\"canonical\" href=\"https:\/\/www.rbcwealthmanagement.com\/fr-ca\/community\/environment\" \/>\n<meta property=\"og:locale\" content=\"fr_CA\" \/>\n<meta property=\"og:type\" content=\"article\" \/>\n<meta property=\"og:title\" content=\"Environnement\" \/>\n<meta property=\"og:url\" content=\"https:\/\/www.rbcwealthmanagement.com\/fr-ca\/community\/environment\" \/>\n<meta property=\"og:site_name\" content=\"RBC Gestion de patrimoine\" \/>\n<meta property=\"article:modified_time\" content=\"2023-11-01T14:46:08+00:00\" \/>\n<meta property=\"og:image\" content=\"https:\/\/www.rbcwealthmanagement.com\/fr-ca\/wp-content\/uploads\/sites\/6\/2023\/02\/share-logo-1200x630-1.png\" \/>\n\t<meta property=\"og:image:width\" content=\"1200\" \/>\n\t<meta property=\"og:image:height\" content=\"630\" \/>\n\t<meta property=\"og:image:type\" content=\"image\/png\" \/>\n<meta name=\"twitter:card\" content=\"summary_large_image\" \/>\n<meta name=\"twitter:label1\" content=\"Est. reading time\" \/>\n\t<meta name=\"twitter:data1\" content=\"1 minute\" \/>\n<script type=\"application\/ld+json\" class=\"yoast-schema-graph\">{\"@context\":\"https:\/\/schema.org\",\"@graph\":[{\"@type\":\"WebPage\",\"@id\":\"https:\/\/www.rbcwealthmanagement.com\/fr-ca\/community\/environment\",\"url\":\"https:\/\/www.rbcwealthmanagement.com\/fr-ca\/community\/environment\",\"name\":\"Environnement - RBC Gestion de patrimoine\",\"isPartOf\":{\"@id\":\"https:\/\/www.rbcwealthmanagement.com\/fr-ca\/#website\"},\"datePublished\":\"2023-04-11T17:01:02+00:00\",\"dateModified\":\"2023-11-01T14:46:08+00:00\",\"breadcrumb\":{\"@id\":\"https:\/\/www.rbcwealthmanagement.com\/fr-ca\/community\/environment#breadcrumb\"},\"inLanguage\":\"fr-CA\",\"potentialAction\":[{\"@type\":\"ReadAction\",\"target\":[\"https:\/\/www.rbcwealthmanagement.com\/fr-ca\/community\/environment\"]}]},{\"@type\":\"BreadcrumbList\",\"@id\":\"https:\/\/www.rbcwealthmanagement.com\/fr-ca\/community\/environment#breadcrumb\",\"itemListElement\":[{\"@type\":\"ListItem\",\"position\":1,\"name\":\"Home\",\"item\":\"https:\/\/www.rbcwealthmanagement.com\/fr-ca\/\"},{\"@type\":\"ListItem\",\"position\":2,\"name\":\"\u00c0 propos de nous\",\"item\":\"https:\/\/www.rbcwealthmanagement.com\/fr-ca\/about\"},{\"@type\":\"ListItem\",\"position\":3,\"name\":\"Pr\u00e9sence communautaire\",\"item\":\"https:\/\/www.rbcwealthmanagement.com\/fr-ca\/about\/community\"},{\"@type\":\"ListItem\",\"position\":4,\"name\":\"Environnement\"}]},{\"@type\":\"WebSite\",\"@id\":\"https:\/\/www.rbcwealthmanagement.com\/fr-ca\/#website\",\"url\":\"https:\/\/www.rbcwealthmanagement.com\/fr-ca\/\",\"name\":\"RBC Gestion de patrimoine\",\"description\":\"\",\"publisher\":{\"@id\":\"https:\/\/www.rbcwealthmanagement.com\/fr-ca\/#organization\"},\"potentialAction\":[{\"@type\":\"SearchAction\",\"target\":{\"@type\":\"EntryPoint\",\"urlTemplate\":\"https:\/\/www.rbcwealthmanagement.com\/fr-ca\/?s={search_term_string}\"},\"query-input\":{\"@type\":\"PropertyValueSpecification\",\"valueRequired\":true,\"valueName\":\"search_term_string\"}}],\"inLanguage\":\"fr-CA\"},{\"@type\":\"Organization\",\"@id\":\"https:\/\/www.rbcwealthmanagement.com\/fr-ca\/#organization\",\"name\":\"RBC Gestion de Patrimoine\",\"alternateName\":\"RBC Gestion de Patrimoine\",\"url\":\"https:\/\/www.rbcwealthmanagement.com\/fr-ca\/\",\"logo\":{\"@type\":\"ImageObject\",\"inLanguage\":\"fr-CA\",\"@id\":\"https:\/\/www.rbcwealthmanagement.com\/fr-ca\/#\/schema\/logo\/image\/\",\"url\":\"https:\/\/www.rbcwealthmanagement.com\/fr-ca\/wp-content\/uploads\/sites\/6\/2023\/02\/rbc.png\",\"contentUrl\":\"https:\/\/www.rbcwealthmanagement.com\/fr-ca\/wp-content\/uploads\/sites\/6\/2023\/02\/rbc.png\",\"width\":3000,\"height\":2000,\"caption\":\"RBC Gestion de Patrimoine\"},\"image\":{\"@id\":\"https:\/\/www.rbcwealthmanagement.com\/fr-ca\/#\/schema\/logo\/image\/\"}}]}<\/script>\n<!-- \/ Yoast SEO Premium plugin. -->","yoast_head_json":{"title":"Environnement - RBC Gestion de patrimoine","robots":{"index":"index","follow":"follow","max-snippet":"max-snippet:-1","max-image-preview":"max-image-preview:large","max-video-preview":"max-video-preview:-1"},"canonical":"https:\/\/www.rbcwealthmanagement.com\/fr-ca\/community\/environment","og_locale":"fr_CA","og_type":"article","og_title":"Environnement","og_url":"https:\/\/www.rbcwealthmanagement.com\/fr-ca\/community\/environment","og_site_name":"RBC Gestion de patrimoine","article_modified_time":"2023-11-01T14:46:08+00:00","og_image":[{"width":1200,"height":630,"url":"https:\/\/www.rbcwealthmanagement.com\/fr-ca\/wp-content\/uploads\/sites\/6\/2023\/02\/share-logo-1200x630-1.png","type":"image\/png"}],"twitter_card":"summary_large_image","twitter_misc":{"Est. reading time":"1 minute"},"schema":{"@context":"https:\/\/schema.org","@graph":[{"@type":"WebPage","@id":"https:\/\/www.rbcwealthmanagement.com\/fr-ca\/community\/environment","url":"https:\/\/www.rbcwealthmanagement.com\/fr-ca\/community\/environment","name":"Environnement - RBC Gestion de patrimoine","isPartOf":{"@id":"https:\/\/www.rbcwealthmanagement.com\/fr-ca\/#website"},"datePublished":"2023-04-11T17:01:02+00:00","dateModified":"2023-11-01T14:46:08+00:00","breadcrumb":{"@id":"https:\/\/www.rbcwealthmanagement.com\/fr-ca\/community\/environment#breadcrumb"},"inLanguage":"fr-CA","potentialAction":[{"@type":"ReadAction","target":["https:\/\/www.rbcwealthmanagement.com\/fr-ca\/community\/environment"]}]},{"@type":"BreadcrumbList","@id":"https:\/\/www.rbcwealthmanagement.com\/fr-ca\/community\/environment#breadcrumb","itemListElement":[{"@type":"ListItem","position":1,"name":"Home","item":"https:\/\/www.rbcwealthmanagement.com\/fr-ca\/"},{"@type":"ListItem","position":2,"name":"\u00c0 propos de nous","item":"https:\/\/www.rbcwealthmanagement.com\/fr-ca\/about"},{"@type":"ListItem","position":3,"name":"Pr\u00e9sence communautaire","item":"https:\/\/www.rbcwealthmanagement.com\/fr-ca\/about\/community"},{"@type":"ListItem","position":4,"name":"Environnement"}]},{"@type":"WebSite","@id":"https:\/\/www.rbcwealthmanagement.com\/fr-ca\/#website","url":"https:\/\/www.rbcwealthmanagement.com\/fr-ca\/","name":"RBC Gestion de patrimoine","description":"","publisher":{"@id":"https:\/\/www.rbcwealthmanagement.com\/fr-ca\/#organization"},"potentialAction":[{"@type":"SearchAction","target":{"@type":"EntryPoint","urlTemplate":"https:\/\/www.rbcwealthmanagement.com\/fr-ca\/?s={search_term_string}"},"query-input":{"@type":"PropertyValueSpecification","valueRequired":true,"valueName":"search_term_string"}}],"inLanguage":"fr-CA"},{"@type":"Organization","@id":"https:\/\/www.rbcwealthmanagement.com\/fr-ca\/#organization","name":"RBC Gestion de Patrimoine","alternateName":"RBC Gestion de Patrimoine","url":"https:\/\/www.rbcwealthmanagement.com\/fr-ca\/","logo":{"@type":"ImageObject","inLanguage":"fr-CA","@id":"https:\/\/www.rbcwealthmanagement.com\/fr-ca\/#\/schema\/logo\/image\/","url":"https:\/\/www.rbcwealthmanagement.com\/fr-ca\/wp-content\/uploads\/sites\/6\/2023\/02\/rbc.png","contentUrl":"https:\/\/www.rbcwealthmanagement.com\/fr-ca\/wp-content\/uploads\/sites\/6\/2023\/02\/rbc.png","width":3000,"height":2000,"caption":"RBC Gestion de Patrimoine"},"image":{"@id":"https:\/\/www.rbcwealthmanagement.com\/fr-ca\/#\/schema\/logo\/image\/"}}]}},"jetpack_sharing_enabled":true,"publishpress_future_action":{"enabled":false,"date":"2026-05-06 01:44:18","action":"change-status","newStatus":"draft","terms":[],"taxonomy":"rbcwm_content_owner","extraData":[]},"publishpress_future_workflow_manual_trigger":{"enabledWorkflows":[]},"distributor_meta":false,"distributor_terms":false,"distributor_media":false,"distributor_original_site_name":"RBC Gestion de patrimoine","distributor_original_site_url":"https:\/\/www.rbcwealthmanagement.com\/fr-ca","push-errors":false,"last_revision_date":"2025-08-12 12:36:44","_links":{"self":[{"href":"https:\/\/www.rbcwealthmanagement.com\/fr-ca\/wp-json\/wp\/v2\/pages\/461","targetHints":{"allow":["GET"]}}],"collection":[{"href":"https:\/\/www.rbcwealthmanagement.com\/fr-ca\/wp-json\/wp\/v2\/pages"}],"about":[{"href":"https:\/\/www.rbcwealthmanagement.com\/fr-ca\/wp-json\/wp\/v2\/types\/page"}],"author":[{"embeddable":true,"href":"https:\/\/www.rbcwealthmanagement.com\/fr-ca\/wp-json\/wp\/v2\/users\/4"}],"replies":[{"embeddable":true,"href":"https:\/\/www.rbcwealthmanagement.com\/fr-ca\/wp-json\/wp\/v2\/comments?post=461"}],"version-history":[{"count":8,"href":"https:\/\/www.rbcwealthmanagement.com\/fr-ca\/wp-json\/wp\/v2\/pages\/461\/revisions"}],"predecessor-version":[{"id":26737,"href":"https:\/\/www.rbcwealthmanagement.com\/fr-ca\/wp-json\/wp\/v2\/pages\/461\/revisions\/26737"}],"up":[{"embeddable":true,"href":"https:\/\/www.rbcwealthmanagement.com\/fr-ca\/wp-json\/wp\/v2\/pages\/58"}],"wp:attachment":[{"href":"https:\/\/www.rbcwealthmanagement.com\/fr-ca\/wp-json\/wp\/v2\/media?parent=461"}],"wp:term":[{"taxonomy":"rbcwm_content_owner","embeddable":true,"href":"https:\/\/www.rbcwealthmanagement.com\/fr-ca\/wp-json\/wp\/v2\/rbcwm_content_owner?post=461"}],"curies":[{"name":"wp","href":"https:\/\/api.w.org\/{rel}","templated":true}]}}