{"id":463,"date":"2023-04-11T13:33:49","date_gmt":"2023-04-11T17:33:49","guid":{"rendered":"https:\/\/www.rbcwealthmanagement.com\/fr-ca\/?page_id=463"},"modified":"2025-11-07T11:06:02","modified_gmt":"2025-11-07T16:06:02","slug":"older-canadians","status":"publish","type":"page","link":"https:\/\/www.rbcwealthmanagement.com\/fr-ca\/community\/older-canadians","title":{"rendered":"Canadiens \u00e2g\u00e9s"},"content":{"rendered":"\n<div class=\"wp-block-rbcwm-hero-block rbc-hero-wm  rbc-hero-overlap rbc-hero-overlap-mobile rbc-hero-zdpsgmwlj hide-mobile-energy-lines\"><style>\n\t\t.rbc-hero-zdpsgmwlj.is-style-rbc-hero-gradient::before {\n\t\t\tbackground: linear-gradient(90deg, #023169 20%, rgba(94, 120, 131, 0) 60%);\n\t\t}\n\n\t\t.rbc-hero-zdpsgmwlj.is-style-rbc-hero-gradient.rbc-hero-has-image-bleed::before {\n\t\t\tbackground: linear-gradient(90deg, #023169 20%, rgba(94, 120, 131, 0) 60%);\n\t\t}\n\n\t\t.rbc-hero-zdpsgmwlj.is-style-rbc-hero-gradient.rbc-hero-has-image-bottom::before {\n\t\t\tbackground: linear-gradient(180deg, #023169 20%, rgba(94, 120, 131, 0) 60%);\n\t\t}\n\n\t\t.rbc-hero-zdpsgmwlj .rbc-hero-energy-lines.rbc-hero-energy-lines-left {\n\t\t\ttransform: scaleX(-1);\n\t\t}\n\n\t\t@media (max-width: 991px) {\n\t\t\t.rbc-hero-zdpsgmwlj.is-style-rbc-hero-gradient::before,\n\t\t\t.rbc-hero-zdpsgmwlj.is-style-rbc-hero-gradient.rbc-hero-has-image-bottom::before,\n\t\t\t.rbc-hero-zdpsgmwlj.is-style-rbc-hero-gradient.rbc-hero-has-image-bleed::before {\n\t\t\t\tbackground: none;\n\t\t\t}\n\n\t\t\t.rbc-hero-zdpsgmwlj.rbc-hero-has-image-full.hide-mobile-energy-lines .rbc-hero-energy-lines {\n\t\t\t\tdisplay: none;\n\t\t\t}\n\n\t\t\t.wp-block-rbcwm-hero-block.rbc-hero-zdpsgmwlj.is-style-rbc-hero-gradient .rbc-hero-img-wrap::after {\n\t\t\t\tbackground: linear-gradient( 0deg, #023169 0%, rgba(94, 120, 131, 0) 25% );\n\t\t\t}\n\t\t\t\n\t\t\t.wp-block-rbcwm-hero-block.rbc-hero-zdpsgmwlj.is-style-rbc-hero-gradient.rbc-hero-has-image-bottom .rbc-hero-img-wrap::before,\n            .wp-block-rbcwm-hero-block.rbc-hero-zdpsgmwlj.is-style-rbc-hero-gradient.rbc-hero-has-image-bottom .container .rbc-hero-img-wrap::before {\n\t\t\t\tbackground: linear-gradient( 180deg, #023169 0%, rgba( 94, 120, 131, 0 ) 25% );\n\t\t\t}\n\t\t\t\n\t\t\t.wp-block-rbcwm-hero-block.rbc-hero-zdpsgmwlj.is-style-rbc-hero-gradient .rbc-hero-card {\n\t\t\t\tbackground: #023169;\n\t\t\t}\n\t\t}\n\t<\/style><div class=\"container\"><div class=\"row no-gutters\"><div class=\"col-lg-12 rbc-hero-card-content\"><div class=\"rbc-card rbc-hero-card rbc-hero has-content\"><div class=\"rbc-card-wrap\"><div class=\"rbc-card-body\"><div class=\"rbc-hero-body-content\"><h1 class=\"rbc-hero-title\"><span>Offrir la tranquillit\u00e9 d\u2019esprit \u00e0 nos a\u00een\u00e9s<\/span><\/h1><span class=\"rbc-hero-category\"><span>Canadiens \u00e2g\u00e9s<\/span><\/span><div class=\"rbc-hero-breadcrumb link-chev-left\"><div class=\"rbc-icon mr-half\"><i aria-hidden=\"true\" role=\"img\" class=\"rbc-icon-img fal fa-angle-left\" style=\"color:#006ac3\"><\/i><\/div><span style=\"color:#006ac3\"><a href=\"https:\/\/www.rbcwealthmanagement.com\/fr-ca\/about\/community\" data-type=\"URL\">Pr\u00e9sence communautaire<\/a><\/span><\/div><hr class=\"rbc-hero-hr hr-mini bdr-accent\"\/>\n<p class=\"rbc-hero-text\">L\u2019esp\u00e9rance de vie s\u2019allonge et nos a\u00een\u00e9s qui ne disposent pas de feuille de route se trouvent confront\u00e9s \u00e0 des d\u00e9cisions qui pourraient modifier leur parcours de vie. Chez RBC Gestion de patrimoine, nous mettons tout en \u0153uvre pour aider les Canadiens \u00e2g\u00e9s. Nous appuyons \u00e9galement les organismes et programmes qui aident les personnes \u00e2g\u00e9es \u00e0 mieux se sentir et \u00e0 envisager leur avenir plus sereinement.<\/p>\n<\/div><\/div><\/div><\/div><\/div><div class=\"rbc-hero-img-wrap col-lg-5 order-2 order-lg-1\"><\/div><\/div><\/div><\/div>\n\n\n\t\t\t<section style=\"\" class=\"rbc-block rbc-block-image rbc-block-flush rbc-block-image-bleed rbc-block-image-mobile-top has-background has-primary-background-color b-primary\">\n  \t\t\t<div class=\"container rbc-block-image-container\">\n    \t\t\t<div class=\"row justify-content-between h-100 no-gutters\">\n\t\t\t\t\t\t\t\t\t\t\t\t\t<div class=\"rbc-block-image-content col-lg-6 order-2 order-lg-1 rbc-block-image-content-center\">\n        \t\t\t\t<div class=\"rbc-block-image-bleed-body wrap\">\n          \t\t\t\t<div class=\"rbc-media-card-col ani-faded-up-small\">\n            \t\t\t\t<div class=\"rbc-card rbc-media-card rbc-media-card-stacked-vertical rbc-media-card-transparent\">\n              \t\t\t\t<div draggable=\"false\" class=\"rbc-card-wrap\">\n                \t\t\t\t<div class=\"rbc-card-body rbc-card-flush\">\n\t\t\t\t\t\t\t\t\t\t\t\t\t<h2 class=\"rbc-media-card-title rbc-media-card-title-wrap h3\"><span class=\"rbc-media-card-title-link\"><span>Mesures que les femmes peuvent prendre pour favoriser leur sant\u00e9 c\u00e9r\u00e9brale et cardiaque<\/span><\/span><\/h2>\t\t\t\t\t\t\t\t\t\t\t\t\t\t\t\t\t\t\t\t\t\t\t\t\t\t\t<span class=\"category rbc-media-card-category\">\n\t\t\t\t\t\t\t\t\t\t\t\t\t\t\tFemmes et sant\u00e9\t\t\t\t\t\t\t\t\t\t\t\t\t\t<\/span>\n\t\t\t\t\t\t\t\t\t\t\t\t\t\t                  \t\t\t\t<p class=\"rbc-media-card-text\"><p>Les facteurs de risque d\u2019une maladie diff\u00e8rent d\u2019un homme \u00e0 une femme. Identifiez les v\u00f4tres pour pouvoir prendre en main votre sant\u00e9.<\/p>\n<\/p>\n                  \t\t\t\t<a href=\"https:\/\/www.rbcwealthmanagement.com\/fr-ca\/community\/insights\/preventive-steps-women-can-take-to-safeguard-their-brain-and-heart-health\" class=\"rbc-media-card-footer-link align-self-end link-chev\">\n\t\t\t\t\t\t\t\t\t\t\t\t\t\t<span class=\"rbc-media-card-cta-link\">\n\t\t\t\t\t\t\t\t\t\t\t\t\t\t\t5 minutes de lecture\t\t\t\t\t\t\t\t\t\t\t\t\t\t\t<span class=\"sr-only\"> &#8211; <\/span>\n\t\t\t\t\t\t\t\t\t\t\t\t\t\t<\/span>\n                  \t\t\t\t<\/a>\n                \t\t\t\t<\/div>\n             \t\t\t\t\t<\/div>\n            \t\t\t\t<\/div>\n          \t\t\t\t<\/div>\n        \t\t\t\t<\/div>\n      \t\t\t\t<\/div>\n\t\t\t\t\t\t\t<div class=\"col-lg-5 order-0 rbc-block-image-bleed-col order-lg-2 order-0\">\n\t\t\t\t\t\t\t\t<div class=\"rbc-block-image-bleed-img-wrap\" style=\"height: 100%;\">\n\t\t\t\t\t\t\t\t\t\t\t\t\t\t\t\t\t\t\t<div class=\"rbc-block-image-img rbc-block-image-bleed-img bleed-img-right rbc-hero-img-desktop- rbc-hero-img-mobile-\" style=\"opacity: 1; background-image: url('https:\/\/www.rbcwealthmanagement.com\/fr-ca\/wp-content\/uploads\/sites\/6\/2023\/02\/doctor-smiles-at-patient-in-waiting-room.jpg?w=1024');\"><\/div>\n\t\t\t\t\t\t\t\t\t\t\t\t\t\t\t\t\t\t<\/div>\n\t\t\t\t\t\t\t<\/div>\n\t\t\t\t\t\t\t\t\t\t\t\t<\/div>\n\t\t\t\t<\/div>\n\t\t\t<\/section>\n\t\t\t\n\n\n<section class=\"wp-block-rbcwm-rbc-block rbc-block rbc-block-grey has-block-grey-background-color has-background\"><div class=\"container\"><div class=\"row \"><div class=\"col-lg-12\">\t\t<div class=\"wp-block-rbcwm-latest-posts\" id=\"wp-block-rbcwm-latest-posts__2338ae70-440c-4bac-a482-9d448b281f86\" data-use-session=\"false\" data-session-channel-slug=\"\" data-caller-page-id=\"0\">\n\t\t\n\t\t\t<div id=\"rbc-latest-posts-container\" class=\"rbc-latest-posts-container \" style=\"\" data-post_type=\"rbcwm_community\">\n\t\t\t\t<div class=\"row\">\n\t\t\t\t\t\t\t\t\n<div class=\"rbc-media-card-col rbc-card-col-my col-lg-4 col-md-6\">\n\t<div class=\"rbc-card rbc-media-card rbc-card-hover rbc-media-card-stacked-vertical\">\n\t\t<div draggable=\"false\" class=\"rbc-card-wrap\">\n\t\t\t<div class=\"rbc-card-body rbc-hero-img-background-position\">\n\t\t\t\t\t\t\t\t<div class=\"rbc-media-card-image\" style=\"background-image: url('https:\/\/www.rbcwealthmanagement.com\/fr-ca\/wp-content\/uploads\/sites\/6\/2023\/02\/doctor-smiles-at-patient-in-waiting-room.jpg?w=1024')\"><\/div>\n\t\t\t\t\t\t\t<h3 class=\"rbc-media-card-title rbc-media-card-title-wrap\"><span class=\"rbc-media-card-title-link\"><span>Mesures que les femmes peuvent prendre pour favoriser leur sant\u00e9 c\u00e9r\u00e9brale et cardiaque<\/span><\/span><\/h3>\t\t\t\t<span class=\"category rbc-media-card-category\">\n\t\t\t\t\tFemmes et sant\u00e9\t\t\t\t<\/span>\n\t\t\t\t\t\t\t\t\t<p class=\"rbc-media-card-text\"><p>Les facteurs de risque d\u2019une maladie diff\u00e8rent d\u2019un homme \u00e0 une femme. Identifiez les v\u00f4tres pour pouvoir prendre en main votre sant\u00e9.<\/p>\n<\/p>\n\t\t\t\t\t\t\t\t\t\t<a href=\"https:\/\/www.rbcwealthmanagement.com\/fr-ca\/community\/insights\/preventive-steps-women-can-take-to-safeguard-their-brain-and-heart-health\" class=\"rbc-media-card-footer-link align-self-end link-chev rbc-card-link-full\">\n\t\t\t\t\t\t<span class=\"rbc-media-card-cta-link\">\n\t\t\t\t\t\t\t5 minutes de lecture\t\t\t\t\t\t\t<div class=\"rbc-icon\">\n\t\t\t\t\t\t\t\t<i aria-hidden=\"true\" role=\"img\" class=\"rbc-icon-img fal fa-angle-right\"><\/i>\n\t\t\t\t\t\t\t<\/div>\n\t\t\t\t\t\t\t<span class=\"sr-only\">&#8211; Mesures que les femmes peuvent prendre pour favoriser leur sant\u00e9 c\u00e9r\u00e9brale et cardiaque<\/span>\n\t\t\t\t\t\t<\/span>\n\t\t\t\t\t<\/a>\n\t\t\t\t\t\t\t<\/div>\n\t\t<\/div>\n\t<\/div>\n<\/div>\n\n<div class=\"rbc-media-card-col rbc-card-col-my col-lg-4 col-md-6\">\n\t<div class=\"rbc-card rbc-media-card rbc-card-hover rbc-media-card-stacked-vertical\">\n\t\t<div draggable=\"false\" class=\"rbc-card-wrap\">\n\t\t\t<div class=\"rbc-card-body rbc-hero-img-background-position\">\n\t\t\t\t\t\t\t\t<div class=\"rbc-media-card-image\" style=\"background-image: url('https:\/\/www.rbcwealthmanagement.com\/fr-ca\/wp-content\/uploads\/sites\/6\/2023\/04\/two-senior-women-walking-on-the-beach.jpg?w=1024')\"><\/div>\n\t\t\t\t\t\t\t<h3 class=\"rbc-media-card-title rbc-media-card-title-wrap\"><span class=\"rbc-media-card-title-link\"><span>Pourquoi la connectivit\u00e9 sociale est plus importante encore \u00e0 mesure que nous vieillissons<\/span><\/span><\/h3>\t\t\t\t<span class=\"category rbc-media-card-category\">\n\t\t\t\t\tBien-\u00eatre\t\t\t\t<\/span>\n\t\t\t\t\t\t\t\t\t<p class=\"rbc-media-card-text\"><p>Le b\u00e9n\u00e9volat, la participation \u00e0 des activit\u00e9s communautaires et la qu\u00eate de nouvelles exp\u00e9riences repr\u00e9sentent des mesures proactives pour garder le contact en vieillissant.<\/p>\n<\/p>\n\t\t\t\t\t\t\t\t\t\t<a href=\"https:\/\/www.rbcwealthmanagement.com\/fr-ca\/community\/insights\/why-social-connectivity-is-even-more-important-as-we-age\" class=\"rbc-media-card-footer-link align-self-end link-chev rbc-card-link-full\">\n\t\t\t\t\t\t<span class=\"rbc-media-card-cta-link\">\n\t\t\t\t\t\t\t5 minutes de lecture\t\t\t\t\t\t\t<div class=\"rbc-icon\">\n\t\t\t\t\t\t\t\t<i aria-hidden=\"true\" role=\"img\" class=\"rbc-icon-img fal fa-angle-right\"><\/i>\n\t\t\t\t\t\t\t<\/div>\n\t\t\t\t\t\t\t<span class=\"sr-only\">&#8211; Pourquoi la connectivit\u00e9 sociale est plus importante encore \u00e0 mesure que nous vieillissons<\/span>\n\t\t\t\t\t\t<\/span>\n\t\t\t\t\t<\/a>\n\t\t\t\t\t\t\t<\/div>\n\t\t<\/div>\n\t<\/div>\n<\/div>\n\n<div class=\"rbc-media-card-col rbc-card-col-my col-lg-4 col-md-6\">\n\t<div class=\"rbc-card rbc-media-card rbc-card-hover rbc-media-card-stacked-vertical\">\n\t\t<div draggable=\"false\" class=\"rbc-card-wrap\">\n\t\t\t<div class=\"rbc-card-body rbc-hero-img-background-position\">\n\t\t\t\t\t\t\t\t<div class=\"rbc-media-card-image\" style=\"background-image: url('https:\/\/www.rbcwealthmanagement.com\/fr-ca\/wp-content\/uploads\/sites\/6\/2023\/04\/daughter-helping-senior-mother-with-care-plan.jpg?w=1024')\"><\/div>\n\t\t\t\t\t\t\t<h3 class=\"rbc-media-card-title rbc-media-card-title-wrap\"><span class=\"rbc-media-card-title-link\"><span>Votre sant\u00e9 vous inqui\u00e8te \u00e0 mesure que vous vieillissez ? \u00c9tablissez un plan de soins<\/span><\/span><\/h3>\t\t\t\t<span class=\"category rbc-media-card-category\">\n\t\t\t\t\tFormation et mentorat\t\t\t\t<\/span>\n\t\t\t\t\t\t\t\t\t<p class=\"rbc-media-card-text\"><p>Un plan de soins aide les familles \u00e0 comprendre les diff\u00e9rents types de soins dont un adulte \u00e2g\u00e9 pourrait avoir besoin et \u00e0 d\u00e9finir un budget en cons\u00e9quence.<\/p>\n<\/p>\n\t\t\t\t\t\t\t\t\t\t<a href=\"https:\/\/www.rbcwealthmanagement.com\/fr-ca\/community\/insights\/worried-about-your-health-as-you-age-create-a-care-plan\" class=\"rbc-media-card-footer-link align-self-end link-chev rbc-card-link-full\">\n\t\t\t\t\t\t<span class=\"rbc-media-card-cta-link\">\n\t\t\t\t\t\t\t8 minutes de lecture\t\t\t\t\t\t\t<div class=\"rbc-icon\">\n\t\t\t\t\t\t\t\t<i aria-hidden=\"true\" role=\"img\" class=\"rbc-icon-img fal fa-angle-right\"><\/i>\n\t\t\t\t\t\t\t<\/div>\n\t\t\t\t\t\t\t<span class=\"sr-only\">&#8211; Votre sant\u00e9 vous inqui\u00e8te \u00e0 mesure que vous vieillissez ? \u00c9tablissez un plan de soins<\/span>\n\t\t\t\t\t\t<\/span>\n\t\t\t\t\t<\/a>\n\t\t\t\t\t\t\t<\/div>\n\t\t<\/div>\n\t<\/div>\n<\/div>\n\n<div class=\"rbc-media-card-col rbc-card-col-my col-lg-4 col-md-6\">\n\t<div class=\"rbc-card rbc-media-card rbc-card-hover rbc-media-card-stacked-vertical\">\n\t\t<div draggable=\"false\" class=\"rbc-card-wrap\">\n\t\t\t<div class=\"rbc-card-body rbc-hero-img-background-position\">\n\t\t\t\t\t\t\t\t<div class=\"rbc-media-card-image\" style=\"background-image: url('https:\/\/www.rbcwealthmanagement.com\/fr-ca\/wp-content\/uploads\/sites\/6\/2023\/04\/senior-man-teleconsulting-with-doctor.jpg?w=1024')\"><\/div>\n\t\t\t\t\t\t\t<h3 class=\"rbc-media-card-title rbc-media-card-title-wrap\"><span class=\"rbc-media-card-title-link\"><span>Recours \u00e0 la technologie des soins de sant\u00e9 pour vivre longtemps chez soi<\/span><\/span><\/h3>\t\t\t\t<span class=\"category rbc-media-card-category\">\n\t\t\t\t\tBien-\u00eatre\t\t\t\t<\/span>\n\t\t\t\t\t\t\t\t\t<p class=\"rbc-media-card-text\"><p>La pand\u00e9mie et la d\u00e9vastation qui ont frapp\u00e9 les \u00e9tablissements de soins de longue dur\u00e9e ont boulevers\u00e9 la mani\u00e8re dont nous voyons notre propre vuln\u00e9rabilit\u00e9 et notre sant\u00e9.<\/p>\n<\/p>\n\t\t\t\t\t\t\t\t\t\t<a href=\"https:\/\/www.rbcwealthmanagement.com\/fr-ca\/community\/insights\/harnessing-health-care-technology-to-support-ageing-in-place\" class=\"rbc-media-card-footer-link align-self-end link-chev rbc-card-link-full\">\n\t\t\t\t\t\t<span class=\"rbc-media-card-cta-link\">\n\t\t\t\t\t\t\t8 minutes de lecture\t\t\t\t\t\t\t<div class=\"rbc-icon\">\n\t\t\t\t\t\t\t\t<i aria-hidden=\"true\" role=\"img\" class=\"rbc-icon-img fal fa-angle-right\"><\/i>\n\t\t\t\t\t\t\t<\/div>\n\t\t\t\t\t\t\t<span class=\"sr-only\">&#8211; Recours \u00e0 la technologie des soins de sant\u00e9 pour vivre longtemps chez soi<\/span>\n\t\t\t\t\t\t<\/span>\n\t\t\t\t\t<\/a>\n\t\t\t\t\t\t\t<\/div>\n\t\t<\/div>\n\t<\/div>\n<\/div>\n\n<div class=\"rbc-media-card-col rbc-card-col-my col-lg-4 col-md-6\">\n\t<div class=\"rbc-card rbc-media-card rbc-card-hover rbc-media-card-stacked-vertical\">\n\t\t<div draggable=\"false\" class=\"rbc-card-wrap\">\n\t\t\t<div class=\"rbc-card-body rbc-hero-img-background-position\">\n\t\t\t\t\t\t\t\t<div class=\"rbc-media-card-image\" style=\"background-image: url('https:\/\/www.rbcwealthmanagement.com\/fr-ca\/wp-content\/uploads\/sites\/6\/2023\/04\/senior-man-touching-fingertips-with-robot-Insights-Siliver-Tsunami-2250x1500-1.jpg?w=1024')\"><\/div>\n\t\t\t\t\t\t\t<h3 class=\"rbc-media-card-title rbc-media-card-title-wrap\"><span class=\"rbc-media-card-title-link\"><span>R\u00e9solution de probl\u00e8mes en vue du tsunami gris<\/span><\/span><\/h3>\t\t\t\t<span class=\"category rbc-media-card-category\">\n\t\t\t\t\tBien-\u00eatre\t\t\t\t<\/span>\n\t\t\t\t\t\t\t\t\t<p class=\"rbc-media-card-text\"><p>Une conversation avec deux leaders de la sant\u00e9 pour savoir si la technologie num\u00e9rique est notre rem\u00e8de.<\/p>\n<\/p>\n\t\t\t\t\t\t\t\t\t\t<a href=\"https:\/\/www.rbcwealthmanagement.com\/fr-ca\/community\/insights\/solving-for-the-silver-tsunami\" class=\"rbc-media-card-footer-link align-self-end link-chev rbc-card-link-full\">\n\t\t\t\t\t\t<span class=\"rbc-media-card-cta-link\">\n\t\t\t\t\t\t\t5 minutes de lecture\t\t\t\t\t\t\t<div class=\"rbc-icon\">\n\t\t\t\t\t\t\t\t<i aria-hidden=\"true\" role=\"img\" class=\"rbc-icon-img fal fa-angle-right\"><\/i>\n\t\t\t\t\t\t\t<\/div>\n\t\t\t\t\t\t\t<span class=\"sr-only\">&#8211; R\u00e9solution de probl\u00e8mes en vue du tsunami gris<\/span>\n\t\t\t\t\t\t<\/span>\n\t\t\t\t\t<\/a>\n\t\t\t\t\t\t\t<\/div>\n\t\t<\/div>\n\t<\/div>\n<\/div>\n\t\t\n\t\t\t\t\t\t<\/div>\n\t\t\t<\/div>\n\n\t\t\t\t\t\t\t<div class=\"row\">\n\t\t\t\t\t<div class=\"col-lg-12 rbc-latest-posts-bottom-handles\">\n\t\t\t\t\t\t<div class=\"rbc-more-posts-loader\"><\/div>\n\t\t\t\t\t\t\t<div class=\"text-center mt-2-half\">\n\t\t\t\t\t\t\t\t\t\t\t\t\t\t\t<a href=\"https:\/\/www.rbcwealthmanagement.com\/fr-ca\/community\/older-canadians?pages=2\" class=\"rbc-button rbc-button-large rbc-button-primary rbc-button-block-xs rbc-more-posts-btn\" data-topic_ids=\"[580]\">\n\t\t\t\t\t\t\t\t\tAfficher plus de sujets\t\t\t\t\t\t\t\t<\/a>\n\t\t\t\t\t\t\t\t\t\t\t\t\t\t\t\t<div class=\"rbc-display font-size-2 mt-2-half rbc-latest-posts-info\"><\/div>\n\t\t\t\t\t\t\t<\/div>\n\n\t\t\t\t\t\t<p class=\"wrap h5 header-alt rbc-no-results-text\" style=\"display: none;\">D\u00e9sol\u00e9s. Nous \u0144 avons trouv\u00e9 aucun r\u00e9sultat.<\/p>\n\t\t\t\t\t<\/div>\n\t\t\t\t<\/div>\n\t\t\t\t\t<\/div>\n\t\t<\/div><\/div><\/div><\/section>\n","protected":false},"excerpt":{"rendered":"","protected":false},"author":4,"featured_media":0,"parent":58,"menu_order":0,"comment_status":"closed","ping_status":"closed","template":"","meta":{"_acf_changed":false,"editor_notices":[],"rbc_url_alias":"community\/older-canadians","footnotes":""},"rbcwm_content_owner":[],"class_list":["post-463","page","type-page","status-publish","hentry"],"acf":[],"yoast_head":"<!-- This site is optimized with the Yoast SEO Premium plugin v24.8 (Yoast SEO v26.8) - https:\/\/yoast.com\/product\/yoast-seo-premium-wordpress\/ -->\n<title>Canadiens \u00e2g\u00e9s - RBC Gestion de patrimoine<\/title>\n<meta name=\"robots\" content=\"index, follow, max-snippet:-1, max-image-preview:large, max-video-preview:-1\" \/>\n<link rel=\"canonical\" href=\"https:\/\/www.rbcwealthmanagement.com\/fr-ca\/community\/older-canadians\" \/>\n<meta property=\"og:locale\" content=\"fr_CA\" \/>\n<meta property=\"og:type\" content=\"article\" \/>\n<meta property=\"og:title\" content=\"Canadiens \u00e2g\u00e9s\" \/>\n<meta property=\"og:url\" content=\"https:\/\/www.rbcwealthmanagement.com\/fr-ca\/community\/older-canadians\" \/>\n<meta property=\"og:site_name\" content=\"RBC Gestion de patrimoine\" \/>\n<meta property=\"article:modified_time\" content=\"2025-11-07T16:06:02+00:00\" \/>\n<meta property=\"og:image\" content=\"https:\/\/www.rbcwealthmanagement.com\/fr-ca\/wp-content\/uploads\/sites\/6\/2023\/02\/share-logo-1200x630-1.png\" \/>\n\t<meta property=\"og:image:width\" content=\"1200\" \/>\n\t<meta property=\"og:image:height\" content=\"630\" \/>\n\t<meta property=\"og:image:type\" content=\"image\/png\" \/>\n<meta name=\"twitter:card\" content=\"summary_large_image\" \/>\n<meta name=\"twitter:label1\" content=\"Est. reading time\" \/>\n\t<meta name=\"twitter:data1\" content=\"1 minute\" \/>\n<script type=\"application\/ld+json\" class=\"yoast-schema-graph\">{\"@context\":\"https:\/\/schema.org\",\"@graph\":[{\"@type\":\"WebPage\",\"@id\":\"https:\/\/www.rbcwealthmanagement.com\/fr-ca\/community\/older-canadians\",\"url\":\"https:\/\/www.rbcwealthmanagement.com\/fr-ca\/community\/older-canadians\",\"name\":\"Canadiens \u00e2g\u00e9s - RBC Gestion de patrimoine\",\"isPartOf\":{\"@id\":\"https:\/\/www.rbcwealthmanagement.com\/fr-ca\/#website\"},\"datePublished\":\"2023-04-11T17:33:49+00:00\",\"dateModified\":\"2025-11-07T16:06:02+00:00\",\"breadcrumb\":{\"@id\":\"https:\/\/www.rbcwealthmanagement.com\/fr-ca\/community\/older-canadians#breadcrumb\"},\"inLanguage\":\"fr-CA\",\"potentialAction\":[{\"@type\":\"ReadAction\",\"target\":[\"https:\/\/www.rbcwealthmanagement.com\/fr-ca\/community\/older-canadians\"]}]},{\"@type\":\"BreadcrumbList\",\"@id\":\"https:\/\/www.rbcwealthmanagement.com\/fr-ca\/community\/older-canadians#breadcrumb\",\"itemListElement\":[{\"@type\":\"ListItem\",\"position\":1,\"name\":\"Home\",\"item\":\"https:\/\/www.rbcwealthmanagement.com\/fr-ca\/\"},{\"@type\":\"ListItem\",\"position\":2,\"name\":\"\u00c0 propos de nous\",\"item\":\"https:\/\/www.rbcwealthmanagement.com\/fr-ca\/about\"},{\"@type\":\"ListItem\",\"position\":3,\"name\":\"Pr\u00e9sence communautaire\",\"item\":\"https:\/\/www.rbcwealthmanagement.com\/fr-ca\/about\/community\"},{\"@type\":\"ListItem\",\"position\":4,\"name\":\"Canadiens \u00e2g\u00e9s\"}]},{\"@type\":\"WebSite\",\"@id\":\"https:\/\/www.rbcwealthmanagement.com\/fr-ca\/#website\",\"url\":\"https:\/\/www.rbcwealthmanagement.com\/fr-ca\/\",\"name\":\"RBC Gestion de patrimoine\",\"description\":\"\",\"publisher\":{\"@id\":\"https:\/\/www.rbcwealthmanagement.com\/fr-ca\/#organization\"},\"potentialAction\":[{\"@type\":\"SearchAction\",\"target\":{\"@type\":\"EntryPoint\",\"urlTemplate\":\"https:\/\/www.rbcwealthmanagement.com\/fr-ca\/?s={search_term_string}\"},\"query-input\":{\"@type\":\"PropertyValueSpecification\",\"valueRequired\":true,\"valueName\":\"search_term_string\"}}],\"inLanguage\":\"fr-CA\"},{\"@type\":\"Organization\",\"@id\":\"https:\/\/www.rbcwealthmanagement.com\/fr-ca\/#organization\",\"name\":\"RBC Gestion de Patrimoine\",\"alternateName\":\"RBC Gestion de Patrimoine\",\"url\":\"https:\/\/www.rbcwealthmanagement.com\/fr-ca\/\",\"logo\":{\"@type\":\"ImageObject\",\"inLanguage\":\"fr-CA\",\"@id\":\"https:\/\/www.rbcwealthmanagement.com\/fr-ca\/#\/schema\/logo\/image\/\",\"url\":\"https:\/\/www.rbcwealthmanagement.com\/fr-ca\/wp-content\/uploads\/sites\/6\/2023\/02\/rbc.png\",\"contentUrl\":\"https:\/\/www.rbcwealthmanagement.com\/fr-ca\/wp-content\/uploads\/sites\/6\/2023\/02\/rbc.png\",\"width\":3000,\"height\":2000,\"caption\":\"RBC Gestion de Patrimoine\"},\"image\":{\"@id\":\"https:\/\/www.rbcwealthmanagement.com\/fr-ca\/#\/schema\/logo\/image\/\"}}]}<\/script>\n<!-- \/ Yoast SEO Premium plugin. -->","yoast_head_json":{"title":"Canadiens \u00e2g\u00e9s - RBC Gestion de patrimoine","robots":{"index":"index","follow":"follow","max-snippet":"max-snippet:-1","max-image-preview":"max-image-preview:large","max-video-preview":"max-video-preview:-1"},"canonical":"https:\/\/www.rbcwealthmanagement.com\/fr-ca\/community\/older-canadians","og_locale":"fr_CA","og_type":"article","og_title":"Canadiens \u00e2g\u00e9s","og_url":"https:\/\/www.rbcwealthmanagement.com\/fr-ca\/community\/older-canadians","og_site_name":"RBC Gestion de patrimoine","article_modified_time":"2025-11-07T16:06:02+00:00","og_image":[{"width":1200,"height":630,"url":"https:\/\/www.rbcwealthmanagement.com\/fr-ca\/wp-content\/uploads\/sites\/6\/2023\/02\/share-logo-1200x630-1.png","type":"image\/png"}],"twitter_card":"summary_large_image","twitter_misc":{"Est. reading time":"1 minute"},"schema":{"@context":"https:\/\/schema.org","@graph":[{"@type":"WebPage","@id":"https:\/\/www.rbcwealthmanagement.com\/fr-ca\/community\/older-canadians","url":"https:\/\/www.rbcwealthmanagement.com\/fr-ca\/community\/older-canadians","name":"Canadiens \u00e2g\u00e9s - RBC Gestion de patrimoine","isPartOf":{"@id":"https:\/\/www.rbcwealthmanagement.com\/fr-ca\/#website"},"datePublished":"2023-04-11T17:33:49+00:00","dateModified":"2025-11-07T16:06:02+00:00","breadcrumb":{"@id":"https:\/\/www.rbcwealthmanagement.com\/fr-ca\/community\/older-canadians#breadcrumb"},"inLanguage":"fr-CA","potentialAction":[{"@type":"ReadAction","target":["https:\/\/www.rbcwealthmanagement.com\/fr-ca\/community\/older-canadians"]}]},{"@type":"BreadcrumbList","@id":"https:\/\/www.rbcwealthmanagement.com\/fr-ca\/community\/older-canadians#breadcrumb","itemListElement":[{"@type":"ListItem","position":1,"name":"Home","item":"https:\/\/www.rbcwealthmanagement.com\/fr-ca\/"},{"@type":"ListItem","position":2,"name":"\u00c0 propos de nous","item":"https:\/\/www.rbcwealthmanagement.com\/fr-ca\/about"},{"@type":"ListItem","position":3,"name":"Pr\u00e9sence communautaire","item":"https:\/\/www.rbcwealthmanagement.com\/fr-ca\/about\/community"},{"@type":"ListItem","position":4,"name":"Canadiens \u00e2g\u00e9s"}]},{"@type":"WebSite","@id":"https:\/\/www.rbcwealthmanagement.com\/fr-ca\/#website","url":"https:\/\/www.rbcwealthmanagement.com\/fr-ca\/","name":"RBC Gestion de patrimoine","description":"","publisher":{"@id":"https:\/\/www.rbcwealthmanagement.com\/fr-ca\/#organization"},"potentialAction":[{"@type":"SearchAction","target":{"@type":"EntryPoint","urlTemplate":"https:\/\/www.rbcwealthmanagement.com\/fr-ca\/?s={search_term_string}"},"query-input":{"@type":"PropertyValueSpecification","valueRequired":true,"valueName":"search_term_string"}}],"inLanguage":"fr-CA"},{"@type":"Organization","@id":"https:\/\/www.rbcwealthmanagement.com\/fr-ca\/#organization","name":"RBC Gestion de Patrimoine","alternateName":"RBC Gestion de Patrimoine","url":"https:\/\/www.rbcwealthmanagement.com\/fr-ca\/","logo":{"@type":"ImageObject","inLanguage":"fr-CA","@id":"https:\/\/www.rbcwealthmanagement.com\/fr-ca\/#\/schema\/logo\/image\/","url":"https:\/\/www.rbcwealthmanagement.com\/fr-ca\/wp-content\/uploads\/sites\/6\/2023\/02\/rbc.png","contentUrl":"https:\/\/www.rbcwealthmanagement.com\/fr-ca\/wp-content\/uploads\/sites\/6\/2023\/02\/rbc.png","width":3000,"height":2000,"caption":"RBC Gestion de Patrimoine"},"image":{"@id":"https:\/\/www.rbcwealthmanagement.com\/fr-ca\/#\/schema\/logo\/image\/"}}]}},"jetpack_sharing_enabled":true,"publishpress_future_action":{"enabled":false,"date":"2026-04-15 21:08:26","action":"change-status","newStatus":"draft","terms":[],"taxonomy":"rbcwm_content_owner","extraData":[]},"publishpress_future_workflow_manual_trigger":{"enabledWorkflows":[]},"distributor_meta":false,"distributor_terms":false,"distributor_media":false,"distributor_original_site_name":"RBC Gestion de patrimoine","distributor_original_site_url":"https:\/\/www.rbcwealthmanagement.com\/fr-ca","push-errors":false,"last_revision_date":"2025-11-07 11:06:00","_links":{"self":[{"href":"https:\/\/www.rbcwealthmanagement.com\/fr-ca\/wp-json\/wp\/v2\/pages\/463","targetHints":{"allow":["GET"]}}],"collection":[{"href":"https:\/\/www.rbcwealthmanagement.com\/fr-ca\/wp-json\/wp\/v2\/pages"}],"about":[{"href":"https:\/\/www.rbcwealthmanagement.com\/fr-ca\/wp-json\/wp\/v2\/types\/page"}],"author":[{"embeddable":true,"href":"https:\/\/www.rbcwealthmanagement.com\/fr-ca\/wp-json\/wp\/v2\/users\/4"}],"replies":[{"embeddable":true,"href":"https:\/\/www.rbcwealthmanagement.com\/fr-ca\/wp-json\/wp\/v2\/comments?post=463"}],"version-history":[{"count":9,"href":"https:\/\/www.rbcwealthmanagement.com\/fr-ca\/wp-json\/wp\/v2\/pages\/463\/revisions"}],"predecessor-version":[{"id":27562,"href":"https:\/\/www.rbcwealthmanagement.com\/fr-ca\/wp-json\/wp\/v2\/pages\/463\/revisions\/27562"}],"up":[{"embeddable":true,"href":"https:\/\/www.rbcwealthmanagement.com\/fr-ca\/wp-json\/wp\/v2\/pages\/58"}],"wp:attachment":[{"href":"https:\/\/www.rbcwealthmanagement.com\/fr-ca\/wp-json\/wp\/v2\/media?parent=463"}],"wp:term":[{"taxonomy":"rbcwm_content_owner","embeddable":true,"href":"https:\/\/www.rbcwealthmanagement.com\/fr-ca\/wp-json\/wp\/v2\/rbcwm_content_owner?post=463"}],"curies":[{"name":"wp","href":"https:\/\/api.w.org\/{rel}","templated":true}]}}