{"id":466,"date":"2023-04-11T13:41:40","date_gmt":"2023-04-11T17:41:40","guid":{"rendered":"https:\/\/www.rbcwealthmanagement.com\/fr-ca\/?page_id=466"},"modified":"2025-11-07T11:07:32","modified_gmt":"2025-11-07T16:07:32","slug":"economic-female-empowerment","status":"publish","type":"page","link":"https:\/\/www.rbcwealthmanagement.com\/fr-ca\/community\/economic-female-empowerment","title":{"rendered":"Autonomie financiere des femmes"},"content":{"rendered":"\n<div class=\"wp-block-rbcwm-hero-block rbc-hero-wm  rbc-hero-overlap rbc-hero-overlap-mobile rbc-hero-4c30v0ki1 hide-mobile-energy-lines\"><style>\n\t\t.rbc-hero-4c30v0ki1.is-style-rbc-hero-gradient::before {\n\t\t\tbackground: linear-gradient(90deg, #023169 20%, rgba(94, 120, 131, 0) 60%);\n\t\t}\n\n\t\t.rbc-hero-4c30v0ki1.is-style-rbc-hero-gradient.rbc-hero-has-image-bleed::before {\n\t\t\tbackground: linear-gradient(90deg, #023169 20%, rgba(94, 120, 131, 0) 60%);\n\t\t}\n\n\t\t.rbc-hero-4c30v0ki1.is-style-rbc-hero-gradient.rbc-hero-has-image-bottom::before {\n\t\t\tbackground: linear-gradient(180deg, #023169 20%, rgba(94, 120, 131, 0) 60%);\n\t\t}\n\n\t\t.rbc-hero-4c30v0ki1 .rbc-hero-energy-lines.rbc-hero-energy-lines-left {\n\t\t\ttransform: scaleX(-1);\n\t\t}\n\n\t\t@media (max-width: 991px) {\n\t\t\t.rbc-hero-4c30v0ki1.is-style-rbc-hero-gradient::before,\n\t\t\t.rbc-hero-4c30v0ki1.is-style-rbc-hero-gradient.rbc-hero-has-image-bottom::before,\n\t\t\t.rbc-hero-4c30v0ki1.is-style-rbc-hero-gradient.rbc-hero-has-image-bleed::before {\n\t\t\t\tbackground: none;\n\t\t\t}\n\n\t\t\t.rbc-hero-4c30v0ki1.rbc-hero-has-image-full.hide-mobile-energy-lines .rbc-hero-energy-lines {\n\t\t\t\tdisplay: none;\n\t\t\t}\n\n\t\t\t.wp-block-rbcwm-hero-block.rbc-hero-4c30v0ki1.is-style-rbc-hero-gradient .rbc-hero-img-wrap::after {\n\t\t\t\tbackground: linear-gradient( 0deg, #023169 0%, rgba(94, 120, 131, 0) 25% );\n\t\t\t}\n\t\t\t\n\t\t\t.wp-block-rbcwm-hero-block.rbc-hero-4c30v0ki1.is-style-rbc-hero-gradient.rbc-hero-has-image-bottom .rbc-hero-img-wrap::before,\n            .wp-block-rbcwm-hero-block.rbc-hero-4c30v0ki1.is-style-rbc-hero-gradient.rbc-hero-has-image-bottom .container .rbc-hero-img-wrap::before {\n\t\t\t\tbackground: linear-gradient( 180deg, #023169 0%, rgba( 94, 120, 131, 0 ) 25% );\n\t\t\t}\n\t\t\t\n\t\t\t.wp-block-rbcwm-hero-block.rbc-hero-4c30v0ki1.is-style-rbc-hero-gradient .rbc-hero-card {\n\t\t\t\tbackground: #023169;\n\t\t\t}\n\t\t}\n\t<\/style><div class=\"container\"><div class=\"row no-gutters\"><div class=\"col-lg-12 rbc-hero-card-content\"><div class=\"rbc-card rbc-hero-card rbc-hero has-content\"><div class=\"rbc-card-wrap\"><div class=\"rbc-card-body\"><div class=\"rbc-hero-body-content\"><h1 class=\"rbc-hero-title\"><span>C\u00e9l\u00e9brer chaque \u00e9chelon de r\u00e9ussite<\/span><\/h1><span class=\"rbc-hero-category\"><span>Autonomie financiere des femmes<\/span><\/span><div class=\"rbc-hero-breadcrumb link-chev-left\"><div class=\"rbc-icon mr-half\"><i aria-hidden=\"true\" role=\"img\" class=\"rbc-icon-img fal fa-angle-left\" style=\"color:#006ac3\"><\/i><\/div><span style=\"color:#006ac3\"><a href=\"https:\/\/www.rbcwealthmanagement.com\/fr-ca\/about\/community\" data-type=\"URL\" data-id=\"https:\/\/www.rbcwealthmanagement.com\/fr-ca\/about\/community\">Pr\u00e9sence communautaire<\/a><\/span><\/div><hr class=\"rbc-hero-hr hr-mini bdr-accent\"\/>\n<p>Nous encourageons et c\u00e9l\u00e9brons les ambitions sociales, culturelles et \u00e9conomiques des femmes afin d\u2019acc\u00e9l\u00e9rer leur avancement et renforcer nos collectivit\u00e9s locales.<\/p>\n<\/div><\/div><\/div><\/div><\/div><div class=\"rbc-hero-img-wrap col-lg-5 order-2 order-lg-1\"><\/div><\/div><\/div><\/div>\n\n\n\t\t\t<section style=\"\" class=\"rbc-block rbc-block-image rbc-block-flush rbc-block-image-bleed rbc-block-image-mobile-top has-background has-primary-background-color b-primary\">\n  \t\t\t<div class=\"container rbc-block-image-container\">\n    \t\t\t<div class=\"row justify-content-between h-100 no-gutters\">\n\t\t\t\t\t\t\t\t\t\t\t\t\t<div class=\"rbc-block-image-content col-lg-6 order-2 order-lg-1 rbc-block-image-content-center\">\n        \t\t\t\t<div class=\"rbc-block-image-bleed-body wrap\">\n          \t\t\t\t<div class=\"rbc-media-card-col ani-faded-up-small\">\n            \t\t\t\t<div class=\"rbc-card rbc-media-card rbc-media-card-stacked-vertical rbc-media-card-transparent\">\n              \t\t\t\t<div draggable=\"false\" class=\"rbc-card-wrap\">\n                \t\t\t\t<div class=\"rbc-card-body rbc-card-flush\">\n\t\t\t\t\t\t\t\t\t\t\t\t\t<h2 class=\"rbc-media-card-title rbc-media-card-title-wrap h3\"><span class=\"rbc-media-card-title-link\"><span>Aider les femmes \u00e0 atteindre leurs objectifs<\/span><\/span><\/h2>\t\t\t\t\t\t\t\t\t\t\t\t\t\t\t\t\t\t\t\t\t\t\t\t\t\t\t<span class=\"category rbc-media-card-category\">\n\t\t\t\t\t\t\t\t\t\t\t\t\t\t\tFemmes et sant\u00e9\t\t\t\t\t\t\t\t\t\t\t\t\t\t<\/span>\n\t\t\t\t\t\t\t\t\t\t\t\t\t\t                  \t\t\t\t<p class=\"rbc-media-card-text\"><p>La Journ\u00e9e internationale de la femme constitue une occasion de souligner les r\u00e9alisations des femmes et de les encourager \u00e0 envisager l\u2019avenir avec optimisme. Voyez comment nous avons c\u00e9l\u00e9br\u00e9 cette journ\u00e9e d\u2019un oc\u00e9an \u00e0 l\u2019autre.<\/p>\n<\/p>\n                  \t\t\t\t<a href=\"https:\/\/www.rbcwealthmanagement.com\/fr-ca\/community\/insights\/aider-les-femmes-a-atteindre-leurs-objectifs\" class=\"rbc-media-card-footer-link align-self-end link-chev\">\n\t\t\t\t\t\t\t\t\t\t\t\t\t\t<span class=\"rbc-media-card-cta-link\">\n\t\t\t\t\t\t\t\t\t\t\t\t\t\t\t6 minutes de lecture\t\t\t\t\t\t\t\t\t\t\t\t\t\t\t<span class=\"sr-only\"> &#8211; <\/span>\n\t\t\t\t\t\t\t\t\t\t\t\t\t\t<\/span>\n                  \t\t\t\t<\/a>\n                \t\t\t\t<\/div>\n             \t\t\t\t\t<\/div>\n            \t\t\t\t<\/div>\n          \t\t\t\t<\/div>\n        \t\t\t\t<\/div>\n      \t\t\t\t<\/div>\n\t\t\t\t\t\t\t<div class=\"col-lg-5 order-0 rbc-block-image-bleed-col order-lg-2 order-0\">\n\t\t\t\t\t\t\t\t<div class=\"rbc-block-image-bleed-img-wrap\" style=\"height: 100%;\">\n\t\t\t\t\t\t\t\t\t\t\t\t\t\t\t\t\t\t\t<div class=\"rbc-block-image-img rbc-block-image-bleed-img bleed-img-right rbc-hero-img-desktop- rbc-hero-img-mobile-\" style=\"opacity: 1; background-image: url('https:\/\/www.rbcwealthmanagement.com\/fr-ca\/wp-content\/uploads\/sites\/6\/2023\/04\/group-of-women-accepting-large-cheque-in-page.jpg?w=778');\"><\/div>\n\t\t\t\t\t\t\t\t\t\t\t\t\t\t\t\t\t\t<\/div>\n\t\t\t\t\t\t\t<\/div>\n\t\t\t\t\t\t\t\t\t\t\t\t<\/div>\n\t\t\t\t<\/div>\n\t\t\t<\/section>\n\t\t\t\n\n\n<section class=\"wp-block-rbcwm-rbc-block rbc-block rbc-block-grey has-block-grey-background-color has-background\"><div class=\"container\"><div class=\"row \"><div class=\"col-lg-12\">\t\t<div class=\"wp-block-rbcwm-latest-posts\" id=\"wp-block-rbcwm-latest-posts__3e56ebb0-c861-48fb-b0c3-d3f5b2f6209f\" data-use-session=\"false\" data-session-channel-slug=\"\" data-caller-page-id=\"0\">\n\t\t\t\t\t<div class=\"row\">\n\t\t\t\t\n\t\t\t\t\n\t\t\t\t\n\t\t\t<\/div>\n\n\t\t\t\t\t\t\t\n\t\t\t<div id=\"rbc-latest-posts-container\" class=\"rbc-latest-posts-container \" style=\"\" data-post_type=\"rbcwm_community\">\n\t\t\t\t<div class=\"row\">\n\t\t\t\t\t\t\t\t\n<div class=\"rbc-media-card-col rbc-card-col-my col-lg-4 col-md-6\">\n\t<div class=\"rbc-card rbc-media-card rbc-card-hover rbc-media-card-stacked-vertical\">\n\t\t<div draggable=\"false\" class=\"rbc-card-wrap\">\n\t\t\t<div class=\"rbc-card-body rbc-hero-img-background-position\">\n\t\t\t\t\t\t\t\t<div class=\"rbc-media-card-image\" style=\"background-image: url('https:\/\/www.rbcwealthmanagement.com\/fr-ca\/wp-content\/uploads\/sites\/6\/2023\/04\/group-of-women-accepting-large-cheque-in-page.jpg?w=778')\"><\/div>\n\t\t\t\t\t\t\t<h3 class=\"rbc-media-card-title rbc-media-card-title-wrap\"><span class=\"rbc-media-card-title-link\"><span>Aider les femmes \u00e0 atteindre leurs objectifs<\/span><\/span><\/h3>\t\t\t\t<span class=\"category rbc-media-card-category\">\n\t\t\t\t\tFemmes et sant\u00e9\t\t\t\t<\/span>\n\t\t\t\t\t\t\t\t\t<p class=\"rbc-media-card-text\"><p>La Journ\u00e9e internationale de la femme constitue une occasion de souligner les r\u00e9alisations des femmes et de les encourager \u00e0 envisager l\u2019avenir avec optimisme. Voyez comment nous avons c\u00e9l\u00e9br\u00e9 cette journ\u00e9e d\u2019un oc\u00e9an \u00e0 l\u2019autre.<\/p>\n<\/p>\n\t\t\t\t\t\t\t\t\t\t<a href=\"https:\/\/www.rbcwealthmanagement.com\/fr-ca\/community\/insights\/aider-les-femmes-a-atteindre-leurs-objectifs\" class=\"rbc-media-card-footer-link align-self-end link-chev rbc-card-link-full\">\n\t\t\t\t\t\t<span class=\"rbc-media-card-cta-link\">\n\t\t\t\t\t\t\t6 minutes de lecture\t\t\t\t\t\t\t<div class=\"rbc-icon\">\n\t\t\t\t\t\t\t\t<i aria-hidden=\"true\" role=\"img\" class=\"rbc-icon-img fal fa-angle-right\"><\/i>\n\t\t\t\t\t\t\t<\/div>\n\t\t\t\t\t\t\t<span class=\"sr-only\">&#8211; Aider les femmes \u00e0 atteindre leurs objectifs<\/span>\n\t\t\t\t\t\t<\/span>\n\t\t\t\t\t<\/a>\n\t\t\t\t\t\t\t<\/div>\n\t\t<\/div>\n\t<\/div>\n<\/div>\n\n<div class=\"rbc-media-card-col rbc-card-col-my col-lg-4 col-md-6\">\n\t<div class=\"rbc-card rbc-media-card rbc-card-hover rbc-media-card-stacked-vertical\">\n\t\t<div draggable=\"false\" class=\"rbc-card-wrap\">\n\t\t\t<div class=\"rbc-card-body rbc-hero-img-background-position\">\n\t\t\t\t\t\t\t\t<div class=\"rbc-media-card-image\" style=\"background-image: url('https:\/\/www.rbcwealthmanagement.com\/fr-ca\/wp-content\/uploads\/sites\/6\/2023\/04\/founder-ilana-ben-ari-in-page.jpg?w=778')\"><\/div>\n\t\t\t\t\t\t\t<h3 class=\"rbc-media-card-title rbc-media-card-title-wrap\"><span class=\"rbc-media-card-title-link\"><span>Journ\u00e9e internationale des femmes : Susciter le changement dans le monde de l\u2019entreprise en misant sur la \u00ab g\u00e9n\u00e9rosit\u00e9 radicale \u00bb<\/span><\/span><\/h3>\t\t\t\t<span class=\"category rbc-media-card-category\">\n\t\t\t\t\tFemmes et sant\u00e9\t\t\t\t<\/span>\n\t\t\t\t\t\t\t\t\t<p class=\"rbc-media-card-text\"><p>Ilana Ben-Ari \u00e9tait d\u00e9termin\u00e9e \u00e0 favoriser le changement dans la soci\u00e9t\u00e9 et avait une id\u00e9e qui lui semblait pleine de promesses. Elle s\u2019est dit que le reste prendrait forme en cours de route.<\/p>\n<\/p>\n\t\t\t\t\t\t\t\t\t\t<a href=\"https:\/\/www.rbcwealthmanagement.com\/fr-ca\/community\/insights\/journee-internationale-des-femmes-susciter-le-changement-dans-le-monde-de-lentreprise-en-misant-sur-la-generosite-radicale\" class=\"rbc-media-card-footer-link align-self-end link-chev rbc-card-link-full\">\n\t\t\t\t\t\t<span class=\"rbc-media-card-cta-link\">\n\t\t\t\t\t\t\t9 minutes de lecture\t\t\t\t\t\t\t<div class=\"rbc-icon\">\n\t\t\t\t\t\t\t\t<i aria-hidden=\"true\" role=\"img\" class=\"rbc-icon-img fal fa-angle-right\"><\/i>\n\t\t\t\t\t\t\t<\/div>\n\t\t\t\t\t\t\t<span class=\"sr-only\">&#8211; Journ\u00e9e internationale des femmes : Susciter le changement dans le monde de l\u2019entreprise en misant sur la \u00ab g\u00e9n\u00e9rosit\u00e9 radicale \u00bb<\/span>\n\t\t\t\t\t\t<\/span>\n\t\t\t\t\t<\/a>\n\t\t\t\t\t\t\t<\/div>\n\t\t<\/div>\n\t<\/div>\n<\/div>\n\n<div class=\"rbc-media-card-col rbc-card-col-my col-lg-4 col-md-6\">\n\t<div class=\"rbc-card rbc-media-card rbc-card-hover rbc-media-card-stacked-vertical\">\n\t\t<div draggable=\"false\" class=\"rbc-card-wrap\">\n\t\t\t<div class=\"rbc-card-body rbc-hero-img-background-position\">\n\t\t\t\t\t\t\t\t<div class=\"rbc-media-card-image\" style=\"background-image: url('https:\/\/www.rbcwealthmanagement.com\/fr-ca\/wp-content\/uploads\/sites\/6\/2023\/04\/vicki-saunders-in-page.jpg?w=778')\"><\/div>\n\t\t\t\t\t\t\t<h3 class=\"rbc-media-card-title rbc-media-card-title-wrap\"><span class=\"rbc-media-card-title-link\"><span>SheEO opte pour la g\u00e9n\u00e9rosit\u00e9 radicale \u00e0 l\u2019\u00e9gard des entrepreneures<\/span><\/span><\/h3>\t\t\t\t<span class=\"category rbc-media-card-category\">\n\t\t\t\t\tFemmes et sant\u00e9\t\t\t\t<\/span>\n\t\t\t\t\t\t\t\t\t<p class=\"rbc-media-card-text\"><p>SheEO, un organisme sans but lucratif de Toronto, offre du financement \u00e0 des entrepreneures en s\u2019appuyant sur un mod\u00e8le d\u2019affaires comportant un \u00e9l\u00e9ment de financement participatif.<\/p>\n<\/p>\n\t\t\t\t\t\t\t\t\t\t<a href=\"https:\/\/www.rbcwealthmanagement.com\/fr-ca\/community\/insights\/sheeo-opte-pour-la-generosite-radicale-a-legard-des-entrepreneures\" class=\"rbc-media-card-footer-link align-self-end link-chev rbc-card-link-full\">\n\t\t\t\t\t\t<span class=\"rbc-media-card-cta-link\">\n\t\t\t\t\t\t\t6 minutes de lecture\t\t\t\t\t\t\t<div class=\"rbc-icon\">\n\t\t\t\t\t\t\t\t<i aria-hidden=\"true\" role=\"img\" class=\"rbc-icon-img fal fa-angle-right\"><\/i>\n\t\t\t\t\t\t\t<\/div>\n\t\t\t\t\t\t\t<span class=\"sr-only\">&#8211; SheEO opte pour la g\u00e9n\u00e9rosit\u00e9 radicale \u00e0 l\u2019\u00e9gard des entrepreneures<\/span>\n\t\t\t\t\t\t<\/span>\n\t\t\t\t\t<\/a>\n\t\t\t\t\t\t\t<\/div>\n\t\t<\/div>\n\t<\/div>\n<\/div>\n\n<div class=\"rbc-media-card-col rbc-card-col-my col-lg-4 col-md-6\">\n\t<div class=\"rbc-card rbc-media-card rbc-card-hover rbc-media-card-stacked-vertical\">\n\t\t<div draggable=\"false\" class=\"rbc-card-wrap\">\n\t\t\t<div class=\"rbc-card-body rbc-hero-img-background-position\">\n\t\t\t\t\t\t\t\t<div class=\"rbc-media-card-image\" style=\"background-image: url('https:\/\/www.rbcwealthmanagement.com\/fr-ca\/wp-content\/uploads\/sites\/6\/2023\/04\/three-female-medical-professionals-in-page.jpg?w=778')\"><\/div>\n\t\t\t\t\t\t\t<h3 class=\"rbc-media-card-title rbc-media-card-title-wrap\"><span class=\"rbc-media-card-title-link\"><span>Journ\u00e9e internationale des femmes 2019 : Un plan d\u2019affaires pour sauver des vies<\/span><\/span><\/h3>\t\t\t\t<span class=\"category rbc-media-card-category\">\n\t\t\t\t\tFemmes et sant\u00e9\t\t\t\t<\/span>\n\t\t\t\t\t\t\t\t\t<p class=\"rbc-media-card-text\"><p>Infirmi\u00e8re autoris\u00e9e sp\u00e9cialis\u00e9e en soins intensifs, Jessica Oblak est tomb\u00e9e un jour par hasard sur des v\u00eatements techniques de sport comportant des nanoparticules de cuivre, qui ont des propri\u00e9t\u00e9s d\u00e9odorantes et antibact\u00e9riennes. Cette d\u00e9couverte a fait na\u00eetre en elle une id\u00e9e qui l\u2019a amen\u00e9e \u00e0 s\u2019engager dans une d\u00e9marche d\u2019entrepreneure pour contribuer \u00e0 sauver des vies.<\/p>\n<\/p>\n\t\t\t\t\t\t\t\t\t\t<a href=\"https:\/\/www.rbcwealthmanagement.com\/fr-ca\/community\/insights\/journee-internationale-des-femmes-2019-un-plan-daffaires-pour-sauver-des-vies\" class=\"rbc-media-card-footer-link align-self-end link-chev rbc-card-link-full\">\n\t\t\t\t\t\t<span class=\"rbc-media-card-cta-link\">\n\t\t\t\t\t\t\t7 minutes de lecture\t\t\t\t\t\t\t<div class=\"rbc-icon\">\n\t\t\t\t\t\t\t\t<i aria-hidden=\"true\" role=\"img\" class=\"rbc-icon-img fal fa-angle-right\"><\/i>\n\t\t\t\t\t\t\t<\/div>\n\t\t\t\t\t\t\t<span class=\"sr-only\">&#8211; Journ\u00e9e internationale des femmes 2019 : Un plan d\u2019affaires pour sauver des vies<\/span>\n\t\t\t\t\t\t<\/span>\n\t\t\t\t\t<\/a>\n\t\t\t\t\t\t\t<\/div>\n\t\t<\/div>\n\t<\/div>\n<\/div>\n\t\t\n\t\t\t\t\t\t<\/div>\n\t\t\t<\/div>\n\n\t\t\t\t\t\t\t<div class=\"row\">\n\t\t\t\t\t<div class=\"col-lg-12 rbc-latest-posts-bottom-handles\">\n\t\t\t\t\t\t<div class=\"rbc-more-posts-loader\"><\/div>\n\t\t\t\t\t\t\t<div class=\"text-center mt-2-half\">\n\t\t\t\t\t\t\t\t\t\t\t\t\t\t\t<a href=\"https:\/\/www.rbcwealthmanagement.com\/fr-ca\/community\/economic-female-empowerment?pages=2\" class=\"rbc-button rbc-button-large rbc-button-primary rbc-button-block-xs rbc-more-posts-btn\" data-topic_ids=\"[583]\">\n\t\t\t\t\t\t\t\t\tAfficher plus de sujets\t\t\t\t\t\t\t\t<\/a>\n\t\t\t\t\t\t\t\t\t\t\t\t\t\t\t\t<div class=\"rbc-display font-size-2 mt-2-half rbc-latest-posts-info\"><\/div>\n\t\t\t\t\t\t\t<\/div>\n\n\t\t\t\t\t\t<p class=\"wrap h5 header-alt rbc-no-results-text\" style=\"display: none;\">D\u00e9sol\u00e9s. Nous \u0144 avons trouv\u00e9 aucun r\u00e9sultat.<\/p>\n\t\t\t\t\t<\/div>\n\t\t\t\t<\/div>\n\t\t\t\t\t<\/div>\n\t\t<\/div><\/div><\/div><\/section>\n","protected":false},"excerpt":{"rendered":"","protected":false},"author":4,"featured_media":0,"parent":58,"menu_order":0,"comment_status":"closed","ping_status":"closed","template":"","meta":{"_acf_changed":false,"editor_notices":[],"rbc_url_alias":"community\/economic-female-empowerment","footnotes":""},"rbcwm_content_owner":[],"class_list":["post-466","page","type-page","status-publish","hentry"],"acf":[],"yoast_head":"<!-- This site is optimized with the Yoast SEO Premium plugin v24.8 (Yoast SEO v26.8) - https:\/\/yoast.com\/product\/yoast-seo-premium-wordpress\/ -->\n<title>Autonomie financiere des femmes - RBC Gestion de patrimoine<\/title>\n<meta name=\"robots\" content=\"index, follow, max-snippet:-1, max-image-preview:large, max-video-preview:-1\" \/>\n<link rel=\"canonical\" href=\"https:\/\/www.rbcwealthmanagement.com\/fr-ca\/community\/economic-female-empowerment\" \/>\n<meta property=\"og:locale\" content=\"fr_CA\" \/>\n<meta property=\"og:type\" content=\"article\" \/>\n<meta property=\"og:title\" content=\"Autonomie financiere des femmes\" \/>\n<meta property=\"og:url\" content=\"https:\/\/www.rbcwealthmanagement.com\/fr-ca\/community\/economic-female-empowerment\" \/>\n<meta property=\"og:site_name\" content=\"RBC Gestion de patrimoine\" \/>\n<meta property=\"article:modified_time\" content=\"2025-11-07T16:07:32+00:00\" \/>\n<meta property=\"og:image\" content=\"https:\/\/www.rbcwealthmanagement.com\/fr-ca\/wp-content\/uploads\/sites\/6\/2023\/02\/share-logo-1200x630-1.png\" \/>\n\t<meta property=\"og:image:width\" content=\"1200\" \/>\n\t<meta property=\"og:image:height\" content=\"630\" \/>\n\t<meta property=\"og:image:type\" content=\"image\/png\" \/>\n<meta name=\"twitter:card\" content=\"summary_large_image\" \/>\n<meta name=\"twitter:label1\" content=\"Est. reading time\" \/>\n\t<meta name=\"twitter:data1\" content=\"1 minute\" \/>\n<script type=\"application\/ld+json\" class=\"yoast-schema-graph\">{\"@context\":\"https:\/\/schema.org\",\"@graph\":[{\"@type\":\"WebPage\",\"@id\":\"https:\/\/www.rbcwealthmanagement.com\/fr-ca\/community\/economic-female-empowerment\",\"url\":\"https:\/\/www.rbcwealthmanagement.com\/fr-ca\/community\/economic-female-empowerment\",\"name\":\"Autonomie financiere des femmes - RBC Gestion de patrimoine\",\"isPartOf\":{\"@id\":\"https:\/\/www.rbcwealthmanagement.com\/fr-ca\/#website\"},\"datePublished\":\"2023-04-11T17:41:40+00:00\",\"dateModified\":\"2025-11-07T16:07:32+00:00\",\"breadcrumb\":{\"@id\":\"https:\/\/www.rbcwealthmanagement.com\/fr-ca\/community\/economic-female-empowerment#breadcrumb\"},\"inLanguage\":\"fr-CA\",\"potentialAction\":[{\"@type\":\"ReadAction\",\"target\":[\"https:\/\/www.rbcwealthmanagement.com\/fr-ca\/community\/economic-female-empowerment\"]}]},{\"@type\":\"BreadcrumbList\",\"@id\":\"https:\/\/www.rbcwealthmanagement.com\/fr-ca\/community\/economic-female-empowerment#breadcrumb\",\"itemListElement\":[{\"@type\":\"ListItem\",\"position\":1,\"name\":\"Home\",\"item\":\"https:\/\/www.rbcwealthmanagement.com\/fr-ca\/\"},{\"@type\":\"ListItem\",\"position\":2,\"name\":\"\u00c0 propos de nous\",\"item\":\"https:\/\/www.rbcwealthmanagement.com\/fr-ca\/about\"},{\"@type\":\"ListItem\",\"position\":3,\"name\":\"Pr\u00e9sence communautaire\",\"item\":\"https:\/\/www.rbcwealthmanagement.com\/fr-ca\/about\/community\"},{\"@type\":\"ListItem\",\"position\":4,\"name\":\"Autonomie financiere des femmes\"}]},{\"@type\":\"WebSite\",\"@id\":\"https:\/\/www.rbcwealthmanagement.com\/fr-ca\/#website\",\"url\":\"https:\/\/www.rbcwealthmanagement.com\/fr-ca\/\",\"name\":\"RBC Gestion de patrimoine\",\"description\":\"\",\"publisher\":{\"@id\":\"https:\/\/www.rbcwealthmanagement.com\/fr-ca\/#organization\"},\"potentialAction\":[{\"@type\":\"SearchAction\",\"target\":{\"@type\":\"EntryPoint\",\"urlTemplate\":\"https:\/\/www.rbcwealthmanagement.com\/fr-ca\/?s={search_term_string}\"},\"query-input\":{\"@type\":\"PropertyValueSpecification\",\"valueRequired\":true,\"valueName\":\"search_term_string\"}}],\"inLanguage\":\"fr-CA\"},{\"@type\":\"Organization\",\"@id\":\"https:\/\/www.rbcwealthmanagement.com\/fr-ca\/#organization\",\"name\":\"RBC Gestion de Patrimoine\",\"alternateName\":\"RBC Gestion de Patrimoine\",\"url\":\"https:\/\/www.rbcwealthmanagement.com\/fr-ca\/\",\"logo\":{\"@type\":\"ImageObject\",\"inLanguage\":\"fr-CA\",\"@id\":\"https:\/\/www.rbcwealthmanagement.com\/fr-ca\/#\/schema\/logo\/image\/\",\"url\":\"https:\/\/www.rbcwealthmanagement.com\/fr-ca\/wp-content\/uploads\/sites\/6\/2023\/02\/rbc.png\",\"contentUrl\":\"https:\/\/www.rbcwealthmanagement.com\/fr-ca\/wp-content\/uploads\/sites\/6\/2023\/02\/rbc.png\",\"width\":3000,\"height\":2000,\"caption\":\"RBC Gestion de Patrimoine\"},\"image\":{\"@id\":\"https:\/\/www.rbcwealthmanagement.com\/fr-ca\/#\/schema\/logo\/image\/\"}}]}<\/script>\n<!-- \/ Yoast SEO Premium plugin. -->","yoast_head_json":{"title":"Autonomie financiere des femmes - RBC Gestion de patrimoine","robots":{"index":"index","follow":"follow","max-snippet":"max-snippet:-1","max-image-preview":"max-image-preview:large","max-video-preview":"max-video-preview:-1"},"canonical":"https:\/\/www.rbcwealthmanagement.com\/fr-ca\/community\/economic-female-empowerment","og_locale":"fr_CA","og_type":"article","og_title":"Autonomie financiere des femmes","og_url":"https:\/\/www.rbcwealthmanagement.com\/fr-ca\/community\/economic-female-empowerment","og_site_name":"RBC Gestion de patrimoine","article_modified_time":"2025-11-07T16:07:32+00:00","og_image":[{"width":1200,"height":630,"url":"https:\/\/www.rbcwealthmanagement.com\/fr-ca\/wp-content\/uploads\/sites\/6\/2023\/02\/share-logo-1200x630-1.png","type":"image\/png"}],"twitter_card":"summary_large_image","twitter_misc":{"Est. reading time":"1 minute"},"schema":{"@context":"https:\/\/schema.org","@graph":[{"@type":"WebPage","@id":"https:\/\/www.rbcwealthmanagement.com\/fr-ca\/community\/economic-female-empowerment","url":"https:\/\/www.rbcwealthmanagement.com\/fr-ca\/community\/economic-female-empowerment","name":"Autonomie financiere des femmes - RBC Gestion de patrimoine","isPartOf":{"@id":"https:\/\/www.rbcwealthmanagement.com\/fr-ca\/#website"},"datePublished":"2023-04-11T17:41:40+00:00","dateModified":"2025-11-07T16:07:32+00:00","breadcrumb":{"@id":"https:\/\/www.rbcwealthmanagement.com\/fr-ca\/community\/economic-female-empowerment#breadcrumb"},"inLanguage":"fr-CA","potentialAction":[{"@type":"ReadAction","target":["https:\/\/www.rbcwealthmanagement.com\/fr-ca\/community\/economic-female-empowerment"]}]},{"@type":"BreadcrumbList","@id":"https:\/\/www.rbcwealthmanagement.com\/fr-ca\/community\/economic-female-empowerment#breadcrumb","itemListElement":[{"@type":"ListItem","position":1,"name":"Home","item":"https:\/\/www.rbcwealthmanagement.com\/fr-ca\/"},{"@type":"ListItem","position":2,"name":"\u00c0 propos de nous","item":"https:\/\/www.rbcwealthmanagement.com\/fr-ca\/about"},{"@type":"ListItem","position":3,"name":"Pr\u00e9sence communautaire","item":"https:\/\/www.rbcwealthmanagement.com\/fr-ca\/about\/community"},{"@type":"ListItem","position":4,"name":"Autonomie financiere des femmes"}]},{"@type":"WebSite","@id":"https:\/\/www.rbcwealthmanagement.com\/fr-ca\/#website","url":"https:\/\/www.rbcwealthmanagement.com\/fr-ca\/","name":"RBC Gestion de patrimoine","description":"","publisher":{"@id":"https:\/\/www.rbcwealthmanagement.com\/fr-ca\/#organization"},"potentialAction":[{"@type":"SearchAction","target":{"@type":"EntryPoint","urlTemplate":"https:\/\/www.rbcwealthmanagement.com\/fr-ca\/?s={search_term_string}"},"query-input":{"@type":"PropertyValueSpecification","valueRequired":true,"valueName":"search_term_string"}}],"inLanguage":"fr-CA"},{"@type":"Organization","@id":"https:\/\/www.rbcwealthmanagement.com\/fr-ca\/#organization","name":"RBC Gestion de Patrimoine","alternateName":"RBC Gestion de Patrimoine","url":"https:\/\/www.rbcwealthmanagement.com\/fr-ca\/","logo":{"@type":"ImageObject","inLanguage":"fr-CA","@id":"https:\/\/www.rbcwealthmanagement.com\/fr-ca\/#\/schema\/logo\/image\/","url":"https:\/\/www.rbcwealthmanagement.com\/fr-ca\/wp-content\/uploads\/sites\/6\/2023\/02\/rbc.png","contentUrl":"https:\/\/www.rbcwealthmanagement.com\/fr-ca\/wp-content\/uploads\/sites\/6\/2023\/02\/rbc.png","width":3000,"height":2000,"caption":"RBC Gestion de Patrimoine"},"image":{"@id":"https:\/\/www.rbcwealthmanagement.com\/fr-ca\/#\/schema\/logo\/image\/"}}]}},"jetpack_sharing_enabled":true,"publishpress_future_action":{"enabled":false,"date":"2026-05-06 01:43:32","action":"change-status","newStatus":"draft","terms":[],"taxonomy":"rbcwm_content_owner","extraData":[]},"publishpress_future_workflow_manual_trigger":{"enabledWorkflows":[]},"distributor_meta":false,"distributor_terms":false,"distributor_media":false,"distributor_original_site_name":"RBC Gestion de patrimoine","distributor_original_site_url":"https:\/\/www.rbcwealthmanagement.com\/fr-ca","push-errors":false,"last_revision_date":"2025-11-07 11:07:31","_links":{"self":[{"href":"https:\/\/www.rbcwealthmanagement.com\/fr-ca\/wp-json\/wp\/v2\/pages\/466","targetHints":{"allow":["GET"]}}],"collection":[{"href":"https:\/\/www.rbcwealthmanagement.com\/fr-ca\/wp-json\/wp\/v2\/pages"}],"about":[{"href":"https:\/\/www.rbcwealthmanagement.com\/fr-ca\/wp-json\/wp\/v2\/types\/page"}],"author":[{"embeddable":true,"href":"https:\/\/www.rbcwealthmanagement.com\/fr-ca\/wp-json\/wp\/v2\/users\/4"}],"replies":[{"embeddable":true,"href":"https:\/\/www.rbcwealthmanagement.com\/fr-ca\/wp-json\/wp\/v2\/comments?post=466"}],"version-history":[{"count":10,"href":"https:\/\/www.rbcwealthmanagement.com\/fr-ca\/wp-json\/wp\/v2\/pages\/466\/revisions"}],"predecessor-version":[{"id":27563,"href":"https:\/\/www.rbcwealthmanagement.com\/fr-ca\/wp-json\/wp\/v2\/pages\/466\/revisions\/27563"}],"up":[{"embeddable":true,"href":"https:\/\/www.rbcwealthmanagement.com\/fr-ca\/wp-json\/wp\/v2\/pages\/58"}],"wp:attachment":[{"href":"https:\/\/www.rbcwealthmanagement.com\/fr-ca\/wp-json\/wp\/v2\/media?parent=466"}],"wp:term":[{"taxonomy":"rbcwm_content_owner","embeddable":true,"href":"https:\/\/www.rbcwealthmanagement.com\/fr-ca\/wp-json\/wp\/v2\/rbcwm_content_owner?post=466"}],"curies":[{"name":"wp","href":"https:\/\/api.w.org\/{rel}","templated":true}]}}