{"id":58,"date":"2023-02-13T16:15:52","date_gmt":"2023-02-13T16:15:52","guid":{"rendered":"https:\/\/www.rbcwealthmanagement.com\/fr-ca\/?page_id=58"},"modified":"2023-11-01T10:46:14","modified_gmt":"2023-11-01T14:46:14","slug":"community","status":"publish","type":"page","link":"https:\/\/www.rbcwealthmanagement.com\/fr-ca\/about\/community","title":{"rendered":"Pr\u00e9sence communautaire"},"content":{"rendered":"\n<div class=\"wp-block-rbcwm-hero-block rbc-hero-wm  rbc-hero-overlap rbc-hero-overlap-mobile\"><div class=\"container\"><div class=\"row no-gutters\"><div class=\"col-lg-12\"><div class=\"rbc-card rbc-hero-card rbc-hero\"><div class=\"rbc-card-wrap\"><div class=\"rbc-card-body\"><div class=\"rbc-hero-body-content\"><h1 class=\"rbc-hero-title\"><span>Faire une diff\u00e9rence dans les collectivit\u00e9s o\u00f9 nous vivons et travaillons<\/span><\/h1><span class=\"rbc-hero-category\"><span>Pr\u00e9sence communautaire<\/span><\/span><hr class=\"rbc-hero-hr hr-mini bdr-accent\" \/>\n<p class=\"rbc-hero-subtitle\">\u00c0 RBC Gestion de patrimoine, nous sommes d\u2019avis que la notion du patrimoine ne se limite pas aux finances.<\/p>\n\n\n\n<p>Il faut aussi tenir compte du bien-\u00eatre et de la prosp\u00e9rit\u00e9 des collectivit\u00e9s dans lesquelles nous vivons et travaillons. La diversit\u00e9 et l\u2019inclusion figurent au premier rang de nos priorit\u00e9s et nous cherchons des occasions de transmettre notre expertise en mati\u00e8re de litt\u00e9ratie financi\u00e8re. Collectivement, nous mettons \u00e0 profit notre temps, notre talent et nos ressources afin d\u2019avoir un impact positif dans des domaines pr\u00e9cis et inspirer de bons changements.<\/p>\n<\/div><\/div><\/div><\/div><\/div><\/div><\/div><\/div>\n\n\n\n<section class=\"wp-block-rbcwm-rbc-block rbc-block rbc-block-grey has-block-grey-background-color has-background\"><div class=\"container\"><div class=\"row \"><div class=\"col-lg-12\">\n<div class=\"row wp-block-tk-community-pillars\">\n<div class=\"rbc-media-card-col rbc-card-col-my col-lg-4 col-md-6\"><div class=\"rbc-card rbc-media-card rbc-card-hover rbc-media-card-stacked-vertical\"><div draggable=\"false\" class=\"rbc-card-wrap\"><div class=\"rbc-card-body\"><div class=\"rbc-media-card-image\" style=\"background-image:url(https:\/\/www.rbcwealthmanagement.com\/fr-ca\/wp-content\/uploads\/sites\/6\/2023\/04\/two-male-students-building-robot-in-class.jpg)\" aria-label=\"Image for community pillar details\"><\/div><h2 class=\"rbc-media-card-title rbc-media-card-title-wrap h4\"><a href=\"https:\/\/www.rbcwealthmanagement.com\/fr-ca\/community\/youth-mental-health-and-prosperity\" class=\"rbc-media-card-title-link link-chev rbc-card-link-full\" aria-label=\"Link to community pillar details\"><span>Sant\u00e9 mentale et prosp\u00e9rit\u00e9 des jeunes<\/span><div class=\"rbc-icon\"><i aria-hidden=\"true\" class=\"rbc-icon-img fal fa-angle-right\"><\/i><\/div><\/a><\/h2><p class=\"rbc-media-card-text\">La r\u00e9ussite des jeunes Canadiens nous importe tous. Nous investissons dans des initiatives et des programmes de sant\u00e9 mentale qui favorisent le perfectionnement des aptitudes et le d\u00e9veloppement de carri\u00e8re des jeunes pour les aider \u00e0 fa\u00e7onner leur avenir.<\/p><\/div><\/div><\/div><\/div>\n\n\n\n<div class=\"rbc-media-card-col rbc-card-col-my col-lg-4 col-md-6\"><div class=\"rbc-card rbc-media-card rbc-card-hover rbc-media-card-stacked-vertical\"><div draggable=\"false\" class=\"rbc-card-wrap\"><div class=\"rbc-card-body\"><div class=\"rbc-media-card-image\" style=\"background-image:url(https:\/\/www.rbcwealthmanagement.com\/fr-ca\/wp-content\/uploads\/sites\/6\/2023\/04\/two-women-kayaking-with-mountain-view.jpg)\" aria-label=\"Image for community pillar details\"><\/div><h2 class=\"rbc-media-card-title rbc-media-card-title-wrap h4\"><a href=\"https:\/\/www.rbcwealthmanagement.com\/fr-ca\/community\/environment\" class=\"rbc-media-card-title-link link-chev rbc-card-link-full\" aria-label=\"Link to community pillar details\"><span>Environnement<\/span><div class=\"rbc-icon\"><i aria-hidden=\"true\" class=\"rbc-icon-img fal fa-angle-right\"><\/i><\/div><\/a><\/h2><p class=\"rbc-media-card-text\">Le changement climatique touche toutes les collectivit\u00e9s. Nous sommes d\u00e9termin\u00e9s \u00e0 investir dans des programmes, des initiatives et dans la croissance \u00e9conomique durables.<\/p><\/div><\/div><\/div><\/div>\n\n\n\n<div class=\"rbc-media-card-col rbc-card-col-my col-lg-4 col-md-6\"><div class=\"rbc-card rbc-media-card rbc-card-hover rbc-media-card-stacked-vertical\"><div draggable=\"false\" class=\"rbc-card-wrap\"><div class=\"rbc-card-body\"><div class=\"rbc-media-card-image\" style=\"background-image:url(https:\/\/www.rbcwealthmanagement.com\/fr-ca\/wp-content\/uploads\/sites\/6\/2023\/04\/senior-man-hiking-along-coastline.jpg)\" aria-label=\"Image for community pillar details\"><\/div><h2 class=\"rbc-media-card-title rbc-media-card-title-wrap h4\"><a href=\"https:\/\/www.rbcwealthmanagement.com\/fr-ca\/community\/older-canadians\" class=\"rbc-media-card-title-link link-chev rbc-card-link-full\" aria-label=\"Link to community pillar details\"><span>Canadiens \u00e2g\u00e9s<\/span><div class=\"rbc-icon\"><i aria-hidden=\"true\" class=\"rbc-icon-img fal fa-angle-right\"><\/i><\/div><\/a><\/h2><p class=\"rbc-media-card-text\">Chez RBC Gestion de patrimoine, nous sommes d\u00e9termin\u00e9s \u00e0 aider les Canadiens a\u00een\u00e9s \u00e0 se pr\u00e9parer pour leur retraite, \u00e0 envisager leur avenir avec confiance et \u00e0 prosp\u00e9rer.<\/p><\/div><\/div><\/div><\/div>\n\n\n\n<div class=\"rbc-media-card-col rbc-card-col-my col-lg-4 col-md-6\"><div class=\"rbc-card rbc-media-card rbc-card-hover rbc-media-card-stacked-vertical\"><div draggable=\"false\" class=\"rbc-card-wrap\"><div class=\"rbc-card-body\"><div class=\"rbc-media-card-image\" style=\"background-image:url(https:\/\/www.rbcwealthmanagement.com\/fr-ca\/wp-content\/uploads\/sites\/6\/2023\/04\/smiling-professional-woman.jpg)\" aria-label=\"Image for community pillar details\"><\/div><h2 class=\"rbc-media-card-title rbc-media-card-title-wrap h4\"><a href=\"https:\/\/www.rbcwealthmanagement.com\/fr-ca\/community\/economic-female-empowerment\" class=\"rbc-media-card-title-link link-chev rbc-card-link-full\" aria-label=\"Link to community pillar details\"><span>Autonomie financi\u00e8re des femmes<\/span><div class=\"rbc-icon\"><i aria-hidden=\"true\" class=\"rbc-icon-img fal fa-angle-right\"><\/i><\/div><\/a><\/h2><p class=\"rbc-media-card-text\">L\u2019\u00e9limination des obstacles qui limitent les femmes renforce nos collectivit\u00e9s. Nous favorisons l\u2019autonomisation, la r\u00e9alisation et la prosp\u00e9rit\u00e9 des femmes, et c\u00e9l\u00e9brons chaque \u00e9tape qu\u2019elles franchissent pour les atteindre.<\/p><\/div><\/div><\/div><\/div>\n\n\n\n<div class=\"rbc-media-card-col rbc-card-col-my col-lg-4 col-md-6\"><div class=\"rbc-card rbc-media-card rbc-card-hover rbc-media-card-stacked-vertical\"><div draggable=\"false\" class=\"rbc-card-wrap\"><div class=\"rbc-card-body\"><div class=\"rbc-media-card-image\" style=\"background-image:url(https:\/\/www.rbcwealthmanagement.com\/fr-ca\/wp-content\/uploads\/sites\/6\/2023\/04\/female-artist-painting-in-studio.jpg)\" aria-label=\"Image for community pillar details\"><\/div><h2 class=\"rbc-media-card-title rbc-media-card-title-wrap h4\"><a href=\"https:\/\/www.rbcwealthmanagement.com\/fr-ca\/community\/arts-and-culture\" class=\"rbc-media-card-title-link link-chev rbc-card-link-full\" aria-label=\"Link to community pillar details\"><span>Arts et culture<\/span><div class=\"rbc-icon\"><i aria-hidden=\"true\" class=\"rbc-icon-img fal fa-angle-right\"><\/i><\/div><\/a><\/h2><p class=\"rbc-media-card-text\">Les arts jouent un r\u00f4le important dans le dynamisme des collectivit\u00e9s et la sant\u00e9 de l\u2019\u00e9conomie. Nous favorisons la prosp\u00e9rit\u00e9 des artistes en herbe et des artistes accomplis en les soutenant.<\/p><\/div><\/div><\/div><\/div>\n\n\n\n<div class=\"rbc-media-card-col rbc-card-col-my col-lg-4 col-md-6\"><div class=\"rbc-card rbc-media-card rbc-card-hover rbc-media-card-stacked-vertical\"><div draggable=\"false\" class=\"rbc-card-wrap\"><div class=\"rbc-card-body\"><div class=\"rbc-media-card-image\" style=\"background-image:url(https:\/\/www.rbcwealthmanagement.com\/fr-ca\/wp-content\/uploads\/sites\/6\/2023\/04\/volunteers-loading-boxes.jpg)\" aria-label=\"Image for community pillar details\"><\/div><h2 class=\"rbc-media-card-title rbc-media-card-title-wrap h4\"><a href=\"https:\/\/www.rbcwealthmanagement.com\/fr-ca\/community\/healthy-prosperous-communities\" class=\"rbc-media-card-title-link link-chev rbc-card-link-full\" aria-label=\"Link to community pillar details\"><span>Collectivit\u00e9s saines et prosp\u00e8res  <\/span><div class=\"rbc-icon\"><i aria-hidden=\"true\" class=\"rbc-icon-img fal fa-angle-right\"><\/i><\/div><\/a><\/h2><p class=\"rbc-media-card-text\">Dans les collectivit\u00e9s o\u00f9 nous vivons et travaillons, nous appuyons les programmes destin\u00e9s aux personnes dans le besoin. Les offres de nourriture, d\u2019abris et d\u2019autres formes d\u2019aide font une diff\u00e9rence dans la vie des personnes les plus vuln\u00e9rables de notre collectivit\u00e9.<\/p><\/div><\/div><\/div><\/div>\n<\/div>\n<\/div><\/div><\/div><\/section>\n\n\n\n<section class=\"wp-block-rbcwm-image-block rbc-block rbc-block-image rbc-block-flush rbc-block-image-bleed rbc-block-image-mobile-top alignfull\"><div class=\"container rbc-block-image-container\"><div class=\"row justify-content-between h-100 no-gutters\">\n<div class=\"wp-block-rbcwm-block-image-content rbc-block-image-content rbc-block-image-content-center col-lg-6 order-2 order-lg-1\"><div class=\"rbc-block-image-bleed-body wrap\">\n<h2 class=\"wp-block-heading\" id=\"h-diversite-et-inclusion\">Diversit\u00e9 et inclusion<\/h2>\n\n\n\n<p>Nous cherchons des occasions de soutenir et de c\u00e9l\u00e9brer la diversit\u00e9 et l\u2019inclusion, et souhaitons accro\u00eetre le sentiment d\u2019appartenance dans tout ce que nous faisons.<\/p>\n\n\n\n<p><a href=\"https:\/\/www.rbcwealthmanagement.com\/fr-ca\/community\/diversity-and-inclusion\" class=\"link-cta link-chev\">Comment nous aidons<\/a><\/p>\n<\/div><\/div>\n\n\n\n<div class=\"wp-block-rbcwm-blockimage-image col-lg-5 order-0 rbc-block-image-bleed-col order-lg-2\"><div class=\"rbc-block-image-bleed-img-wrap \"><div class=\"rbc-block-image-img rbc-block-image-bleed-img bleed-img-right\" style=\"background-image:url(https:\/\/www.rbcwealthmanagement.com\/en-ca\/wp-content\/uploads\/sites\/5\/2023\/03\/group-of-business-colleagues.webp)\"><\/div><\/div><\/div>\n<\/div><\/div><\/section>\n","protected":false},"excerpt":{"rendered":"<p>Nous consacrons du temps, du talent et des ressources pour soutenir nos communaut\u00e9s et les aider \u00e0 prosp\u00e9rer. D\u00e9couvrez comment nous inspirons un changement positif.<\/p>\n","protected":false},"author":1,"featured_media":0,"parent":42,"menu_order":0,"comment_status":"closed","ping_status":"closed","template":"","meta":{"_acf_changed":false,"editor_notices":[],"rbc_url_alias":"","footnotes":""},"rbcwm_content_owner":[],"class_list":["post-58","page","type-page","status-publish","hentry"],"acf":[],"yoast_head":"<!-- This site is optimized with the Yoast SEO Premium plugin v24.8 (Yoast SEO v26.8) - https:\/\/yoast.com\/product\/yoast-seo-premium-wordpress\/ -->\n<title>Engagement communautaire \u2013 RBC Gestion de patrimoine<\/title>\n<meta name=\"description\" content=\"Nous consacrons du temps, du talent et des ressources pour soutenir nos communaut\u00e9s et les aider \u00e0 prosp\u00e9rer. D\u00e9couvrez comment nous inspirons un changement positif.\" \/>\n<meta name=\"robots\" content=\"index, follow, max-snippet:-1, max-image-preview:large, max-video-preview:-1\" \/>\n<link rel=\"canonical\" href=\"https:\/\/www.rbcwealthmanagement.com\/fr-ca\/about\/community\" \/>\n<meta property=\"og:locale\" content=\"fr_CA\" \/>\n<meta property=\"og:type\" content=\"article\" \/>\n<meta property=\"og:title\" content=\"Pr\u00e9sence communautaire\" \/>\n<meta property=\"og:description\" content=\"Nous consacrons du temps, du talent et des ressources pour soutenir nos communaut\u00e9s et les aider \u00e0 prosp\u00e9rer. D\u00e9couvrez comment nous inspirons un changement positif.\" \/>\n<meta property=\"og:url\" content=\"https:\/\/www.rbcwealthmanagement.com\/fr-ca\/about\/community\" \/>\n<meta property=\"og:site_name\" content=\"RBC Gestion de patrimoine\" \/>\n<meta property=\"article:modified_time\" content=\"2023-11-01T14:46:14+00:00\" \/>\n<meta property=\"og:image\" content=\"https:\/\/www.rbcwealthmanagement.com\/fr-ca\/wp-content\/uploads\/sites\/6\/2023\/02\/share-logo-1200x630-1.png\" \/>\n\t<meta property=\"og:image:width\" content=\"1200\" \/>\n\t<meta property=\"og:image:height\" content=\"630\" \/>\n\t<meta property=\"og:image:type\" content=\"image\/png\" \/>\n<meta name=\"twitter:card\" content=\"summary_large_image\" \/>\n<meta name=\"twitter:title\" content=\"Pr\u00e9sence communautaire\" \/>\n<meta name=\"twitter:description\" content=\"Nous consacrons du temps, du talent et des ressources pour soutenir nos communaut\u00e9s et les aider \u00e0 prosp\u00e9rer. D\u00e9couvrez comment nous inspirons un changement positif.\" \/>\n<meta name=\"twitter:label1\" content=\"Est. reading time\" \/>\n\t<meta name=\"twitter:data1\" content=\"2 minutes\" \/>\n<script type=\"application\/ld+json\" class=\"yoast-schema-graph\">{\"@context\":\"https:\/\/schema.org\",\"@graph\":[{\"@type\":\"WebPage\",\"@id\":\"https:\/\/www.rbcwealthmanagement.com\/fr-ca\/about\/community\",\"url\":\"https:\/\/www.rbcwealthmanagement.com\/fr-ca\/about\/community\",\"name\":\"Engagement communautaire \u2013 RBC Gestion de patrimoine\",\"isPartOf\":{\"@id\":\"https:\/\/www.rbcwealthmanagement.com\/fr-ca\/#website\"},\"datePublished\":\"2023-02-13T16:15:52+00:00\",\"dateModified\":\"2023-11-01T14:46:14+00:00\",\"description\":\"Nous consacrons du temps, du talent et des ressources pour soutenir nos communaut\u00e9s et les aider \u00e0 prosp\u00e9rer. D\u00e9couvrez comment nous inspirons un changement positif.\",\"breadcrumb\":{\"@id\":\"https:\/\/www.rbcwealthmanagement.com\/fr-ca\/about\/community#breadcrumb\"},\"inLanguage\":\"fr-CA\",\"potentialAction\":[{\"@type\":\"ReadAction\",\"target\":[\"https:\/\/www.rbcwealthmanagement.com\/fr-ca\/about\/community\"]}]},{\"@type\":\"BreadcrumbList\",\"@id\":\"https:\/\/www.rbcwealthmanagement.com\/fr-ca\/about\/community#breadcrumb\",\"itemListElement\":[{\"@type\":\"ListItem\",\"position\":1,\"name\":\"Home\",\"item\":\"https:\/\/www.rbcwealthmanagement.com\/fr-ca\/\"},{\"@type\":\"ListItem\",\"position\":2,\"name\":\"\u00c0 propos de nous\",\"item\":\"https:\/\/www.rbcwealthmanagement.com\/fr-ca\/about\"},{\"@type\":\"ListItem\",\"position\":3,\"name\":\"Pr\u00e9sence communautaire\"}]},{\"@type\":\"WebSite\",\"@id\":\"https:\/\/www.rbcwealthmanagement.com\/fr-ca\/#website\",\"url\":\"https:\/\/www.rbcwealthmanagement.com\/fr-ca\/\",\"name\":\"RBC Gestion de patrimoine\",\"description\":\"\",\"publisher\":{\"@id\":\"https:\/\/www.rbcwealthmanagement.com\/fr-ca\/#organization\"},\"potentialAction\":[{\"@type\":\"SearchAction\",\"target\":{\"@type\":\"EntryPoint\",\"urlTemplate\":\"https:\/\/www.rbcwealthmanagement.com\/fr-ca\/?s={search_term_string}\"},\"query-input\":{\"@type\":\"PropertyValueSpecification\",\"valueRequired\":true,\"valueName\":\"search_term_string\"}}],\"inLanguage\":\"fr-CA\"},{\"@type\":\"Organization\",\"@id\":\"https:\/\/www.rbcwealthmanagement.com\/fr-ca\/#organization\",\"name\":\"RBC Gestion de Patrimoine\",\"alternateName\":\"RBC Gestion de Patrimoine\",\"url\":\"https:\/\/www.rbcwealthmanagement.com\/fr-ca\/\",\"logo\":{\"@type\":\"ImageObject\",\"inLanguage\":\"fr-CA\",\"@id\":\"https:\/\/www.rbcwealthmanagement.com\/fr-ca\/#\/schema\/logo\/image\/\",\"url\":\"https:\/\/www.rbcwealthmanagement.com\/fr-ca\/wp-content\/uploads\/sites\/6\/2023\/02\/rbc.png\",\"contentUrl\":\"https:\/\/www.rbcwealthmanagement.com\/fr-ca\/wp-content\/uploads\/sites\/6\/2023\/02\/rbc.png\",\"width\":3000,\"height\":2000,\"caption\":\"RBC Gestion de Patrimoine\"},\"image\":{\"@id\":\"https:\/\/www.rbcwealthmanagement.com\/fr-ca\/#\/schema\/logo\/image\/\"}}]}<\/script>\n<!-- \/ Yoast SEO Premium plugin. -->","yoast_head_json":{"title":"Engagement communautaire \u2013 RBC Gestion de patrimoine","description":"Nous consacrons du temps, du talent et des ressources pour soutenir nos communaut\u00e9s et les aider \u00e0 prosp\u00e9rer. D\u00e9couvrez comment nous inspirons un changement positif.","robots":{"index":"index","follow":"follow","max-snippet":"max-snippet:-1","max-image-preview":"max-image-preview:large","max-video-preview":"max-video-preview:-1"},"canonical":"https:\/\/www.rbcwealthmanagement.com\/fr-ca\/about\/community","og_locale":"fr_CA","og_type":"article","og_title":"Pr\u00e9sence communautaire","og_description":"Nous consacrons du temps, du talent et des ressources pour soutenir nos communaut\u00e9s et les aider \u00e0 prosp\u00e9rer. D\u00e9couvrez comment nous inspirons un changement positif.","og_url":"https:\/\/www.rbcwealthmanagement.com\/fr-ca\/about\/community","og_site_name":"RBC Gestion de patrimoine","article_modified_time":"2023-11-01T14:46:14+00:00","og_image":[{"width":1200,"height":630,"url":"https:\/\/www.rbcwealthmanagement.com\/fr-ca\/wp-content\/uploads\/sites\/6\/2023\/02\/share-logo-1200x630-1.png","type":"image\/png"}],"twitter_card":"summary_large_image","twitter_title":"Pr\u00e9sence communautaire","twitter_description":"Nous consacrons du temps, du talent et des ressources pour soutenir nos communaut\u00e9s et les aider \u00e0 prosp\u00e9rer. D\u00e9couvrez comment nous inspirons un changement positif.","twitter_misc":{"Est. reading time":"2 minutes"},"schema":{"@context":"https:\/\/schema.org","@graph":[{"@type":"WebPage","@id":"https:\/\/www.rbcwealthmanagement.com\/fr-ca\/about\/community","url":"https:\/\/www.rbcwealthmanagement.com\/fr-ca\/about\/community","name":"Engagement communautaire \u2013 RBC Gestion de patrimoine","isPartOf":{"@id":"https:\/\/www.rbcwealthmanagement.com\/fr-ca\/#website"},"datePublished":"2023-02-13T16:15:52+00:00","dateModified":"2023-11-01T14:46:14+00:00","description":"Nous consacrons du temps, du talent et des ressources pour soutenir nos communaut\u00e9s et les aider \u00e0 prosp\u00e9rer. D\u00e9couvrez comment nous inspirons un changement positif.","breadcrumb":{"@id":"https:\/\/www.rbcwealthmanagement.com\/fr-ca\/about\/community#breadcrumb"},"inLanguage":"fr-CA","potentialAction":[{"@type":"ReadAction","target":["https:\/\/www.rbcwealthmanagement.com\/fr-ca\/about\/community"]}]},{"@type":"BreadcrumbList","@id":"https:\/\/www.rbcwealthmanagement.com\/fr-ca\/about\/community#breadcrumb","itemListElement":[{"@type":"ListItem","position":1,"name":"Home","item":"https:\/\/www.rbcwealthmanagement.com\/fr-ca\/"},{"@type":"ListItem","position":2,"name":"\u00c0 propos de nous","item":"https:\/\/www.rbcwealthmanagement.com\/fr-ca\/about"},{"@type":"ListItem","position":3,"name":"Pr\u00e9sence communautaire"}]},{"@type":"WebSite","@id":"https:\/\/www.rbcwealthmanagement.com\/fr-ca\/#website","url":"https:\/\/www.rbcwealthmanagement.com\/fr-ca\/","name":"RBC Gestion de patrimoine","description":"","publisher":{"@id":"https:\/\/www.rbcwealthmanagement.com\/fr-ca\/#organization"},"potentialAction":[{"@type":"SearchAction","target":{"@type":"EntryPoint","urlTemplate":"https:\/\/www.rbcwealthmanagement.com\/fr-ca\/?s={search_term_string}"},"query-input":{"@type":"PropertyValueSpecification","valueRequired":true,"valueName":"search_term_string"}}],"inLanguage":"fr-CA"},{"@type":"Organization","@id":"https:\/\/www.rbcwealthmanagement.com\/fr-ca\/#organization","name":"RBC Gestion de Patrimoine","alternateName":"RBC Gestion de Patrimoine","url":"https:\/\/www.rbcwealthmanagement.com\/fr-ca\/","logo":{"@type":"ImageObject","inLanguage":"fr-CA","@id":"https:\/\/www.rbcwealthmanagement.com\/fr-ca\/#\/schema\/logo\/image\/","url":"https:\/\/www.rbcwealthmanagement.com\/fr-ca\/wp-content\/uploads\/sites\/6\/2023\/02\/rbc.png","contentUrl":"https:\/\/www.rbcwealthmanagement.com\/fr-ca\/wp-content\/uploads\/sites\/6\/2023\/02\/rbc.png","width":3000,"height":2000,"caption":"RBC Gestion de Patrimoine"},"image":{"@id":"https:\/\/www.rbcwealthmanagement.com\/fr-ca\/#\/schema\/logo\/image\/"}}]}},"jetpack_sharing_enabled":true,"publishpress_future_action":{"enabled":false,"date":"2026-05-06 01:43:54","action":"change-status","newStatus":"draft","terms":[],"taxonomy":"rbcwm_content_owner","extraData":[]},"publishpress_future_workflow_manual_trigger":{"enabledWorkflows":[]},"distributor_meta":false,"distributor_terms":false,"distributor_media":false,"distributor_original_site_name":"RBC Gestion de patrimoine","distributor_original_site_url":"https:\/\/www.rbcwealthmanagement.com\/fr-ca","push-errors":false,"last_revision_date":"2023-11-01 10:46:14","_links":{"self":[{"href":"https:\/\/www.rbcwealthmanagement.com\/fr-ca\/wp-json\/wp\/v2\/pages\/58","targetHints":{"allow":["GET"]}}],"collection":[{"href":"https:\/\/www.rbcwealthmanagement.com\/fr-ca\/wp-json\/wp\/v2\/pages"}],"about":[{"href":"https:\/\/www.rbcwealthmanagement.com\/fr-ca\/wp-json\/wp\/v2\/types\/page"}],"author":[{"embeddable":true,"href":"https:\/\/www.rbcwealthmanagement.com\/fr-ca\/wp-json\/wp\/v2\/users\/1"}],"replies":[{"embeddable":true,"href":"https:\/\/www.rbcwealthmanagement.com\/fr-ca\/wp-json\/wp\/v2\/comments?post=58"}],"version-history":[{"count":11,"href":"https:\/\/www.rbcwealthmanagement.com\/fr-ca\/wp-json\/wp\/v2\/pages\/58\/revisions"}],"predecessor-version":[{"id":28330,"href":"https:\/\/www.rbcwealthmanagement.com\/fr-ca\/wp-json\/wp\/v2\/pages\/58\/revisions\/28330"}],"up":[{"embeddable":true,"href":"https:\/\/www.rbcwealthmanagement.com\/fr-ca\/wp-json\/wp\/v2\/pages\/42"}],"wp:attachment":[{"href":"https:\/\/www.rbcwealthmanagement.com\/fr-ca\/wp-json\/wp\/v2\/media?parent=58"}],"wp:term":[{"taxonomy":"rbcwm_content_owner","embeddable":true,"href":"https:\/\/www.rbcwealthmanagement.com\/fr-ca\/wp-json\/wp\/v2\/rbcwm_content_owner?post=58"}],"curies":[{"name":"wp","href":"https:\/\/api.w.org\/{rel}","templated":true}]}}