{"id":60,"date":"2023-02-13T16:16:25","date_gmt":"2021-12-13T16:44:53","guid":{"rendered":"https:\/\/www.rbcwealthmanagement.com\/fr-ca\/?page_id=60"},"modified":"2023-11-01T10:46:13","modified_gmt":"2023-11-01T14:46:13","slug":"leadership","status":"publish","type":"page","link":"https:\/\/www.rbcwealthmanagement.com\/fr-ca\/about\/leadership","title":{"rendered":"Notre \u00e9quipe de direction"},"content":{"rendered":"\n<div class=\"wp-block-rbcwm-hero-block rbc-hero-wm  rbc-hero-overlap rbc-hero-overlap-mobile rbc-hero-prqeh3elx hide-mobile-energy-lines\"><style>\n\t\t.rbc-hero-prqeh3elx.is-style-rbc-hero-gradient::before {\n\t\t\tbackground: linear-gradient(90deg, #023169 20%, rgba(94, 120, 131, 0) 60%);\n\t\t}\n\n\t\t.rbc-hero-prqeh3elx.is-style-rbc-hero-gradient.rbc-hero-has-image-bleed::before {\n\t\t\tbackground: linear-gradient(90deg, #023169 20%, rgba(94, 120, 131, 0) 60%);\n\t\t}\n\n\t\t.rbc-hero-prqeh3elx.is-style-rbc-hero-gradient.rbc-hero-has-image-bottom::before {\n\t\t\tbackground: linear-gradient(180deg, #023169 20%, rgba(94, 120, 131, 0) 60%);\n\t\t}\n\n\t\t.rbc-hero-prqeh3elx .rbc-hero-energy-lines.rbc-hero-energy-lines-left {\n\t\t\ttransform: scaleX(-1);\n\t\t}\n\n\t\t@media (max-width: 991px) {\n\t\t\t.rbc-hero-prqeh3elx.is-style-rbc-hero-gradient::before,\n\t\t\t.rbc-hero-prqeh3elx.is-style-rbc-hero-gradient.rbc-hero-has-image-bottom::before,\n\t\t\t.rbc-hero-prqeh3elx.is-style-rbc-hero-gradient.rbc-hero-has-image-bleed::before {\n\t\t\t\tbackground: none;\n\t\t\t}\n\n\t\t\t.rbc-hero-prqeh3elx.rbc-hero-has-image-full.hide-mobile-energy-lines .rbc-hero-energy-lines {\n\t\t\t\tdisplay: none;\n\t\t\t}\n\n\t\t\t.wp-block-rbcwm-hero-block.rbc-hero-prqeh3elx.is-style-rbc-hero-gradient .rbc-hero-img-wrap::after {\n\t\t\t\tbackground: linear-gradient( 0deg, #023169 0%, rgba(94, 120, 131, 0) 25% );\n\t\t\t}\n\t\t\t\n\t\t\t.wp-block-rbcwm-hero-block.rbc-hero-prqeh3elx.is-style-rbc-hero-gradient.rbc-hero-has-image-bottom .rbc-hero-img-wrap::before,\n            .wp-block-rbcwm-hero-block.rbc-hero-prqeh3elx.is-style-rbc-hero-gradient.rbc-hero-has-image-bottom .container .rbc-hero-img-wrap::before {\n\t\t\t\tbackground: linear-gradient( 180deg, #023169 0%, rgba( 94, 120, 131, 0 ) 25% );\n\t\t\t}\n\t\t\t\n\t\t\t.wp-block-rbcwm-hero-block.rbc-hero-prqeh3elx.is-style-rbc-hero-gradient .rbc-hero-card {\n\t\t\t\tbackground: #023169;\n\t\t\t}\n\t\t}\n\t<\/style><div class=\"container\"><div class=\"row no-gutters\"><div class=\"col-lg-12 rbc-hero-card-content\"><div class=\"rbc-card rbc-hero-card rbc-hero has-content\"><div class=\"rbc-card-wrap\"><div class=\"rbc-card-body\"><div class=\"rbc-hero-body-content\"><h1 class=\"rbc-hero-title\"><span>Notre \u00e9quipe de direction<\/span><\/h1>\n<p class=\"rbc-hero-subtitle\">Ensemble, nous mettons l\u2019accent sur l\u2019\u00e9tablissement d\u2019une culture qui vise la prosp\u00e9rit\u00e9 de nos clients et de nos collectivit\u00e9s. Leur r\u00e9ussite nous motive et stimule notre cr\u00e9ativit\u00e9.<\/p>\n\n\n\n<p class=\"rbc-hero-text\">Que nos clients soient chez nous ou ailleurs dans le monde, nous tirons parti de la diversit\u00e9 des exp\u00e9riences et de nos connaissances approfondies pour r\u00e9pondre \u00e0 leurs besoins financiers uniques.<\/p>\n<\/div><\/div><\/div><\/div><\/div><div class=\"rbc-hero-img-wrap col-lg-5 order-2 order-lg-1\"><\/div><\/div><\/div><\/div>\n\n\n\n<section class=\"wp-block-rbcwm-rbc-block rbc-block rbc-block-flush-bottom rbc-block-grey has-block-grey-background-color has-background\"><div class=\"container\"><div class=\"row \"><div class=\"col-lg-12\">\n<header class=\"wp-block-rbcwm-block-header row rbc-block-header rbc-block-header-flush\"><div class=\"col-lg-12\">\n<div class=\"row\">\n\n<h2 class=\"wp-block-heading rbc-block-header-title col-lg-12\" id=\"h-rbc-wealth-management\">RBC Wealth Management<\/h2>\n\n<\/div>\n<\/div><\/header>\n\n\n\n<div class=\"wp-block-rbcwm-people row\"><div class=\"col-lg-12\"><div class=\"row overlap-bottom\">\t\t\t<div class=\"col-lg-4 col-md-6 rbc-card-col-my d-flex flex-wrap\">\n\t\t\t\t<div class=\"rbc-media-card-col rbc-card-profile\">\n\t\t\t\t\t<div class=\"rbc-card rbc-media-card rbc-card-hover rbc-media-card-stacked-vertical\">\n\t\t\t\t\t\t<div draggable=\"false\" class=\"rbc-card-wrap\">\n\t\t\t\t\t\t\t<div class=\"rbc-card-body\">\n\t\t\t\t\t\t\t\t\t\t\t\t\t\t\t\t\t<div class=\"rbc-media-card-image\" style=\"background-image: url('https:\/\/www.rbcwealthmanagement.com\/fr-ca\/wp-content\/uploads\/sites\/6\/2023\/02\/neil-mclaughlin.png');\">\n\t\t\t\t\t\t\t\t\t<\/div>\n\t\t\t\t\t\t\t\t\t\t\t\t\t\t\t\t\t<h4 class=\"rbc-media-card-title rbc-media-card-title-wrap h4\">\n\t\t\t\t\t\t\t\t\t<a href=\"https:\/\/www.rbcwealthmanagement.com\/fr-ca\/people\/neil-mclaughlin\" class=\"rbc-media-card-title-link link-chev rbc-card-link-full\">\n\t\t\t\t\t\t\t\t\t\t<span>Neil McLaughlin<\/span>\n\t\t\t\t\t\t\t\t\t\t<div class=\"rbc-icon\">\n\t\t\t\t\t\t\t\t\t\t\t<i aria-hidden=\"true\" role=\"img\" class=\"rbc-icon-img fal fa-angle-right\"><\/i>\n\t\t\t\t\t\t\t\t\t\t<\/div>\n\t\t\t\t\t\t\t\t\t<\/a>\n\t\t\t\t\t\t\t\t<\/h4>\n\t\t\t\t\t\t\t\t\t\t\t\t\t\t\t\t\t<p class=\"rbc-media-card-text\">\n\t\t\t\t\t\t\t\t\t\tChef de groupe, RBC Gestion de patrimoine\t\t\t\t\t\t\t\t\t<\/p>\n\t\t\t\t\t\t\t\t\t\t\t\t\t\t\t\t<\/div>\n\t\t\t\t\t\t<\/div>\n\t\t\t\t\t<\/div>\n\t\t\t\t<\/div>\n\t\t\t<\/div>\n\t\t\t\n\n\t\t\t<div class=\"col-lg-4 col-md-6 rbc-card-col-my d-flex flex-wrap\">\n\t\t\t\t<div class=\"rbc-media-card-col rbc-card-profile\">\n\t\t\t\t\t<div class=\"rbc-card rbc-media-card rbc-card-hover rbc-media-card-stacked-vertical\">\n\t\t\t\t\t\t<div draggable=\"false\" class=\"rbc-card-wrap\">\n\t\t\t\t\t\t\t<div class=\"rbc-card-body\">\n\t\t\t\t\t\t\t\t\t\t\t\t\t\t\t\t\t<div class=\"rbc-media-card-image\" style=\"background-image: url('https:\/\/www.rbcwealthmanagement.com\/fr-ca\/wp-content\/uploads\/sites\/6\/2023\/04\/David-Agnew.png');\">\n\t\t\t\t\t\t\t\t\t<\/div>\n\t\t\t\t\t\t\t\t\t\t\t\t\t\t\t\t\t<h4 class=\"rbc-media-card-title rbc-media-card-title-wrap h4\">\n\t\t\t\t\t\t\t\t\t<a href=\"https:\/\/www.rbcwealthmanagement.com\/fr-ca\/people\/david-agnew\" class=\"rbc-media-card-title-link link-chev rbc-card-link-full\">\n\t\t\t\t\t\t\t\t\t\t<span>David Agnew<\/span>\n\t\t\t\t\t\t\t\t\t\t<div class=\"rbc-icon\">\n\t\t\t\t\t\t\t\t\t\t\t<i aria-hidden=\"true\" role=\"img\" class=\"rbc-icon-img fal fa-angle-right\"><\/i>\n\t\t\t\t\t\t\t\t\t\t<\/div>\n\t\t\t\t\t\t\t\t\t<\/a>\n\t\t\t\t\t\t\t\t<\/h4>\n\t\t\t\t\t\t\t\t\t\t\t\t\t\t\t\t\t<p class=\"rbc-media-card-text\">\n\t\t\t\t\t\t\t\t\t\tChef de la direction, RBC Gestion de patrimoine \u2013 Canada\t\t\t\t\t\t\t\t\t<\/p>\n\t\t\t\t\t\t\t\t\t\t\t\t\t\t\t\t<\/div>\n\t\t\t\t\t\t<\/div>\n\t\t\t\t\t<\/div>\n\t\t\t\t<\/div>\n\t\t\t<\/div>\n\t\t\t\n\n\t\t\t<div class=\"col-lg-4 col-md-6 rbc-card-col-my d-flex flex-wrap\">\n\t\t\t\t<div class=\"rbc-media-card-col rbc-card-profile\">\n\t\t\t\t\t<div class=\"rbc-card rbc-media-card rbc-card-hover rbc-media-card-stacked-vertical\">\n\t\t\t\t\t\t<div draggable=\"false\" class=\"rbc-card-wrap\">\n\t\t\t\t\t\t\t<div class=\"rbc-card-body\">\n\t\t\t\t\t\t\t\t\t\t\t\t\t\t\t\t\t<div class=\"rbc-media-card-image\" style=\"background-image: url('https:\/\/www.rbcwealthmanagement.com\/fr-ca\/wp-content\/uploads\/sites\/6\/2023\/04\/Wayne-Bossert.png');\">\n\t\t\t\t\t\t\t\t\t<\/div>\n\t\t\t\t\t\t\t\t\t\t\t\t\t\t\t\t\t<h4 class=\"rbc-media-card-title rbc-media-card-title-wrap h4\">\n\t\t\t\t\t\t\t\t\t<a href=\"https:\/\/www.rbcwealthmanagement.com\/fr-ca\/people\/wayne-bossert\" class=\"rbc-media-card-title-link link-chev rbc-card-link-full\">\n\t\t\t\t\t\t\t\t\t\t<span>Wayne Bossert<\/span>\n\t\t\t\t\t\t\t\t\t\t<div class=\"rbc-icon\">\n\t\t\t\t\t\t\t\t\t\t\t<i aria-hidden=\"true\" role=\"img\" class=\"rbc-icon-img fal fa-angle-right\"><\/i>\n\t\t\t\t\t\t\t\t\t\t<\/div>\n\t\t\t\t\t\t\t\t\t<\/a>\n\t\t\t\t\t\t\t\t<\/h4>\n\t\t\t\t\t\t\t\t\t\t\t\t\t\t\t\t\t<p class=\"rbc-media-card-text\">\n\t\t\t\t\t\t\t\t\t\tPr\u00e9sident d\u00e9l\u00e9gu\u00e9 et chef, Client\u00e8le ultrafortun\u00e9e\t\t\t\t\t\t\t\t\t<\/p>\n\t\t\t\t\t\t\t\t\t\t\t\t\t\t\t\t<\/div>\n\t\t\t\t\t\t<\/div>\n\t\t\t\t\t<\/div>\n\t\t\t\t<\/div>\n\t\t\t<\/div>\n\t\t\t\n\n\t\t\t<div class=\"col-lg-4 col-md-6 rbc-card-col-my d-flex flex-wrap\">\n\t\t\t\t<div class=\"rbc-media-card-col rbc-card-profile\">\n\t\t\t\t\t<div class=\"rbc-card rbc-media-card rbc-card-hover rbc-media-card-stacked-vertical\">\n\t\t\t\t\t\t<div draggable=\"false\" class=\"rbc-card-wrap\">\n\t\t\t\t\t\t\t<div class=\"rbc-card-body\">\n\t\t\t\t\t\t\t\t\t\t\t\t\t\t\t\t\t<div class=\"rbc-media-card-image\" style=\"background-image: url('https:\/\/www.rbcwealthmanagement.com\/fr-ca\/wp-content\/uploads\/sites\/6\/2023\/04\/leanne-kaufman.png');\">\n\t\t\t\t\t\t\t\t\t<\/div>\n\t\t\t\t\t\t\t\t\t\t\t\t\t\t\t\t\t<h4 class=\"rbc-media-card-title rbc-media-card-title-wrap h4\">\n\t\t\t\t\t\t\t\t\t<a href=\"https:\/\/www.rbcwealthmanagement.com\/fr-ca\/people\/leanne-kaufman\" class=\"rbc-media-card-title-link link-chev rbc-card-link-full\">\n\t\t\t\t\t\t\t\t\t\t<span>Leanne Kaufman<\/span>\n\t\t\t\t\t\t\t\t\t\t<div class=\"rbc-icon\">\n\t\t\t\t\t\t\t\t\t\t\t<i aria-hidden=\"true\" role=\"img\" class=\"rbc-icon-img fal fa-angle-right\"><\/i>\n\t\t\t\t\t\t\t\t\t\t<\/div>\n\t\t\t\t\t\t\t\t\t<\/a>\n\t\t\t\t\t\t\t\t<\/h4>\n\t\t\t\t\t\t\t\t\t\t\t\t\t\t\t\t\t<p class=\"rbc-media-card-text\">\n\t\t\t\t\t\t\t\t\t\tPr\u00e9sidente et chef de la direction, RBC Trust Royal\t\t\t\t\t\t\t\t\t<\/p>\n\t\t\t\t\t\t\t\t\t\t\t\t\t\t\t\t<\/div>\n\t\t\t\t\t\t<\/div>\n\t\t\t\t\t<\/div>\n\t\t\t\t<\/div>\n\t\t\t<\/div>\n\t\t\t\n\n\t\t\t<div class=\"col-lg-4 col-md-6 rbc-card-col-my d-flex flex-wrap\">\n\t\t\t\t<div class=\"rbc-media-card-col rbc-card-profile\">\n\t\t\t\t\t<div class=\"rbc-card rbc-media-card rbc-card-hover rbc-media-card-stacked-vertical\">\n\t\t\t\t\t\t<div draggable=\"false\" class=\"rbc-card-wrap\">\n\t\t\t\t\t\t\t<div class=\"rbc-card-body\">\n\t\t\t\t\t\t\t\t\t\t\t\t\t\t\t\t\t<div class=\"rbc-media-card-image\" style=\"background-image: url('https:\/\/www.rbcwealthmanagement.com\/fr-ca\/wp-content\/uploads\/sites\/6\/2023\/04\/vijay-parmar.png');\">\n\t\t\t\t\t\t\t\t\t<\/div>\n\t\t\t\t\t\t\t\t\t\t\t\t\t\t\t\t\t<h4 class=\"rbc-media-card-title rbc-media-card-title-wrap h4\">\n\t\t\t\t\t\t\t\t\t<a href=\"https:\/\/www.rbcwealthmanagement.com\/fr-ca\/people\/vijay-parmar\" class=\"rbc-media-card-title-link link-chev rbc-card-link-full\">\n\t\t\t\t\t\t\t\t\t\t<span>Vijay Parmar<\/span>\n\t\t\t\t\t\t\t\t\t\t<div class=\"rbc-icon\">\n\t\t\t\t\t\t\t\t\t\t\t<i aria-hidden=\"true\" role=\"img\" class=\"rbc-icon-img fal fa-angle-right\"><\/i>\n\t\t\t\t\t\t\t\t\t\t<\/div>\n\t\t\t\t\t\t\t\t\t<\/a>\n\t\t\t\t\t\t\t\t<\/h4>\n\t\t\t\t\t\t\t\t\t\t\t\t\t\t\t\t\t<p class=\"rbc-media-card-text\">\n\t\t\t\t\t\t\t\t\t\tPr\u00e9sident, RBC PH&amp;N Services-conseils en placements inc.\t\t\t\t\t\t\t\t\t<\/p>\n\t\t\t\t\t\t\t\t\t\t\t\t\t\t\t\t<\/div>\n\t\t\t\t\t\t<\/div>\n\t\t\t\t\t<\/div>\n\t\t\t\t<\/div>\n\t\t\t<\/div>\n\t\t\t\n\n\t\t\t<div class=\"col-lg-4 col-md-6 rbc-card-col-my d-flex flex-wrap\">\n\t\t\t\t<div class=\"rbc-media-card-col rbc-card-profile\">\n\t\t\t\t\t<div class=\"rbc-card rbc-media-card rbc-card-hover rbc-media-card-stacked-vertical\">\n\t\t\t\t\t\t<div draggable=\"false\" class=\"rbc-card-wrap\">\n\t\t\t\t\t\t\t<div class=\"rbc-card-body\">\n\t\t\t\t\t\t\t\t\t\t\t\t\t\t\t\t\t<div class=\"rbc-media-card-image\" style=\"background-image: url('https:\/\/www.rbcwealthmanagement.com\/fr-ca\/wp-content\/uploads\/sites\/6\/2023\/04\/Mike-Scott.png');\">\n\t\t\t\t\t\t\t\t\t<\/div>\n\t\t\t\t\t\t\t\t\t\t\t\t\t\t\t\t\t<h4 class=\"rbc-media-card-title rbc-media-card-title-wrap h4\">\n\t\t\t\t\t\t\t\t\t<a href=\"https:\/\/www.rbcwealthmanagement.com\/fr-ca\/people\/mike-scott\" class=\"rbc-media-card-title-link link-chev rbc-card-link-full\">\n\t\t\t\t\t\t\t\t\t\t<span>Mike Scott<\/span>\n\t\t\t\t\t\t\t\t\t\t<div class=\"rbc-icon\">\n\t\t\t\t\t\t\t\t\t\t\t<i aria-hidden=\"true\" role=\"img\" class=\"rbc-icon-img fal fa-angle-right\"><\/i>\n\t\t\t\t\t\t\t\t\t\t<\/div>\n\t\t\t\t\t\t\t\t\t<\/a>\n\t\t\t\t\t\t\t\t<\/h4>\n\t\t\t\t\t\t\t\t\t\t\t\t\t\t\t\t\t<p class=\"rbc-media-card-text\">\n\t\t\t\t\t\t\t\t\t\tPremier vice-pr\u00e9sident et directeur g\u00e9n\u00e9ral, RBC Dominion valeurs mobili\u00e8res\t\t\t\t\t\t\t\t\t<\/p>\n\t\t\t\t\t\t\t\t\t\t\t\t\t\t\t\t<\/div>\n\t\t\t\t\t\t<\/div>\n\t\t\t\t\t<\/div>\n\t\t\t\t<\/div>\n\t\t\t<\/div>\n\t\t\t\n\n\t\t\t<div class=\"col-lg-4 col-md-6 rbc-card-col-my d-flex flex-wrap\">\n\t\t\t\t<div class=\"rbc-media-card-col rbc-card-profile\">\n\t\t\t\t\t<div class=\"rbc-card rbc-media-card rbc-card-hover rbc-media-card-stacked-vertical\">\n\t\t\t\t\t\t<div draggable=\"false\" class=\"rbc-card-wrap\">\n\t\t\t\t\t\t\t<div class=\"rbc-card-body\">\n\t\t\t\t\t\t\t\t\t\t\t\t\t\t\t\t\t<div class=\"rbc-media-card-image\" style=\"background-image: url('https:\/\/www.rbcwealthmanagement.com\/fr-ca\/wp-content\/uploads\/sites\/6\/2024\/06\/Kim-Mason.png');\">\n\t\t\t\t\t\t\t\t\t<\/div>\n\t\t\t\t\t\t\t\t\t\t\t\t\t\t\t\t\t<h4 class=\"rbc-media-card-title rbc-media-card-title-wrap h4\">\n\t\t\t\t\t\t\t\t\t<a href=\"https:\/\/www.rbcwealthmanagement.com\/fr-ca\/people\/kim-mason\" class=\"rbc-media-card-title-link link-chev rbc-card-link-full\">\n\t\t\t\t\t\t\t\t\t\t<span>Kim Mason<\/span>\n\t\t\t\t\t\t\t\t\t\t<div class=\"rbc-icon\">\n\t\t\t\t\t\t\t\t\t\t\t<i aria-hidden=\"true\" role=\"img\" class=\"rbc-icon-img fal fa-angle-right\"><\/i>\n\t\t\t\t\t\t\t\t\t\t<\/div>\n\t\t\t\t\t\t\t\t\t<\/a>\n\t\t\t\t\t\t\t\t<\/h4>\n\t\t\t\t\t\t\t\t\t\t\t\t\t\t\t\t\t<p class=\"rbc-media-card-text\">\n\t\t\t\t\t\t\t\t\t\tVice-pr\u00e9sidente directrice et chef, Banque priv\u00e9e<br \/>\r\nCanada\t\t\t\t\t\t\t\t\t<\/p>\n\t\t\t\t\t\t\t\t\t\t\t\t\t\t\t\t<\/div>\n\t\t\t\t\t\t<\/div>\n\t\t\t\t\t<\/div>\n\t\t\t\t<\/div>\n\t\t\t<\/div>\n\t\t\t\n\n\t\t\t<div class=\"col-lg-4 col-md-6 rbc-card-col-my d-flex flex-wrap\">\n\t\t\t\t<div class=\"rbc-media-card-col rbc-card-profile\">\n\t\t\t\t\t<div class=\"rbc-card rbc-media-card rbc-card-hover rbc-media-card-stacked-vertical\">\n\t\t\t\t\t\t<div draggable=\"false\" class=\"rbc-card-wrap\">\n\t\t\t\t\t\t\t<div class=\"rbc-card-body\">\n\t\t\t\t\t\t\t\t\t\t\t\t\t\t\t\t\t<div class=\"rbc-media-card-image\" style=\"background-image: url('https:\/\/www.rbcwealthmanagement.com\/fr-ca\/wp-content\/uploads\/sites\/6\/2023\/04\/Tony-Maiorino.png');\">\n\t\t\t\t\t\t\t\t\t<\/div>\n\t\t\t\t\t\t\t\t\t\t\t\t\t\t\t\t\t<h4 class=\"rbc-media-card-title rbc-media-card-title-wrap h4\">\n\t\t\t\t\t\t\t\t\t<a href=\"https:\/\/www.rbcwealthmanagement.com\/fr-ca\/people\/tony-maiorino\" class=\"rbc-media-card-title-link link-chev rbc-card-link-full\">\n\t\t\t\t\t\t\t\t\t\t<span>Tony Maiorino<\/span>\n\t\t\t\t\t\t\t\t\t\t<div class=\"rbc-icon\">\n\t\t\t\t\t\t\t\t\t\t\t<i aria-hidden=\"true\" role=\"img\" class=\"rbc-icon-img fal fa-angle-right\"><\/i>\n\t\t\t\t\t\t\t\t\t\t<\/div>\n\t\t\t\t\t\t\t\t\t<\/a>\n\t\t\t\t\t\t\t\t<\/h4>\n\t\t\t\t\t\t\t\t\t\t\t\t\t\t\t\t\t<p class=\"rbc-media-card-text\">\n\t\t\t\t\t\t\t\t\t\tVice-pr\u00e9sident et directeur g\u00e9n\u00e9ral, chef, Services de bureau de gestion familiale RBC\t\t\t\t\t\t\t\t\t<\/p>\n\t\t\t\t\t\t\t\t\t\t\t\t\t\t\t\t<\/div>\n\t\t\t\t\t\t<\/div>\n\t\t\t\t\t<\/div>\n\t\t\t\t<\/div>\n\t\t\t<\/div>\n\t\t\t\n\n<\/div><\/div><\/div>\n<\/div><\/div><\/div><\/section>\n","protected":false},"excerpt":{"rendered":"<p>Que nos clients soient chez nous ou \u00e0 l\u2019\u00e9tranger, nous profitons de la diversit\u00e9 de nos exp\u00e9riences et connaissances pour combler leurs besoins financiers individuels.<\/p>\n","protected":false},"author":69,"featured_media":0,"parent":42,"menu_order":0,"comment_status":"closed","ping_status":"closed","template":"","meta":{"_acf_changed":false,"editor_notices":[],"rbc_url_alias":"about\/leadership","footnotes":""},"rbcwm_content_owner":[],"class_list":["post-60","page","type-page","status-publish","hentry"],"acf":[],"yoast_head":"<!-- This site is optimized with the Yoast SEO Premium plugin v24.8 (Yoast SEO v26.8) - https:\/\/yoast.com\/product\/yoast-seo-premium-wordpress\/ -->\n<title>Notre \u00e9quipe de direction \u2013 RBC Gestion de patrimoine<\/title>\n<meta name=\"description\" content=\"Que nos clients soient chez nous ou \u00e0 l\u2019\u00e9tranger, nous profitons de la diversit\u00e9 de nos exp\u00e9riences et connaissances pour combler leurs besoins financiers individuels.\" \/>\n<meta name=\"robots\" content=\"index, follow, max-snippet:-1, max-image-preview:large, max-video-preview:-1\" \/>\n<link rel=\"canonical\" href=\"https:\/\/www.rbcwealthmanagement.com\/fr-ca\/about\/leadership\" \/>\n<meta property=\"og:locale\" content=\"fr_CA\" \/>\n<meta property=\"og:type\" content=\"article\" \/>\n<meta property=\"og:title\" content=\"Notre \u00e9quipe de direction\" \/>\n<meta property=\"og:description\" content=\"Que nos clients soient chez nous ou \u00e0 l\u2019\u00e9tranger, nous profitons de la diversit\u00e9 de nos exp\u00e9riences et connaissances pour combler leurs besoins financiers individuels.\" \/>\n<meta property=\"og:url\" content=\"https:\/\/www.rbcwealthmanagement.com\/fr-ca\/about\/leadership\" \/>\n<meta property=\"og:site_name\" content=\"RBC Gestion de patrimoine\" \/>\n<meta property=\"article:modified_time\" content=\"2023-11-01T14:46:13+00:00\" \/>\n<meta property=\"og:image\" content=\"https:\/\/www.rbcwealthmanagement.com\/fr-ca\/wp-content\/uploads\/sites\/6\/2023\/02\/share-logo-1200x630-1.png\" \/>\n\t<meta property=\"og:image:width\" content=\"1200\" \/>\n\t<meta property=\"og:image:height\" content=\"630\" \/>\n\t<meta property=\"og:image:type\" content=\"image\/png\" \/>\n<meta name=\"twitter:card\" content=\"summary_large_image\" \/>\n<meta name=\"twitter:title\" content=\"Notre \u00e9quipe de direction\" \/>\n<meta name=\"twitter:description\" content=\"Que nos clients soient chez nous ou \u00e0 l\u2019\u00e9tranger, nous profitons de la diversit\u00e9 de nos exp\u00e9riences et connaissances pour combler leurs besoins financiers individuels.\" \/>\n<meta name=\"twitter:label1\" content=\"Est. reading time\" \/>\n\t<meta name=\"twitter:data1\" content=\"1 minute\" \/>\n<script type=\"application\/ld+json\" class=\"yoast-schema-graph\">{\"@context\":\"https:\/\/schema.org\",\"@graph\":[{\"@type\":\"WebPage\",\"@id\":\"https:\/\/www.rbcwealthmanagement.com\/fr-ca\/about\/leadership\",\"url\":\"https:\/\/www.rbcwealthmanagement.com\/fr-ca\/about\/leadership\",\"name\":\"Notre \u00e9quipe de direction \u2013 RBC Gestion de patrimoine\",\"isPartOf\":{\"@id\":\"https:\/\/www.rbcwealthmanagement.com\/fr-ca\/#website\"},\"datePublished\":\"2021-12-13T16:44:53+00:00\",\"dateModified\":\"2023-11-01T14:46:13+00:00\",\"description\":\"Que nos clients soient chez nous ou \u00e0 l\u2019\u00e9tranger, nous profitons de la diversit\u00e9 de nos exp\u00e9riences et connaissances pour combler leurs besoins financiers individuels.\",\"breadcrumb\":{\"@id\":\"https:\/\/www.rbcwealthmanagement.com\/fr-ca\/about\/leadership#breadcrumb\"},\"inLanguage\":\"fr-CA\",\"potentialAction\":[{\"@type\":\"ReadAction\",\"target\":[\"https:\/\/www.rbcwealthmanagement.com\/fr-ca\/about\/leadership\"]}]},{\"@type\":\"BreadcrumbList\",\"@id\":\"https:\/\/www.rbcwealthmanagement.com\/fr-ca\/about\/leadership#breadcrumb\",\"itemListElement\":[{\"@type\":\"ListItem\",\"position\":1,\"name\":\"Home\",\"item\":\"https:\/\/www.rbcwealthmanagement.com\/fr-ca\/\"},{\"@type\":\"ListItem\",\"position\":2,\"name\":\"\u00c0 propos de nous\",\"item\":\"https:\/\/www.rbcwealthmanagement.com\/fr-ca\/about\"},{\"@type\":\"ListItem\",\"position\":3,\"name\":\"Notre \u00e9quipe de direction\"}]},{\"@type\":\"WebSite\",\"@id\":\"https:\/\/www.rbcwealthmanagement.com\/fr-ca\/#website\",\"url\":\"https:\/\/www.rbcwealthmanagement.com\/fr-ca\/\",\"name\":\"RBC Gestion de patrimoine\",\"description\":\"\",\"publisher\":{\"@id\":\"https:\/\/www.rbcwealthmanagement.com\/fr-ca\/#organization\"},\"potentialAction\":[{\"@type\":\"SearchAction\",\"target\":{\"@type\":\"EntryPoint\",\"urlTemplate\":\"https:\/\/www.rbcwealthmanagement.com\/fr-ca\/?s={search_term_string}\"},\"query-input\":{\"@type\":\"PropertyValueSpecification\",\"valueRequired\":true,\"valueName\":\"search_term_string\"}}],\"inLanguage\":\"fr-CA\"},{\"@type\":\"Organization\",\"@id\":\"https:\/\/www.rbcwealthmanagement.com\/fr-ca\/#organization\",\"name\":\"RBC Gestion de Patrimoine\",\"alternateName\":\"RBC Gestion de Patrimoine\",\"url\":\"https:\/\/www.rbcwealthmanagement.com\/fr-ca\/\",\"logo\":{\"@type\":\"ImageObject\",\"inLanguage\":\"fr-CA\",\"@id\":\"https:\/\/www.rbcwealthmanagement.com\/fr-ca\/#\/schema\/logo\/image\/\",\"url\":\"https:\/\/www.rbcwealthmanagement.com\/fr-ca\/wp-content\/uploads\/sites\/6\/2023\/02\/rbc.png\",\"contentUrl\":\"https:\/\/www.rbcwealthmanagement.com\/fr-ca\/wp-content\/uploads\/sites\/6\/2023\/02\/rbc.png\",\"width\":3000,\"height\":2000,\"caption\":\"RBC Gestion de Patrimoine\"},\"image\":{\"@id\":\"https:\/\/www.rbcwealthmanagement.com\/fr-ca\/#\/schema\/logo\/image\/\"}}]}<\/script>\n<!-- \/ Yoast SEO Premium plugin. -->","yoast_head_json":{"title":"Notre \u00e9quipe de direction \u2013 RBC Gestion de patrimoine","description":"Que nos clients soient chez nous ou \u00e0 l\u2019\u00e9tranger, nous profitons de la diversit\u00e9 de nos exp\u00e9riences et connaissances pour combler leurs besoins financiers individuels.","robots":{"index":"index","follow":"follow","max-snippet":"max-snippet:-1","max-image-preview":"max-image-preview:large","max-video-preview":"max-video-preview:-1"},"canonical":"https:\/\/www.rbcwealthmanagement.com\/fr-ca\/about\/leadership","og_locale":"fr_CA","og_type":"article","og_title":"Notre \u00e9quipe de direction","og_description":"Que nos clients soient chez nous ou \u00e0 l\u2019\u00e9tranger, nous profitons de la diversit\u00e9 de nos exp\u00e9riences et connaissances pour combler leurs besoins financiers individuels.","og_url":"https:\/\/www.rbcwealthmanagement.com\/fr-ca\/about\/leadership","og_site_name":"RBC Gestion de patrimoine","article_modified_time":"2023-11-01T14:46:13+00:00","og_image":[{"width":1200,"height":630,"url":"https:\/\/www.rbcwealthmanagement.com\/fr-ca\/wp-content\/uploads\/sites\/6\/2023\/02\/share-logo-1200x630-1.png","type":"image\/png"}],"twitter_card":"summary_large_image","twitter_title":"Notre \u00e9quipe de direction","twitter_description":"Que nos clients soient chez nous ou \u00e0 l\u2019\u00e9tranger, nous profitons de la diversit\u00e9 de nos exp\u00e9riences et connaissances pour combler leurs besoins financiers individuels.","twitter_misc":{"Est. reading time":"1 minute"},"schema":{"@context":"https:\/\/schema.org","@graph":[{"@type":"WebPage","@id":"https:\/\/www.rbcwealthmanagement.com\/fr-ca\/about\/leadership","url":"https:\/\/www.rbcwealthmanagement.com\/fr-ca\/about\/leadership","name":"Notre \u00e9quipe de direction \u2013 RBC Gestion de patrimoine","isPartOf":{"@id":"https:\/\/www.rbcwealthmanagement.com\/fr-ca\/#website"},"datePublished":"2021-12-13T16:44:53+00:00","dateModified":"2023-11-01T14:46:13+00:00","description":"Que nos clients soient chez nous ou \u00e0 l\u2019\u00e9tranger, nous profitons de la diversit\u00e9 de nos exp\u00e9riences et connaissances pour combler leurs besoins financiers individuels.","breadcrumb":{"@id":"https:\/\/www.rbcwealthmanagement.com\/fr-ca\/about\/leadership#breadcrumb"},"inLanguage":"fr-CA","potentialAction":[{"@type":"ReadAction","target":["https:\/\/www.rbcwealthmanagement.com\/fr-ca\/about\/leadership"]}]},{"@type":"BreadcrumbList","@id":"https:\/\/www.rbcwealthmanagement.com\/fr-ca\/about\/leadership#breadcrumb","itemListElement":[{"@type":"ListItem","position":1,"name":"Home","item":"https:\/\/www.rbcwealthmanagement.com\/fr-ca\/"},{"@type":"ListItem","position":2,"name":"\u00c0 propos de nous","item":"https:\/\/www.rbcwealthmanagement.com\/fr-ca\/about"},{"@type":"ListItem","position":3,"name":"Notre \u00e9quipe de direction"}]},{"@type":"WebSite","@id":"https:\/\/www.rbcwealthmanagement.com\/fr-ca\/#website","url":"https:\/\/www.rbcwealthmanagement.com\/fr-ca\/","name":"RBC Gestion de patrimoine","description":"","publisher":{"@id":"https:\/\/www.rbcwealthmanagement.com\/fr-ca\/#organization"},"potentialAction":[{"@type":"SearchAction","target":{"@type":"EntryPoint","urlTemplate":"https:\/\/www.rbcwealthmanagement.com\/fr-ca\/?s={search_term_string}"},"query-input":{"@type":"PropertyValueSpecification","valueRequired":true,"valueName":"search_term_string"}}],"inLanguage":"fr-CA"},{"@type":"Organization","@id":"https:\/\/www.rbcwealthmanagement.com\/fr-ca\/#organization","name":"RBC Gestion de Patrimoine","alternateName":"RBC Gestion de Patrimoine","url":"https:\/\/www.rbcwealthmanagement.com\/fr-ca\/","logo":{"@type":"ImageObject","inLanguage":"fr-CA","@id":"https:\/\/www.rbcwealthmanagement.com\/fr-ca\/#\/schema\/logo\/image\/","url":"https:\/\/www.rbcwealthmanagement.com\/fr-ca\/wp-content\/uploads\/sites\/6\/2023\/02\/rbc.png","contentUrl":"https:\/\/www.rbcwealthmanagement.com\/fr-ca\/wp-content\/uploads\/sites\/6\/2023\/02\/rbc.png","width":3000,"height":2000,"caption":"RBC Gestion de Patrimoine"},"image":{"@id":"https:\/\/www.rbcwealthmanagement.com\/fr-ca\/#\/schema\/logo\/image\/"}}]}},"jetpack_sharing_enabled":true,"publishpress_future_action":{"enabled":false,"date":"2026-04-29 07:20:57","action":"change-status","newStatus":"draft","terms":[],"taxonomy":"rbcwm_content_owner","extraData":[]},"publishpress_future_workflow_manual_trigger":{"enabledWorkflows":[]},"distributor_meta":false,"distributor_terms":false,"distributor_media":false,"distributor_original_site_name":"RBC Gestion de patrimoine","distributor_original_site_url":"https:\/\/www.rbcwealthmanagement.com\/fr-ca","push-errors":false,"last_revision_date":"2024-09-10 15:48:24","_links":{"self":[{"href":"https:\/\/www.rbcwealthmanagement.com\/fr-ca\/wp-json\/wp\/v2\/pages\/60","targetHints":{"allow":["GET"]}}],"collection":[{"href":"https:\/\/www.rbcwealthmanagement.com\/fr-ca\/wp-json\/wp\/v2\/pages"}],"about":[{"href":"https:\/\/www.rbcwealthmanagement.com\/fr-ca\/wp-json\/wp\/v2\/types\/page"}],"author":[{"embeddable":true,"href":"https:\/\/www.rbcwealthmanagement.com\/fr-ca\/wp-json\/wp\/v2\/users\/69"}],"replies":[{"embeddable":true,"href":"https:\/\/www.rbcwealthmanagement.com\/fr-ca\/wp-json\/wp\/v2\/comments?post=60"}],"version-history":[{"count":5,"href":"https:\/\/www.rbcwealthmanagement.com\/fr-ca\/wp-json\/wp\/v2\/pages\/60\/revisions"}],"predecessor-version":[{"id":23149,"href":"https:\/\/www.rbcwealthmanagement.com\/fr-ca\/wp-json\/wp\/v2\/pages\/60\/revisions\/23149"}],"up":[{"embeddable":true,"href":"https:\/\/www.rbcwealthmanagement.com\/fr-ca\/wp-json\/wp\/v2\/pages\/42"}],"wp:attachment":[{"href":"https:\/\/www.rbcwealthmanagement.com\/fr-ca\/wp-json\/wp\/v2\/media?parent=60"}],"wp:term":[{"taxonomy":"rbcwm_content_owner","embeddable":true,"href":"https:\/\/www.rbcwealthmanagement.com\/fr-ca\/wp-json\/wp\/v2\/rbcwm_content_owner?post=60"}],"curies":[{"name":"wp","href":"https:\/\/api.w.org\/{rel}","templated":true}]}}