{"id":64,"date":"2023-02-13T16:19:22","date_gmt":"2022-07-12T15:15:59","guid":{"rendered":"https:\/\/www.rbcwealthmanagement.com\/fr-ca\/?page_id=64"},"modified":"2023-12-06T16:56:23","modified_gmt":"2023-12-06T21:56:23","slug":"experienced-advisor","status":"publish","type":"page","link":"https:\/\/www.rbcwealthmanagement.com\/fr-ca\/careers\/experienced-advisor","title":{"rendered":"Conseillers exp\u00e9riment\u00e9s"},"content":{"rendered":"\n<div class=\"wp-block-rbcwm-hero-block rbc-hero-wm rbc-hero-has-image-bleed rbc-hero-overlap rbc-hero-overlap-mobile\"><div class=\"container\"><div class=\"row no-gutters\"><div class=\"col-lg-7\"><div class=\"rbc-card rbc-hero-card rbc-hero\"><div class=\"rbc-card-wrap\"><div class=\"rbc-card-body\"><div class=\"rbc-hero-body-content\"><h1 class=\"rbc-hero-title\"><span>Augmentez votre volume d\u2019affaires avec nous<\/span><\/h1><span class=\"rbc-hero-category\"><span>Conseillers financiers aguerris<\/span><\/span><hr class=\"rbc-hero-hr hr-mini bdr-accent\"\/>\n<p class=\"is-style-hero-subtitle\">Nous mettons \u00e0 votre disposition des programmes, des technologies et un soutien pour assurer la r\u00e9ussite de vos clients. Nous sommes les leaders de la gestion de patrimoine au Canada. Laissez-nous vous montrer ce qui nous diff\u00e9rencie.<\/p>\n<\/div><\/div><\/div><\/div><\/div><div class=\"rbc-hero-img-wrap col-lg-5 order-2 order-lg-1 \"><div class=\"rbc-hero-img bleed-img-right\" style=\"background-image:url(https:\/\/www.rbcwealthmanagement.com\/en-ca\/wp-content\/uploads\/sites\/5\/2023\/05\/couple-meeting-with-advisor.png?w=1600);background-position:center bottom\"><\/div><\/div><\/div><\/div><\/div>\n\n\n\n<section class=\"wp-block-rbcwm-image-block rbc-block rbc-block-image rbc-block-grey rbc-block-image-bleed rbc-block-image-mobile-bottom has-block-grey-background-color has-background\"><div class=\"container rbc-block-image-container\"><div class=\"row justify-content-between h-100 no-gutters\">\n<div class=\"wp-block-rbcwm-block-image-content rbc-block-image-content rbc-block-image-content-center col-lg-6 order-2 order-lg-1\"><div class=\"rbc-block-image-bleed-body wrap\">\n<h2 class=\"wp-block-heading\">Qu&rsquo;est-ce qui explique l&rsquo;excellence de nos conseillers ?<\/h2>\n\n\n\n<p>Notre but est de vous aider \u00e0 vous concentrer sur la r\u00e9ussite de vos clients et \u00e0 diversifier vos activit\u00e9s. \u00c0 RBC Gestion de patrimoine, vous pourrez profiter :<\/p>\n\n\n\n<ul class=\"wp-block-list\">\n<li>d\u2019une culture de l\u2019autonomie<\/li>\n\n\n\n<li>d\u2019une technologie et de recherches de pointe<\/li>\n\n\n\n<li>d\u2019un engagement envers la collaboration et l\u2019excellence<\/li>\n\n\n\n<li>d\u2019une exp\u00e9rience en ligne \u00e9volu\u00e9e pour les clients<\/li>\n\n\n\n<li>d\u2019un soutien pour assurer une transition harmonieuse<\/li>\n\n\n\n<li>de l\u2019aide de notre \u00e9quipe de professionnels du domaine<\/li>\n<\/ul>\n\n\n\n<h3 class=\"wp-block-heading\">Notre engagement constant envers la relation conseiller-client<\/h3>\n\n\n\n<p>Vos relations \u00e0 long terme avec vos clients sont le fondement de notre entreprise. Chez RBC Gestion de patrimoine, nous vous donnons l\u2019autonomie n\u00e9cessaire pour g\u00e9rer et diversifier vos activit\u00e9s. Une exp\u00e9rience conseill\u00e9e exceptionnelle cr\u00e9e une exp\u00e9rience client de premier ordre. Nous cherchons donc \u00e0 vous procurer la technologie et l\u2019assistance dont vous avez besoin pour servir vos clients.<\/p>\n\n\n\n<h3 class=\"wp-block-heading\">Ressources pour appuyer votre croissance<\/h3>\n\n\n\n<p>Nous avons des \u00e9quipes de consultants sp\u00e9cialis\u00e9s, vers\u00e9s dans le marketing, la gestion des activit\u00e9s professionnelles et l\u2019analyse de donn\u00e9es strat\u00e9giques. Nous sommes toujours pr\u00eats \u00e0 vous \u00e9pauler pour l\u2019expansion de vos activit\u00e9s. Bon nombre de ces sp\u00e9cialistes ont occup\u00e9 des postes en succursale dans le pass\u00e9. Ils connaissent votre m\u00e9tier et savent pertinemment quels sont vos besoins et vos occasions d\u2019affaires.<\/p>\n<\/div><\/div>\n\n\n\n<div class=\"wp-block-rbcwm-blockimage-image col-lg-5 order-0 rbc-block-image-bleed-col order-4 order-lg-2\"><div class=\"rbc-block-image-bleed-img-wrap \"><div class=\"rbc-block-image-img rbc-block-image-bleed-img bleed-img-right\" style=\"background-position:center bottom\" data-src=\"https:\/\/www.rbcwealthmanagement.com\/en-ca\/wp-content\/uploads\/sites\/5\/2023\/02\/David-Agnew.png\" data-lazy=\"true\" data-observe=\"{&quot;add&quot;:&quot;ani-opacity&quot;,&quot;remove&quot;:&quot;ani-opacity-from&quot;}\"><\/div><\/div>\n<div class=\"wp-block-rbcwm-card rbc-card rbc-block-image-bleed-content rbc-block-image-bleed-content-desktop rbc-card-flush-x-mobile\"><div class=\"rbc-card-wrap\"><div class=\"rbc-card-body\"><div class=\"rbc-card-icon c-white d-none d-lg-flex b-primary\" style=\"\"><div class=\"rbc-icon fa-2x\"><i aria-hidden=\"true\" role=\"img\" class=\"rbc-icon-img fal fa-angle-double-left\"><\/i><\/div><\/div><div>\n<figure class=\"wp-block-rbcwm-blockquote mb-0\"><blockquote class=\"rbc-display mb-1\">Un conseiller exploite la richesse des outils \u00e0 sa disposition pour offrir une prestation simple et transparente. Il s&rsquo;agit de tirer parti de l&rsquo;esprit entrepreneurial de chaque conseiller. Voil\u00e0 ce que vous offre RBC Gestion de patrimoine.<\/blockquote><figcaption class=\"regular\">\n<p><a href=\"https:\/\/www.rbcwealthmanagement.com\/fr-ca\/people\/david-agnew\/\" data-type=\"rbcwm_people\" data-id=\"981\" class=\"border-bottom-0\">David Agnew<\/a><br>Chef de la direction<br>RBC Gestion de patrimoine \u2013 Canada<\/p>\n<\/figcaption><\/figure>\n<\/div><\/div><\/div><\/div>\n<\/div>\n<\/div><\/div><\/section>\n\n\n\n<section class=\"wp-block-rbcwm-rbc-block rbc-block rbc-block-flush-bottom rbc-block-grey rbc-block-has-overlap rbc-block-small has-block-grey-background-color has-background\"><div class=\"container\"><div class=\"row \"><div class=\"col-lg-12\">\n<div class=\"wp-block-rbcwm-rbc-button alignfull rbc-button-block row no-gutters align-items-end b-white blockId-6e90f073-8bf2-4c9e-aa81-56b30d30be1b blockId-abc28d1e-1c47-4902-ab97-00f46f2d6ac9 overlap-bottom\"><div class=\"rbc-card\"><div class=\"rbc-card-wrap\"><div class=\"rbc-card-body\"><div class=\"row\"><div class=\"col-lg-8\"><h3 class=\"mb-0 rbc-button-block-title\"><span>Entamez la conversation<\/span><\/h3><hr class=\"hr-mini my-1-half bdr-warm-grey\"\/>\n<p class=\"paragraph-intro\">Passez \u00e0 la prochaine \u00e9tape de votre carri\u00e8re \u00e0 RBC Gestion de patrimoine.<\/p>\n<\/div><\/div><\/div><\/div><\/div><div class=\"col-lg-7\"><a href=\"https:\/\/www.rbcwealthmanagement.com\/fr-ca\/contact\/\" class=\"rbc-button rbc-button-block-cta rbc-button-large rbc-button-warm-grey rbc-button-block\"><div class=\"rbc-icon rbc-button-icon-right\"><i aria-hidden=\"true\" role=\"img\" class=\"rbc-icon-img fal fa-fal fa-angle-right\"><\/i><\/div><span>Nous joindre<\/span><\/a><\/div><\/div>\n<\/div><\/div><\/div><\/section>\n\n\n\n<section class=\"wp-block-rbcwm-image-block rbc-block rbc-block-image rbc-block-image-bleed rbc-block-image-mobile-bottom has-white-background-color has-background\"><div class=\"container rbc-block-image-container\"><div class=\"row justify-content-between h-100 no-gutters\">\n<div class=\"wp-block-rbcwm-block-image-content rbc-block-image-content rbc-block-image-content-center col-lg-6 order-2 order-lg-1\"><div class=\"rbc-block-image-bleed-body wrap\">\n<h3 class=\"wp-block-heading\">Solutions ax\u00e9es sur le client<\/h3>\n\n\n\n<p>En qualit\u00e9 de conseiller de RBC Gestion de patrimoine, vous pouvez offrir \u00e0 vos clients un \u00e9ventail de solutions int\u00e9gr\u00e9es. Votre \u00e9quipe et vos clients ont acc\u00e8s \u00e0 l\u2019\u00e9ventail complet des services de RBC, y compris la gestion priv\u00e9e, les fiducies et les successions, sans oublier le soutien de notre \u00e9quipe hors pair de Services de gestion de patrimoine RBC.<\/p>\n\n\n\n<h3 class=\"wp-block-heading\">Fonctionnalit\u00e9s num\u00e9riques et intelligentes<\/h3>\n\n\n\n<p>Gr\u00e2ce \u00e0 nos investissements constants en technologie, le travail devient plus efficace pour votre \u00e9quipe et vous. Vous pouvez num\u00e9riser les t\u00e2ches routini\u00e8res, exploiter des processus automatis\u00e9s et mener vos activit\u00e9s o\u00f9 que vous soyez. Vos clients profiteront d\u2019une exp\u00e9rience en ligne de pointe qui leur permet de consulter leurs comptes et de collaborer avec vous quand ils en ont besoin.<\/p>\n<\/div><\/div>\n\n\n\n<div class=\"wp-block-rbcwm-blockimage-image col-lg-5 order-0 rbc-block-image-bleed-col order-4 order-lg-2\"><div class=\"rbc-block-image-bleed-img-wrap \"><div class=\"rbc-block-image-img rbc-block-image-bleed-img bleed-img-right\" data-src=\"https:\/\/www.rbcwealthmanagement.com\/en-ca\/wp-content\/uploads\/sites\/5\/2023\/02\/Tony-Maiorino.png\" data-lazy=\"true\" data-observe=\"{&quot;add&quot;:&quot;ani-opacity&quot;,&quot;remove&quot;:&quot;ani-opacity-from&quot;}\"><\/div><\/div>\n<div class=\"wp-block-rbcwm-card rbc-card rbc-block-image-bleed-content rbc-block-image-bleed-content-desktop rbc-card-flush-x-mobile\"><div class=\"rbc-card-wrap\"><div class=\"rbc-card-body\"><div class=\"rbc-card-icon c-white d-none d-lg-flex b-primary\" style=\"\"><span aria-hidden=\"true\" class=\"georgia rbc-card-icon-quote\">\u201c<\/span><\/div><div>\n<figure class=\"wp-block-rbcwm-blockquote mb-0\"><blockquote class=\"rbc-display mb-1\">Notre \u00e9quipe, c&rsquo;est la v\u00f4tre \u00bb : qu&rsquo;il s&rsquo;agisse d&rsquo;expertise en fiscalit\u00e9, en droit ou en planification financi\u00e8re, vous ne serez jamais pris au d\u00e9pourvu.<\/blockquote><figcaption class=\"regular\">\n<p><a href=\"https:\/\/www.rbcwealthmanagement.com\/fr-ca\/people\/tony-maiorino\/\" data-type=\"rbcwm_people\" data-id=\"955\">Tony Maiorino<\/a><br>Vice-pr\u00e9sident et directeur g\u00e9n\u00e9ral, chef, Services de bureau de gestion familiale RBC<\/p>\n<\/figcaption><\/figure>\n<\/div><\/div><\/div><\/div>\n<\/div>\n<\/div><\/div><\/section>\n\n\n\n<section class=\"wp-block-rbcwm-image-block rbc-block rbc-block-image rbc-block-flush-bottom rbc-block-image-full has-parallax\"><div class=\"rbc-block-image-img rbc-block-image-full-img \" data-observe=\"{&quot;add&quot;:&quot;ani-opacity&quot;,&quot;remove&quot;:&quot;ani-opacity-from&quot;}\"><div class=\"rbc-block-image-parallax\" style=\"opacity:1\" data-src=\"https:\/\/www.rbcwealthmanagement.com\/fr-ca\/wp-content\/uploads\/sites\/6\/2023\/05\/rbc-office-tower.jpeg\" data-lazy=\"true\"><\/div><\/div><div class=\"container rbc-block-image-container\"><div class=\"row justify-content-between h-100\"><header class=\"col-lg-9 rbc-block-image-header\"><h2 class=\"rbc-block-image-title\"><span>Une r\u00e9putation et des ressources de calibre international<\/span><\/h2><\/header>\n<div class=\"wp-block-rbcwm-block-image-content rbc-block-image-content rbc-block-image-content-center col-12\"><div class=\"\">\n<div class=\"wp-block-rbcwm-columns staggered-wrap\"><style> .blockId-be003570-3fbe-41ed-85af-66d91d585818 { min-height: 35.625rem; } <\/style><div class=\"row staggered-row wrap blockId-be003570-3fbe-41ed-85af-66d91d585818\">\n<div class=\"wp-block-rbcwm-column col-lg-4 staggered-col mb-1\">\n<div class=\"wp-block-rbcwm-card rbc-card\" data-observe=\"{&quot;add&quot;:&quot;ani-opacity-up&quot;,&quot;remove&quot;:&quot;ani-opacity-up-from&quot;}\"><div class=\"rbc-card-wrap\"><div class=\"rbc-card-body\"><div>\n<h3 class=\"wp-block-heading h5\" id=\"h-une-equipe-devouee-de-consultants-et-de-specialistes-prets-a-vous-aider-dans-l-expansion-de-vos-affaires\">Une \u00e9quipe d\u00e9vou\u00e9e de consultants et de sp\u00e9cialistes pr\u00eats \u00e0 vous aider dans l\u2019expansion de vos affaires.<\/h3>\n\n\n\n<hr class=\"wp-block-separator has-alpha-channel-opacity is-style-mini-accent my-1\"\/>\n\n\n\n<h4 class=\"wp-block-heading h6 c-dark-grey mb-0\">Plus de 200<\/h4>\n\n\n\n<p class=\"c-dark-grey footnote mb-0\"><em><em>professionnels du droit, de la fiscalit\u00e9, des assurances et de la comptabilit\u00e9 sont pr\u00eats \u00e0 vous offrir tout leur savoir-faire.<\/em><\/em><\/p>\n<\/div><\/div><\/div><\/div>\n<\/div>\n\n\n\n<div class=\"wp-block-rbcwm-column col-lg-4 staggered-col mb-1\">\n<div class=\"wp-block-rbcwm-card rbc-card\" data-observe=\"{&quot;add&quot;:&quot;ani-opacity-up&quot;,&quot;remove&quot;:&quot;ani-opacity-up-from&quot;}\"><div class=\"rbc-card-wrap\"><div class=\"rbc-card-body\"><div>\n<h3 class=\"wp-block-heading h5\" id=\"h-pour-une-15e-annee-consecutive-la-societe-est-recompensee-sur-le-plan-national-pour-le-soutien-qu-elle-offre-a-ses-conseillers-en-placement\">Pour une 15e ann\u00e9e cons\u00e9cutive, la soci\u00e9t\u00e9 est r\u00e9compens\u00e9e sur le plan national pour le soutien qu\u2019elle offre \u00e0 ses conseillers en placement.<\/h3>\n\n\n\n<hr class=\"wp-block-separator has-alpha-channel-opacity is-style-mini-accent my-1\"\/>\n\n\n\n<h4 class=\"wp-block-heading h6 c-dark-grey mb-0\">Soci\u00e9t\u00e9 de courtage d\u00e9tenue par une banque la mieux not\u00e9e<\/h4>\n\n\n\n<p class=\"c-dark-grey footnote mb-0\"><em><em>Rapport 2021 sur le courtage du magazine Investment Executive RBC Dominion valeurs mobili\u00e8res<\/em><\/em><\/p>\n<\/div><\/div><\/div><\/div>\n<\/div>\n\n\n\n<div class=\"wp-block-rbcwm-column col-lg-4 staggered-col mb-1\">\n<div class=\"wp-block-rbcwm-card rbc-card\" data-observe=\"{&quot;add&quot;:&quot;ani-opacity-up&quot;,&quot;remove&quot;:&quot;ani-opacity-up-from&quot;}\"><div class=\"rbc-card-wrap\"><div class=\"rbc-card-body\"><div>\n<h3 class=\"wp-block-heading h5\" id=\"h-les-investissements-soutenus-dans-les-technologies-rehaussent-l-experience-client-et-la-productivite-des-conseillers\">Les investissements soutenus dans les technologies rehaussent l\u2019exp\u00e9rience client et la productivit\u00e9 des conseillers.<\/h3>\n\n\n\n<hr class=\"wp-block-separator has-alpha-channel-opacity is-style-mini-accent my-1\"\/>\n\n\n\n<h4 class=\"wp-block-heading h6 c-dark-grey mb-0\">Meilleure solution client innovante<\/h4>\n\n\n\n<p class=\"c-dark-grey footnote mb-0\"><em><em><em>Prix Family Wealth Report, 2020 et 2021<\/em><\/em><\/em><\/p>\n<\/div><\/div><\/div><\/div>\n<\/div>\n<\/div><\/div>\n\n\n\n<div class=\"wp-block-rbcwm-rbc-button alignfull rbc-button-block row no-gutters align-items-end b-white blockId-ef027cbe-a6d3-4c53-a147-8863e92fa195 blockId-473ca6cd-b508-48d7-ae96-05de38658dde rbc-block-spacer-t-sm overlap-bottom\"><div class=\"rbc-card\"><div class=\"rbc-card-wrap\"><div class=\"rbc-card-body\"><div class=\"row\"><div class=\"col-lg-8\"><h3 class=\"mb-0 rbc-button-block-title\"><span>D\u00e9couvrez comment RBC Gestion de patrimoine contribue \u00e0 la prosp\u00e9rit\u00e9 de votre entreprise.<\/span><\/h3><hr class=\"hr-mini my-1-half bdr-accent\"\/><\/div><\/div><\/div><\/div><\/div><div class=\"col-lg-5\"><a href=\"https:\/\/www.rbcwealthmanagement.com\/fr-ca\/contact\/\" class=\"rbc-button rbc-button-block-cta rbc-button-large rbc-button-secondary rbc-button-block\"><div class=\"rbc-icon rbc-button-icon-right\"><i aria-hidden=\"true\" role=\"img\" class=\"rbc-icon-img fal fa-fal fa-angle-right\"><\/i><\/div><span>Nous joindre<\/span><\/a><\/div><\/div>\n<\/div><\/div>\n<\/div><\/div><\/section>\n","protected":false},"excerpt":{"rendered":"<p>Nous offrons des programmes, des technologies et un soutien pour assurer la r\u00e9ussite des clients. D\u00e9couvrez pourquoi les conseillers financiers prosp\u00e8rent avec nous.<\/p>\n","protected":false},"author":35,"featured_media":0,"parent":62,"menu_order":0,"comment_status":"closed","ping_status":"closed","template":"","meta":{"_acf_changed":false,"editor_notices":[],"rbc_url_alias":"careers\/experienced-advisor","footnotes":""},"rbcwm_content_owner":[],"class_list":["post-64","page","type-page","status-publish","hentry"],"acf":[],"yoast_head":"<!-- This site is optimized with the Yoast SEO Premium plugin v24.8 (Yoast SEO v26.8) - https:\/\/yoast.com\/product\/yoast-seo-premium-wordpress\/ -->\n<title>Conseillers financiers exp\u00e9riment\u00e9s \u2013 RBC\u00a0Gestion de patrimoine<\/title>\n<meta name=\"description\" content=\"Nous offrons des programmes, des technologies et un soutien pour assurer la r\u00e9ussite des clients. D\u00e9couvrez pourquoi les conseillers financiers prosp\u00e8rent avec nous.\" \/>\n<meta name=\"robots\" content=\"index, follow, max-snippet:-1, max-image-preview:large, max-video-preview:-1\" \/>\n<link rel=\"canonical\" href=\"https:\/\/www.rbcwealthmanagement.com\/fr-ca\/careers\/experienced-advisor\" \/>\n<meta property=\"og:locale\" content=\"fr_CA\" \/>\n<meta property=\"og:type\" content=\"article\" \/>\n<meta property=\"og:title\" content=\"Conseillers exp\u00e9riment\u00e9s\" \/>\n<meta property=\"og:description\" content=\"Nous offrons des programmes, des technologies et un soutien pour assurer la r\u00e9ussite des clients. D\u00e9couvrez pourquoi les conseillers financiers prosp\u00e8rent avec nous.\" \/>\n<meta property=\"og:url\" content=\"https:\/\/www.rbcwealthmanagement.com\/fr-ca\/careers\/experienced-advisor\" \/>\n<meta property=\"og:site_name\" content=\"RBC Gestion de patrimoine\" \/>\n<meta property=\"article:modified_time\" content=\"2023-12-06T21:56:23+00:00\" \/>\n<meta property=\"og:image\" content=\"https:\/\/www.rbcwealthmanagement.com\/fr-ca\/wp-content\/uploads\/sites\/6\/2023\/02\/share-logo-1200x630-1.png\" \/>\n\t<meta property=\"og:image:width\" content=\"1200\" \/>\n\t<meta property=\"og:image:height\" content=\"630\" \/>\n\t<meta property=\"og:image:type\" content=\"image\/png\" \/>\n<meta name=\"twitter:card\" content=\"summary_large_image\" \/>\n<meta name=\"twitter:title\" content=\"Conseillers exp\u00e9riment\u00e9s\" \/>\n<meta name=\"twitter:description\" content=\"Nous offrons des programmes, des technologies et un soutien pour assurer la r\u00e9ussite des clients. D\u00e9couvrez pourquoi les conseillers financiers prosp\u00e8rent avec nous.\" \/>\n<meta name=\"twitter:label1\" content=\"Est. reading time\" \/>\n\t<meta name=\"twitter:data1\" content=\"3 minutes\" \/>\n<script type=\"application\/ld+json\" class=\"yoast-schema-graph\">{\"@context\":\"https:\/\/schema.org\",\"@graph\":[{\"@type\":\"WebPage\",\"@id\":\"https:\/\/www.rbcwealthmanagement.com\/fr-ca\/careers\/experienced-advisor\",\"url\":\"https:\/\/www.rbcwealthmanagement.com\/fr-ca\/careers\/experienced-advisor\",\"name\":\"Conseillers financiers exp\u00e9riment\u00e9s \u2013 RBC\u00a0Gestion de patrimoine\",\"isPartOf\":{\"@id\":\"https:\/\/www.rbcwealthmanagement.com\/fr-ca\/#website\"},\"datePublished\":\"2022-07-12T15:15:59+00:00\",\"dateModified\":\"2023-12-06T21:56:23+00:00\",\"description\":\"Nous offrons des programmes, des technologies et un soutien pour assurer la r\u00e9ussite des clients. D\u00e9couvrez pourquoi les conseillers financiers prosp\u00e8rent avec nous.\",\"breadcrumb\":{\"@id\":\"https:\/\/www.rbcwealthmanagement.com\/fr-ca\/careers\/experienced-advisor#breadcrumb\"},\"inLanguage\":\"fr-CA\",\"potentialAction\":[{\"@type\":\"ReadAction\",\"target\":[\"https:\/\/www.rbcwealthmanagement.com\/fr-ca\/careers\/experienced-advisor\"]}]},{\"@type\":\"BreadcrumbList\",\"@id\":\"https:\/\/www.rbcwealthmanagement.com\/fr-ca\/careers\/experienced-advisor#breadcrumb\",\"itemListElement\":[{\"@type\":\"ListItem\",\"position\":1,\"name\":\"Home\",\"item\":\"https:\/\/www.rbcwealthmanagement.com\/fr-ca\/\"},{\"@type\":\"ListItem\",\"position\":2,\"name\":\"Carri\u00e8res\",\"item\":\"https:\/\/www.rbcwealthmanagement.com\/fr-ca\/careers\"},{\"@type\":\"ListItem\",\"position\":3,\"name\":\"Conseillers exp\u00e9riment\u00e9s\"}]},{\"@type\":\"WebSite\",\"@id\":\"https:\/\/www.rbcwealthmanagement.com\/fr-ca\/#website\",\"url\":\"https:\/\/www.rbcwealthmanagement.com\/fr-ca\/\",\"name\":\"RBC Gestion de patrimoine\",\"description\":\"\",\"publisher\":{\"@id\":\"https:\/\/www.rbcwealthmanagement.com\/fr-ca\/#organization\"},\"potentialAction\":[{\"@type\":\"SearchAction\",\"target\":{\"@type\":\"EntryPoint\",\"urlTemplate\":\"https:\/\/www.rbcwealthmanagement.com\/fr-ca\/?s={search_term_string}\"},\"query-input\":{\"@type\":\"PropertyValueSpecification\",\"valueRequired\":true,\"valueName\":\"search_term_string\"}}],\"inLanguage\":\"fr-CA\"},{\"@type\":\"Organization\",\"@id\":\"https:\/\/www.rbcwealthmanagement.com\/fr-ca\/#organization\",\"name\":\"RBC Gestion de Patrimoine\",\"alternateName\":\"RBC Gestion de Patrimoine\",\"url\":\"https:\/\/www.rbcwealthmanagement.com\/fr-ca\/\",\"logo\":{\"@type\":\"ImageObject\",\"inLanguage\":\"fr-CA\",\"@id\":\"https:\/\/www.rbcwealthmanagement.com\/fr-ca\/#\/schema\/logo\/image\/\",\"url\":\"https:\/\/www.rbcwealthmanagement.com\/fr-ca\/wp-content\/uploads\/sites\/6\/2023\/02\/rbc.png\",\"contentUrl\":\"https:\/\/www.rbcwealthmanagement.com\/fr-ca\/wp-content\/uploads\/sites\/6\/2023\/02\/rbc.png\",\"width\":3000,\"height\":2000,\"caption\":\"RBC Gestion de Patrimoine\"},\"image\":{\"@id\":\"https:\/\/www.rbcwealthmanagement.com\/fr-ca\/#\/schema\/logo\/image\/\"}}]}<\/script>\n<!-- \/ Yoast SEO Premium plugin. -->","yoast_head_json":{"title":"Conseillers financiers exp\u00e9riment\u00e9s \u2013 RBC\u00a0Gestion de patrimoine","description":"Nous offrons des programmes, des technologies et un soutien pour assurer la r\u00e9ussite des clients. D\u00e9couvrez pourquoi les conseillers financiers prosp\u00e8rent avec nous.","robots":{"index":"index","follow":"follow","max-snippet":"max-snippet:-1","max-image-preview":"max-image-preview:large","max-video-preview":"max-video-preview:-1"},"canonical":"https:\/\/www.rbcwealthmanagement.com\/fr-ca\/careers\/experienced-advisor","og_locale":"fr_CA","og_type":"article","og_title":"Conseillers exp\u00e9riment\u00e9s","og_description":"Nous offrons des programmes, des technologies et un soutien pour assurer la r\u00e9ussite des clients. D\u00e9couvrez pourquoi les conseillers financiers prosp\u00e8rent avec nous.","og_url":"https:\/\/www.rbcwealthmanagement.com\/fr-ca\/careers\/experienced-advisor","og_site_name":"RBC Gestion de patrimoine","article_modified_time":"2023-12-06T21:56:23+00:00","og_image":[{"width":1200,"height":630,"url":"https:\/\/www.rbcwealthmanagement.com\/fr-ca\/wp-content\/uploads\/sites\/6\/2023\/02\/share-logo-1200x630-1.png","type":"image\/png"}],"twitter_card":"summary_large_image","twitter_title":"Conseillers exp\u00e9riment\u00e9s","twitter_description":"Nous offrons des programmes, des technologies et un soutien pour assurer la r\u00e9ussite des clients. D\u00e9couvrez pourquoi les conseillers financiers prosp\u00e8rent avec nous.","twitter_misc":{"Est. reading time":"3 minutes"},"schema":{"@context":"https:\/\/schema.org","@graph":[{"@type":"WebPage","@id":"https:\/\/www.rbcwealthmanagement.com\/fr-ca\/careers\/experienced-advisor","url":"https:\/\/www.rbcwealthmanagement.com\/fr-ca\/careers\/experienced-advisor","name":"Conseillers financiers exp\u00e9riment\u00e9s \u2013 RBC\u00a0Gestion de patrimoine","isPartOf":{"@id":"https:\/\/www.rbcwealthmanagement.com\/fr-ca\/#website"},"datePublished":"2022-07-12T15:15:59+00:00","dateModified":"2023-12-06T21:56:23+00:00","description":"Nous offrons des programmes, des technologies et un soutien pour assurer la r\u00e9ussite des clients. D\u00e9couvrez pourquoi les conseillers financiers prosp\u00e8rent avec nous.","breadcrumb":{"@id":"https:\/\/www.rbcwealthmanagement.com\/fr-ca\/careers\/experienced-advisor#breadcrumb"},"inLanguage":"fr-CA","potentialAction":[{"@type":"ReadAction","target":["https:\/\/www.rbcwealthmanagement.com\/fr-ca\/careers\/experienced-advisor"]}]},{"@type":"BreadcrumbList","@id":"https:\/\/www.rbcwealthmanagement.com\/fr-ca\/careers\/experienced-advisor#breadcrumb","itemListElement":[{"@type":"ListItem","position":1,"name":"Home","item":"https:\/\/www.rbcwealthmanagement.com\/fr-ca\/"},{"@type":"ListItem","position":2,"name":"Carri\u00e8res","item":"https:\/\/www.rbcwealthmanagement.com\/fr-ca\/careers"},{"@type":"ListItem","position":3,"name":"Conseillers exp\u00e9riment\u00e9s"}]},{"@type":"WebSite","@id":"https:\/\/www.rbcwealthmanagement.com\/fr-ca\/#website","url":"https:\/\/www.rbcwealthmanagement.com\/fr-ca\/","name":"RBC Gestion de patrimoine","description":"","publisher":{"@id":"https:\/\/www.rbcwealthmanagement.com\/fr-ca\/#organization"},"potentialAction":[{"@type":"SearchAction","target":{"@type":"EntryPoint","urlTemplate":"https:\/\/www.rbcwealthmanagement.com\/fr-ca\/?s={search_term_string}"},"query-input":{"@type":"PropertyValueSpecification","valueRequired":true,"valueName":"search_term_string"}}],"inLanguage":"fr-CA"},{"@type":"Organization","@id":"https:\/\/www.rbcwealthmanagement.com\/fr-ca\/#organization","name":"RBC Gestion de Patrimoine","alternateName":"RBC Gestion de Patrimoine","url":"https:\/\/www.rbcwealthmanagement.com\/fr-ca\/","logo":{"@type":"ImageObject","inLanguage":"fr-CA","@id":"https:\/\/www.rbcwealthmanagement.com\/fr-ca\/#\/schema\/logo\/image\/","url":"https:\/\/www.rbcwealthmanagement.com\/fr-ca\/wp-content\/uploads\/sites\/6\/2023\/02\/rbc.png","contentUrl":"https:\/\/www.rbcwealthmanagement.com\/fr-ca\/wp-content\/uploads\/sites\/6\/2023\/02\/rbc.png","width":3000,"height":2000,"caption":"RBC Gestion de Patrimoine"},"image":{"@id":"https:\/\/www.rbcwealthmanagement.com\/fr-ca\/#\/schema\/logo\/image\/"}}]}},"jetpack_sharing_enabled":true,"publishpress_future_action":{"enabled":false,"date":"2026-04-19 06:44:46","action":"change-status","newStatus":"draft","terms":[],"taxonomy":"rbcwm_content_owner","extraData":[]},"publishpress_future_workflow_manual_trigger":{"enabledWorkflows":[]},"distributor_meta":false,"distributor_terms":false,"distributor_media":false,"distributor_original_site_name":"RBC Gestion de patrimoine","distributor_original_site_url":"https:\/\/www.rbcwealthmanagement.com\/fr-ca","push-errors":false,"last_revision_date":"2023-12-06 16:56:22","_links":{"self":[{"href":"https:\/\/www.rbcwealthmanagement.com\/fr-ca\/wp-json\/wp\/v2\/pages\/64","targetHints":{"allow":["GET"]}}],"collection":[{"href":"https:\/\/www.rbcwealthmanagement.com\/fr-ca\/wp-json\/wp\/v2\/pages"}],"about":[{"href":"https:\/\/www.rbcwealthmanagement.com\/fr-ca\/wp-json\/wp\/v2\/types\/page"}],"author":[{"embeddable":true,"href":"https:\/\/www.rbcwealthmanagement.com\/fr-ca\/wp-json\/wp\/v2\/users\/35"}],"replies":[{"embeddable":true,"href":"https:\/\/www.rbcwealthmanagement.com\/fr-ca\/wp-json\/wp\/v2\/comments?post=64"}],"version-history":[{"count":14,"href":"https:\/\/www.rbcwealthmanagement.com\/fr-ca\/wp-json\/wp\/v2\/pages\/64\/revisions"}],"predecessor-version":[{"id":19559,"href":"https:\/\/www.rbcwealthmanagement.com\/fr-ca\/wp-json\/wp\/v2\/pages\/64\/revisions\/19559"}],"up":[{"embeddable":true,"href":"https:\/\/www.rbcwealthmanagement.com\/fr-ca\/wp-json\/wp\/v2\/pages\/62"}],"wp:attachment":[{"href":"https:\/\/www.rbcwealthmanagement.com\/fr-ca\/wp-json\/wp\/v2\/media?parent=64"}],"wp:term":[{"taxonomy":"rbcwm_content_owner","embeddable":true,"href":"https:\/\/www.rbcwealthmanagement.com\/fr-ca\/wp-json\/wp\/v2\/rbcwm_content_owner?post=64"}],"curies":[{"name":"wp","href":"https:\/\/api.w.org\/{rel}","templated":true}]}}