{"id":66,"date":"2023-02-13T16:20:18","date_gmt":"2023-02-13T16:20:18","guid":{"rendered":"https:\/\/www.rbcwealthmanagement.com\/fr-ca\/?page_id=66"},"modified":"2025-11-26T14:35:12","modified_gmt":"2025-11-26T19:35:12","slug":"diversity-and-inclusion","status":"publish","type":"page","link":"https:\/\/www.rbcwealthmanagement.com\/fr-ca\/careers\/diversity-and-inclusion","title":{"rendered":"Diversit\u00e9 et inclusion au travail"},"content":{"rendered":"\n<div class=\"wp-block-rbcwm-hero-block rbc-hero-wm rbc-hero-has-image-bleed rbc-hero-overlap rbc-hero-overlap-mobile rbc-hero-app2aaf82 hide-mobile-energy-lines rbc-hero-pb\"><style>\n\t\t.rbc-hero-app2aaf82.is-style-rbc-hero-gradient::before {\n\t\t\tbackground: linear-gradient(90deg, #023169 20%, rgba(94, 120, 131, 0) 60%);\n\t\t}\n\n\t\t.rbc-hero-app2aaf82.is-style-rbc-hero-gradient.rbc-hero-has-image-bleed::before {\n\t\t\tbackground: linear-gradient(90deg, #023169 20%, rgba(94, 120, 131, 0) 60%);\n\t\t}\n\n\t\t.rbc-hero-app2aaf82.is-style-rbc-hero-gradient.rbc-hero-has-image-bottom::before {\n\t\t\tbackground: linear-gradient(180deg, #023169 20%, rgba(94, 120, 131, 0) 60%);\n\t\t}\n\n\t\t.rbc-hero-app2aaf82 .rbc-hero-energy-lines.rbc-hero-energy-lines-left {\n\t\t\ttransform: scaleX(-1);\n\t\t}\n\n\t\t@media (max-width: 991px) {\n\t\t\t.rbc-hero-app2aaf82.is-style-rbc-hero-gradient::before,\n\t\t\t.rbc-hero-app2aaf82.is-style-rbc-hero-gradient.rbc-hero-has-image-bottom::before,\n\t\t\t.rbc-hero-app2aaf82.is-style-rbc-hero-gradient.rbc-hero-has-image-bleed::before {\n\t\t\t\tbackground: none;\n\t\t\t}\n\n\t\t\t.rbc-hero-app2aaf82.rbc-hero-has-image-full.hide-mobile-energy-lines .rbc-hero-energy-lines {\n\t\t\t\tdisplay: none;\n\t\t\t}\n\n\t\t\t.wp-block-rbcwm-hero-block.rbc-hero-app2aaf82.is-style-rbc-hero-gradient .rbc-hero-img-wrap::after {\n\t\t\t\tbackground: linear-gradient( 0deg, #023169 0%, rgba(94, 120, 131, 0) 25% );\n\t\t\t}\n\t\t\t\n\t\t\t.wp-block-rbcwm-hero-block.rbc-hero-app2aaf82.is-style-rbc-hero-gradient.rbc-hero-has-image-bottom .rbc-hero-img-wrap::before,\n            .wp-block-rbcwm-hero-block.rbc-hero-app2aaf82.is-style-rbc-hero-gradient.rbc-hero-has-image-bottom .container .rbc-hero-img-wrap::before {\n\t\t\t\tbackground: linear-gradient( 180deg, #023169 0%, rgba( 94, 120, 131, 0 ) 25% );\n\t\t\t}\n\t\t\t\n\t\t\t.wp-block-rbcwm-hero-block.rbc-hero-app2aaf82.is-style-rbc-hero-gradient .rbc-hero-card {\n\t\t\t\tbackground: #023169;\n\t\t\t}\n\t\t}\n\t<\/style><div class=\"container\"><div class=\"row no-gutters\"><div class=\"col-lg-7 rbc-hero-card-content\"><div class=\"rbc-card rbc-hero-card rbc-hero has-content\"><div class=\"rbc-card-wrap\"><div class=\"rbc-card-body\"><div class=\"rbc-hero-body-content\"><h1 class=\"rbc-hero-title\"><span>Nos diff\u00e9rences nous rendent plus forts<\/span><\/h1><span class=\"rbc-hero-category\"><span>Respect<\/span><\/span><hr class=\"rbc-hero-hr hr-mini bdr-accent\" \/>\n<p>Nous favorisons une culture d\u2019empathie, d\u2019inclusion, de confiance et d\u2019humilit\u00e9, o\u00f9 nos coll\u00e8gues, nos clients et nos collectivit\u00e9s peuvent donner le meilleur d\u2019eux-m\u00eames, partager des id\u00e9es en toute confiance et r\u00e9ussir ensemble.<\/p>\n<\/div><\/div><\/div><\/div><\/div><div class=\"rbc-hero-img-wrap col-lg-5 order-2 order-lg-1\"><div class=\"rbc-hero-img bleed-img-right  \" style=\"background-image:url(https:\/\/www.rbcwealthmanagement.com\/en-ca\/wp-content\/uploads\/sites\/5\/2023\/05\/three-women-at-computer.webp?w=1600)\"><\/div><\/div><\/div><\/div><\/div>\n\n\n\n<section class=\"wp-block-rbcwm-rbc-block rbc-block rbc-block-grey has-block-grey-background-color has-background\"><div class=\"container\"><div class=\"row \"><div class=\"col-lg-12\">\n<div class=\"row justify-content-between no-gutters wrap blockId-a823deed-f56f-4820-9e4e-3b7d5382d071\">\n<div class=\"wp-block-rbcwm-column col-lg-8\">\n<h2 class=\"wp-block-heading\">Encourager la croissance et les occasions<\/h2>\n\n\n\n<p>Gr\u00e2ce au maintien d\u2019un milieu de travail inclusif chez RBC Gestion de patrimoine, nous cr\u00e9ons des occasions qui permettent \u00e0 nos employ\u00e9s de collaborer, de se perfectionner et d\u2019inspirer de bons changements. La prosp\u00e9rit\u00e9 et la croissance de nos employ\u00e9s ont un effet d\u2019entra\u00eenement sur nous aussi. Notre capacit\u00e9 \u00e0 innover repose sur des perspectives, des id\u00e9es et des opinions vari\u00e9es pour remettre en question le statu quo.<\/p>\n\n\n\n<p>Nous nous engageons \u00e0 b\u00e2tir une main-d\u2019\u0153uvre diversifi\u00e9e, qui comprend des individus de races, de sexes, d\u2019ethnies, d\u2019aptitudes intellectuelles et physiques, d\u2019\u00e2ges, d\u2019orientations sexuelles, d\u2019identit\u00e9s de genre, d\u2019expressions de genre, de religions et de statut socio\u00e9conomique diff\u00e9rents.<\/p>\n\n\n\n<h3 class=\"wp-block-heading\">Groupes-ressources des employ\u00e9s<\/h3>\n\n\n\n<p>Nos groupes-ressources des employ\u00e9s favorisent la mobilisation des employ\u00e9s et appuient davantage notre vision et nos valeurs organisationnelles. Nous offrons des groupes-ressources des employ\u00e9s actifs avec la pleine participation de la haute direction, notamment :<\/p>\n\n\n\n<ul class=\"wp-block-list\">\n<li><strong>Mosa\u00efque RBC<\/strong>&nbsp;\u2013 Cherche \u00e0 soutenir une culture d\u2019inclusion en contribuant \u00e0 la r\u00e9ussite des membres des minorit\u00e9s visibles, des minorit\u00e9s non visibles et des nouveaux arrivants au Canada au sein de RBC.<strong><\/strong><\/li>\n\n\n\n<li><strong>Alliance multiculturelle des employ\u00e9s de RBC<\/strong>&nbsp;\u2013 Fait la promotion d\u2019un milieu de travail qui reconna\u00eet les int\u00e9r\u00eats multiculturels des employ\u00e9s et des clients, qui valorise l\u2019inclusion des employ\u00e9s de tous les milieux sociaux et qui incite RBC \u00e0 \u00e9tablir des relations avec diverses collectivit\u00e9s.<\/li>\n\n\n\n<li><strong>Fiert\u00e9 RBC<\/strong>&nbsp;\u2013 Contribue \u00e0 la cr\u00e9ation d\u2019un milieu de travail positif, inclusif et durable pour les employ\u00e9s LGBTQ+.<\/li>\n\n\n\n<li><strong>RBC Reach<\/strong>&nbsp;\u2013 Vise \u00e0 \u00e9liminer les st\u00e9r\u00e9otypes et les pr\u00e9jug\u00e9s associ\u00e9s aux personnes en situation de handicap et \u00e0 accro\u00eetre la mobilisation et le rendement des employ\u00e9s par la sensibilisation, l\u2019\u00e9ducation, l\u2019accompagnement et l\u2019adaptation.<\/li>\n\n\n\n<li><strong>RBC Royal Eagles<\/strong>&nbsp;\u2013 Regroupement d\u2019employ\u00e9s autochtones et non autochtones qui travaillent de concert pour faire rayonner la culture autochtone et appuyer celle-ci au sein de RBC.<\/li>\n\n\n\n<li><strong>Comit\u00e9 consultatif des femmes<\/strong>&nbsp;\u2013 Recruter et fid\u00e9liser des femmes \u00e0 des postes de conseill\u00e8re en contact avec la client\u00e8le, de directrice de succursale et de professionnelle travaillant au si\u00e8ge social, en plus d\u2019am\u00e9liorer la productivit\u00e9 et la r\u00e9ussite professionnelle de ces derni\u00e8res dans l\u2019ensemble de Gestion de patrimoine \u2013 Canada.<\/li>\n<\/ul>\n\n\n\n<h2 class=\"wp-block-heading\">Vision strat\u00e9gique : cr\u00e9er des r\u00e9sultats tangibles<\/h2>\n\n\n\n<p>Notre vision de la diversit\u00e9 et de l\u2019inclusion est celle-ci : Compter parmi les entreprises les plus accueillantes et les plus prosp\u00e8res, et mettre nos valeurs en \u0153uvre pour favoriser la r\u00e9ussite des employ\u00e9s, des clients et des collectivit\u00e9s. Les trois piliers de la\u00a0<a href=\"https:\/\/www.rbc.com\/investor-relations\/_assets-custom\/pdf\/rapport-sur-la-durabilite-2024.pdf\" target=\"_blank\" rel=\"noreferrer noopener\">Strat\u00e9gie RBC de diversit\u00e9 et d\u2019inclusion <\/a> sont les suivants :<\/p>\n\n\n\n<ul class=\"wp-block-list\">\n<li><strong>Talent<\/strong>&nbsp;: acc\u00e9l\u00e9rer la pleine inclusion pour attirer, retenir et responsabiliser les meilleurs talents, et accro\u00eetre la diversit\u00e9 de la direction<\/li>\n\n\n\n<li><strong>Client\u00e8le<\/strong>&nbsp;: \u00eatre un chef de file en prestation de solutions et de conseils personnalis\u00e9s \u00e0 l\u2019image de la diversit\u00e9 des clients<\/li>\n\n\n\n<li><strong>Collectivit\u00e9<\/strong>&nbsp;: renforcer le d\u00e9veloppement social et \u00e9conomique par des partenariats et la citoyennet\u00e9 d\u2019entreprise<\/li>\n<\/ul>\n\n\n\n<p>Nous croyons qu\u2019il est important d\u2019en faire plus pour saisir les occasions, relever les d\u00e9fis, aider les gens \u00e0 r\u00e9ussir et, ainsi, avoir une incidence positive sur nos clients et nos collectivit\u00e9s.<\/p>\n<\/div>\n<\/div>\n<\/div><\/div><\/div><\/section>\n\n\n\n<section class=\"wp-block-rbcwm-image-block rbc-block rbc-block-image rbc-block-flush-top rbc-block-image-bleed rbc-block-image-mobile-top\"><div class=\"container rbc-block-image-container\"><div class=\"row justify-content-between h-100 no-gutters\">\n<div class=\"wp-block-rbcwm-block-image-content rbc-block-image-content rbc-block-image-content-center col-lg-6 order-2 order-lg-1\"><div class=\"rbc-block-image-bleed-body wrap\">\n<h2 class=\"wp-block-heading\" id=\"h-equite-en-matiere-d-emploi\">\u00c9quit\u00e9 en mati\u00e8re d&#8217;emploi<\/h2>\n\n\n\n<p>L\u2019inclusion et la diversit\u00e9 font partie int\u00e9grante de notre culture. Nous \u00e9valuons les demandes d\u2019emploi de tous les candidats qualifi\u00e9s, sans \u00e9gard \u00e0 leur race, couleur, religion, sexe, orientation sexuelle, identit\u00e9 sexuelle, nationalit\u00e9 d\u2019origine, \u00e2ge, handicap, statut d\u2019ancien combattant prot\u00e9g\u00e9, statut d\u2019autochtone ou d\u2019indien ou tout autre statut prot\u00e9g\u00e9 par la loi. L\u2019adaptation du processus de demande d\u2019emploi en raison d\u2019un handicap est offerte sur demande.<\/p>\n\n\n\n<p><a href=\"https:\/\/www.rbcwealthmanagement.com\/fr-ca\/careers\/\" data-type=\"page\" data-id=\"62\" class=\"link-cta link-chev\">Travailler avec nous<\/a><\/p>\n<\/div><\/div>\n\n\n\n<div class=\"wp-block-rbcwm-blockimage-image col-lg-5 order-0 rbc-block-image-bleed-col order-lg-0 flex-lg-row-reverse\"><div class=\"rbc-block-image-bleed-img-wrap  d-flex flex-lg-row-reverse\"><div class=\"rbc-block-image-img rbc-block-image-bleed-img bleed-img-left\" data-src=\"https:\/\/www.rbcwealthmanagement.com\/en-ca\/wp-content\/uploads\/sites\/5\/2023\/05\/business-women-talking-in-office.webp\" data-lazy=\"true\" data-observe=\"{&quot;add&quot;:&quot;ani-opacity&quot;,&quot;remove&quot;:&quot;ani-opacity-from&quot;}\"><\/div><\/div><\/div>\n<\/div><\/div><\/section>\n\n\n\n<section class=\"wp-block-rbcwm-rbc-block rbc-block rbc-block-flush rbc-block-has-overlap\"><div class=\"container\"><div class=\"row \"><div class=\"col-lg-12\">\n<div class=\"wp-block-rbcwm-card rbc-card overlap-bottom rbc-card-flush-top rbc-card-flush-x-mobile b-white\"><div class=\"rbc-card-wrap\"><div class=\"rbc-card-body\"><div>\n<div class=\"wp-block-rbcwm-columns container\"><div class=\"row blockId-e3786bd4-8079-4859-b424-d0730ca0ed3c\">\n<div class=\"wp-block-rbcwm-column col-lg-6 mb-3 mb-lg-0\">\n<h2 class=\"wp-block-heading h2 mb-0\" id=\"h-contribuer-a-la-prosperite-des-collectivites\">Contribuer \u00e0 la prosp\u00e9rit\u00e9 des collectivit\u00e9s<\/h2>\n<\/div>\n\n\n\n<div class=\"wp-block-rbcwm-column col-lg-6\">\n<p>Nous cherchons \u00e0 appuyer, \u00e0 encadrer et \u00e0 orienter les gens dans les collectivit\u00e9s o\u00f9 nous vivons et travaillons. Le b\u00e9n\u00e9volat, les commandites et les subventions de la Fondation RBC sont autant de moyens que nous d\u00e9ployons pour ouvrir la voie vers le succ\u00e8s.<\/p>\n<\/div>\n<\/div><\/div>\n<\/div><\/div><\/div><\/div>\n\n\n\n<div class=\"wp-block-rbcwm-rbc-button alignfull rbc-button-block row no-gutters align-items-end justify-content-end blockId-08b0b012-dcc4-4196-9912-bb64b219c76a blockId-f4fdb0e8-2554-465c-b152-8210f3f80540 blockId-fe2e3845-8447-4f86-805d-ec0e58e9ad81 b-white overlap-bottom\"><div class=\"col-lg-6 order-1\"><a href=\"https:\/\/www.rbcwealthmanagement.com\/fr-ca\/about\/community\/\" class=\"rbc-button rbc-button-block-cta rbc-button-large rbc-button-secondary rbc-button-block\" rel=\"noopener\"><div class=\"rbc-icon rbc-button-icon-right\"><i aria-hidden=\"true\" role=\"img\" class=\"rbc-icon-img fal fa-fal fa-angle-right\"><\/i><\/div><span>Soutien \u00e0 nos collectivit\u00e9s<\/span><\/a><\/div><\/div>\n<\/div><\/div><\/div><\/section>\n","protected":false},"excerpt":{"rendered":"","protected":false},"author":1,"featured_media":0,"parent":62,"menu_order":0,"comment_status":"closed","ping_status":"closed","template":"","meta":{"_acf_changed":false,"editor_notices":[],"rbc_url_alias":"","footnotes":""},"rbcwm_content_owner":[],"class_list":["post-66","page","type-page","status-publish","hentry"],"acf":[],"yoast_head":"<!-- This site is optimized with the Yoast SEO Premium plugin v24.8 (Yoast SEO v26.8) - https:\/\/yoast.com\/product\/yoast-seo-premium-wordpress\/ -->\n<title>Diversit\u00e9 et inclusion au travail - RBC Gestion de patrimoine<\/title>\n<meta name=\"robots\" content=\"index, follow, max-snippet:-1, max-image-preview:large, max-video-preview:-1\" \/>\n<link rel=\"canonical\" href=\"https:\/\/www.rbcwealthmanagement.com\/fr-ca\/careers\/diversity-and-inclusion\" \/>\n<meta property=\"og:locale\" content=\"fr_CA\" \/>\n<meta property=\"og:type\" content=\"article\" \/>\n<meta property=\"og:title\" content=\"Diversit\u00e9 et inclusion au travail\" \/>\n<meta property=\"og:url\" content=\"https:\/\/www.rbcwealthmanagement.com\/fr-ca\/careers\/diversity-and-inclusion\" \/>\n<meta property=\"og:site_name\" content=\"RBC Gestion de patrimoine\" \/>\n<meta property=\"article:modified_time\" content=\"2025-11-26T19:35:12+00:00\" \/>\n<meta property=\"og:image\" content=\"https:\/\/www.rbcwealthmanagement.com\/fr-ca\/wp-content\/uploads\/sites\/6\/2023\/02\/share-logo-1200x630-1.png\" \/>\n\t<meta property=\"og:image:width\" content=\"1200\" \/>\n\t<meta property=\"og:image:height\" content=\"630\" \/>\n\t<meta property=\"og:image:type\" content=\"image\/png\" \/>\n<meta name=\"twitter:card\" content=\"summary_large_image\" \/>\n<meta name=\"twitter:label1\" content=\"Est. reading time\" \/>\n\t<meta name=\"twitter:data1\" content=\"4 minutes\" \/>\n<script type=\"application\/ld+json\" class=\"yoast-schema-graph\">{\"@context\":\"https:\/\/schema.org\",\"@graph\":[{\"@type\":\"WebPage\",\"@id\":\"https:\/\/www.rbcwealthmanagement.com\/fr-ca\/careers\/diversity-and-inclusion\",\"url\":\"https:\/\/www.rbcwealthmanagement.com\/fr-ca\/careers\/diversity-and-inclusion\",\"name\":\"Diversit\u00e9 et inclusion au travail - RBC Gestion de patrimoine\",\"isPartOf\":{\"@id\":\"https:\/\/www.rbcwealthmanagement.com\/fr-ca\/#website\"},\"datePublished\":\"2023-02-13T16:20:18+00:00\",\"dateModified\":\"2025-11-26T19:35:12+00:00\",\"breadcrumb\":{\"@id\":\"https:\/\/www.rbcwealthmanagement.com\/fr-ca\/careers\/diversity-and-inclusion#breadcrumb\"},\"inLanguage\":\"fr-CA\",\"potentialAction\":[{\"@type\":\"ReadAction\",\"target\":[\"https:\/\/www.rbcwealthmanagement.com\/fr-ca\/careers\/diversity-and-inclusion\"]}]},{\"@type\":\"BreadcrumbList\",\"@id\":\"https:\/\/www.rbcwealthmanagement.com\/fr-ca\/careers\/diversity-and-inclusion#breadcrumb\",\"itemListElement\":[{\"@type\":\"ListItem\",\"position\":1,\"name\":\"Home\",\"item\":\"https:\/\/www.rbcwealthmanagement.com\/fr-ca\/\"},{\"@type\":\"ListItem\",\"position\":2,\"name\":\"Carri\u00e8res\",\"item\":\"https:\/\/www.rbcwealthmanagement.com\/fr-ca\/careers\"},{\"@type\":\"ListItem\",\"position\":3,\"name\":\"Diversit\u00e9 et inclusion au travail\"}]},{\"@type\":\"WebSite\",\"@id\":\"https:\/\/www.rbcwealthmanagement.com\/fr-ca\/#website\",\"url\":\"https:\/\/www.rbcwealthmanagement.com\/fr-ca\/\",\"name\":\"RBC Gestion de patrimoine\",\"description\":\"\",\"publisher\":{\"@id\":\"https:\/\/www.rbcwealthmanagement.com\/fr-ca\/#organization\"},\"potentialAction\":[{\"@type\":\"SearchAction\",\"target\":{\"@type\":\"EntryPoint\",\"urlTemplate\":\"https:\/\/www.rbcwealthmanagement.com\/fr-ca\/?s={search_term_string}\"},\"query-input\":{\"@type\":\"PropertyValueSpecification\",\"valueRequired\":true,\"valueName\":\"search_term_string\"}}],\"inLanguage\":\"fr-CA\"},{\"@type\":\"Organization\",\"@id\":\"https:\/\/www.rbcwealthmanagement.com\/fr-ca\/#organization\",\"name\":\"RBC Gestion de Patrimoine\",\"alternateName\":\"RBC Gestion de Patrimoine\",\"url\":\"https:\/\/www.rbcwealthmanagement.com\/fr-ca\/\",\"logo\":{\"@type\":\"ImageObject\",\"inLanguage\":\"fr-CA\",\"@id\":\"https:\/\/www.rbcwealthmanagement.com\/fr-ca\/#\/schema\/logo\/image\/\",\"url\":\"https:\/\/www.rbcwealthmanagement.com\/fr-ca\/wp-content\/uploads\/sites\/6\/2023\/02\/rbc.png\",\"contentUrl\":\"https:\/\/www.rbcwealthmanagement.com\/fr-ca\/wp-content\/uploads\/sites\/6\/2023\/02\/rbc.png\",\"width\":3000,\"height\":2000,\"caption\":\"RBC Gestion de Patrimoine\"},\"image\":{\"@id\":\"https:\/\/www.rbcwealthmanagement.com\/fr-ca\/#\/schema\/logo\/image\/\"}}]}<\/script>\n<!-- \/ Yoast SEO Premium plugin. -->","yoast_head_json":{"title":"Diversit\u00e9 et inclusion au travail - RBC Gestion de patrimoine","robots":{"index":"index","follow":"follow","max-snippet":"max-snippet:-1","max-image-preview":"max-image-preview:large","max-video-preview":"max-video-preview:-1"},"canonical":"https:\/\/www.rbcwealthmanagement.com\/fr-ca\/careers\/diversity-and-inclusion","og_locale":"fr_CA","og_type":"article","og_title":"Diversit\u00e9 et inclusion au travail","og_url":"https:\/\/www.rbcwealthmanagement.com\/fr-ca\/careers\/diversity-and-inclusion","og_site_name":"RBC Gestion de patrimoine","article_modified_time":"2025-11-26T19:35:12+00:00","og_image":[{"width":1200,"height":630,"url":"https:\/\/www.rbcwealthmanagement.com\/fr-ca\/wp-content\/uploads\/sites\/6\/2023\/02\/share-logo-1200x630-1.png","type":"image\/png"}],"twitter_card":"summary_large_image","twitter_misc":{"Est. reading time":"4 minutes"},"schema":{"@context":"https:\/\/schema.org","@graph":[{"@type":"WebPage","@id":"https:\/\/www.rbcwealthmanagement.com\/fr-ca\/careers\/diversity-and-inclusion","url":"https:\/\/www.rbcwealthmanagement.com\/fr-ca\/careers\/diversity-and-inclusion","name":"Diversit\u00e9 et inclusion au travail - RBC Gestion de patrimoine","isPartOf":{"@id":"https:\/\/www.rbcwealthmanagement.com\/fr-ca\/#website"},"datePublished":"2023-02-13T16:20:18+00:00","dateModified":"2025-11-26T19:35:12+00:00","breadcrumb":{"@id":"https:\/\/www.rbcwealthmanagement.com\/fr-ca\/careers\/diversity-and-inclusion#breadcrumb"},"inLanguage":"fr-CA","potentialAction":[{"@type":"ReadAction","target":["https:\/\/www.rbcwealthmanagement.com\/fr-ca\/careers\/diversity-and-inclusion"]}]},{"@type":"BreadcrumbList","@id":"https:\/\/www.rbcwealthmanagement.com\/fr-ca\/careers\/diversity-and-inclusion#breadcrumb","itemListElement":[{"@type":"ListItem","position":1,"name":"Home","item":"https:\/\/www.rbcwealthmanagement.com\/fr-ca\/"},{"@type":"ListItem","position":2,"name":"Carri\u00e8res","item":"https:\/\/www.rbcwealthmanagement.com\/fr-ca\/careers"},{"@type":"ListItem","position":3,"name":"Diversit\u00e9 et inclusion au travail"}]},{"@type":"WebSite","@id":"https:\/\/www.rbcwealthmanagement.com\/fr-ca\/#website","url":"https:\/\/www.rbcwealthmanagement.com\/fr-ca\/","name":"RBC Gestion de patrimoine","description":"","publisher":{"@id":"https:\/\/www.rbcwealthmanagement.com\/fr-ca\/#organization"},"potentialAction":[{"@type":"SearchAction","target":{"@type":"EntryPoint","urlTemplate":"https:\/\/www.rbcwealthmanagement.com\/fr-ca\/?s={search_term_string}"},"query-input":{"@type":"PropertyValueSpecification","valueRequired":true,"valueName":"search_term_string"}}],"inLanguage":"fr-CA"},{"@type":"Organization","@id":"https:\/\/www.rbcwealthmanagement.com\/fr-ca\/#organization","name":"RBC Gestion de Patrimoine","alternateName":"RBC Gestion de Patrimoine","url":"https:\/\/www.rbcwealthmanagement.com\/fr-ca\/","logo":{"@type":"ImageObject","inLanguage":"fr-CA","@id":"https:\/\/www.rbcwealthmanagement.com\/fr-ca\/#\/schema\/logo\/image\/","url":"https:\/\/www.rbcwealthmanagement.com\/fr-ca\/wp-content\/uploads\/sites\/6\/2023\/02\/rbc.png","contentUrl":"https:\/\/www.rbcwealthmanagement.com\/fr-ca\/wp-content\/uploads\/sites\/6\/2023\/02\/rbc.png","width":3000,"height":2000,"caption":"RBC Gestion de Patrimoine"},"image":{"@id":"https:\/\/www.rbcwealthmanagement.com\/fr-ca\/#\/schema\/logo\/image\/"}}]}},"jetpack_sharing_enabled":true,"publishpress_future_action":{"enabled":false,"date":"2026-04-15 01:40:06","action":"change-status","newStatus":"draft","terms":[],"taxonomy":"rbcwm_content_owner","extraData":[]},"publishpress_future_workflow_manual_trigger":{"enabledWorkflows":[]},"distributor_meta":false,"distributor_terms":false,"distributor_media":false,"distributor_original_site_name":"RBC Gestion de patrimoine","distributor_original_site_url":"https:\/\/www.rbcwealthmanagement.com\/fr-ca","push-errors":false,"last_revision_date":"2026-03-03 09:43:52","_links":{"self":[{"href":"https:\/\/www.rbcwealthmanagement.com\/fr-ca\/wp-json\/wp\/v2\/pages\/66","targetHints":{"allow":["GET"]}}],"collection":[{"href":"https:\/\/www.rbcwealthmanagement.com\/fr-ca\/wp-json\/wp\/v2\/pages"}],"about":[{"href":"https:\/\/www.rbcwealthmanagement.com\/fr-ca\/wp-json\/wp\/v2\/types\/page"}],"author":[{"embeddable":true,"href":"https:\/\/www.rbcwealthmanagement.com\/fr-ca\/wp-json\/wp\/v2\/users\/1"}],"replies":[{"embeddable":true,"href":"https:\/\/www.rbcwealthmanagement.com\/fr-ca\/wp-json\/wp\/v2\/comments?post=66"}],"version-history":[{"count":10,"href":"https:\/\/www.rbcwealthmanagement.com\/fr-ca\/wp-json\/wp\/v2\/pages\/66\/revisions"}],"predecessor-version":[{"id":28527,"href":"https:\/\/www.rbcwealthmanagement.com\/fr-ca\/wp-json\/wp\/v2\/pages\/66\/revisions\/28527"}],"up":[{"embeddable":true,"href":"https:\/\/www.rbcwealthmanagement.com\/fr-ca\/wp-json\/wp\/v2\/pages\/62"}],"wp:attachment":[{"href":"https:\/\/www.rbcwealthmanagement.com\/fr-ca\/wp-json\/wp\/v2\/media?parent=66"}],"wp:term":[{"taxonomy":"rbcwm_content_owner","embeddable":true,"href":"https:\/\/www.rbcwealthmanagement.com\/fr-ca\/wp-json\/wp\/v2\/rbcwm_content_owner?post=66"}],"curies":[{"name":"wp","href":"https:\/\/api.w.org\/{rel}","templated":true}]}}